{"id":8253,"date":"2023-05-21T14:05:53","date_gmt":"2023-05-21T07:05:53","guid":{"rendered":"https:\/\/congtybinhminh.com\/?post_type=product&#038;p=8253"},"modified":"2026-01-12T07:21:30","modified_gmt":"2026-01-12T00:21:30","slug":"may-ep-nuoc-cot-inox-cong-nghiep","status":"publish","type":"product","link":"https:\/\/congtybinhminh.com\/?product=may-ep-nuoc-cot-inox-cong-nghiep","title":{"rendered":"M\u00e1y \u00e9p n\u01b0\u1edbc c\u1ed1t inox c\u00f4ng nghi\u1ec7p"},"content":{"rendered":"<h2>Video ho\u1ea1t \u0111\u1ed9ng m\u00e1y \u00e9p n\u01b0\u1edbc c\u1ed1t inox c\u00f4ng nghi\u1ec7p<\/h2>\n<p><iframe loading=\"lazy\" title=\"M\u00e1y \u00c9p C\u1ed1t D\u1eeba \u0110a N\u0103ng T\u00e1ch N\u01b0\u1edbc Kh\u1ecfi H\u1ed7n H\u1ee3p Hi\u1ec7u Qu\u1ea3 90%\" width=\"1020\" height=\"574\" src=\"https:\/\/www.youtube.com\/embed\/ouTj-av-a-A?feature=oembed\" frameborder=\"0\" allow=\"accelerometer; autoplay; clipboard-write; encrypted-media; gyroscope; picture-in-picture; web-share\" referrerpolicy=\"strict-origin-when-cross-origin\" allowfullscreen><\/iframe><\/p>\n<h2><span id=\"Gioi_thieu_may_ep_nuoc_cot_inox_cong_nghiep\" class=\"ez-toc-section\"><\/span>Gi\u1edbi thi\u1ec7u m\u00e1y \u00e9p n\u01b0\u1edbc c\u1ed1t inox c\u00f4ng nghi\u1ec7p<\/h2>\n<p>M\u00e1y \u00e9p n\u01b0\u1edbc c\u1ed1t inox c\u00f4ng nghi\u1ec7p do B\u00ecnh Minh tr\u1ef1c ti\u1ebfp s\u1ea3n xu\u1ea5t chuy\u00ean d\u00f9ng \u00e9p c\u00e1c lo\u1ea1i rau c\u1ee7 qu\u1ea3.. l\u1ea5y n\u01b0\u1edbc c\u1ed1t nguy\u00ean ch\u1ea5t s\u1ed1 l\u01b0\u1ee3ng l\u1edbn<\/p>\n<p><img loading=\"lazy\" decoding=\"async\" class=\"aligncenter wp-image-11144 size-full\" src=\"https:\/\/congtybinhminh.com\/wp-content\/uploads\/2023\/05\/may-ep-nuoc-cot-inox-cong-nghiep_result.webp\" alt=\"may-ep-nuoc-cot-inox-cong-nghiep_result\" width=\"800\" height=\"1061\" srcset=\"https:\/\/congtybinhminh.com\/wp-content\/uploads\/2023\/05\/may-ep-nuoc-cot-inox-cong-nghiep_result.webp 800w, https:\/\/congtybinhminh.com\/wp-content\/uploads\/2023\/05\/may-ep-nuoc-cot-inox-cong-nghiep_result-302x400.webp 302w, https:\/\/congtybinhminh.com\/wp-content\/uploads\/2023\/05\/may-ep-nuoc-cot-inox-cong-nghiep_result-603x800.webp 603w, https:\/\/congtybinhminh.com\/wp-content\/uploads\/2023\/05\/may-ep-nuoc-cot-inox-cong-nghiep_result-768x1019.webp 768w, https:\/\/congtybinhminh.com\/wp-content\/uploads\/2023\/05\/may-ep-nuoc-cot-inox-cong-nghiep_result-510x676.webp 510w\" sizes=\"auto, (max-width: 800px) 100vw, 800px\" \/><\/p>\n<p>Th\u00edch h\u1ee3p s\u1eed d\u1ee5ng t\u1ea1i c\u00e1c h\u1ed9 gia \u0111\u00ecnh, c\u00e1c c\u01a1 s\u1edf ch\u1ebf bi\u1ebfn th\u1ef1c ph\u1ea9m quy m\u00f4 v\u1eeba v\u00e0 l\u1edbn<\/p>\n<h2><span id=\"May_ep_nuoc_cot_inox_cong_nghiep_mang_lai_nhung_loi_ich_gi\" class=\"ez-toc-section\"><\/span>M\u00e1y \u00e9p n\u01b0\u1edbc c\u1ed1t inox c\u00f4ng nghi\u1ec7p mang l\u1ea1i nh\u1eefng l\u1ee3i \u00edch g\u00ec ?<\/h2>\n<p>Qu\u00e1 tr\u00ecnh \u00e9p di\u1ec5n ra t\u1ef1 \u0111\u1ed9ng v\u00e0 ho\u00e0n to\u00e0n kh\u00e9p k\u00edn \u0111\u1ea3m b\u1ea3o v\u1ec7 sinh an to\u00e0n th\u1ef1c ph\u1ea9m, m\u00e1y c\u00f3 th\u1ec3 \u00e9p \u0111a d\u1ea1ng nguy\u00ean li\u1ec7u nh\u01b0:<\/p>\n<p>\u00c9p c\u00f9i d\u1eeba xay l\u1ea5y n\u01b0\u1edbc c\u1ed1t l\u00e0m d\u1ea7u d\u1eeba<\/p>\n<p><img loading=\"lazy\" decoding=\"async\" class=\"aligncenter wp-image-8262 size-full\" src=\"https:\/\/congtybinhminh.com\/wp-content\/uploads\/2023\/05\/Nguyen-lieu-ep-da-dang-2.webp\" alt=\"\" width=\"800\" height=\"800\" srcset=\"https:\/\/congtybinhminh.com\/wp-content\/uploads\/2023\/05\/Nguyen-lieu-ep-da-dang-2.webp 800w, https:\/\/congtybinhminh.com\/wp-content\/uploads\/2023\/05\/Nguyen-lieu-ep-da-dang-2-247x247.webp 247w, https:\/\/congtybinhminh.com\/wp-content\/uploads\/2023\/05\/Nguyen-lieu-ep-da-dang-2-100x100.webp 100w, https:\/\/congtybinhminh.com\/wp-content\/uploads\/2023\/05\/Nguyen-lieu-ep-da-dang-2-510x510.webp 510w, https:\/\/congtybinhminh.com\/wp-content\/uploads\/2023\/05\/Nguyen-lieu-ep-da-dang-2-400x400.webp 400w, https:\/\/congtybinhminh.com\/wp-content\/uploads\/2023\/05\/Nguyen-lieu-ep-da-dang-2-280x280.webp 280w, https:\/\/congtybinhminh.com\/wp-content\/uploads\/2023\/05\/Nguyen-lieu-ep-da-dang-2-768x768.webp 768w\" sizes=\"auto, (max-width: 800px) 100vw, 800px\" \/><\/p>\n<p>\u00c9p c\u1ee7 ngh\u1ec7, c\u1ee7 g\u1eebng\u2026 l\u00e0m tinh b\u1ed9t ngh\u1ec7, l\u00e0m b\u1ed9t gia v\u1ecb<\/p>\n<p>\u00c9p c\u00e1c lo\u1ea1i c\u1ee7 qu\u1ea3 nh\u01b0: c\u00e0 r\u1ed1t; c\u00e0 chua; d\u01b0a h\u1ea5u\u2026 \u0111\u1ec3 ch\u1ebf bi\u1ebfn th\u1ef1c ph\u1ea9m, l\u00e0m d\u01b0\u1ee3c li\u1ec7u\u2026<\/p>\n<h2><span id=\"Cau_tao_may_ep_nuoc_cot_inox_cong_nghiep\" class=\"ez-toc-section\"><\/span>C\u1ea5u t\u1ea1o m\u00e1y \u00e9p n\u01b0\u1edbc c\u1ed1t inox c\u00f4ng nghi\u1ec7p<\/h2>\n<h3><span id=\"Khung_may_chac_chan\" class=\"ez-toc-section\"><\/span>Khung m\u00e1y ch\u1eafc ch\u1eafn<\/h3>\n<p>Thi\u1ebft k\u1ebf hi\u1ec7n \u0111\u1ea1i, m\u00e1y \u0111\u01b0\u1ee3c l\u00e0m b\u1eb1ng inox cao c\u1ea5p kh\u00f4ng ch\u1ec9 g\u00f3p ph\u1ea7n \u0111\u1ea3m b\u1ea3o v\u1ec7 sinh an to\u00e0n th\u1ef1c ph\u1ea9m m\u00e0 c\u00f2n g\u00f3p ph\u1ea7n t\u0103ng tu\u1ed5i th\u1ecd c\u1ee7a m\u00e1y<\/p>\n<p><img loading=\"lazy\" decoding=\"async\" class=\"aligncenter wp-image-11148 size-full\" src=\"https:\/\/congtybinhminh.com\/wp-content\/uploads\/2023\/05\/cau-tao-may-ep-nuoc-cot-inox-cong-nghiep_result.webp\" alt=\"cau-tao-may-ep-nuoc-cot-inox-cong-nghiep_result\" width=\"800\" height=\"600\" srcset=\"https:\/\/congtybinhminh.com\/wp-content\/uploads\/2023\/05\/cau-tao-may-ep-nuoc-cot-inox-cong-nghiep_result.webp 800w, https:\/\/congtybinhminh.com\/wp-content\/uploads\/2023\/05\/cau-tao-may-ep-nuoc-cot-inox-cong-nghiep_result-533x400.webp 533w, https:\/\/congtybinhminh.com\/wp-content\/uploads\/2023\/05\/cau-tao-may-ep-nuoc-cot-inox-cong-nghiep_result-768x576.webp 768w, https:\/\/congtybinhminh.com\/wp-content\/uploads\/2023\/05\/cau-tao-may-ep-nuoc-cot-inox-cong-nghiep_result-510x383.webp 510w\" sizes=\"auto, (max-width: 800px) 100vw, 800px\" \/><\/p>\n<p>Bao b\u1ecdc ph\u1ea7n khung m\u00e1y \u0111\u01b0\u1ee3c h\u00e0n g\u1eafn ch\u1eafc ch\u1eafn kh\u00f4ng g\u00e2y rung l\u1eafc, ph\u00eda d\u01b0\u1edbi ch\u00e2n m\u00e1y l\u1eafp \u0111\u1eb7t 4 b\u00e1nh xe thu\u1eadn ti\u1ec7n di chuy\u1ec3n v\u1ecb tr\u00ed \u0111\u1eb7t m\u00e1y<\/p>\n<p><img loading=\"lazy\" decoding=\"async\" class=\"aligncenter wp-image-11150 size-full\" src=\"https:\/\/congtybinhminh.com\/wp-content\/uploads\/2023\/05\/may-ep-nuoc-cot-cong-nghiep_result.webp\" alt=\"may-ep-nuoc-cot-cong-nghiep_result\" width=\"800\" height=\"457\" srcset=\"https:\/\/congtybinhminh.com\/wp-content\/uploads\/2023\/05\/may-ep-nuoc-cot-cong-nghiep_result.webp 800w, https:\/\/congtybinhminh.com\/wp-content\/uploads\/2023\/05\/may-ep-nuoc-cot-cong-nghiep_result-700x400.webp 700w, https:\/\/congtybinhminh.com\/wp-content\/uploads\/2023\/05\/may-ep-nuoc-cot-cong-nghiep_result-768x439.webp 768w, https:\/\/congtybinhminh.com\/wp-content\/uploads\/2023\/05\/may-ep-nuoc-cot-cong-nghiep_result-510x291.webp 510w\" sizes=\"auto, (max-width: 800px) 100vw, 800px\" \/><\/p>\n<h3><span id=\"Toa_nap_va_cua_xa\" class=\"ez-toc-section\"><\/span>Toa n\u1ea1p v\u00e0 c\u1eeda x\u1ea3<\/h3>\n<p>Ph\u1ea7n toa n\u1ea1p d\u1ea1ng ph\u1ec5u ngang c\u00f3 th\u1ec3 ch\u1ee9a \u0111\u01b0\u1ee3c nhi\u1ec1u nguy\u00ean li\u1ec7u h\u01a1n. Thu\u1eadn ti\u1ec7n cho ng\u01b0\u1eddi d\u00f9ng t\u1ef1 \u0111i\u1ec1u ch\u1ec9nh l\u01b0\u1ee3ng nguy\u00ean li\u1ec7u v\u00e0o tr\u1ee5c \u00e9p<\/p>\n<p><img loading=\"lazy\" decoding=\"async\" class=\"aligncenter wp-image-8259 size-full\" src=\"https:\/\/congtybinhminh.com\/wp-content\/uploads\/2023\/05\/Toa-nap-va-cua-xa-1.webp\" alt=\"\" width=\"800\" height=\"600\" srcset=\"https:\/\/congtybinhminh.com\/wp-content\/uploads\/2023\/05\/Toa-nap-va-cua-xa-1.webp 800w, https:\/\/congtybinhminh.com\/wp-content\/uploads\/2023\/05\/Toa-nap-va-cua-xa-1-510x383.webp 510w, https:\/\/congtybinhminh.com\/wp-content\/uploads\/2023\/05\/Toa-nap-va-cua-xa-1-533x400.webp 533w, https:\/\/congtybinhminh.com\/wp-content\/uploads\/2023\/05\/Toa-nap-va-cua-xa-1-768x576.webp 768w\" sizes=\"auto, (max-width: 800px) 100vw, 800px\" \/><\/p>\n<p>Th\u00e0nh ph\u1ea9m sau khi \u00e9p s\u1ebd \u0111\u01b0\u1ee3c \u0111\u01b0a tr\u1ef1c ti\u1ebfp ra ngo\u00e0i c\u1eeda x\u1ea3. Ph\u1ea7n b\u00e3 v\u00e0 ph\u1ea7n n\u01b0\u1edbc s\u1ebd t\u00e1ch bi\u1ec7t 2 c\u1eeda ri\u00eang<\/p>\n<h3><span id=\"Bo_phan_truc_ep\" class=\"ez-toc-section\"><\/span>B\u1ed9 ph\u1ea7n tr\u1ee5c \u00e9p<\/h3>\n<p>Nguy\u00ean li\u1ec7u khi \u0111\u01b0\u1ee3c \u0111\u01b0a xu\u1ed1ng tr\u1ee5c \u00e9p k\u1ebft h\u1ee3p v\u1edbi ray kh\u00f3a tr\u1ee5c c\u00f3 ch\u1ee9c n\u0103ng t\u1ea1o l\u1ef1c si\u1ebft ch\u1eaft gi\u00fap \u00e9p ki\u1ec7t nguy\u00ean li\u1ec7u trong kho\u1ea3ng th\u1eddi gian ng\u1eafn<\/p>\n<p><img loading=\"lazy\" decoding=\"async\" class=\"aligncenter wp-image-11145 size-full\" src=\"https:\/\/congtybinhminh.com\/wp-content\/uploads\/2023\/05\/truc-xoan-ep-nuoc-cot_result.webp\" alt=\"truc-xoan-ep-nuoc-cot_result\" width=\"800\" height=\"817\" srcset=\"https:\/\/congtybinhminh.com\/wp-content\/uploads\/2023\/05\/truc-xoan-ep-nuoc-cot_result.webp 800w, https:\/\/congtybinhminh.com\/wp-content\/uploads\/2023\/05\/truc-xoan-ep-nuoc-cot_result-392x400.webp 392w, https:\/\/congtybinhminh.com\/wp-content\/uploads\/2023\/05\/truc-xoan-ep-nuoc-cot_result-783x800.webp 783w, https:\/\/congtybinhminh.com\/wp-content\/uploads\/2023\/05\/truc-xoan-ep-nuoc-cot_result-768x784.webp 768w, https:\/\/congtybinhminh.com\/wp-content\/uploads\/2023\/05\/truc-xoan-ep-nuoc-cot_result-510x521.webp 510w\" sizes=\"auto, (max-width: 800px) 100vw, 800px\" \/><\/p>\n<p>S\u00e0ng l\u01b0\u1edbi l\u1ecdc si\u00eau nh\u1ecf s\u1ebd lo\u1ea1i b\u1ecf c\u00e1c t\u1ea1p ch\u1ea5t v\u00e0 b\u1ee5i b\u1ea9n \u0111\u1ec3 cho ra th\u00e0nh ph\u1ea9m n\u01b0\u1edbc c\u1ed1t ch\u1ea5t l\u01b0\u1ee3ng, \u0111\u1ea3m b\u1ea3o v\u1ec7 sinh an to\u00e0n th\u1ef1c ph\u1ea9m<\/p>\n<p>Qu\u00e1 tr\u00ecnh m\u00e1y ho\u1ea1t \u0111\u1ed9ng th\u00f4ng qua h\u1ec7 th\u1ed1ng c\u00f4ng t\u1eafc 2 chi\u1ec1u thu\u1eadn ti\u1ec7n cho ng\u01b0\u1eddi d\u00f9ng:<\/p>\n<p><img loading=\"lazy\" decoding=\"async\" class=\"aligncenter wp-image-11146 size-full\" src=\"https:\/\/congtybinhminh.com\/wp-content\/uploads\/2023\/05\/cong-tac-may-ep-nuoc-cot_result222_result.webp\" alt=\"cong-tac-may-ep-nuoc-cot_result222_result\" width=\"800\" height=\"565\" srcset=\"https:\/\/congtybinhminh.com\/wp-content\/uploads\/2023\/05\/cong-tac-may-ep-nuoc-cot_result222_result.webp 800w, https:\/\/congtybinhminh.com\/wp-content\/uploads\/2023\/05\/cong-tac-may-ep-nuoc-cot_result222_result-566x400.webp 566w, https:\/\/congtybinhminh.com\/wp-content\/uploads\/2023\/05\/cong-tac-may-ep-nuoc-cot_result222_result-768x542.webp 768w, https:\/\/congtybinhminh.com\/wp-content\/uploads\/2023\/05\/cong-tac-may-ep-nuoc-cot_result222_result-510x360.webp 510w\" sizes=\"auto, (max-width: 800px) 100vw, 800px\" \/><\/p>\n<p>\u0110\u00e8n b\u00e1o vol: hi\u1ec3n th\u1ecb s\u1ed1 ngu\u1ed3n \u0111i\u1ec7n m\u00e1y \u0111ang ch\u1ea1y<\/p>\n<p>C\u00f4ng t\u1eafc \u0111\u1ea3o chi\u1ec1u:<\/p>\n<ul>\n<li>V\u1eb7n c\u00f4ng t\u1eafc sang ph\u1ea3i: kh\u1edfi \u0111\u1ed9ng b\u1eaft \u0111\u1ea7u qu\u00e1 tr\u00ecnh \u00e9p<\/li>\n<li>V\u1eb7n c\u00f4ng t\u1eafc sang tr\u00e1i ( ng\u01b0\u1ee3c chi\u1ec1u kim \u0111\u1ed3ng h\u1ed3): \u0111\u01b0a nguy\u00ean li\u1ec7u \u0111\u00f9n ng\u01b0\u1ee3c l\u1ea1i n\u1ebfu tr\u1ee5c xo\u1eafn b\u1ecb k\u1eb9t<\/li>\n<\/ul>\n<h3>C\u1eeda x\u1ea3 th\u00e0nh ph\u1ea9m<\/h3>\n<p>Th\u00e0nh ph\u1ea9m sau khi \u00e9p \u0111\u01b0\u1ee3c \u0111\u01b0a ra ngo\u00e0i c\u1eeda x\u1ea3 v\u00e0 2 c\u1eeda ri\u00eang bi\u1ec7t:<\/p>\n<ul>\n<li>1 c\u1eeda x\u1ea3 b\u00e3 nguy\u00ean li\u1ec7u<\/li>\n<li>1 c\u1eeda x\u1ea3 n\u01b0\u1edbc c\u1ed1t<\/li>\n<\/ul>\n<p><img loading=\"lazy\" decoding=\"async\" class=\"aligncenter wp-image-11147 size-full\" src=\"https:\/\/congtybinhminh.com\/wp-content\/uploads\/2023\/05\/cua-xa-may-ep-nuoc-cot_result.webp\" alt=\"cua-xa-may-ep-nuoc-cot_result\" width=\"800\" height=\"537\" srcset=\"https:\/\/congtybinhminh.com\/wp-content\/uploads\/2023\/05\/cua-xa-may-ep-nuoc-cot_result.webp 800w, https:\/\/congtybinhminh.com\/wp-content\/uploads\/2023\/05\/cua-xa-may-ep-nuoc-cot_result-596x400.webp 596w, https:\/\/congtybinhminh.com\/wp-content\/uploads\/2023\/05\/cua-xa-may-ep-nuoc-cot_result-768x516.webp 768w, https:\/\/congtybinhminh.com\/wp-content\/uploads\/2023\/05\/cua-xa-may-ep-nuoc-cot_result-510x342.webp 510w\" sizes=\"auto, (max-width: 800px) 100vw, 800px\" \/><\/p>\n<h3>N\u0103ng su\u1ea5t cao<\/h3>\n<p>M\u00e1y \u00e9p n\u01b0\u1edbc c\u1ed1t d\u1eeba 1 pha s\u1eed d\u1ee5ng \u0111\u1ed9ng c\u01a1 3kw t\u1ef7 l\u1ec7 \u00e9p ki\u1ec7t \u0111\u1ebfn 95-98% cho n\u0103ng su\u1ea5t \u0111\u1ea1t t\u1eeb 80 &#8211; 100 kg\/gi\u1edd<\/p>\n<p><img loading=\"lazy\" decoding=\"async\" class=\"size-medium wp-image-11149 aligncenter\" src=\"https:\/\/congtybinhminh.com\/wp-content\/uploads\/2023\/05\/ep-nuoc-cot-dua_result222_result-667x400.webp\" alt=\"ep-nuoc-cot-dua_result222_result\" width=\"667\" height=\"400\" srcset=\"https:\/\/congtybinhminh.com\/wp-content\/uploads\/2023\/05\/ep-nuoc-cot-dua_result222_result-667x400.webp 667w, https:\/\/congtybinhminh.com\/wp-content\/uploads\/2023\/05\/ep-nuoc-cot-dua_result222_result-768x461.webp 768w, https:\/\/congtybinhminh.com\/wp-content\/uploads\/2023\/05\/ep-nuoc-cot-dua_result222_result-510x306.webp 510w, https:\/\/congtybinhminh.com\/wp-content\/uploads\/2023\/05\/ep-nuoc-cot-dua_result222_result.webp 800w\" sizes=\"auto, (max-width: 667px) 100vw, 667px\" \/><\/p>\n<p>Ph\u1ea7n b\u00e3 sau khi \u00e9p, b\u00e0 con c\u00f3 th\u1ec3 t\u1eadn d\u1ee5ng l\u00e0m th\u1ee9c \u0103n ch\u0103n nu\u00f4i ho\u1eb7c l\u00e0m ph\u00e2n b\u00f3n t\u1ed1t cho c\u00e2y tr\u1ed3ng<\/p>\n<h2>H\u01b0\u1edbng d\u1eabn s\u1eed d\u1ee5ng<\/h2>\n<ul>\n<li>L\u1eafp \u0111\u1eb7t \u1edf n\u01a1i tho\u00e1ng m\u00e1t, h\u1ea1n ch\u1ebf rung khi m\u00e1y v\u1eadn h\u00e0nh. S\u1eed d\u1ee5ng \u0111\u00fang ngu\u1ed3n \u0111i\u1ec7n.<\/li>\n<li>Chu\u1ea9n b\u1ecb s\u1eb5n s\u00e0ng c\u00e1c d\u1ee5ng c\u1ee5 \u0111\u1ec3 \u0111\u1ef1ng n\u01b0\u1edbc c\u1ed1t v\u00e0 b\u00e3 nguy\u00ean li\u1ec7u.<\/li>\n<li>Tr\u00e1nh \u0111\u1ec3 c\u00e1c v\u1eadt s\u1eafc nh\u1ecdn \u0111\u01b0a v\u00e0o m\u00e1y \u0111\u1ec3 l\u00e0m h\u1ecfng l\u01b0\u1edbi l\u1ecdc.<\/li>\n<li>Khi v\u1eadn h\u00e0ng xong, t\u1eaft ngu\u1ed3n \u0111i\u1ec7n, th\u00e1o c\u00e1c b\u1ed9 ph\u1eadn c\u1ecd r\u1eeda v\u00e0 v\u1ec7 sinh m\u00e1y.<\/li>\n<\/ul>\n<h2>V\u00ec sao n\u00ean d\u00f9ng m\u00e1y \u00e9p n\u01b0\u1edbc c\u1ed1t inox B\u00ecnh Minh<\/h2>\n<p>V\u1edbi h\u01a1n 35 n\u0103m kinh nghi\u1ec7m trong l\u0129nh v\u1ef1c c\u01a1 kh\u00ed, chuy\u00ean s\u1ea3n xu\u1ea5t c\u00e1c d\u00f2ng m\u00e1y n\u00f4ng nghi\u1ec7p &#8211; c\u00f4ng nghi\u1ec7p &#8211; m\u00e1y ch\u1ebf bi\u1ebfn th\u1ef1c ph\u1ea9m<\/p>\n<p>Khi mua m\u00e1y t\u1ea1i x\u01b0\u1edfn, b\u00e0 con c\u00f3 th\u1ec3 th\u1eed nghi\u1ec7m v\u1eadn h\u00e0nh m\u00e1y d\u01b0\u1edbi s\u1ef1 h\u01b0\u1edbng d\u1eabn c\u1ee7a \u0111\u1ed9i ng\u0169 k\u1ef9 thu\u1eadt:<\/p>\n<ul>\n<li>B\u1ea3o h\u00e0nh k\u1ef9 thu\u1eadt m\u00e1y 12 th\u00e1ng<\/li>\n<li>\u0110\u1ed9i ng\u0169 k\u1ef9 thu\u1eadt chuy\u00ean m\u00f4n tr\u00ecnh \u0111\u1ed9 cao<\/li>\n<li>C\u00f3 s\u1eafn m\u00e1y m\u00f3c v\u00e0 linh ph\u1ee5 ki\u1ec7n thay th\u1ebf khi c\u1ea7n s\u1eeda ch\u1eefa<\/li>\n<\/ul>\n<p>\u0110\u1ec3 mua m\u00e1y \u00e9p n\u01b0\u1edbc c\u1ed1t inox c\u00f4ng nghi\u1ec7p ch\u00ednh h\u00e3ng, b\u00e0 con c\u00f3 th\u1ec3 \u0111\u1ebfn tr\u1ef1c ti\u1ebfp tr\u1ee5 s\u1edf t\u1ea1i ph\u01b0\u1eddng S\u01a1n T\u00e2y &#8211; H\u00e0 N\u1ed9i<\/p>\n<p>Ho\u1eb7c li\u00ean h\u1ec7 s\u1ed1 \u0111i\u1ec7n tho\u1ea1i Hotline tr\u00ean website ho\u1eb7c \u0111\u1ec3 l\u1ea1i l\u1eddi nh\u1eafn \u0111\u1ec3 \u0111\u01b0\u1ee3c t\u01b0 v\u1ea5n<\/p>\n<h2>Th\u00f4ng s\u1ed1 k\u1ef9 thu\u1eadt<\/h2>\n<table>\n<tbody>\n<tr>\n<td rowspan=\"3\" width=\"248\">\u0110\u1ed9ng c\u01a1<\/td>\n<td width=\"196\">C\u00f4ng su\u1ea5t \u0111\u1ed9ng c\u01a1<\/td>\n<td width=\"194\">\u00a03.5kw<\/td>\n<\/tr>\n<tr>\n<td width=\"196\">Ngu\u1ed3n \u0111i\u1ec7n<\/td>\n<td width=\"194\">220 (V)<\/td>\n<\/tr>\n<tr>\n<td width=\"196\">T\u1ed1c \u0111\u1ed9<\/td>\n<td width=\"194\">1450 (v\/p)<\/td>\n<\/tr>\n<tr>\n<td rowspan=\"2\" width=\"248\">Tr\u1ecdng l\u01b0\u1ee3ng m\u00e1y<\/td>\n<td width=\"196\">Nguy\u00ean b\u1ed9<\/td>\n<td width=\"194\">117 (kg)<\/td>\n<\/tr>\n<tr>\n<td width=\"196\">Kh\u00f4ng \u0111\u1ed9ng \u00a0c\u01a1<\/td>\n<td width=\"194\">\u00a0(kg)<\/td>\n<\/tr>\n<tr>\n<td rowspan=\"2\" width=\"248\">B\u1ea3o h\u00e0nh<\/td>\n<td width=\"196\">K\u1ef9 thu\u1eadt<\/td>\n<td width=\"194\">12 th\u00e1ng<\/td>\n<\/tr>\n<tr>\n<td width=\"196\">\u0110\u1ed9ng c\u01a1<\/td>\n<td width=\"194\">Theo t\u1eebng h\u00e3ng s\u1ea3n xu\u1ea5t<\/td>\n<\/tr>\n<tr>\n<td width=\"248\">N\u0103ng su\u1ea5t<\/td>\n<td colspan=\"2\" width=\"390\">80kg \u2013 100\u00a0kg\/h<\/td>\n<\/tr>\n<tr>\n<td width=\"248\">K\u00edch th\u01b0\u1edbc\u00a0 ( D * C * R )<\/td>\n<td colspan=\"2\" width=\"390\">127 cm*108 cm*54 cm<\/td>\n<\/tr>\n<tr>\n<td width=\"248\">H\u00ecnh th\u1ee9c thanh to\u00e1n<\/td>\n<td colspan=\"2\" width=\"390\"><i><em><b><strong>Ti\u1ec1n m\u1eb7t ho\u1eb7c chuy\u1ec3n kho\u1ea3n<\/strong><\/b><\/em><\/i><\/td>\n<\/tr>\n<\/tbody>\n<\/table>\n","protected":false},"excerpt":{"rendered":"<ul>\n<li><strong>H\u00e3ng s\u1ea3n xu\u1ea5t :<\/strong>\u00a0B\u00ecnh Minh<\/li>\n<li><strong>C\u00f4ng su\u1ea5t \u0111\u1ed9ng c\u01a1 :\u00a0<\/strong>3.5kw<\/li>\n<li><strong>T\u1ed1c \u0111\u1ed9:<\/strong>\u00a01450 v\u00f2ng\/ph\u00fat<\/li>\n<li><strong>\u0110i\u1ec7n n\u0103ng:\u00a0<\/strong>220V<\/li>\n<li><strong>N\u0103ng Su\u1ea5t:\u00a0<\/strong>80kg \u2013 100 kg\/h<\/li>\n<li><strong>Tr\u1ecdng l\u01b0\u1ee3ng:<\/strong>\u00a0117kg<\/li>\n<li>T\u00ednh n\u0103ng: m\u00e1y chuy\u00ean xay \u00e9p c\u00e1c lo\u1ea1i rau c\u1ee7 qu\u1ea3 l\u1ea5y n\u01b0\u1edbc c\u1ed1t nguy\u00ean ch\u1ea5t s\u1ed1 l\u01b0\u1ee3ng\u00a0 l\u1edbn<\/li>\n<\/ul>\n","protected":false},"featured_media":11142,"comment_status":"closed","ping_status":"closed","template":"","meta":[],"product_brand":[],"product_cat":[131],"product_tag":[],"class_list":{"0":"post-8253","1":"product","2":"type-product","3":"status-publish","4":"has-post-thumbnail","6":"product_cat-may-ep-nuoc-cot","8":"first","9":"instock","10":"shipping-taxable","11":"product-type-simple"},"_links":{"self":[{"href":"https:\/\/congtybinhminh.com\/index.php?rest_route=\/wp\/v2\/product\/8253","targetHints":{"allow":["GET"]}}],"collection":[{"href":"https:\/\/congtybinhminh.com\/index.php?rest_route=\/wp\/v2\/product"}],"about":[{"href":"https:\/\/congtybinhminh.com\/index.php?rest_route=\/wp\/v2\/types\/product"}],"replies":[{"embeddable":true,"href":"https:\/\/congtybinhminh.com\/index.php?rest_route=%2Fwp%2Fv2%2Fcomments&post=8253"}],"wp:featuredmedia":[{"embeddable":true,"href":"https:\/\/congtybinhminh.com\/index.php?rest_route=\/wp\/v2\/media\/11142"}],"wp:attachment":[{"href":"https:\/\/congtybinhminh.com\/index.php?rest_route=%2Fwp%2Fv2%2Fmedia&parent=8253"}],"wp:term":[{"taxonomy":"product_brand","embeddable":true,"href":"https:\/\/congtybinhminh.com\/index.php?rest_route=%2Fwp%2Fv2%2Fproduct_brand&post=8253"},{"taxonomy":"product_cat","embeddable":true,"href":"https:\/\/congtybinhminh.com\/index.php?rest_route=%2Fwp%2Fv2%2Fproduct_cat&post=8253"},{"taxonomy":"product_tag","embeddable":true,"href":"https:\/\/congtybinhminh.com\/index.php?rest_route=%2Fwp%2Fv2%2Fproduct_tag&post=8253"}],"curies":[{"name":"wp","href":"https:\/\/api.w.org\/{rel}","templated":true}]}}