{"id":8246,"date":"2023-05-21T09:16:02","date_gmt":"2023-05-21T02:16:02","guid":{"rendered":"https:\/\/congtybinhminh.com\/?post_type=product&#038;p=8246"},"modified":"2025-07-26T07:36:07","modified_gmt":"2025-07-26T00:36:07","slug":"may-nghien-thuc-an-chan-nuoi-b20","status":"publish","type":"product","link":"https:\/\/congtybinhminh.com\/?product=may-nghien-thuc-an-chan-nuoi-b20","title":{"rendered":"M\u00e1y nghi\u1ec1n th\u1ee9c \u0103n ch\u0103n nu\u00f4i B20"},"content":{"rendered":"<h2>Video th\u1ef1c t\u1ebf m\u00e1y :<\/h2>\n<p><iframe loading=\"lazy\" title=\"M\u00e1y Nghi\u1ec1n B20 Nghi\u1ec1n B\u1eafp Ng\u00f4 V\u00e0 Tr\u1ea5u Th\u00e0nh Th\u1ee9c \u0102n Ch\u0103n Nu\u00f4i #maynghienbot #maynghienngo\" width=\"1020\" height=\"574\" src=\"https:\/\/www.youtube.com\/embed\/7OZBbcZG0xE?feature=oembed\" frameborder=\"0\" allow=\"accelerometer; autoplay; clipboard-write; encrypted-media; gyroscope; picture-in-picture; web-share\" referrerpolicy=\"strict-origin-when-cross-origin\" allowfullscreen><\/iframe><\/p>\n<h2>Gi\u1edbi thi\u1ec7u m\u00e1y nghi\u1ec1n th\u1ee9c \u0103n ch\u0103n nu\u00f4i B20<\/h2>\n<p>Ngo\u00e0i c\u00e1c d\u00f2ng m\u00e1y nghi\u1ec1n gia \u0111\u00ecnh, B\u00ccnh Qu\u00e2n Group c\u00f2n s\u1ea3n xu\u1ea5t c\u00e1c d\u00f2ng m\u00e1y nghi\u1ec1n 20 + b\u1ea7u c\u1eaft gi\u00f3 v\u1edbi thi\u1ebft k\u1ebf v\u00e0 c\u00f4ng su\u1ea5t l\u1edbn.<\/p>\n<p><img loading=\"lazy\" decoding=\"async\" class=\"aligncenter wp-image-8248 size-full\" src=\"https:\/\/congtybinhminh.com\/wp-content\/uploads\/2023\/05\/may-nghien-B20-1.webp\" alt=\"\" width=\"800\" height=\"600\" srcset=\"https:\/\/congtybinhminh.com\/wp-content\/uploads\/2023\/05\/may-nghien-B20-1.webp 800w, https:\/\/congtybinhminh.com\/wp-content\/uploads\/2023\/05\/may-nghien-B20-1-510x383.webp 510w, https:\/\/congtybinhminh.com\/wp-content\/uploads\/2023\/05\/may-nghien-B20-1-533x400.webp 533w, https:\/\/congtybinhminh.com\/wp-content\/uploads\/2023\/05\/may-nghien-B20-1-768x576.webp 768w\" sizes=\"auto, (max-width: 800px) 100vw, 800px\" \/><\/p>\n<p>Th\u00edch h\u1ee3p s\u1eed d\u1ee5ng t\u1ea1i c\u00e1c h\u1ed9 ch\u0103n nu\u00f4i, trang tr\u1ea1i hay c\u01a1 s\u1edf ch\u1ebf bi\u1ebfn v\u1eeba v\u00e0 l\u1edbn.<\/p>\n<h2><span id=\"Cau_tao_may_nghien_thuc_an_chan_nuoi_B20\" class=\"ez-toc-section\"><\/span>C\u1ea5u t\u1ea1o m\u00e1y nghi\u1ec1n th\u1ee9c \u0103n ch\u0103n nu\u00f4i B20<\/h2>\n<p>B\u1ea7u gi\u00f3 \u0111\u01b0\u1ee3c thi\u1ebft k\u1ebf v\u1edbi m\u1ed9t l\u00f5i tr\u00f2n d\u00e0i, t\u1ea1i \u0111\u00e2y c\u00e1m s\u1ebd cu\u1ed1n xo\u1eafn theo l\u00f5i tr\u00f2n, ph\u1ea7n c\u00e1m n\u1eb7ng s\u1ebd r\u01a1i xu\u1ed1ng t\u00fai bu\u1ed9c \u0111\u1ef1ng c\u00e1m \u1edf d\u01b0\u1edbi c\u00f2n ph\u1ea7n kh\u00ed s\u1ebd tho\u00e1t l\u00ean tr\u00ean.<\/p>\n<p>Toa n\u1ea1p \u0111\u01b0\u1ee3c thi\u1ebft k\u1ebf to r\u1ed9ng, ch\u1ee9a \u0111\u01b0\u1ee3c nhi\u1ec1u nguy\u00ean li\u1ec7u c\u00f9ng 1 l\u00fac<\/p>\n<figure id=\"attachment_8251\" aria-describedby=\"caption-attachment-8251\" style=\"width: 800px\" class=\"wp-caption aligncenter\"><img loading=\"lazy\" decoding=\"async\" class=\"wp-image-8251 size-full\" src=\"https:\/\/congtybinhminh.com\/wp-content\/uploads\/2023\/05\/Toa-nap-10.webp\" alt=\"\" width=\"800\" height=\"400\" srcset=\"https:\/\/congtybinhminh.com\/wp-content\/uploads\/2023\/05\/Toa-nap-10.webp 800w, https:\/\/congtybinhminh.com\/wp-content\/uploads\/2023\/05\/Toa-nap-10-510x255.webp 510w, https:\/\/congtybinhminh.com\/wp-content\/uploads\/2023\/05\/Toa-nap-10-768x384.webp 768w\" sizes=\"auto, (max-width: 800px) 100vw, 800px\" \/><figcaption id=\"caption-attachment-8251\" class=\"wp-caption-text\">Toa n\u1ea1p<\/figcaption><\/figure>\n<p>\u0110\u0103\u0323c bi\u00ea\u0323t, ma\u0301y \u0111\u01b0\u01a1\u0323c thi\u00ea\u0301t k\u00ea\u0301 b\u00e2\u0300u c\u0103\u0301t gio\u0301 va\u0300 th\u00e2n ma\u0301y \u0111\u00f4\u0323c l\u00e2\u0323p, \u0111\u01b0\u01a1\u0323c li\u00ean k\u00ea\u0301t qua m\u00f4\u0323t \u0111\u01b0\u01a1\u0300ng \u00f4\u0301ng giu\u0301p cho ng\u01b0\u01a1\u0300i s\u01b0\u0309 du\u0323ng d\u00ea\u0303 da\u0300ng l\u00e2\u0301y \u0111\u01b0\u01a1\u0323c tha\u0300nh ph\u00e2\u0309m.\u00a0 Ma\u0301y s\u01b0\u0309 du\u0323ng \u0111\u1ed9ng c\u01a1 co\u0301 c\u00f4ng su\u00e2\u0301t 15-20 kw, d\u00f2ng \u0111i\u1ec7n 380V \u2013 50Hz cho n\u0103ng su\u1ea5t cao, \u0111\u1ea1t 800 &#8211; 1000kg\/h.<\/p>\n<p><img loading=\"lazy\" decoding=\"async\" class=\"aligncenter wp-image-8250 size-full\" src=\"https:\/\/congtybinhminh.com\/wp-content\/uploads\/2023\/05\/may-nghien-B20-2.webp\" alt=\"\" width=\"800\" height=\"600\" srcset=\"https:\/\/congtybinhminh.com\/wp-content\/uploads\/2023\/05\/may-nghien-B20-2.webp 800w, https:\/\/congtybinhminh.com\/wp-content\/uploads\/2023\/05\/may-nghien-B20-2-510x383.webp 510w, https:\/\/congtybinhminh.com\/wp-content\/uploads\/2023\/05\/may-nghien-B20-2-533x400.webp 533w, https:\/\/congtybinhminh.com\/wp-content\/uploads\/2023\/05\/may-nghien-B20-2-768x576.webp 768w\" sizes=\"auto, (max-width: 800px) 100vw, 800px\" \/><\/p>\n<p>Bu\u1ed3ng l\u00e0m vi\u1ec7c r\u1ed9ng r\u00e3i v\u1edbi 24\u00a0b\u00faa \u0111\u1eadp c\u00f9ng b\u1ed9 qu\u1ea1t kh\u1ecfe giu\u0301p ma\u0301y hoa\u0323t \u0111\u00f4\u0323ng hi\u00ea\u0323u qua\u0309, nguy\u00ean li\u00ea\u0323u \u0111\u01b0\u01a1\u0323c nghi\u00ea\u0300n si\u00eau mi\u0323n.<\/p>\n<p>Thi\u00ea\u0301t k\u1ebf gia\u0301 b\u0103\u0301t \u0111\u00f4\u0323ng c\u01a1 ch\u00e2n da\u0300i v\u1eefng ch\u1eafc, ki\u1ec3u d\u00e1ng hi\u1ec7n \u0111\u1ea1i, phu\u0300 h\u01a1\u0323p s\u01b0\u0309 du\u0323ng trong ca\u0301c nha\u0300 ma\u0301y ch\u00ea\u0301 bi\u00ea\u0301n th\u01b0\u0301c \u0103n ch\u0103n nu\u00f4i, ca\u0301c x\u01b0\u01a1\u0309ng sa\u0309n xu\u00e2\u0301t d\u00e2y chuy\u00ea\u0300n.<\/p>\n<h2><span id=\"_Uu_diem_cua_may_nghien_bot_buong_20_bau_gio\" class=\"ez-toc-section\"><\/span>\u00a0\u01afu \u0111i\u1ec3m c\u1ee7a m\u00e1y nghi\u1ec1n b\u1ed9t bu\u1ed3ng 20 + b\u1ea7u gi\u00f3<\/h2>\n<p>M\u00e1y nghi\u1ec1n \u0111\u01b0\u1ee3c thi\u1ebft k\u1ebf v\u1eefng ch\u1eafc, hi\u1ec7n \u0111\u1ea1i v\u1edbi bu\u1ed3ng l\u00e0m vi\u1ec7c l\u1edbn cho c\u00f4ng su\u1ea5t cao, ph\u00f9 h\u1ee3p v\u1edbi c\u00e1c h\u1ed9 kinh doanh v\u00e0 doanh nghi\u1ec7p ch\u1ebf bi\u1ebfn th\u1ee9c \u0103n ch\u0103n nu\u00f4i, v\u00e0 c\u00e1c s\u1ea3n ph\u1ea9m t\u1eeb b\u1ed9t.<\/p>\n<p><img loading=\"lazy\" decoding=\"async\" class=\"aligncenter wp-image-8249 size-full\" src=\"https:\/\/congtybinhminh.com\/wp-content\/uploads\/2023\/05\/may-nghien-B20-1-1.webp\" alt=\"\" width=\"800\" height=\"600\" srcset=\"https:\/\/congtybinhminh.com\/wp-content\/uploads\/2023\/05\/may-nghien-B20-1-1.webp 800w, https:\/\/congtybinhminh.com\/wp-content\/uploads\/2023\/05\/may-nghien-B20-1-1-510x383.webp 510w, https:\/\/congtybinhminh.com\/wp-content\/uploads\/2023\/05\/may-nghien-B20-1-1-533x400.webp 533w, https:\/\/congtybinhminh.com\/wp-content\/uploads\/2023\/05\/may-nghien-B20-1-1-768x576.webp 768w\" sizes=\"auto, (max-width: 800px) 100vw, 800px\" \/><\/p>\n<p>Bu\u1ed3ng l\u00e0m vi\u1ec7c v\u1edbi 24 b\u00faa \u0111\u1eadp linh ho\u1ea1t c\u00f3 th\u1ec3 nghi\u1ec1n n\u00e1t nguy\u00ean li\u1ec7u c\u00f9ng b\u1ed9 c\u00e1nh qu\u1ea1t to kh\u1ecfe h\u00fat b\u1ed9t c\u00e1m sang t\u00fai \u0111\u1ef1ng.<\/p>\n<p>M\u00e1y th\u01b0\u1eddng \u0111\u01b0\u1ee3c d\u00f9ng \u0111\u1ec3 nghi\u1ec1n c\u00e1c lo\u1ea1i c\u00e1m nh\u01b0 c\u00e1m ng\u00f4, c\u00e1m s\u1eafn, c\u00e1m khoai,\u2026 ngo\u00e0i ra m\u00e1y c\u00f2n s\u1eed d\u1ee5ng \u0111\u1ec3 nghi\u1ec1n g\u1ea1o ng\u00e2m l\u00e0m m\u1ef3.<\/p>\n<p><img loading=\"lazy\" decoding=\"async\" class=\"size-full wp-image-8252 aligncenter\" src=\"https:\/\/congtybinhminh.com\/wp-content\/uploads\/2023\/05\/thanh-pham-14.webp\" alt=\"\" width=\"800\" height=\"400\" srcset=\"https:\/\/congtybinhminh.com\/wp-content\/uploads\/2023\/05\/thanh-pham-14.webp 800w, https:\/\/congtybinhminh.com\/wp-content\/uploads\/2023\/05\/thanh-pham-14-510x255.webp 510w, https:\/\/congtybinhminh.com\/wp-content\/uploads\/2023\/05\/thanh-pham-14-768x384.webp 768w\" sizes=\"auto, (max-width: 800px) 100vw, 800px\" \/><\/p>\n<p>C\u00f4ng su\u1ea5t \u0111\u1ed9ng c\u01a1 15-20 kw, s\u1eed d\u1ee5ng \u0111i\u1ec7n 380V (3 pha) c\u00f4ng su\u1ea5t cao \u0111\u1ea1t\u00a0<strong>1000 \u2013 1200 kg\/h<\/strong>.<\/p>\n<h2>Th\u00f4ng s\u1ed1 k\u1ef9 thu\u1eadt<\/h2>\n<table border=\"1\" cellspacing=\"1\" cellpadding=\"1\">\n<tbody>\n<tr>\n<td>C\u00f4ng su\u1ea5t \u0111\u1ed9ng c\u01a1<\/td>\n<td>15-20kw<\/td>\n<\/tr>\n<tr>\n<td>Ngu\u1ed3n \u0111i\u1ec7n<\/td>\n<td>380 ( V)<\/td>\n<\/tr>\n<tr>\n<td>T\u1ed1c \u0111\u1ed9 \u0111\u1ed9ng c\u01a1<\/td>\n<td>4200-4500( v\/p)<\/td>\n<\/tr>\n<tr>\n<td>Nguy\u00ean b\u1ed9<\/td>\n<td>kg<\/td>\n<\/tr>\n<tr>\n<td>Kh\u00f4ng \u0111\u1ed9ng c\u01a1<\/td>\n<td>180 kg<\/td>\n<\/tr>\n<tr>\n<td>N\u0103ng su\u1ea5t<\/td>\n<td>1000 \u2013 1200 ( kg\/h)<\/td>\n<\/tr>\n<tr>\n<td>K\u00edch th\u01b0\u1edbc ( D * C * R )<\/td>\n<td>155 \u00d7 88 \u00d7 84\u00a0cm<\/td>\n<\/tr>\n<tr>\n<td>B\u1ea3o h\u00e0nh<\/td>\n<td>06 th\u00e1ng<\/td>\n<\/tr>\n<tr>\n<td>H\u00ecnh th\u1ee9c thanh to\u00e1n<\/td>\n<td><em><strong>Ti\u1ec1n m\u1eb7t ho\u1eb7c chuy\u1ec3n kho\u1ea3n<\/strong><\/em><\/td>\n<\/tr>\n<\/tbody>\n<\/table>\n","protected":false},"excerpt":{"rendered":"<ul>\n<li><strong>H\u00e3ng s\u1ea3n xu\u1ea5t:<\/strong> B\u00ecnh Minh<\/li>\n<li><strong>C\u00f4ng su\u1ea5t:<\/strong>\u00a01000 \u2013 1200 kg\/gi\u1edd<\/li>\n<li><strong>T\u1ed1c \u0111\u1ed9 (V\u00f2ng\/ph\u00fat):<\/strong>\u00a04200 \u2013 4500v\/p<\/li>\n<li><strong>C\u00f4ng su\u1ea5t \u0111\u1ed9ng c\u01a1:<\/strong>\u00a015 \u2013 20kw\u00a0 \u2013 1450v\/p<\/li>\n<li><strong>\u0110i\u1ec7n n\u0103ng:<\/strong>\u00a0380V-50Hz<\/li>\n<li><strong>K\u00edch th\u01b0\u1edbc (d*c*r);<\/strong>\u00a0155*88*84 cm<\/li>\n<li><strong>T\u00ednh n\u0103ng:<\/strong>\u00a0M\u00e1y cho n\u0103ng su\u1ea5t cao, nghi\u1ec1n \u0111\u01b0\u1ee3c nhi\u1ec1u lo\u1ea1i nguy\u00ean li\u1ec7u.<\/li>\n<\/ul>\n","protected":false},"featured_media":9579,"comment_status":"closed","ping_status":"closed","template":"","meta":[],"product_brand":[],"product_cat":[32],"product_tag":[],"class_list":{"0":"post-8246","1":"product","2":"type-product","3":"status-publish","4":"has-post-thumbnail","6":"product_cat-may-nghien","8":"first","9":"instock","10":"shipping-taxable","11":"product-type-simple"},"_links":{"self":[{"href":"https:\/\/congtybinhminh.com\/index.php?rest_route=\/wp\/v2\/product\/8246","targetHints":{"allow":["GET"]}}],"collection":[{"href":"https:\/\/congtybinhminh.com\/index.php?rest_route=\/wp\/v2\/product"}],"about":[{"href":"https:\/\/congtybinhminh.com\/index.php?rest_route=\/wp\/v2\/types\/product"}],"replies":[{"embeddable":true,"href":"https:\/\/congtybinhminh.com\/index.php?rest_route=%2Fwp%2Fv2%2Fcomments&post=8246"}],"wp:featuredmedia":[{"embeddable":true,"href":"https:\/\/congtybinhminh.com\/index.php?rest_route=\/wp\/v2\/media\/9579"}],"wp:attachment":[{"href":"https:\/\/congtybinhminh.com\/index.php?rest_route=%2Fwp%2Fv2%2Fmedia&parent=8246"}],"wp:term":[{"taxonomy":"product_brand","embeddable":true,"href":"https:\/\/congtybinhminh.com\/index.php?rest_route=%2Fwp%2Fv2%2Fproduct_brand&post=8246"},{"taxonomy":"product_cat","embeddable":true,"href":"https:\/\/congtybinhminh.com\/index.php?rest_route=%2Fwp%2Fv2%2Fproduct_cat&post=8246"},{"taxonomy":"product_tag","embeddable":true,"href":"https:\/\/congtybinhminh.com\/index.php?rest_route=%2Fwp%2Fv2%2Fproduct_tag&post=8246"}],"curies":[{"name":"wp","href":"https:\/\/api.w.org\/{rel}","templated":true}]}}