{"id":8238,"date":"2023-05-20T16:01:13","date_gmt":"2023-05-20T09:01:13","guid":{"rendered":"https:\/\/congtybinhminh.com\/?post_type=product&#038;p=8238"},"modified":"2024-02-28T10:00:55","modified_gmt":"2024-02-28T03:00:55","slug":"may-nghien-thuc-an-chan-nuoi-b24-2","status":"publish","type":"product","link":"https:\/\/congtybinhminh.com\/?product=may-nghien-thuc-an-chan-nuoi-b24-2","title":{"rendered":"M\u00e1y nghi\u1ec1n Th\u1ee9c \u0103n ch\u0103n nu\u00f4i B24"},"content":{"rendered":"<h2>Gi\u1edbi thi\u1ec7u m\u00e1y nghi\u1ec1n th\u1ee9c \u0103n ch\u0103n nu\u00f4i B24<\/h2>\n<p>M\u00e1y nghi\u1ec1n th\u1ee9c \u0103n ch\u0103n nu\u00f4i B24 l\u00e0 m\u1ed9t trong nh\u1eefng d\u00f2ng m\u00e1y nghi\u1ec1n ng\u00f4 do B\u00ecnh Minh tr\u1ef1c ti\u1ebfp ch\u1ebf t\u1ea1o s\u1ea3n xu\u1ea5t v\u00e0 ph\u00e2n ph\u1ed1i tr\u00ean th\u1ecb tr\u01b0\u1eddng. \u0110\u01b0\u1ee3c c\u1ea3i ti\u1ebfn t\u1eeb d\u00f2ng m\u00e1y nghi\u1ec1n th\u1ee9c \u0103n ch\u0103n nu\u00f4i B20, v\u1edbi thi\u1ebft k\u1ebf bu\u1ed3ng nghi\u1ec1n r\u1ed9ng h\u01a1n, n\u0103ng su\u1ea5t m\u00e1y cao h\u01a1n v\u00e0 nghi\u1ec1n \u0111\u01b0\u1ee3c \u0111a d\u1ea1ng nguy\u00ean li\u1ec7u h\u01a1n.<\/p>\n<p><img loading=\"lazy\" decoding=\"async\" class=\"aligncenter wp-image-9422 size-full\" src=\"https:\/\/congtybinhminh.com\/wp-content\/uploads\/2023\/05\/may-nghien-thuc-an-chan-nuoi-b24-binh-minh_result222.webp\" alt=\"may-nghien-thuc-an-chan-nuoi-b24-binh-minh_result222\" width=\"800\" height=\"642\" srcset=\"https:\/\/congtybinhminh.com\/wp-content\/uploads\/2023\/05\/may-nghien-thuc-an-chan-nuoi-b24-binh-minh_result222.webp 800w, https:\/\/congtybinhminh.com\/wp-content\/uploads\/2023\/05\/may-nghien-thuc-an-chan-nuoi-b24-binh-minh_result222-510x409.webp 510w, https:\/\/congtybinhminh.com\/wp-content\/uploads\/2023\/05\/may-nghien-thuc-an-chan-nuoi-b24-binh-minh_result222-498x400.webp 498w, https:\/\/congtybinhminh.com\/wp-content\/uploads\/2023\/05\/may-nghien-thuc-an-chan-nuoi-b24-binh-minh_result222-768x616.webp 768w\" sizes=\"auto, (max-width: 800px) 100vw, 800px\" \/><\/p>\n<p>Ngo\u00e0i ch\u1ee9c n\u0103ng nghi\u1ec1n ng\u00f4, th\u00f3c, s\u1eafn, t\u00e9p kh\u00f4,\u2026 th\u00e0nh b\u1ed9t c\u00e1m th\u1ee9c \u0103n ch\u0103n nu\u00f4i, th\u00ec m\u00e1y c\u00f2n c\u00f3 kh\u1ea3 n\u0103ng nghi\u1ec1n c\u1eabng ch\u00e8 l\u00e0m b\u1ed9t ch\u00e8, nghi\u1ec1n tr\u1ea7m h\u01b0\u01a1ng l\u00e0m nhang, nghi\u1ec1n d\u0103m g\u1ed7 th\u00e0nh m\u00f9n c\u01b0a, nghi\u1ec1n tr\u00e0 t\u00fai l\u1ecdc,\u2026. V\u1edbi thi\u1ebft k\u1ebf silo b\u1ea7u gi\u00f3 to, nguy\u00ean li\u1ec7u sau khi \u0111\u01b0\u1ee3c nghi\u1ec1n th\u00e0nh b\u1ed9t m\u1ecbn s\u1ebd \u0111\u01b0\u1ee3c \u0111\u1ea9y l\u00ean ph\u00eda tr\u00ean b\u1ea7u gi\u00f3.<\/p>\n<p><img loading=\"lazy\" decoding=\"async\" class=\"aligncenter wp-image-8243 size-full\" src=\"https:\/\/congtybinhminh.com\/wp-content\/uploads\/2023\/05\/nghien-da-dang-nguyen-lieu.webp\" alt=\"\" width=\"800\" height=\"600\" srcset=\"https:\/\/congtybinhminh.com\/wp-content\/uploads\/2023\/05\/nghien-da-dang-nguyen-lieu.webp 800w, https:\/\/congtybinhminh.com\/wp-content\/uploads\/2023\/05\/nghien-da-dang-nguyen-lieu-510x383.webp 510w, https:\/\/congtybinhminh.com\/wp-content\/uploads\/2023\/05\/nghien-da-dang-nguyen-lieu-533x400.webp 533w, https:\/\/congtybinhminh.com\/wp-content\/uploads\/2023\/05\/nghien-da-dang-nguyen-lieu-768x576.webp 768w\" sizes=\"auto, (max-width: 800px) 100vw, 800px\" \/><\/p>\n<p>Silo b\u1ea7u gi\u00f3 \u0111\u01b0\u1ee3c thi\u1ebft k\u1ebf v\u1edbi m\u1ed9t l\u00f5i tr\u00f2n d\u00e0i, t\u1ea1i \u0111\u00e2y th\u00e0nh ph\u1ea9m b\u1ed9t m\u1ecbn s\u1ebd \u0111\u01b0\u1ee3c cu\u1ed1n xo\u1eafn theo l\u00f5i tr\u00f2n, ph\u1ea7n b\u1ed9t n\u1eb7ng s\u1ebd r\u01a1i xu\u1ed1ng t\u00fai \u0111\u1ef1ng ph\u00eda d\u01b0\u1edbi, c\u00f2n ph\u1ea7n kh\u00ed s\u1ebd tho\u00e1t l\u00ean tr\u00ean. M\u00e1y nghi\u1ec1n TACN B24 ph\u00f9 h\u1ee3p v\u1edbi c\u00e1c h\u1ed9 kinh doanh, c\u00e1c nh\u00e0 m\u00e1y ch\u1ebf bi\u1ebfn th\u1ee9c \u0103n ch\u0103n nu\u00f4i, s\u1ea3n xu\u1ea5t ch\u00e8, l\u00e0m nhang v\u1edbi quy m\u00f4 l\u1edbn.<\/p>\n<h2><span id=\"Uu_diem_cua_may_nghien_thuc_an_chan_nuoi_B24\" class=\"ez-toc-section\"><\/span>\u01afu \u0111i\u1ec3m c\u1ee7a m\u00e1y nghi\u1ec1n th\u1ee9c \u0103n ch\u0103n nu\u00f4i B24<\/h2>\n<p>M\u00e1y d\u00f9ng \u0111\u1ec3 nghi\u1ec1n c\u00e1c lo\u1ea1i c\u00e1m ng\u00f4, c\u00e1m g\u1ea1o, c\u00e1m s\u1eafn, c\u00e1m tr\u1ea5u,\u2026 l\u00e0m th\u1ee9c \u0103n cho gia c\u1ea7m, gia s\u00fac. \u0110\u1eb7c bi\u1ec7t, m\u00e1y c\u00f2n \u0111\u01b0\u1ee3c d\u00f9ng \u0111\u1ec3 nghi\u1ec1n c\u1eabng ch\u00e8 l\u00e0m b\u1ed9t ch\u00e8, nghi\u1ec1n d\u0103m g\u1ed7 th\u00e0nh m\u00f9n c\u01b0a, nghi\u1ec1n tr\u1ea7m h\u01b0\u01a1ng l\u00e0m nhang,\u2026.<\/p>\n<p><img loading=\"lazy\" decoding=\"async\" class=\"aligncenter wp-image-8244 size-full\" src=\"https:\/\/congtybinhminh.com\/wp-content\/uploads\/2023\/05\/may-nghien-B24-bau-gio-4.webp\" alt=\"\" width=\"800\" height=\"600\" srcset=\"https:\/\/congtybinhminh.com\/wp-content\/uploads\/2023\/05\/may-nghien-B24-bau-gio-4.webp 800w, https:\/\/congtybinhminh.com\/wp-content\/uploads\/2023\/05\/may-nghien-B24-bau-gio-4-510x383.webp 510w, https:\/\/congtybinhminh.com\/wp-content\/uploads\/2023\/05\/may-nghien-B24-bau-gio-4-533x400.webp 533w, https:\/\/congtybinhminh.com\/wp-content\/uploads\/2023\/05\/may-nghien-B24-bau-gio-4-768x576.webp 768w\" sizes=\"auto, (max-width: 800px) 100vw, 800px\" \/><\/p>\n<p>M\u00e1y \u0111\u01b0\u1ee3c thi\u1ebft k\u1ebf v\u1edbi gi\u00e1 b\u1eaft \u0111\u1ed9ng c\u01a1 ch\u00e2n d\u00e0i ch\u1eafc ch\u1eafn h\u1ea1n ch\u1ebf s\u1ef1 rung l\u1eafc trong qu\u00e1 tr\u00ecnh m\u00e1y ho\u1ea1t \u0111\u1ed9ng. Ki\u1ec3u d\u00e1ng hi\u1ec7n \u0111\u1ea1i, bu\u1ed3ng l\u00e0m vi\u1ec7c to r\u1ed9ng v\u00e0 \u0111\u01b0\u1ee3c trang b\u1ecb 24 b\u00faa \u0111\u1eadp linh \u0111\u1ed9ng c\u00f9ng v\u1edbi b\u1ed9 qu\u1ea1t 6 c\u00e1nh kh\u1ecfe gi\u00fap m\u00e1y \u0111\u1ea1t n\u0103ng su\u1ea5t cao, ph\u00f9 h\u1ee3p v\u1edbi c\u00e1c h\u1ed9 kinh doanh, c\u00e1c nh\u00e0 m\u00e1y ch\u1ebf bi\u1ebfn th\u1ee9c \u0103n ch\u0103n nu\u00f4i, s\u1ea3n xu\u1ea5t d\u00e2y chuy\u1ec1n c\u00f3 quy m\u00f4 l\u1edbn.<\/p>\n<p>M\u00e1y \u0111\u01b0\u1ee3c l\u1eafp \u0111\u1eb7t \u0111\u1ed9ng c\u01a1 c\u00f4ng su\u1ea5t 32 \u2013 37kw, t\u1ed1c \u0111\u1ed9 v\u00f2ng quay 1450 v\u00f2ng\/ph\u00fat, s\u1eed d\u1ee5ng ngu\u1ed3n \u0111i\u1ec7n 380V gi\u00fap m\u00e1y cho n\u0103ng su\u1ea5t 1500 \u2013 1800 kg\/gi\u1edd.<\/p>\n<h2><span id=\"Su_dung_may_nghien_thuc_an_chan_nuoi_B24_co_kho_khong\" class=\"ez-toc-section\"><\/span>S\u1eed d\u1ee5ng m\u00e1y nghi\u1ec1n th\u1ee9c \u0103n ch\u0103n nu\u00f4i B24 c\u00f3 kh\u00f3 kh\u00f4ng ???<\/h2>\n<p>M\u00e1y nghi\u1ec1n th\u1ee9c \u0103n ch\u0103n nu\u00f4i B24 thu\u1ed9c d\u00f2ng m\u00e1y nghi\u1ec1n c\u00f4ng nghi\u1ec7p n\u00ean m\u1ecdi qu\u00e1 tr\u00ecnh ho\u1ea1t \u0111\u1ed9ng c\u1ee7a m\u00e1y \u0111\u1ec1u \u0111\u01b0\u1ee3c t\u1ef1 \u0111\u1ed9ng h\u00f3a, \u0111i\u1ec1u duy nh\u1ea5t ng\u01b0\u1eddi s\u1eed d\u1ee5ng c\u1ea7n l\u00e0m \u0111\u00f3 l\u00e0 cho nguy\u00ean li\u1ec7u v\u00e0o toa n\u1ea1p, \u0111i\u1ec1u ch\u1ec9nh t\u1ea5m ch\u1eafn \u0111\u1ec3 \u0111i\u1ec1u ch\u1ec9nh l\u01b0\u1ee3ng nguy\u00ean li\u1ec7u di chuy\u1ec3n xu\u1ed1ng bu\u1ed3ng nghi\u1ec1n cho v\u1eeba ph\u00e1i, v\u00e0 vi\u1ec7c c\u00f2n l\u1ea1i l\u00e0 ch\u1ec9 c\u1ea7n ch\u1edd \u0111\u1ec3 thu l\u1ea5y th\u00e0nh ph\u1ea9m b\u1ed9t c\u00e1m.<\/p>\n<p><img loading=\"lazy\" decoding=\"async\" class=\"aligncenter wp-image-8245 size-full\" src=\"https:\/\/congtybinhminh.com\/wp-content\/uploads\/2023\/05\/may-nghien-B24-bau-gio-5.webp\" alt=\"\" width=\"800\" height=\"600\" srcset=\"https:\/\/congtybinhminh.com\/wp-content\/uploads\/2023\/05\/may-nghien-B24-bau-gio-5.webp 800w, https:\/\/congtybinhminh.com\/wp-content\/uploads\/2023\/05\/may-nghien-B24-bau-gio-5-510x383.webp 510w, https:\/\/congtybinhminh.com\/wp-content\/uploads\/2023\/05\/may-nghien-B24-bau-gio-5-533x400.webp 533w, https:\/\/congtybinhminh.com\/wp-content\/uploads\/2023\/05\/may-nghien-B24-bau-gio-5-768x576.webp 768w\" sizes=\"auto, (max-width: 800px) 100vw, 800px\" \/><\/p>\n<p>Ngo\u00e0i ra, vi\u1ec7c v\u1eadn h\u00e0nh m\u00e1y v\u00f4 c\u00f9ng \u0111\u01a1n gi\u1ea3n ch\u1ec9 c\u1ea7n 1 \u2013 2 c\u00f4ng nh\u00e2n m\u00e0 v\u1eabn \u0111\u1ea3m b\u1ea3o cho n\u0103ng su\u1ea5t \u0111\u1ea1t t\u1ed1i \u0111a 1800kg m\u1ed7i gi\u1edd l\u00e0m vi\u1ec7c, c\u00f3 th\u1ec3 thay th\u1ebf h\u00e0ng ch\u1ee5c nh\u00e2n c\u00f4ng.<\/p>\n<h2>Th\u00f4ng s\u1ed1 k\u1ef9 thu\u1eadt<\/h2>\n<table border=\"1\" cellspacing=\"1\" cellpadding=\"1\">\n<tbody>\n<tr>\n<td>C\u00f4ng su\u1ea5t \u0111\u1ed9ng c\u01a1<\/td>\n<td>32 \u2013 37kw<\/td>\n<\/tr>\n<tr>\n<td>Ngu\u1ed3n \u0111i\u1ec7n<\/td>\n<td>380 ( V)<\/td>\n<\/tr>\n<tr>\n<td>T\u1ed1c \u0111\u1ed9 \u0111\u1ed9ng c\u01a1<\/td>\n<td>4200-4500( v\/p)<\/td>\n<\/tr>\n<tr>\n<td>Nguy\u00ean b\u1ed9<\/td>\n<td>kg<\/td>\n<\/tr>\n<tr>\n<td>Kh\u00f4ng \u0111\u1ed9ng c\u01a1<\/td>\n<td>kg<\/td>\n<\/tr>\n<tr>\n<td>N\u0103ng su\u1ea5t<\/td>\n<td>1500 \u2013 1800 ( kg\/h)<\/td>\n<\/tr>\n<tr>\n<td>K\u00edch th\u01b0\u1edbc ( D * C * R )<\/td>\n<td>212 * 100 * 92cm<\/td>\n<\/tr>\n<tr>\n<td>B\u1ea3o h\u00e0nh<\/td>\n<td>06 th\u00e1ng<\/td>\n<\/tr>\n<tr>\n<td>H\u00ecnh th\u1ee9c thanh to\u00e1n<\/td>\n<td><em><strong>Ti\u1ec1n m\u1eb7t ho\u1eb7c chuy\u1ec3n kho\u1ea3n<\/strong><\/em><\/td>\n<\/tr>\n<\/tbody>\n<\/table>\n<p>&nbsp;<\/p>\n","protected":false},"excerpt":{"rendered":"<ul>\n<li>H\u00e3ng s\u1ea3n xu\u1ea5t: B\u00ecnh Minh<\/li>\n<li>N\u0103ng su\u1ea5t (kg\/h): 1500 \u2013 1800 kg\/gi\u1edd<\/li>\n<li>T\u1ed1c \u0111\u1ed9 (V\u00f2ng\/ph\u00fat): 4500<\/li>\n<li>C\u00f4ng su\u1ea5t \u0111\u1ed9ng c\u01a1: 32 \u2013 37 kw<\/li>\n<li>\u0110i\u1ec7n n\u0103ng: 380V<\/li>\n<li>T\u00ednh n\u0103ng: M\u00e1y cho ra c\u00e1c lo\u1ea1i c\u1ee1 b\u1ed9t theo nhu c\u1ea7u kh\u00e1ch h\u00e0ng<\/li>\n<\/ul>\n","protected":false},"featured_media":9419,"comment_status":"closed","ping_status":"closed","template":"","meta":[],"product_brand":[],"product_cat":[32],"product_tag":[],"class_list":{"0":"post-8238","1":"product","2":"type-product","3":"status-publish","4":"has-post-thumbnail","6":"product_cat-may-nghien","8":"first","9":"instock","10":"shipping-taxable","11":"product-type-simple"},"_links":{"self":[{"href":"https:\/\/congtybinhminh.com\/index.php?rest_route=\/wp\/v2\/product\/8238","targetHints":{"allow":["GET"]}}],"collection":[{"href":"https:\/\/congtybinhminh.com\/index.php?rest_route=\/wp\/v2\/product"}],"about":[{"href":"https:\/\/congtybinhminh.com\/index.php?rest_route=\/wp\/v2\/types\/product"}],"replies":[{"embeddable":true,"href":"https:\/\/congtybinhminh.com\/index.php?rest_route=%2Fwp%2Fv2%2Fcomments&post=8238"}],"wp:featuredmedia":[{"embeddable":true,"href":"https:\/\/congtybinhminh.com\/index.php?rest_route=\/wp\/v2\/media\/9419"}],"wp:attachment":[{"href":"https:\/\/congtybinhminh.com\/index.php?rest_route=%2Fwp%2Fv2%2Fmedia&parent=8238"}],"wp:term":[{"taxonomy":"product_brand","embeddable":true,"href":"https:\/\/congtybinhminh.com\/index.php?rest_route=%2Fwp%2Fv2%2Fproduct_brand&post=8238"},{"taxonomy":"product_cat","embeddable":true,"href":"https:\/\/congtybinhminh.com\/index.php?rest_route=%2Fwp%2Fv2%2Fproduct_cat&post=8238"},{"taxonomy":"product_tag","embeddable":true,"href":"https:\/\/congtybinhminh.com\/index.php?rest_route=%2Fwp%2Fv2%2Fproduct_tag&post=8238"}],"curies":[{"name":"wp","href":"https:\/\/api.w.org\/{rel}","templated":true}]}}