{"id":8223,"date":"2023-05-20T10:16:52","date_gmt":"2023-05-20T03:16:52","guid":{"rendered":"https:\/\/congtybinhminh.com\/?post_type=product&#038;p=8223"},"modified":"2025-07-26T08:10:52","modified_gmt":"2025-07-26T01:10:52","slug":"may-nghien-thuc-an-chan-nuoi-b30","status":"publish","type":"product","link":"https:\/\/congtybinhminh.com\/?product=may-nghien-thuc-an-chan-nuoi-b30","title":{"rendered":"M\u00e1y nghi\u1ec1n th\u1ee9c \u0103n ch\u0103n nu\u00f4i B30"},"content":{"rendered":"<h2>Video ho\u1ea1t \u0111\u1ed9ng<\/h2>\n<p><iframe loading=\"lazy\" title=\"S\u1ea3n Xu\u1ea5t Ph\u00e2n B\u00f3n Vi Sinh H\u1eefu C\u01a1 Hi\u1ec7u Qu\u1ea3 V\u1edbi M\u00e1y Nghi\u1ec1n B30\" width=\"1020\" height=\"574\" src=\"https:\/\/www.youtube.com\/embed\/qvnuCXcE9H0?feature=oembed\" frameborder=\"0\" allow=\"accelerometer; autoplay; clipboard-write; encrypted-media; gyroscope; picture-in-picture; web-share\" referrerpolicy=\"strict-origin-when-cross-origin\" allowfullscreen><\/iframe><\/p>\n<h2>Gi\u1edbi thi\u1ec7u m\u00e1y nghi\u1ec1n th\u1ee9c \u0103n ch\u0103n nu\u00f4i B30<\/h2>\n<p>M\u00e1y nghi\u1ec1n th\u1ee9c \u0103n ch\u0103n nu\u00f4i B30 b\u1ea7u gi\u00f3 l\u00e0 phi\u00ean b\u1ea3n c\u1ea3i ti\u1ebfn c\u1ee7a d\u00f2ng m\u00e1y ch\u1ebf bi\u1ebfn th\u1ef1c ph\u1ea9m, th\u1ee9c \u0103n ch\u0103n nu\u00f4i \u2013 nghi\u1ec1n B24. Phi\u00ean b\u1ea3n m\u1edbi B30 kh\u1eafc ph\u1ee5c m\u1ecdi nh\u01b0\u1ee3c \u0111i\u1ec3m c\u1ee7a phi\u00ean b\u1ea3n c\u0169 v\u00e0 cho ra n\u0103ng su\u1ea5t cao, l\u00e0m vi\u1ec7c hi\u1ec7u qu\u1ea3 h\u01a1n.<\/p>\n<p><img loading=\"lazy\" decoding=\"async\" class=\"aligncenter wp-image-9429 size-full\" src=\"https:\/\/congtybinhminh.com\/wp-content\/uploads\/2023\/05\/may-nghien-thuc-an-chan-nuoi-b30-cong-ty-binh-minh_result222.webp\" alt=\"may-nghien-thuc-an-chan-nuoi-b30-cong-ty-binh-minh_result222\" width=\"800\" height=\"600\" srcset=\"https:\/\/congtybinhminh.com\/wp-content\/uploads\/2023\/05\/may-nghien-thuc-an-chan-nuoi-b30-cong-ty-binh-minh_result222.webp 800w, https:\/\/congtybinhminh.com\/wp-content\/uploads\/2023\/05\/may-nghien-thuc-an-chan-nuoi-b30-cong-ty-binh-minh_result222-510x383.webp 510w, https:\/\/congtybinhminh.com\/wp-content\/uploads\/2023\/05\/may-nghien-thuc-an-chan-nuoi-b30-cong-ty-binh-minh_result222-533x400.webp 533w, https:\/\/congtybinhminh.com\/wp-content\/uploads\/2023\/05\/may-nghien-thuc-an-chan-nuoi-b30-cong-ty-binh-minh_result222-768x576.webp 768w\" sizes=\"auto, (max-width: 800px) 100vw, 800px\" \/><\/p>\n<p>M\u00e1y nghi\u1ec1n nhanh ch\u00f3ng \u0111\u01b0\u1ee3c \u0111a d\u1ea1ng c\u00e1c lo\u1ea1i nguy\u00ean li\u1ec7u nh\u01b0 nghi\u1ec1n c\u00e1m ch\u0103n nu\u00f4i, nghi\u1ec1n b\u1ed9t t\u1eeb c\u00e1c h\u1ea1t ng\u0169 c\u1ed1c nh\u01b0 ga\u0323o, s\u0103\u0301n, khoai. \u0110\u1eb7c bi\u1ec7t m\u00e1y c\u00f2n nghi\u1ec1n l\u00e1 ch\u00e8 l\u00e0m b\u1ed9t ch\u00e8, nghi\u1ec1n qu\u1ebf l\u00e0m nhang, nghi\u1ec1n c\u00e1c lo\u1ea1i th\u1ea3o d\u01b0\u1ee3c l\u00e0m thu\u1ed1c v\u00e0 nghi\u1ec1n g\u1ed7, nghi\u1ec1n tre.<\/p>\n<h2><span id=\"Cau_tao_cua_May_nghien_thuc_an_chan_nuoi_B30\" class=\"ez-toc-section\"><\/span>C\u1ea5u t\u1ea1o c\u1ee7a M\u00e1y nghi\u1ec1n th\u1ee9c \u0103n ch\u0103n nu\u00f4i B30<\/h2>\n<p>\u0110\u00e2y l\u00e0 d\u00f2ng\u00a0<strong>M\u00e1y nghi\u1ec1n c\u00f4ng nghi\u1ec7p<\/strong>, c\u00f3 k\u00edch th\u01b0\u1edbc to, kh\u1ecfe, ch\u1eafc ch\u1eafn, l\u00e0m gi\u1ea3m ti\u1ebfng \u1ed3n v\u00e0 rung l\u1eafc khi s\u1eed d\u1ee5ng m\u00e1y. M\u00e1y \u0111\u01b0\u1ee3c l\u00e0m to\u00e0n b\u1ed9 b\u1eb1ng th\u00e9p cao c\u1ea5p n\u00ean s\u1eed d\u1ee5ng b\u1ec1n b\u1ec9, tu\u1ed5i th\u1ecd cao.<\/p>\n<figure id=\"attachment_8229\" aria-describedby=\"caption-attachment-8229\" style=\"width: 800px\" class=\"wp-caption aligncenter\"><img loading=\"lazy\" decoding=\"async\" class=\"wp-image-8229 size-full\" src=\"https:\/\/congtybinhminh.com\/wp-content\/uploads\/2023\/05\/Cau-tao-may-nghien-B30.webp\" alt=\"\" width=\"800\" height=\"600\" srcset=\"https:\/\/congtybinhminh.com\/wp-content\/uploads\/2023\/05\/Cau-tao-may-nghien-B30.webp 800w, https:\/\/congtybinhminh.com\/wp-content\/uploads\/2023\/05\/Cau-tao-may-nghien-B30-510x383.webp 510w, https:\/\/congtybinhminh.com\/wp-content\/uploads\/2023\/05\/Cau-tao-may-nghien-B30-533x400.webp 533w, https:\/\/congtybinhminh.com\/wp-content\/uploads\/2023\/05\/Cau-tao-may-nghien-B30-768x576.webp 768w\" sizes=\"auto, (max-width: 800px) 100vw, 800px\" \/><figcaption id=\"caption-attachment-8229\" class=\"wp-caption-text\">C\u1ea5u t\u1ea1o m\u00e1y nghi\u1ec1n B30<\/figcaption><\/figure>\n<p>Toa n\u1ea1p nguy\u00ean li\u1ec7u \u0111\u01b0\u1ee3c thi\u1ebft k\u1ebf d\u1ea1ng m\u00e1ng to r\u1ed9ng, k\u1ebft h\u1ee3p v\u1edbi ch\u1ed1t kh\u00f3a c\u00f3 nhi\u1ec7m v\u1ee5 \u0111i\u1ec1u ch\u1ec9nh l\u01b0\u1ee3ng nguy\u00ean li\u1ec7u di chuy\u1ec3n t\u1eeb t\u1eeb v\u00e0o bu\u1ed3ng l\u00e0m vi\u1ec7c, gi\u00fap m\u00e1y ho\u1ea1t \u0111\u1ed9ng tr\u01a1n chu, kh\u00f4ng b\u1ecb ngh\u1eb9n hay n\u1eb7ng t\u1ea3i.<\/p>\n<figure id=\"attachment_8230\" aria-describedby=\"caption-attachment-8230\" style=\"width: 800px\" class=\"wp-caption aligncenter\"><img loading=\"lazy\" decoding=\"async\" class=\"wp-image-8230 size-full\" src=\"https:\/\/congtybinhminh.com\/wp-content\/uploads\/2023\/05\/Toa-nap-9.webp\" alt=\"\" width=\"800\" height=\"600\" srcset=\"https:\/\/congtybinhminh.com\/wp-content\/uploads\/2023\/05\/Toa-nap-9.webp 800w, https:\/\/congtybinhminh.com\/wp-content\/uploads\/2023\/05\/Toa-nap-9-510x383.webp 510w, https:\/\/congtybinhminh.com\/wp-content\/uploads\/2023\/05\/Toa-nap-9-533x400.webp 533w, https:\/\/congtybinhminh.com\/wp-content\/uploads\/2023\/05\/Toa-nap-9-768x576.webp 768w\" sizes=\"auto, (max-width: 800px) 100vw, 800px\" \/><figcaption id=\"caption-attachment-8230\" class=\"wp-caption-text\">Toa n\u1ea1p nguy\u00ean li\u1ec7u<\/figcaption><\/figure>\n<p>Bu\u1ed3ng l\u00e0m vi\u1ec7c r\u1ed9ng r\u00e3i \u0111\u01b0\u1ee3c trang b\u1ecb 30 b\u00faa \u0111\u1eadp c\u00f9ng b\u1ed9 qu\u1ea1t 6 c\u00e1nh kh\u1ecfe giu\u0301p ma\u0301y hoa\u0323t \u0111\u00f4\u0323ng hi\u00ea\u0323u qua\u0309, nguy\u00ean li\u00ea\u0323u sau nghi\u00ea\u0300n thu \u0111\u01b0\u1ee3c th\u00e0nh ph\u1ea9m si\u00eau mi\u0323n.\u00a0C\u00e1c h\u1ea1t b\u1ed9t nghi\u1ec1n \u0111\u1ea1t m\u1ecbn s\u1ebd l\u1ecdt qua l\u01b0\u1edbi s\u00e0ng, d\u01b0\u1edbi t\u00e1c \u0111\u1ed9ng c\u1ee7a qu\u1ea1t v\u00e0 b\u1ea7u gi\u00f3 s\u1ebd \u0111\u1ea9y ch\u00fang \u0111i ra t\u00fai \u0111\u1ef1ng \u1edf c\u1eeda x\u1ea3.<\/p>\n<figure id=\"attachment_8231\" aria-describedby=\"caption-attachment-8231\" style=\"width: 800px\" class=\"wp-caption aligncenter\"><img loading=\"lazy\" decoding=\"async\" class=\"wp-image-8231 size-full\" src=\"https:\/\/congtybinhminh.com\/wp-content\/uploads\/2023\/05\/Buong-lam-viec-17.webp\" alt=\"\" width=\"800\" height=\"600\" srcset=\"https:\/\/congtybinhminh.com\/wp-content\/uploads\/2023\/05\/Buong-lam-viec-17.webp 800w, https:\/\/congtybinhminh.com\/wp-content\/uploads\/2023\/05\/Buong-lam-viec-17-510x383.webp 510w, https:\/\/congtybinhminh.com\/wp-content\/uploads\/2023\/05\/Buong-lam-viec-17-533x400.webp 533w, https:\/\/congtybinhminh.com\/wp-content\/uploads\/2023\/05\/Buong-lam-viec-17-768x576.webp 768w\" sizes=\"auto, (max-width: 800px) 100vw, 800px\" \/><figcaption id=\"caption-attachment-8231\" class=\"wp-caption-text\">Bu\u1ed3ng l\u00e0m vi\u1ec7c<\/figcaption><\/figure>\n<p>B\u1ea7u gi\u00f3 \u0111\u01b0\u1ee3c thi\u1ebft k\u1ebf v\u1edbi m\u1ed9t l\u00f5i tr\u00f2n d\u00e0i, t\u1ea1i \u0111\u00e2y c\u00e1m s\u1ebd cu\u1ed1n xo\u1eafn theo l\u00f5i tr\u00f2n, ph\u1ea7n c\u00e1m n\u1eb7ng s\u1ebd r\u01a1i xu\u1ed1ng t\u00fai bu\u1ed9c \u0111\u1ef1ng c\u00e1m \u1edf d\u01b0\u1edbi c\u00f2n ph\u1ea7n kh\u00ed s\u1ebd tho\u00e1t l\u00ean tr\u00ean.<\/p>\n<p><img loading=\"lazy\" decoding=\"async\" class=\"aligncenter wp-image-8232 size-full\" src=\"https:\/\/congtybinhminh.com\/wp-content\/uploads\/2023\/05\/Bau-hut-gio-1.webp\" alt=\"\" width=\"800\" height=\"600\" srcset=\"https:\/\/congtybinhminh.com\/wp-content\/uploads\/2023\/05\/Bau-hut-gio-1.webp 800w, https:\/\/congtybinhminh.com\/wp-content\/uploads\/2023\/05\/Bau-hut-gio-1-510x383.webp 510w, https:\/\/congtybinhminh.com\/wp-content\/uploads\/2023\/05\/Bau-hut-gio-1-533x400.webp 533w, https:\/\/congtybinhminh.com\/wp-content\/uploads\/2023\/05\/Bau-hut-gio-1-768x576.webp 768w\" sizes=\"auto, (max-width: 800px) 100vw, 800px\" \/><\/p>\n<h2><span id=\"May_nghien_thuc_an_chan_nuoi_B30_bau_gio_co_diem_gi_noi_troi\" class=\"ez-toc-section\"><\/span>M\u00e1y nghi\u1ec1n th\u1ee9c \u0103n ch\u0103n nu\u00f4i B30 b\u1ea7u gi\u00f3 c\u00f3 \u0111i\u1ec3m g\u00ec n\u1ed5i tr\u1ed9i?<\/h2>\n<p>M\u00e1y nghi\u1ec1n \u0111\u01b0\u1ee3c thi\u1ebft k\u1ebf v\u1eefng ch\u1eafc, hi\u1ec7n \u0111\u1ea1i v\u1edbi bu\u1ed3ng l\u00e0m vi\u1ec7c c\u00f4ng su\u1ea5t l\u1edbn cho n\u0103ng su\u1ea5t cao l\u00ean \u0111\u1ebfn <strong>1800 \u2013 2000kg\/gi\u1edd<\/strong>, ph\u00f9 h\u1ee3p v\u1edbi c\u00e1c h\u1ed9 kinh doanh v\u00e0 x\u01b0\u1edfng s\u1ea3n xu\u1ea5t ch\u1ebf bi\u1ebfn th\u1ee9c \u0103n ch\u0103n nu\u00f4i, v\u00e0 c\u00e1c s\u1ea3n ph\u1ea9m t\u1eeb b\u1ed9t.<\/p>\n<figure id=\"attachment_8234\" aria-describedby=\"caption-attachment-8234\" style=\"width: 800px\" class=\"wp-caption aligncenter\"><img loading=\"lazy\" decoding=\"async\" class=\"wp-image-8234 size-full\" src=\"https:\/\/congtybinhminh.com\/wp-content\/uploads\/2023\/05\/Thanh-pham-sau-khi-nghien.webp\" alt=\"\" width=\"800\" height=\"400\" srcset=\"https:\/\/congtybinhminh.com\/wp-content\/uploads\/2023\/05\/Thanh-pham-sau-khi-nghien.webp 800w, https:\/\/congtybinhminh.com\/wp-content\/uploads\/2023\/05\/Thanh-pham-sau-khi-nghien-510x255.webp 510w, https:\/\/congtybinhminh.com\/wp-content\/uploads\/2023\/05\/Thanh-pham-sau-khi-nghien-768x384.webp 768w\" sizes=\"auto, (max-width: 800px) 100vw, 800px\" \/><figcaption id=\"caption-attachment-8234\" class=\"wp-caption-text\">Th\u00e0nh ph\u1ea9m sau khi nghi\u1ec1n<\/figcaption><\/figure>\n<p>L\u1eafp \u0111\u1ed9ng c\u01a1 37 \u2013 42 kW m\u00e1y c\u00f3 th\u1ec3 nghi\u1ec1n m\u1ecbn \u0111a d\u1ea1ng c\u00e1c lo\u1ea1i nguy\u00ean li\u1ec7u nh\u01b0 th\u1ea3o d\u01b0\u1ee3c, l\u00e1 kh\u00f4, n\u00f4ng s\u1ea3n, g\u1ed7 m\u1ea3nh\u2026 \u1ee9ng d\u1ee5ng \u0111\u01b0\u1ee3c trong ng\u00e0nh c\u00f4ng nghi\u1ec7p, th\u1ef1c ph\u1ea9m, d\u01b0\u1ee3c ph\u1ea9m, n\u00f4ng nghi\u1ec7p.<\/p>\n<figure id=\"attachment_8233\" aria-describedby=\"caption-attachment-8233\" style=\"width: 800px\" class=\"wp-caption aligncenter\"><img loading=\"lazy\" decoding=\"async\" class=\"wp-image-8233 size-full\" src=\"https:\/\/congtybinhminh.com\/wp-content\/uploads\/2023\/05\/Dong-co-3.webp\" alt=\"\" width=\"800\" height=\"600\" srcset=\"https:\/\/congtybinhminh.com\/wp-content\/uploads\/2023\/05\/Dong-co-3.webp 800w, https:\/\/congtybinhminh.com\/wp-content\/uploads\/2023\/05\/Dong-co-3-510x383.webp 510w, https:\/\/congtybinhminh.com\/wp-content\/uploads\/2023\/05\/Dong-co-3-533x400.webp 533w, https:\/\/congtybinhminh.com\/wp-content\/uploads\/2023\/05\/Dong-co-3-768x576.webp 768w\" sizes=\"auto, (max-width: 800px) 100vw, 800px\" \/><figcaption id=\"caption-attachment-8233\" class=\"wp-caption-text\">\u0110\u1ed9ng c\u01a1 m\u00e1y<\/figcaption><\/figure>\n<p>B\u1ea7u gi\u00f3 l\u1edbn s\u1ebd h\u00fat to\u00e0n b\u1ed9 th\u00e0nh ph\u1ea9m ngay sau khi \u0111\u01b0\u1ee3c nghi\u1ec1n, h\u1ea1n ch\u1ebf hao h\u1ee5t nguy\u00ean li\u1ec7u. M\u00e1y nghi\u1ec1n c\u00f4ng nghi\u1ec7p cho n\u0103ng su\u1ea5t cao, ch\u1ec9 c\u1ea7n t\u1eeb 1 \u2013 2 ng\u01b0\u1eddi v\u1eadn h\u00e0nh qua \u0111\u00f3 ti\u1ebft ki\u1ec7m chi ph\u00ed nh\u00e2n c\u00f4ng.<\/p>\n<h2>Nh\u1eefng l\u01b0u \u00fd khi s\u1eed d\u1ee5ng m\u00e1y<\/h2>\n<p>\u0110\u1eb7t m\u00e1y tr\u00ean n\u1ec1n b\u1eb1ng ph\u1eb3ng \u0111\u1ec3 tr\u00e1nh g\u00e2y rung l\u1eafc khi m\u00e1y v\u1eadn h\u00e0nh<\/p>\n<p><img loading=\"lazy\" decoding=\"async\" class=\"aligncenter wp-image-8235 size-full\" src=\"https:\/\/congtybinhminh.com\/wp-content\/uploads\/2023\/05\/may-nghien-B30-6.webp\" alt=\"\" width=\"800\" height=\"600\" srcset=\"https:\/\/congtybinhminh.com\/wp-content\/uploads\/2023\/05\/may-nghien-B30-6.webp 800w, https:\/\/congtybinhminh.com\/wp-content\/uploads\/2023\/05\/may-nghien-B30-6-510x383.webp 510w, https:\/\/congtybinhminh.com\/wp-content\/uploads\/2023\/05\/may-nghien-B30-6-533x400.webp 533w, https:\/\/congtybinhminh.com\/wp-content\/uploads\/2023\/05\/may-nghien-B30-6-768x576.webp 768w\" sizes=\"auto, (max-width: 800px) 100vw, 800px\" \/><\/p>\n<p>V\u1ec7 sinh m\u00e1y s\u1ea1ch s\u1ebd sau m\u1ed7i l\u1ea7n s\u1eed d\u1ee5ng<\/p>\n<p>B\u1ea3o qu\u1ea3n m\u00e1y \u1edf nh\u1eefng n\u01a1i kh\u00f4 r\u00e1o, g\u1ea7n ngu\u1ed3n \u0111i\u1ec7n thu\u1eadn ti\u1ec7n cho qu\u00e1 tr\u00ecnh s\u1eed d\u1ee5ng<\/p>\n<h2>Th\u00f4ng s\u1ed1 k\u1ef9 thu\u1eadt<\/h2>\n<table border=\"1\" cellspacing=\"1\" cellpadding=\"1\">\n<tbody>\n<tr>\n<td>C\u00f4ng su\u1ea5t \u0111\u1ed9ng c\u01a1<\/td>\n<td>\u00a037- 45kw<\/td>\n<\/tr>\n<tr>\n<td>Ngu\u1ed3n \u0111i\u1ec7n<\/td>\n<td>380 ( V)<\/td>\n<\/tr>\n<tr>\n<td>T\u1ed1c \u0111\u1ed9 \u0111\u1ed9ng c\u01a1<\/td>\n<td>(v\/p)<\/td>\n<\/tr>\n<tr>\n<td>Nguy\u00ean b\u1ed9<\/td>\n<td>836 kg ( c\u1ea3 \u0111\u1ed9ng c\u01a1- kh\u00f4ng b\u1ea7u gi\u00f3)<\/td>\n<\/tr>\n<tr>\n<td>Kh\u00f4ng \u0111\u1ed9ng c\u01a1<\/td>\n<td>\u00a0456 kg( kh\u00f4ng \u0111\u1ed9ng c\u01a1 &#8211; kh\u00f4ng b\u1ea7u gi\u00f3)<\/td>\n<\/tr>\n<tr>\n<td>N\u0103ng su\u1ea5t<\/td>\n<td>1800-2000 kg\/h<\/td>\n<\/tr>\n<tr>\n<td>K\u00edch th\u01b0\u1edbc ( D * C * R )<\/td>\n<td>220*101*100 cm (kh\u00f4ng b\u1ea7u gi\u00f3)<\/td>\n<\/tr>\n<tr>\n<td>B\u1ea3o h\u00e0nh<\/td>\n<td>06 th\u00e1ng<\/td>\n<\/tr>\n<tr>\n<td>H\u00ecnh th\u1ee9c thanh to\u00e1n<\/td>\n<td><em><strong>Ti\u1ec1n m\u1eb7t ho\u1eb7c chuy\u1ec3n kho\u1ea3n<\/strong><\/em><\/td>\n<\/tr>\n<\/tbody>\n<\/table>\n","protected":false},"excerpt":{"rendered":"<ul>\n<li><strong>H\u00e3ng s\u1ea3n xu\u1ea5t:<\/strong> B\u00ecnh Minh<\/li>\n<li><strong>C\u00f4ng su\u1ea5t \u0111\u1ed9ng c\u01a1<\/strong>: 37kw-45kw<\/li>\n<li><strong>\u0110i\u1ec7n n\u0103ng:<\/strong> 380V<\/li>\n<li><strong>N\u0103ng su\u1ea5t (kg\/h):<\/strong> 1800 \u2013 2000 kg\/gi\u1edd<\/li>\n<li><strong>T\u00ednh n\u0103ng<\/strong>: Chuy\u00ean nghi\u1ec1n c\u00e1c lo\u1ea1i nguy\u00ean li\u1ec7u c\u00e1c lo\u1ea1i n\u00f4ng ph\u1ea9m kh\u00f4: g\u1ea1o, l\u00e1t khoai s\u1eafn, qu\u1ebf..<\/li>\n<\/ul>\n","protected":false},"featured_media":9423,"comment_status":"closed","ping_status":"closed","template":"","meta":[],"product_brand":[],"product_cat":[32],"product_tag":[],"class_list":{"0":"post-8223","1":"product","2":"type-product","3":"status-publish","4":"has-post-thumbnail","6":"product_cat-may-nghien","8":"first","9":"instock","10":"shipping-taxable","11":"product-type-simple"},"_links":{"self":[{"href":"https:\/\/congtybinhminh.com\/index.php?rest_route=\/wp\/v2\/product\/8223","targetHints":{"allow":["GET"]}}],"collection":[{"href":"https:\/\/congtybinhminh.com\/index.php?rest_route=\/wp\/v2\/product"}],"about":[{"href":"https:\/\/congtybinhminh.com\/index.php?rest_route=\/wp\/v2\/types\/product"}],"replies":[{"embeddable":true,"href":"https:\/\/congtybinhminh.com\/index.php?rest_route=%2Fwp%2Fv2%2Fcomments&post=8223"}],"wp:featuredmedia":[{"embeddable":true,"href":"https:\/\/congtybinhminh.com\/index.php?rest_route=\/wp\/v2\/media\/9423"}],"wp:attachment":[{"href":"https:\/\/congtybinhminh.com\/index.php?rest_route=%2Fwp%2Fv2%2Fmedia&parent=8223"}],"wp:term":[{"taxonomy":"product_brand","embeddable":true,"href":"https:\/\/congtybinhminh.com\/index.php?rest_route=%2Fwp%2Fv2%2Fproduct_brand&post=8223"},{"taxonomy":"product_cat","embeddable":true,"href":"https:\/\/congtybinhminh.com\/index.php?rest_route=%2Fwp%2Fv2%2Fproduct_cat&post=8223"},{"taxonomy":"product_tag","embeddable":true,"href":"https:\/\/congtybinhminh.com\/index.php?rest_route=%2Fwp%2Fv2%2Fproduct_tag&post=8223"}],"curies":[{"name":"wp","href":"https:\/\/api.w.org\/{rel}","templated":true}]}}