{"id":8210,"date":"2023-05-19T16:08:02","date_gmt":"2023-05-19T09:08:02","guid":{"rendered":"https:\/\/congtybinhminh.com\/?post_type=product&#038;p=8210"},"modified":"2024-10-31T16:58:58","modified_gmt":"2024-10-31T09:58:58","slug":"may-dun-vien-thuc-an-chan-nuoi-80k","status":"publish","type":"product","link":"https:\/\/congtybinhminh.com\/?product=may-dun-vien-thuc-an-chan-nuoi-80k","title":{"rendered":"M\u00e1y \u0111\u00f9n vi\u00ean th\u1ee9c \u0103n ch\u0103n nu\u00f4i 80K"},"content":{"rendered":"<h2>Video ho\u1ea1t \u0111\u1ed9ng m\u00e1y \u0111\u00f9n vi\u00ean TACN 80K<\/h2>\n<p><iframe loading=\"lazy\" title=\"H\u01b0\u1edbng D\u1eabn S\u1eed D\u1ee5ng M\u00e1y \u00c9p C\u00e1m C\u00e1 N\u1ed5i 80k L\u00e0m C\u00e1m N\u1ed5i Cho C\u00e1\" width=\"1020\" height=\"574\" src=\"https:\/\/www.youtube.com\/embed\/BIevJFOKvWU?feature=oembed\" frameborder=\"0\" allow=\"accelerometer; autoplay; clipboard-write; encrypted-media; gyroscope; picture-in-picture; web-share\" referrerpolicy=\"strict-origin-when-cross-origin\" allowfullscreen><\/iframe><\/p>\n<h2>Gi\u1edbi thi\u1ec7u m\u00e1y \u0111\u00f9n vi\u00ean TACN 80K<\/h2>\n<p>M\u00e1y \u0111\u00f9n vi\u00ean th\u1ee9c \u0103n 80K do B\u00ecnh Minh tr\u1ef1c ti\u1ebfp s\u1ea3n xu\u1ea5t chuy\u00ean d\u00f9ng l\u00e0m c\u00e1m vi\u00ean cho c\u00e1 n\u00f3i chung v\u00e0 cho th\u1ee7y h\u1ea3i s\u1ea3n n\u00f3i ri\u00eang.G\u00f3p ph\u1ea7n gi\u00fap b\u00e0 con kh\u00f4ng ch\u1ec9 ch\u1ee7 \u0111\u1ed9ng ngu\u1ed3n th\u1ee9c \u0103n s\u1ea1ch cho v\u1eadt nu\u00f4i m\u00e0 c\u00f2n ti\u1ebft ki\u1ec7m m\u1ed9t kho\u1ea3n chi ph\u00ed kh\u00e1 l\u1edbn<\/p>\n<p><img loading=\"lazy\" decoding=\"async\" class=\"aligncenter wp-image-8215 size-full\" src=\"https:\/\/congtybinhminh.com\/wp-content\/uploads\/2023\/05\/dun-vien-80K-5.webp\" alt=\"\" width=\"800\" height=\"600\" srcset=\"https:\/\/congtybinhminh.com\/wp-content\/uploads\/2023\/05\/dun-vien-80K-5.webp 800w, https:\/\/congtybinhminh.com\/wp-content\/uploads\/2023\/05\/dun-vien-80K-5-510x383.webp 510w, https:\/\/congtybinhminh.com\/wp-content\/uploads\/2023\/05\/dun-vien-80K-5-533x400.webp 533w, https:\/\/congtybinhminh.com\/wp-content\/uploads\/2023\/05\/dun-vien-80K-5-768x576.webp 768w\" sizes=\"auto, (max-width: 800px) 100vw, 800px\" \/><\/p>\n<h2><span id=\"Cau_tao_may_dun_vien_thuc_an_chan_nuoi_80K\" class=\"ez-toc-section\"><\/span>C\u1ea5u t\u1ea1o m\u00e1y \u0111\u00f9n vi\u00ean th\u1ee9c \u0103n ch\u0103n nu\u00f4i 80K<\/h2>\n<h3><span id=\"Khung_may_chac_chan\" class=\"ez-toc-section\"><\/span>Khung m\u00e1y ch\u1eafc ch\u1eafn<\/h3>\n<p>M\u00e1y \u0111\u01b0\u1ee3c thi\u1ebft k\u1ebf ch\u1eafc ch\u1eafn s\u1eed d\u1ee5ng \u0111\u1ed9ng c\u01a1 11kw \u0111i\u1ec7n 3pha motor l\u00f5i d\u00e2y \u0111\u1ed3ng 100% cho n\u0103ng su\u1ea5t m\u00e1y \u0111\u1ea1t t\u1eeb 60 \u2013 80 kg\/gi\u1edd<\/p>\n<p><img loading=\"lazy\" decoding=\"async\" class=\"aligncenter wp-image-8221 size-full\" src=\"https:\/\/congtybinhminh.com\/wp-content\/uploads\/2023\/05\/dun-vien-80K-8.webp\" alt=\"\" width=\"800\" height=\"600\" srcset=\"https:\/\/congtybinhminh.com\/wp-content\/uploads\/2023\/05\/dun-vien-80K-8.webp 800w, https:\/\/congtybinhminh.com\/wp-content\/uploads\/2023\/05\/dun-vien-80K-8-510x383.webp 510w, https:\/\/congtybinhminh.com\/wp-content\/uploads\/2023\/05\/dun-vien-80K-8-533x400.webp 533w, https:\/\/congtybinhminh.com\/wp-content\/uploads\/2023\/05\/dun-vien-80K-8-768x576.webp 768w\" sizes=\"auto, (max-width: 800px) 100vw, 800px\" \/><\/p>\n<h3><span id=\"Pheu_nap_ban_tu_dong\" class=\"ez-toc-section\"><\/span>Ph\u1ec5u n\u1ea1p b\u00e1n t\u1ef1 \u0111\u1ed9ng<\/h3>\n<p>V\u1edbi thi\u1ebft k\u1ebf hi\u1ec7n \u0111\u1ea1i, ph\u1ec5u c\u1ea5p li\u1ec7u b\u00e1n t\u1ef1 \u0111\u1ed9ng nguy\u00ean li\u1ec7u ngay khi \u0111\u01b0\u1ee3c \u0111\u01b0a v\u00e0o toa ch\u1ee9a c\u00e1c c\u00e1nh \u0111\u1ea3o b\u00ean trong s\u1ebd tr\u1ed9n \u0111\u1ec1u r\u1ed3i \u0111\u01b0a xu\u1ed1ng tr\u1ee5c xo\u1eafn \u00e9p, t\u1eeb t\u1eeb b\u00f3n nguy\u00ean li\u1ec7u v\u00e0o toa n\u1ea1p.<\/p>\n<p><img loading=\"lazy\" decoding=\"async\" class=\"aligncenter wp-image-8217 size-full\" src=\"https:\/\/congtybinhminh.com\/wp-content\/uploads\/2023\/05\/Buong-tron-va-bon-nguyen-lieu.webp\" alt=\"\" width=\"800\" height=\"600\" srcset=\"https:\/\/congtybinhminh.com\/wp-content\/uploads\/2023\/05\/Buong-tron-va-bon-nguyen-lieu.webp 800w, https:\/\/congtybinhminh.com\/wp-content\/uploads\/2023\/05\/Buong-tron-va-bon-nguyen-lieu-510x383.webp 510w, https:\/\/congtybinhminh.com\/wp-content\/uploads\/2023\/05\/Buong-tron-va-bon-nguyen-lieu-533x400.webp 533w, https:\/\/congtybinhminh.com\/wp-content\/uploads\/2023\/05\/Buong-tron-va-bon-nguyen-lieu-768x576.webp 768w\" sizes=\"auto, (max-width: 800px) 100vw, 800px\" \/><\/p>\n<p>D\u01b0\u1edbi nhi\u1ec7t \u0111\u1ed9 cao, nguy\u00ean li\u1ec7u trong ph\u1ec5u n\u1ea1p s\u1ebd \u0111\u01b0\u1ee3c b\u1ed9 ph\u1eadn gia nhi\u1ec7t l\u00e0m ch\u00edn v\u00e0 x\u1ed1p vi\u00ean c\u00e1m t\u0103ng kh\u1ea3 n\u0103ng n\u1ed5i tr\u00ean m\u1eb7t n\u01b0\u1edbc v\u00e0 gi\u00fap v\u1eadt nu\u00f4i ti\u00eau h\u00f3a t\u1ed1t h\u01a1n.<\/p>\n<h3><span id=\"Bo_phan_dao_cat_linh_hoat\" class=\"ez-toc-section\"><\/span>B\u1ed9 ph\u1eadn dao c\u1eaft linh ho\u1ea1t<\/h3>\n<p>B\u1ed9 ph\u1eadn dao c\u1eaft g\u1ed3m 2 l\u01b0\u1ee1i dao ho\u1ea1t \u0111\u1ed9ng b\u1edfi \u0111\u1ed9ng c\u01a1 ph\u1ee5, th\u00f4ng qua b\u1ea3ng \u0111i\u1ec1u khi\u1ec3n bi\u1ebfn t\u1ea7n. Qua \u0111\u00f3, ng\u01b0\u1eddi d\u00f9ng c\u00f3 th\u1ec3 t\u1ef1 \u0111i\u1ec1u ch\u1ec9nh trong su\u1ed1t qu\u00e1 tr\u00ecnh m\u00e1y ho\u1ea1t \u0111\u1ed9ng.<\/p>\n<p><img loading=\"lazy\" decoding=\"async\" class=\"aligncenter wp-image-8218 size-full\" src=\"https:\/\/congtybinhminh.com\/wp-content\/uploads\/2023\/05\/dao-cat-cam.webp\" alt=\"\" width=\"800\" height=\"600\" srcset=\"https:\/\/congtybinhminh.com\/wp-content\/uploads\/2023\/05\/dao-cat-cam.webp 800w, https:\/\/congtybinhminh.com\/wp-content\/uploads\/2023\/05\/dao-cat-cam-510x383.webp 510w, https:\/\/congtybinhminh.com\/wp-content\/uploads\/2023\/05\/dao-cat-cam-533x400.webp 533w, https:\/\/congtybinhminh.com\/wp-content\/uploads\/2023\/05\/dao-cat-cam-768x576.webp 768w\" sizes=\"auto, (max-width: 800px) 100vw, 800px\" \/><\/p>\n<p>K\u1ebft h\u1ee3p v\u1edbi m\u1eb7t s\u00e0ng l\u1eafp trong m\u00e1y, ng\u01b0\u1eddi d\u00f9ng c\u00f3 th\u1ec3 t\u1ea1o ra nh\u1eefng vi\u00ean c\u00e1m v\u1edbi k\u00edch c\u1ee1 to \u2013 nh\u1ecf kh\u00e1c nhau \u0111\u00e1p \u1ee9ng \u0111a d\u1ea1ng nhu c\u1ea7u s\u1eed d\u1ee5ng.<\/p>\n<h3><span id=\"Bang_dieu_khien_thong_minh\" class=\"ez-toc-section\"><\/span>B\u1ea3ng \u0111i\u1ec1u khi\u1ec3n th\u00f4ng minh<\/h3>\n<p>M\u00e1y \u0111\u01b0\u1ee3c trang b\u1ecb b\u1ea3ng \u0111i\u1ec1u khi\u1ec3n bi\u1ebfn t\u1ea7n g\u1ed3m: C\u00f4ng t\u1eafc nhi\u1ec7t, \u0111\u1ed3ng h\u1ed3 nhi\u1ec7t, \u0111\u00e8n b\u00e1o, c\u00f4ng t\u1eafc motor ch\u00ednh, c\u00f4ng t\u1eafc ch\u1ec9nh t\u1ed1c \u0111\u1ed9 b\u00f3n v\u00e0 dao c\u1eaft; c\u00f4ng t\u1eafc ngu\u1ed3n bi\u1ebfn t\u1ea7n; n\u00fat d\u1eebng kh\u1ea9n c\u1ea5p b\u1ea3o \u0111\u1ea3m an to\u00e0n khi d\u1eebng.<\/p>\n<p><img loading=\"lazy\" decoding=\"async\" class=\"aligncenter wp-image-8219 size-full\" src=\"https:\/\/congtybinhminh.com\/wp-content\/uploads\/2023\/05\/dun-vien-80k-7.webp\" alt=\"\" width=\"800\" height=\"600\" srcset=\"https:\/\/congtybinhminh.com\/wp-content\/uploads\/2023\/05\/dun-vien-80k-7.webp 800w, https:\/\/congtybinhminh.com\/wp-content\/uploads\/2023\/05\/dun-vien-80k-7-510x383.webp 510w, https:\/\/congtybinhminh.com\/wp-content\/uploads\/2023\/05\/dun-vien-80k-7-533x400.webp 533w, https:\/\/congtybinhminh.com\/wp-content\/uploads\/2023\/05\/dun-vien-80k-7-768x576.webp 768w\" sizes=\"auto, (max-width: 800px) 100vw, 800px\" \/><\/p>\n<p>Qua \u0111\u00f3, b\u1ea3o \u0111\u1ea3m an to\u00e0n khi s\u1eed d\u1ee5ng nh\u1ea5t l\u00e0 khi m\u00e1y c\u00f3 s\u1ef1 c\u1ed1 qu\u00e1 t\u1ea3i hay ch\u1eadp \u0111i\u1ec7n.<\/p>\n<h2><span id=\"Uu_diem_khi_dung_may_dun_vien_thuc_an_chan_nuoi_80K\" class=\"ez-toc-section\"><\/span>\u01afu \u0111i\u1ec3m khi d\u00f9ng m\u00e1y \u0111\u00f9n vi\u00ean th\u1ee9c \u0103n ch\u0103n nu\u00f4i 80K<\/h2>\n<p>M\u00e1y c\u1ea5p li\u1ec7u b\u00e1n t\u1ef1 \u0111\u1ed9ng gi\u00fap ng\u01b0\u1eddi d\u00f9ng d\u1ec5 d\u00e0ng ki\u1ec3m so\u00e1t nguy\u00ean li\u1ec7u \u0111\u1ea7u \u00e9p, ti\u1ebft ki\u1ec7m th\u1eddi gian v\u00e0 c\u00f4ng s\u1ee9c v\u1eadn h\u00e0nh<\/p>\n<p>K\u00edch th\u01b0\u1edbc l\u1ed7 s\u00e0ng kh\u00e1c nhau t\u1ea1o ra vi\u00ean c\u00e1m \u0111a d\u1ea1ng ph\u00f9 h\u1ee3p v\u1edbi nhi\u1ec1u lo\u1ea1i v\u1eadt nu\u00f4i \u0111\u00e1p \u1ee9ng\u00a0 nhu c\u1ea7u s\u1eed d\u1ee5ng<\/p>\n<p><img loading=\"lazy\" decoding=\"async\" class=\"aligncenter wp-image-8220 size-full\" src=\"https:\/\/congtybinhminh.com\/wp-content\/uploads\/2023\/05\/Thanh-pham-chat-luong.webp\" alt=\"\" width=\"800\" height=\"600\" srcset=\"https:\/\/congtybinhminh.com\/wp-content\/uploads\/2023\/05\/Thanh-pham-chat-luong.webp 800w, https:\/\/congtybinhminh.com\/wp-content\/uploads\/2023\/05\/Thanh-pham-chat-luong-510x383.webp 510w, https:\/\/congtybinhminh.com\/wp-content\/uploads\/2023\/05\/Thanh-pham-chat-luong-533x400.webp 533w, https:\/\/congtybinhminh.com\/wp-content\/uploads\/2023\/05\/Thanh-pham-chat-luong-768x576.webp 768w\" sizes=\"auto, (max-width: 800px) 100vw, 800px\" \/><\/p>\n<p>Vi\u00ean c\u00e1m sau khi \u00e9p \u0111\u01b0\u1ee3c l\u00e0m ch\u00edn c\u00f3 th\u1ec3 n\u1ed1i tr\u00ean m\u1eb7t n\u01b0\u1edbc. H\u01a1n n\u1eefa, h\u1ea1n ch\u1ebf \u0111\u01b0\u1ee3c hi\u1ec7n t\u01b0\u1ee3ng n\u1ea5m m\u1ed1c.<\/p>\n<p>Ngo\u00e0i ra, \u0111\u1ed1i v\u1edbi nh\u1eefng h\u1ed9 ch\u0103n nu\u00f4i \u0111i\u1ec7n y\u1ebfu, \u0111i\u1ec7n kh\u00f4ng \u0111\u1ee7 t\u1ea3i c\u00f3 th\u1ec3 d\u00f9ng m\u00e1y \u0111\u1ea7u n\u1ed5 \u0111\u1ec3 ch\u1ea1y m\u00e1y:\u00a0<strong>m\u00e1y \u0111\u00f9n vi\u00ean 80k l\u1eafp \u0111\u1ea7u n\u1ed5<\/strong><\/p>\n<h2>Th\u00f4ng s\u1ed1 k\u1ef9 thu\u1eadt<\/h2>\n<table border=\"1\" width=\"1005\">\n<tbody>\n<tr>\n<td>C\u00f4ng su\u1ea5t \u0111\u1ed9ng c\u01a1<\/td>\n<td>\u00a011 kw<\/td>\n<\/tr>\n<tr>\n<td>\u00a0Ngu\u1ed3n \u0111i\u1ec7n<\/td>\n<td>\u00a0380V<\/td>\n<\/tr>\n<tr>\n<td>\u00a0T\u1ed1c \u0111\u1ed9<\/td>\n<td>\u00a01450 (v\u00f2ng\/ph\u00fat)<\/td>\n<\/tr>\n<tr>\n<td width=\"404\">N\u0103ng su\u1ea5t<\/td>\n<td>\u00a060 &#8211; 80 (kg\/gi\u1edd)<\/td>\n<\/tr>\n<tr>\n<td width=\"404\">K\u00edch th\u01b0\u1edbc (D*C*R)<\/td>\n<td>157 x 130 x 127 cm<\/td>\n<\/tr>\n<tr>\n<td>Tr\u1ecdng l\u01b0\u1ee3ng<\/td>\n<td><\/td>\n<\/tr>\n<tr>\n<td>B\u1ea3o h\u00e0nh<\/td>\n<td>06 th\u00e1ng<\/td>\n<\/tr>\n<\/tbody>\n<\/table>\n<div class=\"divTable blueTable\">\n<div class=\"divTableBody\">\n<div class=\"divTableRow\">\n<div class=\"divTableCell\"><\/div>\n<\/div>\n<\/div>\n<\/div>\n","protected":false},"excerpt":{"rendered":"<ul>\n<li><strong>H\u00e3ng s\u1ea3n xu\u1ea5t:<\/strong> B\u00ecnh Minh<\/li>\n<li><strong>C\u00f4ng su\u1ea5t \u0111\u1ed9ng c\u01a1:<\/strong>\u00a011kw<\/li>\n<li><strong>Ngu\u1ed3n \u0111i\u1ec7n:<\/strong>\u00a0380V<\/li>\n<li><strong>T\u1ed1c \u0111\u1ed9:<\/strong>\u00a01450 v\/p<\/li>\n<li><strong>K\u00edch th\u01b0\u1edbc (D*C*R):<\/strong>\u00a0157*130*127 cm<\/li>\n<li><strong>T\u00ednh n\u0103ng:<\/strong>\u00a0M\u00e1y chuy\u00ean d\u00f9ng \u0111\u00f9n \u2013 \u00e9p h\u1ed7n h\u1ee3p b\u1ed9t c\u00e1m, c\u00e1m ng\u00f4\u2026 t\u1ea1o th\u00e0nh vi\u00ean l\u00e0m th\u1ee9c \u0103n cho c\u00e1, l\u01b0\u01a1n, \u1ebfch.. v\u00e0 nhi\u1ec1u lo\u1ea1i gia s\u00fac kh\u00e1c<\/li>\n<\/ul>\n","protected":false},"featured_media":10327,"comment_status":"closed","ping_status":"closed","template":"","meta":[],"product_brand":[],"product_cat":[42],"product_tag":[],"class_list":{"0":"post-8210","1":"product","2":"type-product","3":"status-publish","4":"has-post-thumbnail","6":"product_cat-may-dun-vien","8":"first","9":"instock","10":"shipping-taxable","11":"product-type-simple"},"_links":{"self":[{"href":"https:\/\/congtybinhminh.com\/index.php?rest_route=\/wp\/v2\/product\/8210","targetHints":{"allow":["GET"]}}],"collection":[{"href":"https:\/\/congtybinhminh.com\/index.php?rest_route=\/wp\/v2\/product"}],"about":[{"href":"https:\/\/congtybinhminh.com\/index.php?rest_route=\/wp\/v2\/types\/product"}],"replies":[{"embeddable":true,"href":"https:\/\/congtybinhminh.com\/index.php?rest_route=%2Fwp%2Fv2%2Fcomments&post=8210"}],"wp:featuredmedia":[{"embeddable":true,"href":"https:\/\/congtybinhminh.com\/index.php?rest_route=\/wp\/v2\/media\/10327"}],"wp:attachment":[{"href":"https:\/\/congtybinhminh.com\/index.php?rest_route=%2Fwp%2Fv2%2Fmedia&parent=8210"}],"wp:term":[{"taxonomy":"product_brand","embeddable":true,"href":"https:\/\/congtybinhminh.com\/index.php?rest_route=%2Fwp%2Fv2%2Fproduct_brand&post=8210"},{"taxonomy":"product_cat","embeddable":true,"href":"https:\/\/congtybinhminh.com\/index.php?rest_route=%2Fwp%2Fv2%2Fproduct_cat&post=8210"},{"taxonomy":"product_tag","embeddable":true,"href":"https:\/\/congtybinhminh.com\/index.php?rest_route=%2Fwp%2Fv2%2Fproduct_tag&post=8210"}],"curies":[{"name":"wp","href":"https:\/\/api.w.org\/{rel}","templated":true}]}}