{"id":8185,"date":"2023-05-19T11:00:26","date_gmt":"2023-05-19T04:00:26","guid":{"rendered":"https:\/\/congtybinhminh.com\/?post_type=product&#038;p=8185"},"modified":"2023-06-18T16:08:05","modified_gmt":"2023-06-18T09:08:05","slug":"may-rang-hat-da-nang-r50","status":"publish","type":"product","link":"https:\/\/congtybinhminh.com\/?product=may-rang-hat-da-nang-r50","title":{"rendered":"M\u00e1y rang h\u1ea1t \u0111a n\u0103ng R50"},"content":{"rendered":"<h2>Video m\u00e1y rang \u0111a n\u0103ng R50<\/h2>\n<p><iframe loading=\"lazy\" title=\"C\u00f4ng Ty B\u00ecnh Minh: M\u00e1y Rang \u0110a N\u0103ng R50 Rang Ch\u00edn Nhanh Ch\u00edn \u0110\u1ec1u \u0110\u1eb9p L\u1ea1c\" width=\"1020\" height=\"574\" src=\"https:\/\/www.youtube.com\/embed\/UzQArAu6LJU?start=38&#038;feature=oembed\" frameborder=\"0\" allow=\"accelerometer; autoplay; clipboard-write; encrypted-media; gyroscope; picture-in-picture; web-share\" allowfullscreen><\/iframe><\/p>\n<h2>Gi\u1edbi thi\u1ec7u m\u00e1y rang \u0111a n\u0103ng R50<\/h2>\n<p>\u0110\u1ec3 gi\u00fap m\u1ecdi ng\u01b0\u1eddi c\u00f3 th\u1ec3 rang th\u00e0nh ph\u1ea9m m\u1ed9t c\u00e1ch ch\u00edn \u0111\u1ec1u, \u0111\u1eb9p m\u1eaft m\u00e0 kh\u00f4ng lo t\u1ed1n th\u1eddi gian v\u00e0 c\u00f4ng s\u1ee9c, B\u00ecnh Minh \u0111\u00e3 cho ra \u0111\u1eddi d\u00f2ng m\u00e1y rang h\u1ea1t \u0111a n\u0103ng R50 v\u1edbi t\u00ednh n\u0103ng rang \u0111a d\u1ea1ng c\u00e1c lo\u1ea1i nguy\u00ean li\u1ec7u nh\u01b0: h\u01b0\u1edbng d\u01b0\u01a1ng, h\u1ea1t d\u1ebb, h\u1ea1t \u0111i\u1ec1u. \u0111\u1ed7&#8230;<\/p>\n<figure id=\"attachment_8191\" aria-describedby=\"caption-attachment-8191\" style=\"width: 800px\" class=\"wp-caption aligncenter\"><img loading=\"lazy\" decoding=\"async\" class=\"wp-image-8191 size-full\" src=\"https:\/\/congtybinhminh.com\/wp-content\/uploads\/2023\/05\/may-rang-r50-4.webp\" alt=\"\" width=\"800\" height=\"600\" srcset=\"https:\/\/congtybinhminh.com\/wp-content\/uploads\/2023\/05\/may-rang-r50-4.webp 800w, https:\/\/congtybinhminh.com\/wp-content\/uploads\/2023\/05\/may-rang-r50-4-510x383.webp 510w, https:\/\/congtybinhminh.com\/wp-content\/uploads\/2023\/05\/may-rang-r50-4-533x400.webp 533w, https:\/\/congtybinhminh.com\/wp-content\/uploads\/2023\/05\/may-rang-r50-4-768x576.webp 768w\" sizes=\"auto, (max-width: 800px) 100vw, 800px\" \/><figcaption id=\"caption-attachment-8191\" class=\"wp-caption-text\">M\u00e1y rang \u0111a n\u0103ng R50<\/figcaption><\/figure>\n<h2><span id=\"Nhung_uu_diem_cua_may_rang_hat_da_nang_R50\" class=\"ez-toc-section\"><\/span>Nh\u1eefng \u01b0u \u0111i\u1ec3m c\u1ee7a m\u00e1y rang h\u1ea1t \u0111a n\u0103ng R50<\/h2>\n<p>M\u00e1y c\u00f3 th\u1ec3 rang \u0111\u01b0\u1ee3c \u0111a d\u1ea1ng c\u00e1c lo\u1ea1i nguy\u00ean li\u1ec7u<\/p>\n<p>Th\u00e0nh ph\u1ea9m sau khi rang v\u1eabn gi\u1eef nguy\u00ean h\u01b0\u01a1ng v\u1ecb v\u00e0 m\u00e0u s\u1eafc<\/p>\n<figure id=\"attachment_8192\" aria-describedby=\"caption-attachment-8192\" style=\"width: 800px\" class=\"wp-caption aligncenter\"><img loading=\"lazy\" decoding=\"async\" class=\"wp-image-8192 size-full\" src=\"https:\/\/congtybinhminh.com\/wp-content\/uploads\/2023\/05\/thanh-pham-12.webp\" alt=\"\" width=\"800\" height=\"400\" srcset=\"https:\/\/congtybinhminh.com\/wp-content\/uploads\/2023\/05\/thanh-pham-12.webp 800w, https:\/\/congtybinhminh.com\/wp-content\/uploads\/2023\/05\/thanh-pham-12-510x255.webp 510w, https:\/\/congtybinhminh.com\/wp-content\/uploads\/2023\/05\/thanh-pham-12-768x384.webp 768w\" sizes=\"auto, (max-width: 800px) 100vw, 800px\" \/><figcaption id=\"caption-attachment-8192\" class=\"wp-caption-text\">Th\u00e0nh ph\u1ea9m ch\u00edn \u0111\u1ec1u, \u0111\u1eb9p m\u1eaft<\/figcaption><\/figure>\n<p>M\u00e1y rang h\u1ea1t \u0111a n\u0103ng R50 l\u00e0 s\u1ea3n ph\u1ea9m ti\u1ec7n l\u1ee3i v\u00e0 r\u1ea5t h\u1eefu \u00edch, ph\u00f9 h\u1ee3p v\u1edbi m\u1ecdi h\u1ed9 gia \u0111\u00ecnh.<\/p>\n<p>Thi\u1ebft k\u1ebf \u1ed1ng tho\u00e1t nhi\u1ec7t c\u00f3 nhi\u1ec7m v\u1ee5 h\u00fat h\u01a1i n\u01b0\u1edbc \u1edf trong l\u1ed3ng rang ra ngo\u00e0i l\u00e0m cho s\u1ea3n ph\u1ea9m \u0111\u01b0\u1ee3c ch\u00edn nhanh h\u01a1n.<\/p>\n<h2><span id=\"Nhung_tinh_nang_noi_bat_cua_may_rang_hat_da_nang_R50\" class=\"ez-toc-section\"><\/span>Nh\u1eefng t\u00ednh n\u0103ng n\u1ed5i b\u1eadt c\u1ee7a m\u00e1y rang h\u1ea1t \u0111a n\u0103ng R50<\/h2>\n<p>Thi\u1ebft k\u1ebf b\u00e1nh xe thu\u1eadn ti\u1ec7n cho qu\u00e1 tr\u00ecnh di chuy\u1ec3n m\u00e1y, d\u1ec5 d\u00e0ng \u0111\u1eb7t m\u00e1y \u0111\u1ebfn m\u1ecdi v\u1ecb tr\u00ed<\/p>\n<p><img loading=\"lazy\" decoding=\"async\" class=\"aligncenter wp-image-8196 size-full\" src=\"https:\/\/congtybinhminh.com\/wp-content\/uploads\/2023\/05\/may-rang-r50-5.webp\" alt=\"\" width=\"800\" height=\"600\" srcset=\"https:\/\/congtybinhminh.com\/wp-content\/uploads\/2023\/05\/may-rang-r50-5.webp 800w, https:\/\/congtybinhminh.com\/wp-content\/uploads\/2023\/05\/may-rang-r50-5-510x383.webp 510w, https:\/\/congtybinhminh.com\/wp-content\/uploads\/2023\/05\/may-rang-r50-5-533x400.webp 533w, https:\/\/congtybinhminh.com\/wp-content\/uploads\/2023\/05\/may-rang-r50-5-768x576.webp 768w\" sizes=\"auto, (max-width: 800px) 100vw, 800px\" \/><\/p>\n<p>M\u00e1y s\u1eed d\u1ee5ng \u0111\u1ed9ng c\u01a1 1,5kw, ngu\u1ed3n \u0111i\u1ec7n 380V, cho n\u0103ng su\u1ea5t v\u00f4 c\u00f9ng cao t\u1eeb <strong>40-45kg\/m\u1ebb<\/strong>, \u0111em l\u1ea1i n\u0103ng su\u1ea5t, ch\u1ea5t l\u01b0\u1ee3ng hi\u1ec7u qu\u1ea3 kinh t\u1ebf cao<\/p>\n<p>L\u1ed3ng rang c\u00f3 3 c\u00e1nh \u0111\u1ea3o gi\u00fap cho s\u1ea3n ph\u1ea9m \u0111\u01b0\u1ee3c rang ch\u00edn nhanh, ch\u00edn \u0111\u1ec1u trong m\u1ed9t th\u1eddi gian ng\u1eafn m\u00e0 kh\u00f4ng t\u1ed1n nh\u00e2n c\u00f4ng lao \u0111\u1ed9ng.<\/p>\n<h2><span id=\"Cau_tao_cua_may_rang_hat_da_nang_R50\" class=\"ez-toc-section\"><\/span>C\u1ea5u t\u1ea1o c\u1ee7a m\u00e1y rang h\u1ea1t \u0111a n\u0103ng R50<\/h2>\n<p>M\u00e1y \u0111\u01b0\u1ee3c thi\u1ebft k\u1ebf ch\u1eafc ch\u1eafn, c\u00e1nh c\u1eeda c\u00f3 ch\u1ed1t \u0111\u00f3ng m\u1edf thu\u1eadn ti\u1ec7n cho vi\u1ec7c ki\u1ec3m tra c\u00e1c b\u1ed9 ph\u1eadn ph\u00e1t nhi\u1ec7t, ph\u00e1t \u0111i\u1ec7n.<\/p>\n<p><img loading=\"lazy\" decoding=\"async\" class=\"aligncenter wp-image-8187 size-full\" src=\"https:\/\/congtybinhminh.com\/wp-content\/uploads\/2023\/05\/cau-tao-may-rang-r50.webp\" alt=\"\" width=\"800\" height=\"600\" srcset=\"https:\/\/congtybinhminh.com\/wp-content\/uploads\/2023\/05\/cau-tao-may-rang-r50.webp 800w, https:\/\/congtybinhminh.com\/wp-content\/uploads\/2023\/05\/cau-tao-may-rang-r50-510x383.webp 510w, https:\/\/congtybinhminh.com\/wp-content\/uploads\/2023\/05\/cau-tao-may-rang-r50-533x400.webp 533w, https:\/\/congtybinhminh.com\/wp-content\/uploads\/2023\/05\/cau-tao-may-rang-r50-768x576.webp 768w\" sizes=\"auto, (max-width: 800px) 100vw, 800px\" \/><\/p>\n<h3><span id=\"Toa_nap_nguyen_lieu\" class=\"ez-toc-section\"><\/span>Toa n\u1ea1p nguy\u00ean li\u1ec7u<\/h3>\n<p>Toa n\u1ea1p \u0111\u01b0\u1ee3c thi\u1ebft k\u1ebf d\u1ea1ng h\u00ecnh ph\u1ec5u, c\u00f3 th\u1ec3 g\u1eadp l\u00ean g\u1eadp xu\u1ed1ng gi\u00fap cho nguy\u00ean li\u1ec7u \u0111\u01b0\u1ee3c \u0111\u01b0a xu\u1ed1ng l\u1ed3ng rang m\u1ed9t c\u00e1ch d\u1ec5 d\u00e0ng.<\/p>\n<figure id=\"attachment_8193\" aria-describedby=\"caption-attachment-8193\" style=\"width: 800px\" class=\"wp-caption aligncenter\"><img loading=\"lazy\" decoding=\"async\" class=\"wp-image-8193 size-full\" src=\"https:\/\/congtybinhminh.com\/wp-content\/uploads\/2023\/05\/Toa-nap-8.webp\" alt=\"\" width=\"800\" height=\"400\" srcset=\"https:\/\/congtybinhminh.com\/wp-content\/uploads\/2023\/05\/Toa-nap-8.webp 800w, https:\/\/congtybinhminh.com\/wp-content\/uploads\/2023\/05\/Toa-nap-8-510x255.webp 510w, https:\/\/congtybinhminh.com\/wp-content\/uploads\/2023\/05\/Toa-nap-8-768x384.webp 768w\" sizes=\"auto, (max-width: 800px) 100vw, 800px\" \/><figcaption id=\"caption-attachment-8193\" class=\"wp-caption-text\">Toa n\u1ea1p nguy\u00ean li\u1ec7u<\/figcaption><\/figure>\n<h3><span id=\"He_thong_rang\" class=\"ez-toc-section\"><\/span>H\u1ec7 th\u1ed1ng rang<\/h3>\n<p>Tr\u00ean n\u1eafp l\u1ed3ng rang \u0111\u01b0\u1ee3c thi\u1ebft k\u1ebf \u1ed1ng tho\u00e1t nhi\u1ec7t gi\u00fap cho l\u01b0\u1ee3ng nhi\u1ec7t b\u00ean trong m\u00e1y \u0111\u01b0\u1ee3c tho\u00e1t ra ngo\u00e0i, \u0111\u1ea3m b\u1ea3o m\u00e1y v\u1eadn h\u00e0nh \u0111\u01b0\u1ee3c hi\u1ec7u qu\u1ea3.<\/p>\n<p>L\u1ed3ng rang r\u1ed9ng r\u00e3i c\u00f3 th\u1ec3 rang t\u1ed1i \u0111a 40-45kg trong m\u1ed9t m\u1ebb. B\u00ean trong \u0111\u01b0\u1ee3c trang b\u1ecb c\u00e1c c\u00e1nh \u0111\u1ea3o c\u00f3 nhi\u1ec7m v\u1ee5 \u0111\u1ea3o \u0111\u1ec1u, ch\u00edn c\u00e1c lo\u1ea1i nguy\u00ean li\u1ec7u.<\/p>\n<figure id=\"attachment_8194\" aria-describedby=\"caption-attachment-8194\" style=\"width: 800px\" class=\"wp-caption aligncenter\"><img loading=\"lazy\" decoding=\"async\" class=\"wp-image-8194 size-full\" src=\"https:\/\/congtybinhminh.com\/wp-content\/uploads\/2023\/05\/Long-rang-2.webp\" alt=\"\" width=\"800\" height=\"600\" srcset=\"https:\/\/congtybinhminh.com\/wp-content\/uploads\/2023\/05\/Long-rang-2.webp 800w, https:\/\/congtybinhminh.com\/wp-content\/uploads\/2023\/05\/Long-rang-2-510x383.webp 510w, https:\/\/congtybinhminh.com\/wp-content\/uploads\/2023\/05\/Long-rang-2-533x400.webp 533w, https:\/\/congtybinhminh.com\/wp-content\/uploads\/2023\/05\/Long-rang-2-768x576.webp 768w\" sizes=\"auto, (max-width: 800px) 100vw, 800px\" \/><figcaption id=\"caption-attachment-8194\" class=\"wp-caption-text\">L\u1ed3ng rang<\/figcaption><\/figure>\n<p>H\u1ec7 th\u1ed1ng ph\u00e1t nhi\u1ec7t g\u1ed3m 21 thanh nhi\u1ec7t, m\u1ed7i thanh nhi\u1ec7t c\u00f3 c\u00f4ng su\u1ea5t l\u00e0 500W ho\u1eb7c 800W t\u00f9y theo ngu\u1ed3n \u0111i\u1ec7n c\u1ee7a h\u1ed9 gia \u0111\u00ecnh kinh doanh. H\u1ec7 th\u1ed1ng thanh nhi\u1ec7t \u0111\u01b0\u1ee3c ch\u1ea1y d\u1ecdc l\u1ed3ng rang c\u00f3 nhi\u1ec7m v\u1ee5 t\u1ea1o nhi\u1ec7t \u0111\u1ec3 l\u00e0m ch\u00edn nguy\u00ean li\u1ec7u.<\/p>\n<h3><span id=\"Bang_dieu_khien_hien_dai\" class=\"ez-toc-section\"><\/span>B\u1ea3ng \u0111i\u1ec1u khi\u1ec3n hi\u1ec7n \u0111\u1ea1i<\/h3>\n<p>B\u1ea3ng \u0111i\u1ec1u ch\u1ec9nh nhi\u1ec7t \u0111\u1ed9 \u0111\u01b0\u1ee3c s\u1eed d\u1ee5ng d\u1ec5 d\u00e0ng g\u1ed3m: c\u00f4ng t\u1eafc m\u1edf, \u0111\u00e8n b\u00e1o, c\u00f4ng t\u1eafc \u0111\u1ea3o chi\u1ec1u, \u0111\u1ed3ng h\u1ed3 nhi\u1ec7t, \u0111\u1ed3ng h\u1ed3 h\u1eb9n gi\u1edd gi\u00fap ng\u01b0\u1eddi s\u1eed d\u1ee5ng m\u00e1y m\u1ed9t c\u00e1ch d\u1ec5 d\u00e0ng, ti\u1ebft ki\u1ec7m th\u1eddi gian v\u00e0 s\u1ee9c lao \u0111\u1ed9ng.<\/p>\n<p><img loading=\"lazy\" decoding=\"async\" class=\"aligncenter wp-image-8195 size-full\" src=\"https:\/\/congtybinhminh.com\/wp-content\/uploads\/2023\/05\/bang-dieu-khien-1.webp\" alt=\"\" width=\"800\" height=\"600\" srcset=\"https:\/\/congtybinhminh.com\/wp-content\/uploads\/2023\/05\/bang-dieu-khien-1.webp 800w, https:\/\/congtybinhminh.com\/wp-content\/uploads\/2023\/05\/bang-dieu-khien-1-510x383.webp 510w, https:\/\/congtybinhminh.com\/wp-content\/uploads\/2023\/05\/bang-dieu-khien-1-533x400.webp 533w, https:\/\/congtybinhminh.com\/wp-content\/uploads\/2023\/05\/bang-dieu-khien-1-768x576.webp 768w\" sizes=\"auto, (max-width: 800px) 100vw, 800px\" \/><\/p>\n<p>\u0110\u1eb7c bi\u1ec7t, v\u1edbi thi\u1ebft k\u1ebf d\u00e2y ch\u1ed1ng ti\u1ebfp m\u00e1t ch\u1ed1ng gi\u1eadt, \u0111\u1ea3m b\u1ea3o an to\u00e0n cho ng\u01b0\u1eddi\u00a0s\u1eed d\u1ee5ng.<\/p>\n<p>S\u1eed d\u1ee5ng ngu\u1ed3n \u0111i\u1ec7n 3 pha(380V), ph\u00f9 h\u1ee3p v\u1edbi c\u00e1c h\u1ed9 gia \u0111\u00ecnh kinh doanh c\u00e1c lo\u1ea1i h\u1ea1t.<\/p>\n<h2><span id=\"Nhung_luu_y_khi_su_dung_may_rang_hat_da_nang_R50\" class=\"ez-toc-section\"><\/span>Nh\u1eefng l\u01b0u \u00fd khi s\u1eed d\u1ee5ng m\u00e1y rang h\u1ea1t \u0111a n\u0103ng R50<\/h2>\n<p>\u0110\u1eb7t m\u00e1y \u1edf nh\u1eefng n\u01a1i b\u1eb1ng ph\u1eb3ng \u0111\u1ec3 tr\u00e1nh rung l\u1eafc trong qu\u00e1 tr\u00ecnh m\u00e1y v\u1eadn h\u00e0nh<\/p>\n<p>Cho m\u00e1y ch\u1ea1y kh\u00f4ng t\u1ea3i ki\u1ec3m tra \u1ed5n \u0111\u1ecbnh \u0111\u1ed9ng c\u01a1 tr\u01b0\u1edbc khi b\u1eaft \u0111\u1ea7u v\u1eadn h\u00e0nh<\/p>\n<p>N\u00ean ph\u00e2n lo\u1ea1i nguy\u00ean li\u1ec7u v\u00e0 c\u00e0i \u0111\u1eb7t nhi\u1ec7t \u0111\u1ed9 th\u00edch h\u1ee3p theo t\u1eebng lo\u1ea1i nguy\u00ean li\u1ec7u<\/p>\n<p>V\u1ec7 sinh m\u00e1y s\u1ea1ch s\u1ebd sau m\u1ed7i l\u1ea7n s\u1eed d\u1ee5ng.<\/p>\n<h2>Th\u00f4ng s\u1ed1 k\u1ef9 thu\u1eadt<\/h2>\n<table class=\"Table\" align=\"center\">\n<tbody>\n<tr>\n<td rowspan=\"3\" width=\"270\">\n<p align=\"center\">\u0110\u1ed9ng c\u01a1<\/p>\n<\/td>\n<td width=\"211\">\u00a0C\u00f4ng su\u1ea5t \u0111\u1ed9ng c\u01a1<\/td>\n<td width=\"210\">\n<p align=\"center\">1,5 kw<\/p>\n<\/td>\n<\/tr>\n<tr>\n<td width=\"211\">\u00a0Ngu\u1ed3n \u0111i\u1ec7n<\/td>\n<td width=\"210\">\n<p align=\"center\">\u00a0380 (V)<\/p>\n<\/td>\n<\/tr>\n<tr>\n<td width=\"211\">\u00a0C\u00f4ng su\u1ea5t ti\u00eau th\u1ee5 nhi\u1ec7t<\/td>\n<td width=\"210\">\n<p align=\"center\">21 thanh nhi\u1ec7t (m\u1ed7i thanh nhi\u1ec7t 500W \u2013 800W\/thanh nhi\u1ec7t)<\/p>\n<\/td>\n<\/tr>\n<tr>\n<td rowspan=\"2\" width=\"270\">\n<p align=\"center\">Tr\u1ecdng l\u01b0\u1ee3ng m\u00e1y<\/p>\n<\/td>\n<td width=\"211\">\u00a0Nguy\u00ean b\u1ed9<\/td>\n<td width=\"210\">\n<p align=\"center\">( kg)<\/p>\n<\/td>\n<\/tr>\n<tr>\n<td width=\"211\">\u00a0Kh\u00f4ng \u0111\u1ed9ng c\u01a1<\/td>\n<td width=\"210\">\n<p align=\"center\">( kg)<\/p>\n<\/td>\n<\/tr>\n<tr>\n<td rowspan=\"2\" width=\"270\">\n<p align=\"center\">B\u1ea3o h\u00e0nh<\/p>\n<\/td>\n<td width=\"211\">\u00a0K\u1ef9 thu\u1eadt<\/td>\n<td width=\"210\">\n<p align=\"center\">06\u00a0th\u00e1ng<\/p>\n<\/td>\n<\/tr>\n<tr>\n<td width=\"211\">\u00a0\u0110\u1ed9ng c\u01a1<\/td>\n<td width=\"210\">\n<p align=\"center\">Theo t\u1eebng h\u00e3ng s\u1ea3n xu\u1ea5t<\/p>\n<\/td>\n<\/tr>\n<tr>\n<td width=\"270\">\n<p align=\"center\">N\u0103ng su\u1ea5t<\/p>\n<\/td>\n<td colspan=\"2\" width=\"421\">\n<p align=\"center\">40-45 (kg\/m\u1ebb)<\/p>\n<\/td>\n<\/tr>\n<tr>\n<td width=\"270\">\n<p align=\"center\">K\u00edch th\u01b0\u1edbc ( D * C * R )<\/p>\n<\/td>\n<td colspan=\"2\" width=\"421\">\n<p align=\"center\">195cm*157cm*96cm<\/p>\n<\/td>\n<\/tr>\n<tr>\n<td width=\"270\">\n<p align=\"center\">H\u00ecnh th\u1ee9c thanh to\u00e1n<\/p>\n<\/td>\n<td colspan=\"2\" width=\"421\">Ti\u1ec1n m\u1eb7t ho\u1eb7c chuy\u1ec3n kho\u1ea3n<\/td>\n<\/tr>\n<\/tbody>\n<\/table>\n","protected":false},"excerpt":{"rendered":"<ul>\n<li>H\u00e3ng s\u1ea3n xu\u1ea5t: B\u00ecnh Minh<\/li>\n<li>Ngu\u1ed3n\u00a0\u0111i\u1ec7n:\u00a0\u00a0380V<\/li>\n<li>N\u0103ng su\u1ea5t:\u00a0 \u00a040-45kg\/m\u1ebb<\/li>\n<li>C\u00f4ng su\u1ea5t \u0111\u1ed9ng c\u01a1:\u00a0 1.5\u00a0kw<\/li>\n<li>C\u00f4ng su\u1ea5t ti\u00eau th\u1ee5 nhi\u1ec7t: 21 thanh nhi\u1ec7t, 800W\/thanh nhi\u1ec7t<\/li>\n<li>T\u00ednh n\u0103ng: m\u00e1y c\u00f3 ch\u1ee9c n\u0103ng\u00a0rang \u0111\u1ec1u, ch\u00edn c\u00e1c lo\u1ea1i nguy\u00ean li\u1ec7u: h\u1ea1t ti\u00eau,\u00a0h\u01b0\u1edbng d\u01b0\u01a1ng, \u0111\u1ed7, ng\u0169 c\u1ed1c,&#8230;<\/li>\n<\/ul>\n","protected":false},"featured_media":8186,"comment_status":"closed","ping_status":"closed","template":"","meta":[],"product_brand":[],"product_cat":[28],"product_tag":[],"class_list":{"0":"post-8185","1":"product","2":"type-product","3":"status-publish","4":"has-post-thumbnail","6":"product_cat-may-rang","8":"first","9":"instock","10":"shipping-taxable","11":"product-type-simple"},"_links":{"self":[{"href":"https:\/\/congtybinhminh.com\/index.php?rest_route=\/wp\/v2\/product\/8185","targetHints":{"allow":["GET"]}}],"collection":[{"href":"https:\/\/congtybinhminh.com\/index.php?rest_route=\/wp\/v2\/product"}],"about":[{"href":"https:\/\/congtybinhminh.com\/index.php?rest_route=\/wp\/v2\/types\/product"}],"replies":[{"embeddable":true,"href":"https:\/\/congtybinhminh.com\/index.php?rest_route=%2Fwp%2Fv2%2Fcomments&post=8185"}],"wp:featuredmedia":[{"embeddable":true,"href":"https:\/\/congtybinhminh.com\/index.php?rest_route=\/wp\/v2\/media\/8186"}],"wp:attachment":[{"href":"https:\/\/congtybinhminh.com\/index.php?rest_route=%2Fwp%2Fv2%2Fmedia&parent=8185"}],"wp:term":[{"taxonomy":"product_brand","embeddable":true,"href":"https:\/\/congtybinhminh.com\/index.php?rest_route=%2Fwp%2Fv2%2Fproduct_brand&post=8185"},{"taxonomy":"product_cat","embeddable":true,"href":"https:\/\/congtybinhminh.com\/index.php?rest_route=%2Fwp%2Fv2%2Fproduct_cat&post=8185"},{"taxonomy":"product_tag","embeddable":true,"href":"https:\/\/congtybinhminh.com\/index.php?rest_route=%2Fwp%2Fv2%2Fproduct_tag&post=8185"}],"curies":[{"name":"wp","href":"https:\/\/api.w.org\/{rel}","templated":true}]}}