{"id":8174,"date":"2023-05-18T09:59:14","date_gmt":"2023-05-18T02:59:14","guid":{"rendered":"https:\/\/congtybinhminh.com\/?post_type=product&#038;p=8174"},"modified":"2026-03-07T09:30:54","modified_gmt":"2026-03-07T02:30:54","slug":"may-dun-vien-thuc-an-chan-nuoi-40k-1-pha","status":"publish","type":"product","link":"https:\/\/congtybinhminh.com\/?product=may-dun-vien-thuc-an-chan-nuoi-40k-1-pha","title":{"rendered":"M\u00e1y \u0111\u00f9n vi\u00ean th\u1ee9c \u0103n ch\u0103n nu\u00f4i 40K &#8211; 1 pha"},"content":{"rendered":"<h2>Video ho\u1ea1t \u0111\u1ed9ng c\u1ee7a m\u00e1y<\/h2>\n<p><iframe loading=\"lazy\" title=\"B\u00e0n Giao Tr\u1ef1c Ti\u1ebfp T\u1ea1i X\u01b0\u1edfng Ma\u0301y E\u0301p Ca\u0301m Vi\u00ean N\u00f4\u0309i 40k \u0110\u00f4\u0323ng C\u01a1 \u0110i\u00ea\u0323n 1 Pha\" width=\"1020\" height=\"574\" src=\"https:\/\/www.youtube.com\/embed\/JWANogeNPhs?feature=oembed\" frameborder=\"0\" allow=\"accelerometer; autoplay; clipboard-write; encrypted-media; gyroscope; picture-in-picture; web-share\" referrerpolicy=\"strict-origin-when-cross-origin\" allowfullscreen><\/iframe><\/p>\n<h2>Gi\u1edbi thi\u1ec7u m\u00e1y \u0111\u00f9n vi\u00ean TACN 40K(1pha)<\/h2>\n<p>Kh\u00f4ng ph\u1ea3i h\u1ed9 ch\u0103n nu\u00f4i, trang tr\u1ea1i n\u00e0o c\u0169ng c\u00f3 \u0111i\u1ec7n 3 pha. Th\u00eam v\u00e0o \u0111\u00f3, vi\u1ec7c l\u1eafp \u0111i\u1ec7n 3 pha kh\u00e1 ph\u1ee9c t\u1ea1p v\u00e0 t\u1ed1n k\u00e9m. \u0110\u1ec3 gi\u1ea3i quy\u1ebft v\u1ea5n \u0111\u1ec1 tr\u00ean, c\u00f4ng ty B\u00ecnh Minh \u0111\u00e3 cho ra \u0111\u1eddi d\u00f2ng m\u00e1y \u0111\u00f9n vi\u00ean th\u1ee9c \u0103n ch\u0103n nu\u00f4i 40K &#8211; 1pha<\/p>\n<p><img loading=\"lazy\" decoding=\"async\" class=\"aligncenter wp-image-11281 size-full\" src=\"https:\/\/congtybinhminh.com\/wp-content\/uploads\/2023\/05\/may-dun-vien-thuc-an-chan-nuoi-40k-1-pha-binh-minh_result.webp\" alt=\"may-dun-vien-thuc-an-chan-nuoi-40k-1-pha-binh-minh_result\" width=\"800\" height=\"800\" srcset=\"https:\/\/congtybinhminh.com\/wp-content\/uploads\/2023\/05\/may-dun-vien-thuc-an-chan-nuoi-40k-1-pha-binh-minh_result.webp 800w, https:\/\/congtybinhminh.com\/wp-content\/uploads\/2023\/05\/may-dun-vien-thuc-an-chan-nuoi-40k-1-pha-binh-minh_result-400x400.webp 400w, https:\/\/congtybinhminh.com\/wp-content\/uploads\/2023\/05\/may-dun-vien-thuc-an-chan-nuoi-40k-1-pha-binh-minh_result-280x280.webp 280w, https:\/\/congtybinhminh.com\/wp-content\/uploads\/2023\/05\/may-dun-vien-thuc-an-chan-nuoi-40k-1-pha-binh-minh_result-768x768.webp 768w, https:\/\/congtybinhminh.com\/wp-content\/uploads\/2023\/05\/may-dun-vien-thuc-an-chan-nuoi-40k-1-pha-binh-minh_result-247x247.webp 247w, https:\/\/congtybinhminh.com\/wp-content\/uploads\/2023\/05\/may-dun-vien-thuc-an-chan-nuoi-40k-1-pha-binh-minh_result-510x510.webp 510w, https:\/\/congtybinhminh.com\/wp-content\/uploads\/2023\/05\/may-dun-vien-thuc-an-chan-nuoi-40k-1-pha-binh-minh_result-100x100.webp 100w\" sizes=\"auto, (max-width: 800px) 100vw, 800px\" \/><\/p>\n<p>M\u00e1y chuy\u00ean d\u00f9ng l\u00e0m ra vi\u00ean c\u00e1m n\u1ed5i, c\u00e1m ch\u00edn ph\u1ee5c v\u1ee5 cho vi\u1ec7c nu\u00f4i tr\u1ed3ng th\u1ee7y s\u1ea3n v\u00e0 ch\u0103n nu\u00f4i gia s\u00fac, gia c\u1ea7m.<\/p>\n<h2><span id=\"May_dun_vien_TACN_40K_1pha_co_gi_noi_troi_hon_so_voi_cac_dong_may_khac_tren_thi_truong\" class=\"ez-toc-section\"><\/span>M\u00e1y \u0111\u00f9n vi\u00ean TACN 40K (1pha) c\u00f3 g\u00ec n\u1ed5i tr\u1ed9i h\u01a1n so v\u1edbi c\u00e1c d\u00f2ng m\u00e1y kh\u00e1c tr\u00ean th\u1ecb tr\u01b0\u1eddng?<\/h2>\n<p>T\u1ea1o ra vi\u00ean c\u00e1m <strong>Tr\u00f2n \u2013 Ch\u00edn \u2013 N\u1ed5i\u00a0<\/strong>v\u1edbi nhi\u1ec1u k\u00edch th\u01b0\u1edbc m\u1eb7t s\u00e0ng kh\u00e1c nhau d\u00e0nh cho \u0111a d\u1ea1ng v\u1eadt nu\u00f4i nh\u01b0: c\u00e1, t\u00f4m, heo, g\u00e0, v\u1ecbt, chim\u2026 Gi\u00fap ng\u01b0\u1eddi s\u1eed d\u1ee5ng m\u1edf r\u1ed9ng quy m\u00f4, h\u01b0\u1edbng t\u1edbi m\u00f4 h\u00ecnh ch\u0103n nu\u00f4i t\u1ef1 \u0111\u1ed9ng h\u00f3a.<\/p>\n<p><img loading=\"lazy\" decoding=\"async\" class=\"aligncenter wp-image-11282 size-full\" src=\"https:\/\/congtybinhminh.com\/wp-content\/uploads\/2023\/05\/may-ep-cam-ca.jpg\" alt=\"may-ep-cam-ca\" width=\"800\" height=\"491\" srcset=\"https:\/\/congtybinhminh.com\/wp-content\/uploads\/2023\/05\/may-ep-cam-ca.jpg 800w, https:\/\/congtybinhminh.com\/wp-content\/uploads\/2023\/05\/may-ep-cam-ca-652x400.jpg 652w, https:\/\/congtybinhminh.com\/wp-content\/uploads\/2023\/05\/may-ep-cam-ca-768x471.jpg 768w, https:\/\/congtybinhminh.com\/wp-content\/uploads\/2023\/05\/may-ep-cam-ca-510x313.jpg 510w\" sizes=\"auto, (max-width: 800px) 100vw, 800px\" \/><\/p>\n<p>M\u00e1y \u0111\u01b0\u1ee3c thi\u1ebft k\u1ebf hi\u1ec7n \u0111\u1ea1i, ch\u1eafc ch\u1eafn. K\u00e9o ch\u1ea1y t\u1ea3i \u1ed5n \u0111\u1ecbnh v\u1edbi \u0111\u1ed9ng c\u01a1 3.5kw \u2013 ngu\u1ed3n \u0111i\u1ec7n 220V, gi\u00fap m\u00e1y \u0111\u1ea1t \u0111\u01b0\u1ee3c n\u0103ng su\u1ea5t trung b\u00ecnh l\u00ean t\u1edbi <strong>30 \u2013 40kg\/gi\u1edd<\/strong>.<\/p>\n<p>Gi\u00fap c\u00e1c h\u1ed9 ch\u0103n nu\u00f4i ch\u1ee7 \u0111\u1ed9ng \u0111\u01b0\u1ee3c ngu\u1ed3n ph\u1ed1i tr\u1ed9n v\u00e0 ch\u1ebf bi\u1ebfn th\u1ee9c \u0103n cho v\u1eadt nu\u00f4i trong t\u1eebng th\u1eddi \u0111i\u1ec3m.<\/p>\n<h2><span id=\"Cau_tao_cua_May_dun_vien_TACN_40K_1pha\" class=\"ez-toc-section\"><\/span>C\u1ea5u t\u1ea1o c\u1ee7a M\u00e1y \u0111\u00f9n vi\u00ean TACN 40K (1pha)<\/h2>\n<p>Khung m\u00e1y \u0111\u01b0\u1ee3c thi\u1ebft k\u1ebf nh\u1ecf g\u1ecdn, ch\u1eafc ch\u1eafn, ki\u1ec3u d\u00e1ng hi\u1ec7n \u0111\u1ea1i, kh\u00f4ng chi\u1ebfm qu\u00e1 nhi\u1ec1u di\u1ec7n t\u00edch ho\u1ea1t \u0111\u1ed9ng. T\u1ed5ng tr\u1ecdng l\u01b0\u1ee3ng c\u1ee7a m\u00e1y l\u00ean t\u1edbi 320kg \u0111\u00e3 bao g\u1ed3m c\u1ea3 \u0111\u1ed9ng c\u01a1<span id=\"1_Toa_chua_nguyen_lieu_va_toa_nap\" class=\"ez-toc-section\"><\/span><\/p>\n<p><img loading=\"lazy\" decoding=\"async\" class=\"aligncenter wp-image-11279 size-full\" src=\"https:\/\/congtybinhminh.com\/wp-content\/uploads\/2023\/05\/cau-tao-may-dun-vien-thuc-an-chan-nuoi-40k-cong-ty-binh-minh-result222-result_result.webp\" alt=\"cau-tao-may-dun-vien-thuc-an-chan-nuoi-40k-cong-ty-binh-minh-result222-result_result\" width=\"800\" height=\"680\" srcset=\"https:\/\/congtybinhminh.com\/wp-content\/uploads\/2023\/05\/cau-tao-may-dun-vien-thuc-an-chan-nuoi-40k-cong-ty-binh-minh-result222-result_result.webp 800w, https:\/\/congtybinhminh.com\/wp-content\/uploads\/2023\/05\/cau-tao-may-dun-vien-thuc-an-chan-nuoi-40k-cong-ty-binh-minh-result222-result_result-471x400.webp 471w, https:\/\/congtybinhminh.com\/wp-content\/uploads\/2023\/05\/cau-tao-may-dun-vien-thuc-an-chan-nuoi-40k-cong-ty-binh-minh-result222-result_result-768x653.webp 768w, https:\/\/congtybinhminh.com\/wp-content\/uploads\/2023\/05\/cau-tao-may-dun-vien-thuc-an-chan-nuoi-40k-cong-ty-binh-minh-result222-result_result-510x434.webp 510w\" sizes=\"auto, (max-width: 800px) 100vw, 800px\" \/><\/p>\n<p>Toa ch\u1ee9a \u0111\u01b0\u1ee3c thi\u1ebft k\u1ebf to r\u1ed9ng, trang b\u1ecb c\u00e1c c\u00e1nh \u0111\u1ea3o v\u00e0 tr\u1ee5c xo\u1eafn d\u00e0y d\u1eb7n. K\u1ebft h\u1ee3p v\u1edbi \u0111\u1ed9ng c\u01a1 ph\u1ee5 0.75kw, \u0111i\u1ec7n 220V h\u1ed7 tr\u1ee3 c\u1ea5p b\u00f3n nguy\u00ean li\u1ec7u t\u1ef1 \u0111\u1ed9ng t\u1eeb toa ch\u1ee9a xu\u1ed1ng toa n\u1ea1p.<\/p>\n<p><img loading=\"lazy\" decoding=\"async\" class=\"aligncenter wp-image-11280 size-full\" src=\"https:\/\/congtybinhminh.com\/wp-content\/uploads\/2023\/05\/toa-nap-may-dun-ca_result.webp\" alt=\"toa-nap-may-dun-ca_result\" width=\"800\" height=\"450\" srcset=\"https:\/\/congtybinhminh.com\/wp-content\/uploads\/2023\/05\/toa-nap-may-dun-ca_result.webp 800w, https:\/\/congtybinhminh.com\/wp-content\/uploads\/2023\/05\/toa-nap-may-dun-ca_result-711x400.webp 711w, https:\/\/congtybinhminh.com\/wp-content\/uploads\/2023\/05\/toa-nap-may-dun-ca_result-768x432.webp 768w, https:\/\/congtybinhminh.com\/wp-content\/uploads\/2023\/05\/toa-nap-may-dun-ca_result-510x287.webp 510w\" sizes=\"auto, (max-width: 800px) 100vw, 800px\" \/><\/p>\n<h3><span id=\"2_Truc_xoan_dun_ep_va_bo_phan_tao_nhiet\" class=\"ez-toc-section\"><\/span>Tr\u1ee5c xo\u1eafn \u0111\u00f9n \u00e9p v\u00e0 b\u1ed9 ph\u1eadn t\u1ea1o nhi\u1ec7t<\/h3>\n<p>Nguy\u00ean li\u1ec7u b\u1ed9t c\u00e1m s\u1ebd \u0111\u01b0\u1ee3c \u0111\u00f9n t\u1eeb t\u1eeb qua c\u00e1c r\u00e3nh tr\u00ean tr\u1ee5c xo\u1eafn \u0111i t\u1edbi b\u1ed9 ph\u1eadn t\u1ea1o nhi\u1ec7t \u0111\u1ec3 l\u00e0m ch\u00edn tr\u01b0\u1edbc khi \u0111i t\u1edbi b\u1ed9 ph\u1eadn dao c\u1eaft.<\/p>\n<p><img loading=\"lazy\" decoding=\"async\" class=\"aligncenter wp-image-11278 size-full\" src=\"https:\/\/congtybinhminh.com\/wp-content\/uploads\/2023\/05\/ep-cam-cho-ca_result.webp\" alt=\"ep-cam-cho-ca_result\" width=\"800\" height=\"444\" srcset=\"https:\/\/congtybinhminh.com\/wp-content\/uploads\/2023\/05\/ep-cam-cho-ca_result.webp 800w, https:\/\/congtybinhminh.com\/wp-content\/uploads\/2023\/05\/ep-cam-cho-ca_result-721x400.webp 721w, https:\/\/congtybinhminh.com\/wp-content\/uploads\/2023\/05\/ep-cam-cho-ca_result-768x426.webp 768w, https:\/\/congtybinhminh.com\/wp-content\/uploads\/2023\/05\/ep-cam-cho-ca_result-510x283.webp 510w\" sizes=\"auto, (max-width: 800px) 100vw, 800px\" \/><\/p>\n<p>Tr\u1ee5c xo\u1eafn \u0111\u00f9n \u00e9p \u0111\u01b0\u1ee3c k\u00e9o t\u1ea3i b\u1edfi 2 \u0111\u1ed9ng c\u01a1 3.5kw \u2013 1pha, v\u1edbi l\u1ef1c k\u00e9o kh\u1ecfe kho\u1eafn v\u00e0 ngu\u1ed3n \u0111i\u1ec7n \u1ed5n \u0111\u1ecbnh 220V s\u1ebd t\u1ea1o ra vi\u00ean c\u00e1m n\u1ed5i ch\u00edn v\u00e0 x\u1ed1p.<\/p>\n<h3><span id=\"3_Bo_phan_dao_cat_cam\" class=\"ez-toc-section\"><\/span>B\u1ed9 ph\u1eadn dao c\u1eaft c\u00e1m<\/h3>\n<p>\u0110\u01b0\u1ee3c ho\u1ea1t \u0111\u1ed9ng ri\u00eang bi\u1ec7t nh\u1edd 1 \u0111\u1ed9ng c\u01a1 ph\u1ee5 v\u00e0 \u0111\u01b0\u1ee3c \u0111i\u1ec1u khi\u1ec3n qua h\u1ec7 th\u1ed1ng t\u1ee7 \u0111i\u1ec7n hi\u1ec7n \u0111\u1ea1i.<\/p>\n<p><img loading=\"lazy\" decoding=\"async\" class=\"aligncenter wp-image-11277 size-full\" src=\"https:\/\/congtybinhminh.com\/wp-content\/uploads\/2023\/05\/dao-cat-cam_result.webp\" alt=\"dao-cat-cam_result\" width=\"800\" height=\"450\" srcset=\"https:\/\/congtybinhminh.com\/wp-content\/uploads\/2023\/05\/dao-cat-cam_result.webp 800w, https:\/\/congtybinhminh.com\/wp-content\/uploads\/2023\/05\/dao-cat-cam_result-711x400.webp 711w, https:\/\/congtybinhminh.com\/wp-content\/uploads\/2023\/05\/dao-cat-cam_result-768x432.webp 768w, https:\/\/congtybinhminh.com\/wp-content\/uploads\/2023\/05\/dao-cat-cam_result-510x287.webp 510w\" sizes=\"auto, (max-width: 800px) 100vw, 800px\" \/><\/p>\n<p>Bao g\u1ed3m 4 l\u01b0\u1ee1i dao c\u1eaft c\u00e1m c\u00f3 th\u1ec3 \u0111i\u1ec1u ch\u1ec9nh \u0111\u1ed9 ng\u1eafn \u2013 d\u00e0i hay vi\u00ean c\u00e1m tr\u00f2n \u2013 d\u1eb9t tr\u01b0\u1edbc khi vi\u00ean c\u00e1m r\u01a1i xu\u1ed1ng c\u1eeda x\u1ea3.<\/p>\n<h3><span id=\"4_Tu_dien_dieu_khien\" class=\"ez-toc-section\"><\/span>T\u1ee7 \u0111i\u1ec7n \u0111i\u1ec1u khi\u1ec3n<\/h3>\n<p>\u0110\u01b0\u1ee3c l\u1eafp \u0111\u1eb7t bi\u1ebfn t\u1ea7n hi\u1ec7n \u0111\u1ea1i, c\u00f3 ch\u00fa th\u00edch \u0111\u1ea7y \u0111\u1ee7 gi\u00fap ng\u01b0\u1eddi s\u1eed d\u1ee5ng d\u1ec5 d\u00e0ng v\u1eadn h\u00e0nh m\u00e1y.<\/p>\n<p><img loading=\"lazy\" decoding=\"async\" class=\"aligncenter wp-image-11276 size-full\" src=\"https:\/\/congtybinhminh.com\/wp-content\/uploads\/2023\/05\/bang-dieu-khien_result.webp\" alt=\"bang-dieu-khien_result\" width=\"800\" height=\"508\" srcset=\"https:\/\/congtybinhminh.com\/wp-content\/uploads\/2023\/05\/bang-dieu-khien_result.webp 800w, https:\/\/congtybinhminh.com\/wp-content\/uploads\/2023\/05\/bang-dieu-khien_result-630x400.webp 630w, https:\/\/congtybinhminh.com\/wp-content\/uploads\/2023\/05\/bang-dieu-khien_result-768x488.webp 768w, https:\/\/congtybinhminh.com\/wp-content\/uploads\/2023\/05\/bang-dieu-khien_result-510x324.webp 510w\" sizes=\"auto, (max-width: 800px) 100vw, 800px\" \/><\/p>\n<p>H\u1ec7 th\u1ed1ng t\u1ee7 \u0111i\u1ec7n s\u1ebd v\u1eadn h\u00e0nh to\u00e0n b\u1ed9 ho\u1ea1t \u0111\u1ed9ng c\u1ee7a m\u00e1y, bao g\u1ed3m b\u1ed9 ph\u1eadn b\u00f3n nguy\u00ean li\u1ec7u, tr\u1ee5c xo\u1eafn \u0111\u00f9n \u00e9p, b\u1ed9 ph\u1eadn t\u1ea1o nhi\u1ec7t v\u00e0 b\u1ed9 ph\u1eadn dao c\u1eaft c\u00e1m.<\/p>\n<h2><span id=\"Nhung_dieu_can_luu_y_khi_su_dung_May_dun_vien_TACN_40K_1pha\" class=\"ez-toc-section\"><\/span>Nh\u1eefng \u0111i\u1ec1u c\u1ea7n l\u01b0u \u00fd khi s\u1eed d\u1ee5ng M\u00e1y \u0111\u00f9n vi\u00ean TACN 40K 1pha<\/h2>\n<p>Nguy\u00ean li\u1ec7u \u1edf d\u1ea1ng b\u1ed9t \u0111\u01b0\u1ee3c tr\u1ed9n \u0111\u1ec1u v\u1edbi \u0111\u1ed9 \u1ea9m kho\u1ea3ng 10 \u2013 15%. N\u1ebfu h\u1ed7n h\u1ee3p \u1ea9m qu\u00e1 s\u1ebd b\u1ecb k\u1ebft d\u00ednh kh\u00f4ng \u0111\u00f9n \u0111\u01b0\u1ee3c th\u00e0nh vi\u00ean.<\/p>\n<p><img loading=\"lazy\" decoding=\"async\" class=\"aligncenter wp-image-11283 size-full\" src=\"https:\/\/congtybinhminh.com\/wp-content\/uploads\/2023\/05\/may-ep-cam-vien-cho-ca_result-1.webp\" alt=\"may-ep-cam-vien-cho-ca_result\" width=\"800\" height=\"600\" srcset=\"https:\/\/congtybinhminh.com\/wp-content\/uploads\/2023\/05\/may-ep-cam-vien-cho-ca_result-1.webp 800w, https:\/\/congtybinhminh.com\/wp-content\/uploads\/2023\/05\/may-ep-cam-vien-cho-ca_result-1-533x400.webp 533w, https:\/\/congtybinhminh.com\/wp-content\/uploads\/2023\/05\/may-ep-cam-vien-cho-ca_result-1-768x576.webp 768w, https:\/\/congtybinhminh.com\/wp-content\/uploads\/2023\/05\/may-ep-cam-vien-cho-ca_result-1-510x383.webp 510w\" sizes=\"auto, (max-width: 800px) 100vw, 800px\" \/><\/p>\n<p>\u0110i\u1ec1u ch\u1ec9nh t\u1ed1c \u0111\u1ed9 b\u00f3n nguy\u00ean li\u1ec7u v\u00e0 dao c\u1eaft c\u00e1m theo t\u1ef7 l\u1ec7 thu\u1eadn \u0111\u1ec3 l\u00e0m ra vi\u00ean c\u00e1m ra \u01b0ng \u00fd nh\u1ea5t.<\/p>\n<p>Nhi\u1ec7t \u0111\u1ed9 th\u01b0\u1eddng \u0111\u1ec3 l\u00e0 t\u1eeb 120 \u2013 150<sup>0<\/sup> C. M\u00e1y v\u1eadn h\u00e0nh v\u1edbi 4 \u0111\u1ed9ng c\u01a1 ( 2 \u0111\u1ed9ng c\u01a1 ch\u00ednh v\u00e0 2 \u0111\u1ed9ng c\u01a1 ph\u1ee5 ) n\u00ean lu\u00f4n ph\u1ea3i \u0111\u1ea3m b\u1ea3o ngu\u1ed3n \u0111i\u1ec7n cung c\u1ea5p \u0111\u1ee7 cho g\u1ea7n 10kw \u0111i\u1ec7n.<\/p>\n<h2>Th\u00f4ng s\u1ed1 k\u1ef9 thu\u1eadt<\/h2>\n<table border=\"1\" width=\"1005\">\n<tbody>\n<tr>\n<td>C\u00f4ng su\u1ea5t \u0111\u1ed9ng c\u01a1<\/td>\n<td>2 \u0111\u1ed9ng c\u01a1 3.5 kw<\/td>\n<\/tr>\n<tr>\n<td>\u00a0Ngu\u1ed3n \u0111i\u1ec7n<\/td>\n<td>\u00a0220V<\/td>\n<\/tr>\n<tr>\n<td>\u00a0T\u1ed1c \u0111\u1ed9<\/td>\n<td>\u00a01450 (v\u00f2ng\/ph\u00fat)<\/td>\n<\/tr>\n<tr>\n<td width=\"404\">N\u0103ng su\u1ea5t<\/td>\n<td>\u00a030-40 (kg\/gi\u1edd)<\/td>\n<\/tr>\n<tr>\n<td width=\"404\">K\u00edch th\u01b0\u1edbc (D*C*R)<\/td>\n<td>120*124*123cm<\/td>\n<\/tr>\n<tr>\n<td><\/td>\n<td><\/td>\n<\/tr>\n<tr>\n<td>B\u1ea3o h\u00e0nh<\/td>\n<td>06 th\u00e1ng<\/td>\n<\/tr>\n<\/tbody>\n<\/table>\n<p>&nbsp;<\/p>\n","protected":false},"excerpt":{"rendered":"<p>H\u00e3ng s\u1ea3n xu\u1ea5t : B\u00ecnh Minh<\/p>\n<p>C\u00f4ng su\u1ea5t \u0111\u1ed9ng c\u01a1: 2 \u0111\u1ed9ng c\u01a1 3.5kw<\/p>\n<p>Ngu\u1ed3n \u0111i\u1ec7n: 220V<\/p>\n<p>T\u1ed1c \u0111\u1ed9: 1450 v\/p<\/p>\n<p>N\u0103ng su\u1ea5t: 30 \u2013 40 kg\/gi\u1edd<\/p>\n<p>T\u00ednh n\u0103ng: M\u00e1y chuy\u00ean d\u00f9ng t\u1ea1o ra vi\u00ean c\u00e1m n\u1ed5i d\u00e0nh cho c\u00e1c v\u1eadt nu\u00f4i nh\u01b0 : c\u00e1, l\u01b0\u01a1n, \u1ebfch,\u2026 l\u1ee3n g\u00e0, chim..<\/p>\n","protected":false},"featured_media":11273,"comment_status":"closed","ping_status":"closed","template":"","meta":[],"product_brand":[],"product_cat":[42],"product_tag":[],"class_list":{"0":"post-8174","1":"product","2":"type-product","3":"status-publish","4":"has-post-thumbnail","6":"product_cat-may-dun-vien","8":"first","9":"instock","10":"shipping-taxable","11":"product-type-simple"},"_links":{"self":[{"href":"https:\/\/congtybinhminh.com\/index.php?rest_route=\/wp\/v2\/product\/8174","targetHints":{"allow":["GET"]}}],"collection":[{"href":"https:\/\/congtybinhminh.com\/index.php?rest_route=\/wp\/v2\/product"}],"about":[{"href":"https:\/\/congtybinhminh.com\/index.php?rest_route=\/wp\/v2\/types\/product"}],"replies":[{"embeddable":true,"href":"https:\/\/congtybinhminh.com\/index.php?rest_route=%2Fwp%2Fv2%2Fcomments&post=8174"}],"wp:featuredmedia":[{"embeddable":true,"href":"https:\/\/congtybinhminh.com\/index.php?rest_route=\/wp\/v2\/media\/11273"}],"wp:attachment":[{"href":"https:\/\/congtybinhminh.com\/index.php?rest_route=%2Fwp%2Fv2%2Fmedia&parent=8174"}],"wp:term":[{"taxonomy":"product_brand","embeddable":true,"href":"https:\/\/congtybinhminh.com\/index.php?rest_route=%2Fwp%2Fv2%2Fproduct_brand&post=8174"},{"taxonomy":"product_cat","embeddable":true,"href":"https:\/\/congtybinhminh.com\/index.php?rest_route=%2Fwp%2Fv2%2Fproduct_cat&post=8174"},{"taxonomy":"product_tag","embeddable":true,"href":"https:\/\/congtybinhminh.com\/index.php?rest_route=%2Fwp%2Fv2%2Fproduct_tag&post=8174"}],"curies":[{"name":"wp","href":"https:\/\/api.w.org\/{rel}","templated":true}]}}