{"id":8150,"date":"2023-05-16T15:23:35","date_gmt":"2023-05-16T08:23:35","guid":{"rendered":"https:\/\/congtybinhminh.com\/?post_type=product&#038;p=8150"},"modified":"2025-05-03T17:25:12","modified_gmt":"2025-05-03T10:25:12","slug":"may-bam-xo-dua-b350-dau-no","status":"publish","type":"product","link":"https:\/\/congtybinhminh.com\/?product=may-bam-xo-dua-b350-dau-no","title":{"rendered":"M\u00e1y b\u0103m x\u01a1 d\u1eeba B350 \u0111\u1ea7u n\u1ed5"},"content":{"rendered":"<h2>Video ho\u1ea1t \u0111\u1ed9ng<\/h2>\n<p><iframe loading=\"lazy\" title=\"C\u00f4ng Ty B\u00ecnh Minh Gi\u1edbi Thi\u1ec7u M\u00e1y B\u0103m X\u01a1 D\u1eeba B350 \u0110\u1ea7u N\u1ed5\" width=\"1020\" height=\"574\" src=\"https:\/\/www.youtube.com\/embed\/qFaueF6P78s?feature=oembed\" frameborder=\"0\" allow=\"accelerometer; autoplay; clipboard-write; encrypted-media; gyroscope; picture-in-picture; web-share\" referrerpolicy=\"strict-origin-when-cross-origin\" allowfullscreen><\/iframe><\/p>\n<h2>Gi\u1edbi thi\u1ec7u chung v\u1ec1 m\u00e1y b\u0103m x\u01a1 d\u1eeba B350 \u0111\u1ea7u n\u1ed5<\/h2>\n<p>C\u00f4ng ty B\u00ecnh Minh \u0111\u00e3 s\u1ea3n xu\u1ea5t v\u00e0 cho ra m\u1eaft d\u00f2ng s\u1ea3n ph\u1ea9m m\u00e1y b\u0103m x\u01a1 d\u1eeba B350 phi\u00ean b\u1ea3n l\u1eafp \u0111\u1ea7u n\u1ed5 d\u00e0nh cho c\u00e1c x\u01b0\u1edfng s\u1ea3n xu\u1ea5t c\u00f3 ngu\u1ed3n \u0111i\u1ec7n kh\u00f4ng \u1ed5n \u0111\u1ecbnh hay \u0111i\u1ec7n y\u1ebfu.<\/p>\n<figure id=\"attachment_8156\" aria-describedby=\"caption-attachment-8156\" style=\"width: 800px\" class=\"wp-caption aligncenter\"><img loading=\"lazy\" decoding=\"async\" class=\"wp-image-8156 size-full\" src=\"https:\/\/congtybinhminh.com\/wp-content\/uploads\/2023\/05\/may-bam-xo-dua-B350-dau-no-6.webp\" alt=\"\" width=\"800\" height=\"600\" srcset=\"https:\/\/congtybinhminh.com\/wp-content\/uploads\/2023\/05\/may-bam-xo-dua-B350-dau-no-6.webp 800w, https:\/\/congtybinhminh.com\/wp-content\/uploads\/2023\/05\/may-bam-xo-dua-B350-dau-no-6-510x383.webp 510w, https:\/\/congtybinhminh.com\/wp-content\/uploads\/2023\/05\/may-bam-xo-dua-B350-dau-no-6-533x400.webp 533w, https:\/\/congtybinhminh.com\/wp-content\/uploads\/2023\/05\/may-bam-xo-dua-B350-dau-no-6-768x576.webp 768w\" sizes=\"auto, (max-width: 800px) 100vw, 800px\" \/><figcaption id=\"caption-attachment-8156\" class=\"wp-caption-text\">M\u00e1y b\u0103m x\u01a1 d\u1eeba B350 \u0111\u1ea7u n\u1ed5<\/figcaption><\/figure>\n<p>M\u00e1y c\u00f3 t\u00ednh n\u0103ng b\u0103m nghi\u1ec1n nh\u1ecf c\u00e1c lo\u1ea1i v\u1ecf d\u1eeba t\u01b0\u01a1i\/kh\u00f4 ra th\u00e0nh m\u00f9n d\u1eeba, \u0111\u01b0\u1ee3c \u1ee9ng d\u1ee5ng ph\u1ed5 bi\u1ebfn trong tr\u1ed3ng tr\u1ecdt, ch\u0103n nu\u00f4i,\u2026<\/p>\n<h2><span id=\"May_bam_xo_dua_B350_co_diem_gi_noi_troi\" class=\"ez-toc-section\"><\/span>M\u00e1y b\u0103m x\u01a1 d\u1eeba B350 \u0111\u1ea7u n\u1ed5 c\u00f3 \u0111i\u1ec3m g\u00ec n\u1ed5i tr\u1ed9i?<\/h2>\n<p>M\u00e1y l\u1eafp \u0111\u1ea7u n\u1ed5 15Hp; cho n\u0103ng su\u1ea5t cao m\u00e0 kh\u00f4ng c\u1ea7n ph\u1ee5 thu\u1ed9c v\u00e0o ngu\u1ed3n \u0111i\u1ec7n. Ph\u00f9 h\u1ee3p c\u00e1c x\u01b0\u1edfng s\u1ea3n xu\u1ea5t v\u00e0 nh\u00e0 m\u00e1y ch\u1ebf bi\u1ebfn s\u1ea3n ph\u1ea9m m\u00f9n d\u1eeba quy m\u00f4 v\u1eeba v\u00e0 l\u1edbn.<\/p>\n<figure id=\"attachment_8158\" aria-describedby=\"caption-attachment-8158\" style=\"width: 800px\" class=\"wp-caption aligncenter\"><img loading=\"lazy\" decoding=\"async\" class=\"wp-image-8158 size-full\" src=\"https:\/\/congtybinhminh.com\/wp-content\/uploads\/2023\/05\/Dau-no-D15.webp\" alt=\"\" width=\"800\" height=\"600\" srcset=\"https:\/\/congtybinhminh.com\/wp-content\/uploads\/2023\/05\/Dau-no-D15.webp 800w, https:\/\/congtybinhminh.com\/wp-content\/uploads\/2023\/05\/Dau-no-D15-510x383.webp 510w, https:\/\/congtybinhminh.com\/wp-content\/uploads\/2023\/05\/Dau-no-D15-533x400.webp 533w, https:\/\/congtybinhminh.com\/wp-content\/uploads\/2023\/05\/Dau-no-D15-768x576.webp 768w\" sizes=\"auto, (max-width: 800px) 100vw, 800px\" \/><figcaption id=\"caption-attachment-8158\" class=\"wp-caption-text\">\u0110\u1ea7u n\u1ed5 D15<\/figcaption><\/figure>\n<p>Khung m\u00e1y gia c\u00f4ng d\u00e0y d\u1eb7n, ch\u1eafc ch\u1eafn, gi\u00fap m\u00e1y ho\u1ea1t \u0111\u1ed9ng \u1ed5n \u0111\u1ecbnh v\u00e0 b\u1ec1n b\u1ec9.<\/p>\n<p>T\u00ednh n\u0103ng v\u00e0 hi\u1ec7u qu\u1ea3 v\u01b0\u1ee3t tr\u1ed9i, b\u0103m d\u1ec5 d\u00e0ng c\u1ea3 d\u1eeba t\u01b0\u01a1i l\u1eabn d\u1eeba kh\u00f4 v\u00e0 cho ra th\u00e0nh ph\u1ea9m m\u00f9n d\u1eeba \u0111\u1ed3ng \u0111\u1ec1u ch\u1ea5t l\u01b0\u1ee3ng.<\/p>\n<h2><span id=\"Cau_tao_may_bam_xo_dua_B350\" class=\"ez-toc-section\"><\/span>C\u1ea5u t\u1ea1o m\u00e1y b\u0103m x\u01a1 d\u1eeba B350 \u0111\u1ea7u n\u1ed5<span id=\"Khung_may_chac_chan\" class=\"ez-toc-section\"><\/span><\/h2>\n<p>M\u00e1y \u0111\u01b0\u1ee3c thi\u1ebft k\u1ebf ki\u1ec3u d\u00e1ng \u0111\u1ee9ng hi\u1ec7n \u0111\u1ea1i. nh\u1ecf g\u1ecdn, ch\u1eafc ch\u1eafn. Ch\u00e2n m\u00e1y \u0111\u01b0\u1ee3c l\u1eafp h\u1ec7 th\u1ed1ng b\u00e1nh xe di chuy\u1ec3n, thu\u1eadn ti\u1ec7n cho vi\u1ec7c \u0111\u1ea9y m\u00e1y \u0111\u1ebfn b\u1ea5t c\u1ee9 \u0111\u00e2u l\u00e0m vi\u1ec7c.<\/p>\n<p><img loading=\"lazy\" decoding=\"async\" class=\"aligncenter wp-image-8159 size-full\" src=\"https:\/\/congtybinhminh.com\/wp-content\/uploads\/2023\/05\/Cau-tao-may-bam-xo-dua-B350-dau-no.webp\" alt=\"\" width=\"800\" height=\"600\" srcset=\"https:\/\/congtybinhminh.com\/wp-content\/uploads\/2023\/05\/Cau-tao-may-bam-xo-dua-B350-dau-no.webp 800w, https:\/\/congtybinhminh.com\/wp-content\/uploads\/2023\/05\/Cau-tao-may-bam-xo-dua-B350-dau-no-510x383.webp 510w, https:\/\/congtybinhminh.com\/wp-content\/uploads\/2023\/05\/Cau-tao-may-bam-xo-dua-B350-dau-no-533x400.webp 533w, https:\/\/congtybinhminh.com\/wp-content\/uploads\/2023\/05\/Cau-tao-may-bam-xo-dua-B350-dau-no-768x576.webp 768w\" sizes=\"auto, (max-width: 800px) 100vw, 800px\" \/><\/p>\n<h3><span id=\"Toa_nap_nguyen_lieu_cua_xa_thanh_pham\" class=\"ez-toc-section\"><\/span>Toa n\u1ea1p v\u00e0 c\u1eeda x\u1ea3<\/h3>\n<p>C\u00f3 d\u1ea1ng h\u00ecnh ph\u1ec5u d\u1ed1c xu\u1ed1ng tr\u1ef1c ti\u1ebfp bu\u1ed3ng b\u0103m, \u0111i\u1ec1u n\u00e0y gi\u00fap nguy\u00ean li\u1ec7u sau khi \u0111\u01b0a v\u00e0o r\u01a1i xu\u1ed1ng th\u1eb3ng bu\u1ed3ng b\u0103m, ti\u1ebft ki\u1ec7m th\u1eddi gian, n\u00e2ng cao hi\u1ec7u su\u1ea5t l\u00e0m vi\u1ec7c.<\/p>\n<p><img loading=\"lazy\" decoding=\"async\" class=\"aligncenter wp-image-8160 size-full\" src=\"https:\/\/congtybinhminh.com\/wp-content\/uploads\/2023\/05\/Toa-nap-nguyen-lieu-5.webp\" alt=\"\" width=\"800\" height=\"600\" srcset=\"https:\/\/congtybinhminh.com\/wp-content\/uploads\/2023\/05\/Toa-nap-nguyen-lieu-5.webp 800w, https:\/\/congtybinhminh.com\/wp-content\/uploads\/2023\/05\/Toa-nap-nguyen-lieu-5-510x383.webp 510w, https:\/\/congtybinhminh.com\/wp-content\/uploads\/2023\/05\/Toa-nap-nguyen-lieu-5-533x400.webp 533w, https:\/\/congtybinhminh.com\/wp-content\/uploads\/2023\/05\/Toa-nap-nguyen-lieu-5-768x576.webp 768w\" sizes=\"auto, (max-width: 800px) 100vw, 800px\" \/><\/p>\n<p id=\"attachment_20070\" class=\"wp-caption alignnone\" aria-describedby=\"caption-attachment-20070\">Ph\u1ea7n c\u1eeda x\u1ea3 \u0111\u01b0\u1ee3c thi\u1ebft k\u1ebf bu\u00f4ng th\u1eb3ng t\u1eeb bu\u1ed3ng l\u00e0m vi\u1ec7c xu\u1ed1ng gi\u00fap cho nguy\u00ean li\u1ec7u sau khi b\u0103m d\u1ec5 d\u00e0ng di chuy\u1ec3n ra b\u00ean ngo\u00e0i, kh\u00f4ng lo b\u1ecb t\u1eafc ngh\u1ebdn.<\/p>\n<p class=\"wp-caption alignnone\" aria-describedby=\"caption-attachment-20070\">\n<img loading=\"lazy\" decoding=\"async\" class=\"aligncenter wp-image-8161 size-full\" src=\"https:\/\/congtybinhminh.com\/wp-content\/uploads\/2023\/05\/Cua-xa-8.webp\" alt=\"\" width=\"800\" height=\"600\" srcset=\"https:\/\/congtybinhminh.com\/wp-content\/uploads\/2023\/05\/Cua-xa-8.webp 800w, https:\/\/congtybinhminh.com\/wp-content\/uploads\/2023\/05\/Cua-xa-8-510x383.webp 510w, https:\/\/congtybinhminh.com\/wp-content\/uploads\/2023\/05\/Cua-xa-8-533x400.webp 533w, https:\/\/congtybinhminh.com\/wp-content\/uploads\/2023\/05\/Cua-xa-8-768x576.webp 768w\" sizes=\"auto, (max-width: 800px) 100vw, 800px\" \/><\/p>\n<h3><span id=\"Buong_lam_viec\" class=\"ez-toc-section\"><\/span>Bu\u1ed3ng b\u0103m<\/h3>\n<p id=\"attachment_20077\" class=\"wp-caption aligncenter\" aria-describedby=\"caption-attachment-20077\">Bu\u1ed3ng b\u0103m \u0111\u01b0\u1ee3c trang b\u1ecb h\u1ec7 th\u1ed1ng dao b\u0103m g\u1ed3m: 6 dao b\u0103m ch\u00ednh 2 l\u01b0\u1ee1i \u0111\u01b0\u1ee3c g\u1eafn tr\u00ean tr\u1ee5c quay chuy\u1ec3n \u0111\u1ed9ng, 4 dao ch\u1eef k\u00ea c\u1ed1 \u0111\u1ecbnh 2 b\u00ean th\u00e0nh. Gi\u00fap qu\u00e1 tr\u00ecnh b\u0103m-xay nh\u1ecf v\u1ecf d\u1eeba tr\u1edf n\u00ean d\u1ec5 d\u00e0ng v\u00e0 nhanh ch\u00f3ng.<\/p>\n<p aria-describedby=\"caption-attachment-20077\"><img loading=\"lazy\" decoding=\"async\" class=\"aligncenter wp-image-10626 size-full\" src=\"https:\/\/congtybinhminh.com\/wp-content\/uploads\/2023\/05\/luoi-dao-bam-may-bam-xo-dua_result222.webp\" alt=\"luoi-dao-bam-may-bam-xo-dua_result222\" width=\"800\" height=\"600\" srcset=\"https:\/\/congtybinhminh.com\/wp-content\/uploads\/2023\/05\/luoi-dao-bam-may-bam-xo-dua_result222.webp 800w, https:\/\/congtybinhminh.com\/wp-content\/uploads\/2023\/05\/luoi-dao-bam-may-bam-xo-dua_result222-533x400.webp 533w, https:\/\/congtybinhminh.com\/wp-content\/uploads\/2023\/05\/luoi-dao-bam-may-bam-xo-dua_result222-768x576.webp 768w, https:\/\/congtybinhminh.com\/wp-content\/uploads\/2023\/05\/luoi-dao-bam-may-bam-xo-dua_result222-510x383.webp 510w\" sizes=\"auto, (max-width: 800px) 100vw, 800px\" \/><\/p>\n<h3 id=\"attachment_20006\" class=\"wp-caption aligncenter\" aria-describedby=\"caption-attachment-20006\">M\u1eb7t s\u00e0ng<\/h3>\n<p>M\u1eb7t s\u00e0ng \u0111\u01b0\u1ee3c g\u1eafn d\u01b0\u1edbi h\u1ec7 th\u1ed1ng dao b\u0103m, c\u00f3 nhi\u1ec7m v\u1ee5 s\u00e0ng l\u1ecdc, cho th\u00e0nh ph\u1ea9m \u0111\u1ea7u ra ch\u1ea5t l\u01b0\u1ee3ng \u0111\u1ed3ng \u0111\u1ec1u.<\/p>\n<p><img loading=\"lazy\" decoding=\"async\" class=\"aligncenter wp-image-10625 size-full\" src=\"https:\/\/congtybinhminh.com\/wp-content\/uploads\/2023\/04\/mat-sang-may-bam-xo-dua_result222-1.webp\" alt=\"mat-sang-may-bam-xo-dua_result222\" width=\"800\" height=\"600\" srcset=\"https:\/\/congtybinhminh.com\/wp-content\/uploads\/2023\/04\/mat-sang-may-bam-xo-dua_result222-1.webp 800w, https:\/\/congtybinhminh.com\/wp-content\/uploads\/2023\/04\/mat-sang-may-bam-xo-dua_result222-1-533x400.webp 533w, https:\/\/congtybinhminh.com\/wp-content\/uploads\/2023\/04\/mat-sang-may-bam-xo-dua_result222-1-768x576.webp 768w, https:\/\/congtybinhminh.com\/wp-content\/uploads\/2023\/04\/mat-sang-may-bam-xo-dua_result222-1-510x383.webp 510w\" sizes=\"auto, (max-width: 800px) 100vw, 800px\" \/><\/p>\n<p>Ng\u01b0\u1eddi d\u00f9ng c\u00f3 th\u1ec3 t\u00f9y \u00fd ch\u1ecdn th\u00e0nh ph\u1ea9m k\u00edch th\u01b0\u1edbc to\/nh\u1ecf b\u1eb1ng c\u00e1ch thay l\u1eafp m\u1eb7t s\u00e0ng trong m\u00e1y (v\u00ed d\u1ee5: 8ly-10ly-14y)<\/p>\n<h2>Nh\u1eefng l\u01b0u \u00fd khi s\u1eed d\u1ee5ng m\u00e1y b\u0103m x\u01a1 d\u1eeba B350 \u0111\u1ea7u n\u1ed5<\/h2>\n<p>\u0110\u1eb7t m\u00e1y tr\u00ean n\u1ec1n ph\u1eb3ng \u0111\u1ec3 tr\u00e1nh g\u00e2y rung l\u1eafc trong qu\u00e1 tr\u00ecnh v\u1eadn h\u00e0nh.<\/p>\n<p><img loading=\"lazy\" decoding=\"async\" class=\"aligncenter wp-image-8164 size-full\" src=\"https:\/\/congtybinhminh.com\/wp-content\/uploads\/2023\/05\/may-bam-xo-dua-B350-dau-no-7.webp\" alt=\"\" width=\"800\" height=\"600\" srcset=\"https:\/\/congtybinhminh.com\/wp-content\/uploads\/2023\/05\/may-bam-xo-dua-B350-dau-no-7.webp 800w, https:\/\/congtybinhminh.com\/wp-content\/uploads\/2023\/05\/may-bam-xo-dua-B350-dau-no-7-510x383.webp 510w, https:\/\/congtybinhminh.com\/wp-content\/uploads\/2023\/05\/may-bam-xo-dua-B350-dau-no-7-533x400.webp 533w, https:\/\/congtybinhminh.com\/wp-content\/uploads\/2023\/05\/may-bam-xo-dua-B350-dau-no-7-768x576.webp 768w\" sizes=\"auto, (max-width: 800px) 100vw, 800px\" \/><\/p>\n<p>Sau khi b\u0103m xong, n\u00ean \u0111\u1ec3 m\u00e1y ch\u1ea1y kh\u00f4ng t\u1ea3i kho\u1ea3ng 15-20 gi\u00e2y \u0111\u1ec3 c\u00e1c nguy\u00ean li\u1ec7u c\u00f2n s\u00f3t l\u1ea1i b\u00ean trong c\u00f3 th\u1ec3 \u0111\u01b0\u1ee3c x\u1ea3 h\u1ebft ra ngo\u00e0i.<\/p>\n<p>Th\u01b0\u1eddng xuy\u00ean v\u1ec7 sinh m\u00e1y s\u1ea1ch s\u1ebd sau m\u1ed7i l\u1ea7n s\u1eed d\u1ee5ng, \u0111\u1ea3m b\u1ea3o m\u00e1y ho\u1ea1t \u0111\u1ed9ng b\u1ec1n b\u1ec9, l\u00e2u d\u00e0i.<\/p>\n<h2><span id=\"Thong_so_ky_thuat\" class=\"ez-toc-section\"><\/span>Th\u00f4ng s\u1ed1 k\u1ef9 thu\u1eadt<\/h2>\n<table border=\"1\" cellspacing=\"1\" cellpadding=\"1\">\n<tbody>\n<tr>\n<td>\u0110\u1ea7u n\u1ed5<\/td>\n<td>D15<\/td>\n<\/tr>\n<tr>\n<td>Ngu\u1ed3n \u0111i\u1ec7n<\/td>\n<td>&#8211;<\/td>\n<\/tr>\n<tr>\n<td>T\u1ed1c \u0111\u1ed9 \u0111\u1ed9ng c\u01a1<\/td>\n<td>&#8211;<\/td>\n<\/tr>\n<tr>\n<td>Nguy\u00ean b\u1ed9<\/td>\n<td>(kg)<\/td>\n<\/tr>\n<tr>\n<td>Kh\u00f4ng \u0111\u1ed9ng c\u01a1<\/td>\n<td>(kg)<\/td>\n<\/tr>\n<tr>\n<td>N\u0103ng su\u1ea5t<\/td>\n<td>300-500kg\/h<\/td>\n<\/tr>\n<tr>\n<td>K\u00edch th\u01b0\u1edbc ( D * C * R )<\/td>\n<td>152*143*68 cm<\/td>\n<\/tr>\n<tr>\n<td>B\u1ea3o h\u00e0nh<\/td>\n<td>06 th\u00e1ng<\/td>\n<\/tr>\n<tr>\n<td>H\u00ecnh th\u1ee9c thanh to\u00e1n<\/td>\n<td><em><strong>Ti\u1ec1n m\u1eb7t ho\u1eb7c chuy\u1ec3n kho\u1ea3n\u00a0<\/strong><\/em><\/td>\n<\/tr>\n<\/tbody>\n<\/table>\n","protected":false},"excerpt":{"rendered":"<p><strong>H\u00e3ng s\u1ea3n xu\u1ea5t:\u00a0<\/strong>B\u00ecnh Minh<\/p>\n<p><strong>C\u00f4ng su\u1ea5t \u0111\u1ea7u n\u1ed5:\u00a0<\/strong>D15<\/p>\n<p><strong>N\u0103ng su\u1ea5t :<\/strong>\u00a0kg\/gi\u1edd<\/p>\n<p><strong>K\u00edch th\u01b0\u1edbc (d*c*r):\u00a0<\/strong>152*143*68\u00a0cm<\/p>\n<p><strong>T\u00ednh n\u0103ng:<\/strong>\u00a0Chuy\u00ean d\u00f9ng b\u0103m nh\u1ecf v\u1ecf d\u1eeba t\u01b0\u01a1i \u2013 kh\u00f4 th\u00e0nh d\u1ea1ng m\u00f9n d\u1eeba, t\u00e1i ch\u1ebf l\u00e0m ph\u00e2n b\u00f3n tr\u1ed3ng c\u00e2y, \u0111\u1ec7m l\u00f3t chu\u1ed3ng\u2026<\/p>\n","protected":false},"featured_media":8151,"comment_status":"closed","ping_status":"closed","template":"","meta":[],"product_brand":[],"product_cat":[197],"product_tag":[],"class_list":{"0":"post-8150","1":"product","2":"type-product","3":"status-publish","4":"has-post-thumbnail","6":"product_cat-may-bam-xo-dua-2","8":"first","9":"instock","10":"shipping-taxable","11":"product-type-simple"},"_links":{"self":[{"href":"https:\/\/congtybinhminh.com\/index.php?rest_route=\/wp\/v2\/product\/8150","targetHints":{"allow":["GET"]}}],"collection":[{"href":"https:\/\/congtybinhminh.com\/index.php?rest_route=\/wp\/v2\/product"}],"about":[{"href":"https:\/\/congtybinhminh.com\/index.php?rest_route=\/wp\/v2\/types\/product"}],"replies":[{"embeddable":true,"href":"https:\/\/congtybinhminh.com\/index.php?rest_route=%2Fwp%2Fv2%2Fcomments&post=8150"}],"wp:featuredmedia":[{"embeddable":true,"href":"https:\/\/congtybinhminh.com\/index.php?rest_route=\/wp\/v2\/media\/8151"}],"wp:attachment":[{"href":"https:\/\/congtybinhminh.com\/index.php?rest_route=%2Fwp%2Fv2%2Fmedia&parent=8150"}],"wp:term":[{"taxonomy":"product_brand","embeddable":true,"href":"https:\/\/congtybinhminh.com\/index.php?rest_route=%2Fwp%2Fv2%2Fproduct_brand&post=8150"},{"taxonomy":"product_cat","embeddable":true,"href":"https:\/\/congtybinhminh.com\/index.php?rest_route=%2Fwp%2Fv2%2Fproduct_cat&post=8150"},{"taxonomy":"product_tag","embeddable":true,"href":"https:\/\/congtybinhminh.com\/index.php?rest_route=%2Fwp%2Fv2%2Fproduct_tag&post=8150"}],"curies":[{"name":"wp","href":"https:\/\/api.w.org\/{rel}","templated":true}]}}