{"id":8136,"date":"2023-05-12T15:46:47","date_gmt":"2023-05-12T08:46:47","guid":{"rendered":"https:\/\/congtybinhminh.com\/?post_type=product&#038;p=8136"},"modified":"2023-06-18T16:10:03","modified_gmt":"2023-06-18T09:10:03","slug":"may-bam-co-cong-nghiep-4t-dau-no","status":"publish","type":"product","link":"https:\/\/congtybinhminh.com\/?product=may-bam-co-cong-nghiep-4t-dau-no","title":{"rendered":"M\u00e1y b\u0103m c\u1ecf c\u00f4ng nghi\u1ec7p 4T \u0111\u1ea7u n\u1ed5"},"content":{"rendered":"<h2>Video ho\u1ea1t \u0111\u1ed9ng th\u1ef1c t\u1ebf<\/h2>\n<p><iframe loading=\"lazy\" title=\"M\u00e1y B\u0103m C\u1ecf Voi Th\u00e2n C\u00e2y Ng\u00f4 \u1ede B\u1ea5t K\u1ef3 \u0110\u00e2u \u0110\u01a1n Gi\u1ea3n\" width=\"1020\" height=\"574\" src=\"https:\/\/www.youtube.com\/embed\/TS0UM4f28ho?feature=oembed\" frameborder=\"0\" allow=\"accelerometer; autoplay; clipboard-write; encrypted-media; gyroscope; picture-in-picture; web-share\" allowfullscreen><\/iframe><\/p>\n<h2>Gi\u1edbi thi\u1ec7u chung v\u1ec1 M\u00e1y b\u0103m c\u1ecf 4T \u0111\u1ea7u n\u1ed5<\/h2>\n<p>Ngu\u1ed3n th\u1ee9c \u0103n ch\u00ednh l\u00e0 m\u1ed9t trong nh\u1eefng y\u1ebfu t\u1ed1 quy\u1ebft \u0111\u1ecbnh \u0111\u1ebfn s\u1ef1 ph\u00e1t tri\u1ec3n c\u1ee7a v\u1eadt nu\u00f4i. Trong \u0111\u00f3 th\u1ee9c \u0103n xanh l\u00e0 ngu\u1ed3n th\u1ee9c \u0103n \u0111\u01b0\u1ee3c b\u00e0 con s\u1eed d\u1ee5ng r\u1ea5t nhi\u1ec1u.<\/p>\n<figure id=\"attachment_8148\" aria-describedby=\"caption-attachment-8148\" style=\"width: 800px\" class=\"wp-caption aligncenter\"><img loading=\"lazy\" decoding=\"async\" class=\"wp-image-8148 size-full\" src=\"https:\/\/congtybinhminh.com\/wp-content\/uploads\/2023\/05\/mbc-4t-dau-no-6.webp\" alt=\"\" width=\"800\" height=\"600\" srcset=\"https:\/\/congtybinhminh.com\/wp-content\/uploads\/2023\/05\/mbc-4t-dau-no-6.webp 800w, https:\/\/congtybinhminh.com\/wp-content\/uploads\/2023\/05\/mbc-4t-dau-no-6-510x383.webp 510w, https:\/\/congtybinhminh.com\/wp-content\/uploads\/2023\/05\/mbc-4t-dau-no-6-533x400.webp 533w, https:\/\/congtybinhminh.com\/wp-content\/uploads\/2023\/05\/mbc-4t-dau-no-6-768x576.webp 768w\" sizes=\"auto, (max-width: 800px) 100vw, 800px\" \/><figcaption id=\"caption-attachment-8148\" class=\"wp-caption-text\">M\u00e1y b\u0103m c\u1ecf c\u00f4ng nghi\u1ec7p 4T \u0111\u1ea7u n\u1ed5<\/figcaption><\/figure>\n<p>Tuy nhi\u00ean \u0111\u1ec3 ch\u1ebf bi\u1ebfn th\u1ee9c \u0103n v\u1edbi s\u1ed1 l\u01b0\u1ee3ng l\u1edbn th\u01b0\u1eddng m\u1ea5t r\u1ea5t nhi\u1ec1u th\u1eddi gian v\u00e0 c\u00f4ng s\u1ee9c, \u0111\u1ec3 gi\u1ea3i quy\u1ebft v\u1ea5n \u0111\u1ec1 \u0111\u00f3 C\u00f4ng ty B\u00ecnh Minh \u0111\u00e3 cho ra \u0111\u1eddi d\u00f2ng m\u00e1y b\u0103m c\u1ecf c\u00f4ng nghi\u1ec7p 4T phi\u00ean b\u1ea3n \u0111\u1ea7u n\u1ed5.<\/p>\n<h2>\u01afu \u0111i\u1ec3m c\u1ee7a M\u00e1y b\u0103m c\u1ecf 4T\u00a0\u0111\u1ea7u\u00a0n\u1ed5<\/h2>\n<p><span lang=\"VI\">M\u00e1y l\u1eafp \u0111\u1ea7u n\u1ed5 D24, d\u1ec5 d\u00e0ng cho n\u0103ng su\u1ea5t cao v\u01b0\u1ee3t tr\u1ed9i l\u00ean \u0111\u1ebfn <strong>2 \u2013 3 t\u1ea5n\/gi\u1edd<\/strong>. V\u1edbi n\u0103ng su\u1ea5t n\u00e0y, b\u00e0 con c\u00f3 th\u1ec3 nhanh ch\u00f3ng ch\u1ebf bi\u1ebfn \u0111\u01b0\u1ee3c l\u01b0\u1ee3ng l\u1edbn th\u1ee9c \u0103n cho \u0111\u00e0n gia s\u00fac t\u1eeb v\u00e0i tr\u0103m \u0111\u1ebfn c\u1ea3 h\u00e0ng ngh\u00ecn con.\u00a0<\/span><\/p>\n<p><strong>M\u00e1y b\u0103m c\u1ecf c\u00f4ng nghi\u1ec7p 4T<\/strong> l\u1eafp \u0111\u1ea7u n\u1ed5 c\u1ef1c k\u1ef3 ti\u1ec7n l\u1ee3i \u0111\u1ed1i v\u1edbi nh\u1eefng n\u01a1i ngu\u1ed3n \u0111i\u1ec7n y\u1ebfu kh\u00f4ng s\u1eed d\u1ee5ng \u0111\u01b0\u1ee3c \u0111i\u1ec7n 3 pha hay nh\u1eefng n\u01a1i kh\u00f4ng c\u00f3 \u0111i\u1ec7n.<\/p>\n<figure id=\"attachment_8143\" aria-describedby=\"caption-attachment-8143\" style=\"width: 800px\" class=\"wp-caption aligncenter\"><img loading=\"lazy\" decoding=\"async\" class=\"wp-image-8143 size-full\" src=\"https:\/\/congtybinhminh.com\/wp-content\/uploads\/2023\/05\/dau-no-1.webp\" alt=\"\" width=\"800\" height=\"600\" srcset=\"https:\/\/congtybinhminh.com\/wp-content\/uploads\/2023\/05\/dau-no-1.webp 800w, https:\/\/congtybinhminh.com\/wp-content\/uploads\/2023\/05\/dau-no-1-510x383.webp 510w, https:\/\/congtybinhminh.com\/wp-content\/uploads\/2023\/05\/dau-no-1-533x400.webp 533w, https:\/\/congtybinhminh.com\/wp-content\/uploads\/2023\/05\/dau-no-1-768x576.webp 768w\" sizes=\"auto, (max-width: 800px) 100vw, 800px\" \/><figcaption id=\"caption-attachment-8143\" class=\"wp-caption-text\">\u0110\u1ea7u n\u1ed5 D24 Hp<\/figcaption><\/figure>\n<p><span lang=\"VI\">M\u00e1y \u0111\u01b0\u1ee3c trang b\u1ecb th\u00eam h\u1ed9p s\u1ed1 gi\u00fap cho ng\u01b0\u1eddi s\u1eed d\u1ee5ng \u0111i\u1ec1u ch\u1ec9nh \u0111\u01b0\u1ee3c t\u1ed1c \u0111\u1ed9 b\u0103m nhanh \u2013 ch\u1eadm v\u00e0 k\u00edch th\u01b0\u1edbc th\u00e0nh ph\u1ea9m c\u1ecf sau b\u0103m ng\u1eafn \u2013 d\u00e0i t\u00f9y v\u00e0o lo\u1ea1i v\u1eadt nu\u00f4i.<\/span><\/p>\n<p><span lang=\"VI\">Ti\u1ebft ki\u1ec7m t\u1ed1i \u0111a th\u1eddi gian c\u00f4ng s\u1ee9c ,khi ch\u1ec9 c\u1ea7n 1 ng\u01b0\u1eddi duy nh\u1ea5t v\u1eadn h\u00e0nh m\u00e1y m\u00e0 v\u1eabn cho ra n\u0103ng su\u1ea5t hi\u1ec7u qu\u1ea3 cao.<\/span><\/p>\n<figure id=\"attachment_8144\" aria-describedby=\"caption-attachment-8144\" style=\"width: 800px\" class=\"wp-caption aligncenter\"><img loading=\"lazy\" decoding=\"async\" class=\"wp-image-8144 size-full\" src=\"https:\/\/congtybinhminh.com\/wp-content\/uploads\/2023\/05\/thanh-pham-co-sau-bam.webp\" alt=\"\" width=\"800\" height=\"400\" srcset=\"https:\/\/congtybinhminh.com\/wp-content\/uploads\/2023\/05\/thanh-pham-co-sau-bam.webp 800w, https:\/\/congtybinhminh.com\/wp-content\/uploads\/2023\/05\/thanh-pham-co-sau-bam-510x255.webp 510w, https:\/\/congtybinhminh.com\/wp-content\/uploads\/2023\/05\/thanh-pham-co-sau-bam-768x384.webp 768w\" sizes=\"auto, (max-width: 800px) 100vw, 800px\" \/><figcaption id=\"caption-attachment-8144\" class=\"wp-caption-text\">Th\u00e0nh ph\u1ea9m c\u1ecf sau khi b\u0103m<\/figcaption><\/figure>\n<h2>C\u1ea5u t\u1ea1o c\u1ee7a m\u00e1y b\u0103m c\u1ecf c\u00f4ng nghi\u1ec7p 4T \u0111\u1ea7u n\u1ed5<\/h2>\n<p>M\u00e1y c\u00f3 ki\u1ec3u d\u00e1ng hi\u1ec7n \u0111\u1ea1i v\u1edbi khung m\u00e1y ch\u1eafc ch\u1eafn, gi\u00fap gi\u1ea3m ti\u1ebfng \u1ed3n v\u00e0 h\u1ea1n ch\u1ebf rung l\u1eafc khi ho\u1ea1t \u0111\u1ed9ng. Ngo\u00e0i ra m\u00e1y c\u00f2n \u0111\u01b0\u1ee3c thi\u1ebft k\u1ebf th\u00eam tay \u0111\u1ea9y k\u1ebft h\u1ee3p v\u1edbi h\u1ec7 th\u1ed1ng b\u00e1nh xe thu\u1eadn ti\u1ec7n cho vi\u1ec7c di chuy\u1ec3n m\u00e1y \u0111\u1ebfn n\u01a1i l\u00e0m vi\u1ec7c m\u1ed9t c\u00e1ch d\u1ec5 d\u00e0ng.<\/p>\n<p><img loading=\"lazy\" decoding=\"async\" class=\"aligncenter wp-image-8139 size-full\" src=\"https:\/\/congtybinhminh.com\/wp-content\/uploads\/2023\/05\/cau-tao-mbc-4t-dau-no.webp\" alt=\"\" width=\"800\" height=\"600\" srcset=\"https:\/\/congtybinhminh.com\/wp-content\/uploads\/2023\/05\/cau-tao-mbc-4t-dau-no.webp 800w, https:\/\/congtybinhminh.com\/wp-content\/uploads\/2023\/05\/cau-tao-mbc-4t-dau-no-510x383.webp 510w, https:\/\/congtybinhminh.com\/wp-content\/uploads\/2023\/05\/cau-tao-mbc-4t-dau-no-533x400.webp 533w, https:\/\/congtybinhminh.com\/wp-content\/uploads\/2023\/05\/cau-tao-mbc-4t-dau-no-768x576.webp 768w\" sizes=\"auto, (max-width: 800px) 100vw, 800px\" \/><\/p>\n<h3>Toa n\u1ea1p &amp; c\u1eeda x\u1ea3<\/h3>\n<p>Toa n\u1ea1p nguy\u00ean li\u1ec7u \u0111\u01b0\u1ee3c trang b\u1ecb h\u1ec7 th\u1ed1ng b\u0103ng t\u1ea3i. Ch\u1ec9 c\u1ea7n \u0111\u1eb7t nguy\u00ean li\u1ec7u l\u00ean b\u0103ng truy\u1ec1n, nguy\u00ean li\u1ec7u s\u1ebd \u0111\u01b0\u1ee3c qu\u1ea3 l\u00f4 k\u1eb9p k\u00e9o t\u1ef1 \u0111\u1ed9ng \u0111i v\u00e0o bu\u1ed3ng b\u0103m m\u1ed9t c\u00e1ch nhanh ch\u00f3ng. B\u00e0 con s\u1ebd kh\u00f4ng ph\u1ea3i d\u00f9ng tay \u0111\u1ec3 \u0111\u01b0a tr\u1ef1c ti\u1ebfp nguy\u00ean li\u1ec7u v\u00e0o toa, \u0111\u1ea3m b\u1ea3o an to\u00e0n tuy\u1ec7t \u0111\u1ed1i cho ng\u01b0\u1eddi s\u1eed d\u1ee5ng.<\/p>\n<p><img loading=\"lazy\" decoding=\"async\" class=\"size-full wp-image-8145 aligncenter\" src=\"https:\/\/congtybinhminh.com\/wp-content\/uploads\/2023\/05\/Bang-truyen-tai.webp\" alt=\"\" width=\"800\" height=\"400\" srcset=\"https:\/\/congtybinhminh.com\/wp-content\/uploads\/2023\/05\/Bang-truyen-tai.webp 800w, https:\/\/congtybinhminh.com\/wp-content\/uploads\/2023\/05\/Bang-truyen-tai-510x255.webp 510w, https:\/\/congtybinhminh.com\/wp-content\/uploads\/2023\/05\/Bang-truyen-tai-768x384.webp 768w\" sizes=\"auto, (max-width: 800px) 100vw, 800px\" \/><\/p>\n<p>Th\u00e0nh ph\u1ea9m c\u1ecf sau b\u0103m \u0111\u01b0\u1ee3c \u0111\u01b0a l\u00ean c\u1eeda x\u1ea3 ph\u00eda tr\u00ean, t\u1ea1o \u0111\u1ed9 phun xa l\u00ean t\u1edbi 1 \u2013 3 m, c\u00f3 th\u1ec3 x\u1ea3 v\u00e0o th\u00f9ng ch\u1ee9a hay gom g\u1ecdn v\u00e0o m\u1ed9t g\u00f3c thu\u1eadn ti\u1ec7n. N\u1eafp c\u1eeda x\u1ea3 c\u00f3 th\u1ec3 \u0111i\u1ec1u ch\u1ec9nh \u0111\u1ec3 nguy\u00ean li\u1ec7u x\u1ea3 ra ngo\u00e0i g\u1ea7n ho\u1eb7c xa t\u00f9y theo \u00fd mu\u1ed1n b\u1eb1ng c\u00e1ch v\u1eb7n kh\u00f3a ch\u1ed1t \u1edf c\u1ea1nh n\u1eafp c\u1eeda x\u1ea3 c\u1ee7a m\u00e1y.<\/p>\n<figure id=\"attachment_8146\" aria-describedby=\"caption-attachment-8146\" style=\"width: 800px\" class=\"wp-caption aligncenter\"><img loading=\"lazy\" decoding=\"async\" class=\"wp-image-8146 size-full\" src=\"https:\/\/congtybinhminh.com\/wp-content\/uploads\/2023\/05\/Cua-xa-thanh-pham-10.webp\" alt=\"\" width=\"800\" height=\"400\" srcset=\"https:\/\/congtybinhminh.com\/wp-content\/uploads\/2023\/05\/Cua-xa-thanh-pham-10.webp 800w, https:\/\/congtybinhminh.com\/wp-content\/uploads\/2023\/05\/Cua-xa-thanh-pham-10-510x255.webp 510w, https:\/\/congtybinhminh.com\/wp-content\/uploads\/2023\/05\/Cua-xa-thanh-pham-10-768x384.webp 768w\" sizes=\"auto, (max-width: 800px) 100vw, 800px\" \/><figcaption id=\"caption-attachment-8146\" class=\"wp-caption-text\">C\u1eeda x\u1ea3 th\u00e0nh ph\u1ea9m<\/figcaption><\/figure>\n<h3>Bu\u1ed3ng l\u00e0m vi\u1ec7c<\/h3>\n<p>H\u1ec7 th\u1ed1ng dao b\u0103m g\u1ed3m: 3 dao b\u0103m to ch\u00ednh s\u1eafc b\u00e9n c\u00f9ng 9 b\u00faa \u0111\u1eadp v\u00e0 c\u00e1c c\u00e1nh \u0111\u00e0 l\u1edbn ho\u1ea1t \u0111\u1ed9ng linh ho\u1ea1t, b\u0103m nh\u1ecf kh\u1ed1i l\u01b0\u1ee3ng l\u1edbn nguy\u00ean li\u1ec7u, k\u1ec3 c\u1ea3 r\u1ec5 g\u1ed1c gi\u00e0 c\u1ee9ng d\u1ec5 d\u00e0ng v\u00e0 nhanh ch\u00f3ng. R\u1ed3i \u0111\u1ea9y th\u00e0nh ph\u1ea9m phun ra ngo\u00e0i c\u1eeda x\u1ea3.<\/p>\n<p><img loading=\"lazy\" decoding=\"async\" class=\"aligncenter wp-image-8147 size-full\" src=\"https:\/\/congtybinhminh.com\/wp-content\/uploads\/2023\/05\/Dao-bam.webp\" alt=\"\" width=\"800\" height=\"600\" srcset=\"https:\/\/congtybinhminh.com\/wp-content\/uploads\/2023\/05\/Dao-bam.webp 800w, https:\/\/congtybinhminh.com\/wp-content\/uploads\/2023\/05\/Dao-bam-510x383.webp 510w, https:\/\/congtybinhminh.com\/wp-content\/uploads\/2023\/05\/Dao-bam-533x400.webp 533w, https:\/\/congtybinhminh.com\/wp-content\/uploads\/2023\/05\/Dao-bam-768x576.webp 768w\" sizes=\"auto, (max-width: 800px) 100vw, 800px\" \/><\/p>\n<p>Bu\u1ed3ng l\u00e0m vi\u1ec7c \u0111\u01b0\u1ee3c kh\u00f3a ch\u1eb7t nh\u1edd 2 kh\u00f3a si\u1ebft n\u1eb1m b\u00ean th\u00e2n m\u00e1y nh\u1eb1m \u0111\u1ea3m b\u1ea3o an to\u00e0n cho ng\u01b0\u1eddi d\u00f9ng khi m\u00e1y v\u1eadn h\u00e0nh.<\/p>\n<h2>B\u1ea3o qu\u1ea3n v\u00e0 v\u1ec7 sinh m\u00e1y<\/h2>\n<p>D\u00f9ng c\u1edd l\u00ea v\u1eb7n \u1ed1c ch\u1ed1t m\u1edf kh\u00f3a ch\u1ed1t, m\u1edf bu\u1ed3ng b\u0103m ra v\u1ec7 sinh bu\u1ed3ng l\u00e0m vi\u1ec7c c\u1ee7a m\u00e1y.<\/p>\n<p><img loading=\"lazy\" decoding=\"async\" class=\"aligncenter wp-image-8142 size-full\" src=\"https:\/\/congtybinhminh.com\/wp-content\/uploads\/2023\/05\/mbc-4t-dau-no-5.webp\" alt=\"\" width=\"800\" height=\"600\" srcset=\"https:\/\/congtybinhminh.com\/wp-content\/uploads\/2023\/05\/mbc-4t-dau-no-5.webp 800w, https:\/\/congtybinhminh.com\/wp-content\/uploads\/2023\/05\/mbc-4t-dau-no-5-510x383.webp 510w, https:\/\/congtybinhminh.com\/wp-content\/uploads\/2023\/05\/mbc-4t-dau-no-5-533x400.webp 533w, https:\/\/congtybinhminh.com\/wp-content\/uploads\/2023\/05\/mbc-4t-dau-no-5-768x576.webp 768w\" sizes=\"auto, (max-width: 800px) 100vw, 800px\" \/><\/p>\n<p>Tra m\u1ee1 v\u00e0o v\u00fa b\u01a1m m\u1ee1 \u0111\u01b0\u1ee3c \u0111\u1ec3 s\u1eb5n, d\u00e2y x\u00edch k\u00e9p b\u0103ng t\u1ea3i 1 \u2013 2 l\u1ea7n\/ tu\u1ea7n \u0111\u1ec3 m\u00e1y ho\u1ea1t \u0111\u1ed9ng tr\u01a1n tru.<\/p>\n<p>Ki\u1ec3m tra h\u1ec7 th\u1ed1ng dao b\u0103m sau 1 tu\u1ea7n s\u1eed d\u1ee5ng, \u0111\u1ed3ng th\u1eddi si\u1ebft ch\u1eb7t l\u1ea1i c\u00e1c con \u1ed1c c\u1ed1 \u0111\u1ecbnh dao.<\/p>\n<h2>Nh\u1eefng \u0111i\u1ec1u c\u1ea7n l\u01b0u \u00fd khi s\u1eed d\u1ee5ng m\u00e1y b\u0103m c\u1ecf c\u00f4ng nghi\u1ec7p 4T \u0111\u1ea7u n\u1ed5<\/h2>\n<p>Ki\u1ec3m tra d\u1ecb v\u1eadt trong bu\u1ed3ng b\u0103m tr\u00e1nh m\u1ebb dao, si\u1ebft ch\u1eb7t c\u00e1c \u1ed1c kh\u00f3a \u0111\u1ea3m b\u1ea3o an to\u00e0n khi s\u1eed d\u1ee5ng.<\/p>\n<p>Cho m\u00e1y ch\u1ea1y kh\u00f4ng t\u1ea3i kho\u1ea3ng 10 \u2013 15 gi\u00e2y \u1ed5n \u0111\u1ecbnh m\u00e1y tr\u01b0\u1edbc (kh\u00f4ng cho nguy\u00ean li\u1ec7u v\u00e0o m\u00e1y).<\/p>\n<p>Khi g\u1ea1t c\u1ea7n s\u1ed1, b\u1eaft bu\u1ed9c ph\u1ea3i t\u1eaft m\u00e1y, \u0111\u1ee3i t\u1edbi khi m\u00e1y g\u1ea7n d\u1eebng h\u1eb3n m\u1edbi b\u1eaft \u0111\u1ea7u chuy\u1ec3n t\u1eebng n\u1ea5c s\u1ed1. N\u1ebfu kh\u00f4ng s\u1ebd g\u00e2y ra tr\u01b0\u1eddng h\u1ee3p v\u1ee1 b\u00e1nh r\u0103ng trong h\u1ed9p s\u1ed1.<\/p>\n<h2>Th\u00f4ng s\u1ed1 k\u0129 thu\u1eadt<\/h2>\n<div class=\"divTable blueTable\">\n<div class=\"divTableBody\">\n<div class=\"divTableRow\"><\/div>\n<div class=\"divTableRow\">\n<div class=\"divTableCell\">\n<table border=\"1\" width=\"814\" cellspacing=\"1\" cellpadding=\"1\">\n<tbody>\n<tr>\n<td colspan=\"1\" rowspan=\"3\">\u0110\u1ed9ng c\u01a1<\/td>\n<td>\u0110\u1ea7u n\u1ed5<\/td>\n<td>D24<\/td>\n<\/tr>\n<tr>\n<td>Ngu\u1ed3n \u0111i\u1ec7n<\/td>\n<td>\u00a0 \u00a0 \u00a0V<\/td>\n<\/tr>\n<tr>\n<td>T\u1ed1c \u0111\u1ed9<\/td>\n<td><\/td>\n<\/tr>\n<tr>\n<td colspan=\"1\" rowspan=\"2\">Tr\u1ecdng l\u01b0\u1ee3ng m\u00e1y<\/td>\n<td>Nguy\u00ean b\u1ed9<\/td>\n<td>kg<\/td>\n<\/tr>\n<tr>\n<td>Kh\u00f4ng \u0111\u1ed9ng c\u01a1<\/td>\n<td>kg<\/td>\n<\/tr>\n<tr>\n<td colspan=\"1\" rowspan=\"2\">B\u1ea3o h\u00e0nh<\/td>\n<td>K\u1ef9 thu\u1eadt<\/td>\n<td>06 th\u00e1ng<\/td>\n<\/tr>\n<tr>\n<td>\u0110\u1ed9ng c\u01a1<\/td>\n<td>Theo t\u1eebng h\u00e3ng s\u1ea3n xu\u1ea5t<\/td>\n<\/tr>\n<tr>\n<td>N\u0103ng su\u1ea5t<\/td>\n<td colspan=\"2\" rowspan=\"1\">2000-3000kg\/gi\u1edd<\/td>\n<\/tr>\n<tr>\n<td>K\u00edch th\u01b0\u1edbc (d*c*r)<\/td>\n<td colspan=\"2\" rowspan=\"1\">245*277*215 cm<\/td>\n<\/tr>\n<tr>\n<td>H\u00ecnh th\u1ee9c thanh to\u00e1n<\/td>\n<td colspan=\"2\" rowspan=\"1\">Ti\u1ec1n m\u1eb7t ho\u1eb7c chuy\u1ec3n kho\u1ea3n<\/td>\n<\/tr>\n<\/tbody>\n<\/table>\n<\/div>\n<\/div>\n<\/div>\n<\/div>\n","protected":false},"excerpt":{"rendered":"<ul>\n<li>H\u00e3ng s\u1ea3n xu\u1ea5t: B\u00ecnh Minh<\/li>\n<li>\u00a0C\u00f4ng su\u1ea5t \u0111\u1ea7u n\u1ed5: D24<\/li>\n<li>N\u0103ng su\u1ea5t: 2000-3000kg\/gi\u1edd<\/li>\n<li>T\u00ednh n\u0103ng: B\u0103m nh\u1ecf c\u1ecf voi, th\u00e2n c\u00e2y ng\u00f4, ng\u1ecdn m\u00eda, c\u00e2y m\u00eda, c\u00e2y s\u1eafn, c\u00e0 gai leo\u2026. t\u1ea1o th\u1ee9c \u0103n xanh d\u00e0nh cho v\u1eadt nu\u00f4i ho\u1eb7c b\u0103m d\u1ef1 tr\u1eef c\u1ecf \u1ee7 chua\u2026 ph\u1ee5c v\u1ee5 cho c\u00e1c trang tr\u1ea1i ch\u0103n nu\u00f4i quy m\u00f4 l\u1edbn.<\/li>\n<\/ul>\n","protected":false},"featured_media":8137,"comment_status":"closed","ping_status":"closed","template":"","meta":[],"product_brand":[],"product_cat":[40],"product_tag":[],"class_list":{"0":"post-8136","1":"product","2":"type-product","3":"status-publish","4":"has-post-thumbnail","6":"product_cat-may-bam-co","8":"first","9":"instock","10":"shipping-taxable","11":"product-type-simple"},"_links":{"self":[{"href":"https:\/\/congtybinhminh.com\/index.php?rest_route=\/wp\/v2\/product\/8136","targetHints":{"allow":["GET"]}}],"collection":[{"href":"https:\/\/congtybinhminh.com\/index.php?rest_route=\/wp\/v2\/product"}],"about":[{"href":"https:\/\/congtybinhminh.com\/index.php?rest_route=\/wp\/v2\/types\/product"}],"replies":[{"embeddable":true,"href":"https:\/\/congtybinhminh.com\/index.php?rest_route=%2Fwp%2Fv2%2Fcomments&post=8136"}],"wp:featuredmedia":[{"embeddable":true,"href":"https:\/\/congtybinhminh.com\/index.php?rest_route=\/wp\/v2\/media\/8137"}],"wp:attachment":[{"href":"https:\/\/congtybinhminh.com\/index.php?rest_route=%2Fwp%2Fv2%2Fmedia&parent=8136"}],"wp:term":[{"taxonomy":"product_brand","embeddable":true,"href":"https:\/\/congtybinhminh.com\/index.php?rest_route=%2Fwp%2Fv2%2Fproduct_brand&post=8136"},{"taxonomy":"product_cat","embeddable":true,"href":"https:\/\/congtybinhminh.com\/index.php?rest_route=%2Fwp%2Fv2%2Fproduct_cat&post=8136"},{"taxonomy":"product_tag","embeddable":true,"href":"https:\/\/congtybinhminh.com\/index.php?rest_route=%2Fwp%2Fv2%2Fproduct_tag&post=8136"}],"curies":[{"name":"wp","href":"https:\/\/api.w.org\/{rel}","templated":true}]}}