{"id":8106,"date":"2023-05-09T10:30:19","date_gmt":"2023-05-09T03:30:19","guid":{"rendered":"https:\/\/congtybinhminh.com\/?post_type=product&#038;p=8106"},"modified":"2025-07-26T08:20:09","modified_gmt":"2025-07-26T01:20:09","slug":"may-nghien-thuc-an-chan-nuoi-b30-inox","status":"publish","type":"product","link":"https:\/\/congtybinhminh.com\/?product=may-nghien-thuc-an-chan-nuoi-b30-inox","title":{"rendered":"M\u00e1y nghi\u1ec1n th\u1ee9c \u0103n ch\u0103n nu\u00f4i B30 inox"},"content":{"rendered":"<h2>Video ho\u1ea1t \u0111\u1ed9ng<\/h2>\n<p><iframe loading=\"lazy\" title=\"C\u00f4ng Ty B\u00ecnh Minh: M\u00e1y Nghi\u1ec1n B30 Inox 304 H\u00e0ng \u0110\u1eb7t Si\u00eau \u0110\u1eb9p\" width=\"1020\" height=\"574\" src=\"https:\/\/www.youtube.com\/embed\/52DIlINXHgg?feature=oembed\" frameborder=\"0\" allow=\"accelerometer; autoplay; clipboard-write; encrypted-media; gyroscope; picture-in-picture; web-share\" referrerpolicy=\"strict-origin-when-cross-origin\" allowfullscreen><\/iframe><\/p>\n<h2>Gi\u1edbi thi\u1ec7u m\u00e1y nghi\u1ec1n th\u1ee9c \u0103n ch\u0103n nu\u00f4i B30 inox<\/h2>\n<p>M\u00e1y nghi\u1ec1n th\u1ee9c \u0103n ch\u0103n nu\u00f4i B30 inox l\u00e0 m\u1ed9t trong nh\u1eefng d\u00f2ng s\u1ea3n ph\u1ea9m m\u1edbi nh\u1ea5t do C\u00f4ng ty B\u00ecnh Minh tr\u1ef1c ti\u1ebfp nghi\u00ean c\u1ee9u v\u00e0 s\u1ea3n xu\u1ea5t, \u0111\u01b0\u1ee3c c\u1ea3i ti\u1ebfn t\u1eeb c\u00e1c d\u00f2ng m\u00e1y nghi\u1ec1n tr\u01b0\u1edbc \u0111\u00e2y v\u1edbi c\u00e1c t\u00ednh n\u0103ng hi\u1ec7n \u0111\u1ea1i, ti\u1ec7n \u00edch v\u00e0 cho n\u0103ng su\u1ea5t cao h\u01a1n.<\/p>\n<figure id=\"attachment_8113\" aria-describedby=\"caption-attachment-8113\" style=\"width: 800px\" class=\"wp-caption aligncenter\"><img loading=\"lazy\" decoding=\"async\" class=\"wp-image-8113 size-full\" src=\"https:\/\/congtybinhminh.com\/wp-content\/uploads\/2023\/05\/may-nghien-b30-inox-8.webp\" alt=\"\" width=\"800\" height=\"600\" srcset=\"https:\/\/congtybinhminh.com\/wp-content\/uploads\/2023\/05\/may-nghien-b30-inox-8.webp 800w, https:\/\/congtybinhminh.com\/wp-content\/uploads\/2023\/05\/may-nghien-b30-inox-8-510x383.webp 510w, https:\/\/congtybinhminh.com\/wp-content\/uploads\/2023\/05\/may-nghien-b30-inox-8-533x400.webp 533w, https:\/\/congtybinhminh.com\/wp-content\/uploads\/2023\/05\/may-nghien-b30-inox-8-768x576.webp 768w\" sizes=\"auto, (max-width: 800px) 100vw, 800px\" \/><figcaption id=\"caption-attachment-8113\" class=\"wp-caption-text\">M\u00e1y nghi\u1ec1n th\u1ee9c \u0103n ch\u0103n nu\u00f4i B30 inox<\/figcaption><\/figure>\n<p>M\u00e1y c\u00f3 th\u1ec3 nghi\u1ec1n c\u00e1c nguy\u00ean li\u1ec7u nh\u01b0 ng\u00f4, th\u00f3c, c\u00e1c lo\u1ea1i \u0111\u1eadu \u0111\u1ed7, s\u1eafn\u2026 th\u00e0nh b\u1ed9t kh\u00f4.<\/p>\n<h2><span id=\"Cau_tao_may_nghien_thuc_an_chan_nuoi_Bi14\" class=\"ez-toc-section\"><\/span>C\u1ea5u t\u1ea1o m\u00e1y nghi\u1ec1n th\u1ee9c \u0103n ch\u0103n nu\u00f4i B30 inox<\/h2>\n<h3><span id=\"Cau_tao_chung\" class=\"ez-toc-section\"><\/span>C\u1ea5u t\u1ea1o chung<\/h3>\n<p>To\u00e0n b\u1ed9 m\u00e1y \u0111\u01b0\u1ee3c l\u00e0m t\u1eeb ch\u1ea5t li\u1ec7u inox 304 cao c\u1ea5p, ch\u1ed1ng g\u1ec9, ch\u1ed1ng d\u00ednh, c\u00f3 t\u00ednh th\u1ea9m m\u1ef9 cao v\u00e0 \u0111\u1ea3m b\u1ea3o an to\u00e0n v\u1ec7 sinh th\u1ef1c ph\u1ea9m. \u0110\u01b0\u1ee3c thi\u1ebft k\u1ebf ki\u1ec3u d\u00e1ng hi\u1ec7n \u0111\u1ea1i, khung m\u00e1y ch\u1eafc ch\u1eafn h\u1ea1n ch\u1ebf rung l\u1eafc trong qu\u00e1 tr\u00ecnh m\u00e1y ho\u1ea1t \u0111\u1ed9ng. M\u00e1y c\u00f2n \u0111\u01b0\u1ee3c trang b\u1ecb th\u00eam ch\u1eafn b\u1ea3o v\u1ec7 d\u00e2y curoa \u0111\u1ea3m b\u1ea3o an to\u00e0n tuy\u1ec7t \u0111\u1ed1i cho ng\u01b0\u1eddi ng\u01b0\u1eddi s\u1eed d\u1ee5ng.<\/p>\n<figure id=\"attachment_13407\" aria-describedby=\"caption-attachment-13407\" style=\"width: 800px\" class=\"wp-caption aligncenter\"><img loading=\"lazy\" decoding=\"async\" class=\"wp-image-13407 size-full\" src=\"https:\/\/khomaybinhminh.com\/wp-content\/uploads\/2023\/05\/may-nghien-B30-inox-4.webp\" alt=\"\" width=\"800\" height=\"600\" \/><figcaption id=\"caption-attachment-13407\" class=\"wp-caption-text\">C\u1ea5u t\u1ea1o m\u00e1y nghi\u1ec1n B30 inox<\/figcaption><\/figure>\n<h3><span id=\"Toa_nap_nguyen_lieu\" class=\"ez-toc-section\"><\/span>Toa n\u1ea1p nguy\u00ean li\u1ec7u<\/h3>\n<p>Toa n\u1ea1p li\u1ec7u \u0111\u01b0\u1ee3c thi\u1ebft k\u1ebf to r\u1ed9ng v\u00e0 c\u00f3 h\u01b0\u1edbng d\u1ed1c gi\u00fap nguy\u00ean li\u1ec7u d\u1ec5 d\u00e0ng di chuy\u1ec3n xu\u1ed1ng bu\u1ed3ng l\u00e0m vi\u1ec7c. C\u00f2n \u0111\u01b0\u1ee3c trang b\u1ecb th\u00eam t\u1ea5m ch\u1eafn, gi\u00fap ng\u01b0\u1eddi s\u1eed d\u1ee5ng d\u1ec5 d\u00e0ng \u0111i\u1ec1u ch\u1ec9nh l\u01b0\u1ee3ng nguy\u00ean li\u1ec7u xu\u1ed1ng bu\u1ed3ng nghi\u1ec1n, tr\u00e1nh g\u00e2y n\u1eb7ng t\u1ea3i cho m\u00e1y.<\/p>\n<figure id=\"attachment_8115\" aria-describedby=\"caption-attachment-8115\" style=\"width: 800px\" class=\"wp-caption aligncenter\"><img loading=\"lazy\" decoding=\"async\" class=\"wp-image-8115 size-full\" src=\"https:\/\/congtybinhminh.com\/wp-content\/uploads\/2023\/05\/toa-nap-1.webp\" alt=\"\" width=\"800\" height=\"600\" srcset=\"https:\/\/congtybinhminh.com\/wp-content\/uploads\/2023\/05\/toa-nap-1.webp 800w, https:\/\/congtybinhminh.com\/wp-content\/uploads\/2023\/05\/toa-nap-1-510x383.webp 510w, https:\/\/congtybinhminh.com\/wp-content\/uploads\/2023\/05\/toa-nap-1-533x400.webp 533w, https:\/\/congtybinhminh.com\/wp-content\/uploads\/2023\/05\/toa-nap-1-768x576.webp 768w\" sizes=\"auto, (max-width: 800px) 100vw, 800px\" \/><figcaption id=\"caption-attachment-8115\" class=\"wp-caption-text\">Toa n\u1ea1p nguy\u00ean li\u1ec7u<\/figcaption><\/figure>\n<h3><span id=\"Buong_lam_viec_va_cua_xa_thanh_pham\" class=\"ez-toc-section\"><\/span>Bu\u1ed3ng l\u00e0m vi\u1ec7c<\/h3>\n<p>Trong bu\u1ed3ng l\u00e0m vi\u1ec7c \u0111\u01b0\u1ee3c trang b\u1ecb 30 b\u00faa \u0111\u1eadp linh ho\u1ea1t c\u00f9ng 6 \u0111\u0129a \u0111\u00e0 c\u00f3 nhi\u1ec7m v\u1ee5 \u0111\u1eadp v\u1ee1, nghi\u1ec1n nh\u1ecf nguy\u00ean li\u1ec7u th\u00e0nh b\u1ed9t nh\u1ecf m\u1ecbn. Nguy\u00ean li\u1ec7u sau khi \u0111\u00e3 \u0111\u01b0\u1ee3c nghi\u1ec1n nh\u1ecf m\u1ecbn s\u1ebd chui l\u1ecdt qua c\u00e1c l\u1ed7 m\u1eaft s\u00e0ng \u0111\u01b0\u1ee3c g\u1eafn ngay ph\u00eda d\u01b0\u1edbi.<\/p>\n<figure id=\"attachment_8114\" aria-describedby=\"caption-attachment-8114\" style=\"width: 800px\" class=\"wp-caption aligncenter\"><img loading=\"lazy\" decoding=\"async\" class=\"wp-image-8114 size-full\" src=\"https:\/\/congtybinhminh.com\/wp-content\/uploads\/2023\/05\/buong-lam-viec-may-nghien-b30.webp\" alt=\"\" width=\"800\" height=\"600\" srcset=\"https:\/\/congtybinhminh.com\/wp-content\/uploads\/2023\/05\/buong-lam-viec-may-nghien-b30.webp 800w, https:\/\/congtybinhminh.com\/wp-content\/uploads\/2023\/05\/buong-lam-viec-may-nghien-b30-510x383.webp 510w, https:\/\/congtybinhminh.com\/wp-content\/uploads\/2023\/05\/buong-lam-viec-may-nghien-b30-533x400.webp 533w, https:\/\/congtybinhminh.com\/wp-content\/uploads\/2023\/05\/buong-lam-viec-may-nghien-b30-768x576.webp 768w\" sizes=\"auto, (max-width: 800px) 100vw, 800px\" \/><figcaption id=\"caption-attachment-8114\" class=\"wp-caption-text\">Bu\u1ed3ng nghi\u1ec1n<\/figcaption><\/figure>\n<p>\u0110\u1ed3ng th\u1eddi s\u1ef1 chuy\u1ec3n \u0111\u1ed9ng c\u1ee7a h\u1ec7 th\u1ed1ng b\u00faa nghi\u1ec1n c\u00f2n t\u1ea1o ra s\u1ee9c gi\u00f3 th\u1ed5i th\u00e0nh ph\u1ea9m sang \u1ed1ng d\u1eabn t\u00fai \u0111\u1ec3 \u0111\u1ea9y th\u00e0nh ph\u1ea9m ra b\u00ean ngo\u00e0i. T\u1ea1i bu\u1ed3ng nghi\u1ec1n c\u00f2n \u0111\u01b0\u1ee3c trang b\u1ecb c\u00e1c ch\u1ed1t kh\u00f3a ch\u1eafc ch\u1eafn, \u0111\u1ea3m b\u1ea3o an to\u00e0n tuy\u1ec7t \u0111\u1ed1i cho ng\u01b0\u1eddi v\u1eadn h\u00e0nh trong qu\u00e1 tr\u00ecnh m\u00e1y ho\u1ea1t \u0111\u1ed9ng.<\/p>\n<h2><span id=\"Uu_diem_cua_may_nghien_thuc_an_chan_nuoi_Bi_14\" class=\"ez-toc-section\"><\/span>\u01afu \u0111i\u1ec3m c\u1ee7a m\u00e1y nghi\u1ec1n th\u1ee9c \u0103n ch\u0103n nu\u00f4i B30 inox<\/h2>\n<p>M\u00e1y c\u00f2n c\u00f3 kh\u1ea3 n\u0103ng nghi\u1ec1n c\u00e1c lo\u1ea1i nguy\u00ean li\u1ec7u nh\u01b0 ng\u0169 c\u1ed1c, g\u1ea1o, c\u1eabng ch\u00e8, th\u1ea3o d\u01b0\u1ee3c,\u2026 th\u00e0nh b\u1ed9t kh\u00f4 si\u00eau m\u1ecbn.<\/p>\n<p>M\u00e1y s\u1eed d\u1ee5ng \u0111\u1ed9ng c\u01a1 45kw, ngu\u1ed3n \u0111i\u1ec7n 380V 3 pha cho n\u0103ng su\u1ea5t cao ph\u00f9 h\u1ee3p v\u1edbi c\u00e1c h\u1ed9 kinh doanh c\u00f3 quy m\u00f4 v\u1eeba v\u00e0 l\u1edbn.<\/p>\n<figure id=\"attachment_8117\" aria-describedby=\"caption-attachment-8117\" style=\"width: 800px\" class=\"wp-caption aligncenter\"><img loading=\"lazy\" decoding=\"async\" class=\"wp-image-8117 size-full\" src=\"https:\/\/congtybinhminh.com\/wp-content\/uploads\/2023\/05\/may-nghien-b30-inox-10.webp\" alt=\"\" width=\"800\" height=\"600\" srcset=\"https:\/\/congtybinhminh.com\/wp-content\/uploads\/2023\/05\/may-nghien-b30-inox-10.webp 800w, https:\/\/congtybinhminh.com\/wp-content\/uploads\/2023\/05\/may-nghien-b30-inox-10-510x383.webp 510w, https:\/\/congtybinhminh.com\/wp-content\/uploads\/2023\/05\/may-nghien-b30-inox-10-533x400.webp 533w, https:\/\/congtybinhminh.com\/wp-content\/uploads\/2023\/05\/may-nghien-b30-inox-10-768x576.webp 768w\" sizes=\"auto, (max-width: 800px) 100vw, 800px\" \/><figcaption id=\"caption-attachment-8117\" class=\"wp-caption-text\">\u0110\u1ed9ng c\u01a1 45kw<\/figcaption><\/figure>\n<p>To\u00e0n b\u1ed9 m\u00e1y \u0111\u01b0\u1ee3c l\u00e0m b\u1eb1ng inox 304 cao c\u1ea5p \u0111\u1ea3m b\u1ea3o an to\u00e0n v\u1ec7 sinh th\u1ef1c ph\u1ea9m.<\/p>\n<h2><span id=\"Huong_dan_su_dung_may_nghien_thuc_an_chan_nuoi_Bi_14\" class=\"ez-toc-section\"><\/span>H\u01b0\u1edbng d\u1eabn s\u1eed d\u1ee5ng m\u00e1y nghi\u1ec1n th\u1ee9c \u0103n ch\u0103n nu\u00f4i B30 inox<\/h2>\n<p>B\u00e0 con chu\u1ea9n b\u1ecb nguy\u00ean li\u1ec7u c\u1ea7n nghi\u1ec1n, bu\u1ed9c t\u00fai v\u1ea3i \u1edf c\u1eeda x\u1ea3 th\u00e0nh ph\u1ea9m.<\/p>\n<p>K\u1ebft n\u1ed1i m\u00e1y v\u1edbi ngu\u1ed3n \u0111i\u1ec7n 380V, kh\u1edfi \u0111\u1ed9ng m\u00e1y v\u00e0 \u0111\u1ec3 m\u00e1y ch\u1ea1y kh\u00f4ng t\u1ea3i kho\u1ea3ng 1 ph\u00fat r\u1ed3i cho t\u1eeb t\u1eeb nguy\u00ean li\u1ec7u v\u00e0o toa n\u1ea1p.<\/p>\n<p><img loading=\"lazy\" decoding=\"async\" class=\"wp-image-8116 size-full aligncenter\" src=\"https:\/\/congtybinhminh.com\/wp-content\/uploads\/2023\/05\/may-nghien-b30-inox-9.webp\" alt=\"\" width=\"800\" height=\"600\" srcset=\"https:\/\/congtybinhminh.com\/wp-content\/uploads\/2023\/05\/may-nghien-b30-inox-9.webp 800w, https:\/\/congtybinhminh.com\/wp-content\/uploads\/2023\/05\/may-nghien-b30-inox-9-510x383.webp 510w, https:\/\/congtybinhminh.com\/wp-content\/uploads\/2023\/05\/may-nghien-b30-inox-9-533x400.webp 533w, https:\/\/congtybinhminh.com\/wp-content\/uploads\/2023\/05\/may-nghien-b30-inox-9-768x576.webp 768w\" sizes=\"auto, (max-width: 800px) 100vw, 800px\" \/><\/p>\n<p>L\u01b0u \u00fd: kh\u00f4ng n\u00ean \u0111\u1ed5 qu\u00e1 nhi\u1ec1u v\u00e0 m\u1edf r\u1ed9ng t\u1ea5m ch\u1eafn \u0111i\u1ec1u ch\u1ec9nh l\u01b0u l\u01b0\u1ee3ng, tr\u00e1nh tr\u01b0\u1eddng h\u1ee3p nguy\u00ean li\u1ec7u b\u1ecb d\u1ed3n \u0111\u1ed9ng g\u00e2y t\u1eafc s\u00e0ng, b\u00f3 m\u00e1y.<\/p>\n<p>Khi \u0111\u00e3 nghi\u1ec1n h\u1ebft nguy\u00ean li\u1ec7u, b\u00e0 con th\u00e1o t\u00fai v\u1ea3i \u0111\u1ec3 thu l\u1ea5y th\u00e0nh ph\u1ea9m b\u1ed9t, r\u1ed3i ng\u1eaft ngu\u1ed3n \u0111i\u1ec7n v\u00e0 v\u1ec7 sinh m\u00e1y.<\/p>\n<h2><span id=\"Nhung_luu_y_khi_su_dung_va_ve_sinh_may\" class=\"ez-toc-section\"><\/span>Nh\u1eefng l\u01b0u \u00fd khi s\u1eed d\u1ee5ng v\u00e0 v\u1ec7 sinh m\u00e1y<\/h2>\n<p>Kh\u00f4ng nghi\u1ec1n nh\u1eefng nguy\u00ean li\u1ec7u qu\u00e1 c\u1ee9ng kh\u00f4ng ph\u00f9 h\u1ee3p ho\u1eb7c \u0111\u1ec3 kim lo\u1ea1i r\u01a1i v\u00e0o bu\u1ed3ng nghi\u1ec1n s\u1ebd l\u00e0m h\u1ecfng b\u00faa, r\u00e1ch s\u00e0ng.<\/p>\n<figure id=\"attachment_8118\" aria-describedby=\"caption-attachment-8118\" style=\"width: 800px\" class=\"wp-caption aligncenter\"><img loading=\"lazy\" decoding=\"async\" class=\"wp-image-8118 size-full\" src=\"https:\/\/congtybinhminh.com\/wp-content\/uploads\/2023\/05\/goi-bi-2.webp\" alt=\"\" width=\"800\" height=\"600\" srcset=\"https:\/\/congtybinhminh.com\/wp-content\/uploads\/2023\/05\/goi-bi-2.webp 800w, https:\/\/congtybinhminh.com\/wp-content\/uploads\/2023\/05\/goi-bi-2-510x383.webp 510w, https:\/\/congtybinhminh.com\/wp-content\/uploads\/2023\/05\/goi-bi-2-533x400.webp 533w, https:\/\/congtybinhminh.com\/wp-content\/uploads\/2023\/05\/goi-bi-2-768x576.webp 768w\" sizes=\"auto, (max-width: 800px) 100vw, 800px\" \/><figcaption id=\"caption-attachment-8118\" class=\"wp-caption-text\">G\u1ed1i bi<\/figcaption><\/figure>\n<p>V\u1ec7 sinh kh\u00f4 c\u00e1c b\u1ed9 ph\u1eadn c\u1ee7a m\u00e1y, tr\u00e1nh \u0111\u1ec3 n\u01b0\u1edbc ti\u1ebfp x\u00fac tr\u1ef1c ti\u1ebfp v\u1edbi \u0111\u1ed9ng c\u01a1.<\/p>\n<p>Th\u01b0\u1eddng xuy\u00ean tra d\u1ea7u m\u1ee1 v\u00e0o c\u00e1c g\u1ed1i bi \u0111\u1ec3 b\u1ea3o d\u01b0\u1ee1ng v\u00e0 \u0111\u1ea3m b\u1ea3o ti\u1ebfn \u0111\u1ed9 m\u00e1y ho\u1ea1t \u0111\u1ed9ng.<\/p>\n<h2>Th\u00f4ng s\u1ed1 k\u1ef9 thu\u1eadt<\/h2>\n<table border=\"1\" cellspacing=\"1\" cellpadding=\"1\">\n<tbody>\n<tr>\n<td colspan=\"1\" rowspan=\"3\">\u0110\u1ed9ng c\u01a1<\/td>\n<td>C\u00f4ng su\u1ea5t \u0111\u1ed9ng c\u01a1<\/td>\n<td>45kw<\/td>\n<\/tr>\n<tr>\n<td>Ngu\u1ed3n \u0111i\u1ec7n<\/td>\n<td>380V<\/td>\n<\/tr>\n<tr>\n<td>T\u1ed1c \u0111\u1ed9<\/td>\n<td>v\/p<\/td>\n<\/tr>\n<tr>\n<td colspan=\"1\" rowspan=\"2\">Tr\u1ecdng l\u01b0\u1ee3ng<\/td>\n<td>Nguy\u00ean b\u1ed9<\/td>\n<td>M\u00e1y nghi\u1ec1n: 864 kg<\/p>\n<p>B\u1ea7u gi\u00f3: 136 kg<\/td>\n<\/tr>\n<tr>\n<td>Kh\u00f4ng \u0111\u1ed9ng c\u01a1<\/td>\n<td>484 kg<\/td>\n<\/tr>\n<tr>\n<td colspan=\"1\" rowspan=\"2\">B\u1ea3o h\u00e0nh<\/td>\n<td>K\u1ef9 thu\u1eadt<\/td>\n<td>06 th\u00e1ng<\/td>\n<\/tr>\n<tr>\n<td>\u0110\u1ed9ng c\u01a1<\/td>\n<td>Theo t\u1eebng h\u00e3ng s\u1ea3n xu\u1ea5t<\/td>\n<\/tr>\n<tr>\n<td>N\u0103ng su\u1ea5t<\/td>\n<td colspan=\"2\" rowspan=\"1\">\u00a0kg\/gi\u1edd<\/td>\n<\/tr>\n<tr>\n<td>K\u00edch th\u01b0\u1edbc (d*c*r)<\/td>\n<td colspan=\"2\" rowspan=\"1\">\u00a0212*113*100 cm<\/td>\n<\/tr>\n<tr>\n<td>H\u00ecnh th\u1ee9c thanh to\u00e1n<\/td>\n<td colspan=\"2\" rowspan=\"1\">Ti\u1ec1n m\u1eb7t ho\u1eb7c chuy\u1ec3n kho\u1ea3n<\/td>\n<\/tr>\n<\/tbody>\n<\/table>\n","protected":false},"excerpt":{"rendered":"<ul>\n<li><strong>H\u00e3ng s\u1ea3n xu\u1ea5t:<\/strong> B\u00ecnh Minh<\/li>\n<li><strong>C\u00f4ng su\u1ea5t \u0111\u1ed9ng c\u01a1:<\/strong> 45 kw<\/li>\n<li><strong>Ngu\u1ed3n\u00a0\u0111i\u1ec7n:<\/strong> \u00a0380V<\/li>\n<li><strong>Ch\u1ea5t li\u1ec7u<\/strong>: inox 201 ho\u1eb7c inox 304<\/li>\n<li><strong>N\u0103ng su\u1ea5t:\u00a0<\/strong> \u00a0kg\/h<\/li>\n<li><strong>T\u00ednh n\u0103ng<\/strong>: m\u00e1y c\u00f3 ch\u1ee9c n\u0103ng nghi\u1ec1n \u0111a d\u1ea1ng nhi\u1ec1u lo\u1ea1i nguy\u00ean li\u1ec7u nh\u01b0: ng\u0169 c\u1ed1c, l\u1ea1c, m\u1ea7m \u0111\u1eadu n\u00e0nh, ng\u00f4, h\u1ea1t d\u1ebb, h\u1ea1nh nh\u00e2n,\u2026th\u00e0nh k\u00edch c\u1ee1 b\u1ed9t kh\u00e1c nhau<\/li>\n<\/ul>\n","protected":false},"featured_media":10031,"comment_status":"closed","ping_status":"closed","template":"","meta":[],"product_brand":[],"product_cat":[32],"product_tag":[],"class_list":{"0":"post-8106","1":"product","2":"type-product","3":"status-publish","4":"has-post-thumbnail","6":"product_cat-may-nghien","8":"first","9":"instock","10":"shipping-taxable","11":"product-type-simple"},"_links":{"self":[{"href":"https:\/\/congtybinhminh.com\/index.php?rest_route=\/wp\/v2\/product\/8106","targetHints":{"allow":["GET"]}}],"collection":[{"href":"https:\/\/congtybinhminh.com\/index.php?rest_route=\/wp\/v2\/product"}],"about":[{"href":"https:\/\/congtybinhminh.com\/index.php?rest_route=\/wp\/v2\/types\/product"}],"replies":[{"embeddable":true,"href":"https:\/\/congtybinhminh.com\/index.php?rest_route=%2Fwp%2Fv2%2Fcomments&post=8106"}],"wp:featuredmedia":[{"embeddable":true,"href":"https:\/\/congtybinhminh.com\/index.php?rest_route=\/wp\/v2\/media\/10031"}],"wp:attachment":[{"href":"https:\/\/congtybinhminh.com\/index.php?rest_route=%2Fwp%2Fv2%2Fmedia&parent=8106"}],"wp:term":[{"taxonomy":"product_brand","embeddable":true,"href":"https:\/\/congtybinhminh.com\/index.php?rest_route=%2Fwp%2Fv2%2Fproduct_brand&post=8106"},{"taxonomy":"product_cat","embeddable":true,"href":"https:\/\/congtybinhminh.com\/index.php?rest_route=%2Fwp%2Fv2%2Fproduct_cat&post=8106"},{"taxonomy":"product_tag","embeddable":true,"href":"https:\/\/congtybinhminh.com\/index.php?rest_route=%2Fwp%2Fv2%2Fproduct_tag&post=8106"}],"curies":[{"name":"wp","href":"https:\/\/api.w.org\/{rel}","templated":true}]}}