{"id":8086,"date":"2023-05-08T09:32:57","date_gmt":"2023-05-08T02:32:57","guid":{"rendered":"https:\/\/congtybinhminh.com\/?post_type=product&#038;p=8086"},"modified":"2025-03-12T13:34:32","modified_gmt":"2025-03-12T06:34:32","slug":"may-rang-inox-r15-phien-ban-moi","status":"publish","type":"product","link":"https:\/\/congtybinhminh.com\/?product=may-rang-inox-r15-phien-ban-moi","title":{"rendered":"M\u00e1y rang inox R15 (Phi\u00ean b\u1ea3n m\u1edbi)"},"content":{"rendered":"<h2>Video ho\u1ea1t \u0111\u1ed9ng<\/h2>\n<p><iframe loading=\"lazy\" title=\"B\u00ecnh Qu\u00e2n Group: M\u00e1y Rang \u0110a N\u0103ng R15 Phi\u00ean B\u1ea3n 2023 C\u00f3 G\u00ec M\u1edbi?\" width=\"1020\" height=\"574\" src=\"https:\/\/www.youtube.com\/embed\/ryIcw_fKEDY?feature=oembed\" frameborder=\"0\" allow=\"accelerometer; autoplay; clipboard-write; encrypted-media; gyroscope; picture-in-picture; web-share\" referrerpolicy=\"strict-origin-when-cross-origin\" allowfullscreen><\/iframe><\/p>\n<h2>Gi\u1edbi thi\u1ec7u m\u00e1y rang inox R15 (Phi\u00ean b\u1ea3n m\u1edbi)<\/h2>\n<p>M\u00e1y rang inox R15 \u0111\u01b0\u1ee3c c\u00f4ng ty B\u00ecnh Minh s\u1ea3n xu\u1ea5t ra v\u1edbi phi\u00ean b\u1ea3n m\u1edbi, n\u00e2ng c\u1ea5p h\u01a1n gi\u00fap ng\u01b0\u1eddi d\u00f9ng d\u1ec5 d\u00e0ng s\u1eed d\u1ee5ng h\u01a1n.<\/p>\n<p>M\u00e1y c\u00f3 kh\u1ea3 n\u0103ng rang ch\u00edn, \u0111\u1ec1u c\u00e1c lo\u1ea1i h\u1ea1t nh\u01b0: h\u1ea1t d\u1ebb, macca, \u00f3c ch\u00f3, h\u1ea1t \u0111i\u1ec1u, h\u01b0\u1edbng d\u01b0\u01a1ng&#8230;.m\u1ed9t c\u00e1ch nhanh ch\u00f3ng, \u0111\u1ea3m b\u1ea3o ch\u1ea5t l\u01b0\u1ee3ng.<\/p>\n<p><img loading=\"lazy\" decoding=\"async\" class=\"aligncenter wp-image-8099 size-full\" src=\"https:\/\/congtybinhminh.com\/wp-content\/uploads\/2023\/05\/may-rang-inox-r15-5.webp\" alt=\"\" width=\"800\" height=\"600\" srcset=\"https:\/\/congtybinhminh.com\/wp-content\/uploads\/2023\/05\/may-rang-inox-r15-5.webp 800w, https:\/\/congtybinhminh.com\/wp-content\/uploads\/2023\/05\/may-rang-inox-r15-5-510x383.webp 510w, https:\/\/congtybinhminh.com\/wp-content\/uploads\/2023\/05\/may-rang-inox-r15-5-533x400.webp 533w, https:\/\/congtybinhminh.com\/wp-content\/uploads\/2023\/05\/may-rang-inox-r15-5-768x576.webp 768w\" sizes=\"auto, (max-width: 800px) 100vw, 800px\" \/><\/p>\n<h2>\u01afu \u0111i\u1ec3m n\u1ed5i b\u1eadt c\u1ee7a m\u00e1y rang inox R15 (Phi\u00ean b\u1ea3n m\u1edbi)<\/h2>\n<p>C\u1ea5u t\u1ea1o m\u00e1y \u0111\u01a1n gi\u1ea3n, c\u00f3 th\u1ec3 d\u1ec5 d\u00e0ng th\u00e1o ra l\u1eafp v\u00e0o gi\u00fap ng\u01b0\u1eddi d\u00f9ng d\u1ec5 d\u00e0ng v\u1ec7 sinh m\u00e1y, d\u1ec5 b\u1ea3o tr\u00ec, b\u1ea3o d\u01b0\u1ee1ng m\u00e1y.<\/p>\n<p>H\u1ec7 th\u1ed1ng bu\u1ed3ng l\u00e0m vi\u1ec7c ho\u00e0n to\u00e0n t\u1ef1 \u0111\u1ed9ng, li\u00ean t\u1ee5c \u0111\u1ea3o gi\u00fap nguy\u00ean li\u1ec7u ch\u00edn \u0111\u1ec1u, \u0111\u1eb9p m\u1eaft cho n\u0103ng su\u1ea5t t\u1eeb &#8230;&#8230;.kg\/m\u1ebb.<\/p>\n<p>D\u00f2ng m\u00e1y ph\u00f9 h\u1ee3p v\u1edbi m\u00f4 h\u00ecnh kinh doanh gia \u0111\u00ecnh v\u1eeba v\u00e0 nh\u1ecf.<\/p>\n<p><img loading=\"lazy\" decoding=\"async\" class=\"aligncenter wp-image-8101 size-full\" src=\"https:\/\/congtybinhminh.com\/wp-content\/uploads\/2023\/05\/may-rang-inox-R15-2.webp\" alt=\"\" width=\"800\" height=\"600\" srcset=\"https:\/\/congtybinhminh.com\/wp-content\/uploads\/2023\/05\/may-rang-inox-R15-2.webp 800w, https:\/\/congtybinhminh.com\/wp-content\/uploads\/2023\/05\/may-rang-inox-R15-2-510x383.webp 510w, https:\/\/congtybinhminh.com\/wp-content\/uploads\/2023\/05\/may-rang-inox-R15-2-533x400.webp 533w, https:\/\/congtybinhminh.com\/wp-content\/uploads\/2023\/05\/may-rang-inox-R15-2-768x576.webp 768w\" sizes=\"auto, (max-width: 800px) 100vw, 800px\" \/><\/p>\n<p>Thi\u1ebft k\u1ebf ch\u1eafc ch\u1eafn, c\u00f3 b\u00e1nh xe di chuy\u1ec3n d\u1ec5 d\u00e0ng, an to\u00e0n cho ng\u01b0\u1eddi s\u1eed d\u1ee5ng<\/p>\n<p>M\u00e1y s\u1eed d\u1ee5ng c\u00f4ng su\u1ea5t \u0111\u1ed9ng c\u01a1 gi\u1ea3m t\u1ed1c 0.75kw, ch\u1ea1y \u0111i\u1ec7n gia \u0111\u00ecnh 220V ph\u00f9 h\u1ee3p v\u1edbi m\u1ecdi \u0111\u1ed1i t\u01b0\u1ee3ng s\u1eed d\u1ee5ng.<\/p>\n<p>Th\u00e0nh ph\u1ea9m sau khi rang s\u1ebd c\u00f3 m\u00f9i th\u01a1m \u0111\u1eb7c tr\u01b0ng, ch\u00edn \u0111\u1ec1u, kh\u00f4ng b\u1ecb v\u1ee1 n\u00e1t.<\/p>\n<h2><span id=\"Cau_tao_cua_May_rang_hat_da_nang_R15\" class=\"ez-toc-section\"><\/span>C\u1ea5u t\u1ea1o c\u1ee7a M\u00e1y rang inox R15 (Phi\u00ean b\u1ea3n m\u1edbi)<\/h2>\n<h3>Ph\u1ea7n khung m\u00e1y<\/h3>\n<p>Khung m\u00e1y \u0111\u01b0\u1ee3c l\u00e0m b\u1eb1ng Inox gi\u00fap m\u00e1y \u0111\u01b0\u1ee3c v\u1ec7 sinh d\u1ec5 d\u00e0ng v\u00e0 ch\u1ed1ng g\u1ec9 s\u00e9t. \u0110\u1eb7c bi\u1ec7t ph\u1ea7n khung m\u00e1y c\u00f2n c\u00f3 l\u1edbp v\u1ecf c\u00e1ch nhi\u1ec7t b\u00ean ngo\u00e0i, khi m\u00e1y rang v\u1eadn h\u00e0nh s\u1ebd kh\u00f4ng b\u1ecb tho\u00e1t kh\u00ed n\u00f3ng ra ngo\u00e0i, an to\u00e0n tuy\u1ec7t \u0111\u1ed1i cho ng\u01b0\u1eddi s\u1eed d\u1ee5ng.<\/p>\n<p><img loading=\"lazy\" decoding=\"async\" class=\"aligncenter wp-image-8090 size-full\" src=\"https:\/\/congtybinhminh.com\/wp-content\/uploads\/2023\/05\/cau-tao-may-rang-r15-inox.webp\" alt=\"\" width=\"800\" height=\"600\" srcset=\"https:\/\/congtybinhminh.com\/wp-content\/uploads\/2023\/05\/cau-tao-may-rang-r15-inox.webp 800w, https:\/\/congtybinhminh.com\/wp-content\/uploads\/2023\/05\/cau-tao-may-rang-r15-inox-510x383.webp 510w, https:\/\/congtybinhminh.com\/wp-content\/uploads\/2023\/05\/cau-tao-may-rang-r15-inox-533x400.webp 533w, https:\/\/congtybinhminh.com\/wp-content\/uploads\/2023\/05\/cau-tao-may-rang-r15-inox-768x576.webp 768w\" sizes=\"auto, (max-width: 800px) 100vw, 800px\" \/><\/p>\n<h3>Toa n\u1ea1p v\u00e0 c\u1eeda x\u1ea3<\/h3>\n<p><img loading=\"lazy\" decoding=\"async\" class=\"aligncenter wp-image-8105 size-full\" src=\"https:\/\/congtybinhminh.com\/wp-content\/uploads\/2023\/05\/Toa-nap-cua-xa.webp\" alt=\"\" width=\"800\" height=\"600\" srcset=\"https:\/\/congtybinhminh.com\/wp-content\/uploads\/2023\/05\/Toa-nap-cua-xa.webp 800w, https:\/\/congtybinhminh.com\/wp-content\/uploads\/2023\/05\/Toa-nap-cua-xa-510x383.webp 510w, https:\/\/congtybinhminh.com\/wp-content\/uploads\/2023\/05\/Toa-nap-cua-xa-533x400.webp 533w, https:\/\/congtybinhminh.com\/wp-content\/uploads\/2023\/05\/Toa-nap-cua-xa-768x576.webp 768w\" sizes=\"auto, (max-width: 800px) 100vw, 800px\" \/><\/p>\n<p>Toa n\u1ea1p nguy\u00ean li\u1ec7u \u0111\u01b0\u1ee3c l\u00e0m theo ki\u1ec3u h\u00ecnh ph\u1ec5u s\u1ebd c\u00f3 t\u00e1c d\u1ee5ng \u0111\u01b0a nguy\u00ean li\u1ec7u v\u00e0o bu\u1ed3ng l\u00e0m vi\u1ec7c m\u1ed9t c\u00e1ch nhanh ch\u00f3ng, d\u1ec5 d\u00e0ng h\u01a1n v\u1edbi k\u00edch th\u01b0\u1edbc CR 35cm * CD 35cm.<\/p>\n<p>Sau khi th\u00e0nh ph\u1ea9m \u0111\u00e3 ch\u00edn m\u00e1ng h\u1ee9ng ph\u00eda d\u01b0\u1edbi l\u1ed3ng rang c\u00f3 t\u00e1c d\u1ee5ng h\u1ee9ng th\u00e0nh ph\u1ea9m tr\u00e1nh t\u00ecnh tr\u1ea1ng th\u00e0nh ph\u1ea9m r\u01a1i ra ngo\u00e0i.<\/p>\n<h3>Bu\u1ed3ng l\u00e0m vi\u1ec7c<\/h3>\n<p>B\u00ean trong bu\u1ed3ng l\u00e0m vi\u1ec7c c\u00f3 c\u00e1c thanh xo\u1eafn d\u00e0i ch\u1ea1y d\u1ecdc th\u00e2n m\u00e1y. C\u00e1c thanh xo\u1eafn n\u00e0y c\u00f3 nhi\u1ec7m v\u1ee5 \u0111\u1ea3o \u0111\u1ec1u trong l\u1ed3ng rang, gi\u00fap nguy\u00ean li\u1ec7u ch\u00edn nhanh, ch\u00edn \u0111\u1ec1u v\u00e0 kh\u00f4ng b\u1ecb ch\u00e1y x\u00e9m.<\/p>\n<p><img loading=\"lazy\" decoding=\"async\" class=\"aligncenter wp-image-8102 size-full\" src=\"https:\/\/congtybinhminh.com\/wp-content\/uploads\/2023\/05\/Buong-lam-viec-may-rang-R15.webp\" alt=\"\" width=\"800\" height=\"600\" srcset=\"https:\/\/congtybinhminh.com\/wp-content\/uploads\/2023\/05\/Buong-lam-viec-may-rang-R15.webp 800w, https:\/\/congtybinhminh.com\/wp-content\/uploads\/2023\/05\/Buong-lam-viec-may-rang-R15-510x383.webp 510w, https:\/\/congtybinhminh.com\/wp-content\/uploads\/2023\/05\/Buong-lam-viec-may-rang-R15-533x400.webp 533w, https:\/\/congtybinhminh.com\/wp-content\/uploads\/2023\/05\/Buong-lam-viec-may-rang-R15-768x576.webp 768w\" sizes=\"auto, (max-width: 800px) 100vw, 800px\" \/><\/p>\n<h3>Thanh nhi\u1ec7t &amp; b\u1ea3ng \u0111i\u1ec1u khi\u1ec3n<\/h3>\n<p>H\u1ec7 th\u1ed1ng 12 thanh nhi\u1ec7t c\u00f3 ch\u1ee9c n\u0103ng l\u00e0m n\u00f3ng l\u1ed3ng rang, m\u1ed7i thanh nhi\u1ec7t c\u00f3 c\u00f4ng su\u1ea5t 550W.<\/p>\n<p><img loading=\"lazy\" decoding=\"async\" class=\"aligncenter wp-image-8100 size-full\" src=\"https:\/\/congtybinhminh.com\/wp-content\/uploads\/2023\/05\/Long-rang-may-R15.webp\" alt=\"\" width=\"800\" height=\"600\" srcset=\"https:\/\/congtybinhminh.com\/wp-content\/uploads\/2023\/05\/Long-rang-may-R15.webp 800w, https:\/\/congtybinhminh.com\/wp-content\/uploads\/2023\/05\/Long-rang-may-R15-510x383.webp 510w, https:\/\/congtybinhminh.com\/wp-content\/uploads\/2023\/05\/Long-rang-may-R15-533x400.webp 533w, https:\/\/congtybinhminh.com\/wp-content\/uploads\/2023\/05\/Long-rang-may-R15-768x576.webp 768w\" sizes=\"auto, (max-width: 800px) 100vw, 800px\" \/><br \/>\nB\u1ea3ng \u0111i\u1ec1u khi\u1ec3n th\u00f4ng minh:<\/p>\n<p><img loading=\"lazy\" decoding=\"async\" class=\"aligncenter wp-image-8104 size-full\" src=\"https:\/\/congtybinhminh.com\/wp-content\/uploads\/2023\/05\/bang-dieu-khien-may-rang-r15-1.webp\" alt=\"\" width=\"800\" height=\"600\" srcset=\"https:\/\/congtybinhminh.com\/wp-content\/uploads\/2023\/05\/bang-dieu-khien-may-rang-r15-1.webp 800w, https:\/\/congtybinhminh.com\/wp-content\/uploads\/2023\/05\/bang-dieu-khien-may-rang-r15-1-510x383.webp 510w, https:\/\/congtybinhminh.com\/wp-content\/uploads\/2023\/05\/bang-dieu-khien-may-rang-r15-1-533x400.webp 533w, https:\/\/congtybinhminh.com\/wp-content\/uploads\/2023\/05\/bang-dieu-khien-may-rang-r15-1-768x576.webp 768w\" sizes=\"auto, (max-width: 800px) 100vw, 800px\" \/><\/p>\n<p>H\u1ec7 th\u1ed1ng \u0111i\u1ec1u ch\u1ec9nh nhi\u1ec7t gi\u00fap qu\u00fd kh\u00e1ch c\u00f3 th\u1ec3 d\u1ec5 d\u00e0ng \u0111i\u1ec1u ch\u1ec9nh nhi\u1ec7t \u0111\u1ed9 th\u00edch h\u1ee3p cho t\u1eebng lo\u1ea1i nguy\u00ean li\u1ec7u.<\/p>\n<p>Ngo\u00e0i ra b\u1ea3ng \u0111i\u1ec1u khi\u1ec3n c\u00f2n c\u00f3 c\u00f4ng t\u1eafc ngu\u1ed3n, \u0111\u00e8n b\u00e1o, n\u00fat \u0111i\u1ec1u ch\u1ec9nh \u0111\u01b0a nguy\u00ean li\u1ec7u v\u00e0o v\u00e0 ra.<\/p>\n<h2>Nh\u1eefng l\u01b0u \u00fd khi s\u1eed d\u1ee5ng m\u00e1y rang inox R15 (Phi\u00ean b\u1ea3n m\u1edbi)<\/h2>\n<p>\u0110\u1eb7t m\u00e1y tr\u00ean n\u1ec1n ph\u1eb3ng tr\u00e1nh rung l\u1eafc g\u00e2y nguy hi\u1ec3m trong qu\u00e1 tr\u00ecnh s\u1eed d\u1ee5ng.<\/p>\n<p>B\u1eadt c\u00f4ng t\u1eafc kh\u1edfi \u0111\u1ed9ng m\u00e1y ki\u1ec3m tra \u1ed5n \u0111\u1ecbnh \u0111\u1ed9ng c\u01a1 tr\u01b0\u1edbc khi b\u1eaft \u0111\u1ea7u quy tr\u00ecnh. (N\u00ean kh\u1edfi \u0111\u1ed9ng m\u00e1y l\u00e0m n\u00f3ng l\u1ed3ng rang t\u1eeb 5 \u2013 10 ph\u00fat tr\u01b0\u1edbc khi cho h\u1ea1t v\u00e0o rang)<\/p>\n<p>M\u00e1y kh\u00f4ng rang \u0111\u01b0\u1ee3c h\u1ea1t t\u1ea9m \u01b0\u1edbt v\u00ec trong qu\u00e1 tr\u00ecnh rang s\u1ebd l\u00e0m b\u1ed1c h\u01a1i khi\u1ebfn h\u1ea1t kh\u00f4ng c\u00f2n \u0111\u1ed9 gi\u00f2n. \u0110\u1ec3 rang c\u00e1c lo\u1ea1i h\u1ea1t t\u1ea9m \u01b0\u1edbp b\u1ea1n c\u1ea7n s\u1ea5y kh\u00f4 ho\u1eb7c \u0111\u1ec3 cho r\u00e1o m\u1edbi cho v\u00e0o rang.<\/p>\n<p>V\u1ec7 sinh tr\u01b0\u1edbc v\u00e0 sau khi s\u1eed d\u1ee5ng \u0111\u1ea3m b\u1ea3o \u0111\u1ed9 b\u1ec1n cho m\u00e1y.<\/p>\n<h2>Th\u00f4ng s\u1ed1 k\u1ef9 thu\u1eadt<\/h2>\n<table class=\"Table\" align=\"center\">\n<tbody>\n<tr>\n<td rowspan=\"3\" width=\"270\">\n<p align=\"center\"><span style=\"color: #000000\">\u0110\u1ed9ng c\u01a1<\/span><\/p>\n<\/td>\n<td width=\"211\"><span style=\"color: #000000\">\u00a0C\u00f4ng su\u1ea5t \u0111\u1ed9ng c\u01a1<\/span><\/td>\n<td width=\"210\">\n<p align=\"center\">\u0110\u1ed9ng c\u01a1 gi\u1ea3m t\u1ed1c 0,75kw<\/p>\n<\/td>\n<\/tr>\n<tr>\n<td width=\"211\"><span style=\"color: #000000\">\u00a0Ngu\u1ed3n \u0111i\u1ec7n<\/span><\/td>\n<td width=\"210\">\n<p align=\"center\"><span style=\"color: #000000\">220 (V)<\/span><\/p>\n<\/td>\n<\/tr>\n<tr>\n<td width=\"211\"><span style=\"color: #000000\">\u00a0C\u00f4ng su\u1ea5t ti\u00eau th\u1ee5 nhi\u1ec7t<\/span><\/td>\n<td width=\"210\">\n<p align=\"center\">\u00a0550w\/thanh (12 thanh nhi\u1ec7t)<\/p>\n<\/td>\n<\/tr>\n<tr>\n<td rowspan=\"2\" width=\"270\">\n<p align=\"center\"><span style=\"color: #000000\">Tr\u1ecdng l\u01b0\u1ee3ng m\u00e1y<\/span><\/p>\n<\/td>\n<td width=\"211\"><span style=\"color: #000000\">\u00a0Nguy\u00ean b\u1ed9<\/span><\/td>\n<td width=\"210\">\n<p align=\"center\">\u00a0kg<\/p>\n<\/td>\n<\/tr>\n<tr>\n<td width=\"211\"><span style=\"color: #000000\">\u00a0Kh\u00f4ng \u0111\u1ed9ng c\u01a1<\/span><\/td>\n<td width=\"210\">\n<p align=\"center\">\u00a0kg<\/p>\n<\/td>\n<\/tr>\n<tr>\n<td rowspan=\"2\" width=\"270\">\n<p align=\"center\"><span style=\"color: #000000\">B\u1ea3o h\u00e0nh<\/span><\/p>\n<\/td>\n<td width=\"211\"><span style=\"color: #000000\">\u00a0K\u1ef9 thu\u1eadt<\/span><\/td>\n<td width=\"210\">\n<p align=\"center\"><span style=\"color: #000000\">06\u00a0th\u00e1ng<\/span><\/p>\n<\/td>\n<\/tr>\n<tr>\n<td width=\"211\"><span style=\"color: #000000\">\u00a0\u0110\u1ed9ng c\u01a1<\/span><\/td>\n<td width=\"210\">\n<p align=\"center\"><span style=\"color: #000000\">Theo t\u1eebng h\u00e3ng s\u1ea3n xu\u1ea5t<\/span><\/p>\n<\/td>\n<\/tr>\n<tr>\n<td width=\"270\">\n<p align=\"center\"><span style=\"color: #000000\">N\u0103ng su\u1ea5t<\/span><\/p>\n<\/td>\n<td colspan=\"2\" width=\"421\">\n<p align=\"center\"><span style=\"color: #000000\">\u00a0(kg\/m\u1ebb)<\/span><\/p>\n<\/td>\n<\/tr>\n<tr>\n<td width=\"270\">\n<p align=\"center\"><span style=\"color: #000000\">K\u00edch th\u01b0\u1edbc ( D * C * R )<\/span><\/p>\n<\/td>\n<td colspan=\"2\" width=\"421\">\n<p align=\"center\">130*114*47cm<\/p>\n<\/td>\n<\/tr>\n<tr>\n<td width=\"270\">\n<p align=\"center\"><span style=\"color: #000000\">H\u00ecnh th\u1ee9c thanh to\u00e1n<\/span><\/p>\n<\/td>\n<td colspan=\"2\" width=\"421\"><span style=\"color: #000000\">Ti\u1ec1n m\u1eb7t ho\u1eb7c chuy\u1ec3n kho\u1ea3n<\/span><\/td>\n<\/tr>\n<\/tbody>\n<\/table>\n","protected":false},"excerpt":{"rendered":"<ul>\n<li>H\u00e3ng s\u1ea3n xu\u1ea5t: B\u00ecnh Minh<\/li>\n<li>C\u00f4ng su\u1ea5t \u0111\u1ed9ng c\u01a1: \u0111\u1ed9ng c\u01a1 gi\u1ea3m t\u1ed1c 0.75kw<\/li>\n<li>C\u00f4ng su\u1ea5t ti\u00eau th\u1ee5 nhi\u1ec7t: 12 thanh nhi\u1ec7t, c\u00f4ng su\u1ea5t 550 W\/thanh nhi\u1ec7t<\/li>\n<li>Ngu\u1ed3n \u0111i\u1ec7n: 220V<\/li>\n<li>N\u0103ng su\u1ea5t:\u00a0 kg\/m\u1ebb<\/li>\n<li>T\u00ednh n\u0103ng: Rang ch\u00edn v\u00e0ng \u0111\u1ec1u c\u00e1c lo\u1ea1i h\u1ea1t<\/li>\n<\/ul>\n","protected":false},"featured_media":8087,"comment_status":"closed","ping_status":"closed","template":"","meta":[],"product_brand":[],"product_cat":[28],"product_tag":[202,203],"class_list":{"0":"post-8086","1":"product","2":"type-product","3":"status-publish","4":"has-post-thumbnail","6":"product_cat-may-rang","7":"product_tag-may-rang-hat","8":"product_tag-may-rang-inox-r15","10":"first","11":"instock","12":"shipping-taxable","13":"product-type-simple"},"_links":{"self":[{"href":"https:\/\/congtybinhminh.com\/index.php?rest_route=\/wp\/v2\/product\/8086","targetHints":{"allow":["GET"]}}],"collection":[{"href":"https:\/\/congtybinhminh.com\/index.php?rest_route=\/wp\/v2\/product"}],"about":[{"href":"https:\/\/congtybinhminh.com\/index.php?rest_route=\/wp\/v2\/types\/product"}],"replies":[{"embeddable":true,"href":"https:\/\/congtybinhminh.com\/index.php?rest_route=%2Fwp%2Fv2%2Fcomments&post=8086"}],"wp:featuredmedia":[{"embeddable":true,"href":"https:\/\/congtybinhminh.com\/index.php?rest_route=\/wp\/v2\/media\/8087"}],"wp:attachment":[{"href":"https:\/\/congtybinhminh.com\/index.php?rest_route=%2Fwp%2Fv2%2Fmedia&parent=8086"}],"wp:term":[{"taxonomy":"product_brand","embeddable":true,"href":"https:\/\/congtybinhminh.com\/index.php?rest_route=%2Fwp%2Fv2%2Fproduct_brand&post=8086"},{"taxonomy":"product_cat","embeddable":true,"href":"https:\/\/congtybinhminh.com\/index.php?rest_route=%2Fwp%2Fv2%2Fproduct_cat&post=8086"},{"taxonomy":"product_tag","embeddable":true,"href":"https:\/\/congtybinhminh.com\/index.php?rest_route=%2Fwp%2Fv2%2Fproduct_tag&post=8086"}],"curies":[{"name":"wp","href":"https:\/\/api.w.org\/{rel}","templated":true}]}}