{"id":8039,"date":"2023-04-28T14:32:03","date_gmt":"2023-04-28T07:32:03","guid":{"rendered":"https:\/\/congtybinhminh.com\/?post_type=product&#038;p=8039"},"modified":"2024-05-02T10:56:17","modified_gmt":"2024-05-02T03:56:17","slug":"may-bam-xo-dua-b450","status":"publish","type":"product","link":"https:\/\/congtybinhminh.com\/?product=may-bam-xo-dua-b450","title":{"rendered":"M\u00e1y b\u0103m x\u01a1 d\u1eeba B450"},"content":{"rendered":"<h2>Video ho\u1ea1t \u0111\u1ed9ng m\u00e1y b\u0103m x\u01a1 d\u1eeba B450<\/h2>\n<p><iframe loading=\"lazy\" title=\"C\u00f4ng Ty B\u00ecnh Minh: M\u00e1y B\u0103m X\u01a1 D\u1eeba B450 B\u0103m V\u1ecf D\u1eeba Th\u00e0nh M\u1ee5n\" width=\"1020\" height=\"574\" src=\"https:\/\/www.youtube.com\/embed\/ZsBJdUrxPW8?feature=oembed\" frameborder=\"0\" allow=\"accelerometer; autoplay; clipboard-write; encrypted-media; gyroscope; picture-in-picture; web-share\" referrerpolicy=\"strict-origin-when-cross-origin\" allowfullscreen><\/iframe><\/p>\n<h2>Gi\u1edbi thi\u1ec7u m\u00e1y b\u0103m x\u01a1 d\u1eeba B450<\/h2>\n<p>M\u00e1y b\u0103m x\u01a1 d\u1eeba B450 l\u00e0 d\u00f2ng s\u1ea3n ph\u1ea9m m\u1edbi nh\u1ea5t \u0111\u01b0\u1ee3c c\u00f4ng ty B\u00ecnh Minh s\u1ea3n xu\u1ea5t ra v\u1edbi kh\u1ea3 b\u0103m si\u00eau t\u1ed1c v\u1ecf d\u1eeba t\u01b0\u01a1i, kh\u00f4 th\u00e0nh m\u00f9n d\u1eeba m\u1ed9t c\u00e1ch nhanh ch\u00f3ng.<\/p>\n<figure id=\"attachment_8055\" aria-describedby=\"caption-attachment-8055\" style=\"width: 800px\" class=\"wp-caption aligncenter\"><img loading=\"lazy\" decoding=\"async\" class=\"wp-image-8055 size-full\" src=\"https:\/\/congtybinhminh.com\/wp-content\/uploads\/2023\/04\/may-bam-xo-dua-B450-6.webp\" alt=\"M\u00e1y b\u0103m x\u01a1 d\u1eeba B450 \" width=\"800\" height=\"600\" srcset=\"https:\/\/congtybinhminh.com\/wp-content\/uploads\/2023\/04\/may-bam-xo-dua-B450-6.webp 800w, https:\/\/congtybinhminh.com\/wp-content\/uploads\/2023\/04\/may-bam-xo-dua-B450-6-510x383.webp 510w, https:\/\/congtybinhminh.com\/wp-content\/uploads\/2023\/04\/may-bam-xo-dua-B450-6-533x400.webp 533w, https:\/\/congtybinhminh.com\/wp-content\/uploads\/2023\/04\/may-bam-xo-dua-B450-6-768x576.webp 768w\" sizes=\"auto, (max-width: 800px) 100vw, 800px\" \/><figcaption id=\"caption-attachment-8055\" class=\"wp-caption-text\">M\u00e1y b\u0103m x\u01a1 d\u1eeba B450<\/figcaption><\/figure>\n<h2>\u01afu \u0111i\u1ec3m v\u01b0\u1ee3t tr\u1ed9i c\u1ee7a m\u00e1y b\u0103m x\u01a1 d\u1eeba B450<\/h2>\n<p>\u0110\u1ea1t n\u0103ng su\u1ea5t v\u01b0\u1ee3t tr\u1ed9i l\u00ean \u0111\u1ebfn 1 t\u1ea5n\/gi\u1edd, \u0111\u00e1p \u1ee9ng nhu c\u1ea7u c\u1ee7a nh\u1eefng ng\u01b0\u1eddi kinh doanh m\u00f9n d\u1eeba hay c\u00e1c x\u01b0\u1edfng ch\u1ebf bi\u1ebfn m\u00f9n d\u1eeba v\u1edbi quy m\u00f4 l\u1edbn<\/p>\n<p>Th\u00e0nh ph\u1ea9m m\u00f9n c\u00f3 th\u1ec3 s\u1eed d\u1ee5ng v\u1edbi nhi\u1ec1u m\u1ee5c \u0111\u00edch kh\u00e1c nhau trong \u0111\u1eddi s\u1ed1ng<\/p>\n<figure id=\"attachment_8056\" aria-describedby=\"caption-attachment-8056\" style=\"width: 800px\" class=\"wp-caption aligncenter\"><img loading=\"lazy\" decoding=\"async\" class=\"wp-image-8056 size-full\" src=\"https:\/\/congtybinhminh.com\/wp-content\/uploads\/2023\/04\/Thanh-pham-mun-dua.webp\" alt=\"Thanh pham mun dua\" width=\"800\" height=\"400\" srcset=\"https:\/\/congtybinhminh.com\/wp-content\/uploads\/2023\/04\/Thanh-pham-mun-dua.webp 800w, https:\/\/congtybinhminh.com\/wp-content\/uploads\/2023\/04\/Thanh-pham-mun-dua-510x255.webp 510w, https:\/\/congtybinhminh.com\/wp-content\/uploads\/2023\/04\/Thanh-pham-mun-dua-768x384.webp 768w\" sizes=\"auto, (max-width: 800px) 100vw, 800px\" \/><figcaption id=\"caption-attachment-8056\" class=\"wp-caption-text\">Th\u00e0nh ph\u1ea9m m\u00f9n d\u1eeba<\/figcaption><\/figure>\n<p>Ch\u1ec9 c\u1ea7n 1 nh\u00e2n c\u00f4ng \u0111\u1ee9ng v\u1eadn h\u00e0nh m\u00e1y v\u1eeba gi\u00fap ti\u1ebft ki\u1ec7m c\u00f4ng s\u1ee9c v\u1eeba ti\u1ebft ki\u1ec7m chi ph\u00ed thu\u00ea nh\u00e2n c\u00f4ng<\/p>\n<p>S\u1eed d\u1ee5ng m\u00e1y b\u0103m x\u01a1 d\u1eeba B450 c\u00f2n gi\u00fap ti\u1ebft ki\u1ec7m th\u1eddi gian, \u0111em l\u1ea1i n\u0103ng su\u1ea5t cao, n\u00e2ng cao hi\u1ec7u qu\u1ea3 kinh t\u1ebf.<\/p>\n<h2>C\u1ea5u t\u1ea1o c\u1ee7a m\u00e1y b\u0103m x\u01a1 d\u1eeba B450<\/h2>\n<p>M\u00e1y \u0111\u01b0\u1ee3c thi\u1ebft k\u1ebf hi\u1ec7n \u0111\u1ea1i v\u1edbi ph\u1ea7n khung m\u00e1y \u0111\u01b0\u1ee3c h\u00e0n g\u1eafn ch\u1eafc ch\u1eafn kh\u00f4ng g\u00e2y rung l\u1eafc trong qu\u00e1 tr\u00ecnh v\u1eadn h\u00e0nh.<\/p>\n<figure id=\"attachment_8050\" aria-describedby=\"caption-attachment-8050\" style=\"width: 800px\" class=\"wp-caption aligncenter\"><img loading=\"lazy\" decoding=\"async\" class=\"wp-image-8050 size-full\" src=\"https:\/\/congtybinhminh.com\/wp-content\/uploads\/2023\/04\/Cau-tao-may-bam-xo-dua-B450.webp\" alt=\"C\u1ea5u t\u1ea1o m\u00e1y b\u0103m x\u01a1 d\u1eeba B450 \" width=\"800\" height=\"600\" srcset=\"https:\/\/congtybinhminh.com\/wp-content\/uploads\/2023\/04\/Cau-tao-may-bam-xo-dua-B450.webp 800w, https:\/\/congtybinhminh.com\/wp-content\/uploads\/2023\/04\/Cau-tao-may-bam-xo-dua-B450-510x383.webp 510w, https:\/\/congtybinhminh.com\/wp-content\/uploads\/2023\/04\/Cau-tao-may-bam-xo-dua-B450-533x400.webp 533w, https:\/\/congtybinhminh.com\/wp-content\/uploads\/2023\/04\/Cau-tao-may-bam-xo-dua-B450-768x576.webp 768w\" sizes=\"auto, (max-width: 800px) 100vw, 800px\" \/><figcaption id=\"caption-attachment-8050\" class=\"wp-caption-text\">C\u1ea5u t\u1ea1o m\u00e1y b\u0103m x\u01a1 d\u1eeba B450<\/figcaption><\/figure>\n<p>V\u1edbi thi\u1ebft k\u1ebf toa n\u1ea1p li\u1ec7u d\u1ea1ng ph\u1ec5u \u0111\u1ed9c \u0111\u00e1o gi\u00fap n\u1ea1p li\u1ec7u m\u1ed9t c\u00e1ch nhanh ch\u00f3ng ch\u1ec9 c\u1ea7n 1 ng\u01b0\u1eddi v\u1eadn h\u00e0nh<\/p>\n<figure id=\"attachment_8057\" aria-describedby=\"caption-attachment-8057\" style=\"width: 800px\" class=\"wp-caption aligncenter\"><img loading=\"lazy\" decoding=\"async\" class=\"wp-image-8057 size-full\" src=\"https:\/\/congtybinhminh.com\/wp-content\/uploads\/2023\/04\/Toa-nap-nguyen-lieu-1-1.webp\" alt=\"Toa nap nguyen lieu \" width=\"800\" height=\"400\" srcset=\"https:\/\/congtybinhminh.com\/wp-content\/uploads\/2023\/04\/Toa-nap-nguyen-lieu-1-1.webp 800w, https:\/\/congtybinhminh.com\/wp-content\/uploads\/2023\/04\/Toa-nap-nguyen-lieu-1-1-510x255.webp 510w, https:\/\/congtybinhminh.com\/wp-content\/uploads\/2023\/04\/Toa-nap-nguyen-lieu-1-1-768x384.webp 768w\" sizes=\"auto, (max-width: 800px) 100vw, 800px\" \/><figcaption id=\"caption-attachment-8057\" class=\"wp-caption-text\">Toa n\u1ea1p nguy\u00ean li\u1ec7u<\/figcaption><\/figure>\n<p>C\u1eeda x\u1ea3 \u0111\u01b0\u1ee3c thi\u1ebft k\u1ebf bu\u00f4ng th\u1eb3ng, thu\u1eadn ti\u1ec7n cho qu\u00e1 tr\u00ecnh thu gom<\/p>\n<figure id=\"attachment_8058\" aria-describedby=\"caption-attachment-8058\" style=\"width: 800px\" class=\"wp-caption aligncenter\"><img loading=\"lazy\" decoding=\"async\" class=\"wp-image-8058 size-full\" src=\"https:\/\/congtybinhminh.com\/wp-content\/uploads\/2023\/04\/Cua-xa-thanh-pham-1.webp\" alt=\"\" width=\"800\" height=\"600\" srcset=\"https:\/\/congtybinhminh.com\/wp-content\/uploads\/2023\/04\/Cua-xa-thanh-pham-1.webp 800w, https:\/\/congtybinhminh.com\/wp-content\/uploads\/2023\/04\/Cua-xa-thanh-pham-1-510x383.webp 510w, https:\/\/congtybinhminh.com\/wp-content\/uploads\/2023\/04\/Cua-xa-thanh-pham-1-533x400.webp 533w, https:\/\/congtybinhminh.com\/wp-content\/uploads\/2023\/04\/Cua-xa-thanh-pham-1-768x576.webp 768w\" sizes=\"auto, (max-width: 800px) 100vw, 800px\" \/><figcaption id=\"caption-attachment-8058\" class=\"wp-caption-text\">C\u1eeda x\u1ea3 th\u00e0nh ph\u1ea9m<\/figcaption><\/figure>\n<p>K\u00e9o t\u1ea3i v\u1edbi \u0111\u1ed9ng c\u01a1 15kw-3pha c\u00f9ng b\u00e1nh \u0111\u00e0 tr\u1ee3 l\u1ef1c m\u1ea1nh m\u1ebd gi\u00fap m\u00e1y c\u00f3 th\u1ec3 v\u1eadn h\u00e0nh h\u00e0ng gi\u1edd \u0111\u1ed3ng h\u1ed3, thu v\u1ec1 h\u00e0ng t\u1ea5n th\u00e0nh ph\u1ea9m<\/p>\n<figure id=\"attachment_8062\" aria-describedby=\"caption-attachment-8062\" style=\"width: 800px\" class=\"wp-caption aligncenter\"><img loading=\"lazy\" decoding=\"async\" class=\"wp-image-8062 size-full\" src=\"https:\/\/congtybinhminh.com\/wp-content\/uploads\/2023\/04\/Banh-da-1.webp\" alt=\"B\u00e1nh \u0111\u00e0\" width=\"800\" height=\"600\" srcset=\"https:\/\/congtybinhminh.com\/wp-content\/uploads\/2023\/04\/Banh-da-1.webp 800w, https:\/\/congtybinhminh.com\/wp-content\/uploads\/2023\/04\/Banh-da-1-510x383.webp 510w, https:\/\/congtybinhminh.com\/wp-content\/uploads\/2023\/04\/Banh-da-1-533x400.webp 533w, https:\/\/congtybinhminh.com\/wp-content\/uploads\/2023\/04\/Banh-da-1-768x576.webp 768w\" sizes=\"auto, (max-width: 800px) 100vw, 800px\" \/><figcaption id=\"caption-attachment-8062\" class=\"wp-caption-text\">B\u00e1nh \u0111\u00e0<\/figcaption><\/figure>\n<p>Thi\u1ebft k\u1ebf bu\u1ed3ng dao b\u0103m d\u00e0y d\u1eb7n bao g\u1ed3m 6 dao b\u0103m ch\u00ednh v\u00e0 k\u1ebft h\u1ee3p dao k\u00ea h\u1ed7 tr\u1ee3 qu\u00e1 tr\u00ecnh b\u0103m nhanh ch\u00f3ng, \u0111\u1ea1t hi\u1ec7u qu\u1ea3 cao.<\/p>\n<p><img loading=\"lazy\" decoding=\"async\" class=\"aligncenter wp-image-9031 size-full\" src=\"https:\/\/congtybinhminh.com\/wp-content\/uploads\/2023\/04\/dao-bam-xo-dua-b450-binh-minh_result222.webp\" alt=\"dao-bam-xo-dua-b450-binh-minh_result222\" width=\"800\" height=\"600\" srcset=\"https:\/\/congtybinhminh.com\/wp-content\/uploads\/2023\/04\/dao-bam-xo-dua-b450-binh-minh_result222.webp 800w, https:\/\/congtybinhminh.com\/wp-content\/uploads\/2023\/04\/dao-bam-xo-dua-b450-binh-minh_result222-510x383.webp 510w, https:\/\/congtybinhminh.com\/wp-content\/uploads\/2023\/04\/dao-bam-xo-dua-b450-binh-minh_result222-533x400.webp 533w, https:\/\/congtybinhminh.com\/wp-content\/uploads\/2023\/04\/dao-bam-xo-dua-b450-binh-minh_result222-768x576.webp 768w\" sizes=\"auto, (max-width: 800px) 100vw, 800px\" \/><\/p>\n<p>Ng\u01b0\u1eddi d\u00f9ng c\u00f3 th\u1ec3 linh \u0111\u1ed9ng thay \u0111\u1ed5i c\u1ee1 s\u00e0ng ( v\u00ed d\u1ee5: 10ly; 14ly v\u00e0 20ly) t\u00f9y nhu c\u1ea7u s\u1eed d\u1ee5ng<\/p>\n<h2>Nh\u1eefng l\u01b0u \u00fd khi s\u1eed d\u1ee5ng v\u00e0 v\u1ec7 sinh m\u00e1y<\/h2>\n<p>\u0110\u1eb7t m\u00e1y tr\u00ean n\u1ec1n b\u1eb1ng ph\u1eb3ng \u0111\u1ec3 tr\u00e1nh g\u00e2y rung l\u1eafc trong qu\u00e1 tr\u00ecnh v\u1eadn h\u00e0nh<\/p>\n<p>B\u1ea3o qu\u1ea3n m\u00e1y \u1edf nh\u1eefng n\u01a1i kh\u00f4 r\u00e1o, tho\u00e1ng m\u00e1t, kh\u00f4ng \u0111\u1ec3 d\u00ednh n\u01b0\u1edbc<\/p>\n<p><img loading=\"lazy\" decoding=\"async\" class=\"aligncenter wp-image-8063 size-full\" src=\"https:\/\/congtybinhminh.com\/wp-content\/uploads\/2023\/04\/may-bam-xo-dua-B450-7.webp\" alt=\"\" width=\"800\" height=\"600\" srcset=\"https:\/\/congtybinhminh.com\/wp-content\/uploads\/2023\/04\/may-bam-xo-dua-B450-7.webp 800w, https:\/\/congtybinhminh.com\/wp-content\/uploads\/2023\/04\/may-bam-xo-dua-B450-7-510x383.webp 510w, https:\/\/congtybinhminh.com\/wp-content\/uploads\/2023\/04\/may-bam-xo-dua-B450-7-533x400.webp 533w, https:\/\/congtybinhminh.com\/wp-content\/uploads\/2023\/04\/may-bam-xo-dua-B450-7-768x576.webp 768w\" sizes=\"auto, (max-width: 800px) 100vw, 800px\" \/><\/p>\n<p>Khi m\u00e1y ho\u1ea1t \u0111\u1ed9ng \u1ed5n \u0111\u1ecbnh cho nguy\u00ean li\u1ec7u v\u00e0o toa<\/p>\n<p>Sau khi b\u0103m xong, n\u00ean \u0111\u1ec3 m\u00e1y ch\u1ea1y kh\u00f4ng t\u1ea3i kho\u1ea3ng 15-20 gi\u00e2y \u0111\u1ec3 c\u00e1c nguy\u00ean li\u1ec7u c\u00f2n s\u00f3t l\u1ea1i b\u00ean trong c\u00f3 th\u1ec3 \u0111\u01b0\u1ee3c x\u1ea3 h\u1ebft ra ngo\u00e0i.<\/p>\n<p>Th\u01b0\u1eddng xuy\u00ean v\u1ec7 sinh m\u00e1y s\u1ea1ch s\u1ebd sau m\u1ed7i l\u1ea7n s\u1eed d\u1ee5ng.<\/p>\n<h2>Th\u00f4ng s\u1ed1 k\u1ef9 thu\u1eadt<\/h2>\n<table border=\"1\" cellspacing=\"1\" cellpadding=\"1\">\n<tbody>\n<tr>\n<td colspan=\"1\" rowspan=\"3\">\u00a0\u0110\u1ed9ng c\u01a1<\/td>\n<td>C\u00f4ng su\u1ea5t \u0111\u1ed9ng c\u01a1<\/td>\n<td>\u00a015 kw<\/td>\n<\/tr>\n<tr>\n<td>Ngu\u1ed3n \u0111i\u1ec7n<\/td>\n<td>\u00a0380 V<\/td>\n<\/tr>\n<tr>\n<td>T\u1ed1c \u0111\u1ed9 m\u00e1y<\/td>\n<td>\u00a01450 v\/p<\/td>\n<\/tr>\n<tr>\n<td colspan=\"1\" rowspan=\"2\"><\/td>\n<td><\/td>\n<td><\/td>\n<\/tr>\n<tr>\n<td><\/td>\n<td><\/td>\n<\/tr>\n<tr>\n<td colspan=\"1\" rowspan=\"2\">\u00a0B\u1ea3o h\u00e0nh<\/td>\n<td>\u00a0K\u1ef9 thu\u1eadt<\/td>\n<td>\u00a006 th\u00e1ng<\/td>\n<\/tr>\n<tr>\n<td>\u00a0\u0110\u1ed9ng c\u01a1<\/td>\n<td>\u00a0Theo t\u1eebng h\u00e3ng s\u1ea3n xu\u1ea5t<\/td>\n<\/tr>\n<tr>\n<td>N\u0103ng su\u1ea5t<\/td>\n<td colspan=\"2\" rowspan=\"1\">1000kg\/gi\u1edd<\/td>\n<\/tr>\n<tr>\n<td>K\u00edch th\u01b0\u1edbc (d*c*r)<\/td>\n<td colspan=\"2\" rowspan=\"1\">\u00a0135*144*97 cm<\/td>\n<\/tr>\n<tr>\n<td>\u00a0H\u00ecnh th\u1ee9c thanh to\u00e1n<\/td>\n<td colspan=\"2\" rowspan=\"1\">\u00a0Ti\u1ec1n m\u1eb7t ho\u1eb7c chuy\u1ec3n kho\u1ea3n<\/td>\n<\/tr>\n<\/tbody>\n<\/table>\n<div class=\"btn-chat-zl\"><\/div>\n<div id=\"call-btn\"><\/div>\n","protected":false},"excerpt":{"rendered":"<p>H\u00e3ng s\u1ea3n xu\u1ea5t: B\u00ecnh Minh<\/p>\n<p>\u0110\u1ed9ng c\u01a1: 15kw<\/p>\n<p>Ngu\u1ed3n \u0111i\u1ec7n: 380V (3pha)<\/p>\n<p>N\u0103ng su\u1ea5t: 1000kg\/gi\u1edd<\/p>\n<p>T\u00ednh n\u0103ng: M\u00e1y chuy\u00ean b\u0103m v\u1ecf d\u1eeba t\u01b0\u01a1i, v\u1ecf d\u1eeba kh\u00f4 th\u00e0nh d\u1ea1ng m\u00f9n d\u1eeba v\u1edbi n\u0103ng su\u1ea5t v\u00f4 c\u00f9ng v\u01b0\u1ee3t tr\u1ed9i.<\/p>\n","protected":false},"featured_media":8048,"comment_status":"closed","ping_status":"closed","template":"","meta":[],"product_brand":[],"product_cat":[197],"product_tag":[152,198,199],"class_list":{"0":"post-8039","1":"product","2":"type-product","3":"status-publish","4":"has-post-thumbnail","6":"product_cat-may-bam-xo-dua-2","7":"product_tag-may-bam-xo-dua","8":"product_tag-may-bam-xo-dua-b450","9":"product_tag-may-bam-xo-dua-binh-minh","11":"first","12":"instock","13":"shipping-taxable","14":"product-type-simple"},"_links":{"self":[{"href":"https:\/\/congtybinhminh.com\/index.php?rest_route=\/wp\/v2\/product\/8039","targetHints":{"allow":["GET"]}}],"collection":[{"href":"https:\/\/congtybinhminh.com\/index.php?rest_route=\/wp\/v2\/product"}],"about":[{"href":"https:\/\/congtybinhminh.com\/index.php?rest_route=\/wp\/v2\/types\/product"}],"replies":[{"embeddable":true,"href":"https:\/\/congtybinhminh.com\/index.php?rest_route=%2Fwp%2Fv2%2Fcomments&post=8039"}],"wp:featuredmedia":[{"embeddable":true,"href":"https:\/\/congtybinhminh.com\/index.php?rest_route=\/wp\/v2\/media\/8048"}],"wp:attachment":[{"href":"https:\/\/congtybinhminh.com\/index.php?rest_route=%2Fwp%2Fv2%2Fmedia&parent=8039"}],"wp:term":[{"taxonomy":"product_brand","embeddable":true,"href":"https:\/\/congtybinhminh.com\/index.php?rest_route=%2Fwp%2Fv2%2Fproduct_brand&post=8039"},{"taxonomy":"product_cat","embeddable":true,"href":"https:\/\/congtybinhminh.com\/index.php?rest_route=%2Fwp%2Fv2%2Fproduct_cat&post=8039"},{"taxonomy":"product_tag","embeddable":true,"href":"https:\/\/congtybinhminh.com\/index.php?rest_route=%2Fwp%2Fv2%2Fproduct_tag&post=8039"}],"curies":[{"name":"wp","href":"https:\/\/api.w.org\/{rel}","templated":true}]}}