{"id":8022,"date":"2023-04-26T17:03:00","date_gmt":"2023-04-26T10:03:00","guid":{"rendered":"https:\/\/congtybinhminh.com\/?post_type=product&#038;p=8022"},"modified":"2025-05-03T17:21:38","modified_gmt":"2025-05-03T10:21:38","slug":"may-bam-xo-dua-b350-phien-ban-moi","status":"publish","type":"product","link":"https:\/\/congtybinhminh.com\/?product=may-bam-xo-dua-b350-phien-ban-moi","title":{"rendered":"M\u00e1y b\u0103m x\u01a1 d\u1eeba B350 (Phi\u00ean b\u1ea3n m\u1edbi)"},"content":{"rendered":"<h2>Video m\u00e1y b\u0103m x\u01a1 d\u1eeba B350 (Phi\u00ean b\u1ea3n m\u1edbi)<\/h2>\n<p><iframe loading=\"lazy\" title=\"D\u00f9ng M\u00e1y B\u0103m X\u01a1 D\u1eeba B350 B\u0103m B\u00e3 M\u00eda L\u00e0m Ph\u00e2n B\u00f3n, Gi\u00e1 Th\u1ec3 V\u00e0 Th\u1ee9c \u0102n Ch\u0103n Nu\u00f4i B\u00f2\" width=\"1020\" height=\"574\" src=\"https:\/\/www.youtube.com\/embed\/rpJV4lziOi0?feature=oembed\" frameborder=\"0\" allow=\"accelerometer; autoplay; clipboard-write; encrypted-media; gyroscope; picture-in-picture; web-share\" referrerpolicy=\"strict-origin-when-cross-origin\" allowfullscreen><\/iframe><\/p>\n<h2>Gi\u1edbi thi\u1ec7u m\u00e1y b\u0103m x\u01a1 d\u1eeba B350 (Phi\u00ean b\u1ea3n m\u1edbi)<\/h2>\n<p>M\u00e1y b\u0103m x\u01a1 d\u1eeba B350 l\u00e0 s\u1ea3n ph\u1ea9m do C\u00f4ng ty B\u00ecnh Minh s\u1ea3n xu\u1ea5t v\u00e0 ch\u1ebf t\u1ea1o ra chuy\u00ean d\u00f9ng b\u0103m v\u1ecf d\u1eeba t\u01b0\u01a1i, kh\u00f4 th\u00e0nh d\u1ea1ng m\u00f9n d\u1eeba v\u1edbi s\u1ed1 l\u01b0\u1ee3ng l\u1edbn<\/p>\n<p><img loading=\"lazy\" decoding=\"async\" class=\"aligncenter wp-image-9452 size-full\" src=\"https:\/\/congtybinhminh.com\/wp-content\/uploads\/2023\/04\/may-bam-xo-dua-b350-binh-minh_result222.webp\" alt=\"may-bam-xo-dua-b350-binh-minh_result222\" width=\"800\" height=\"600\" srcset=\"https:\/\/congtybinhminh.com\/wp-content\/uploads\/2023\/04\/may-bam-xo-dua-b350-binh-minh_result222.webp 800w, https:\/\/congtybinhminh.com\/wp-content\/uploads\/2023\/04\/may-bam-xo-dua-b350-binh-minh_result222-510x383.webp 510w, https:\/\/congtybinhminh.com\/wp-content\/uploads\/2023\/04\/may-bam-xo-dua-b350-binh-minh_result222-533x400.webp 533w, https:\/\/congtybinhminh.com\/wp-content\/uploads\/2023\/04\/may-bam-xo-dua-b350-binh-minh_result222-768x576.webp 768w\" sizes=\"auto, (max-width: 800px) 100vw, 800px\" \/><\/p>\n<p>S\u1eed d\u1ee5ng m\u00e1y gi\u00fap b\u00e0 con ti\u1ebft ki\u1ec7m th\u1eddi gian v\u00e0 c\u00f4ng s\u1ee9c, g\u00f3p ph\u1ea7n \u0111em l\u1ea1i hi\u1ec7u qu\u1ea3 cao.<\/p>\n<h2>\u01afu \u0111i\u1ec3m c\u1ee7a m\u00e1y b\u0103m x\u01a1 d\u1eeba B350 (Phi\u00ean b\u1ea3n m\u1edbi)<\/h2>\n<p>M\u00e1y \u0111\u01b0\u1ee3c l\u1eafp \u0111\u1eb7t \u0111\u1ed9ng c\u01a1 7,5kw, ngu\u1ed3n \u0111i\u1ec7n 380v-3pha, cho ra n\u0103ng su\u1ea5t v\u00f4 c\u00f9ng v\u01b0\u1ee3t tr\u1ed9i t\u1eeb 300-500kg\/gi\u1edd, th\u00edch h\u1ee3p v\u1edbi nh\u1eefng h\u1ed9 s\u1ea3n xu\u1ea5t quy m\u00f4 v\u1eeba v\u00e0 l\u1edbn.<\/p>\n<p>Th\u00e0nh ph\u1ea9m m\u00f9n d\u1eeba sau khi b\u0103m xong c\u00f3 th\u1ec3 d\u00f9ng l\u00e0m gi\u00e1 th\u1ec3 tr\u1ed3ng c\u00e2y, tr\u1ed3ng lan, l\u00e0m nh\u1eefng s\u1ea3n ph\u1ea9m th\u1ee7 c\u00f4ng m\u1ef9 ngh\u1ec7 v\u1edbi gi\u00e1 tr\u1ecb cao.<\/p>\n<p>V\u1edbi thi\u1ebft k\u1ebf hi\u1ec7n \u0111\u1ea1i, d\u1ec5 d\u00e0ng s\u1eed d\u1ee5ng, ch\u1ec9 c\u1ea7n 1 nh\u00e2n c\u00f4ng \u0111\u1ee9ng v\u1eadn h\u00e0nh m\u00e1y l\u00e0 c\u00f3 th\u1ec3 \u0111\u1ea1t n\u0103ng su\u1ea5t cao, v\u1eeba gi\u00fap ti\u1ebft ki\u1ec7m nh\u00e2n c\u00f4ng lao \u0111\u1ed9ng v\u1eeba ti\u1ebft ki\u1ec7m chi ph\u00ed.<\/p>\n<h2>C\u1ea5u t\u1ea1o c\u1ee7a m\u00e1y b\u0103m x\u01a1 d\u1eeba B350 (Phi\u00ean b\u1ea3n m\u1edbi)<\/h2>\n<p>Khung m\u00e1y \u0111\u01b0\u1ee3c h\u00e0n g\u1eafn ch\u1eafc ch\u1eafn kh\u00f4ng g\u00e2y rung l\u1eafc trong qu\u00e1 tr\u00ecnh m\u00e1y v\u1eadn h\u00e0nh, \u0111\u1ea3m b\u1ea3o an to\u00e0n cho ng\u01b0\u1eddi s\u1eed d\u1ee5ng.<\/p>\n<p><img loading=\"lazy\" decoding=\"async\" class=\"aligncenter wp-image-9453 size-full\" src=\"https:\/\/congtybinhminh.com\/wp-content\/uploads\/2023\/04\/cau-tao-may-bam-xo-dua-b350-binh-minh-copy_result222.webp\" alt=\"cau-tao-may-bam-xo-dua-b350-binh-minh copy_result222\" width=\"800\" height=\"590\" srcset=\"https:\/\/congtybinhminh.com\/wp-content\/uploads\/2023\/04\/cau-tao-may-bam-xo-dua-b350-binh-minh-copy_result222.webp 800w, https:\/\/congtybinhminh.com\/wp-content\/uploads\/2023\/04\/cau-tao-may-bam-xo-dua-b350-binh-minh-copy_result222-510x376.webp 510w, https:\/\/congtybinhminh.com\/wp-content\/uploads\/2023\/04\/cau-tao-may-bam-xo-dua-b350-binh-minh-copy_result222-542x400.webp 542w, https:\/\/congtybinhminh.com\/wp-content\/uploads\/2023\/04\/cau-tao-may-bam-xo-dua-b350-binh-minh-copy_result222-768x566.webp 768w\" sizes=\"auto, (max-width: 800px) 100vw, 800px\" \/><\/p>\n<p>Ph\u1ea7n toa n\u1ea1p \u0111\u01b0\u1ee3c thi\u1ebft k\u1ebf d\u1ea1ng \u0111\u1ee9ng, mi\u1ec7ng ph\u1ec5u r\u1ed9ng\u00a0h\u01b0\u1edbng d\u1ed1c xu\u1ed1ng d\u01b0\u1edbi gi\u00fap nguy\u00ean li\u1ec7u d\u1ec5 d\u00e0ng di chuy\u1ec3n xu\u1ed1ng bu\u1ed3ng b\u0103m.<\/p>\n<p><img loading=\"lazy\" decoding=\"async\" class=\"aligncenter wp-image-9456 size-full\" src=\"https:\/\/congtybinhminh.com\/wp-content\/uploads\/2023\/04\/toap-nap-nguyen-lieu_result222.webp\" alt=\"toap-nap-nguyen-lieu_result222\" width=\"800\" height=\"454\" srcset=\"https:\/\/congtybinhminh.com\/wp-content\/uploads\/2023\/04\/toap-nap-nguyen-lieu_result222.webp 800w, https:\/\/congtybinhminh.com\/wp-content\/uploads\/2023\/04\/toap-nap-nguyen-lieu_result222-510x289.webp 510w, https:\/\/congtybinhminh.com\/wp-content\/uploads\/2023\/04\/toap-nap-nguyen-lieu_result222-705x400.webp 705w, https:\/\/congtybinhminh.com\/wp-content\/uploads\/2023\/04\/toap-nap-nguyen-lieu_result222-768x436.webp 768w\" sizes=\"auto, (max-width: 800px) 100vw, 800px\" \/><\/p>\n<p>Bu\u1ed3ng l\u00e0m vi\u1ec7c\u00a0 \u0111\u01b0\u1ee3c trang b\u1ecb h\u1ec7 th\u1ed1ng dao b\u0103m g\u1ed3m:<\/p>\n<ul>\n<li>4 dao k\u00ea g\u1eafn c\u1ed1 \u0111\u1ecbnh 2 b\u00ean th\u00e0nh m\u00e1y (m\u1ed7i th\u00e0nh g\u1eafn 2 l\u01b0\u1ee1i dao)<\/li>\n<li>6 dao b\u0103m ch\u00ednh g\u1eafn tr\u00ean tr\u1ee5c quay ho\u1ea1t \u0111\u1ed9ng b\u0103m nghi\u1ec1n nh\u1ecf nguy\u00ean li\u1ec7u \u0111\u1ebfn khi v\u1eeba v\u1edbi l\u1ed7 s\u00e0ng l\u1eafp b\u00ean d\u01b0\u1edbi v\u00e0 tho\u00e1t ra ngo\u00e0i<\/li>\n<\/ul>\n<p><img loading=\"lazy\" decoding=\"async\" class=\"aligncenter wp-image-10624 size-full\" src=\"https:\/\/congtybinhminh.com\/wp-content\/uploads\/2023\/04\/dao-bam-xo-dua_result222-2.webp\" alt=\"dao-bam-xo-dua_result222\" width=\"800\" height=\"1098\" srcset=\"https:\/\/congtybinhminh.com\/wp-content\/uploads\/2023\/04\/dao-bam-xo-dua_result222-2.webp 800w, https:\/\/congtybinhminh.com\/wp-content\/uploads\/2023\/04\/dao-bam-xo-dua_result222-2-291x400.webp 291w, https:\/\/congtybinhminh.com\/wp-content\/uploads\/2023\/04\/dao-bam-xo-dua_result222-2-583x800.webp 583w, https:\/\/congtybinhminh.com\/wp-content\/uploads\/2023\/04\/dao-bam-xo-dua_result222-2-768x1054.webp 768w, https:\/\/congtybinhminh.com\/wp-content\/uploads\/2023\/04\/dao-bam-xo-dua_result222-2-510x700.webp 510w\" sizes=\"auto, (max-width: 800px) 100vw, 800px\" \/><\/p>\n<p>K\u1ebft h\u1ee3p v\u1edbi 1 m\u1eb7t s\u00e0ng \u0111\u01b0\u1ee3c l\u1eafp ngay ph\u00eda d\u01b0\u1edbi, gi\u00fap s\u00e0ng l\u1ecdc v\u00e0 ch\u1ec9 cho ph\u00e9p c\u00e1c m\u1ea9u v\u1ee5n c\u00f3 k\u00edch th\u01b0\u1edbc nh\u1ecf t\u01b0\u01a1ng \u1ee9ng \u0111i qua, cho th\u00e0nh ph\u1ea9m \u0111\u1ea1t \u0111\u1ed9 \u0111\u1ed3ng \u0111\u1ec1u.<\/p>\n<p><img loading=\"lazy\" decoding=\"async\" class=\"aligncenter wp-image-10625 size-full\" src=\"https:\/\/congtybinhminh.com\/wp-content\/uploads\/2023\/04\/mat-sang-may-bam-xo-dua_result222-1.webp\" alt=\"mat-sang-may-bam-xo-dua_result222\" width=\"800\" height=\"600\" srcset=\"https:\/\/congtybinhminh.com\/wp-content\/uploads\/2023\/04\/mat-sang-may-bam-xo-dua_result222-1.webp 800w, https:\/\/congtybinhminh.com\/wp-content\/uploads\/2023\/04\/mat-sang-may-bam-xo-dua_result222-1-533x400.webp 533w, https:\/\/congtybinhminh.com\/wp-content\/uploads\/2023\/04\/mat-sang-may-bam-xo-dua_result222-1-768x576.webp 768w, https:\/\/congtybinhminh.com\/wp-content\/uploads\/2023\/04\/mat-sang-may-bam-xo-dua_result222-1-510x383.webp 510w\" sizes=\"auto, (max-width: 800px) 100vw, 800px\" \/><\/p>\n<p>M\u1eb7t s\u00e0ng bi\u00ean \u0111\u1ed9 d\u1ea1ng cong n\u1eb1m \u1edf d\u01b0\u1edbi h\u1ec7 th\u1ed1ng dao. Tr\u00ean m\u1eb7t s\u00e0ng c\u00f3 c\u00e1c l\u1ed7 \u0111\u1ec3 tho\u00e1t th\u00e0nh ph\u1ea9m sau khi b\u0103m. T\u00f9y theo y\u00eau c\u1ea7u k\u00edch th\u01b0\u1edbc \u0111\u1ea7u ra m\u00e0 \u0111\u01b0\u1eddng k\u00ednh l\u1ed7 tr\u00ean t\u1ea5m to hay nh\u1ecf.<\/p>\n<p><img loading=\"lazy\" decoding=\"async\" class=\"wp-image-8083 size-full aligncenter\" src=\"https:\/\/congtybinhminh.com\/wp-content\/uploads\/2023\/04\/Thanh-pham-2-2.webp\" alt=\"\" width=\"800\" height=\"600\" srcset=\"https:\/\/congtybinhminh.com\/wp-content\/uploads\/2023\/04\/Thanh-pham-2-2.webp 800w, https:\/\/congtybinhminh.com\/wp-content\/uploads\/2023\/04\/Thanh-pham-2-2-510x383.webp 510w, https:\/\/congtybinhminh.com\/wp-content\/uploads\/2023\/04\/Thanh-pham-2-2-533x400.webp 533w, https:\/\/congtybinhminh.com\/wp-content\/uploads\/2023\/04\/Thanh-pham-2-2-768x576.webp 768w\" sizes=\"auto, (max-width: 800px) 100vw, 800px\" \/><\/p>\n<p>Ph\u1ea7n c\u1eeda x\u1ea3 \u0111\u01b0\u1ee3c thi\u1ebft k\u1ebf bu\u00f4ng th\u1eb3ng t\u1eeb bu\u1ed3ng l\u00e0m vi\u1ec7c xu\u1ed1ng gi\u00fap cho nguy\u00ean li\u1ec7u sau khi b\u0103m d\u1ec5 d\u00e0ng di chuy\u1ec3n ra b\u00ean ngo\u00e0i, kh\u00f4ng lo b\u1ecb t\u1eafc ngh\u1ebdn.<\/p>\n<h2>Nh\u1eefng l\u01b0u \u00fd khi s\u1eed d\u1ee5ng m\u00e1y b\u0103m x\u01a1 d\u1eeba B350 (Phi\u00ean b\u1ea3n m\u1edbi)<\/h2>\n<p>\u0110\u1eb7t m\u00e1y tr\u00ean n\u1ec1n ph\u1eb3ng \u0111\u1ec3 tr\u00e1nh g\u00e2y rung l\u1eafc trong qu\u00e1 tr\u00ecnh v\u1eadn h\u00e0nh.<\/p>\n<p>Sau khi b\u0103m xong, n\u00ean \u0111\u1ec3 m\u00e1y ch\u1ea1y kh\u00f4ng t\u1ea3i kho\u1ea3ng 15-20 gi\u00e2y \u0111\u1ec3 c\u00e1c nguy\u00ean li\u1ec7u c\u00f2n s\u00f3t l\u1ea1i b\u00ean trong c\u00f3 th\u1ec3 \u0111\u01b0\u1ee3c x\u1ea3 h\u1ebft ra ngo\u00e0i.<\/p>\n<p>Th\u01b0\u1eddng xuy\u00ean v\u1ec7 sinh m\u00e1y s\u1ea1ch s\u1ebd sau m\u1ed7i l\u1ea7n s\u1eed d\u1ee5ng, \u0111\u1ea3m b\u1ea3o m\u00e1y ho\u1ea1t \u0111\u1ed9ng b\u1ec1n b\u1ec9, l\u00e2u d\u00e0i.<\/p>\n<h2>Th\u00f4ng s\u1ed1 k\u1ef9 thu\u1eadt<\/h2>\n<table border=\"1\" cellspacing=\"1\" cellpadding=\"1\">\n<tbody>\n<tr>\n<td>C\u00f4ng su\u1ea5t \u0111\u1ed9ng c\u01a1<\/td>\n<td>7,5 kw<\/td>\n<\/tr>\n<tr>\n<td>Ngu\u1ed3n \u0111i\u1ec7n<\/td>\n<td>380 ( V)<\/td>\n<\/tr>\n<tr>\n<td>T\u1ed1c \u0111\u1ed9 \u0111\u1ed9ng c\u01a1<\/td>\n<td>1450 ( v\/p)<\/td>\n<\/tr>\n<tr>\n<td>Nguy\u00ean b\u1ed9<\/td>\n<td>(kg)<\/td>\n<\/tr>\n<tr>\n<td>Kh\u00f4ng \u0111\u1ed9ng c\u01a1<\/td>\n<td>(kg)<\/td>\n<\/tr>\n<tr>\n<td>N\u0103ng su\u1ea5t<\/td>\n<td>300-500kg\/h<\/td>\n<\/tr>\n<tr>\n<td>K\u00edch th\u01b0\u1edbc ( D * C * R )<\/td>\n<td>125*143*65cm<\/td>\n<\/tr>\n<tr>\n<td>B\u1ea3o h\u00e0nh<\/td>\n<td>06 th\u00e1ng<\/td>\n<\/tr>\n<tr>\n<td>H\u00ecnh th\u1ee9c thanh to\u00e1n<\/td>\n<td><em><strong>Ti\u1ec1n m\u1eb7t ho\u1eb7c chuy\u1ec3n kho\u1ea3n\u00a0<\/strong><\/em><\/td>\n<\/tr>\n<\/tbody>\n<\/table>\n<p>&nbsp;<\/p>\n","protected":false},"excerpt":{"rendered":"<ul>\n<li><strong>H\u00e3ng s\u1ea3n xu\u1ea5t:\u00a0<\/strong>B\u00ecnh Minh<\/li>\n<li><b>\u0110\u1ed9ng c\u01a1:\u00a0<\/b> 7,5kw<\/li>\n<li><strong>N\u0103ng su\u1ea5t:<\/strong>\u00a0 300-500kg\/gi\u1edd<\/li>\n<li><strong>K\u00edch th\u01b0\u1edbc (CD*CC*CR): <\/strong>125*143*65cm<\/li>\n<li><strong>T\u00ednh n\u0103ng:<\/strong>\u00a0M\u00e1y chuy\u00ean b\u0103m v\u1ecf d\u1eeba t\u01b0\u01a1i, v\u1ecf d\u1eeba kh\u00f4,\u2026 th\u00e0nh d\u1ea1ng m\u00f9n d\u1eeba<\/li>\n<\/ul>\n","protected":false},"featured_media":9447,"comment_status":"closed","ping_status":"closed","template":"","meta":[],"product_brand":[],"product_cat":[197],"product_tag":[],"class_list":{"0":"post-8022","1":"product","2":"type-product","3":"status-publish","4":"has-post-thumbnail","6":"product_cat-may-bam-xo-dua-2","8":"first","9":"instock","10":"shipping-taxable","11":"product-type-simple"},"_links":{"self":[{"href":"https:\/\/congtybinhminh.com\/index.php?rest_route=\/wp\/v2\/product\/8022","targetHints":{"allow":["GET"]}}],"collection":[{"href":"https:\/\/congtybinhminh.com\/index.php?rest_route=\/wp\/v2\/product"}],"about":[{"href":"https:\/\/congtybinhminh.com\/index.php?rest_route=\/wp\/v2\/types\/product"}],"replies":[{"embeddable":true,"href":"https:\/\/congtybinhminh.com\/index.php?rest_route=%2Fwp%2Fv2%2Fcomments&post=8022"}],"wp:featuredmedia":[{"embeddable":true,"href":"https:\/\/congtybinhminh.com\/index.php?rest_route=\/wp\/v2\/media\/9447"}],"wp:attachment":[{"href":"https:\/\/congtybinhminh.com\/index.php?rest_route=%2Fwp%2Fv2%2Fmedia&parent=8022"}],"wp:term":[{"taxonomy":"product_brand","embeddable":true,"href":"https:\/\/congtybinhminh.com\/index.php?rest_route=%2Fwp%2Fv2%2Fproduct_brand&post=8022"},{"taxonomy":"product_cat","embeddable":true,"href":"https:\/\/congtybinhminh.com\/index.php?rest_route=%2Fwp%2Fv2%2Fproduct_cat&post=8022"},{"taxonomy":"product_tag","embeddable":true,"href":"https:\/\/congtybinhminh.com\/index.php?rest_route=%2Fwp%2Fv2%2Fproduct_tag&post=8022"}],"curies":[{"name":"wp","href":"https:\/\/api.w.org\/{rel}","templated":true}]}}