{"id":8003,"date":"2023-04-26T13:51:21","date_gmt":"2023-04-26T06:51:21","guid":{"rendered":"https:\/\/congtybinhminh.com\/?post_type=product&#038;p=8003"},"modified":"2025-05-24T16:22:43","modified_gmt":"2025-05-24T09:22:43","slug":"may-bam-xo-dua-b300-dau-no","status":"publish","type":"product","link":"https:\/\/congtybinhminh.com\/?product=may-bam-xo-dua-b300-dau-no","title":{"rendered":"M\u00e1y b\u0103m x\u01a1 d\u1eeba B300 \u0111\u1ea7u n\u1ed5"},"content":{"rendered":"<h2>Video m\u00e1y b\u0103m x\u01a1 d\u1eeba B300 \u0111\u1ea7u n\u1ed5<\/h2>\n<p><iframe loading=\"lazy\" title=\"M\u00e1y B\u0103m X\u01a1 D\u1eeba B300 \u0110\u1ea7u N\u1ed5 10HP B\u0103m V\u1ecf D\u1eeba Th\u00e0nh M\u00f9n D\u1eeba L\u00e0m Ph\u00e2n B\u00f3n\" width=\"1020\" height=\"574\" src=\"https:\/\/www.youtube.com\/embed\/7UeYDEqANP0?feature=oembed\" frameborder=\"0\" allow=\"accelerometer; autoplay; clipboard-write; encrypted-media; gyroscope; picture-in-picture; web-share\" referrerpolicy=\"strict-origin-when-cross-origin\" allowfullscreen><\/iframe><\/p>\n<h2>Gi\u1edbi thi\u1ec7u m\u00e1y b\u0103m x\u01a1 d\u1eeba B300 \u0111\u1ea7u n\u1ed5<\/h2>\n<p>M\u00e1y b\u0103m x\u01a1 d\u1eeba B300 \u0111\u1ea7u n\u1ed5 l\u00e0 d\u00f2ng s\u1ea3n ph\u1ea9m c\u1ee7a C\u00f4ng ty B\u00ecnh Minh tr\u1ef1c ti\u1ebfp ch\u1ebf t\u1ea1o v\u00e0 s\u1ea3n xu\u1ea5t ra v\u1edbi mong mu\u1ed1n \u0111\u00e1p \u1ee9ng nhu c\u1ea7u c\u1ee7a b\u00e0 con.<\/p>\n<p>V\u1edbi kh\u1ea3 n\u0103ng b\u0103m s\u1ed1 l\u01b0\u1ee3ng l\u1edbn v\u1ecf d\u1eeba th\u00e0nh d\u1ea1ng m\u00f9n d\u1eeba.<\/p>\n<p><img loading=\"lazy\" decoding=\"async\" class=\"aligncenter wp-image-9491 size-full\" src=\"https:\/\/congtybinhminh.com\/wp-content\/uploads\/2023\/04\/may-bam-xo-dua-b3-binh-minh_result222.webp\" alt=\"may-bam-xo-dua-b3--binh-minh_result222\" width=\"800\" height=\"1078\" srcset=\"https:\/\/congtybinhminh.com\/wp-content\/uploads\/2023\/04\/may-bam-xo-dua-b3-binh-minh_result222.webp 800w, https:\/\/congtybinhminh.com\/wp-content\/uploads\/2023\/04\/may-bam-xo-dua-b3-binh-minh_result222-297x400.webp 297w, https:\/\/congtybinhminh.com\/wp-content\/uploads\/2023\/04\/may-bam-xo-dua-b3-binh-minh_result222-594x800.webp 594w, https:\/\/congtybinhminh.com\/wp-content\/uploads\/2023\/04\/may-bam-xo-dua-b3-binh-minh_result222-768x1035.webp 768w, https:\/\/congtybinhminh.com\/wp-content\/uploads\/2023\/04\/may-bam-xo-dua-b3-binh-minh_result222-510x687.webp 510w\" sizes=\"auto, (max-width: 800px) 100vw, 800px\" \/><\/p>\n<p>B\u00e0 con c\u00f3 th\u1ec3 s\u1eed d\u1ee5ng m\u00e1y \u1edf m\u1ecdi n\u01a1i m\u00e0 kh\u00f4ng lo \u0111i\u1ec7n y\u1ebfu hay k\u1ec3 c\u1ea3 nh\u1eefng n\u01a1i kh\u00f4ng c\u00f3 ngu\u1ed3n \u0111i\u1ec7n v\u1eabn c\u00f3 th\u1ec3 s\u1eed d\u1ee5ng m\u00e1y.<\/p>\n<h2>L\u1ee3i \u00edch khi s\u1eed d\u1ee5ng m\u00e1y b\u0103m x\u01a1 d\u1eeba B300 \u0111\u1ea7u n\u1ed5<\/h2>\n<p>S\u1eed d\u1ee5ng m\u00e1y g\u00f3p ph\u1ea7n gi\u00fap b\u00e0 con ti\u1ebft ki\u1ec7m th\u1eddi gian v\u00e0 c\u00f4ng s\u1ee9c c\u0169ng nh\u01b0 chi ph\u00ed thu\u00ea nh\u00e2n c\u00f4ng<\/p>\n<p>T\u1eadn d\u1ee5ng nh\u1eefng ph\u1ee5 ph\u1ea9m n\u00f4ng nghi\u1ec7p t\u01b0\u1edfng ch\u1eebng nh\u01b0 b\u1ecf \u0111i l\u00e0m th\u00e0nh nh\u1eefng s\u1ea3n ph\u1ea9m c\u00f3 gi\u00e1 tr\u1ecb<\/p>\n<p><img loading=\"lazy\" decoding=\"async\" class=\"aligncenter wp-image-9492 size-full\" src=\"https:\/\/congtybinhminh.com\/wp-content\/uploads\/2023\/04\/may-bam-xo-dua-thanh-mun_result222.webp\" alt=\"may-bam-xo-dua-thanh-mun_result222\" width=\"800\" height=\"871\" srcset=\"https:\/\/congtybinhminh.com\/wp-content\/uploads\/2023\/04\/may-bam-xo-dua-thanh-mun_result222.webp 800w, https:\/\/congtybinhminh.com\/wp-content\/uploads\/2023\/04\/may-bam-xo-dua-thanh-mun_result222-367x400.webp 367w, https:\/\/congtybinhminh.com\/wp-content\/uploads\/2023\/04\/may-bam-xo-dua-thanh-mun_result222-735x800.webp 735w, https:\/\/congtybinhminh.com\/wp-content\/uploads\/2023\/04\/may-bam-xo-dua-thanh-mun_result222-768x836.webp 768w, https:\/\/congtybinhminh.com\/wp-content\/uploads\/2023\/04\/may-bam-xo-dua-thanh-mun_result222-510x555.webp 510w\" sizes=\"auto, (max-width: 800px) 100vw, 800px\" \/><\/p>\n<p>Th\u00e0nh ph\u1ea9m m\u00f9n d\u1eeba b\u00e0 con c\u00f3 th\u1ec3 \u1ee9ng d\u1ee5ng \u0111a d\u1ea1ng trong \u0111\u1eddi s\u1ed1ng nh\u01b0:<\/p>\n<ul>\n<li>L\u00e0m ph\u00e2n b\u00f3n h\u1eefu c\u01a1: M\u00f9n d\u1eeba l\u00e0 m\u1ed9t lo\u1ea1i ph\u00e2n b\u00f3n h\u1eefu c\u01a1 t\u1ed1t nh\u1ea5t v\u00e0 \u0111\u1eb7c bi\u1ec7t r\u1ea5t t\u1ed1t cho c\u00e2y tr\u1ed3ng<\/li>\n<li>Ch\u1ea5t li\u1ec7u l\u00f3t chu\u1ed3ng, t\u1ea1o ch\u1ea5t b\u00e1m<\/li>\n<li>L\u00e0m ch\u1ea5t x\u01a1: M\u00f9n d\u1eeba l\u00e0 ngu\u1ed3n ch\u1ea5t x\u01a1 t\u1ef1 nhi\u00ean, \u0111\u01b0\u1ee3c s\u1eed d\u1ee5ng \u0111\u1ec3 l\u00e0m c\u00e1c s\u1ea3n ph\u1ea9m nh\u01b0: n\u1ec7m, t\u1ea5m l\u00f3t, th\u1ea3m tr\u1ea3i s\u00e0n, l\u00e0m gi\u1ea5y<\/li>\n<li>L\u00e0m ch\u1ea5t li\u1ec7u nhi\u00ean li\u1ec7u sinh h\u1ecdc: s\u1ea3n xu\u1ea5t than ho\u1ea1t t\u00ednh t\u1eeb m\u00f9n d\u1eeba.<\/li>\n<\/ul>\n<h2>C\u1ea5u t\u1ea1o chi ti\u1ebft m\u00e1y b\u0103m x\u01a1 d\u1eeba B300 \u0111\u1ea7u n\u1ed5<\/h2>\n<h3 id=\"ftoc-heading-6\" class=\"ftwp-heading\"><span id=\"Cau_tao_chung\" class=\"ez-toc-section\"><\/span>C\u1ea5u t\u1ea1o chung<\/h3>\n<p>Thi\u1ebft k\u1ebf v\u1edbi ki\u1ec3u d\u00e1ng hi\u1ec7n \u0111\u1ea1i, khung m\u00e1y ch\u1eafc ch\u1eafn gi\u00fap gi\u1ea3m thi\u1ec3u rung l\u1eafc v\u00e0 ti\u1ebfng \u1ed3n trong qu\u00e1 tr\u00ecnh m\u00e1y ho\u1ea1t \u0111\u1ed9ng.<\/p>\n<p><img loading=\"lazy\" decoding=\"async\" class=\"aligncenter wp-image-9493 size-full\" src=\"https:\/\/congtybinhminh.com\/wp-content\/uploads\/2023\/04\/cau-tao-may-bam-xo-dua-b300-cong-ty-binh-minh_result222.webp\" alt=\"cau-tao-may-bam-xo-dua-b300-cong-ty-binh-minh_result222\" width=\"800\" height=\"652\" srcset=\"https:\/\/congtybinhminh.com\/wp-content\/uploads\/2023\/04\/cau-tao-may-bam-xo-dua-b300-cong-ty-binh-minh_result222.webp 800w, https:\/\/congtybinhminh.com\/wp-content\/uploads\/2023\/04\/cau-tao-may-bam-xo-dua-b300-cong-ty-binh-minh_result222-491x400.webp 491w, https:\/\/congtybinhminh.com\/wp-content\/uploads\/2023\/04\/cau-tao-may-bam-xo-dua-b300-cong-ty-binh-minh_result222-768x626.webp 768w, https:\/\/congtybinhminh.com\/wp-content\/uploads\/2023\/04\/cau-tao-may-bam-xo-dua-b300-cong-ty-binh-minh_result222-510x416.webp 510w\" sizes=\"auto, (max-width: 800px) 100vw, 800px\" \/><\/p>\n<p>M\u00e1y \u0111\u01b0\u1ee3c l\u1eafp \u0111\u1eb7t h\u1ec7 th\u1ed1ng b\u00e1nh xe gi\u00fap ng\u01b0\u1eddi d\u00f9ng d\u1ec5 d\u00e0ng di chuy\u1ec3n m\u00e1y.<\/p>\n<h3><span id=\"Toa_nap_va_cua_xa\" class=\"ez-toc-section\"><\/span>Toa n\u1ea1p v\u00e0 c\u1eeda x\u1ea3<\/h3>\n<p>Ph\u1ea7n toa n\u1ea1p nguy\u00ean li\u1ec7u \u0111\u01b0\u1ee3c thi\u1ebft k\u1ebf d\u1ea1ng ph\u1ec5u to r\u1ed9ng, gi\u00fap cho vi\u1ec7c \u0111\u01b0a nguy\u00ean li\u1ec7u v\u00e0o bu\u1ed3ng b\u0103m m\u1ed9t c\u00e1ch d\u1ec5 d\u00e0ng<\/p>\n<p><img loading=\"lazy\" decoding=\"async\" class=\"aligncenter wp-image-9494 size-full\" src=\"https:\/\/congtybinhminh.com\/wp-content\/uploads\/2023\/04\/may-bam-xo-dua-b300-lap-dau-no_result222.webp\" alt=\"may-bam-xo-dua-b300-lap-dau-no_result222\" width=\"800\" height=\"800\" srcset=\"https:\/\/congtybinhminh.com\/wp-content\/uploads\/2023\/04\/may-bam-xo-dua-b300-lap-dau-no_result222.webp 800w, https:\/\/congtybinhminh.com\/wp-content\/uploads\/2023\/04\/may-bam-xo-dua-b300-lap-dau-no_result222-400x400.webp 400w, https:\/\/congtybinhminh.com\/wp-content\/uploads\/2023\/04\/may-bam-xo-dua-b300-lap-dau-no_result222-280x280.webp 280w, https:\/\/congtybinhminh.com\/wp-content\/uploads\/2023\/04\/may-bam-xo-dua-b300-lap-dau-no_result222-768x768.webp 768w, https:\/\/congtybinhminh.com\/wp-content\/uploads\/2023\/04\/may-bam-xo-dua-b300-lap-dau-no_result222-247x247.webp 247w, https:\/\/congtybinhminh.com\/wp-content\/uploads\/2023\/04\/may-bam-xo-dua-b300-lap-dau-no_result222-510x510.webp 510w, https:\/\/congtybinhminh.com\/wp-content\/uploads\/2023\/04\/may-bam-xo-dua-b300-lap-dau-no_result222-100x100.webp 100w\" sizes=\"auto, (max-width: 800px) 100vw, 800px\" \/><\/p>\n<p>Ph\u1ea7n c\u1eeda x\u1ea3 \u0111\u01b0\u1ee3c thi\u1ebft k\u1ebf bu\u00f4ng th\u1eb3ng t\u1eeb bu\u1ed3ng l\u00e0m vi\u1ec7c xu\u1ed1ng gi\u00fap cho nguy\u00ean li\u1ec7u sau khi b\u0103m d\u1ec5 d\u00e0ng di chuy\u1ec3n ra b\u00ean ngo\u00e0i, kh\u00f4ng lo b\u1ecb t\u1eafc ngh\u1ebdn.<\/p>\n<p><img loading=\"lazy\" decoding=\"async\" class=\"aligncenter wp-image-10744 size-full\" src=\"https:\/\/congtybinhminh.com\/wp-content\/uploads\/2023\/04\/mat-sang-may-bam-xo-dua_result222-2.webp\" alt=\"mat-sang-may-bam-xo-dua_result222\" width=\"800\" height=\"490\" srcset=\"https:\/\/congtybinhminh.com\/wp-content\/uploads\/2023\/04\/mat-sang-may-bam-xo-dua_result222-2.webp 800w, https:\/\/congtybinhminh.com\/wp-content\/uploads\/2023\/04\/mat-sang-may-bam-xo-dua_result222-2-653x400.webp 653w, https:\/\/congtybinhminh.com\/wp-content\/uploads\/2023\/04\/mat-sang-may-bam-xo-dua_result222-2-768x470.webp 768w, https:\/\/congtybinhminh.com\/wp-content\/uploads\/2023\/04\/mat-sang-may-bam-xo-dua_result222-2-510x312.webp 510w\" sizes=\"auto, (max-width: 800px) 100vw, 800px\" \/><\/p>\n<h3><span id=\"Buong_lam_viec\" class=\"ez-toc-section\"><\/span>Bu\u1ed3ng l\u00e0m vi\u1ec7c<\/h3>\n<p>\u0110\u01b0\u1ee3c trang b\u1ecb 3 h\u1ec7 th\u1ed1ng dao b\u0103m bao g\u1ed3m:<\/p>\n<ul>\n<li>2 dao k\u00ea b\u00ean th\u00e0nh<\/li>\n<li>3 dao b\u0103m ph\u00e1 v\u1ecf d\u1eeba th\u00e0nh m\u1ea3nh<\/li>\n<li>4 dao b\u0103m nghi\u1ec1n nghi\u1ec1n nh\u1ecf nh\u1eefng m\u1ea3nh d\u1eeba \u0111\u1ebfn khi \u0111\u1ea1t ti\u00eau chu\u1ea9n qua l\u1ed7 s\u00e0ng tho\u00e1t ra ngo\u00e0i<\/li>\n<\/ul>\n<p><img loading=\"lazy\" decoding=\"async\" class=\"aligncenter wp-image-9502 size-full\" src=\"https:\/\/congtybinhminh.com\/wp-content\/uploads\/2023\/04\/dao-bam-xo-dua_result222-1.webp\" alt=\"dao-bam-xo-dua_result222\" width=\"800\" height=\"600\" srcset=\"https:\/\/congtybinhminh.com\/wp-content\/uploads\/2023\/04\/dao-bam-xo-dua_result222-1.webp 800w, https:\/\/congtybinhminh.com\/wp-content\/uploads\/2023\/04\/dao-bam-xo-dua_result222-1-533x400.webp 533w, https:\/\/congtybinhminh.com\/wp-content\/uploads\/2023\/04\/dao-bam-xo-dua_result222-1-768x576.webp 768w, https:\/\/congtybinhminh.com\/wp-content\/uploads\/2023\/04\/dao-bam-xo-dua_result222-1-510x383.webp 510w\" sizes=\"auto, (max-width: 800px) 100vw, 800px\" \/><\/p>\n<p>M\u1eb7t s\u00e0ng \u0111\u01b0\u1ee3c g\u1eafn ngay d\u01b0\u1edbi h\u1ec7 th\u1ed1ng b\u0103m gi\u00fap s\u00e0ng l\u1ecdc v\u00e0 ch\u1ec9 cho ph\u00e9p c\u00e1c m\u1ea9u v\u1ee5n c\u00f3 k\u00edch th\u01b0\u1edbc nh\u1ecf t\u01b0\u01a1ng \u1ee9ng \u0111i qua, cho th\u00e0nh ph\u1ea9m \u0111\u1ed3ng \u0111\u1ec1u.<\/p>\n<h2><span id=\"Nhung_luu_y_khi_su_dung_may_bam_xo_dua_B300\" class=\"ez-toc-section\"><\/span>Nh\u1eefng l\u01b0u \u00fd khi s\u1eed d\u1ee5ng m\u00e1y b\u0103m x\u01a1 d\u1eeba B300 \u0111\u1ea7u n\u1ed5<\/h2>\n<p>\u0110\u1eb7t m\u00e1y tr\u00ean n\u1ec1n ph\u1eb3ng tr\u00e1nh g\u00e2y rung l\u1eafc trong qu\u00e1 tr\u00ecnh v\u1eadn h\u00e0nh.<\/p>\n<p>Khi m\u00e1y ch\u1ea1y \u1ed5n \u0111\u1ecbnh ti\u1ebfn h\u00e0nh cho nguy\u00ean li\u1ec7u v\u00e0o toa<\/p>\n<p>Th\u01b0\u1eddng xuy\u00ean v\u1ec7 sinh m\u00e1y sau m\u1ed7i l\u1ea7n s\u1eed d\u1ee5ng, \u0111\u1ea3m b\u1ea3o m\u00e1y ho\u1ea1t \u0111\u1ed9ng b\u1ec1n b\u1ec9, l\u00e2u d\u00e0i.<\/p>\n<h2>Th\u00f4ng s\u1ed1 k\u1ef9 thu\u1eadt<\/h2>\n<table border=\"1\" cellspacing=\"1\" cellpadding=\"1\">\n<tbody>\n<tr>\n<td>C\u00f4ng su\u1ea5t \u0111\u1ea7u n\u1ed5<\/td>\n<td>\u00a0 D10<\/td>\n<\/tr>\n<tr>\n<td>Nguy\u00ean b\u1ed9<\/td>\n<td>\u00a0(kg)<\/td>\n<\/tr>\n<tr>\n<td>N\u0103ng su\u1ea5t<\/td>\n<td>\u00a0200- 300 kg\/h<\/td>\n<\/tr>\n<tr>\n<td>K\u00edch th\u01b0\u1edbc ( D * C * R )<\/td>\n<td>\u00a0120*115*80 cm<\/td>\n<\/tr>\n<tr>\n<td>B\u1ea3o h\u00e0nh<\/td>\n<td>\u00a0 06 th\u00e1ng<\/td>\n<\/tr>\n<tr>\n<td>H\u00ecnh th\u1ee9c thanh to\u00e1n<\/td>\n<td><em><strong>Ti\u1ec1n m\u1eb7t ho\u1eb7c chuy\u1ec3n kho\u1ea3n<\/strong><\/em><\/td>\n<\/tr>\n<\/tbody>\n<\/table>\n<p>&nbsp;<\/p>\n","protected":false},"excerpt":{"rendered":"<ul>\n<li><strong>H\u00e3ng s\u1ea3n xu\u1ea5t:\u00a0<\/strong>B\u00ecnh Minh<\/li>\n<li><b>\u0110\u1ea7u n\u1ed5: <\/b>D10<\/li>\n<li><strong>N\u0103ng su\u1ea5t:<\/strong> 200 &#8211; 300 kg\/gi\u1edd<\/li>\n<li><strong>K\u00edch th\u01b0\u1edbc (CD*CC*CR): <\/strong>120*115*80 cm<\/li>\n<li><strong>T\u00ednh n\u0103ng:<\/strong>\u00a0M\u00e1y chuy\u00ean b\u0103m v\u1ecf d\u1eeba t\u01b0\u01a1i, v\u1ecf d\u1eeba kh\u00f4,\u2026 th\u00e0nh d\u1ea1ng m\u00f9n d\u1eeba<\/li>\n<\/ul>\n","protected":false},"featured_media":9495,"comment_status":"closed","ping_status":"closed","template":"","meta":[],"product_brand":[],"product_cat":[197],"product_tag":[],"class_list":{"0":"post-8003","1":"product","2":"type-product","3":"status-publish","4":"has-post-thumbnail","6":"product_cat-may-bam-xo-dua-2","8":"first","9":"instock","10":"shipping-taxable","11":"product-type-simple"},"_links":{"self":[{"href":"https:\/\/congtybinhminh.com\/index.php?rest_route=\/wp\/v2\/product\/8003","targetHints":{"allow":["GET"]}}],"collection":[{"href":"https:\/\/congtybinhminh.com\/index.php?rest_route=\/wp\/v2\/product"}],"about":[{"href":"https:\/\/congtybinhminh.com\/index.php?rest_route=\/wp\/v2\/types\/product"}],"replies":[{"embeddable":true,"href":"https:\/\/congtybinhminh.com\/index.php?rest_route=%2Fwp%2Fv2%2Fcomments&post=8003"}],"wp:featuredmedia":[{"embeddable":true,"href":"https:\/\/congtybinhminh.com\/index.php?rest_route=\/wp\/v2\/media\/9495"}],"wp:attachment":[{"href":"https:\/\/congtybinhminh.com\/index.php?rest_route=%2Fwp%2Fv2%2Fmedia&parent=8003"}],"wp:term":[{"taxonomy":"product_brand","embeddable":true,"href":"https:\/\/congtybinhminh.com\/index.php?rest_route=%2Fwp%2Fv2%2Fproduct_brand&post=8003"},{"taxonomy":"product_cat","embeddable":true,"href":"https:\/\/congtybinhminh.com\/index.php?rest_route=%2Fwp%2Fv2%2Fproduct_cat&post=8003"},{"taxonomy":"product_tag","embeddable":true,"href":"https:\/\/congtybinhminh.com\/index.php?rest_route=%2Fwp%2Fv2%2Fproduct_tag&post=8003"}],"curies":[{"name":"wp","href":"https:\/\/api.w.org\/{rel}","templated":true}]}}