{"id":7990,"date":"2023-04-26T09:27:20","date_gmt":"2023-04-26T02:27:20","guid":{"rendered":"https:\/\/congtybinhminh.com\/?post_type=product&#038;p=7990"},"modified":"2024-02-19T15:15:36","modified_gmt":"2024-02-19T08:15:36","slug":"may-bam-co-6ta-sp-dau-no","status":"publish","type":"product","link":"https:\/\/congtybinhminh.com\/?product=may-bam-co-6ta-sp-dau-no","title":{"rendered":"M\u00e1y b\u0103m c\u1ecf 6TA &#8211; SP \u0111\u1ea7u n\u1ed5"},"content":{"rendered":"<h2>Video m\u00e1y b\u0103m c\u1ecf 6TA &#8211; SP \u0111\u1ea7u n\u1ed5<\/h2>\n<p><iframe loading=\"lazy\" title=\"C\u00f4ng Ty B\u00ecnh Minh: M\u00e1y B\u0103m C\u1ecf 6TA SP \u0110\u1ea7u N\u1ed5 6.5Hp\" width=\"1020\" height=\"574\" src=\"https:\/\/www.youtube.com\/embed\/AUD3KXGUr2Q?feature=oembed\" frameborder=\"0\" allow=\"accelerometer; autoplay; clipboard-write; encrypted-media; gyroscope; picture-in-picture; web-share\" allowfullscreen><\/iframe><\/p>\n<h2>Gi\u1edbi thi\u1ec7u m\u00e1y b\u0103m c\u1ecf 6TA &#8211; SP \u0111\u1ea7u n\u1ed5<\/h2>\n<p>M\u00e1y b\u0103m c\u1ecf 6TA &#8211; SP \u0111\u1ea7u n\u1ed5 l\u00e0 phi\u00ean b\u1ea3n m\u1edbi c\u1ee7a c\u00f4ng ty B\u00ecnh Minh, phi\u00ean b\u1ea3n c\u1ea3i ti\u1ebfn c\u1ee7a d\u00f2ng m\u00e1y b\u0103m c\u1ecf 6TA &#8211; SP ch\u1ea1y b\u1eb1ng \u0111\u1ed9ng c\u01a1 tr\u01b0\u1edbc \u0111\u00f3.<\/p>\n<figure id=\"attachment_7996\" aria-describedby=\"caption-attachment-7996\" style=\"width: 800px\" class=\"wp-caption aligncenter\"><img loading=\"lazy\" decoding=\"async\" class=\"wp-image-7996 size-full\" src=\"https:\/\/congtybinhminh.com\/wp-content\/uploads\/2023\/04\/May-bam-co-6TA-SP-dau-no-5.webp\" alt=\"\" width=\"800\" height=\"600\" srcset=\"https:\/\/congtybinhminh.com\/wp-content\/uploads\/2023\/04\/May-bam-co-6TA-SP-dau-no-5.webp 800w, https:\/\/congtybinhminh.com\/wp-content\/uploads\/2023\/04\/May-bam-co-6TA-SP-dau-no-5-510x383.webp 510w, https:\/\/congtybinhminh.com\/wp-content\/uploads\/2023\/04\/May-bam-co-6TA-SP-dau-no-5-533x400.webp 533w, https:\/\/congtybinhminh.com\/wp-content\/uploads\/2023\/04\/May-bam-co-6TA-SP-dau-no-5-768x576.webp 768w\" sizes=\"auto, (max-width: 800px) 100vw, 800px\" \/><figcaption id=\"caption-attachment-7996\" class=\"wp-caption-text\">M\u00e1y b\u0103m c\u1ecf 6TA SP \u0111\u1ea7u n\u1ed5<\/figcaption><\/figure>\n<p>V\u1edbi nh\u1eefng n\u01a1i \u0111i\u1ec7n y\u1ebfu, hay kh\u00f4ng c\u00f3 \u0111i\u1ec7n v\u1eabn c\u00f3 th\u1ec3 s\u1eed d\u1ee5ng m\u00e1y.<\/p>\n<h2>\u01afu \u0111i\u1ec3m c\u1ee7a m\u00e1y b\u0103m c\u1ecf 6TA &#8211; SP \u0111\u1ea7u n\u1ed5<\/h2>\n<p>M\u00e1y chuy\u00ean d\u00f9ng \u0111\u1ec3 b\u0103m nh\u1ecf, b\u0103m nhanh c\u00e1c lo\u1ea1i nguy\u00ean li\u1ec7u nh\u01b0: c\u1ecf voi, th\u00e2n c\u00e2y ng\u00f4, c\u00e2y m\u00eda, rau b\u00e8o, c\u1ee7 s\u1eafn, c\u00e0 r\u1ed1t&#8230;.v\u00e0 nhi\u1ec1u nguy\u00ean li\u1ec7u kh\u00e1c n\u1eefa d\u00f9ng l\u00e0m th\u1ee9c \u0103n xanh cho gia s\u00fac, gia c\u1ea7m.<\/p>\n<p>Th\u00e0nh ph\u1ea9m sau khi b\u0103m xong c\u00f3 th\u1ec3 cho v\u1eadt nu\u00f4i \u0103n ngay ho\u1eb7c d\u00f9ng \u0111\u1ec3 \u1ee7 chua ph\u1ed1i tr\u1ed9n c\u00e1m vi\u00ean d\u00f9ng d\u1ea7n.<\/p>\n<p>M\u00e1y b\u0103m c\u1ecf 6TA &#8211; SP l\u1eafp \u0111\u1eb7t \u0111\u1ea7u n\u1ed5 gi\u00fap b\u00e0 con c\u00f3 th\u1ec3 s\u1eed d\u1ee5ng m\u00e1y \u1edf m\u1ecdi n\u01a1i, m\u1ecdi v\u00ed tr\u00ed.<\/p>\n<p><img loading=\"lazy\" decoding=\"async\" class=\"aligncenter wp-image-7997 size-full\" src=\"https:\/\/congtybinhminh.com\/wp-content\/uploads\/2023\/04\/May-bam-co-6TA-SP-dau-no-6.webp\" alt=\"\" width=\"800\" height=\"400\" srcset=\"https:\/\/congtybinhminh.com\/wp-content\/uploads\/2023\/04\/May-bam-co-6TA-SP-dau-no-6.webp 800w, https:\/\/congtybinhminh.com\/wp-content\/uploads\/2023\/04\/May-bam-co-6TA-SP-dau-no-6-510x255.webp 510w, https:\/\/congtybinhminh.com\/wp-content\/uploads\/2023\/04\/May-bam-co-6TA-SP-dau-no-6-768x384.webp 768w\" sizes=\"auto, (max-width: 800px) 100vw, 800px\" \/><\/p>\n<p>M\u00e1y cho n\u0103ng su\u1ea5t cao m\u00e0 kh\u00f4ng lo t\u1ed1n th\u1eddi gian v\u00e0 c\u00f4ng s\u1ee9c. D\u00f2ng m\u00e1y ph\u00f9 h\u1ee3p v\u1edbi m\u1ecdi h\u1ed9 gia \u0111\u00ecnh.<\/p>\n<p>S\u1eed d\u1ee5ng m\u00e1y v\u1eeba ti\u1ebft ki\u1ec7m \u0111\u01b0\u1ee3c nh\u00e2n c\u00f4ng lao \u0111\u1ed9ng v\u1eeba ti\u1ebft ki\u1ec7m chi ph\u00ed, n\u00e2ng cao hi\u1ec7u qu\u1ea3 trong qu\u00e1 tr\u00ecnh ch\u0103n nu\u00f4i.<\/p>\n<h2>C\u1ea5u t\u1ea1o c\u1ee7a m\u00e1y b\u0103m c\u1ecf 6TA &#8211; SP \u0111\u1ea7u n\u1ed5<\/h2>\n<p>M\u00e1y b\u0103m c\u1ecf 6TA-SP \u0111\u1ea7u n\u1ed5 \u0111\u01b0\u1ee3c thi\u1ebft k\u1ebf khung m\u00e1y nh\u1ecf g\u1ecdn, ki\u1ec3u d\u00e1ng hi\u1ec7n \u0111\u1ea1i kh\u00f4ng chi\u1ec1u qu\u00e1 nhi\u1ec1u kh\u00f4ng gian l\u1eafp \u0111\u1eb7t . Thi\u1ebft k\u1ebf 4 b\u00e1nh xe thu\u1eadn ti\u1ec7n cho qu\u00e1 tr\u00ecnh di chuy\u1ec3n.<\/p>\n<p><img loading=\"lazy\" decoding=\"async\" class=\"aligncenter wp-image-7992 size-full\" src=\"https:\/\/congtybinhminh.com\/wp-content\/uploads\/2023\/04\/Cau-tao-may-bam-co-6TA-SP-dau-no.webp\" alt=\"\" width=\"800\" height=\"600\" srcset=\"https:\/\/congtybinhminh.com\/wp-content\/uploads\/2023\/04\/Cau-tao-may-bam-co-6TA-SP-dau-no.webp 800w, https:\/\/congtybinhminh.com\/wp-content\/uploads\/2023\/04\/Cau-tao-may-bam-co-6TA-SP-dau-no-510x383.webp 510w, https:\/\/congtybinhminh.com\/wp-content\/uploads\/2023\/04\/Cau-tao-may-bam-co-6TA-SP-dau-no-533x400.webp 533w, https:\/\/congtybinhminh.com\/wp-content\/uploads\/2023\/04\/Cau-tao-may-bam-co-6TA-SP-dau-no-768x576.webp 768w\" sizes=\"auto, (max-width: 800px) 100vw, 800px\" \/><\/p>\n<h3><span id=\"Toa_nap\" class=\"ez-toc-section\"><\/span>Toa n\u1ea1p<\/h3>\n<p>Toa n\u1ea1p nguy\u00ean li\u1ec7u \u0111\u01b0\u1ee3c thi\u1ebft k\u1ebf d\u1ea1ng d\u1ed1c xu\u1ed1ng d\u01b0\u1edbi gi\u00fap nguy\u00ean li\u1ec7u d\u1ec5 d\u00e0ng di chuy\u1ec3n v\u00e0o bu\u1ed3ng b\u0103m , \u0111\u1ea3m b\u1ea3o an to\u00e0n cho ng\u01b0\u1eddi s\u1eed d\u1ee5ng .<\/p>\n<figure id=\"attachment_8002\" aria-describedby=\"caption-attachment-8002\" style=\"width: 800px\" class=\"wp-caption aligncenter\"><img loading=\"lazy\" decoding=\"async\" class=\"wp-image-8002 size-full\" src=\"https:\/\/congtybinhminh.com\/wp-content\/uploads\/2023\/04\/Toa-nap-1.webp\" alt=\"Toa n\u1ea1p\" width=\"800\" height=\"400\" srcset=\"https:\/\/congtybinhminh.com\/wp-content\/uploads\/2023\/04\/Toa-nap-1.webp 800w, https:\/\/congtybinhminh.com\/wp-content\/uploads\/2023\/04\/Toa-nap-1-510x255.webp 510w, https:\/\/congtybinhminh.com\/wp-content\/uploads\/2023\/04\/Toa-nap-1-768x384.webp 768w\" sizes=\"auto, (max-width: 800px) 100vw, 800px\" \/><figcaption id=\"caption-attachment-8002\" class=\"wp-caption-text\">Toa n\u1ea1p<\/figcaption><\/figure>\n<p>C\u00e1c nguy\u00ean li\u1ec7u nh\u01b0 c\u1ecf voi, th\u00e2n ng\u00f4, c\u1ecf s\u1ea3 hay l\u00e0 c\u00e1c c\u1ee7 khoai, c\u1ee7 s\u1eafn to b\u00e0 con c\u0169ng c\u00f3 th\u1ec3 d\u1ec5 d\u00e0ng cho v\u00e0o m\u00e0 kh\u00f4ng c\u1ea7n b\u1ed5 nh\u1ecf.<\/p>\n<h3><span id=\"Buong_lam_viec\" class=\"ez-toc-section\"><\/span><span id=\"Buong_lam_viec\" class=\"ez-toc-section\"><\/span>Bu\u1ed3ng l\u00e0m vi\u1ec7c<\/h3>\n<p>Bu\u1ed3ng l\u00e0m vi\u1ec7c \u0111\u01b0\u1ee3c trang b\u1ecb 2 con dao b\u0103m 2 l\u01b0\u1ee1i d\u00e0y 6ly. H\u1ec7 th\u1ed1ng dao \u0111\u01b0\u1ee3c l\u1eafp c\u1ed1 \u0111\u1ecbnh tr\u00ean m\u1ed9t tr\u1ee5c qu\u1ea3 l\u00f4 , c\u00f3 nhi\u1ec7m v\u1ee5 b\u0103m nh\u1ecf nguy\u00ean li\u1ec7u nhanh ch\u00f3ng<\/p>\n<figure id=\"attachment_7998\" aria-describedby=\"caption-attachment-7998\" style=\"width: 800px\" class=\"wp-caption aligncenter\"><img loading=\"lazy\" decoding=\"async\" class=\"wp-image-7998 size-full\" src=\"https:\/\/congtybinhminh.com\/wp-content\/uploads\/2023\/04\/bu225187147ng-l195160m-vi225187135c.webp\" alt=\"Bu\u1ed3ng l\u00e0m vi\u1ec7c \" width=\"800\" height=\"600\" srcset=\"https:\/\/congtybinhminh.com\/wp-content\/uploads\/2023\/04\/bu225187147ng-l195160m-vi225187135c.webp 800w, https:\/\/congtybinhminh.com\/wp-content\/uploads\/2023\/04\/bu225187147ng-l195160m-vi225187135c-510x383.webp 510w, https:\/\/congtybinhminh.com\/wp-content\/uploads\/2023\/04\/bu225187147ng-l195160m-vi225187135c-533x400.webp 533w, https:\/\/congtybinhminh.com\/wp-content\/uploads\/2023\/04\/bu225187147ng-l195160m-vi225187135c-768x576.webp 768w\" sizes=\"auto, (max-width: 800px) 100vw, 800px\" \/><figcaption id=\"caption-attachment-7998\" class=\"wp-caption-text\">Bu\u1ed3ng l\u00e0m vi\u1ec7c<\/figcaption><\/figure>\n<h3><span id=\"Cua_xa_thanh_pham\" class=\"ez-toc-section\"><\/span>C\u1eeda x\u1ea3 th\u00e0nh ph\u1ea9m<\/h3>\n<p>C\u1eeda x\u1ea3 thi\u1ebft k\u1ebf tr\u1ecdng t\u00e2m h\u1ea1 th\u1ea5p, k\u1ebft n\u1ed1i song song v\u1edbi bu\u1ed3ng b\u0103m. \u0110\u1eb7c bi\u1ec7t c\u00f2n \u0111\u01b0\u1ee3c trang b\u1ecb th\u00eam t\u1ea5m ch\u1eafn , gi\u00fap ng\u01b0\u1eddi s\u1eed d\u1ee5ng \u0111i\u1ec1u ch\u1ec9nh h\u01b0\u1edbng th\u00e0nh ph\u1ea9m ra xa\u00a0 hay g\u1ea7n r\u1ea5t\u00a0 ti\u1ec7n l\u1ee3i cho vi\u1ec7c thu gom th\u00e0nh ph\u1ea9m.<\/p>\n<figure id=\"attachment_8000\" aria-describedby=\"caption-attachment-8000\" style=\"width: 800px\" class=\"wp-caption aligncenter\"><img loading=\"lazy\" decoding=\"async\" class=\"wp-image-8000 size-full\" src=\"https:\/\/congtybinhminh.com\/wp-content\/uploads\/2023\/04\/a-x225186163-th195160nh-ph225186169m.webp\" alt=\"C\u1eeda x\u1ea3 th\u00e0nh ph\u1ea9m \" width=\"800\" height=\"600\" srcset=\"https:\/\/congtybinhminh.com\/wp-content\/uploads\/2023\/04\/a-x225186163-th195160nh-ph225186169m.webp 800w, https:\/\/congtybinhminh.com\/wp-content\/uploads\/2023\/04\/a-x225186163-th195160nh-ph225186169m-510x383.webp 510w, https:\/\/congtybinhminh.com\/wp-content\/uploads\/2023\/04\/a-x225186163-th195160nh-ph225186169m-533x400.webp 533w, https:\/\/congtybinhminh.com\/wp-content\/uploads\/2023\/04\/a-x225186163-th195160nh-ph225186169m-768x576.webp 768w\" sizes=\"auto, (max-width: 800px) 100vw, 800px\" \/><figcaption id=\"caption-attachment-8000\" class=\"wp-caption-text\">C\u1eeda x\u1ea3 th\u00e0nh ph\u1ea9m<\/figcaption><\/figure>\n<h3>\u0110\u1ea7u n\u1ed5 ti\u1ec7n l\u1ee3i<\/h3>\n<p>L\u1eafp \u0111\u1eb7t \u0111\u1ea7u n\u1ed5 6,5Hp cho n\u0103ng su\u1ea5t t\u1eeb 700-800kg\/gi\u1edd, thu\u1eadn ti\u1ec7n cho b\u00e0 con trong qu\u00e1 tr\u00ecnh s\u1eed d\u1ee5ng m\u00e1y: d\u1ec5 d\u00e0ng di chuy\u1ec3n, d\u1ec5 d\u00e0ng v\u1eadn h\u00e0nh, \u0111\u1ea3m b\u1ea3o an to\u00e0n khi s\u1eed d\u1ee5ng.<\/p>\n<h2>Nh\u1eefng l\u01b0u \u00fd khi s\u1eed d\u1ee5ng m\u00e1y b\u0103m c\u1ecf 6TA &#8211; SP \u0111\u1ea7u n\u1ed5<\/h2>\n<p>\u0110\u1eb7t m\u00e1y \u1edf nh\u1eefng n\u01a1i b\u1eb1ng ph\u1eb3ng \u0111\u1ec3 tr\u00e1nh rung l\u1eafc trong qu\u00e1 tr\u00ecnh m\u00e1y v\u1eadn h\u00e0nh<\/p>\n<p>B\u1ea3o qu\u1ea3n m\u00e1y \u1edf nh\u1eefng n\u01a1i kh\u00f4 r\u00e1o<\/p>\n<p><img loading=\"lazy\" decoding=\"async\" class=\"aligncenter wp-image-8001 size-full\" src=\"https:\/\/congtybinhminh.com\/wp-content\/uploads\/2023\/04\/Goi-bi-1.webp\" alt=\"\" width=\"800\" height=\"600\" srcset=\"https:\/\/congtybinhminh.com\/wp-content\/uploads\/2023\/04\/Goi-bi-1.webp 800w, https:\/\/congtybinhminh.com\/wp-content\/uploads\/2023\/04\/Goi-bi-1-510x383.webp 510w, https:\/\/congtybinhminh.com\/wp-content\/uploads\/2023\/04\/Goi-bi-1-533x400.webp 533w, https:\/\/congtybinhminh.com\/wp-content\/uploads\/2023\/04\/Goi-bi-1-768x576.webp 768w\" sizes=\"auto, (max-width: 800px) 100vw, 800px\" \/><\/p>\n<p>Th\u01b0\u1eddng xuy\u00ean v\u1ec7 sinh m\u00e1y s\u1ea1ch s\u1ebd \u0111\u1ec3 m\u00e1y c\u00f3 th\u1ec3 ho\u1ea1t \u0111\u1ed9ng b\u1ec1n b\u1ec9, l\u00e2u d\u00e0i<\/p>\n<h2>Th\u00f4ng s\u1ed1 k\u1ef9 thu\u1eadt<\/h2>\n<table border=\"1\" width=\"814\" cellspacing=\"1\" cellpadding=\"1\">\n<tbody>\n<tr>\n<td colspan=\"1\" rowspan=\"3\"><span style=\"color: #000000\">\u0110\u1ed9ng c\u01a1<\/span><\/td>\n<td><span style=\"color: #000000\">\u0110\u1ea7u n\u1ed5<\/span><\/td>\n<td><span style=\"color: #000000\">6,5Hp<\/span><\/td>\n<\/tr>\n<tr>\n<td><span style=\"color: #000000\">Ngu\u1ed3n \u0111i\u1ec7n<\/span><\/td>\n<td><span style=\"color: #000000\">\u00a0 \u00a0 \u00a0V<\/span><\/td>\n<\/tr>\n<tr>\n<td><span style=\"color: #000000\">T\u1ed1c \u0111\u1ed9<\/span><\/td>\n<td><\/td>\n<\/tr>\n<tr>\n<td colspan=\"1\" rowspan=\"2\"><span style=\"color: #000000\">Tr\u1ecdng l\u01b0\u1ee3ng m\u00e1y<\/span><\/td>\n<td><span style=\"color: #000000\">Nguy\u00ean b\u1ed9<\/span><\/td>\n<td>kg<\/td>\n<\/tr>\n<tr>\n<td><span style=\"color: #000000\">Kh\u00f4ng \u0111\u1ed9ng c\u01a1<\/span><\/td>\n<td><span style=\"color: #000000\">kg<\/span><\/td>\n<\/tr>\n<tr>\n<td colspan=\"1\" rowspan=\"2\"><span style=\"color: #000000\">B\u1ea3o h\u00e0nh<\/span><\/td>\n<td><span style=\"color: #000000\">K\u1ef9 thu\u1eadt<\/span><\/td>\n<td><span style=\"color: #000000\">06 th\u00e1ng<\/span><\/td>\n<\/tr>\n<tr>\n<td><span style=\"color: #000000\">\u0110\u1ed9ng c\u01a1<\/span><\/td>\n<td><span style=\"color: #000000\">Theo t\u1eebng h\u00e3ng s\u1ea3n xu\u1ea5t<\/span><\/td>\n<\/tr>\n<tr>\n<td><span style=\"color: #000000\">N\u0103ng su\u1ea5t<\/span><\/td>\n<td colspan=\"2\" rowspan=\"1\"><span style=\"color: #000000\">700-800kg\/gi\u1edd<\/span><\/td>\n<\/tr>\n<tr>\n<td><span style=\"color: #000000\">K\u00edch th\u01b0\u1edbc (d*c*r)<\/span><\/td>\n<td colspan=\"2\" rowspan=\"1\"><span style=\"color: #000000\">\u00a091*79*45cm<\/span><\/td>\n<\/tr>\n<tr>\n<td><span style=\"color: #000000\">H\u00ecnh th\u1ee9c thanh to\u00e1n<\/span><\/td>\n<td colspan=\"2\" rowspan=\"1\"><span style=\"color: #000000\">Ti\u1ec1n m\u0103t ho\u1eb7c chuy\u1ec3n kho\u1ea3n<\/span><\/td>\n<\/tr>\n<\/tbody>\n<\/table>\n<p>&nbsp;<\/p>\n","protected":false},"excerpt":{"rendered":"<ul>\n<li><strong>H\u00e3ng s\u1ea3n xu\u1ea5t :<\/strong>\u00a0B\u00ecnh Minh<\/li>\n<li><strong>\u0110\u1ea7u n\u1ed5: <\/strong>6,5Hp<\/li>\n<li><strong>N\u0103ng su\u1ea5t<\/strong> : 700-800kg\/gi\u1edd<\/li>\n<li><strong>K\u00edch th\u01b0\u1edbc (CD*CC*CR)<\/strong><em>:<\/em> 91*79*45cm<\/li>\n<li><strong>T\u00ednh n\u0103ng :<\/strong>\u00a0m\u00e1y chuy\u00ean d\u00f9ng b\u0103m c\u00e1c nguy\u00ean li\u1ec7u d\u1ea1ng c\u1ecf nh\u01b0 c\u1ecf voi, th\u00e2n c\u00e2y ng\u00f4, ng\u1ecdn m\u00eda\u2026. l\u00e0m th\u1ee9c \u0103n cho gia s\u00fac..<\/li>\n<\/ul>\n","protected":false},"featured_media":9353,"comment_status":"closed","ping_status":"closed","template":"","meta":[],"product_brand":[],"product_cat":[40],"product_tag":[],"class_list":{"0":"post-7990","1":"product","2":"type-product","3":"status-publish","4":"has-post-thumbnail","6":"product_cat-may-bam-co","8":"first","9":"instock","10":"shipping-taxable","11":"product-type-simple"},"_links":{"self":[{"href":"https:\/\/congtybinhminh.com\/index.php?rest_route=\/wp\/v2\/product\/7990","targetHints":{"allow":["GET"]}}],"collection":[{"href":"https:\/\/congtybinhminh.com\/index.php?rest_route=\/wp\/v2\/product"}],"about":[{"href":"https:\/\/congtybinhminh.com\/index.php?rest_route=\/wp\/v2\/types\/product"}],"replies":[{"embeddable":true,"href":"https:\/\/congtybinhminh.com\/index.php?rest_route=%2Fwp%2Fv2%2Fcomments&post=7990"}],"wp:featuredmedia":[{"embeddable":true,"href":"https:\/\/congtybinhminh.com\/index.php?rest_route=\/wp\/v2\/media\/9353"}],"wp:attachment":[{"href":"https:\/\/congtybinhminh.com\/index.php?rest_route=%2Fwp%2Fv2%2Fmedia&parent=7990"}],"wp:term":[{"taxonomy":"product_brand","embeddable":true,"href":"https:\/\/congtybinhminh.com\/index.php?rest_route=%2Fwp%2Fv2%2Fproduct_brand&post=7990"},{"taxonomy":"product_cat","embeddable":true,"href":"https:\/\/congtybinhminh.com\/index.php?rest_route=%2Fwp%2Fv2%2Fproduct_cat&post=7990"},{"taxonomy":"product_tag","embeddable":true,"href":"https:\/\/congtybinhminh.com\/index.php?rest_route=%2Fwp%2Fv2%2Fproduct_tag&post=7990"}],"curies":[{"name":"wp","href":"https:\/\/api.w.org\/{rel}","templated":true}]}}