{"id":7955,"date":"2023-04-22T15:55:29","date_gmt":"2023-04-22T08:55:29","guid":{"rendered":"https:\/\/congtybinhminh.com\/?post_type=product&#038;p=7955"},"modified":"2023-06-18T16:17:47","modified_gmt":"2023-06-18T09:17:47","slug":"may-bam-xo-dua-b300","status":"publish","type":"product","link":"https:\/\/congtybinhminh.com\/?product=may-bam-xo-dua-b300","title":{"rendered":"M\u00e1y b\u0103m x\u01a1 d\u1eeba B300"},"content":{"rendered":"<h2>Video m\u00e1y b\u0103m x\u01a1 d\u1eeba B300<\/h2>\n<p><iframe loading=\"lazy\" title=\"C\u00f4ng Ty B\u00ecnh Minh: M\u00e1y B\u0103m X\u01a1 D\u1eeba B300 Gi\u1edbi Thi\u1ec7u Ho\u1ea1t \u0110\u1ed9ng\" width=\"1020\" height=\"574\" src=\"https:\/\/www.youtube.com\/embed\/krYdYHoqcOc?feature=oembed\" frameborder=\"0\" allow=\"accelerometer; autoplay; clipboard-write; encrypted-media; gyroscope; picture-in-picture; web-share\" allowfullscreen><\/iframe><\/p>\n<h2>Gi\u1edbi thi\u1ec7u m\u00e1y b\u0103m x\u01a1 d\u1eeba B300<\/h2>\n<p>M\u00e1y b\u0103m x\u01a1 d\u1eeba B300 l\u00e0 d\u00f2ng s\u1ea3n ph\u1ea9m \u0111\u01b0\u1ee3c c\u00f4ng ty B\u00ecnh Minh s\u1ea3n xu\u1ea5t ra \u0111\u1ec3 \u0111\u00e1p \u1ee9ng nhu c\u1ea7u b\u0103m s\u1ed1 l\u01b0\u1ee3ng l\u1edbn v\u1ecf d\u1eeba th\u00e0nh d\u1ea1ng m\u00f9n d\u1eeba.<\/p>\n<figure id=\"attachment_8284\" aria-describedby=\"caption-attachment-8284\" style=\"width: 800px\" class=\"wp-caption aligncenter\"><img loading=\"lazy\" decoding=\"async\" class=\"wp-image-8284 size-full\" src=\"https:\/\/congtybinhminh.com\/wp-content\/uploads\/2023\/04\/may-bam-xo-dua-B300-8.webp\" alt=\"\" width=\"800\" height=\"600\" srcset=\"https:\/\/congtybinhminh.com\/wp-content\/uploads\/2023\/04\/may-bam-xo-dua-B300-8.webp 800w, https:\/\/congtybinhminh.com\/wp-content\/uploads\/2023\/04\/may-bam-xo-dua-B300-8-510x383.webp 510w, https:\/\/congtybinhminh.com\/wp-content\/uploads\/2023\/04\/may-bam-xo-dua-B300-8-533x400.webp 533w, https:\/\/congtybinhminh.com\/wp-content\/uploads\/2023\/04\/may-bam-xo-dua-B300-8-768x576.webp 768w\" sizes=\"auto, (max-width: 800px) 100vw, 800px\" \/><figcaption id=\"caption-attachment-8284\" class=\"wp-caption-text\">M\u00e1y b\u0103m x\u01a1 d\u1eeba B300<\/figcaption><\/figure>\n<p>S\u1eed d\u1ee5ng m\u00e1y g\u00f3p ph\u1ea7n gi\u00fap b\u00e0 con ti\u1ebft ki\u1ec7m th\u1eddi gian v\u00e0 c\u00f4ng s\u1ee9c c\u0169ng nh\u01b0 chi ph\u00ed thu\u00ea nh\u00e2n c\u00f4ng.<\/p>\n<h2>\u01afu \u0111i\u1ec3m c\u1ee7a m\u00e1y b\u0103m x\u01a1 d\u1eeba B300<\/h2>\n<p>M\u00e1y \u0111\u01b0\u1ee3c thi\u1ebft k\u1ebf nh\u1ecf g\u1ecdn, ti\u1ec7n l\u1ee3i, r\u1ea5t thu\u1eadn ti\u1ec7n cho qu\u00e1 tr\u00ecnh s\u1eed d\u1ee5ng<\/p>\n<p>M\u00e1y b\u0103m x\u01a1 d\u1eeba B300 l\u1eafp \u0111\u1eb7t \u0111\u1ed9ng c\u01a1 3,5 kw, ngu\u1ed3n \u0111i\u1ec7n 220v 1 pha cho n\u0103ng su\u1ea5t cao t\u1eeb 200-250kg\/gi\u1edd. D\u00f2ng m\u00e1y ph\u00f9 h\u1ee3p v\u1edbi m\u1ecdi h\u1ed9 gia \u0111\u00ecnh.<\/p>\n<figure id=\"attachment_8289\" aria-describedby=\"caption-attachment-8289\" style=\"width: 800px\" class=\"wp-caption aligncenter\"><img loading=\"lazy\" decoding=\"async\" class=\"wp-image-8289 size-full\" src=\"https:\/\/congtybinhminh.com\/wp-content\/uploads\/2023\/04\/Dong-co-1.webp\" alt=\"\" width=\"800\" height=\"600\" srcset=\"https:\/\/congtybinhminh.com\/wp-content\/uploads\/2023\/04\/Dong-co-1.webp 800w, https:\/\/congtybinhminh.com\/wp-content\/uploads\/2023\/04\/Dong-co-1-510x383.webp 510w, https:\/\/congtybinhminh.com\/wp-content\/uploads\/2023\/04\/Dong-co-1-533x400.webp 533w, https:\/\/congtybinhminh.com\/wp-content\/uploads\/2023\/04\/Dong-co-1-768x576.webp 768w\" sizes=\"auto, (max-width: 800px) 100vw, 800px\" \/><figcaption id=\"caption-attachment-8289\" class=\"wp-caption-text\">\u0110\u1ed9ng c\u01a1<\/figcaption><\/figure>\n<p>C\u1ea5u t\u1ea1o m\u00e1y \u0111\u01a1n gi\u1ea3n gi\u00fap b\u00e0 con d\u1ec5 d\u00e0ng v\u1eadn h\u00e0nh, ch\u1ec9 c\u1ea7n 1 nh\u00e2n c\u00f4ng \u0111\u1ee9ng v\u1eadn h\u00e0nh m\u00e1y l\u00e0 c\u00f3 th\u1ec3 \u0111\u1ea1t hi\u1ec7u qu\u1ea3 l\u00e0m vi\u1ec7c cao.<\/p>\n<p>Th\u00e0nh ph\u1ea9m sau khi b\u0103m xong c\u00f3 th\u1ec3 \u1ee9ng d\u1ee5ng trong n\u00f4ng nghi\u1ec7p, ch\u0103n nu\u00f4i, trong ng\u00e0nh ngh\u1ec1 th\u1ee7 c\u00f4ng.<\/p>\n<p><img loading=\"lazy\" decoding=\"async\" class=\"size-full wp-image-7963 aligncenter\" src=\"https:\/\/congtybinhminh.com\/wp-content\/uploads\/2023\/04\/Thanh-pham-10.webp\" alt=\"\" width=\"800\" height=\"400\" srcset=\"https:\/\/congtybinhminh.com\/wp-content\/uploads\/2023\/04\/Thanh-pham-10.webp 800w, https:\/\/congtybinhminh.com\/wp-content\/uploads\/2023\/04\/Thanh-pham-10-510x255.webp 510w, https:\/\/congtybinhminh.com\/wp-content\/uploads\/2023\/04\/Thanh-pham-10-768x384.webp 768w\" sizes=\"auto, (max-width: 800px) 100vw, 800px\" \/><\/p>\n<ul>\n<li>Gi\u00e1 th\u1ec3 tr\u1ed3ng c\u00e2y<\/li>\n<li>L\u00e0m \u0111\u1ec7m l\u00f3t chu\u1ed3ng sinh h\u1ecdc<\/li>\n<li>L\u00e0m ph\u00e2n b\u00f3n c\u1ea3i t\u1ea1o \u0111\u1ea5t tr\u1ed3ng<\/li>\n<li>D\u00f9ng \u0111\u1ec3 t\u1ea1o n\u00ean nh\u1eefng s\u1ea3n ph\u1ea9m th\u1ee7 c\u00f4ng m\u1ef9 ngh\u1ec7 v\u00f4 c\u00f9ng \u0111\u1eb9p m\u1eaft.<\/li>\n<\/ul>\n<h2>C\u1ea5u t\u1ea1o chi ti\u1ebft m\u00e1y b\u0103m x\u01a1 d\u1eeba B300<\/h2>\n<h3 id=\"ftoc-heading-6\" class=\"ftwp-heading\">C\u1ea5u t\u1ea1o chung<\/h3>\n<p>Thi\u1ebft k\u1ebf v\u1edbi ki\u1ec3u d\u00e1ng hi\u1ec7n \u0111\u1ea1i, khung m\u00e1y ch\u1eafc ch\u1eafn\u00a0 gi\u00fap gi\u1ea3m thi\u1ec3u rung l\u1eafc v\u00e0 ti\u1ebfng \u1ed3n trong qu\u00e1 tr\u00ecnh m\u00e1y ho\u1ea1t \u0111\u1ed9ng. M\u00e1y \u0111\u01b0\u1ee3c l\u1eafp \u0111\u1eb7t h\u1ec7 th\u1ed1ng b\u00e1nh xe gi\u00fap ng\u01b0\u1eddi d\u00f9ng d\u1ec5 d\u00e0ng di chuy\u1ec3n m\u00e1y.<\/p>\n<figure id=\"attachment_8282\" aria-describedby=\"caption-attachment-8282\" style=\"width: 800px\" class=\"wp-caption aligncenter\"><img loading=\"lazy\" decoding=\"async\" class=\"wp-image-8282 size-full\" src=\"https:\/\/congtybinhminh.com\/wp-content\/uploads\/2023\/04\/may-bam-xo-dua-B300-7.webp\" alt=\"\" width=\"800\" height=\"600\" srcset=\"https:\/\/congtybinhminh.com\/wp-content\/uploads\/2023\/04\/may-bam-xo-dua-B300-7.webp 800w, https:\/\/congtybinhminh.com\/wp-content\/uploads\/2023\/04\/may-bam-xo-dua-B300-7-510x383.webp 510w, https:\/\/congtybinhminh.com\/wp-content\/uploads\/2023\/04\/may-bam-xo-dua-B300-7-533x400.webp 533w, https:\/\/congtybinhminh.com\/wp-content\/uploads\/2023\/04\/may-bam-xo-dua-B300-7-768x576.webp 768w\" sizes=\"auto, (max-width: 800px) 100vw, 800px\" \/><figcaption id=\"caption-attachment-8282\" class=\"wp-caption-text\">C\u1ea5u t\u1ea1o m\u00e1y<\/figcaption><\/figure>\n<h3>Toa n\u1ea1p v\u00e0 c\u1eeda x\u1ea3<\/h3>\n<p>Ph\u1ea7n toa n\u1ea1p nguy\u00ean li\u1ec7u \u0111\u01b0\u1ee3c thi\u1ebft k\u1ebf d\u1ea1ng ph\u1ec5u to r\u1ed9ng v\u1edbi k\u00edch th\u01b0\u1edbc CD 36 * CR 36cm, gi\u00fap cho vi\u1ec7c \u0111\u01b0a nguy\u00ean li\u1ec7u v\u00e0o bu\u1ed3ng b\u0103m m\u1ed9t c\u00e1ch d\u1ec5 d\u00e0ng<\/p>\n<figure id=\"attachment_8285\" aria-describedby=\"caption-attachment-8285\" style=\"width: 800px\" class=\"wp-caption aligncenter\"><img loading=\"lazy\" decoding=\"async\" class=\"wp-image-8285 size-full\" src=\"https:\/\/congtybinhminh.com\/wp-content\/uploads\/2023\/04\/toa-nap-nguyen-lieu-4.webp\" alt=\"\" width=\"800\" height=\"600\" srcset=\"https:\/\/congtybinhminh.com\/wp-content\/uploads\/2023\/04\/toa-nap-nguyen-lieu-4.webp 800w, https:\/\/congtybinhminh.com\/wp-content\/uploads\/2023\/04\/toa-nap-nguyen-lieu-4-510x383.webp 510w, https:\/\/congtybinhminh.com\/wp-content\/uploads\/2023\/04\/toa-nap-nguyen-lieu-4-533x400.webp 533w, https:\/\/congtybinhminh.com\/wp-content\/uploads\/2023\/04\/toa-nap-nguyen-lieu-4-768x576.webp 768w\" sizes=\"auto, (max-width: 800px) 100vw, 800px\" \/><figcaption id=\"caption-attachment-8285\" class=\"wp-caption-text\">Toa n\u1ea1p<\/figcaption><\/figure>\n<p>Ph\u1ea7n c\u1eeda x\u1ea3 \u0111\u01b0\u1ee3c thi\u1ebft k\u1ebf bu\u00f4ng th\u1eb3ng t\u1eeb bu\u1ed3ng l\u00e0m vi\u1ec7c xu\u1ed1ng gi\u00fap cho nguy\u00ean li\u1ec7u sau khi b\u0103m d\u1ec5 d\u00e0ng di chuy\u1ec3n ra b\u00ean ngo\u00e0i, kh\u00f4ng lo b\u1ecb t\u1eafc ngh\u1ebdn.<\/p>\n<figure id=\"attachment_8286\" aria-describedby=\"caption-attachment-8286\" style=\"width: 800px\" class=\"wp-caption aligncenter\"><img loading=\"lazy\" decoding=\"async\" class=\"wp-image-8286 size-full\" src=\"https:\/\/congtybinhminh.com\/wp-content\/uploads\/2023\/04\/Cua-xa-thanh-pham-3.webp\" alt=\"\" width=\"800\" height=\"600\" srcset=\"https:\/\/congtybinhminh.com\/wp-content\/uploads\/2023\/04\/Cua-xa-thanh-pham-3.webp 800w, https:\/\/congtybinhminh.com\/wp-content\/uploads\/2023\/04\/Cua-xa-thanh-pham-3-510x383.webp 510w, https:\/\/congtybinhminh.com\/wp-content\/uploads\/2023\/04\/Cua-xa-thanh-pham-3-533x400.webp 533w, https:\/\/congtybinhminh.com\/wp-content\/uploads\/2023\/04\/Cua-xa-thanh-pham-3-768x576.webp 768w\" sizes=\"auto, (max-width: 800px) 100vw, 800px\" \/><figcaption id=\"caption-attachment-8286\" class=\"wp-caption-text\">C\u1eeda x\u1ea3<\/figcaption><\/figure>\n<h3>Bu\u1ed3ng l\u00e0m vi\u1ec7c<\/h3>\n<p>\u0110\u01b0\u1ee3c trang b\u1ecb h\u1ec7 th\u1ed1ng dao b\u0103m g\u1ed3m 4 dao b\u0103m b\u0103m ph\u1ee5 d\u00e0y 8 ly c\u00f9ng 3 dao b\u0103m 2 l\u01b0\u1ee1i ch\u00ednh d\u00e0y 8 ly v\u00e0 2 dao k\u00ea c\u1ed1 \u0111\u1ecbnh d\u00e0i 24cm. Dao b\u0103m c\u00f3 \u0111\u1ed9 b\u1ec1n cao, ch\u1ed1ng m\u00e0i m\u00f2n t\u1ed1t, l\u00e0m gi\u1ea3m qu\u00e1 tr\u00ecnh b\u1ecb hao m\u00f2n trong qu\u00e1 tr\u00ecnh s\u1eed d\u1ee5ng.<\/p>\n<figure id=\"attachment_8287\" aria-describedby=\"caption-attachment-8287\" style=\"width: 800px\" class=\"wp-caption aligncenter\"><img loading=\"lazy\" decoding=\"async\" class=\"wp-image-8287 size-full\" src=\"https:\/\/congtybinhminh.com\/wp-content\/uploads\/2023\/04\/Buong-lam-viec.webp\" alt=\"\" width=\"800\" height=\"600\" srcset=\"https:\/\/congtybinhminh.com\/wp-content\/uploads\/2023\/04\/Buong-lam-viec.webp 800w, https:\/\/congtybinhminh.com\/wp-content\/uploads\/2023\/04\/Buong-lam-viec-510x383.webp 510w, https:\/\/congtybinhminh.com\/wp-content\/uploads\/2023\/04\/Buong-lam-viec-533x400.webp 533w, https:\/\/congtybinhminh.com\/wp-content\/uploads\/2023\/04\/Buong-lam-viec-768x576.webp 768w\" sizes=\"auto, (max-width: 800px) 100vw, 800px\" \/><figcaption id=\"caption-attachment-8287\" class=\"wp-caption-text\">Bu\u1ed3ng l\u00e0m vi\u1ec7c<\/figcaption><\/figure>\n<p>K\u1ebft h\u1ee3p v\u1edbi 1 m\u1eb7t s\u00e0ng \u0111\u01b0\u1ee3c g\u1eafn ngay d\u01b0\u1edbi h\u1ec7 th\u1ed1ng b\u0103m gi\u00fap s\u00e0ng l\u1ecdc v\u00e0 ch\u1ec9 cho ph\u00e9p c\u00e1c m\u1ea9u v\u1ee5n c\u00f3 k\u00edch th\u01b0\u1edbc nh\u1ecf t\u01b0\u01a1ng \u1ee9ng \u0111i qua, cho th\u00e0nh ph\u1ea9m \u0111\u1ed3ng \u0111\u1ec1u.<\/p>\n<p>(K\u00edch th\u01b0\u1edbc m\u1eb7t s\u00e0ng g\u1ed3m: 10 ly, 12ly, 16ly)<\/p>\n<h3>Aptomat<\/h3>\n<p>C\u00f4ng t\u1eafc aptomat \u0111\u01b0\u1ee3c l\u1eafp tr\u00ean th\u00e2n m\u00e1y \u0111\u1ea3m b\u1ea3o an to\u00e0n cho ng\u01b0\u1eddi d\u00f9ng. Vi\u1ec7c l\u1eafp aptomat c\u00f2n gi\u00fap b\u1ea3o v\u1ec7 m\u1ea1ch \u0111i\u1ec7n, ng\u0103n c\u00e1c tr\u01b0\u1eddng h\u1ee3p qu\u00e1 t\u1ea3i, ng\u1eaft m\u1ea1ch, s\u1ee5t \u00e1p, ch\u1ed1ng gi\u1eadt \u0111\u1ea3m b\u1ea3o an to\u00e0n cho ng\u01b0\u1eddi d\u00f9ng<\/p>\n<figure id=\"attachment_8288\" aria-describedby=\"caption-attachment-8288\" style=\"width: 800px\" class=\"wp-caption aligncenter\"><img loading=\"lazy\" decoding=\"async\" class=\"wp-image-8288 size-full\" src=\"https:\/\/congtybinhminh.com\/wp-content\/uploads\/2023\/04\/Aptomat-1.webp\" alt=\"\" width=\"800\" height=\"600\" srcset=\"https:\/\/congtybinhminh.com\/wp-content\/uploads\/2023\/04\/Aptomat-1.webp 800w, https:\/\/congtybinhminh.com\/wp-content\/uploads\/2023\/04\/Aptomat-1-510x383.webp 510w, https:\/\/congtybinhminh.com\/wp-content\/uploads\/2023\/04\/Aptomat-1-533x400.webp 533w, https:\/\/congtybinhminh.com\/wp-content\/uploads\/2023\/04\/Aptomat-1-768x576.webp 768w\" sizes=\"auto, (max-width: 800px) 100vw, 800px\" \/><figcaption id=\"caption-attachment-8288\" class=\"wp-caption-text\">Aptomat<\/figcaption><\/figure>\n<h2>Nh\u1eefng l\u01b0u \u00fd khi s\u1eed d\u1ee5ng m\u00e1y b\u0103m x\u01a1 d\u1eeba B300<\/h2>\n<p>\u0110\u1eb7t m\u00e1y tr\u00ean n\u1ec1n ph\u1eb3ng tr\u00e1nh g\u00e2y rung l\u1eafc trong qu\u00e1 tr\u00ecnh v\u1eadn h\u00e0nh, \u0111\u1ea3m b\u1ea3o ngu\u1ed3n \u0111i\u1ec7n \u0111\u1ee7 t\u1ea3i \u0111\u1ec3 ch\u1ea1y m\u00e1y<\/p>\n<p>Khi m\u00e1y ch\u1ea1y \u1ed5n \u0111\u1ecbnh ti\u1ebfn h\u00e0nh cho nguy\u00ean li\u1ec7u v\u00e0o toa<\/p>\n<p><img loading=\"lazy\" decoding=\"async\" class=\"aligncenter wp-image-8290 size-full\" src=\"https:\/\/congtybinhminh.com\/wp-content\/uploads\/2023\/04\/may-bam-xo-dua-B300-9.webp\" alt=\"\" width=\"800\" height=\"600\" srcset=\"https:\/\/congtybinhminh.com\/wp-content\/uploads\/2023\/04\/may-bam-xo-dua-B300-9.webp 800w, https:\/\/congtybinhminh.com\/wp-content\/uploads\/2023\/04\/may-bam-xo-dua-B300-9-510x383.webp 510w, https:\/\/congtybinhminh.com\/wp-content\/uploads\/2023\/04\/may-bam-xo-dua-B300-9-533x400.webp 533w, https:\/\/congtybinhminh.com\/wp-content\/uploads\/2023\/04\/may-bam-xo-dua-B300-9-768x576.webp 768w\" sizes=\"auto, (max-width: 800px) 100vw, 800px\" \/><\/p>\n<p>Sau khi b\u0103m xong, n\u00ean \u0111\u1ec3 m\u00e1y ch\u1ea1y kh\u00f4ng t\u1ea3i kho\u1ea3ng 15 \u2013 20 gi\u00e2y \u0111\u1ec3 c\u00e1c nguy\u00ean li\u1ec7u c\u00f2n s\u00f3t l\u1ea1i b\u00ean trong c\u00f3 th\u1ec3 \u0111\u01b0\u1ee3c x\u1ea3 h\u1ebft ra ngo\u00e0i<\/p>\n<p>Th\u01b0\u1eddng xuy\u00ean v\u1ec7 sinh m\u00e1y sau m\u1ed7i l\u1ea7n s\u1eed d\u1ee5ng, \u0111\u1ea3m b\u1ea3o m\u00e1y ho\u1ea1t \u0111\u1ed9ng b\u1ec1n b\u1ec9, l\u00e2u d\u00e0i.<\/p>\n<h2>Th\u00f4ng s\u1ed1 k\u1ef9 thu\u1eadt:<\/h2>\n<table border=\"1\" cellspacing=\"1\" cellpadding=\"1\">\n<tbody>\n<tr>\n<td>C\u00f4ng su\u1ea5t \u0111\u1ed9ng c\u01a1<\/td>\n<td>\u00a03,5 kw<\/td>\n<\/tr>\n<tr>\n<td>Ngu\u1ed3n \u0111i\u1ec7n<\/td>\n<td>220 ( V)<\/td>\n<\/tr>\n<tr>\n<td>T\u1ed1c \u0111\u1ed9 \u0111\u1ed9ng c\u01a1<\/td>\n<td>1400 ( v\/p)<\/td>\n<\/tr>\n<tr>\n<td>Nguy\u00ean b\u1ed9<\/td>\n<td>(kg)<\/td>\n<\/tr>\n<tr>\n<td>Kh\u00f4ng \u0111\u1ed9ng c\u01a1<\/td>\n<td>(kg)<\/td>\n<\/tr>\n<tr>\n<td>N\u0103ng su\u1ea5t<\/td>\n<td>200-250kg\/h<\/td>\n<\/tr>\n<tr>\n<td>K\u00edch th\u01b0\u1edbc ( D * C * R )<\/td>\n<td>85*109*82cm<\/td>\n<\/tr>\n<tr>\n<td>B\u1ea3o h\u00e0nh<\/td>\n<td>06 th\u00e1ng<\/td>\n<\/tr>\n<tr>\n<td>H\u00ecnh th\u1ee9c thanh to\u00e1n<\/td>\n<td><em><strong>Ti\u1ec1n m\u1eb7t ho\u1eb7c chuy\u1ec3n kho\u1ea3n<\/strong><\/em><\/td>\n<\/tr>\n<\/tbody>\n<\/table>\n","protected":false},"excerpt":{"rendered":"<p><strong>H\u00e3ng s\u1ea3n xu\u1ea5t:\u00a0<\/strong>B\u00ecnh Minh<\/p>\n<p><strong>C\u00f4ng su\u1ea5t \u0111\u1ed9ng c\u01a1:<\/strong> 3.5kw<\/p>\n<p><strong>Ngu\u1ed3n \u0111i\u1ec7n: <\/strong>220V<\/p>\n<p><strong>N\u0103ng su\u1ea5t:<\/strong> 200-250kg\/gi\u1edd<\/p>\n<p><strong>T\u1ed1c \u0111\u1ed9:<\/strong> 1400 v\/p<\/p>\n<p><strong>K\u00edch th\u01b0\u1edbc (CD*CC*CR): <\/strong>85*109*82cm<\/p>\n<p><strong>T\u00ednh n\u0103ng:<\/strong> M\u00e1y chuy\u00ean b\u0103m v\u1ecf d\u1eeba t\u01b0\u01a1i, v\u1ecf d\u1eeba kh\u00f4,\u2026 th\u00e0nh d\u1ea1ng m\u00f9n d\u1eeba<\/p>\n","protected":false},"featured_media":8283,"comment_status":"closed","ping_status":"closed","template":"","meta":[],"product_brand":[],"product_cat":[197],"product_tag":[],"class_list":{"0":"post-7955","1":"product","2":"type-product","3":"status-publish","4":"has-post-thumbnail","6":"product_cat-may-bam-xo-dua-2","8":"first","9":"instock","10":"shipping-taxable","11":"product-type-simple"},"_links":{"self":[{"href":"https:\/\/congtybinhminh.com\/index.php?rest_route=\/wp\/v2\/product\/7955","targetHints":{"allow":["GET"]}}],"collection":[{"href":"https:\/\/congtybinhminh.com\/index.php?rest_route=\/wp\/v2\/product"}],"about":[{"href":"https:\/\/congtybinhminh.com\/index.php?rest_route=\/wp\/v2\/types\/product"}],"replies":[{"embeddable":true,"href":"https:\/\/congtybinhminh.com\/index.php?rest_route=%2Fwp%2Fv2%2Fcomments&post=7955"}],"wp:featuredmedia":[{"embeddable":true,"href":"https:\/\/congtybinhminh.com\/index.php?rest_route=\/wp\/v2\/media\/8283"}],"wp:attachment":[{"href":"https:\/\/congtybinhminh.com\/index.php?rest_route=%2Fwp%2Fv2%2Fmedia&parent=7955"}],"wp:term":[{"taxonomy":"product_brand","embeddable":true,"href":"https:\/\/congtybinhminh.com\/index.php?rest_route=%2Fwp%2Fv2%2Fproduct_brand&post=7955"},{"taxonomy":"product_cat","embeddable":true,"href":"https:\/\/congtybinhminh.com\/index.php?rest_route=%2Fwp%2Fv2%2Fproduct_cat&post=7955"},{"taxonomy":"product_tag","embeddable":true,"href":"https:\/\/congtybinhminh.com\/index.php?rest_route=%2Fwp%2Fv2%2Fproduct_tag&post=7955"}],"curies":[{"name":"wp","href":"https:\/\/api.w.org\/{rel}","templated":true}]}}