{"id":7943,"date":"2023-04-21T16:45:39","date_gmt":"2023-04-21T09:45:39","guid":{"rendered":"https:\/\/congtybinhminh.com\/?post_type=product&#038;p=7943"},"modified":"2023-06-18T16:18:18","modified_gmt":"2023-06-18T09:18:18","slug":"may-bam-xo-dua-b350","status":"publish","type":"product","link":"https:\/\/congtybinhminh.com\/?product=may-bam-xo-dua-b350","title":{"rendered":"M\u00e1y b\u0103m x\u01a1 d\u1eeba B350"},"content":{"rendered":"<h2><span style=\"color: #000000\">Video ho\u1ea1t \u0111\u1ed9ng m\u00e1y b\u0103m x\u01a1 d\u1eeba B350<\/span><\/h2>\n<p><iframe loading=\"lazy\" title=\"C\u00f4ng Ty B\u00ecnh Minh: M\u00e1y B\u0103m X\u01a1 D\u1eeba B350 Chuy\u00ean B\u0103m X\u01a1 D\u1eeba\" width=\"1020\" height=\"574\" src=\"https:\/\/www.youtube.com\/embed\/whb0UsAb2oA?feature=oembed\" frameborder=\"0\" allow=\"accelerometer; autoplay; clipboard-write; encrypted-media; gyroscope; picture-in-picture; web-share\" allowfullscreen><\/iframe><\/p>\n<h2><span style=\"color: #000000\">Gi\u1edbi thi\u1ec7u m\u00e1y b\u0103m x\u01a1 d\u1eeba B350<\/span><\/h2>\n<p>M\u00e1y b\u0103m x\u01a1 d\u1eeba B350 l\u00e0 s\u1ea3n ph\u1ea9m do B\u00ecnh Minh tr\u1ef1c ti\u1ebfp s\u1ea3n xu\u1ea5t v\u00e0 ch\u1ebf t\u1ea1o ra v\u1edbi t\u00ednh n\u0103ng chuy\u00ean d\u00f9ng b\u0103m v\u1ecf d\u1eeba t\u01b0\u01a1i, kh\u00f4 th\u00e0nh d\u1ea1ng m\u00f9n d\u1eeba v\u1edbi s\u1ed1 l\u01b0\u1ee3ng l\u1edbn<\/p>\n<p><img loading=\"lazy\" decoding=\"async\" class=\"aligncenter wp-image-7949 size-full\" src=\"https:\/\/congtybinhminh.com\/wp-content\/uploads\/2023\/04\/May-bam-xo-dua-B350-Binh-Minh-5.webp\" alt=\"\" width=\"800\" height=\"600\" srcset=\"https:\/\/congtybinhminh.com\/wp-content\/uploads\/2023\/04\/May-bam-xo-dua-B350-Binh-Minh-5.webp 800w, https:\/\/congtybinhminh.com\/wp-content\/uploads\/2023\/04\/May-bam-xo-dua-B350-Binh-Minh-5-510x383.webp 510w, https:\/\/congtybinhminh.com\/wp-content\/uploads\/2023\/04\/May-bam-xo-dua-B350-Binh-Minh-5-533x400.webp 533w, https:\/\/congtybinhminh.com\/wp-content\/uploads\/2023\/04\/May-bam-xo-dua-B350-Binh-Minh-5-768x576.webp 768w\" sizes=\"auto, (max-width: 800px) 100vw, 800px\" \/><\/p>\n<p>S\u1eed d\u1ee5ng m\u00e1y gi\u00fap b\u00e0 con ti\u1ebft ki\u1ec7m th\u1eddi gian v\u00e0 c\u00f4ng s\u1ee9c, g\u00f3p ph\u1ea7n \u0111em l\u1ea1i hi\u1ec7u qu\u1ea3 cao.<\/p>\n<h2>\u01afu \u0111i\u1ec3m c\u1ee7a m\u00e1y b\u0103m x\u01a1 d\u1eeba B350<\/h2>\n<p>M\u00e1y \u0111\u01b0\u1ee3c l\u1eafp \u0111\u1eb7t \u0111\u1ed9ng c\u01a1 11kw, ngu\u1ed3n \u0111i\u1ec7n 380v-3pha, cho ra n\u0103ng su\u1ea5t v\u00f4 c\u00f9ng v\u01b0\u1ee3t tr\u1ed9i t\u1eeb 500 &#8211; 800kg\/gi\u1edd, th\u00edch h\u1ee3p v\u1edbi nh\u1eefng h\u1ed9 s\u1ea3n xu\u1ea5t quy m\u00f4 v\u1eeba v\u00e0 l\u1edbn.<\/p>\n<p>Th\u00e0nh ph\u1ea9m m\u00f9n d\u1eeba sau khi b\u0103m xong c\u00f3 th\u1ec3 d\u00f9ng l\u00e0m gi\u00e1 th\u1ec3 tr\u1ed3ng c\u00e2y, tr\u1ed3ng lan, l\u00e0m nh\u1eefng s\u1ea3n ph\u1ea9m th\u1ee7 c\u00f4ng m\u1ef9 ngh\u1ec7 v\u1edbi gi\u00e1 tr\u1ecb cao.<\/p>\n<p>&nbsp;<\/p>\n<p>V\u1edbi thi\u1ebft k\u1ebf hi\u1ec7n \u0111\u1ea1i, d\u1ec5 d\u00e0ng s\u1eed d\u1ee5ng, ch\u1ec9 c\u1ea7n 1 nh\u00e2n c\u00f4ng \u0111\u1ee9ng v\u1eadn h\u00e0nh m\u00e1y, gi\u00fap ti\u1ebft ki\u1ec7m nh\u00e2n c\u00f4ng lao \u0111\u1ed9ng.<\/p>\n<h2><span style=\"color: #000000\">C\u1ea5u t\u1ea1o m\u00e1y b\u0103m x\u01a1 d\u1eeba B350<\/span><\/h2>\n<h3><span style=\"color: #000000\">Khung m\u00e1y ch\u1eafc ch\u1eafn\u00a0<\/span><\/h3>\n<p>M\u00e1y \u0111\u01b0\u1ee3c thi\u1ebft k\u1ebf hi\u1ec7n \u0111\u1ea1i, khung m\u00e1y \u0111\u01b0\u1ee3c h\u00e0n g\u1eafn ch\u1eafc ch\u1eafn gi\u00fap h\u1ea1n ch\u1ebf rung l\u1eafc trong qu\u00e1 tr\u00ecnh v\u1eadn h\u00e0nh. T\u1ed5ng tr\u1ecdng l\u01b0\u1ee3ng c\u1ee7a m\u00e1y l\u00ean \u0111\u1ebfn 462kg.<\/p>\n<p><img loading=\"lazy\" decoding=\"async\" class=\"aligncenter wp-image-8029 size-full\" src=\"https:\/\/congtybinhminh.com\/wp-content\/uploads\/2023\/04\/Cau-tao-may-bam-xo-dua-B350-1.webp\" alt=\"\" width=\"800\" height=\"600\" srcset=\"https:\/\/congtybinhminh.com\/wp-content\/uploads\/2023\/04\/Cau-tao-may-bam-xo-dua-B350-1.webp 800w, https:\/\/congtybinhminh.com\/wp-content\/uploads\/2023\/04\/Cau-tao-may-bam-xo-dua-B350-1-510x383.webp 510w, https:\/\/congtybinhminh.com\/wp-content\/uploads\/2023\/04\/Cau-tao-may-bam-xo-dua-B350-1-533x400.webp 533w, https:\/\/congtybinhminh.com\/wp-content\/uploads\/2023\/04\/Cau-tao-may-bam-xo-dua-B350-1-768x576.webp 768w\" sizes=\"auto, (max-width: 800px) 100vw, 800px\" \/><\/p>\n<h3><span style=\"font-size: 85%;color: #000000\">Toa n\u1ea1p nguy\u00ean li\u1ec7u<\/span><\/h3>\n<p>Toa n\u1ea1p \u0111\u01b0\u1ee3c thi\u1ebft k\u1ebf r\u1ed9ng r\u00e3i n\u1ed1i li\u1ec1n tr\u1ef1c ti\u1ebfp v\u1edbi bu\u1ed3ng l\u00e0m vi\u1ec7c. B\u00ean tr\u00ean toa n\u1ea1p \u0111\u01b0\u1ee3c trang b\u1ecb n\u1eafp \u0111\u1eady gi\u00fap nguy\u00ean li\u1ec7u kh\u00f4ng b\u1ecb v\u0103ng ra ngo\u00e0i khi ho\u1ea1t \u0111\u1ed9ng.<\/p>\n<p><img loading=\"lazy\" decoding=\"async\" class=\"aligncenter wp-image-7950 size-full\" src=\"https:\/\/congtybinhminh.com\/wp-content\/uploads\/2023\/04\/Toa-nap-nguyen-lieu-may-bam-xo-dua-B350.webp\" alt=\"\" width=\"800\" height=\"600\" srcset=\"https:\/\/congtybinhminh.com\/wp-content\/uploads\/2023\/04\/Toa-nap-nguyen-lieu-may-bam-xo-dua-B350.webp 800w, https:\/\/congtybinhminh.com\/wp-content\/uploads\/2023\/04\/Toa-nap-nguyen-lieu-may-bam-xo-dua-B350-510x383.webp 510w, https:\/\/congtybinhminh.com\/wp-content\/uploads\/2023\/04\/Toa-nap-nguyen-lieu-may-bam-xo-dua-B350-533x400.webp 533w, https:\/\/congtybinhminh.com\/wp-content\/uploads\/2023\/04\/Toa-nap-nguyen-lieu-may-bam-xo-dua-B350-768x576.webp 768w\" sizes=\"auto, (max-width: 800px) 100vw, 800px\" \/><\/p>\n<h3><span style=\"color: #000000\"><span style=\"font-size: 85%\">Bu\u1ed3ng l\u00e0m vi\u1ec7c<\/span>\u00a0<\/span><\/h3>\n<p><span style=\"color: #000000\">\u0110\u01b0\u1ee3c trang b\u1ecb h\u1ec7 th\u1ed1ng dao b\u0103m g\u1ed3m 6 l\u01b0\u1ee1i dao c\u00f9ng c\u00e1nh \u0111\u1ea9y b\u0103m nh\u1ecf nguy\u00ean li\u1ec7u. Dao b\u0103m c\u00f3 \u0111\u1ed9 b\u1ec1n cao, ch\u1ed1ng m\u00e0i m\u00f2n t\u1ed1t, l\u00e0m gi\u1ea3m qu\u00e1 tr\u00ecnh b\u1ecb hao m\u00f2n trong qu\u00e1 tr\u00ecnh s\u1eed d\u1ee5ng.<\/span><\/p>\n<p><img loading=\"lazy\" decoding=\"async\" class=\"aligncenter wp-image-8085 size-full\" src=\"https:\/\/congtybinhminh.com\/wp-content\/uploads\/2023\/04\/Buong-bam.webp\" alt=\"\" width=\"800\" height=\"600\" srcset=\"https:\/\/congtybinhminh.com\/wp-content\/uploads\/2023\/04\/Buong-bam.webp 800w, https:\/\/congtybinhminh.com\/wp-content\/uploads\/2023\/04\/Buong-bam-510x383.webp 510w, https:\/\/congtybinhminh.com\/wp-content\/uploads\/2023\/04\/Buong-bam-533x400.webp 533w, https:\/\/congtybinhminh.com\/wp-content\/uploads\/2023\/04\/Buong-bam-768x576.webp 768w\" sizes=\"auto, (max-width: 800px) 100vw, 800px\" \/><\/p>\n<p>&nbsp;<\/p>\n<p><span style=\"color: #000000\">K\u1ebft h\u1ee3p v\u1edbi m\u1eb7t s\u00e0ng \u0111\u01b0\u1ee3c g\u1eafn ngay d\u01b0\u1edbi h\u1ec7 th\u1ed1ng b\u0103m gi\u00fap s\u00e0ng l\u1ecdc v\u00e0 ch\u1ec9 cho ph\u00e9p c\u00e1c m\u1ea9u v\u1ee5n c\u00f3 k\u00edch th\u01b0\u1edbc nh\u1ecf t\u01b0\u01a1ng \u1ee9ng \u0111i qua, cho th\u00e0nh ph\u1ea9m \u0111\u1ed3ng \u0111\u1ec1u.<\/span><\/p>\n<h3><span style=\"font-size: 85%;color: #000000\">C\u1eeda x\u1ea3 th\u00e0nh ph\u1ea9m<\/span><\/h3>\n<p>Ph\u1ea7n c\u1eeda x\u1ea3 \u0111\u01b0\u1ee3c thi\u1ebft k\u1ebf bu\u00f4ng th\u1eb3ng t\u1eeb bu\u1ed3ng l\u00e0m vi\u1ec7c xu\u1ed1ng gi\u00fap cho nguy\u00ean li\u1ec7u sau khi b\u0103m d\u1ec5 d\u00e0ng di chuy\u1ec3n ra b\u00ean ngo\u00e0i, kh\u00f4ng lo b\u1ecb t\u1eafc ngh\u1ebdn.<\/p>\n<p><img loading=\"lazy\" decoding=\"async\" class=\"aligncenter wp-image-7952 size-full\" src=\"https:\/\/congtybinhminh.com\/wp-content\/uploads\/2023\/04\/Cua-xa-thanh-pham-may-bam-xo-dua-B350.webp\" alt=\"\" width=\"800\" height=\"600\" srcset=\"https:\/\/congtybinhminh.com\/wp-content\/uploads\/2023\/04\/Cua-xa-thanh-pham-may-bam-xo-dua-B350.webp 800w, https:\/\/congtybinhminh.com\/wp-content\/uploads\/2023\/04\/Cua-xa-thanh-pham-may-bam-xo-dua-B350-510x383.webp 510w, https:\/\/congtybinhminh.com\/wp-content\/uploads\/2023\/04\/Cua-xa-thanh-pham-may-bam-xo-dua-B350-533x400.webp 533w, https:\/\/congtybinhminh.com\/wp-content\/uploads\/2023\/04\/Cua-xa-thanh-pham-may-bam-xo-dua-B350-768x576.webp 768w\" sizes=\"auto, (max-width: 800px) 100vw, 800px\" \/><\/p>\n<h2><span style=\"color: #000000\">Nh\u1eefng l\u01b0u \u00fd khi s\u1eed d\u1ee5ng m\u00e1y b\u0103m x\u01a1 d\u1eeba B350<\/span><\/h2>\n<p><span style=\"color: #000000\">\u0110\u1eb7t m\u00e1y tr\u00ean n\u1ec1n ph\u1eb3ng tr\u00e1nh g\u00e2y rung l\u1eafc trong qu\u00e1 tr\u00ecnh v\u1eadn h\u00e0nh, \u0111\u1ea3m b\u1ea3o ngu\u1ed3n \u0111i\u1ec7n \u0111\u1ee7 t\u1ea3i \u0111\u1ec3 ch\u1ea1y m\u00e1y<\/span><\/p>\n<p><span style=\"color: #000000\">Khi m\u00e1y ch\u1ea1y \u1ed5n \u0111\u1ecbnh ti\u1ebfn h\u00e0nh cho nguy\u00ean li\u1ec7u v\u00e0o toa, \u0111\u1eady n\u1eafp ch\u1eafn \u0111\u1ec3 h\u1ea1n ch\u1ebf th\u00e0nh ph\u1ea9m b\u1eafn ra ngo\u00e0i<\/span><\/p>\n<p><img loading=\"lazy\" decoding=\"async\" class=\"aligncenter wp-image-7953 size-full\" src=\"https:\/\/congtybinhminh.com\/wp-content\/uploads\/2023\/04\/May-bam-xo-dua-B350.webp\" alt=\"\" width=\"800\" height=\"600\" srcset=\"https:\/\/congtybinhminh.com\/wp-content\/uploads\/2023\/04\/May-bam-xo-dua-B350.webp 800w, https:\/\/congtybinhminh.com\/wp-content\/uploads\/2023\/04\/May-bam-xo-dua-B350-510x383.webp 510w, https:\/\/congtybinhminh.com\/wp-content\/uploads\/2023\/04\/May-bam-xo-dua-B350-533x400.webp 533w, https:\/\/congtybinhminh.com\/wp-content\/uploads\/2023\/04\/May-bam-xo-dua-B350-768x576.webp 768w\" sizes=\"auto, (max-width: 800px) 100vw, 800px\" \/><\/p>\n<p><span style=\"color: #000000\">Sau khi b\u0103m xong, n\u00ean \u0111\u1ec3 m\u00e1y ch\u1ea1y kh\u00f4ng t\u1ea3i kho\u1ea3ng 15 &#8211; 20 gi\u00e2y \u0111\u1ec3 c\u00e1c nguy\u00ean li\u1ec7u c\u00f2n s\u00f3t l\u1ea1i b\u00ean trong c\u00f3 th\u1ec3 \u0111\u01b0\u1ee3c x\u1ea3 h\u1ebft ra ngo\u00e0i<\/span><\/p>\n<p>Th\u01b0\u1eddng xuy\u00ean v\u1ec7 sinh m\u00e1y sau m\u1ed7i l\u1ea7n s\u1eed d\u1ee5ng, \u0111\u1ea3m b\u1ea3o m\u00e1y ho\u1ea1t \u0111\u1ed9ng b\u1ec1n b\u1ec9, l\u00e2u d\u00e0i.<\/p>\n<h2>Th\u00f4ng s\u1ed1 k\u1ef9 thu\u1eadt:<\/h2>\n<table border=\"1\" cellspacing=\"1\" cellpadding=\"1\">\n<tbody>\n<tr>\n<td>C\u00f4ng su\u1ea5t \u0111\u1ed9ng c\u01a1<\/td>\n<td>\u00a011 kw<\/td>\n<\/tr>\n<tr>\n<td>Ngu\u1ed3n \u0111i\u1ec7n<\/td>\n<td>380 ( V)<\/td>\n<\/tr>\n<tr>\n<td>T\u1ed1c \u0111\u1ed9 \u0111\u1ed9ng c\u01a1<\/td>\n<td>1450 ( v\/p)<\/td>\n<\/tr>\n<tr>\n<td>Nguy\u00ean b\u1ed9<\/td>\n<td>\u00a0(kg)<\/td>\n<\/tr>\n<tr>\n<td>Kh\u00f4ng \u0111\u1ed9ng c\u01a1<\/td>\n<td>\u00a0(kg)<\/td>\n<\/tr>\n<tr>\n<td>N\u0103ng su\u1ea5t<\/td>\n<td>500-800kg\/h<\/td>\n<\/tr>\n<tr>\n<td>K\u00edch th\u01b0\u1edbc ( D * C * R )<\/td>\n<td>130*143*84cm<\/td>\n<\/tr>\n<tr>\n<td>B\u1ea3o h\u00e0nh<\/td>\n<td>06 th\u00e1ng<\/td>\n<\/tr>\n<tr>\n<td>H\u00ecnh th\u1ee9c thanh to\u00e1n<\/td>\n<td><em><strong>Ti\u1ec1n m\u1eb7t ho\u1eb7c chuy\u1ec3n kho\u1ea3n\u00a0<\/strong><\/em><\/td>\n<\/tr>\n<\/tbody>\n<\/table>\n","protected":false},"excerpt":{"rendered":"<p><strong>H\u00e3ng s\u1ea3n xu\u1ea5t:\u00a0<\/strong>B\u00ecnh Minh<\/p>\n<p><strong>C\u00f4ng su\u1ea5t \u0111\u1ed9ng c\u01a1:<\/strong> 11kw<\/p>\n<p><strong>Ngu\u1ed3n \u0111i\u1ec7n: <\/strong>380V<\/p>\n<p><strong>N\u0103ng su\u1ea5t:<\/strong> 500-800kg\/gi\u1edd<\/p>\n<p><strong>T\u1ed1c \u0111\u1ed9:<\/strong>\u00a01450 v\/p<\/p>\n<p><strong>K\u00edch th\u01b0\u1edbc (CD*CC*CR): <\/strong>130*143*84cm<\/p>\n<p><strong>T\u00ednh n\u0103ng:<\/strong> M\u00e1y chuy\u00ean b\u0103m v\u1ecf d\u1eeba t\u01b0\u01a1i, v\u1ecf d\u1eeba kh\u00f4,\u2026 th\u00e0nh d\u1ea1ng m\u00f9n d\u1eeba<\/p>\n","protected":false},"featured_media":7944,"comment_status":"closed","ping_status":"closed","template":"","meta":[],"product_brand":[],"product_cat":[197],"product_tag":[],"class_list":{"0":"post-7943","1":"product","2":"type-product","3":"status-publish","4":"has-post-thumbnail","6":"product_cat-may-bam-xo-dua-2","8":"first","9":"instock","10":"shipping-taxable","11":"product-type-simple"},"_links":{"self":[{"href":"https:\/\/congtybinhminh.com\/index.php?rest_route=\/wp\/v2\/product\/7943","targetHints":{"allow":["GET"]}}],"collection":[{"href":"https:\/\/congtybinhminh.com\/index.php?rest_route=\/wp\/v2\/product"}],"about":[{"href":"https:\/\/congtybinhminh.com\/index.php?rest_route=\/wp\/v2\/types\/product"}],"replies":[{"embeddable":true,"href":"https:\/\/congtybinhminh.com\/index.php?rest_route=%2Fwp%2Fv2%2Fcomments&post=7943"}],"wp:featuredmedia":[{"embeddable":true,"href":"https:\/\/congtybinhminh.com\/index.php?rest_route=\/wp\/v2\/media\/7944"}],"wp:attachment":[{"href":"https:\/\/congtybinhminh.com\/index.php?rest_route=%2Fwp%2Fv2%2Fmedia&parent=7943"}],"wp:term":[{"taxonomy":"product_brand","embeddable":true,"href":"https:\/\/congtybinhminh.com\/index.php?rest_route=%2Fwp%2Fv2%2Fproduct_brand&post=7943"},{"taxonomy":"product_cat","embeddable":true,"href":"https:\/\/congtybinhminh.com\/index.php?rest_route=%2Fwp%2Fv2%2Fproduct_cat&post=7943"},{"taxonomy":"product_tag","embeddable":true,"href":"https:\/\/congtybinhminh.com\/index.php?rest_route=%2Fwp%2Fv2%2Fproduct_tag&post=7943"}],"curies":[{"name":"wp","href":"https:\/\/api.w.org\/{rel}","templated":true}]}}