{"id":7929,"date":"2023-04-21T14:39:35","date_gmt":"2023-04-21T07:39:35","guid":{"rendered":"https:\/\/congtybinhminh.com\/?post_type=product&#038;p=7929"},"modified":"2024-04-03T16:31:14","modified_gmt":"2024-04-03T09:31:14","slug":"may-bam-go-manh-2t-dau-no","status":"publish","type":"product","link":"https:\/\/congtybinhminh.com\/?product=may-bam-go-manh-2t-dau-no","title":{"rendered":"M\u00e1y b\u0103m g\u1ed7 m\u1ea3nh 2T \u0111\u1ea7u n\u1ed5"},"content":{"rendered":"<h2>Video ho\u1ea1t \u0111\u1ed9ng c\u1ee7a m\u00e1y b\u0103m g\u1ed7 m\u1ea3nh 2T \u0111\u1ea7u n\u1ed5<\/h2>\n<p><iframe loading=\"lazy\" title=\"Ch\u1ea1y C\u00f9ng L\u00fac 2 Phi\u00ean B\u1ea3n M\u00e1y B\u0103m G\u1ed7 M\u1ea3nh 2T B\u00ecnh Minh Theo Y\u00eau C\u1ea7u Kh\u00e1ch H\u00e0ng\" width=\"1020\" height=\"574\" src=\"https:\/\/www.youtube.com\/embed\/tuMBvWiMKb4?feature=oembed\" frameborder=\"0\" allow=\"accelerometer; autoplay; clipboard-write; encrypted-media; gyroscope; picture-in-picture; web-share\" referrerpolicy=\"strict-origin-when-cross-origin\" allowfullscreen><\/iframe><\/p>\n<h2>Gi\u1edbi thi\u1ec7u m\u00e1y b\u0103m g\u1ed7 m\u1ea3nh 2T \u0111\u1ea7u n\u1ed5<\/h2>\n<p>M\u00e1y b\u0103m g\u1ed7 m\u1ea3nh 2T \u0111\u1ea7u n\u1ed5 l\u00e0 d\u00f2ng s\u1ea3n ph\u1ea9m c\u1ee7a c\u00f4ng ty B\u00ecnh Minh tr\u1ef1c ti\u1ebfp ch\u1ebf t\u1ea1o v\u00e0 s\u1ea3n xu\u1ea5t ra. \u0110\u00e2y l\u00e0 phi\u00ean b\u1ea3n c\u1ea3i ti\u1ebfn c\u1ee7a d\u00f2ng m\u00e1y b\u0103m g\u1ed7 m\u1ea3nh 2T ch\u1ea1y \u0111\u1ed9ng c\u01a1.<\/p>\n<p><img loading=\"lazy\" decoding=\"async\" class=\"aligncenter wp-image-7935 size-full\" src=\"https:\/\/congtybinhminh.com\/wp-content\/uploads\/2023\/04\/May-bam-go-manh-2T-dau-no-Binh-Minh-5.webp\" alt=\"\" width=\"800\" height=\"600\" srcset=\"https:\/\/congtybinhminh.com\/wp-content\/uploads\/2023\/04\/May-bam-go-manh-2T-dau-no-Binh-Minh-5.webp 800w, https:\/\/congtybinhminh.com\/wp-content\/uploads\/2023\/04\/May-bam-go-manh-2T-dau-no-Binh-Minh-5-510x383.webp 510w, https:\/\/congtybinhminh.com\/wp-content\/uploads\/2023\/04\/May-bam-go-manh-2T-dau-no-Binh-Minh-5-533x400.webp 533w, https:\/\/congtybinhminh.com\/wp-content\/uploads\/2023\/04\/May-bam-go-manh-2T-dau-no-Binh-Minh-5-768x576.webp 768w\" sizes=\"auto, (max-width: 800px) 100vw, 800px\" \/><\/p>\n<p>V\u1edbi phi\u00ean b\u1ea3n \u0111\u1ea7u n\u1ed5, b\u00e0 con c\u00f3 th\u1ec3 s\u1eed d\u1ee5ng m\u00e1y \u1edf m\u1ecdi n\u01a1i, k\u1ec3 c\u1ea3 \u1edf nh\u1eefng n\u01a1i kh\u00f4ng c\u00f3 \u0111i\u1ec7n.<\/p>\n<h2>Nh\u1eefng \u01b0u \u0111i\u1ec3m khi s\u1eed d\u1ee5ng m\u00e1y b\u0103m g\u1ed7 m\u1ea3nh 2T \u0111\u1ea7u n\u1ed5<\/h2>\n<p>M\u00e1y c\u00f3 th\u1ec3 b\u0103m \u0111\u01b0\u1ee3c g\u1ed7 t\u01b0\u01a1i v\u00e0 kh\u00f4, \u0111\u01b0\u1eddng k\u00ednh c\u00e0nh c\u00f3 k\u00edch th\u01b0\u1edbc d\u01b0\u1edbi 10cm.<\/p>\n<p>S\u1eed d\u1ee5ng \u0111\u01a1n gi\u1ea3n ch\u1ec9 v\u1edbi 1 \u0111\u1ebfn 2 nh\u00e2n c\u00f4ng v\u1eadn h\u00e0nh t\u1eeb \u0111\u00f3 g\u00f3p ph\u1ea7n ti\u1ebft ki\u1ec7m chi ph\u00ed thu\u00ea nh\u00e2n c\u00f4ng<\/p>\n<p><img loading=\"lazy\" decoding=\"async\" class=\"aligncenter wp-image-7936 size-full\" src=\"https:\/\/congtybinhminh.com\/wp-content\/uploads\/2023\/04\/Thanh-pham-9.webp\" alt=\"\" width=\"800\" height=\"600\" srcset=\"https:\/\/congtybinhminh.com\/wp-content\/uploads\/2023\/04\/Thanh-pham-9.webp 800w, https:\/\/congtybinhminh.com\/wp-content\/uploads\/2023\/04\/Thanh-pham-9-510x383.webp 510w, https:\/\/congtybinhminh.com\/wp-content\/uploads\/2023\/04\/Thanh-pham-9-533x400.webp 533w, https:\/\/congtybinhminh.com\/wp-content\/uploads\/2023\/04\/Thanh-pham-9-768x576.webp 768w\" sizes=\"auto, (max-width: 800px) 100vw, 800px\" \/><\/p>\n<p>V\u1edbi phi\u00ean b\u1ea3n ch\u1ea1y \u0111\u1ea7u n\u1ed5, thu\u1eadn ti\u1ec7n cho vi\u1ec7c di chuy\u1ec3n v\u00e0 l\u1eafp \u0111\u1eb7t m\u00e1y m\u00e0 kh\u00f4ng ph\u1ea3i lo l\u1eafng v\u1ec1 v\u1ea5n \u0111\u1ec1 \u0111i\u1ec7n y\u1ebfu hay kh\u00f4ng \u0111\u1ee7 t\u1ea3i.<\/p>\n<p>M\u00e1y cho n\u0103ng su\u1ea5t v\u00f4 c\u00f9ng hi\u1ec7u qu\u1ea3, g\u00f3p ph\u1ea7n n\u00e2ng cao hi\u1ec7u qu\u1ea3 kinh t\u1ebf.<\/p>\n<h2>C\u1ea5u t\u1ea1o chi ti\u1ebft m\u00e1y b\u0103m g\u1ed7 m\u1ea3nh 2T \u0111\u1ea7u n\u1ed5<\/h2>\n<h3>C\u1ea5u t\u1ea1o chung<\/h3>\n<p>Thi\u1ebft k\u1ebf khung m\u00e1y nh\u1ecf g\u1ecdn, kh\u00f4ng chi\u1ebfm qu\u00e1 nhi\u1ec1u di\u1ec7n t\u00edch x\u01b0\u1edfng s\u1ea3n xu\u1ea5t, b\u1ec7 m\u00e1y ch\u1eafc ch\u1eafn h\u1ea1n ch\u1ebf s\u1ef1 rung l\u1eafc khi m\u00e1y ho\u1ea1t \u0111\u1ed9ng. C\u00f9ng v\u1edbi \u0111\u00f3 l\u00e0 h\u1ec7 th\u1ed1ng 4 b\u00e1nh xe ti\u1ec7n l\u1ee3i cho vi\u1ec7c di chuy\u1ec3n l\u1eafp \u0111\u1eb7t m\u00e1y d\u1ec5 d\u00e0ng.<\/p>\n<p><img loading=\"lazy\" decoding=\"async\" class=\"aligncenter wp-image-7933 size-full\" src=\"https:\/\/congtybinhminh.com\/wp-content\/uploads\/2023\/04\/Cau-tao-may-3.webp\" alt=\"\" width=\"800\" height=\"600\" srcset=\"https:\/\/congtybinhminh.com\/wp-content\/uploads\/2023\/04\/Cau-tao-may-3.webp 800w, https:\/\/congtybinhminh.com\/wp-content\/uploads\/2023\/04\/Cau-tao-may-3-510x383.webp 510w, https:\/\/congtybinhminh.com\/wp-content\/uploads\/2023\/04\/Cau-tao-may-3-533x400.webp 533w, https:\/\/congtybinhminh.com\/wp-content\/uploads\/2023\/04\/Cau-tao-may-3-768x576.webp 768w\" sizes=\"auto, (max-width: 800px) 100vw, 800px\" \/><\/p>\n<h3 id=\"ftoc-heading-6\" class=\"ftwp-heading\">C\u1eeda n\u1ea1p nguy\u00ean li\u1ec7u<\/h3>\n<p>Thi\u1ebft k\u1ebf d\u1ea1ng ph\u1ec5u vu\u00f4ng, n\u1ea1p nguy\u00ean li\u1ec7u v\u00e0o g\u00f3c ch\u00e9o t\u1ea1o \u0111\u1ed9 v\u00e1t gi\u00fap dao b\u0103m d\u1ec5 d\u00e0ng b\u0103m nguy\u00ean li\u1ec7u th\u00e0nh nh\u1eefng m\u1ea3nh nh\u1ecf nhanh ch\u00f3ng.<\/p>\n<p><img loading=\"lazy\" decoding=\"async\" class=\"aligncenter wp-image-7937 size-full\" src=\"https:\/\/congtybinhminh.com\/wp-content\/uploads\/2023\/04\/Toa-nap-2.webp\" alt=\"\" width=\"800\" height=\"600\" srcset=\"https:\/\/congtybinhminh.com\/wp-content\/uploads\/2023\/04\/Toa-nap-2.webp 800w, https:\/\/congtybinhminh.com\/wp-content\/uploads\/2023\/04\/Toa-nap-2-510x383.webp 510w, https:\/\/congtybinhminh.com\/wp-content\/uploads\/2023\/04\/Toa-nap-2-533x400.webp 533w, https:\/\/congtybinhminh.com\/wp-content\/uploads\/2023\/04\/Toa-nap-2-768x576.webp 768w\" sizes=\"auto, (max-width: 800px) 100vw, 800px\" \/><\/p>\n<h3 id=\"ftoc-heading-7\" class=\"ftwp-heading size-full wp-image-11503 aligncenter\">Bu\u1ed3ng l\u00e0m vi\u1ec7c<\/h3>\n<p>H\u1ec7 th\u1ed1ng dao b\u0103m \u0111\u01b0\u1ee3c trang b\u1ecb 4 l\u01b0\u1ee1i dao b\u0103m d\u00e0y d\u1eb7n v\u00e0 ch\u1eafc ch\u1eafn, \u0111\u01b0\u1ee3c l\u1eafp c\u1ed1 \u0111\u1ecbnh tr\u00ean 1 \u0111\u0129a \u0111\u00e0 v\u00e0 l\u01b0\u1ee1i dao \u0111\u01b0\u1ee3c l\u00e0m b\u1eb1ng h\u1ee3p kim 9XC c\u00f3 \u0111\u1ed9 b\u1ec1n cao.<\/p>\n<p><img loading=\"lazy\" decoding=\"async\" class=\"aligncenter wp-image-7938 size-full\" src=\"https:\/\/congtybinhminh.com\/wp-content\/uploads\/2023\/04\/Buong-dao-bam.webp\" alt=\"\" width=\"800\" height=\"600\" srcset=\"https:\/\/congtybinhminh.com\/wp-content\/uploads\/2023\/04\/Buong-dao-bam.webp 800w, https:\/\/congtybinhminh.com\/wp-content\/uploads\/2023\/04\/Buong-dao-bam-510x383.webp 510w, https:\/\/congtybinhminh.com\/wp-content\/uploads\/2023\/04\/Buong-dao-bam-533x400.webp 533w, https:\/\/congtybinhminh.com\/wp-content\/uploads\/2023\/04\/Buong-dao-bam-768x576.webp 768w\" sizes=\"auto, (max-width: 800px) 100vw, 800px\" \/><\/p>\n<h3 id=\"ftoc-heading-8\" class=\"ftwp-heading size-full wp-image-11504 aligncenter\">C\u1eeda ra th\u00e0nh ph\u1ea9m<\/h3>\n<p>\u0110\u01b0\u1ee3c thi\u1ebft k\u1ebf d\u1ea1ng c\u1ed5 cao, \u0111\u1ed9 phun xa t\u1eeb 1 \u2013 2m ti\u1ec7n l\u1ee3i cho vi\u1ec7c thu gom th\u00e0nh ph\u1ea9m t\u1ea1i ch\u1ed7. Nguy\u00ean li\u1ec7u sau khi \u0111\u01b0\u1ee3c b\u0103m nh\u1ecf s\u1ebd \u0111\u01b0\u1ee3c c\u00e1c c\u00e1nh \u0111\u00e0 \u0111\u1ea9y th\u00e0nh ph\u1ea9m phun qua c\u1eeda x\u1ea3.<\/p>\n<p><img loading=\"lazy\" decoding=\"async\" class=\"aligncenter wp-image-7939 size-full\" src=\"https:\/\/congtybinhminh.com\/wp-content\/uploads\/2023\/04\/Cua-xa-thanh-pham-2.webp\" alt=\"\" width=\"800\" height=\"600\" srcset=\"https:\/\/congtybinhminh.com\/wp-content\/uploads\/2023\/04\/Cua-xa-thanh-pham-2.webp 800w, https:\/\/congtybinhminh.com\/wp-content\/uploads\/2023\/04\/Cua-xa-thanh-pham-2-510x383.webp 510w, https:\/\/congtybinhminh.com\/wp-content\/uploads\/2023\/04\/Cua-xa-thanh-pham-2-533x400.webp 533w, https:\/\/congtybinhminh.com\/wp-content\/uploads\/2023\/04\/Cua-xa-thanh-pham-2-768x576.webp 768w\" sizes=\"auto, (max-width: 800px) 100vw, 800px\" \/><\/p>\n<h3 id=\"ftoc-heading-9\" class=\"ftwp-heading\">S\u1eed d\u1ee5ng \u0111\u1ea7u n\u1ed5 ti\u1ec7n l\u1ee3i<\/h3>\n<p>M\u00e1y b\u0103m g\u1ed7 m\u1ea3nh 2T s\u1eed d\u1ee5ng \u0111\u1ea7u n\u1ed5 24HP cho n\u0103ng su\u1ea5t cao t\u1eeb 1 \u2013 1.5 t\u1ea5n\/gi\u1edd, ng\u01b0\u1eddi s\u1eed d\u1ee5ng c\u00f3 th\u1ec3 v\u1eadn h\u00e0nh m\u00e1y \u1edf m\u1ecdi n\u01a1i m\u00e0 kh\u00f4ng c\u1ea7n ph\u1ee5 thu\u1ed9c v\u00e0o ngu\u1ed3n \u0111i\u1ec7n hay lo \u0111i\u1ec7n y\u1ebfu kh\u00f4ng \u0111\u1ee7 t\u1ea3i.<\/p>\n<p><img loading=\"lazy\" decoding=\"async\" class=\"aligncenter wp-image-7940 size-full\" src=\"https:\/\/congtybinhminh.com\/wp-content\/uploads\/2023\/04\/Dau-no-tien-loi.webp\" alt=\"\" width=\"800\" height=\"600\" srcset=\"https:\/\/congtybinhminh.com\/wp-content\/uploads\/2023\/04\/Dau-no-tien-loi.webp 800w, https:\/\/congtybinhminh.com\/wp-content\/uploads\/2023\/04\/Dau-no-tien-loi-510x383.webp 510w, https:\/\/congtybinhminh.com\/wp-content\/uploads\/2023\/04\/Dau-no-tien-loi-533x400.webp 533w, https:\/\/congtybinhminh.com\/wp-content\/uploads\/2023\/04\/Dau-no-tien-loi-768x576.webp 768w\" sizes=\"auto, (max-width: 800px) 100vw, 800px\" \/><\/p>\n<h2>Nguy\u00ean l\u00fd ho\u1ea1t \u0111\u1ed9ng c\u1ee7a m\u00e1y b\u0103m g\u1ed7 m\u1ea3nh 2T \u0111\u1ea7u n\u1ed5<\/h2>\n<p>\u0110\u1ea7u n\u1ed5 24Hp s\u1ebd truy\u1ec1n chuy\u1ec3n \u0111\u1ed9ng qua d\u00e2y curoa \u0111i t\u1edbi buly c\u1ee7a m\u00e1y, h\u1ec7 th\u1ed1ng buly s\u1ebd \u0111\u1ed3ng th\u1eddi k\u00e9o tr\u1ee5c m\u00e1y v\u00e0 \u0111\u0129a \u0111\u00e0 quay theo c\u00f9ng v\u1edbi 1 t\u1ed1c \u0111\u1ed9 nh\u1ea5t \u0111\u1ecbnh.<\/p>\n<p>T\u1eeb \u0111\u00f3, khi cho nguy\u00ean li\u1ec7u v\u00e0o qua c\u1eeda n\u1ea1p, c\u00e1c thanh g\u1ed7 s\u1ebd \u0111\u01b0\u1ee3c h\u1ec7 th\u1ed1ng dao b\u0103m b\u0103m v\u00e1t v\u1edbi g\u00f3c 45 \u0111\u1ed9 t\u1ea1o th\u00e0nh ph\u1ea9m d\u1ea1ng m\u1ea3nh v\u00e0 c\u00e1c c\u00e1nh \u0111\u1ea9y s\u1ebd \u0111\u1ea9y th\u00e0nh ph\u1ea9m phun qua c\u1eeda x\u1ea3 ra ngo\u00e0i.<\/p>\n<h2>Nh\u1eefng l\u01b0u \u00fd khi s\u1eed d\u1ee5ng m\u00e1y b\u0103m g\u1ed7 m\u1ea3nh 2T \u0111\u1ea7u n\u1ed5<\/h2>\n<p>Ki\u1ec3m tra bu\u1ed3ng b\u0103m tr\u00e1nh d\u1ecb v\u1eadt c\u1ee9ng, kim lo\u1ea1i r\u01a1i v\u00e0o bu\u1ed3ng b\u0103m l\u00e0m h\u1ecfng, m\u1ebb dao b\u0103m.<\/p>\n<p>Cho m\u00e1y ch\u1ea1y kh\u00f4ng t\u1ea3i kho\u1ea3ng 30s r\u1ed3i cho nguy\u00ean li\u1ec7u c\u1ea7n b\u0103m v\u00e0o theo c\u1eeda n\u1ea1p.<\/p>\n<p><img loading=\"lazy\" decoding=\"async\" class=\"aligncenter wp-image-7941 size-full\" src=\"https:\/\/congtybinhminh.com\/wp-content\/uploads\/2023\/04\/Vu-tra-mo.webp\" alt=\"\" width=\"800\" height=\"600\" srcset=\"https:\/\/congtybinhminh.com\/wp-content\/uploads\/2023\/04\/Vu-tra-mo.webp 800w, https:\/\/congtybinhminh.com\/wp-content\/uploads\/2023\/04\/Vu-tra-mo-510x383.webp 510w, https:\/\/congtybinhminh.com\/wp-content\/uploads\/2023\/04\/Vu-tra-mo-533x400.webp 533w, https:\/\/congtybinhminh.com\/wp-content\/uploads\/2023\/04\/Vu-tra-mo-768x576.webp 768w\" sizes=\"auto, (max-width: 800px) 100vw, 800px\" \/><\/p>\n<p>V\u1ec7 sinh kh\u00f4 sau khi s\u1eed d\u1ee5ng m\u00e1y v\u00e0 th\u01b0\u1eddng xuy\u00ean tra d\u1ea7u m\u1ee1 v\u00e0o c\u00e1c g\u1ed1i bi \u0111\u1ec3 \u0111\u1ea3m b\u1ea3o ti\u1ebfn tr\u00ecnh m\u00e1y ho\u1ea1t \u0111\u1ed9ng l\u00e2u d\u00e0i.<\/p>\n<p>Trong qu\u00e1 tr\u00ecnh v\u1eadn h\u00e0nh m\u00e1y n\u1ebfu g\u1eb7p s\u1ef1 c\u1ed1 k\u1ef9 thu\u1eadt, li\u00ean h\u1ec7 tr\u1ef1c ti\u1ebfp t\u1edbi b\u1ed9 ph\u1eadn ch\u0103m s\u00f3c kh\u00e1ch h\u00e0ng c\u1ee7a c\u00f4ng ty \u0111\u1ec3 \u0111\u01b0\u1ee3c t\u01b0 v\u1ea5n k\u1ecbp th\u1eddi.<\/p>\n<p><strong>Th\u00f4ng s\u1ed1 k\u1ef9 thu\u1eadt\u00a0<\/strong><\/p>\n<table border=\"1\" cellspacing=\"1\" cellpadding=\"1\">\n<tbody>\n<tr>\n<td colspan=\"1\" rowspan=\"3\">\u0110\u1ed9ng c\u01a1<\/td>\n<td>C\u00f4ng su\u1ea5t \u0111\u1ea7u n\u1ed5<\/td>\n<td>\u00a0D24<\/td>\n<\/tr>\n<tr>\n<td>Ngu\u1ed3n \u0111i\u1ec7n<\/td>\n<td>V<\/td>\n<\/tr>\n<tr>\n<td>T\u1ed1c \u0111\u1ed9 m\u00e1y<\/td>\n<td>v\/p<\/td>\n<\/tr>\n<tr>\n<td colspan=\"1\" rowspan=\"2\">\u00a0Tr\u1ecdng l\u01b0\u1ee3ng m\u00e1y<\/td>\n<td>Nguy\u00ean b\u1ed9<\/td>\n<td>\u00a0370 kg<\/td>\n<\/tr>\n<tr>\n<td>Kh\u00f4ng \u0111\u1ea7u n\u1ed5<\/td>\n<td>\u00a0192 kg<\/td>\n<\/tr>\n<tr>\n<td colspan=\"1\" rowspan=\"2\">\u00a0B\u1ea3o h\u00e0nh<\/td>\n<td>\u00a0K\u1ef9 thu\u1eadt<\/td>\n<td>\u00a006 th\u00e1ng<\/td>\n<\/tr>\n<tr>\n<td>\u00a0\u0110\u1ed9ng c\u01a1<\/td>\n<td>\u00a0Theo t\u1eebng h\u00e3ng s\u1ea3n xu\u1ea5t<\/td>\n<\/tr>\n<tr>\n<td>N\u0103ng su\u1ea5t<\/td>\n<td colspan=\"2\" rowspan=\"1\">1000 \u2013 1500 kg\/gi\u1edd<\/td>\n<\/tr>\n<tr>\n<td>K\u00edch th\u01b0\u1edbc (D*C*R)<\/td>\n<td colspan=\"2\" rowspan=\"1\">214*134*60 cm<\/td>\n<\/tr>\n<tr>\n<td>\u00a0H\u00ecnh th\u1ee9c thanh to\u00e1n<\/td>\n<td colspan=\"2\" rowspan=\"1\">\u00a0Ti\u1ec1n m\u1eb7t ho\u1eb7c chuy\u1ec3n kho\u1ea3n<\/td>\n<\/tr>\n<\/tbody>\n<\/table>\n","protected":false},"excerpt":{"rendered":"<p>H\u00e3ng s\u1ea3n xu\u1ea5t: B\u00ecnh Minh<\/p>\n<p>C\u00f4ng su\u1ea5t \u0111\u1ea7u n\u1ed5: D24<\/p>\n<p>N\u0103ng su\u1ea5t: 1000 \u2013 1500 kg\/gi\u1edd<\/p>\n<p>Tr\u1ecdng l\u01b0\u1ee3ng (nguy\u00ean b\u1ed9): 370 kg<\/p>\n<p>K\u00edch th\u01b0\u1edbc (d*c*r): 214*134*60 cm<\/p>\n<p>T\u00ednh n\u0103ng: M\u00e1y chuy\u00ean b\u0103m g\u1ed7 m\u1ea9u. kh\u00fac g\u1ed7, g\u1ed7 th\u1ea3i\u2026 th\u00e0nh d\u1ea1ng d\u0103m g\u1ed7 m\u1ea3nh s\u1ed1 l\u01b0\u1ee3ng l\u1edbn,<\/p>\n","protected":false},"featured_media":9566,"comment_status":"closed","ping_status":"closed","template":"","meta":[],"product_brand":[],"product_cat":[41],"product_tag":[],"class_list":{"0":"post-7929","1":"product","2":"type-product","3":"status-publish","4":"has-post-thumbnail","6":"product_cat-may-bam-go","8":"first","9":"instock","10":"shipping-taxable","11":"product-type-simple"},"_links":{"self":[{"href":"https:\/\/congtybinhminh.com\/index.php?rest_route=\/wp\/v2\/product\/7929","targetHints":{"allow":["GET"]}}],"collection":[{"href":"https:\/\/congtybinhminh.com\/index.php?rest_route=\/wp\/v2\/product"}],"about":[{"href":"https:\/\/congtybinhminh.com\/index.php?rest_route=\/wp\/v2\/types\/product"}],"replies":[{"embeddable":true,"href":"https:\/\/congtybinhminh.com\/index.php?rest_route=%2Fwp%2Fv2%2Fcomments&post=7929"}],"wp:featuredmedia":[{"embeddable":true,"href":"https:\/\/congtybinhminh.com\/index.php?rest_route=\/wp\/v2\/media\/9566"}],"wp:attachment":[{"href":"https:\/\/congtybinhminh.com\/index.php?rest_route=%2Fwp%2Fv2%2Fmedia&parent=7929"}],"wp:term":[{"taxonomy":"product_brand","embeddable":true,"href":"https:\/\/congtybinhminh.com\/index.php?rest_route=%2Fwp%2Fv2%2Fproduct_brand&post=7929"},{"taxonomy":"product_cat","embeddable":true,"href":"https:\/\/congtybinhminh.com\/index.php?rest_route=%2Fwp%2Fv2%2Fproduct_cat&post=7929"},{"taxonomy":"product_tag","embeddable":true,"href":"https:\/\/congtybinhminh.com\/index.php?rest_route=%2Fwp%2Fv2%2Fproduct_tag&post=7929"}],"curies":[{"name":"wp","href":"https:\/\/api.w.org\/{rel}","templated":true}]}}