{"id":7864,"date":"2023-04-18T07:48:41","date_gmt":"2023-04-18T00:48:41","guid":{"rendered":"https:\/\/congtybinhminh.com\/?post_type=product&#038;p=7864"},"modified":"2024-04-29T10:38:02","modified_gmt":"2024-04-29T03:38:02","slug":"may-tron-150-inox","status":"publish","type":"product","link":"https:\/\/congtybinhminh.com\/?product=may-tron-150-inox","title":{"rendered":"M\u00e1y tr\u1ed9n 150kg inox"},"content":{"rendered":"<h2>Video m\u00e1y tr\u1ed9n 150kg inox<\/h2>\n<p><iframe loading=\"lazy\" title=\"C\u00f4ng Ty B\u00ecnh Minh: M\u00e1y Tr\u1ed9n H\u1ed7n H\u1ee3p Th\u1ee9c \u0102n Ch\u0103n Nu\u00f4i MT150 C\u00f3 G\u00ec \u0110\u1eb7c Bi\u1ec7t?\" width=\"1020\" height=\"574\" src=\"https:\/\/www.youtube.com\/embed\/JwGBuxI9YJ4?feature=oembed\" frameborder=\"0\" allow=\"accelerometer; autoplay; clipboard-write; encrypted-media; gyroscope; picture-in-picture; web-share\" referrerpolicy=\"strict-origin-when-cross-origin\" allowfullscreen><\/iframe><\/p>\n<h2>Gi\u1edbi thi\u1ec7u m\u00e1y tr\u1ed9n 150kg inox<\/h2>\n<p>M\u00e1y tr\u1ed9n 150 inox l\u00e0 s\u1ea3n ph\u1ea9m do B\u00ecnh Minh tr\u1ef1c ti\u1ebfp ch\u1ebf t\u1ea1o v\u00e0 s\u1ea3n xu\u1ea5t ra v\u1edbi mong mu\u1ed1n gi\u1ea3m thi\u1ec3u s\u1ee9c lao \u0111\u1ed9ng c\u1ee7a b\u00e0 con. M\u00e1y gi\u00fap b\u00e0 con tr\u1ed9n \u0111\u1ec1u s\u1ed1 l\u01b0\u1ee3ng l\u1edbn nguy\u00ean li\u1ec7u m\u1ed9t c\u00e1ch nhanh ch\u00f3ng, hi\u1ec7u qu\u1ea3.<\/p>\n<p><img loading=\"lazy\" decoding=\"async\" class=\"aligncenter wp-image-9669 size-full\" src=\"https:\/\/congtybinhminh.com\/wp-content\/uploads\/2023\/04\/may-tron-inox_result222.webp\" alt=\"may-tron-inox_result222\" width=\"800\" height=\"600\" srcset=\"https:\/\/congtybinhminh.com\/wp-content\/uploads\/2023\/04\/may-tron-inox_result222.webp 800w, https:\/\/congtybinhminh.com\/wp-content\/uploads\/2023\/04\/may-tron-inox_result222-533x400.webp 533w, https:\/\/congtybinhminh.com\/wp-content\/uploads\/2023\/04\/may-tron-inox_result222-768x576.webp 768w, https:\/\/congtybinhminh.com\/wp-content\/uploads\/2023\/04\/may-tron-inox_result222-510x383.webp 510w\" sizes=\"auto, (max-width: 800px) 100vw, 800px\" \/><\/p>\n<p>M\u00e1y c\u00f3 nhi\u1ec7m v\u1ee5 tr\u1ed9n \u0111\u1ec1u c\u00e1c lo\u1ea1i b\u1ed9t ng\u00f4, b\u1ed9t g\u1ea1o hay b\u1ed9t s\u1eafn, c\u1ecf kh\u00f4, cua, c\u00e1, \u1ed1c&#8230;.v\u00e0 c\u00e1c nguy\u00ean li\u1ec7u kh\u00e1c th\u00e0nh h\u1ed7n h\u1ee3p \u0111\u1ea7y \u0111\u1ee7 ch\u1ea5t dinh d\u01b0\u1ee1ng cho v\u1eadt nu\u00f4i.<\/p>\n<h2>\u01afu \u0111i\u1ec3m c\u1ee7a m\u00e1y tr\u1ed9n 150kg inox<\/h2>\n<p>M\u00e1y c\u00f3 th\u1ec3 \u0111\u1ea3o tr\u1ed9n nhi\u1ec1u lo\u1ea1i nguy\u00ean li\u1ec7u nh\u01b0: b\u1ed9t m\u00ec, b\u1ed9t ng\u00f4, b\u1ed9t n\u1edf,\u2026ph\u1ee5c v\u1ee5 cho ng\u00e0nh ch\u1ebf bi\u1ebfn th\u1ef1c ph\u1ea9m<\/p>\n<figure id=\"attachment_7874\" aria-describedby=\"caption-attachment-7874\" style=\"width: 800px\" class=\"wp-caption aligncenter\"><img loading=\"lazy\" decoding=\"async\" class=\"wp-image-7874 size-full\" src=\"https:\/\/congtybinhminh.com\/wp-content\/uploads\/2023\/04\/Buong-tron-bot.webp\" alt=\"\" width=\"800\" height=\"600\" srcset=\"https:\/\/congtybinhminh.com\/wp-content\/uploads\/2023\/04\/Buong-tron-bot.webp 800w, https:\/\/congtybinhminh.com\/wp-content\/uploads\/2023\/04\/Buong-tron-bot-510x383.webp 510w, https:\/\/congtybinhminh.com\/wp-content\/uploads\/2023\/04\/Buong-tron-bot-533x400.webp 533w, https:\/\/congtybinhminh.com\/wp-content\/uploads\/2023\/04\/Buong-tron-bot-768x576.webp 768w\" sizes=\"auto, (max-width: 800px) 100vw, 800px\" \/><figcaption id=\"caption-attachment-7874\" class=\"wp-caption-text\">Bu\u1ed3ng tr\u1ed9n b\u1ed9t<\/figcaption><\/figure>\n<p>Ho\u1eb7c c\u00f3 th\u1ec3 s\u1eed d\u1ee5ng \u0111\u1ec3 \u0111\u1ea3o tr\u1ed9n c\u00e1c lo\u1ea1i nguy\u00ean li\u1ec7u b\u1ed9t c\u00e1m ph\u1ee5c v\u1ee5 cho ng\u00e0nh ch\u0103n nu\u00f4i.<\/p>\n<p>M\u00e1y v\u1edbi thi\u1ebft k\u1ebf hi\u1ec7n \u0111\u1ea1i, ti\u1ec7n l\u1ee3i b\u00e0 con ho\u00e0n to\u00e0n c\u00f3 th\u1ec3 v\u1eadn h\u00e0nh m\u00e1y m\u1ed9t c\u00e1ch d\u1ec5 d\u00e0ng.<\/p>\n<h2>C\u1ea5u t\u1ea1o m\u00e1y<\/h2>\n<p>M\u00e1y tr\u1ed9n 150kg inox v\u1edbi thi\u1ebft k\u1ebf d\u1ea1ng tr\u1ed9n ngang hi\u1ec7n \u0111\u1ea1i, to\u00e0n b\u1ed9 m\u00e1y \u0111\u01b0\u1ee3c l\u00e0m b\u1eb1ng ch\u1ea5t li\u1ec7u inox cao c\u1ea5p, v\u1eeba \u0111\u1ea3m b\u1ea3o v\u1ec7 sinh v\u1eeba k\u00e9o d\u00e0i th\u1eddi gian s\u1eed d\u1ee5ng m\u00e1y.<\/p>\n<p><img loading=\"lazy\" decoding=\"async\" class=\"aligncenter wp-image-7869 size-full\" src=\"https:\/\/congtybinhminh.com\/wp-content\/uploads\/2023\/04\/cau-tao-may-1.webp\" alt=\"\" width=\"800\" height=\"600\" srcset=\"https:\/\/congtybinhminh.com\/wp-content\/uploads\/2023\/04\/cau-tao-may-1.webp 800w, https:\/\/congtybinhminh.com\/wp-content\/uploads\/2023\/04\/cau-tao-may-1-510x383.webp 510w, https:\/\/congtybinhminh.com\/wp-content\/uploads\/2023\/04\/cau-tao-may-1-533x400.webp 533w, https:\/\/congtybinhminh.com\/wp-content\/uploads\/2023\/04\/cau-tao-may-1-768x576.webp 768w\" sizes=\"auto, (max-width: 800px) 100vw, 800px\" \/><\/p>\n<p>Khung m\u00e1y \u0111\u01b0\u1ee3c h\u00e0n g\u1eafn ch\u1eafc ch\u1eafn, \u0111\u1ea3m b\u1ea3o kh\u00f4ng g\u00e2y rung l\u1eafc trong qu\u00e1 tr\u00ecnh m\u00e1y ho\u1ea1t \u0111\u1ed9ng. L\u1eafp \u0111\u1eb7t 4 b\u00e1nh xe \u0111\u1ea9y thu\u1eadn ti\u1ec7n cho vi\u1ec7c di chuy\u1ec3n m\u00e1y \u0111\u1ebfn m\u1ecdi n\u01a1i.<\/p>\n<p><img loading=\"lazy\" decoding=\"async\" class=\"aligncenter wp-image-7871 size-full\" src=\"https:\/\/congtybinhminh.com\/wp-content\/uploads\/2023\/04\/may-tron-inox-2.webp\" alt=\"\" width=\"800\" height=\"600\" srcset=\"https:\/\/congtybinhminh.com\/wp-content\/uploads\/2023\/04\/may-tron-inox-2.webp 800w, https:\/\/congtybinhminh.com\/wp-content\/uploads\/2023\/04\/may-tron-inox-2-510x383.webp 510w, https:\/\/congtybinhminh.com\/wp-content\/uploads\/2023\/04\/may-tron-inox-2-533x400.webp 533w, https:\/\/congtybinhminh.com\/wp-content\/uploads\/2023\/04\/may-tron-inox-2-768x576.webp 768w\" sizes=\"auto, (max-width: 800px) 100vw, 800px\" \/><\/p>\n<p>Bu\u1ed3ng l\u00e0m vi\u1ec7c r\u1ed9ng r\u00e3i v\u1edbi k\u00edch th\u01b0\u1edbc chi\u1ec1u d\u00e0i 121 cm * chi\u1ec1u r\u1ed9ng 91 cm, bu\u1ed3ng l\u00e0m vi\u1ec7c c\u00f3 th\u1ec3 ch\u1ee9a \u0111\u01b0\u1ee3c 150kg nguy\u00ean li\u1ec7u trong m\u1ed9t m\u1ebb tr\u1ed9n.<\/p>\n<p>Tru\u0323c xo\u0103\u0301n trong bu\u1ed3ng tr\u1ed9n se\u0303 quay tro\u0300n theo chuy\u00ea\u0309n \u0111\u00f4\u0323ng cu\u0309a d\u00e2y buly. Trong qua\u0301 tri\u0300nh l\u00e0m vi\u1ec7c, ca\u0301c ca\u0301nh xo\u0103\u0301n cu\u00f4\u0323n v\u00e0 \u0111a\u0309o \u0111\u00ea\u0300u nguy\u00ean li\u00ea\u0323u trong khoang.<\/p>\n<figure id=\"attachment_7872\" aria-describedby=\"caption-attachment-7872\" style=\"width: 800px\" class=\"wp-caption aligncenter\"><img loading=\"lazy\" decoding=\"async\" class=\"wp-image-7872 size-full\" src=\"https:\/\/congtybinhminh.com\/wp-content\/uploads\/2023\/04\/Buong-tron-nguyen-lieu-1.webp\" alt=\"Bu\u1ed3ng tr\u1ed9n nguy\u00ean li\u1ec7u\" width=\"800\" height=\"600\" srcset=\"https:\/\/congtybinhminh.com\/wp-content\/uploads\/2023\/04\/Buong-tron-nguyen-lieu-1.webp 800w, https:\/\/congtybinhminh.com\/wp-content\/uploads\/2023\/04\/Buong-tron-nguyen-lieu-1-510x383.webp 510w, https:\/\/congtybinhminh.com\/wp-content\/uploads\/2023\/04\/Buong-tron-nguyen-lieu-1-533x400.webp 533w, https:\/\/congtybinhminh.com\/wp-content\/uploads\/2023\/04\/Buong-tron-nguyen-lieu-1-768x576.webp 768w\" sizes=\"auto, (max-width: 800px) 100vw, 800px\" \/><figcaption id=\"caption-attachment-7872\" class=\"wp-caption-text\">Bu\u1ed3ng tr\u1ed9n nguy\u00ean li\u1ec7u<\/figcaption><\/figure>\n<p>C\u1eeda x\u1ea3 cho ra th\u00e0nh ph\u1ea9m nguy\u00ean li\u1ec7u \u0111\u01b0\u1ee3c ch\u1ebf t\u1ea1o ki\u1ec3u tay kh\u00f3a c\u00f3 t\u00e1c d\u1ee5ng \u0111\u00f3ng c\u1eeda x\u1ea3 l\u1ea1i khi m\u00e1y \u0111ang ho\u1ea1t \u0111\u1ed9ng, m\u1edf c\u1eeda x\u1ea3 \u0111\u1ec3 l\u1ea5y th\u00e0nh ph\u1ea9m.<\/p>\n<figure id=\"attachment_7873\" aria-describedby=\"caption-attachment-7873\" style=\"width: 800px\" class=\"wp-caption aligncenter\"><img loading=\"lazy\" decoding=\"async\" class=\"wp-image-7873 size-full\" src=\"https:\/\/congtybinhminh.com\/wp-content\/uploads\/2023\/04\/cua-xa-nguyen-lieu-1.webp\" alt=\"c\u1eeda x\u1ea3 nguy\u00ean li\u1ec7u\" width=\"800\" height=\"600\" srcset=\"https:\/\/congtybinhminh.com\/wp-content\/uploads\/2023\/04\/cua-xa-nguyen-lieu-1.webp 800w, https:\/\/congtybinhminh.com\/wp-content\/uploads\/2023\/04\/cua-xa-nguyen-lieu-1-510x383.webp 510w, https:\/\/congtybinhminh.com\/wp-content\/uploads\/2023\/04\/cua-xa-nguyen-lieu-1-533x400.webp 533w, https:\/\/congtybinhminh.com\/wp-content\/uploads\/2023\/04\/cua-xa-nguyen-lieu-1-768x576.webp 768w\" sizes=\"auto, (max-width: 800px) 100vw, 800px\" \/><figcaption id=\"caption-attachment-7873\" class=\"wp-caption-text\">c\u1eeda x\u1ea3 nguy\u00ean li\u1ec7u<\/figcaption><\/figure>\n<p>M\u00e1y tr\u1ed9n nguy\u00ean li\u1ec7u n\u1eb1m ngang inox 150kg\/m\u1ebb s\u1eed d\u1ee5ng \u0111\u1ed9ng c\u01a1 4kw, d\u00f9ng ngu\u1ed3n \u0111i\u1ec7n 380V (3 pha). N\u0103ng su\u1ea5t l\u00e0m vi\u1ec7c c\u1ee7a m\u00e1y \u0111\u1ea1t t\u1eeb 1000kg -1500kg\/h.<\/p>\n<h2>Nh\u1eefng l\u01b0u \u00fd khi s\u1eed d\u1ee5ng m\u00e1y<\/h2>\n<p>\u0110\u1eb7t m\u00e1y \u1edf nh\u1eefng n\u01a1i b\u1eb1ng ph\u1eb3ng, kh\u00f4 r\u00e1o, g\u1ea7n ngu\u1ed3n \u0111i\u1ec7n<\/p>\n<p>V\u1ec7 sinh m\u00e1y s\u1ea1ch s\u1ebd sau m\u1ed7i l\u1ea7n s\u1eed d\u1ee5ng, \u0111\u1ea3m b\u1ea3o m\u00e1y \u0111\u01b0\u1ee3c ho\u1ea1t \u0111\u1ed9ng b\u1ec1n b\u1ec9, l\u00e2u d\u00e0i.<\/p>\n<p><img loading=\"lazy\" decoding=\"async\" class=\"aligncenter wp-image-7875 size-full\" src=\"https:\/\/congtybinhminh.com\/wp-content\/uploads\/2023\/04\/Goi-bi-webp.webp\" alt=\"\" width=\"800\" height=\"600\" srcset=\"https:\/\/congtybinhminh.com\/wp-content\/uploads\/2023\/04\/Goi-bi-webp.webp 800w, https:\/\/congtybinhminh.com\/wp-content\/uploads\/2023\/04\/Goi-bi-webp-510x383.webp 510w, https:\/\/congtybinhminh.com\/wp-content\/uploads\/2023\/04\/Goi-bi-webp-533x400.webp 533w, https:\/\/congtybinhminh.com\/wp-content\/uploads\/2023\/04\/Goi-bi-webp-768x576.webp 768w\" sizes=\"auto, (max-width: 800px) 100vw, 800px\" \/><\/p>\n<p>Th\u01b0\u1eddng xuy\u00ean tra m\u1ee1 v\u00e0o c\u00e1c \u1ed5 bi \u0111\u1ec3 b\u1ea3o \u0111\u1ea3m ti\u1ebfn \u0111\u1ed9 ho\u1ea1t \u0111\u1ed9ng v\u00e0 k\u00e9o d\u00e0i tu\u1ed5i th\u1ecd m\u00e1y.<\/p>\n<h2>Th\u00f4ng s\u1ed1 k\u1ef9 thu\u1eadt<\/h2>\n<table border=\"1\" width=\"814\" cellspacing=\"1\" cellpadding=\"1\">\n<tbody>\n<tr>\n<td colspan=\"1\" rowspan=\"3\"><span style=\"color: #000000\">\u0110\u1ed9ng c\u01a1<\/span><\/td>\n<td><span style=\"color: #000000\">C\u00f4ng su\u1ea5t \u0111\u1ed9ng c\u01a1<\/span><\/td>\n<td><span style=\"color: #000000\">\u00a04 kw<\/span><\/td>\n<\/tr>\n<tr>\n<td><span style=\"color: #000000\">Ngu\u1ed3n \u0111i\u1ec7n<\/span><\/td>\n<td><span style=\"color: #000000\">\u00a0380 (V)<\/span><\/td>\n<\/tr>\n<tr>\n<td><span style=\"color: #000000\">T\u1ed1c \u0111\u1ed9<\/span><\/td>\n<td><span style=\"color: #000000\">1450 (v\/p)<\/span><\/td>\n<\/tr>\n<tr>\n<td colspan=\"1\" rowspan=\"2\"><span style=\"color: #000000\">Tr\u1ecdng l\u01b0\u1ee3ng m\u00e1y<\/span><\/td>\n<td><span style=\"color: #000000\">Nguy\u00ean b\u1ed9<\/span><\/td>\n<td><span style=\"color: #000000\">\u00a0 \u00a0 \u00a0 \u00a0 \u00a0 (kg)<\/span><\/td>\n<\/tr>\n<tr>\n<td><span style=\"color: #000000\">Kh\u00f4ng \u0111\u1ed9ng c\u01a1<\/span><\/td>\n<td><span style=\"color: #000000\">\u00a0 \u00a0 \u00a0 \u00a0 \u00a0 (kg)<\/span><\/td>\n<\/tr>\n<tr>\n<td colspan=\"1\" rowspan=\"2\"><span style=\"color: #000000\">B\u1ea3o h\u00e0nh<\/span><\/td>\n<td><span style=\"color: #000000\">K\u1ef9 thu\u1eadt<\/span><\/td>\n<td><span style=\"color: #000000\">06 th\u00e1ng<\/span><\/td>\n<\/tr>\n<tr>\n<td><span style=\"color: #000000\">\u0110\u1ed9ng c\u01a1<\/span><\/td>\n<td><span style=\"color: #000000\">Theo t\u1eebng h\u00e3ng s\u1ea3n xu\u1ea5t<\/span><\/td>\n<\/tr>\n<tr>\n<td><span style=\"color: #000000\">N\u0103ng su\u1ea5t<\/span><\/td>\n<td colspan=\"2\" rowspan=\"1\"><span style=\"color: #000000\">\u00a0 \u00a0 \u00a0 \u00a0 \u00a0 \u00a0 \u00a0kg\/gi\u1edd<\/span><\/td>\n<\/tr>\n<tr>\n<td><span style=\"color: #000000\">K\u00edch th\u01b0\u1edbc (D*C*R)<\/span><\/td>\n<td colspan=\"2\" rowspan=\"1\"><span style=\"color: #000000\">172*160*90cm<\/span><\/td>\n<\/tr>\n<tr>\n<td><span style=\"color: #000000\">H\u00ecnh th\u1ee9c thanh to\u00e1n<\/span><\/td>\n<td colspan=\"2\" rowspan=\"1\"><span style=\"color: #000000\">Ti\u1ec1n m\u1eb7t ho\u1eb7c chuy\u1ec3n kho\u1ea3n<\/span><\/td>\n<\/tr>\n<\/tbody>\n<\/table>\n","protected":false},"excerpt":{"rendered":"<ul>\n<li>H\u00e3ng s\u1ea3n xu\u1ea5t: B\u00ecnh Minh<\/li>\n<li>\u0110\u1ed9ng c\u01a1:\u00a0 \u00a04kw<\/li>\n<li>Ngu\u1ed3n \u0111i\u1ec7n: 380V<\/li>\n<li>T\u00ednh n\u0103ng: tr\u1ed9n c\u00e1c lo\u1ea1i nguy\u00ean li\u1ec7u b\u1ed9t<\/li>\n<\/ul>\n","protected":false},"featured_media":9666,"comment_status":"closed","ping_status":"closed","template":"","meta":[],"product_brand":[],"product_cat":[98],"product_tag":[],"class_list":{"0":"post-7864","1":"product","2":"type-product","3":"status-publish","4":"has-post-thumbnail","6":"product_cat-may-tron","8":"first","9":"instock","10":"shipping-taxable","11":"product-type-simple"},"_links":{"self":[{"href":"https:\/\/congtybinhminh.com\/index.php?rest_route=\/wp\/v2\/product\/7864","targetHints":{"allow":["GET"]}}],"collection":[{"href":"https:\/\/congtybinhminh.com\/index.php?rest_route=\/wp\/v2\/product"}],"about":[{"href":"https:\/\/congtybinhminh.com\/index.php?rest_route=\/wp\/v2\/types\/product"}],"replies":[{"embeddable":true,"href":"https:\/\/congtybinhminh.com\/index.php?rest_route=%2Fwp%2Fv2%2Fcomments&post=7864"}],"wp:featuredmedia":[{"embeddable":true,"href":"https:\/\/congtybinhminh.com\/index.php?rest_route=\/wp\/v2\/media\/9666"}],"wp:attachment":[{"href":"https:\/\/congtybinhminh.com\/index.php?rest_route=%2Fwp%2Fv2%2Fmedia&parent=7864"}],"wp:term":[{"taxonomy":"product_brand","embeddable":true,"href":"https:\/\/congtybinhminh.com\/index.php?rest_route=%2Fwp%2Fv2%2Fproduct_brand&post=7864"},{"taxonomy":"product_cat","embeddable":true,"href":"https:\/\/congtybinhminh.com\/index.php?rest_route=%2Fwp%2Fv2%2Fproduct_cat&post=7864"},{"taxonomy":"product_tag","embeddable":true,"href":"https:\/\/congtybinhminh.com\/index.php?rest_route=%2Fwp%2Fv2%2Fproduct_tag&post=7864"}],"curies":[{"name":"wp","href":"https:\/\/api.w.org\/{rel}","templated":true}]}}