{"id":7667,"date":"2023-04-10T09:56:03","date_gmt":"2023-04-10T02:56:03","guid":{"rendered":"https:\/\/congtybinhminh.com\/?post_type=product&#038;p=7667"},"modified":"2023-04-14T14:56:57","modified_gmt":"2023-04-14T07:56:57","slug":"may-bam-xo-dua-b250","status":"publish","type":"product","link":"https:\/\/congtybinhminh.com\/?product=may-bam-xo-dua-b250","title":{"rendered":"M\u00e1y b\u0103m x\u01a1 d\u1eeba B250"},"content":{"rendered":"<h2>Video m\u00e1y ho\u1ea1t \u0111\u1ed9ng<\/h2>\n<p><iframe loading=\"lazy\" title=\"C\u00f4ng Ty B\u00ecnh Minh: M\u00e1y Xay X\u01a1 D\u1eeba B250 Phi\u00ean B\u1ea3n M\u1edbi nh\u1ea5t 2023\" width=\"1020\" height=\"574\" src=\"https:\/\/www.youtube.com\/embed\/jHS-_WjBxVw?feature=oembed\" frameborder=\"0\" allow=\"accelerometer; autoplay; clipboard-write; encrypted-media; gyroscope; picture-in-picture; web-share\" allowfullscreen><\/iframe><\/p>\n<h2>Gi\u1edbi thi\u1ec7u m\u00e1y b\u0103m x\u01a1 d\u1eeba B250<\/h2>\n<p>M\u00e1y b\u0103m x\u01a1 d\u1eeba B250 l\u00e0 s\u1ea3n ph\u1ea9m c\u1ee7a c\u00f4ng ty B\u00ecnh Minh m\u1edbi cho ra m\u1eaft \u0111\u1ec3 \u0111\u00e1p \u1ee9ng nhu c\u1ea7u b\u0103m v\u1ecf d\u1eeba t\u01b0\u01a1i, v\u1ecf d\u1eeba kh\u00f4 th\u00e0nh d\u1ea1ng m\u00f9n d\u1eeba c\u1ee7a b\u00e0 con<\/p>\n<figure id=\"attachment_7749\" aria-describedby=\"caption-attachment-7749\" style=\"width: 800px\" class=\"wp-caption aligncenter\"><img loading=\"lazy\" decoding=\"async\" class=\"wp-image-7749 size-full\" src=\"https:\/\/congtybinhminh.com\/wp-content\/uploads\/2023\/04\/May-bam-xo-dua-B250-dong-co-1-pha.webp\" alt=\"M\u00e1y b\u0103m x\u01a1 d\u1eeba B250 \u0111\u1ed9ng c\u01a1 1 pha\" width=\"800\" height=\"600\" srcset=\"https:\/\/congtybinhminh.com\/wp-content\/uploads\/2023\/04\/May-bam-xo-dua-B250-dong-co-1-pha.webp 800w, https:\/\/congtybinhminh.com\/wp-content\/uploads\/2023\/04\/May-bam-xo-dua-B250-dong-co-1-pha-510x383.webp 510w, https:\/\/congtybinhminh.com\/wp-content\/uploads\/2023\/04\/May-bam-xo-dua-B250-dong-co-1-pha-533x400.webp 533w, https:\/\/congtybinhminh.com\/wp-content\/uploads\/2023\/04\/May-bam-xo-dua-B250-dong-co-1-pha-768x576.webp 768w\" sizes=\"auto, (max-width: 800px) 100vw, 800px\" \/><figcaption id=\"caption-attachment-7749\" class=\"wp-caption-text\">M\u00e1y b\u0103m x\u01a1 d\u1eeba B250 \u0111\u1ed9ng c\u01a1 1 pha<\/figcaption><\/figure>\n<h2>T\u00ednh n\u0103ng n\u1ed5i b\u1eadt c\u1ee7a m\u00e1y b\u0103m x\u01a1 d\u1eeba B250<\/h2>\n<p>M\u00e1y \u0111\u01b0\u1ee3c thi\u1ebft k\u1ebf nh\u1ecf g\u1ecdn, hi\u1ec7n \u0111\u1ea1i, b\u00e0 con c\u00f3 th\u1ec3 d\u1ec5 d\u00e0ng v\u1eadn h\u00e0nh.<\/p>\n<p>M\u00e1y l\u1eafp \u0111\u1eb7t \u0111\u1ed9ng c\u01a1 3,5 kw 1 pha ngu\u1ed3n \u0111i\u1ec7n 220V cho n\u0103ng su\u1ea5t v\u01b0\u1ee3t tr\u1ed9i ph\u00f9 h\u1ee3p v\u1edbi c\u00e1c x\u01b0\u1edfng s\u1ea3n xu\u1ea5t quy m\u00f4 v\u1eeba v\u00e0 nh\u1ecf<\/p>\n<figure id=\"attachment_7674\" aria-describedby=\"caption-attachment-7674\" style=\"width: 800px\" class=\"wp-caption aligncenter\"><img loading=\"lazy\" decoding=\"async\" class=\"wp-image-7674 size-full\" src=\"https:\/\/congtybinhminh.com\/wp-content\/uploads\/2023\/04\/may-xay-xo-dua-B600-dong-co-1-pha.webp\" alt=\"m\u00e1y xay x\u01a1 d\u1eeba B250 \u0111\u1ed9ng c\u01a1 1 pha\" width=\"800\" height=\"600\" srcset=\"https:\/\/congtybinhminh.com\/wp-content\/uploads\/2023\/04\/may-xay-xo-dua-B600-dong-co-1-pha.webp 800w, https:\/\/congtybinhminh.com\/wp-content\/uploads\/2023\/04\/may-xay-xo-dua-B600-dong-co-1-pha-510x383.webp 510w, https:\/\/congtybinhminh.com\/wp-content\/uploads\/2023\/04\/may-xay-xo-dua-B600-dong-co-1-pha-533x400.webp 533w, https:\/\/congtybinhminh.com\/wp-content\/uploads\/2023\/04\/may-xay-xo-dua-B600-dong-co-1-pha-768x576.webp 768w\" sizes=\"auto, (max-width: 800px) 100vw, 800px\" \/><figcaption id=\"caption-attachment-7674\" class=\"wp-caption-text\">m\u00e1y b\u0103m x\u01a1 d\u1eeba B250 \u0111\u1ed9ng c\u01a1 1 pha<\/figcaption><\/figure>\n<p>H\u01a1n n\u1eefa, m\u00e1y b\u0103m x\u01a1 d\u1eeba B250 c\u00f2n c\u00f3 th\u1ec3 s\u1eed d\u1ee5ng \u0111\u1ed9ng c\u01a1 3 pha \u0111i\u1ec7n 380V &#8211; motor 4kw thu\u1eadn ti\u1ec7n cho ng\u01b0\u1eddi d\u00f9ng l\u1ef1a ch\u1ecdn<\/p>\n<figure id=\"attachment_7675\" aria-describedby=\"caption-attachment-7675\" style=\"width: 800px\" class=\"wp-caption aligncenter\"><img loading=\"lazy\" decoding=\"async\" class=\"wp-image-7675 size-full\" src=\"https:\/\/congtybinhminh.com\/wp-content\/uploads\/2023\/04\/may-xay-xo-dua-B600.webp\" alt=\"m\u00e1y xay x\u01a1 d\u1eeba B250\" width=\"800\" height=\"600\" srcset=\"https:\/\/congtybinhminh.com\/wp-content\/uploads\/2023\/04\/may-xay-xo-dua-B600.webp 800w, https:\/\/congtybinhminh.com\/wp-content\/uploads\/2023\/04\/may-xay-xo-dua-B600-510x383.webp 510w, https:\/\/congtybinhminh.com\/wp-content\/uploads\/2023\/04\/may-xay-xo-dua-B600-533x400.webp 533w, https:\/\/congtybinhminh.com\/wp-content\/uploads\/2023\/04\/may-xay-xo-dua-B600-768x576.webp 768w\" sizes=\"auto, (max-width: 800px) 100vw, 800px\" \/><figcaption id=\"caption-attachment-7675\" class=\"wp-caption-text\">M\u00e1y b\u0103m x\u01a1 d\u1eeba B250 1 pha v\u00e0 3 pha<\/figcaption><\/figure>\n<p>Bu\u1ed3ng l\u00e0m vi\u1ec7c c\u1ee7a m\u00e1y \u0111\u01b0\u1ee3c thi\u1ebft k\u1ebf \u01b0u vi\u1ec7t, c\u00f3 th\u1ec3 b\u0103m \u0111\u01b0\u1ee3c c\u1ea3 qu\u1ea3 d\u1eeba t\u01b0\u01a1i, kh\u00f4 m\u00e0 kh\u00f4ng c\u1ea7n ph\u1ea3i x\u1eed l\u00fd tr\u01b0\u1edbc.<\/p>\n<p><img loading=\"lazy\" decoding=\"async\" class=\"aligncenter wp-image-7680 size-full\" src=\"https:\/\/congtybinhminh.com\/wp-content\/uploads\/2023\/04\/Nguyen-lieu-bam-da-dang.webp\" alt=\"\" width=\"800\" height=\"600\" srcset=\"https:\/\/congtybinhminh.com\/wp-content\/uploads\/2023\/04\/Nguyen-lieu-bam-da-dang.webp 800w, https:\/\/congtybinhminh.com\/wp-content\/uploads\/2023\/04\/Nguyen-lieu-bam-da-dang-510x383.webp 510w, https:\/\/congtybinhminh.com\/wp-content\/uploads\/2023\/04\/Nguyen-lieu-bam-da-dang-533x400.webp 533w, https:\/\/congtybinhminh.com\/wp-content\/uploads\/2023\/04\/Nguyen-lieu-bam-da-dang-768x576.webp 768w\" sizes=\"auto, (max-width: 800px) 100vw, 800px\" \/><\/p>\n<p>M\u00e1y b\u0103m x\u01a1 d\u1eeba B250 \u0111\u01b0\u1ee3c l\u00e0m to\u00e0n b\u1ed9 b\u1eb1ng th\u00e9p cao c\u1ea5p, gi\u00fap m\u00e1y ho\u1ea1t \u0111\u1ed9ng b\u1ec1n b\u1ec9, l\u00e2u d\u00e0i.<\/p>\n<p>Th\u00e0nh ph\u1ea9m sau khi b\u0103m c\u00f3 th\u1ec3 d\u00f9ng l\u00e0m gi\u00e1 th\u1ec3 tr\u1ed3ng c\u00e2y, tr\u1ed3ng n\u1ea5m, l\u00e0m \u0111\u1ec7m l\u00f3t chu\u1ed3ng sinh h\u1ecdc, l\u00e0m ph\u00e2n b\u00f3n c\u1ea3i t\u1ea1o \u0111\u1ea5t tr\u1ed3ng.<\/p>\n<figure id=\"attachment_7724\" aria-describedby=\"caption-attachment-7724\" style=\"width: 800px\" class=\"wp-caption aligncenter\"><img loading=\"lazy\" decoding=\"async\" class=\"wp-image-7724 size-full\" src=\"https:\/\/congtybinhminh.com\/wp-content\/uploads\/2023\/04\/Mun-dua.webp\" alt=\"M\u00f9n d\u1eeba\" width=\"800\" height=\"600\" srcset=\"https:\/\/congtybinhminh.com\/wp-content\/uploads\/2023\/04\/Mun-dua.webp 800w, https:\/\/congtybinhminh.com\/wp-content\/uploads\/2023\/04\/Mun-dua-510x383.webp 510w, https:\/\/congtybinhminh.com\/wp-content\/uploads\/2023\/04\/Mun-dua-533x400.webp 533w, https:\/\/congtybinhminh.com\/wp-content\/uploads\/2023\/04\/Mun-dua-768x576.webp 768w\" sizes=\"auto, (max-width: 800px) 100vw, 800px\" \/><figcaption id=\"caption-attachment-7724\" class=\"wp-caption-text\">M\u00f9n d\u1eeba<\/figcaption><\/figure>\n<h2>C\u1ea5u t\u1ea1o c\u1ee7a m\u00e1y<\/h2>\n<p>M\u00e1y \u0111\u01b0\u1ee3c thi\u1ebft k\u1ebf nh\u1ecf g\u1ecdn, khung m\u00e1y ch\u1eafc ch\u1eafn kh\u00f4ng g\u00e2y rung l\u1eafc trong qu\u00e1 tr\u00ecnh v\u1eadn h\u00e0nh m\u00e1y. \u0110\u1ea3m b\u1ea3o an to\u00e0n cho ng\u01b0\u1eddi s\u1eed d\u1ee5ng. Tr\u1ecdng l\u01b0\u1ee3ng to\u00e0n b\u1ed9 m\u00e1y 120kg<\/p>\n<p><img loading=\"lazy\" decoding=\"async\" class=\"aligncenter wp-image-7669 size-full\" src=\"https:\/\/congtybinhminh.com\/wp-content\/uploads\/2023\/04\/may-xay-xo-dua-B600-2.webp\" alt=\"\" width=\"800\" height=\"600\" srcset=\"https:\/\/congtybinhminh.com\/wp-content\/uploads\/2023\/04\/may-xay-xo-dua-B600-2.webp 800w, https:\/\/congtybinhminh.com\/wp-content\/uploads\/2023\/04\/may-xay-xo-dua-B600-2-510x383.webp 510w, https:\/\/congtybinhminh.com\/wp-content\/uploads\/2023\/04\/may-xay-xo-dua-B600-2-533x400.webp 533w, https:\/\/congtybinhminh.com\/wp-content\/uploads\/2023\/04\/may-xay-xo-dua-B600-2-768x576.webp 768w\" sizes=\"auto, (max-width: 800px) 100vw, 800px\" \/><\/p>\n<p>Ph\u1ea7n toa n\u1ea1p \u0111\u01b0\u1ee3c thi\u1ebft k\u1ebf d\u1ea1ng \u0111\u1ee9ng, mi\u1ec7ng ph\u1ec5u r\u1ed9ng\u00a0h\u01b0\u1edbng d\u1ed1c xu\u1ed1ng d\u01b0\u1edbi gi\u00fap nguy\u00ean li\u1ec7u d\u1ec5 d\u00e0ng di chuy\u1ec3n xu\u1ed1ng bu\u1ed3ng b\u0103m.<\/p>\n<figure id=\"attachment_7676\" aria-describedby=\"caption-attachment-7676\" style=\"width: 800px\" class=\"wp-caption aligncenter\"><img loading=\"lazy\" decoding=\"async\" class=\"wp-image-7676 size-full\" src=\"https:\/\/congtybinhminh.com\/wp-content\/uploads\/2023\/04\/Toa-nap-nguyen-lieu.webp\" alt=\"Toa n\u1ea1p nguy\u00ean li\u1ec7u\" width=\"800\" height=\"600\" srcset=\"https:\/\/congtybinhminh.com\/wp-content\/uploads\/2023\/04\/Toa-nap-nguyen-lieu.webp 800w, https:\/\/congtybinhminh.com\/wp-content\/uploads\/2023\/04\/Toa-nap-nguyen-lieu-510x383.webp 510w, https:\/\/congtybinhminh.com\/wp-content\/uploads\/2023\/04\/Toa-nap-nguyen-lieu-533x400.webp 533w, https:\/\/congtybinhminh.com\/wp-content\/uploads\/2023\/04\/Toa-nap-nguyen-lieu-768x576.webp 768w\" sizes=\"auto, (max-width: 800px) 100vw, 800px\" \/><figcaption id=\"caption-attachment-7676\" class=\"wp-caption-text\">Toa n\u1ea1p nguy\u00ean li\u1ec7u<\/figcaption><\/figure>\n<p>Ph\u1ea7n c\u1eeda x\u1ea3 \u0111\u01b0\u1ee3c thi\u1ebft k\u1ebf bu\u00f4ng th\u1eb3ng t\u1eeb bu\u1ed3ng l\u00e0m vi\u1ec7c xu\u1ed1ng gi\u00fap cho nguy\u00ean li\u1ec7u sau khi b\u0103m d\u1ec5 d\u00e0ng di chuy\u1ec3n ra b\u00ean ngo\u00e0i, kh\u00f4ng lo b\u1ecb t\u1eafc ngh\u1ebdn.<\/p>\n<figure id=\"attachment_7677\" aria-describedby=\"caption-attachment-7677\" style=\"width: 800px\" class=\"wp-caption aligncenter\"><img loading=\"lazy\" decoding=\"async\" class=\"wp-image-7677 size-full\" src=\"https:\/\/congtybinhminh.com\/wp-content\/uploads\/2023\/04\/Cua-xa-nguyen-lieu.webp\" alt=\"C\u1eeda x\u1ea3 nguy\u00ean li\u1ec7u\" width=\"800\" height=\"600\" srcset=\"https:\/\/congtybinhminh.com\/wp-content\/uploads\/2023\/04\/Cua-xa-nguyen-lieu.webp 800w, https:\/\/congtybinhminh.com\/wp-content\/uploads\/2023\/04\/Cua-xa-nguyen-lieu-510x383.webp 510w, https:\/\/congtybinhminh.com\/wp-content\/uploads\/2023\/04\/Cua-xa-nguyen-lieu-533x400.webp 533w, https:\/\/congtybinhminh.com\/wp-content\/uploads\/2023\/04\/Cua-xa-nguyen-lieu-768x576.webp 768w\" sizes=\"auto, (max-width: 800px) 100vw, 800px\" \/><figcaption id=\"caption-attachment-7677\" class=\"wp-caption-text\">C\u1eeda x\u1ea3 nguy\u00ean li\u1ec7u<\/figcaption><\/figure>\n<p><span style=\"font-size: 85%\">Bu\u1ed3ng l\u00e0m vi\u1ec7c\u00a0 \u0111<\/span>\u01b0\u1ee3c trang b\u1ecb h\u1ec7 th\u1ed1ng dao b\u0103m g\u1ed3m 4 dao 2 l\u01b0\u1ee1i s\u1eafc b\u00e9n \u0111\u01b0\u1ee3c g\u1eafn tr\u00ean 1 tr\u1ee5c quay k\u1ebft h\u1ee3p c\u00f9ng 2 con dao h\u00e0n ch\u1ebft c\u00f3 nhi\u1ec7m v\u1ee5 x\u00e9 n\u00e1t v\u00e0 b\u0103m nh\u1ecf qu\u1ea3 d\u1eeba nhanh ch\u00f3ng.<\/p>\n<figure id=\"attachment_7678\" aria-describedby=\"caption-attachment-7678\" style=\"width: 800px\" class=\"wp-caption aligncenter\"><img loading=\"lazy\" decoding=\"async\" class=\"wp-image-7678 size-full\" src=\"https:\/\/congtybinhminh.com\/wp-content\/uploads\/2023\/04\/Buong-lam-viec-3-1.webp\" alt=\"Bu\u1ed3ng l\u00e0m vi\u1ec7c \" width=\"800\" height=\"600\" srcset=\"https:\/\/congtybinhminh.com\/wp-content\/uploads\/2023\/04\/Buong-lam-viec-3-1.webp 800w, https:\/\/congtybinhminh.com\/wp-content\/uploads\/2023\/04\/Buong-lam-viec-3-1-510x383.webp 510w, https:\/\/congtybinhminh.com\/wp-content\/uploads\/2023\/04\/Buong-lam-viec-3-1-533x400.webp 533w, https:\/\/congtybinhminh.com\/wp-content\/uploads\/2023\/04\/Buong-lam-viec-3-1-768x576.webp 768w\" sizes=\"auto, (max-width: 800px) 100vw, 800px\" \/><figcaption id=\"caption-attachment-7678\" class=\"wp-caption-text\">Bu\u1ed3ng l\u00e0m vi\u1ec7c<\/figcaption><\/figure>\n<p>K\u1ebft h\u1ee3p v\u1edbi 1 m\u1eb7t s\u00e0ng \u0111\u01b0\u1ee3c l\u1eafp ngay ph\u00eda d\u01b0\u1edbi, gi\u00fap s\u00e0ng l\u1ecdc\u00a0v\u00e0 ch\u1ec9 cho ph\u00e9p c\u00e1c m\u1ea9u v\u1ee5n c\u00f3 k\u00edch th\u01b0\u1edbc nh\u1ecf t\u01b0\u01a1ng \u1ee9ng \u0111i qua, cho th\u00e0nh ph\u1ea9m \u0111\u1ea1t \u0111\u1ed9\u00a0\u0111\u1ed3ng \u0111\u1ec1u.<\/p>\n<p><img loading=\"lazy\" decoding=\"async\" class=\"aligncenter wp-image-7744 size-full\" src=\"https:\/\/congtybinhminh.com\/wp-content\/uploads\/2023\/04\/mat-sang-min.webp\" alt=\"\" width=\"800\" height=\"600\" srcset=\"https:\/\/congtybinhminh.com\/wp-content\/uploads\/2023\/04\/mat-sang-min.webp 800w, https:\/\/congtybinhminh.com\/wp-content\/uploads\/2023\/04\/mat-sang-min-510x383.webp 510w, https:\/\/congtybinhminh.com\/wp-content\/uploads\/2023\/04\/mat-sang-min-533x400.webp 533w, https:\/\/congtybinhminh.com\/wp-content\/uploads\/2023\/04\/mat-sang-min-768x576.webp 768w\" sizes=\"auto, (max-width: 800px) 100vw, 800px\" \/><\/p>\n<p>Ng\u01b0\u1eddi d\u00f9ng c\u00f3 th\u1ec3 \u0111i\u1ec1u ch\u1ec9nh k\u00edch c\u1ee1 c\u1ee7a th\u00e0nh ph\u1ea9m b\u1eb1ng c\u00e1ch l\u1ef1a ch\u1ecdn thay l\u1eafp m\u1eb7t s\u00e0ng\u00a0l\u1eafp trong m\u00e1y<\/p>\n<h2>\u01afu \u0111i\u1ec3m c\u1ee7a m\u00e1y b\u0103m x\u01a1 d\u1eeba B250<\/h2>\n<p>Ch\u1ec9 c\u1ea7n 1 nh\u00e2n c\u00f4ng \u0111\u1ee9ng v\u1eadn h\u00e0nh m\u00e1y l\u00e0 c\u00f3 th\u1ec3 ho\u1ea1t \u0111\u1ed9ng m\u1ed9t c\u00e1ch tr\u01a1n tru v\u00e0 \u0111em l\u1ea1i hi\u1ec7u qu\u1ea3 n\u0103ng su\u1ea5t cao.<\/p>\n<p>S\u1eed d\u1ee5ng m\u00e1y b\u0103m x\u01a1 d\u1eeba B250 gi\u00fap b\u00e0 con c\u00f3 th\u1ec3 ti\u1ebft ki\u1ec7m \u0111\u01b0\u1ee3c th\u1eddi gian v\u00e0 nh\u00e2n c\u00f4ng lao \u0111\u1ed9ng<\/p>\n<p>T\u1eadn d\u1ee5ng \u0111\u01b0\u1ee3c nh\u1eefng ph\u1ee5 ph\u1ea9m t\u01b0\u1edfng ch\u1eebng nh\u01b0 b\u1ecf \u0111i l\u00e0m th\u00e0nh nh\u1eefng s\u1ea3n ph\u1ea9m c\u00f3 gi\u00e1 tr\u1ecb.<\/p>\n<h2>Nh\u1eefng \u0111i\u1ec1u c\u1ea7n l\u01b0u \u00fd khi s\u1eed d\u1ee5ng m\u00e1y<\/h2>\n<p>N\u00ean \u0111\u1eb7t m\u00e1y tr\u00ean n\u1ec1n ph\u1eb3ng kh\u00f4 r\u00e1o, g\u1ea7n ngu\u1ed3n \u0111i\u1ec7n \u0111\u1ec3 thu\u1eadn ti\u1ec7n cho qu\u00e1 tr\u00ecnh s\u1eed d\u1ee5ng<\/p>\n<p>Lau tay th\u1eadt kh\u00f4 tr\u01b0\u1edbc khi v\u1eadn h\u00e0nh m\u00e1y.<\/p>\n<p><img loading=\"lazy\" decoding=\"async\" class=\"aligncenter wp-image-7679 size-full\" src=\"https:\/\/congtybinhminh.com\/wp-content\/uploads\/2023\/04\/Goi-bi.webp\" alt=\"G\u1ed1i bi\" width=\"800\" height=\"600\" srcset=\"https:\/\/congtybinhminh.com\/wp-content\/uploads\/2023\/04\/Goi-bi.webp 800w, https:\/\/congtybinhminh.com\/wp-content\/uploads\/2023\/04\/Goi-bi-510x383.webp 510w, https:\/\/congtybinhminh.com\/wp-content\/uploads\/2023\/04\/Goi-bi-533x400.webp 533w, https:\/\/congtybinhminh.com\/wp-content\/uploads\/2023\/04\/Goi-bi-768x576.webp 768w\" sizes=\"auto, (max-width: 800px) 100vw, 800px\" \/><\/p>\n<p>Th\u01b0\u1eddng xuy\u00ean v\u1ec7 sinh m\u00e1y m\u1ed9t c\u00e1ch s\u1ea1ch s\u1ebd<\/p>\n<p>Ki\u1ec3m tra bu\u1ed3ng dao b\u0103m \u0111\u1ec3 tr\u00e1nh nh\u1eefng v\u1eadt c\u1ee9ng, nh\u1ecdn r\u01a1i v\u00e0o bu\u1ed3ng b\u0103m g\u00e2y h\u1ecfng dao.<\/p>\n<h2>Th\u00f4ng s\u1ed1 k\u1ef9 thu\u1eadt:<\/h2>\n<table border=\"1\" cellspacing=\"1\" cellpadding=\"1\">\n<tbody>\n<tr>\n<td>C\u00f4ng su\u1ea5t \u0111\u1ed9ng c\u01a1<\/td>\n<td>3,5 &#8211; 4 kw<\/td>\n<\/tr>\n<tr>\n<td>Ngu\u1ed3n \u0111i\u1ec7n<\/td>\n<td>220 &#8211; 380 ( V)<\/td>\n<\/tr>\n<tr>\n<td>T\u1ed1c \u0111\u1ed9 \u0111\u1ed9ng c\u01a1<\/td>\n<td>1450 ( v\/p)<\/td>\n<\/tr>\n<tr>\n<td>Nguy\u00ean b\u1ed9<\/td>\n<td>120 (kg)<\/td>\n<\/tr>\n<tr>\n<td>Kh\u00f4ng \u0111\u1ed9ng c\u01a1<\/td>\n<td>98 (kg)<\/td>\n<\/tr>\n<tr>\n<td>N\u0103ng su\u1ea5t<\/td>\n<td>200-300 kg\/h<\/td>\n<\/tr>\n<tr>\n<td>K\u00edch th\u01b0\u1edbc ( D * C * R )<\/td>\n<td>112*120*50cm<\/td>\n<\/tr>\n<tr>\n<td>B\u1ea3o h\u00e0nh<\/td>\n<td>06 th\u00e1ng<\/td>\n<\/tr>\n<tr>\n<td>H\u00ecnh th\u1ee9c thanh to\u00e1n<\/td>\n<td><em><strong>Ti\u1ec1n m\u1eb7t ho\u1eb7c chuy\u1ec3n kho\u1ea3n\u00a0<\/strong><\/em><\/td>\n<\/tr>\n<\/tbody>\n<\/table>\n","protected":false},"excerpt":{"rendered":"<p><span style=\"color: #000000\"><strong>H\u00e3ng s\u1ea3n xu\u1ea5t:\u00a0<\/strong>B\u00ecnh Minh<\/span><\/p>\n<p><span style=\"color: #000000\"><strong>C\u00f4ng su\u1ea5t \u0111\u1ed9ng c\u01a1:<\/strong> 3,5 &#8211; 4 kw<\/span><\/p>\n<p><span style=\"color: #000000\"><strong>Ngu\u1ed3n \u0111i\u1ec7n: <\/strong>220V &#8211; 380V\u00a0<\/span><\/p>\n<p><span style=\"color: #000000\"><strong>T\u1ed1c \u0111\u1ed9:<\/strong> 1450 v\/p\u00a0<\/span><\/p>\n<p><span style=\"color: #000000\"><strong>Tr\u1ecdng l\u01b0\u1ee3ng:<\/strong> 120kg (l\u1eafp \u0111\u1ed9ng c\u01a1 3kw)<\/span><\/p>\n<p><span style=\"color: #000000\"><strong>N\u0103ng su\u1ea5t: <\/strong>200-300kg\/gi\u1edd<strong>\u00a0<\/strong><\/span><\/p>\n<p><span style=\"color: #000000\"><strong>K\u00edch th\u01b0\u1edbc (CD*CC*CR): <\/strong>112*120*50cm\u00a0<\/span><\/p>\n<p><span style=\"color: #000000\"><strong>T\u00ednh n\u0103ng:<\/strong> M\u00e1y chuy\u00ean b\u0103m v\u1ecf d\u1eeba t\u01b0\u01a1i, v\u1ecf d\u1eeba kh\u00f4,&#8230; th\u00e0nh d\u1ea1ng m\u00f9n d\u1eeba l\u00e0m ph\u00e2n b\u00f3n tr\u1ed3ng c\u00e2y, \u0111\u1ec7m l\u00f3t chu\u1ed3ng&#8230;\u00a0<\/span><\/p>\n","protected":false},"featured_media":7799,"comment_status":"closed","ping_status":"closed","template":"","meta":[],"product_brand":[],"product_cat":[197],"product_tag":[],"class_list":{"0":"post-7667","1":"product","2":"type-product","3":"status-publish","4":"has-post-thumbnail","6":"product_cat-may-bam-xo-dua-2","8":"first","9":"instock","10":"shipping-taxable","11":"product-type-simple"},"_links":{"self":[{"href":"https:\/\/congtybinhminh.com\/index.php?rest_route=\/wp\/v2\/product\/7667","targetHints":{"allow":["GET"]}}],"collection":[{"href":"https:\/\/congtybinhminh.com\/index.php?rest_route=\/wp\/v2\/product"}],"about":[{"href":"https:\/\/congtybinhminh.com\/index.php?rest_route=\/wp\/v2\/types\/product"}],"replies":[{"embeddable":true,"href":"https:\/\/congtybinhminh.com\/index.php?rest_route=%2Fwp%2Fv2%2Fcomments&post=7667"}],"wp:featuredmedia":[{"embeddable":true,"href":"https:\/\/congtybinhminh.com\/index.php?rest_route=\/wp\/v2\/media\/7799"}],"wp:attachment":[{"href":"https:\/\/congtybinhminh.com\/index.php?rest_route=%2Fwp%2Fv2%2Fmedia&parent=7667"}],"wp:term":[{"taxonomy":"product_brand","embeddable":true,"href":"https:\/\/congtybinhminh.com\/index.php?rest_route=%2Fwp%2Fv2%2Fproduct_brand&post=7667"},{"taxonomy":"product_cat","embeddable":true,"href":"https:\/\/congtybinhminh.com\/index.php?rest_route=%2Fwp%2Fv2%2Fproduct_cat&post=7667"},{"taxonomy":"product_tag","embeddable":true,"href":"https:\/\/congtybinhminh.com\/index.php?rest_route=%2Fwp%2Fv2%2Fproduct_tag&post=7667"}],"curies":[{"name":"wp","href":"https:\/\/api.w.org\/{rel}","templated":true}]}}