{"id":7652,"date":"2023-04-09T13:37:36","date_gmt":"2023-04-09T06:37:36","guid":{"rendered":"https:\/\/congtybinhminh.com\/?post_type=product&#038;p=7652"},"modified":"2023-05-03T09:56:12","modified_gmt":"2023-05-03T02:56:12","slug":"may-bam-xo-dua-b1200-phien-ban-moi-nhat-2023","status":"publish","type":"product","link":"https:\/\/congtybinhminh.com\/?product=may-bam-xo-dua-b1200-phien-ban-moi-nhat-2023","title":{"rendered":"M\u00e1y b\u0103m x\u01a1 d\u1eeba B1200 (Phi\u00ean b\u1ea3n m\u1edbi nh\u1ea5t 2023)"},"content":{"rendered":"<h2>Video ho\u1ea1t \u0111\u1ed9ng c\u1ee7a m\u00e1y b\u0103m x\u01a1 d\u1eeba B1200<\/h2>\n<p><iframe loading=\"lazy\" title=\"C\u00f4ng Ty B\u00ecnh Minh: M\u00e1y B\u0103m X\u01a1 D\u1eeba B1200 C\u1ea3i Ti\u1ebfn Nho Nh\u1ecf\" width=\"1020\" height=\"574\" src=\"https:\/\/www.youtube.com\/embed\/pMiCs47f9iI?feature=oembed\" frameborder=\"0\" allow=\"accelerometer; autoplay; clipboard-write; encrypted-media; gyroscope; picture-in-picture; web-share\" allowfullscreen><\/iframe><\/p>\n<h2>Gi\u1edbi thi\u1ec7u m\u00e1y b\u0103m x\u01a1 d\u1eeba B1200<\/h2>\n<p>C\u00f4ng ty B\u00ecnh Minh \u0111\u00e3 cho ra \u0111\u1eddi d\u00f2ng m\u00e1y b\u0103m x\u01a1 d\u1eeba B1200 v\u1edbi kh\u1ea3 n\u0103ng b\u0103m nghi\u1ec1n h\u00e0ng t\u1ea5n v\u1ecf d\u1eeba th\u00e0nh x\u01a1 d\u1eeba v\u00e0 m\u00f9n d\u1eeba, \u0111em l\u1ea1i nh\u1eefng gi\u00e1 tr\u1ecb h\u1eefu \u00edch cho b\u00e0 con.<\/p>\n<figure id=\"attachment_7659\" aria-describedby=\"caption-attachment-7659\" style=\"width: 800px\" class=\"wp-caption aligncenter\"><img loading=\"lazy\" decoding=\"async\" class=\"wp-image-7659 size-full\" src=\"https:\/\/congtybinhminh.com\/wp-content\/uploads\/2023\/04\/Gioi-thieu-may-bam-xo-dua.webp\" alt=\"Gi\u1edbi thi\u1ec7u m\u00e1y b\u0103m x\u01a1 d\u1eeba\" width=\"800\" height=\"600\" srcset=\"https:\/\/congtybinhminh.com\/wp-content\/uploads\/2023\/04\/Gioi-thieu-may-bam-xo-dua.webp 800w, https:\/\/congtybinhminh.com\/wp-content\/uploads\/2023\/04\/Gioi-thieu-may-bam-xo-dua-510x383.webp 510w, https:\/\/congtybinhminh.com\/wp-content\/uploads\/2023\/04\/Gioi-thieu-may-bam-xo-dua-533x400.webp 533w, https:\/\/congtybinhminh.com\/wp-content\/uploads\/2023\/04\/Gioi-thieu-may-bam-xo-dua-768x576.webp 768w\" sizes=\"auto, (max-width: 800px) 100vw, 800px\" \/><figcaption id=\"caption-attachment-7659\" class=\"wp-caption-text\">M\u00e1y b\u0103m x\u01a1 d\u1eeba B1200<\/figcaption><\/figure>\n<p>\u0110\u1eb7c bi\u1ec7t h\u01a1n n\u1eefa l\u00e0 d\u00f2ng m\u00e1y ngo\u00e0i vi\u1ec7c b\u0103m v\u1ecf d\u1eeba t\u01b0\u01a1i, v\u1ecf d\u1eeba kh\u00f4 ra th\u00ec c\u00f2n c\u00f3 th\u1ec3 b\u0103m b\u00e1nh m\u1ef3 t\u01b0\u01a1i, t\u00e1ch ri\u00eang \u0111\u01b0\u1ee3c v\u1ecf b\u00e1nh v\u00e0 nh\u00e2n b\u00e1nh.<\/p>\n<h2 id=\"ftoc-heading-3\" class=\"ftwp-heading\">L\u1ee3i \u00edch khi s\u1edf h\u1eefu m\u00e1y b\u0103m x\u01a1 d\u1eeba B1200 (Phi\u00ean b\u1ea3n m\u1edbi 2023)<\/h2>\n<p>M\u00e1y gi\u00fap b\u00e0 con ti\u1ebft ki\u1ec7m \u0111\u01b0\u1ee3c th\u1eddi gian, c\u00f4ng s\u1ee9c v\u00e0 \u0111em l\u1ea1i n\u0103ng su\u1ea5t cao<\/p>\n<p>Th\u00e0nh ph\u1ea9m m\u00f9n x\u01a1 d\u1eeba b\u00e0 con c\u00f3 th\u1ec3 t\u1eadn d\u1ee5ng \u0111\u1ec3 l\u00e0m: ph\u00e2n xanh, l\u00e0m nguy\u00ean li\u1ec7u tr\u1ed3ng n\u1ea5m, tr\u00f4ng c\u00e2y, l\u00e0m \u0111\u1ec7m l\u00f3t chu\u1ed3ng sinh h\u1ecdc&#8230;<\/p>\n<figure id=\"attachment_7663\" aria-describedby=\"caption-attachment-7663\" style=\"width: 800px\" class=\"wp-caption aligncenter\"><img loading=\"lazy\" decoding=\"async\" class=\"wp-image-7663 size-full\" src=\"https:\/\/congtybinhminh.com\/wp-content\/uploads\/2023\/04\/Thanh-pham-3.webp\" alt=\"Th\u00e0nh ph\u1ea9m \" width=\"800\" height=\"600\" srcset=\"https:\/\/congtybinhminh.com\/wp-content\/uploads\/2023\/04\/Thanh-pham-3.webp 800w, https:\/\/congtybinhminh.com\/wp-content\/uploads\/2023\/04\/Thanh-pham-3-510x383.webp 510w, https:\/\/congtybinhminh.com\/wp-content\/uploads\/2023\/04\/Thanh-pham-3-533x400.webp 533w, https:\/\/congtybinhminh.com\/wp-content\/uploads\/2023\/04\/Thanh-pham-3-768x576.webp 768w\" sizes=\"auto, (max-width: 800px) 100vw, 800px\" \/><figcaption id=\"caption-attachment-7663\" class=\"wp-caption-text\">Th\u00e0nh ph\u1ea9m<\/figcaption><\/figure>\n<h2 class=\"ftwp-heading\">Nh\u1eefng \u01b0u \u0111i\u1ec3m n\u1ed5i b\u1eadt c\u1ee7a m\u00e1y<\/h2>\n<p>M\u00e1y \u0111\u01b0\u1ee3c thi\u1ebft k\u1ebf hi\u1ec7n \u0111\u1ea1i, d\u1ec5 d\u00e0ng s\u1eed d\u1ee5ng \u0111em l\u1ea1i s\u1ef1 ti\u1ec7n \u00edch cho ng\u01b0\u1eddi s\u1eed d\u1ee5ng<\/p>\n<p>Ch\u1ec9 c\u1ea7n 1 nh\u00e2n c\u00f4ng \u0111\u1ee9ng v\u1eadn h\u00e0nh m\u00e1y l\u00e0 m\u00e1y c\u00f3 th\u1ec3 ho\u1ea1t \u0111\u1ed9ng m\u1ed9t c\u00e1ch tr\u01a1n tru v\u00e0 \u0111em l\u1ea1i hi\u1ec7u qu\u1ea3 n\u0103ng su\u1ea5t v\u00f4 c\u00f9ng cao.<\/p>\n<p>Thu\u1ed9c d\u00f2ng m\u00e1y c\u00f4ng nghi\u1ec7p, m\u00e1y b\u0103m x\u01a1 d\u1eeba B1200 \u0111\u01b0\u1ee3c l\u1eafp \u0111\u1eb7t \u0111\u1ed9ng c\u01a1 18,5kw, 100% l\u00f5i \u0111\u1ed3ng, s\u1eed d\u1ee5ng ngu\u1ed3n \u0111i\u1ec7n 380V 3pha cho n\u0103ng su\u1ea5t cao t\u1eeb 900-1000kg\/gi\u1edd.<\/p>\n<figure id=\"attachment_7664\" aria-describedby=\"caption-attachment-7664\" style=\"width: 800px\" class=\"wp-caption aligncenter\"><img loading=\"lazy\" decoding=\"async\" class=\"wp-image-7664 size-full\" src=\"https:\/\/congtybinhminh.com\/wp-content\/uploads\/2023\/04\/Dong-co-185-kw.webp\" alt=\"\u0110\u1ed9ng c\u01a1 18,5 kw\" width=\"800\" height=\"600\" srcset=\"https:\/\/congtybinhminh.com\/wp-content\/uploads\/2023\/04\/Dong-co-185-kw.webp 800w, https:\/\/congtybinhminh.com\/wp-content\/uploads\/2023\/04\/Dong-co-185-kw-510x383.webp 510w, https:\/\/congtybinhminh.com\/wp-content\/uploads\/2023\/04\/Dong-co-185-kw-533x400.webp 533w, https:\/\/congtybinhminh.com\/wp-content\/uploads\/2023\/04\/Dong-co-185-kw-768x576.webp 768w\" sizes=\"auto, (max-width: 800px) 100vw, 800px\" \/><figcaption id=\"caption-attachment-7664\" class=\"wp-caption-text\">\u0110\u1ed9ng c\u01a1 18,5 kw<\/figcaption><\/figure>\n<h2 id=\"ftoc-heading-5\" class=\"ftwp-heading\">C\u1ea5u t\u1ea1o chi ti\u1ebft c\u1ee7a m\u00e1y b\u0103m x\u01a1 d\u1eeba B1200 (Phi\u00ean b\u1ea3n m\u1edbi 2023)<\/h2>\n<h3 id=\"ftoc-heading-6\" class=\"ftwp-heading\">C\u1ea5u t\u1ea1o chung<\/h3>\n<p>Thi\u1ebft k\u1ebf v\u1edbi ki\u1ec3u d\u00e1ng hi\u1ec7n \u0111\u1ea1i, khung m\u00e1y ch\u1eafc ch\u1eafn \u0111\u01b0\u1ee3c l\u1eafp \u0111\u1eb7t ph\u1ea7n b\u1ec1 m\u1eb7t ti\u1ebfp x\u00fac v\u1edbi m\u1eb7t \u0111\u1ea5t \u0111\u1ee7 l\u1edbn gi\u00fap gi\u1ea3m thi\u1ec3u rung l\u1eafc v\u00e0 ti\u1ebfng \u1ed3n trong qu\u00e1 tr\u00ecnh m\u00e1y ho\u1ea1t \u0111\u1ed9ng. Tr\u1ecdng l\u01b0\u1ee3ng m\u00e1y l\u00ean t\u1edbi 399kg \u0111\u00e3 bao g\u1ed3m \u0111\u1ed9ng c\u01a1.<\/p>\n<figure id=\"attachment_7656\" aria-describedby=\"caption-attachment-7656\" style=\"width: 800px\" class=\"wp-caption aligncenter\"><img loading=\"lazy\" decoding=\"async\" class=\"wp-image-7656 size-full\" src=\"https:\/\/congtybinhminh.com\/wp-content\/uploads\/2023\/04\/Cau-tao-may.webp\" alt=\"C\u1ea5u t\u1ea1o m\u00e1y\" width=\"800\" height=\"600\" srcset=\"https:\/\/congtybinhminh.com\/wp-content\/uploads\/2023\/04\/Cau-tao-may.webp 800w, https:\/\/congtybinhminh.com\/wp-content\/uploads\/2023\/04\/Cau-tao-may-510x383.webp 510w, https:\/\/congtybinhminh.com\/wp-content\/uploads\/2023\/04\/Cau-tao-may-533x400.webp 533w, https:\/\/congtybinhminh.com\/wp-content\/uploads\/2023\/04\/Cau-tao-may-768x576.webp 768w\" sizes=\"auto, (max-width: 800px) 100vw, 800px\" \/><figcaption id=\"caption-attachment-7656\" class=\"wp-caption-text\">C\u1ea5u t\u1ea1o m\u00e1y<\/figcaption><\/figure>\n<h3 id=\"ftoc-heading-7\" class=\"ftwp-heading\">Toa n\u1ea1p nguy\u00ean li\u1ec7u<\/h3>\n<p>Ph\u1ea7n toa n\u1ea1p li\u1ec7u \u0111\u01b0\u1ee3c thi\u1ebft k\u1ebf d\u1ea1ng ph\u1ec5u to r\u1ed9ng v\u1edbi k\u00edch th\u01b0\u1edbc CD 49 * CR 47cm, gi\u00fap cho vi\u1ec7c \u0111\u01b0a nguy\u00ean li\u1ec7u v\u00e0o bu\u1ed3ng b\u0103m d\u1ec5 d\u00e0ng h\u01a1n.<\/p>\n<h3 id=\"ftoc-heading-8\" class=\"ftwp-heading\">Bu\u1ed3ng l\u00e0m vi\u1ec7c<\/h3>\n<p>\u0110\u01b0\u1ee3c thi\u1ebft k\u1ebf \u0111\u1ed9c \u0111\u00e1o v\u00e0 \u01b0u vi\u1ec7t chuy\u00ean ph\u1ee5c v\u1ee5 ch\u1ec9 \u0111\u1ec3 b\u0103m v\u1ecf d\u1eeba t\u01b0\u01a1i ho\u1eb7c kh\u00f4 (c\u00f3 th\u1ec3 b\u0103m \u0111\u01b0\u1ee3c nguy\u00ean qu\u1ea3 d\u1eeba). Th\u00e0nh m\u00e1y d\u00e0y d\u1eb7n, b\u00ean trong h\u1ec7 th\u1ed1ng bu\u1ed3ng l\u00e0m vi\u1ec7c g\u1ed3m c\u00e1c b\u00faa \u0111\u1eadp tr\u00ean qu\u1ea3 l\u00f4 xoay, k\u1ebft h\u1ee3p v\u1edbi 2 thanh b\u00faa\u00a0 \u0111\u01b0\u1ee3c h\u00e0n c\u1ed1 \u0111\u1ecbnh gi\u00fap gia t\u0103ng kh\u1ea3 n\u0103ng \u0111\u1eadp x\u00e9 v\u1ecf d\u1eeba c\u1ee9ng.<\/p>\n<figure id=\"attachment_7660\" aria-describedby=\"caption-attachment-7660\" style=\"width: 800px\" class=\"wp-caption aligncenter\"><img loading=\"lazy\" decoding=\"async\" class=\"wp-image-7660 size-full\" src=\"https:\/\/congtybinhminh.com\/wp-content\/uploads\/2023\/04\/Buong-lam-viec-2.webp\" alt=\"Bu\u1ed3ng l\u00e0m vi\u1ec7c \" width=\"800\" height=\"600\" srcset=\"https:\/\/congtybinhminh.com\/wp-content\/uploads\/2023\/04\/Buong-lam-viec-2.webp 800w, https:\/\/congtybinhminh.com\/wp-content\/uploads\/2023\/04\/Buong-lam-viec-2-510x383.webp 510w, https:\/\/congtybinhminh.com\/wp-content\/uploads\/2023\/04\/Buong-lam-viec-2-533x400.webp 533w, https:\/\/congtybinhminh.com\/wp-content\/uploads\/2023\/04\/Buong-lam-viec-2-768x576.webp 768w\" sizes=\"auto, (max-width: 800px) 100vw, 800px\" \/><figcaption id=\"caption-attachment-7660\" class=\"wp-caption-text\">Bu\u1ed3ng l\u00e0m vi\u1ec7c<\/figcaption><\/figure>\n<p>Ngay ph\u00eda d\u01b0\u1edbi \u0111\u01b0\u1ee3c l\u1eafp \u0111\u1eb7t 1 m\u1eb7t s\u00e0ng d\u1ea1ng thanh gi\u00fap s\u00e0ng l\u1ecdc m\u00f9n d\u1eeba v\u00e0 \u0111\u1ea9y th\u00e0nh ph\u1ea9m x\u01a1 d\u1eeba sang b\u00ean ph\u00eda c\u00e1nh qu\u1ea1t \u0111\u1ec3 th\u1ed5i \u0111\u1ea9y ra b\u00ean ngo\u00e0i.<\/p>\n<h3 id=\"ftoc-heading-9\" class=\"ftwp-heading\">C\u1eeda x\u1ea3 th\u00e0nh ph\u1ea9m t\u00e1ch bi\u1ec7t<\/h3>\n<p>\u0110\u01b0\u1ee3c thi\u1ebft k\u1ebf 2 c\u1eeda x\u1ea3 t\u00e1ch bi\u1ec7t gi\u00fap ng\u01b0\u1eddi s\u1eed d\u1ee5ng c\u00f3 th\u1ec3 b\u1ecf qua c\u00f4ng \u0111o\u1ea1n ph\u00e2n lo\u1ea1i th\u00e0nh ph\u1ea9m.<\/p>\n<p>\u2013 1 c\u1eeda x\u1ea3 th\u00e0nh ph\u1ea9m x\u01a1 d\u1eeba<\/p>\n<p><img loading=\"lazy\" decoding=\"async\" class=\"aligncenter wp-image-7662 size-full\" src=\"https:\/\/congtybinhminh.com\/wp-content\/uploads\/2023\/04\/Cua-xa-xo-dua.webp\" alt=\"\" width=\"800\" height=\"600\" srcset=\"https:\/\/congtybinhminh.com\/wp-content\/uploads\/2023\/04\/Cua-xa-xo-dua.webp 800w, https:\/\/congtybinhminh.com\/wp-content\/uploads\/2023\/04\/Cua-xa-xo-dua-510x383.webp 510w, https:\/\/congtybinhminh.com\/wp-content\/uploads\/2023\/04\/Cua-xa-xo-dua-533x400.webp 533w, https:\/\/congtybinhminh.com\/wp-content\/uploads\/2023\/04\/Cua-xa-xo-dua-768x576.webp 768w\" sizes=\"auto, (max-width: 800px) 100vw, 800px\" \/><\/p>\n<p>\u2013 1 c\u1eeda x\u1ea3 th\u00e0nh ph\u1ea9m m\u00f9n d\u1eeba.<\/p>\n<figure id=\"attachment_7661\" aria-describedby=\"caption-attachment-7661\" style=\"width: 800px\" class=\"wp-caption aligncenter\"><img loading=\"lazy\" decoding=\"async\" class=\"wp-image-7661 size-full\" src=\"https:\/\/congtybinhminh.com\/wp-content\/uploads\/2023\/04\/Cua-xa-mun-dua.webp\" alt=\"C\u1eeda x\u1ea3 m\u00f9n d\u1eeba\" width=\"800\" height=\"600\" srcset=\"https:\/\/congtybinhminh.com\/wp-content\/uploads\/2023\/04\/Cua-xa-mun-dua.webp 800w, https:\/\/congtybinhminh.com\/wp-content\/uploads\/2023\/04\/Cua-xa-mun-dua-510x383.webp 510w, https:\/\/congtybinhminh.com\/wp-content\/uploads\/2023\/04\/Cua-xa-mun-dua-533x400.webp 533w, https:\/\/congtybinhminh.com\/wp-content\/uploads\/2023\/04\/Cua-xa-mun-dua-768x576.webp 768w\" sizes=\"auto, (max-width: 800px) 100vw, 800px\" \/><figcaption id=\"caption-attachment-7661\" class=\"wp-caption-text\">C\u1eeda x\u1ea3 m\u00f9n d\u1eeba<\/figcaption><\/figure>\n<h3>Thanh g\u1ea1t \u0111i\u1ec1u ch\u1ec9nh<\/h3>\n<p>V\u1edbi thi\u1ebft k\u1ebf thanh g\u1ea1t \u0111i\u1ec1u ch\u1ec9nh n\u1eb7ng-nh\u1eb9 gi\u00fap b\u00e0 con c\u00f3 th\u1ec3 b\u0103m nguy\u00ean li\u1ec7u theo \u00fd mu\u1ed1n:<\/p>\n<figure id=\"attachment_7649\" aria-describedby=\"caption-attachment-7649\" style=\"width: 800px\" class=\"wp-caption aligncenter\"><img loading=\"lazy\" decoding=\"async\" class=\"wp-image-7649 size-full\" src=\"https:\/\/congtybinhminh.com\/wp-content\/uploads\/2023\/04\/Thanh-gat-dieu-chinh.webp\" alt=\"Thanh g\u1ea1t \u0111i\u1ec1u ch\u1ec9nh\" width=\"800\" height=\"600\" srcset=\"https:\/\/congtybinhminh.com\/wp-content\/uploads\/2023\/04\/Thanh-gat-dieu-chinh.webp 800w, https:\/\/congtybinhminh.com\/wp-content\/uploads\/2023\/04\/Thanh-gat-dieu-chinh-510x383.webp 510w, https:\/\/congtybinhminh.com\/wp-content\/uploads\/2023\/04\/Thanh-gat-dieu-chinh-533x400.webp 533w, https:\/\/congtybinhminh.com\/wp-content\/uploads\/2023\/04\/Thanh-gat-dieu-chinh-768x576.webp 768w\" sizes=\"auto, (max-width: 800px) 100vw, 800px\" \/><figcaption id=\"caption-attachment-7649\" class=\"wp-caption-text\">Thanh g\u1ea1t \u0111i\u1ec1u ch\u1ec9nh<\/figcaption><\/figure>\n<p>+Nh\u1eb9: Gi\u00fap b\u0103m nhanh h\u01a1n<\/p>\n<p>+N\u1eb7ng: B\u0103m l\u00e2u h\u01a1n, k\u1ef9 h\u01a1n.<\/p>\n<h2 id=\"ftoc-heading-10\" class=\"ftwp-heading\">Nh\u1eefng l\u01b0u \u00fd khi v\u1ec7 sinh v\u00e0 b\u1ea3o qu\u1ea3n m\u00e1y<\/h2>\n<p>Khi k\u1ebft th\u00fac qu\u00e1 tr\u00ecnh b\u0103m, \u0111\u1ec3 m\u00e1y ch\u1ea1y th\u00eam kho\u1ea3ng 10 \u2013 20s cho th\u00e0nh ph\u1ea9m x\u1ea3 h\u1ebft ra b\u00ean ngo\u00e0i tr\u00e1nh l\u01b0u l\u1ea1i trong m\u00e1y.<\/p>\n<figure id=\"attachment_7665\" aria-describedby=\"caption-attachment-7665\" style=\"width: 800px\" class=\"wp-caption aligncenter\"><img loading=\"lazy\" decoding=\"async\" class=\"wp-image-7665 size-full\" src=\"https:\/\/congtybinhminh.com\/wp-content\/uploads\/2023\/04\/May-bam-xo-dua-b1200-5.webp\" alt=\"M\u00e1y b\u0103m x\u01a1 d\u1eeba b1200\" width=\"800\" height=\"600\" srcset=\"https:\/\/congtybinhminh.com\/wp-content\/uploads\/2023\/04\/May-bam-xo-dua-b1200-5.webp 800w, https:\/\/congtybinhminh.com\/wp-content\/uploads\/2023\/04\/May-bam-xo-dua-b1200-5-510x383.webp 510w, https:\/\/congtybinhminh.com\/wp-content\/uploads\/2023\/04\/May-bam-xo-dua-b1200-5-533x400.webp 533w, https:\/\/congtybinhminh.com\/wp-content\/uploads\/2023\/04\/May-bam-xo-dua-b1200-5-768x576.webp 768w\" sizes=\"auto, (max-width: 800px) 100vw, 800px\" \/><figcaption id=\"caption-attachment-7665\" class=\"wp-caption-text\">M\u00e1y b\u0103m x\u01a1 d\u1eeba B1200<\/figcaption><\/figure>\n<p>Kh\u00f4ng b\u0103m nh\u1eefng nguy\u00ean li\u1ec7u qu\u00e1 c\u1ee9ng kh\u00f4ng ph\u00f9 h\u1ee3p ho\u1eb7c \u0111\u1ec3 kim lo\u1ea1i r\u01a1i v\u00e0o bu\u1ed3ng l\u00e0m vi\u1ec7c s\u1ebd l\u00e0m h\u1ecfng b\u00faa.<\/p>\n<p>Th\u01b0\u1eddng xuy\u00ean tra m\u1ee1 v\u00e0o c\u00e1c \u1ed5 bi \u0111\u1ec3 b\u1ea3o \u0111\u1ea3m ti\u1ebfn \u0111\u1ed9 ho\u1ea1t \u0111\u1ed9ng v\u00e0 k\u00e9o d\u00e0i tu\u1ed5i th\u1ecd.<\/p>\n<p><strong>Th\u00f4ng s\u1ed1 k\u1ef9 thu\u1eadt<\/strong><\/p>\n<table border=\"1\" cellspacing=\"1\" cellpadding=\"1\">\n<tbody>\n<tr>\n<td>C\u00f4ng su\u1ea5t \u0111\u1ed9ng c\u01a1<\/td>\n<td>18.5 kw<\/td>\n<\/tr>\n<tr>\n<td>Ngu\u1ed3n \u0111i\u1ec7n<\/td>\n<td>380 ( V)<\/td>\n<\/tr>\n<tr>\n<td>T\u1ed1c \u0111\u1ed9 \u0111\u1ed9ng c\u01a1<\/td>\n<td>1450 ( v\/p)<\/td>\n<\/tr>\n<tr>\n<td>Nguy\u00ean b\u1ed9<\/td>\n<td>399(kg)<\/td>\n<\/tr>\n<tr>\n<td>Kh\u00f4ng \u0111\u1ed9ng c\u01a1<\/td>\n<td>230(kg)<\/td>\n<\/tr>\n<tr>\n<td>N\u0103ng su\u1ea5t<\/td>\n<td>900-1000 kg\/h<\/td>\n<\/tr>\n<tr>\n<td>K\u00edch th\u01b0\u1edbc ( D * C * R )<\/td>\n<td>200*141*90cm<\/td>\n<\/tr>\n<tr>\n<td>B\u1ea3o h\u00e0nh<\/td>\n<td>06 th\u00e1ng<\/td>\n<\/tr>\n<tr>\n<td>H\u00ecnh th\u1ee9c thanh to\u00e1n<\/td>\n<td><em><strong>Ti\u1ec1n m\u1eb7t ho\u1eb7c chuy\u1ec3n kho\u1ea3n\u00a0<\/strong><\/em><\/td>\n<\/tr>\n<\/tbody>\n<\/table>\n","protected":false},"excerpt":{"rendered":"<ul>\n<li><strong>H\u00e3ng s\u1ea3n xu\u1ea5t:\u00a0<\/strong>B\u00ecnh Minh<\/li>\n<li><strong>C\u00f4ng su\u1ea5t \u0111\u1ed9ng c\u01a1:<\/strong>\u00a018,5kw<\/li>\n<li><strong>Ngu\u1ed3n \u0111i\u1ec7n:\u00a0<\/strong>380V<\/li>\n<li><strong>T\u1ed1c \u0111\u1ed9:<\/strong>\u00a01450 v\/p<\/li>\n<li><strong>Tr\u1ecdng\u00a0l\u01b0\u1ee3ng:\u00a0<\/strong>399kg<\/li>\n<li><strong>N\u0103ng su\u1ea5t:<\/strong>\u00a0800 \u2013 1000 kg\/gi\u1edd<strong>\u00a0<\/strong><\/li>\n<li><strong>T\u00ednh n\u0103ng:<\/strong>\u00a0Chuy\u00ean b\u0103m v\u1ecf d\u1eeba t\u01b0\u01a1i, v\u1ecf d\u1eeba kh\u00f4,\u2026 th\u00e0nh d\u1ea1ng x\u01a1 d\u1eeba v\u00e0 m\u00f9n d\u1eeba ri\u00eang bi\u1ec7t, d\u00f9ng l\u00e0m ph\u00e2n b\u00f3n tr\u1ed3ng c\u00e2y, \u0111\u1ec7m l\u00f3t chu\u1ed3ng, \u0111\u1ed3 th\u1ee7 c\u00f4ng m\u1ef9 ngh\u1ec7,\u2026<\/li>\n<\/ul>\n","protected":false},"featured_media":7653,"comment_status":"closed","ping_status":"closed","template":"","meta":[],"product_brand":[],"product_cat":[197],"product_tag":[],"class_list":{"0":"post-7652","1":"product","2":"type-product","3":"status-publish","4":"has-post-thumbnail","6":"product_cat-may-bam-xo-dua-2","8":"first","9":"instock","10":"shipping-taxable","11":"product-type-simple"},"_links":{"self":[{"href":"https:\/\/congtybinhminh.com\/index.php?rest_route=\/wp\/v2\/product\/7652","targetHints":{"allow":["GET"]}}],"collection":[{"href":"https:\/\/congtybinhminh.com\/index.php?rest_route=\/wp\/v2\/product"}],"about":[{"href":"https:\/\/congtybinhminh.com\/index.php?rest_route=\/wp\/v2\/types\/product"}],"replies":[{"embeddable":true,"href":"https:\/\/congtybinhminh.com\/index.php?rest_route=%2Fwp%2Fv2%2Fcomments&post=7652"}],"wp:featuredmedia":[{"embeddable":true,"href":"https:\/\/congtybinhminh.com\/index.php?rest_route=\/wp\/v2\/media\/7653"}],"wp:attachment":[{"href":"https:\/\/congtybinhminh.com\/index.php?rest_route=%2Fwp%2Fv2%2Fmedia&parent=7652"}],"wp:term":[{"taxonomy":"product_brand","embeddable":true,"href":"https:\/\/congtybinhminh.com\/index.php?rest_route=%2Fwp%2Fv2%2Fproduct_brand&post=7652"},{"taxonomy":"product_cat","embeddable":true,"href":"https:\/\/congtybinhminh.com\/index.php?rest_route=%2Fwp%2Fv2%2Fproduct_cat&post=7652"},{"taxonomy":"product_tag","embeddable":true,"href":"https:\/\/congtybinhminh.com\/index.php?rest_route=%2Fwp%2Fv2%2Fproduct_tag&post=7652"}],"curies":[{"name":"wp","href":"https:\/\/api.w.org\/{rel}","templated":true}]}}