{"id":76,"date":"2019-10-23T09:56:05","date_gmt":"2019-10-23T02:56:05","guid":{"rendered":"https:\/\/congtybinhminh.com\/?post_type=product&#038;p=76"},"modified":"2025-03-12T09:02:55","modified_gmt":"2025-03-12T02:02:55","slug":"may-ep-cam-vien-s150","status":"publish","type":"product","link":"https:\/\/congtybinhminh.com\/?product=may-ep-cam-vien-s150","title":{"rendered":"M\u00e1y \u00c9p C\u00e1m Vi\u00ean S150"},"content":{"rendered":"<h2>Video ho\u1ea1t \u0111\u1ed9ng c\u1ee7a m\u00e1y \u00e9p c\u00e1m vi\u00ean S150<\/h2>\n<p><iframe loading=\"lazy\" title=\"\u1ee8ng D\u1ee5ng Th\u1ef1c Ti\u1ec5n M\u00e1y \u00c9p C\u00e1m Vi\u00ean Gia \u0110\u00ecnh S150 Trong Ch\u0103n Nu\u00f4i G\u00e0 Gi\u00e1 R\u1ebb\" width=\"1020\" height=\"574\" src=\"https:\/\/www.youtube.com\/embed\/VsIB6RQXVRw?feature=oembed\" frameborder=\"0\" allow=\"accelerometer; autoplay; clipboard-write; encrypted-media; gyroscope; picture-in-picture; web-share\" referrerpolicy=\"strict-origin-when-cross-origin\" allowfullscreen><\/iframe><\/p>\n<h2>Gi\u1edbi thi\u1ec7u m\u00e1y \u00e9p c\u00e1m vi\u00ean S150<\/h2>\n<p>M\u00e1y \u00e9p c\u00e1m vi\u00ean S150 do c\u00f4ng ty B\u00ecnh Minh s\u1ea3n xu\u1ea5t chuy\u00ean d\u00f9ng nghi\u1ec1n &#8211; \u00e9p h\u1ed7n h\u1ee3p b\u1ed9t c\u00e1m t\u1ea1o th\u00e0nh vi\u00ean l\u00e0m th\u1ee9c \u0103n cho gia s\u00fac &#8211; gia c\u1ea7m<\/p>\n<p><img loading=\"lazy\" decoding=\"async\" class=\"aligncenter wp-image-10515 size-full\" src=\"https:\/\/congtybinhminh.com\/wp-content\/uploads\/2019\/10\/may-ep-cam-vien-s150_result222-1.webp\" alt=\"may-ep-cam-vien-s150_result222\" width=\"800\" height=\"1078\" srcset=\"https:\/\/congtybinhminh.com\/wp-content\/uploads\/2019\/10\/may-ep-cam-vien-s150_result222-1.webp 800w, https:\/\/congtybinhminh.com\/wp-content\/uploads\/2019\/10\/may-ep-cam-vien-s150_result222-1-297x400.webp 297w, https:\/\/congtybinhminh.com\/wp-content\/uploads\/2019\/10\/may-ep-cam-vien-s150_result222-1-594x800.webp 594w, https:\/\/congtybinhminh.com\/wp-content\/uploads\/2019\/10\/may-ep-cam-vien-s150_result222-1-768x1035.webp 768w, https:\/\/congtybinhminh.com\/wp-content\/uploads\/2019\/10\/may-ep-cam-vien-s150_result222-1-510x687.webp 510w\" sizes=\"auto, (max-width: 800px) 100vw, 800px\" \/><\/p>\n<p>M\u00e1y \u00e9p c\u00e1m vi\u00ean 2 qu\u1ea3 l\u00f4 s\u1eed d\u1ee5ng \u0111\u1ed9ng c\u01a1 3kw ngu\u1ed3n \u0111i\u1ec7n 220V n\u0103ng su\u1ea5t \u0111\u1ea1t t\u1eeb 100 &#8211; 150 kg\/gi\u1edd th\u00edch h\u1ee3p s\u1eed d\u1ee5ng t\u1ea1i c\u00e1c h\u1ed9 gia \u0111\u00ecnh hay c\u00e1c trang tr\u1ea1i ch\u0103n nu\u00f4i quy m\u00f4 v\u1eeba v\u00e0 nh\u1ecf<\/p>\n<p><img loading=\"lazy\" decoding=\"async\" class=\"aligncenter wp-image-10517 size-full\" src=\"https:\/\/congtybinhminh.com\/wp-content\/uploads\/2019\/10\/cach-su-dung-may-ep-cam-vien-copy-2_result222.webp\" alt=\"cach-su-dung-may-ep-cam-vien copy 2_result222\" width=\"800\" height=\"1170\" srcset=\"https:\/\/congtybinhminh.com\/wp-content\/uploads\/2019\/10\/cach-su-dung-may-ep-cam-vien-copy-2_result222.webp 800w, https:\/\/congtybinhminh.com\/wp-content\/uploads\/2019\/10\/cach-su-dung-may-ep-cam-vien-copy-2_result222-274x400.webp 274w, https:\/\/congtybinhminh.com\/wp-content\/uploads\/2019\/10\/cach-su-dung-may-ep-cam-vien-copy-2_result222-547x800.webp 547w, https:\/\/congtybinhminh.com\/wp-content\/uploads\/2019\/10\/cach-su-dung-may-ep-cam-vien-copy-2_result222-768x1123.webp 768w, https:\/\/congtybinhminh.com\/wp-content\/uploads\/2019\/10\/cach-su-dung-may-ep-cam-vien-copy-2_result222-510x746.webp 510w\" sizes=\"auto, (max-width: 800px) 100vw, 800px\" \/><\/p>\n<h2>Nh\u1eefng t\u00ednh n\u0103ng m\u00e1y \u00e9p c\u00e1m vi\u00ean S150<\/h2>\n<p>M\u00e1y \u00e9p c\u00e1m vi\u00ean S150 thi\u1ebft b\u1ecb chuy\u00ean d\u00f9ng \u0111\u1ec3 nghi\u1ec1n &#8211; \u00e9p h\u1ed7n h\u1ee3p b\u1ed9t c\u00e1m, ng\u00f4 h\u1ea1t, rau xanh, cua, c\u00e1, \u1ed1c.. t\u1ea1o th\u00e0nh vi\u00ean l\u00e0m th\u1ee9c \u0103n cho gia s\u00fac &#8211; gia c\u1ea7m<\/p>\n<p><img loading=\"lazy\" decoding=\"async\" class=\"aligncenter wp-image-10523 size-full\" src=\"https:\/\/congtybinhminh.com\/wp-content\/uploads\/2019\/10\/cong-thuc-ep-cam-vien_result222.webp\" alt=\"cong-thuc-ep-cam-vien_result222\" width=\"800\" height=\"782\" srcset=\"https:\/\/congtybinhminh.com\/wp-content\/uploads\/2019\/10\/cong-thuc-ep-cam-vien_result222.webp 800w, https:\/\/congtybinhminh.com\/wp-content\/uploads\/2019\/10\/cong-thuc-ep-cam-vien_result222-409x400.webp 409w, https:\/\/congtybinhminh.com\/wp-content\/uploads\/2019\/10\/cong-thuc-ep-cam-vien_result222-768x751.webp 768w, https:\/\/congtybinhminh.com\/wp-content\/uploads\/2019\/10\/cong-thuc-ep-cam-vien_result222-510x499.webp 510w\" sizes=\"auto, (max-width: 800px) 100vw, 800px\" \/><\/p>\n<p>Qu\u00e1 tr\u00ecnh n\u00e1y, gi\u00fap t\u1ea1o ra nh\u1eefng vi\u00ean n\u00e9n d\u1ec5 s\u1eed d\u1ee5ng ti\u1ec7n l\u1ee3i m\u00e0 v\u1eadt nu\u00f4i d\u1ec5 \u0103n &#8211; \u0103n \u0111\u01b0\u1ee3c nhi\u1ec1u h\u01a1n<\/p>\n<p><img loading=\"lazy\" decoding=\"async\" class=\"aligncenter wp-image-10525 size-full\" src=\"https:\/\/congtybinhminh.com\/wp-content\/uploads\/2019\/10\/ep-vien-phan_result222.webp\" alt=\"ep-vien-phan_result222\" width=\"800\" height=\"511\" srcset=\"https:\/\/congtybinhminh.com\/wp-content\/uploads\/2019\/10\/ep-vien-phan_result222.webp 800w, https:\/\/congtybinhminh.com\/wp-content\/uploads\/2019\/10\/ep-vien-phan_result222-626x400.webp 626w, https:\/\/congtybinhminh.com\/wp-content\/uploads\/2019\/10\/ep-vien-phan_result222-768x491.webp 768w, https:\/\/congtybinhminh.com\/wp-content\/uploads\/2019\/10\/ep-vien-phan_result222-510x326.webp 510w\" sizes=\"auto, (max-width: 800px) 100vw, 800px\" \/><\/p>\n<p>Ngo\u00e0i ra, m\u00e1y c\u00f2n c\u00f3 th\u1ec3 \u00e9p ch\u1ea5t th\u1ea3i t\u1eeb ph\u00e2n g\u00e0, d\u00ea, tr\u00f9n qu\u1ebf&#8230; t\u1ea1o th\u00e0nh vi\u00ean l\u00e0m vi\u00ean ph\u00e2n n\u00e9n tr\u1ed3ng c\u00e2y t\u1ed1t cho c\u00e2y tr\u1ed3ng<\/p>\n<h2>C\u1ea5u t\u1ea1o m\u00e1y \u00e9p c\u00e1m vi\u00ean S150<\/h2>\n<p>Thu\u1ed9c d\u00f2ng m\u00e1y \u00e9p tr\u1ee5c \u0111\u1ee9ng, v\u1edbi thi\u1ebft k\u1ebf nh\u1ecf g\u1ecdn kh\u00f4ng chi\u1ebfm nhi\u1ec1u di\u1ec7n t\u00edch, ph\u1ea7n khung m\u00e1y \u0111\u01b0\u1ee3c h\u00e0n g\u1eafn ch\u1eafc ch\u1eafn kh\u00f4ng g\u00e2y rung l\u1eafc trong qu\u00e1 tr\u00ecnh \u00e9p<\/p>\n<p><img loading=\"lazy\" decoding=\"async\" class=\"aligncenter wp-image-10516 size-full\" src=\"https:\/\/congtybinhminh.com\/wp-content\/uploads\/2019\/10\/cau-tao-may-ep-cam-vien-s150-binh-minh_result222.webp\" alt=\"cau-tao-may-ep-cam-vien-s150-binh-minh_result222\" width=\"800\" height=\"600\" srcset=\"https:\/\/congtybinhminh.com\/wp-content\/uploads\/2019\/10\/cau-tao-may-ep-cam-vien-s150-binh-minh_result222.webp 800w, https:\/\/congtybinhminh.com\/wp-content\/uploads\/2019\/10\/cau-tao-may-ep-cam-vien-s150-binh-minh_result222-533x400.webp 533w, https:\/\/congtybinhminh.com\/wp-content\/uploads\/2019\/10\/cau-tao-may-ep-cam-vien-s150-binh-minh_result222-768x576.webp 768w, https:\/\/congtybinhminh.com\/wp-content\/uploads\/2019\/10\/cau-tao-may-ep-cam-vien-s150-binh-minh_result222-510x383.webp 510w\" sizes=\"auto, (max-width: 800px) 100vw, 800px\" \/><\/p>\n<p>Ch\u00e2n m\u00e1y l\u1eafp \u0111\u1eb7t 4 b\u00e1nh xe thu\u1eadn ti\u1ec7n di chuy\u1ec3n v\u1ecb tr\u00ed \u0111\u1eb7t m\u00e1y, ph\u1ea7n \u0111\u1ea7u m\u00e1y \u00e9p c\u00f3 th\u1ec3 th\u00e1o r\u1eddi thu\u1eadn ti\u1ec7n cho ng\u01b0\u1eddi d\u00f9ng c\u00f3 th\u1ec3 v\u1ec7 sinh m\u00e1y<\/p>\n<h3>Toa n\u1ea1p v\u00e0 c\u1eeda x\u1ea3<\/h3>\n<p>Ph\u1ea7n toa n\u1ea1p \u0111\u01b0\u1ee3c thi\u1ebft k\u1ebf d\u1ea1ng ph\u1ec5u \u0111\u1ee9ng v\u1edbi chi\u1ec1u cao v\u1eeba t\u1ea7m ng\u01b0\u1eddi d\u00f9ng<\/p>\n<p><img loading=\"lazy\" decoding=\"async\" class=\"aligncenter wp-image-10520 size-full\" src=\"https:\/\/congtybinhminh.com\/wp-content\/uploads\/2019\/10\/ep-cam-vien-cho-ga_result222.webp\" alt=\"ep-cam-vien-cho-ga_result222\" width=\"800\" height=\"552\" srcset=\"https:\/\/congtybinhminh.com\/wp-content\/uploads\/2019\/10\/ep-cam-vien-cho-ga_result222.webp 800w, https:\/\/congtybinhminh.com\/wp-content\/uploads\/2019\/10\/ep-cam-vien-cho-ga_result222-580x400.webp 580w, https:\/\/congtybinhminh.com\/wp-content\/uploads\/2019\/10\/ep-cam-vien-cho-ga_result222-768x530.webp 768w, https:\/\/congtybinhminh.com\/wp-content\/uploads\/2019\/10\/ep-cam-vien-cho-ga_result222-510x352.webp 510w\" sizes=\"auto, (max-width: 800px) 100vw, 800px\" \/><\/p>\n<p>H\u1ed7n h\u1ee3p b\u1ed9t c\u00e1m sau khi \u0111\u01b0\u1ee3c ph\u1ed1i tr\u1ed9n v\u1edbi t\u1ef7 l\u1ec7 \u0111\u1ed9 \u1ea9m 20 -25% s\u1ebd \u0111\u01b0\u1ee3c \u0111\u01b0a tr\u1ef1c ti\u1ebfp v\u00e0o toa, th\u00e0nh ph\u1ea9m sau khi \u00e9p s\u1ebd \u0111\u01b0\u1ee3c \u0111\u01b0a xu\u1ed1ng c\u1eeda x\u1ea3 b\u00ean d\u01b0\u1edbi<\/p>\n<p>H\u01a1n n\u1eefa, ng\u01b0\u1eddi d\u00f9ng c\u00f3 th\u1ec3 linh \u0111\u1ed9ng \u0111i\u1ec1u ch\u1ec9nh \u0111\u1ed9 d\u00e0i &#8211; ng\u1eafn c\u1ee7a vi\u00ean c\u00e1m b\u1eb1ng c\u00e1ch:<\/p>\n<p><img loading=\"lazy\" decoding=\"async\" class=\"aligncenter wp-image-10524 size-full\" src=\"https:\/\/congtybinhminh.com\/wp-content\/uploads\/2019\/10\/thanh-dao-cat-cam-copy_result222.webp\" alt=\"thanh-dao-cat-cam copy_result222\" width=\"800\" height=\"453\" srcset=\"https:\/\/congtybinhminh.com\/wp-content\/uploads\/2019\/10\/thanh-dao-cat-cam-copy_result222.webp 800w, https:\/\/congtybinhminh.com\/wp-content\/uploads\/2019\/10\/thanh-dao-cat-cam-copy_result222-706x400.webp 706w, https:\/\/congtybinhminh.com\/wp-content\/uploads\/2019\/10\/thanh-dao-cat-cam-copy_result222-768x435.webp 768w, https:\/\/congtybinhminh.com\/wp-content\/uploads\/2019\/10\/thanh-dao-cat-cam-copy_result222-510x289.webp 510w\" sizes=\"auto, (max-width: 800px) 100vw, 800px\" \/><\/p>\n<ul>\n<li>N\u00e2ng dao c\u1eaft tr\u01b0\u1edbc c\u1eeda x\u1ea3: n\u1ebfu mu\u1ed1n vi\u00ean c\u00e1m ng\u1eafn<\/li>\n<li>H\u1ea1 dao c\u1eaft tr\u01b0\u1edbc c\u1eeda x\u1ea3: n\u1ebfu mu\u1ed1n vi\u00ean c\u00e1m d\u00e0i<\/li>\n<\/ul>\n<h3>Bu\u1ed3ng l\u00e0m vi\u1ec7c<\/h3>\n<p>B\u00ean trong bu\u1ed3ng l\u00e0m vi\u1ec7c \u0111\u01b0\u1ee3c trang b\u1ecb h\u1ec7 th\u1ed1ng 2 qu\u1ea3 l\u00f4 \u00e9p c\u00f9ng m\u1eb7t s\u00e0ng, khi m\u00e1y ho\u1ea1t \u0111\u1ed9ng qu\u1ea3 l\u00f4 quay tr\u00f2n nghi\u1ec1n &#8211; \u00e9p nguy\u00ean li\u1ec7u v\u1edbi m\u1eb7t s\u00e0ng t\u1ea1o th\u00e0nh vi\u00ean<\/p>\n<p><img loading=\"lazy\" decoding=\"async\" class=\"aligncenter wp-image-10518 size-full\" src=\"https:\/\/congtybinhminh.com\/wp-content\/uploads\/2019\/10\/mat-sang-may-ep-cam-vien-copy-2_result222.webp\" alt=\"mat-sang-may-ep-cam-vien copy 2_result222\" width=\"800\" height=\"1014\" srcset=\"https:\/\/congtybinhminh.com\/wp-content\/uploads\/2019\/10\/mat-sang-may-ep-cam-vien-copy-2_result222.webp 800w, https:\/\/congtybinhminh.com\/wp-content\/uploads\/2019\/10\/mat-sang-may-ep-cam-vien-copy-2_result222-316x400.webp 316w, https:\/\/congtybinhminh.com\/wp-content\/uploads\/2019\/10\/mat-sang-may-ep-cam-vien-copy-2_result222-631x800.webp 631w, https:\/\/congtybinhminh.com\/wp-content\/uploads\/2019\/10\/mat-sang-may-ep-cam-vien-copy-2_result222-768x973.webp 768w, https:\/\/congtybinhminh.com\/wp-content\/uploads\/2019\/10\/mat-sang-may-ep-cam-vien-copy-2_result222-510x646.webp 510w\" sizes=\"auto, (max-width: 800px) 100vw, 800px\" \/><\/p>\n<p>Ng\u01b0\u1eddi d\u00f9ng c\u00f3 th\u1ec3 \u0111i\u1ec1u ch\u1ec9nh k\u00edch c\u1ee1 vi\u00ean c\u00e1m b\u1eb1ng c\u00e1ch l\u1ef1a ch\u1ecdn thay l\u1eafp m\u1eb7t s\u00e0ng trong m\u00e1y ( s\u00e0ng l\u1ed7 3ly; 4ly;5ly) sao cho ph\u00f9 h\u1ee3p v\u1edbi t\u1eebng m\u1eb7t s\u00e0ng v\u00e0 t\u1eebng giai \u0111o\u1ea1n ph\u00e1t tri\u1ec3n<\/p>\n<p>L\u01b0u \u00fd; b\u00e0 con c\u00f3 th\u1ec3 l\u1ef1a ch\u1ecdn 1 trong c\u00e1c m\u1eb7t s\u00e0ng l\u1eafp trong m\u00e1y, c\u00e1c m\u1eb7t s\u00e0ng c\u00f2n l\u1ea1i c\u00f3 th\u1ec3 \u0111\u1eb7t mua th\u00eam<\/p>\n<h3>Cho n\u0103ng su\u1ea5t cao<\/h3>\n<p>M\u00e1y \u00e9p c\u00e1m vi\u00ean S150 d\u00f9ng \u0111i\u1ec7n gia \u0111\u00ecnh 220V \u0111\u1ed9ng c\u01a1 3kw motor l\u00f5i d\u00e2y \u0111\u1ed3ng 100% .<\/p>\n<p><img loading=\"lazy\" decoding=\"async\" class=\"aligncenter wp-image-10521 size-full\" src=\"https:\/\/congtybinhminh.com\/wp-content\/uploads\/2019\/10\/day-curoa-may-ep-vien_result222.webp\" alt=\"day-curoa-may-ep-vien_result222\" width=\"800\" height=\"490\" srcset=\"https:\/\/congtybinhminh.com\/wp-content\/uploads\/2019\/10\/day-curoa-may-ep-vien_result222.webp 800w, https:\/\/congtybinhminh.com\/wp-content\/uploads\/2019\/10\/day-curoa-may-ep-vien_result222-653x400.webp 653w, https:\/\/congtybinhminh.com\/wp-content\/uploads\/2019\/10\/day-curoa-may-ep-vien_result222-768x470.webp 768w, https:\/\/congtybinhminh.com\/wp-content\/uploads\/2019\/10\/day-curoa-may-ep-vien_result222-510x312.webp 510w\" sizes=\"auto, (max-width: 800px) 100vw, 800px\" \/><\/p>\n<p>D\u00e2y curoa k\u1ebft n\u1ed1i gi\u1eefa c\u00e1c buly truy\u1ec1n l\u1ef1c t\u1eeb \u0111\u1ed9ng c\u01a1 t\u1edbi buly m\u00e1y v\u00e0o bu\u1ed3ng nghi\u1ec1n<\/p>\n<p>V\u1edbi t\u1ed1c \u0111\u1ed9 quay l\u00ean t\u1edbi 1450 v\u00f2ng\/ph\u00fat m\u00e1y \u00e9p cho n\u0103ng su\u1ea5t \u0111\u1ea1t t\u1eeb 100 &#8211; 150 kg\/gi\u1edd<\/p>\n<p><img loading=\"lazy\" decoding=\"async\" class=\"aligncenter wp-image-10522 size-full\" src=\"https:\/\/congtybinhminh.com\/wp-content\/uploads\/2019\/10\/may-ep-cam-vien-lap-dau-no_result222.webp\" alt=\"may-ep-cam-vien-lap-dau-no_result222\" width=\"800\" height=\"465\" srcset=\"https:\/\/congtybinhminh.com\/wp-content\/uploads\/2019\/10\/may-ep-cam-vien-lap-dau-no_result222.webp 800w, https:\/\/congtybinhminh.com\/wp-content\/uploads\/2019\/10\/may-ep-cam-vien-lap-dau-no_result222-688x400.webp 688w, https:\/\/congtybinhminh.com\/wp-content\/uploads\/2019\/10\/may-ep-cam-vien-lap-dau-no_result222-768x446.webp 768w, https:\/\/congtybinhminh.com\/wp-content\/uploads\/2019\/10\/may-ep-cam-vien-lap-dau-no_result222-510x296.webp 510w\" sizes=\"auto, (max-width: 800px) 100vw, 800px\" \/><\/p>\n<p>Ngo\u00e0i ra, \u0111\u1ed1i v\u1edbi nh\u1eefng h\u1ed9 \u0111i\u1ec7n y\u1ebfu, \u0111i\u1ec7n kh\u00f4ng \u0111\u1ee7 t\u1ea3i c\u00f3 th\u1ec3 d\u00f9ng \u0111\u1ea7u n\u1ed5 \u0111\u1ec3 ch\u1ea1y m\u00e1y m\u00e0 v\u1eabn \u0111\u1ea3m b\u1ea3o n\u0103ng su\u1ea5t<\/p>\n<h2>\u0110\u1ecba ch\u1ec9 b\u00e1n m\u00e1y \u00e9p c\u00e1m vi\u00ean gi\u00e1 g\u1ed1c t\u1ea1i x\u01b0\u1edfng<\/h2>\n<p>C\u00f4ng ty B\u00ecnh Minh &#8211; \u0111\u01a1n v\u1ecb tr\u1ef1c ti\u1ebfp s\u1ea3n xu\u1ea5t m\u00e1y \u00e9p c\u00e1m vi\u00ean t\u1ea1i H\u00e0 N\u1ed9i v\u1edbi cam k\u1ebft h\u00e0ng m\u1edbi ch\u00ednh h\u00e3ng 100% &#8211; kh\u00f4ng qua \u0111\u1ea1i l\u00fd trung gian<\/p>\n<p><img loading=\"lazy\" decoding=\"async\" class=\"aligncenter wp-image-10519 size-full\" src=\"https:\/\/congtybinhminh.com\/wp-content\/uploads\/2019\/10\/dia-chi-ban-may-ep-cam-vien-copy_result222.webp\" alt=\"dia-chi-ban-may-ep-cam-vien copy_result222\" width=\"800\" height=\"1057\" srcset=\"https:\/\/congtybinhminh.com\/wp-content\/uploads\/2019\/10\/dia-chi-ban-may-ep-cam-vien-copy_result222.webp 800w, https:\/\/congtybinhminh.com\/wp-content\/uploads\/2019\/10\/dia-chi-ban-may-ep-cam-vien-copy_result222-303x400.webp 303w, https:\/\/congtybinhminh.com\/wp-content\/uploads\/2019\/10\/dia-chi-ban-may-ep-cam-vien-copy_result222-605x800.webp 605w, https:\/\/congtybinhminh.com\/wp-content\/uploads\/2019\/10\/dia-chi-ban-may-ep-cam-vien-copy_result222-768x1015.webp 768w, https:\/\/congtybinhminh.com\/wp-content\/uploads\/2019\/10\/dia-chi-ban-may-ep-cam-vien-copy_result222-510x674.webp 510w\" sizes=\"auto, (max-width: 800px) 100vw, 800px\" \/><\/p>\n<p>\u0110\u1ec3 \u0111\u1eb7t mua h\u00e0ng ch\u00ednh h\u00e3ng, b\u00e0 con c\u00f3 th\u1ec3 \u0111\u1ebfn tr\u1ef1c ti\u1ebfp c\u01a1 s\u1edf g\u1ea7n nh\u1ea5t:<\/p>\n<ul>\n<li>Tr\u1ee5 s\u1edf ch\u00ednh: p.L\u00ea L\u1ee3i &#8211; Tx S\u01a1n T\u00e2y &#8211; H\u00e0 N\u1ed9i<\/li>\n<li>Chi nh\u00e1nh mi\u1ec1n Nam: x\u00e3 T\u00e2n Ki\u00ean &#8211; H. B\u00ecnh Ch\u00e1nh &#8211; Tp H\u1ed3 Ch\u00ed Minh<\/li>\n<\/ul>\n<p>Khi \u0111\u1ebfn c\u00f4ng ty mua m\u00e1y, b\u00e0 con s\u1ebd \u0111\u01b0\u1ee3c th\u1eed nghi\u1ec7m v\u1eadn h\u00e0nh m\u00e1y d\u01b0\u1edbi s\u1ef1 h\u01b0\u1edbng d\u1eabn c\u1ee7a \u0111\u1ed9i ng\u0169 k\u1ef9 thu\u1eadt<\/p>\n<p>\u0110\u1ed1i v\u1edbi b\u00e0 con \u1edf xa, c\u00f3 th\u1ec3 li\u00ean h\u1ec7 t\u1edbi s\u1ed1 \u0111i\u1ec7n tho\u1ea1i Hotline tr\u00ean website ho\u1eb7c \u0111\u1ec3 l\u1ea1i ph\u1ea7n b\u00ecnh lu\u1eadn \u0111\u1ed9i ng\u0169 t\u01b0 v\u1ea5n s\u1ebd li\u00ean h\u1ec7 b\u00e0 con trong th\u1eddi gian s\u1edbm nh\u1ea5t<\/p>\n<p><strong>Th\u00f4ng s\u1ed1 k\u1ef9 thu\u1eadt<\/strong><\/p>\n<table border=\"1\" cellspacing=\"1\" cellpadding=\"1\">\n<tbody>\n<tr>\n<td>C\u00f4ng su\u1ea5t \u0111\u1ed9ng c\u01a1<\/td>\n<td>3kw- 4kw<\/td>\n<\/tr>\n<tr>\n<td>Ngu\u1ed3n \u0111i\u1ec7n<\/td>\n<td>220-380 ( V)<\/td>\n<\/tr>\n<tr>\n<td>T\u1ed1c \u0111\u1ed9 \u0111\u1ed9ng c\u01a1<\/td>\n<td>1450 ( v\/p)<\/td>\n<\/tr>\n<tr>\n<td>Nguy\u00ean b\u1ed9<\/td>\n<td>105 (kg)<\/td>\n<\/tr>\n<tr>\n<td>Kh\u00f4ng \u0111\u1ed9ng c\u01a1<\/td>\n<td>83 (kg)<\/td>\n<\/tr>\n<tr>\n<td>N\u0103ng su\u1ea5t<\/td>\n<td>100 &#8211; 150( kg\/h)<\/td>\n<\/tr>\n<tr>\n<td>K\u00edch th\u01b0\u1edbc ( D * C * R )<\/td>\n<td>84*88*49cm<\/td>\n<\/tr>\n<tr>\n<td>B\u1ea3o h\u00e0nh<\/td>\n<td>12 th\u00e1ng<\/td>\n<\/tr>\n<tr>\n<td>H\u00ecnh th\u1ee9c thanh to\u00e1n<\/td>\n<td>Ti\u1ec1n m\u1eb7t ho\u1eb7c chuy\u1ec3n kho\u1ea3n<\/td>\n<\/tr>\n<\/tbody>\n<\/table>\n","protected":false},"excerpt":{"rendered":"<ul>\n<li><strong>H\u00e3ng s\u1ea3n xu\u1ea5t<\/strong>: B\u00ecnh Minh<\/li>\n<li><strong>C\u00f4ng su\u1ea5t \u0111\u1ed9ng c\u01a1<\/strong>: 3kw\/ D8<\/li>\n<li><strong>T\u1ed1c \u0111\u1ed9 :<\/strong>\u00a01450 v\u00f2ng\/ph\u00fat<\/li>\n<li><strong>Ngu\u1ed3n \u0111i\u1ec7n:<\/strong>\u00a0220V<\/li>\n<li><strong>N\u0103ng su\u1ea5t<\/strong>: 100 \u2013 150 kg\/gi\u1edd<\/li>\n<li><strong>T\u00ednh n\u0103ng:<\/strong>\u00a0m\u00e1y chuy\u00ean d\u00f9ng \u00e9p h\u1ed7n h\u1ee3p c\u00e1m th\u00e0nh vi\u00ean l\u00e0m th\u1ee9c \u0103n cho g\u00e0, v\u1ecbt, l\u1ee3n..<\/li>\n<\/ul>\n","protected":false},"featured_media":10508,"comment_status":"closed","ping_status":"closed","template":"","meta":[],"product_brand":[],"product_cat":[64,63],"product_tag":[],"class_list":{"0":"post-76","1":"product","2":"type-product","3":"status-publish","4":"has-post-thumbnail","6":"product_cat-may-ep-cam","7":"product_cat-may-ep-cam-vien-truc-dung","9":"first","10":"instock","11":"shipping-taxable","12":"product-type-simple"},"_links":{"self":[{"href":"https:\/\/congtybinhminh.com\/index.php?rest_route=\/wp\/v2\/product\/76","targetHints":{"allow":["GET"]}}],"collection":[{"href":"https:\/\/congtybinhminh.com\/index.php?rest_route=\/wp\/v2\/product"}],"about":[{"href":"https:\/\/congtybinhminh.com\/index.php?rest_route=\/wp\/v2\/types\/product"}],"replies":[{"embeddable":true,"href":"https:\/\/congtybinhminh.com\/index.php?rest_route=%2Fwp%2Fv2%2Fcomments&post=76"}],"wp:featuredmedia":[{"embeddable":true,"href":"https:\/\/congtybinhminh.com\/index.php?rest_route=\/wp\/v2\/media\/10508"}],"wp:attachment":[{"href":"https:\/\/congtybinhminh.com\/index.php?rest_route=%2Fwp%2Fv2%2Fmedia&parent=76"}],"wp:term":[{"taxonomy":"product_brand","embeddable":true,"href":"https:\/\/congtybinhminh.com\/index.php?rest_route=%2Fwp%2Fv2%2Fproduct_brand&post=76"},{"taxonomy":"product_cat","embeddable":true,"href":"https:\/\/congtybinhminh.com\/index.php?rest_route=%2Fwp%2Fv2%2Fproduct_cat&post=76"},{"taxonomy":"product_tag","embeddable":true,"href":"https:\/\/congtybinhminh.com\/index.php?rest_route=%2Fwp%2Fv2%2Fproduct_tag&post=76"}],"curies":[{"name":"wp","href":"https:\/\/api.w.org\/{rel}","templated":true}]}}