{"id":7576,"date":"2023-03-29T17:00:17","date_gmt":"2023-03-29T10:00:17","guid":{"rendered":"https:\/\/congtybinhminh.com\/?post_type=product&#038;p=7576"},"modified":"2023-04-01T14:47:15","modified_gmt":"2023-04-01T07:47:15","slug":"top-3-may-ep-cam-vien-so-1-viet-nam","status":"publish","type":"product","link":"https:\/\/congtybinhminh.com\/?product=top-3-may-ep-cam-vien-so-1-viet-nam","title":{"rendered":"Top 3 m\u00e1y \u00e9p c\u00e1m vi\u00ean s\u1ed1 1 Vi\u1ec7t Nam"},"content":{"rendered":"<h2><strong>Video m\u00e1y ho\u1ea1t \u0111\u1ed9ng th\u1ef1c t\u1ebf:<\/strong><\/h2>\n<p><iframe loading=\"lazy\" title=\"C\u00f4ng Ty B\u00ecnh Minh C\u00f3 Nh\u1eefng Lo\u1ea1i M\u00e1y \u00c9p C\u00e1m Vi\u00ean N\u00e0o?\" width=\"1020\" height=\"574\" src=\"https:\/\/www.youtube.com\/embed\/lN7khrayLXI?feature=oembed\" frameborder=\"0\" allow=\"accelerometer; autoplay; clipboard-write; encrypted-media; gyroscope; picture-in-picture; web-share\" allowfullscreen><\/iframe><\/p>\n<p><strong>M\u00e1y \u00e9p c\u00e1m vi\u00ean<\/strong> \u0111ang l\u00e0 thi\u1ebft b\u1ecb m\u00e1y m\u00f3c ch\u0103n nu\u00f4i &#8220;hot&#8221; nh\u1ea5t tr\u00ean th\u1ecb tr\u01b0\u1eddng. \u0110\u00e2y l\u00e0 c\u00e1nh tay \u0111\u1eafc l\u1ef1c c\u1ee7a, c\u0169ng l\u00e0 y\u1ebfu t\u1ed1 quy\u1ebft \u0111\u1ecbnh tr\u1ef1c ti\u1ebfp t\u1edbi n\u0103ng su\u1ea5t v\u00e0 hi\u1ec7u qu\u1ea3 kinh t\u1ebf c\u1ee7a ng\u01b0\u1eddi ch\u0103n nu\u00f4i.<\/p>\n<p>N\u1ebfu b\u00e0 con \u0111ang b\u0103n kho\u0103n kh\u00f4ng bi\u1ebft n\u00ean l\u1ef1a ch\u1ecdn lo\u1ea1i m\u00e1y \u00e9p c\u00e1m vi\u00ean n\u00e0o, th\u00ec c\u00f3 th\u1ec3 xem b\u00e0i vi\u1ebft Top 3 m\u00e1y \u00e9p c\u00e1m vi\u00ean s\u1ed1 1 Vi\u1ec7t Nam d\u01b0\u1edbi \u0111\u00e2y nh\u00e9!<\/p>\n<h2><span style=\"color: #333333\"><strong>S\u1eed d\u1ee5ng M\u00e1y \u00e9p c\u00e1m vi\u00ean \u0111em l\u1ea1i nh\u1eefng l\u1ee3i \u00edch g\u00ec?<\/strong><\/span><\/h2>\n<p>\u2714\ufe0f Gi\u00fap b\u00e0 con t\u1eadn d\u1ee5ng \u0111\u01b0\u1ee3c ngu\u1ed3n ph\u1ee5 ph\u1ea9m c\u00f3 s\u1eb5n t\u1ea1i gia \u0111\u00ecnh, ch\u1ee7 \u0111\u1ed9ng \u0111\u01b0\u1ee3c ngu\u1ed3n dinh d\u01b0\u1ee1ng cung c\u1ea5p cho v\u1eadt nu\u00f4i. Vi\u1ec7c b\u1ed5 sung ch\u1ea5t dinh d\u01b0\u1ee1ng s\u1ebd d\u1ec5 d\u00e0ng, \u0111\u01a1n gi\u1ea3n b\u1eb1ng c\u00e1ch ph\u1ed1i tr\u1ed9n nguy\u00ean li\u1ec7u ph\u00f9 h\u1ee3p v\u1edbi t\u1eebng giai \u0111o\u1ea1n ph\u00e1t tri\u1ec3n c\u1ee7a v\u1eadt nu\u00f4i nh\u01b0 vitamin, b\u1ed9t c\u00e1, b\u1ed9t x\u01b0\u01a1ng,\u2026gi\u00fap v\u1eadt nu\u00f4i mau l\u1edbn, kh\u1ecfe m\u1ea1nh v\u00e0 t\u0103ng c\u01b0\u1eddng kh\u1ea3 n\u0103ng mi\u1ec5n d\u1ecbch.<\/p>\n<p>\u2714\ufe0f N\u0103ng su\u1ea5t \u00e9p c\u00e1m vi\u00ean cao, t\u1ea1o ra ngu\u1ed3n th\u1ee9c \u0103n phong ph\u00fa.<\/p>\n<p>\u2714\ufe0f C\u00e1ch v\u1eadn h\u00e0nh m\u00e1y \u0111\u01a1n gi\u1ea3n, ti\u1ec7n l\u1ee3i.<\/p>\n<p>\u2714\ufe0f Ti\u1ebft ki\u1ec7m chi ph\u00ed \u2013 T\u0103ng l\u1ee3i nhu\u1eadn \u2013 Gi\u1ea3m c\u00f4ng s\u1ee9c lao \u0111\u1ed9ng.<\/p>\n<h2 style=\"text-align: center\"><span style=\"color: #ff0000\"><strong>Top 3 M\u00e1y \u00e9p c\u00e1m vi\u00ean s\u1ed1 1 Vi\u1ec7t Nam<\/strong><\/span><\/h2>\n<h3><strong>M\u00e1y \u00e9p c\u00e1m vi\u00ean gia \u0111\u00ecnh<\/strong><\/h3>\n<h4><a href=\"https:\/\/congtybinhminh.com\/sp\/may-ep-cam-vien-s150\/\" target=\"_blank\" rel=\"noopener\"><strong><span style=\"font-size: 140%\">M\u00e1y \u00e9p c\u00e1m vi\u00ean S150<\/span><\/strong><\/a><\/h4>\n<p><iframe loading=\"lazy\" title=\"M\u00e1y \u00c9p C\u00e1m Vi\u00ean S150 Hot Nh\u1ea5t Vi\u1ec7t Nam Ti\u1ebft Ki\u1ec7m \u0110\u1ebfn 40% Ti\u1ec1n C\u00e1m.\" width=\"1020\" height=\"574\" src=\"https:\/\/www.youtube.com\/embed\/aPWDqPrwVys?feature=oembed\" frameborder=\"0\" allow=\"accelerometer; autoplay; clipboard-write; encrypted-media; gyroscope; picture-in-picture; web-share\" allowfullscreen><\/iframe><\/p>\n<p>\u0110\u1ed1i v\u1edbi nh\u1eefng h\u1ed9 gia \u0111\u00ecnh ch\u0103n nu\u00f4i nh\u1ecf l\u1ebb, nh\u1eefng trang tr\u1ea1i kh\u00f4ng s\u1eed d\u1ee5ng \u0111i\u1ec7n 3 pha th\u00ec ch\u1eafc ch\u1eafn M\u00e1y \u00e9p c\u00e1m vi\u00ean S150 l\u00e0 s\u1ef1 l\u1ef1a ch\u1ecdn t\u1ed1t \u01b0u nh\u1ea5t.<\/p>\n<figure id=\"attachment_7581\" aria-describedby=\"caption-attachment-7581\" style=\"width: 800px\" class=\"wp-caption aligncenter\"><img loading=\"lazy\" decoding=\"async\" class=\"size-full wp-image-7581\" src=\"https:\/\/congtybinhminh.com\/wp-content\/uploads\/2023\/03\/May-ep-cam-vien-S150.webp\" alt=\"M\u00e1y \u00e9p c\u00e1m vi\u00ean S150\" width=\"800\" height=\"600\" srcset=\"https:\/\/congtybinhminh.com\/wp-content\/uploads\/2023\/03\/May-ep-cam-vien-S150.webp 800w, https:\/\/congtybinhminh.com\/wp-content\/uploads\/2023\/03\/May-ep-cam-vien-S150-510x383.webp 510w, https:\/\/congtybinhminh.com\/wp-content\/uploads\/2023\/03\/May-ep-cam-vien-S150-533x400.webp 533w, https:\/\/congtybinhminh.com\/wp-content\/uploads\/2023\/03\/May-ep-cam-vien-S150-768x576.webp 768w\" sizes=\"auto, (max-width: 800px) 100vw, 800px\" \/><figcaption id=\"caption-attachment-7581\" class=\"wp-caption-text\">M\u00e1y \u00e9p c\u00e1m vi\u00ean S150<\/figcaption><\/figure>\n<p><span style=\"font-size: 130%\"><strong>C\u1ea5u t\u1ea1o m\u00e1y:<\/strong><\/span><\/p>\n<ul>\n<li>Thi\u1ebft k\u1ebf hi\u1ec7n \u0111\u1ea1i, nh\u1ecf g\u1ecdn, ch\u00e2n m\u00e1y \u0111\u01b0\u1ee3c l\u1eafp h\u1ec7 th\u1ed1ng b\u00e1nh xe di chuy\u1ec3n ti\u1ec7n l\u1ee3i.<\/li>\n<li>Toa n\u1ea1p \u0111\u01b0\u1ee3c thi\u1ebft k\u1ebf d\u1ea1ng ph\u1ec5u \u0111\u1ee9ng d\u1ed1c xu\u1ed1ng gi\u00fap nguy\u00ean li\u1ec7u t\u1ef1 \u0111\u1ed9ng \u0111i xu\u1ed1ng bu\u1ed3ng l\u00e0m vi\u1ec7c m\u1ed9t c\u00e1ch nhanh ch\u00f3ng.<\/li>\n<li>Bu\u1ed3ng l\u00e0m vi\u1ec7c g\u1ed3m c\u00f3 c\u00e1c b\u1ed9 ph\u1eadn ch\u00ednh l\u00e0: 2 qu\u1ea3 l\u00f4, m\u1eb7t s\u00e0ng v\u00e0 thanh c\u1eaft vi\u00ean c\u00e1m.<\/li>\n<li>Khi v\u1eadn h\u00e0nh m\u00e1y nguy\u00ean li\u1ec7u \u0111\u01b0\u1ee3c \u0111\u1ed5 v\u00e0o toa n\u1ea1p. L\u00fac n\u00e0y 2 qu\u1ea3 l\u00f4 s\u1ebd c\u00f3 nhi\u1ec7m v\u1ee5 quay tr\u00f2n \u0111\u1ec3 nghi\u1ec1n nh\u1ecf c\u00e1c nguy\u00ean li\u1ec7u th\u00f4, sau \u0111\u00f3 \u00e9p nguy\u00ean li\u1ec7u \u0111\u00e3 \u0111\u01b0\u1ee3c nghi\u1ec1n nh\u1ecf v\u00e0o m\u1eb7t s\u00e0ng \u0111\u1ec3 t\u1ea1o ra vi\u00ean c\u00e1m.<\/li>\n<\/ul>\n<figure id=\"attachment_7584\" aria-describedby=\"caption-attachment-7584\" style=\"width: 800px\" class=\"wp-caption aligncenter\"><img loading=\"lazy\" decoding=\"async\" class=\"size-full wp-image-7584\" src=\"https:\/\/congtybinhminh.com\/wp-content\/uploads\/2023\/03\/Cau-tao-va-thanh-pham-cua-may-ep-cam-vien-S150.webp\" alt=\"C\u1ea5u t\u1ea1o v\u00e0 th\u00e0nh ph\u1ea9m c\u1ee7a m\u00e1y \u00e9p c\u00e1m vi\u00ean S150\" width=\"800\" height=\"600\" srcset=\"https:\/\/congtybinhminh.com\/wp-content\/uploads\/2023\/03\/Cau-tao-va-thanh-pham-cua-may-ep-cam-vien-S150.webp 800w, https:\/\/congtybinhminh.com\/wp-content\/uploads\/2023\/03\/Cau-tao-va-thanh-pham-cua-may-ep-cam-vien-S150-510x383.webp 510w, https:\/\/congtybinhminh.com\/wp-content\/uploads\/2023\/03\/Cau-tao-va-thanh-pham-cua-may-ep-cam-vien-S150-533x400.webp 533w, https:\/\/congtybinhminh.com\/wp-content\/uploads\/2023\/03\/Cau-tao-va-thanh-pham-cua-may-ep-cam-vien-S150-768x576.webp 768w\" sizes=\"auto, (max-width: 800px) 100vw, 800px\" \/><figcaption id=\"caption-attachment-7584\" class=\"wp-caption-text\">C\u1ea5u t\u1ea1o m\u00e1y v\u00e0 th\u00e0nh ph\u1ea9m<\/figcaption><\/figure>\n<ul>\n<li>Nguy\u00ean li\u1ec7u sau khi \u0111\u01b0\u1ee3c \u0111\u01b0a v\u00e0o bu\u1ed3ng l\u00e0m vi\u1ec7c t\u1ea1o th\u00e0nh vi\u00ean c\u00e1m, s\u1ebd \u0111\u01b0\u1ee3c \u0111\u1ea9y t\u1ef1 \u0111\u1ed9ng ra ngo\u00e0i theo \u0111\u01b0\u1eddng c\u1eeda x\u1ea3 c\u00f3 d\u1ea1ng m\u00e1ng d\u1ed1c xu\u1ed1ng.<\/li>\n<li>M\u00e1y \u0111\u01b0\u1ee3c l\u1eafp \u0111\u1ed9ng c\u01a1 3 \u2013 3,5kW\u00a0l\u00f5i d\u00e2y \u0111\u1ed3ng 100%, ch\u1ea1y \u0111i\u1ec7n gia \u0111\u00ecnh 220V cho ra n\u0103ng su\u1ea5t <span style=\"color: #ff0000\"><strong>80-100kg\/gi\u1edd<\/strong><\/span> th\u00edch h\u1ee3p v\u1edbi m\u1ecdi h\u1ed9 ch\u0103n nu\u00f4i gia \u0111\u00ecnh quy m\u00f4 nh\u1ecf.<\/li>\n<\/ul>\n<p><span style=\"font-size: 130%\"><strong>T\u00ednh n\u0103ng &amp; \u01b0u \u0111i\u1ec3m:<\/strong><\/span><\/p>\n<p>\u2714\ufe0f M\u00e1y t\u00edch h\u1ee3p 2 ch\u1ee9c n\u0103ng <strong>Nghi\u1ec1n \u2013 \u00c9p<\/strong>\u00a0c\u00e1c lo\u1ea1i b\u1ed9t c\u00e1m, ng\u0169 c\u1ed1c nguy\u00ean h\u1ea1t v\u00e0 rau, cua, c\u00e1 nh\u1ecf l\u00e0m c\u00e1m vi\u00ean cho gia s\u00fac, gia c\u1ea7m.<\/p>\n<p>\u2714\ufe0f Cho ra c\u00e1c vi\u00ean c\u00e1m c\u00f3 k\u00edch th\u01b0\u1edbc kh\u00e1c nhau 3ly \u2013 4ly \u2013 5ly ph\u00f9 h\u1ee3p v\u1edbi \u0111a d\u1ea1ng v\u1eadt nu\u00f4i.<\/p>\n<h4><a href=\"https:\/\/congtybinhminh.com\/sp\/may-ep-cam-vien-s200\/\" target=\"_blank\" rel=\"noopener\"><strong><span style=\"font-size: 140%\">M\u00e1y \u00e9p c\u00e1m vi\u00ean S200<\/span><\/strong><\/a><\/h4>\n<p><iframe loading=\"lazy\" title=\"M\u00e1y \u00c9p C\u00e1m Vi\u00ean S200 L\u00e0m V\u1edbi S\u00e0ng 3ly \u0110\u1ea7y \u0110\u1ee7 Chi Ti\u1ebft Nh\u1ea5t\" width=\"1020\" height=\"574\" src=\"https:\/\/www.youtube.com\/embed\/R3kaJPslx2g?feature=oembed\" frameborder=\"0\" allow=\"accelerometer; autoplay; clipboard-write; encrypted-media; gyroscope; picture-in-picture; web-share\" allowfullscreen><\/iframe><\/p>\n<p>N\u1ebfu nh\u01b0 d\u00f2ng m\u00e1y S150 tr\u00ean ph\u00f9 h\u1ee3p v\u1edbi c\u00e1c h\u1ed9 gia \u0111\u00ecnh ch\u0103n nu\u00f4i quy m\u00f4 nh\u1ecf, th\u00ec m\u00e1y S200 khi l\u1eafp \u0111\u1ed9ng c\u01a1 4 &#8211; 5,5kW\u00a0l\u00f5i d\u00e2y \u0111\u1ed3ng 100% (380V) cho ra n\u0103ng su\u1ea5t t\u1eeb<strong><span style=\"color: #ff0000\"> 200-250kg\/gi\u1edd<\/span><\/strong> s\u1ebd ph\u00f9 h\u1ee3p v\u1edbi c\u00e1c trang tr\u1ea1i ch\u0103n nu\u00f4i quy m\u00f4 v\u1eeba v\u00e0 l\u1edbn.<\/p>\n<figure id=\"attachment_7580\" aria-describedby=\"caption-attachment-7580\" style=\"width: 800px\" class=\"wp-caption aligncenter\"><img loading=\"lazy\" decoding=\"async\" class=\"size-full wp-image-7580\" src=\"https:\/\/congtybinhminh.com\/wp-content\/uploads\/2023\/03\/May-ep-cam-vien-S200.webp\" alt=\"M\u00e1y \u00e9p c\u00e1m vi\u00ean S200\" width=\"800\" height=\"600\" srcset=\"https:\/\/congtybinhminh.com\/wp-content\/uploads\/2023\/03\/May-ep-cam-vien-S200.webp 800w, https:\/\/congtybinhminh.com\/wp-content\/uploads\/2023\/03\/May-ep-cam-vien-S200-510x383.webp 510w, https:\/\/congtybinhminh.com\/wp-content\/uploads\/2023\/03\/May-ep-cam-vien-S200-533x400.webp 533w, https:\/\/congtybinhminh.com\/wp-content\/uploads\/2023\/03\/May-ep-cam-vien-S200-768x576.webp 768w\" sizes=\"auto, (max-width: 800px) 100vw, 800px\" \/><figcaption id=\"caption-attachment-7580\" class=\"wp-caption-text\">M\u00e1y \u00e9p c\u00e1m vi\u00ean S200<\/figcaption><\/figure>\n<p><span style=\"font-size: 130%\"><strong>C\u1ea5u t\u1ea1o m\u00e1y:<\/strong><\/span><\/p>\n<p>Toa n\u1ea1p d\u1ea1ng h\u00ecnh ph\u1ec5u d\u1ed1c xu\u1ed1ng, gi\u00fap nguy\u00ean li\u1ec7u \u0111i th\u1eb3ng tr\u1ef1c ti\u1ebfp xu\u1ed1ng bu\u1ed3ng l\u00e0m vi\u1ec7c m\u1ed9t c\u00e1ch nhanh ch\u00f3ng, c\u00f3 th\u1ec3 ch\u1ee9a \u0111\u01b0\u1ee3c t\u1eeb 3 \u2013 5kg nguy\u00ean li\u1ec7u trong 1 m\u1ebb.<\/p>\n<p>V\u1ec1 nguy\u00ean l\u00ed ho\u1ea1t \u0111\u1ed9ng th\u00ec S200 c\u0169ng t\u01b0\u01a1ng t\u1ef1 nh\u01b0 m\u00e1y \u1edf tr\u00ean. Bu\u1ed3ng l\u00e0m vi\u1ec7c g\u1ed3m 3 b\u1ed9 ph\u1eadn ch\u00ednh: 2 qu\u1ea3 l\u00f4, m\u1eb7t s\u00e0ng, v\u00e0 thanh c\u1eaft vi\u00ean c\u00e1m.<\/p>\n<p>N\u1ebfu mu\u1ed1n thay \u0111\u1ed5i k\u00edch th\u01b0\u1edbc vi\u00ean c\u00e1m ng\u1eafn, d\u00e0i t\u1eeb 0,8mm \u0111\u1ebfn 3cm. Ng\u01b0\u1eddi d\u00f9ng ch\u1ec9 c\u1ea7n \u0111i\u1ec1u ch\u1ec9nh n\u00e2ng thanh c\u1eaft vi\u00ean c\u00e1m l\u00ean n\u1ebfu mu\u1ed1n vi\u00ean c\u00e1m ng\u1eafn, ho\u1eb7c h\u1ea1 thanh c\u1eaft vi\u00ean c\u00e1m xu\u1ed1ng n\u1ebfu mu\u1ed1n vi\u00ean c\u00e1m d\u00e0i.<\/p>\n<figure id=\"attachment_7583\" aria-describedby=\"caption-attachment-7583\" style=\"width: 800px\" class=\"wp-caption aligncenter\"><img loading=\"lazy\" decoding=\"async\" class=\"size-full wp-image-7583\" src=\"https:\/\/congtybinhminh.com\/wp-content\/uploads\/2023\/03\/Cau-tao-va-thanh-pham-cua-may-ep-cam-vien-S200.webp\" alt=\"C\u1ea5u t\u1ea1o v\u00e0 th\u00e0nh ph\u1ea9m c\u1ee7a m\u00e1y \u00e9p c\u00e1m vi\u00ean S200\" width=\"800\" height=\"600\" srcset=\"https:\/\/congtybinhminh.com\/wp-content\/uploads\/2023\/03\/Cau-tao-va-thanh-pham-cua-may-ep-cam-vien-S200.webp 800w, https:\/\/congtybinhminh.com\/wp-content\/uploads\/2023\/03\/Cau-tao-va-thanh-pham-cua-may-ep-cam-vien-S200-510x383.webp 510w, https:\/\/congtybinhminh.com\/wp-content\/uploads\/2023\/03\/Cau-tao-va-thanh-pham-cua-may-ep-cam-vien-S200-533x400.webp 533w, https:\/\/congtybinhminh.com\/wp-content\/uploads\/2023\/03\/Cau-tao-va-thanh-pham-cua-may-ep-cam-vien-S200-768x576.webp 768w\" sizes=\"auto, (max-width: 800px) 100vw, 800px\" \/><figcaption id=\"caption-attachment-7583\" class=\"wp-caption-text\">C\u1ea5u t\u1ea1o m\u00e1y v\u00e0 th\u00e0nh ph\u1ea9m<\/figcaption><\/figure>\n<p>Nguy\u00ean li\u1ec7u sau khi \u0111\u01b0\u1ee3c \u0111\u01b0a v\u00e0o bu\u1ed3ng l\u00e0m vi\u1ec7c t\u1ea1o th\u00e0nh vi\u00ean c\u00e1m s\u1ebd \u0111\u01b0\u1ee3c \u0111\u1ea9y t\u1ef1 \u0111\u1ed9ng ra ngo\u00e0i theo c\u1eeda x\u1ea3.<\/p>\n<p><span style=\"font-size: 130%\"><strong>T\u00ednh n\u0103ng &amp; \u01b0u \u0111i\u1ec3m:<\/strong><\/span><\/p>\n<p>\u2714\ufe0f M\u00e1y t\u00edch h\u1ee3p 2 ch\u1ee9c n\u0103ng <strong>Nghi\u1ec1n \u2013 \u00c9p<\/strong>\u00a0c\u00e1c lo\u1ea1i b\u1ed9t c\u00e1m, ng\u0169 c\u1ed1c nguy\u00ean h\u1ea1t v\u00e0 rau, cua, c\u00e1 nh\u1ecf l\u00e0m c\u00e1m vi\u00ean cho gia s\u00fac, gia c\u1ea7m.<\/p>\n<p>\u2714\ufe0f Thi\u1ebft k\u1ebf nh\u1ecf g\u1ecdn, kh\u00f4ng chi\u1ebfm qu\u00e1 nhi\u1ec1u kh\u00f4ng gian s\u1eed d\u1ee5ng. M\u00e1y \u0111\u01b0\u1ee3c l\u00e0m b\u1eb1ng ch\u1ea5t li\u1ec7u th\u00e9p cao c\u1ea5p d\u00e0y d\u1eb7n, ch\u1eafc ch\u1eafn l\u00e0m gi\u1ea3m ti\u1ebfng \u1ed3n v\u00e0 rung l\u1eafc khi ho\u1ea1t \u0111\u1ed9ng m\u00e1y.<\/p>\n<p>\u2714\ufe0f C\u00e1ch v\u1eadn h\u00e0nh \u0111\u01a1n gi\u1ea3n, t\u00ednh n\u0103ng v\u00e0 hi\u1ec7u qu\u1ea3 v\u01b0\u1ee3t tr\u1ed9i so v\u1edbi c\u00e1c d\u00f2ng m\u00e1y kh\u00e1c tr\u00ean th\u1ecb tr\u01b0\u1eddng.<\/p>\n<h3><strong>M\u00e1y \u00e9p c\u00e1m vi\u00ean c\u00f4ng nghi\u1ec7p<\/strong><\/h3>\n<p>\u0110\u1ed1i v\u1edbi nh\u1eefng trang tr\u1ea1i ch\u0103n nu\u00f4i quy m\u00f4 l\u1edbn l\u00ean \u0111\u1ebfn h\u00e0ng tr\u0103m, h\u00e0ng ngh\u00ecn con th\u00ec d\u00f2ng m\u00e1y gia \u0111\u00ecnh s\u1ebd kh\u00f4ng th\u1ec3 \u0111\u00e1p \u1ee9ng k\u1ecbp n\u0103ng su\u1ea5t, cung c\u1ea5p \u0111\u1ee7 th\u1ee9c \u0103n cho v\u1eadt nu\u00f4i. V\u00ec v\u1eady, M\u00e1y \u00e9p c\u00e1m vi\u00ean c\u00f4ng nghi\u1ec7p s\u1ebd l\u00e0 s\u1ef1 l\u1ef1a ch\u1ecdn th\u00edch h\u1ee3p nh\u1ea5t l\u00fac n\u00e0y.<\/p>\n<p><iframe loading=\"lazy\" title=\"M\u00e1y \u00c9p C\u00e1m Vi\u00ean S300 Gi\u00fap C\u00e1c Trang Tr\u1ea1i Ti\u1ebft Ki\u1ec7m T\u1ed1i \u0110a Ti\u1ec1n Ch\u0103n Nu\u00f4i\" width=\"1020\" height=\"574\" src=\"https:\/\/www.youtube.com\/embed\/G-N2VVD_Elo?feature=oembed\" frameborder=\"0\" allow=\"accelerometer; autoplay; clipboard-write; encrypted-media; gyroscope; picture-in-picture; web-share\" allowfullscreen><\/iframe><\/p>\n<p><a href=\"https:\/\/congtybinhminh.com\/sp\/may-ep-cam-vien-s300\/\" target=\"_blank\" rel=\"noopener\"><strong>M\u00e1y \u00e9p c\u00e1m vi\u00ean S300<\/strong><\/a> l\u1eafp \u0111\u1ed9ng c\u01a1 18,5kW, ch\u1ea1y \u0111i\u1ec7n 3 pha &#8211; 380V motor l\u00f5i d\u00e2y \u0111\u1ed3ng 100% cho n\u0103ng su\u1ea5t l\u00ean \u0111\u1ebfn <span style=\"color: #ff0000\"><strong>500\u2013600 kg\/gi\u1edd<\/strong><\/span>.<\/p>\n<figure id=\"attachment_7579\" aria-describedby=\"caption-attachment-7579\" style=\"width: 800px\" class=\"wp-caption aligncenter\"><img loading=\"lazy\" decoding=\"async\" class=\"size-full wp-image-7579\" src=\"https:\/\/congtybinhminh.com\/wp-content\/uploads\/2023\/03\/May-ep-cam-vien-S300.webp\" alt=\"M\u00e1y \u00e9p c\u00e1m vi\u00ean S300\" width=\"800\" height=\"600\" srcset=\"https:\/\/congtybinhminh.com\/wp-content\/uploads\/2023\/03\/May-ep-cam-vien-S300.webp 800w, https:\/\/congtybinhminh.com\/wp-content\/uploads\/2023\/03\/May-ep-cam-vien-S300-510x383.webp 510w, https:\/\/congtybinhminh.com\/wp-content\/uploads\/2023\/03\/May-ep-cam-vien-S300-533x400.webp 533w, https:\/\/congtybinhminh.com\/wp-content\/uploads\/2023\/03\/May-ep-cam-vien-S300-768x576.webp 768w\" sizes=\"auto, (max-width: 800px) 100vw, 800px\" \/><figcaption id=\"caption-attachment-7579\" class=\"wp-caption-text\">M\u00e1y \u00e9p c\u00e1m vi\u00ean S300<\/figcaption><\/figure>\n<p><span style=\"font-size: 130%\"><strong>C\u1ea5u t\u1ea1o M\u00e1y \u00e9p c\u00e1m vi\u00ean S300:<\/strong><\/span><\/p>\n<p>Khung m\u00e1y \u0111\u01b0\u1ee3c l\u00e0m b\u1eb1ng th\u00e9p d\u00e0y d\u1eb7n, gi\u1ea3m thi\u1ec3u rung l\u1eafc trong qu\u00e1 tr\u00ecnh m\u00e1y ho\u1ea1t \u0111\u1ed9ng. Ch\u00e2n m\u00e1y \u0111\u01b0\u1ee3c trang b\u1ecb th\u00eam h\u1ec7 th\u1ed1ng b\u00e1nh xe gi\u00fap vi\u1ec7c di chuy\u1ec3n l\u1eafp \u0111\u1eb7t m\u00e1y d\u1ec5 d\u00e0ng h\u01a1n.<\/p>\n<p>Toa n\u1ea1p li\u1ec7u c\u00f3 d\u1ea1ng ph\u1ec5u \u0111\u1ee9ng to r\u1ed9ng c\u00f3 th\u1ec3 ch\u1ee9a \u0111\u01b0\u1ee3c nhi\u1ec1u nguy\u00ean li\u1ec7u m\u1ed7i l\u1ea7n \u00e9p, \u0111\u01b0\u1ee3c thi\u1ebft k\u1ebf h\u01b0\u1edbng d\u1ed1c xu\u1ed1ng gi\u00fap nguy\u00ean li\u1ec7u \u0111i tr\u1ef1c ti\u1ebfp xu\u1ed1ng l\u00e0m vi\u1ec7c m\u1ed9t c\u00e1ch nhanh ch\u00f3ng, d\u1ec5 d\u00e0ng.<\/p>\n<figure id=\"attachment_7585\" aria-describedby=\"caption-attachment-7585\" style=\"width: 800px\" class=\"wp-caption aligncenter\"><img loading=\"lazy\" decoding=\"async\" class=\"size-full wp-image-7585\" src=\"https:\/\/congtybinhminh.com\/wp-content\/uploads\/2023\/03\/Cau-tao-may-ep-cam-vien-S300.webp\" alt=\"C\u1ea5u t\u1ea1o m\u00e1y \u00e9p c\u00e1m vi\u00ean S300\" width=\"800\" height=\"600\" srcset=\"https:\/\/congtybinhminh.com\/wp-content\/uploads\/2023\/03\/Cau-tao-may-ep-cam-vien-S300.webp 800w, https:\/\/congtybinhminh.com\/wp-content\/uploads\/2023\/03\/Cau-tao-may-ep-cam-vien-S300-510x383.webp 510w, https:\/\/congtybinhminh.com\/wp-content\/uploads\/2023\/03\/Cau-tao-may-ep-cam-vien-S300-533x400.webp 533w, https:\/\/congtybinhminh.com\/wp-content\/uploads\/2023\/03\/Cau-tao-may-ep-cam-vien-S300-768x576.webp 768w\" sizes=\"auto, (max-width: 800px) 100vw, 800px\" \/><figcaption id=\"caption-attachment-7585\" class=\"wp-caption-text\">C\u1ea5u t\u1ea1o m\u00e1y \u00e9p c\u00e1m vi\u00ean S300<\/figcaption><\/figure>\n<p>Bu\u1ed3ng l\u00e0m vi\u1ec7c \u0111\u01b0\u1ee3c trang b\u1ecb 3 qu\u1ea3 l\u00f4 \u00e9p to kh\u1ecfe, gi\u00fap n\u00e9n nhanh nguy\u00ean li\u1ec7u th\u00e0nh nh\u1eefng vi\u00ean c\u00e1m \u0111\u1ea7y \u0111\u1ee7 ch\u1ea5t dinh d\u01b0\u1ee1ng. K\u1ebft h\u1ee3p v\u1edbi m\u1eb7t s\u00e0ng \u00e9p to r\u1ed9ng d\u00e0y 2.5cm gi\u00fap m\u00e1y \u0111\u1ea1t \u0111\u01b0\u1ee3c n\u0103ng su\u1ea5t t\u1ed1i \u0111a.<\/p>\n<p>Nguy\u00ean li\u1ec7u sau khi \u0111\u00e3 \u0111\u01b0\u1ee3c n\u00e9n th\u00e0nh vi\u00ean, \u0111i qua ph\u1ea7n dao c\u1eaft c\u00e1m \u0111\u1ec3 \u0111\u01b0\u1ee3c c\u1eaft ng\u1eafn r\u1ed3i \u0111\u01b0\u1ee3c \u0111\u1ea9y t\u1ef1 \u0111\u1ed9ng ra ngo\u00e0i theo c\u1eeda x\u1ea3. C\u1eeda x\u1ea3 th\u00e0nh ph\u1ea9m \u0111\u01b0\u1ee3c thi\u1ebft k\u1ebf d\u1ea1ng m\u00e1ng d\u1ed1c xu\u1ed1ng d\u01b0\u1edbi gi\u00fap vi\u00ean c\u00e1m d\u1ec5 d\u00e0ng chi chuy\u1ec3n ra ngo\u00e0i nhanh ch\u00f3ng.<\/p>\n<p><strong>\u0110\u1eb7c bi\u1ec7t: Ngo\u00e0i ch\u1ee9c n\u0103ng \u00e9p c\u00e1m vi\u00ean gia s\u00fac, gia c\u1ea7m, th\u00ec M\u00e1y \u00e9p c\u00e1m vi\u00ean S300 c\u00f2n c\u00f3 th\u1ec3 \u00e9p vi\u00ean ph\u00e2n vi sinh, ph\u00e2n h\u1eefu c\u01a1 ph\u1ee5c v\u1ee5 cho ng\u00e0nh tr\u1ed3ng tr\u1ecdt, c\u00e2y c\u1ea3nh.<\/strong><\/p>\n<figure id=\"attachment_7582\" aria-describedby=\"caption-attachment-7582\" style=\"width: 800px\" class=\"wp-caption aligncenter\"><img loading=\"lazy\" decoding=\"async\" class=\"size-full wp-image-7582\" src=\"https:\/\/congtybinhminh.com\/wp-content\/uploads\/2023\/03\/Ep-vien-phan-vi-sinh-phan-huu-co.webp\" alt=\"\u00c9p vi\u00ean ph\u00e2n vi sinh, ph\u00e2n h\u1eefu c\u01a1\" width=\"800\" height=\"600\" srcset=\"https:\/\/congtybinhminh.com\/wp-content\/uploads\/2023\/03\/Ep-vien-phan-vi-sinh-phan-huu-co.webp 800w, https:\/\/congtybinhminh.com\/wp-content\/uploads\/2023\/03\/Ep-vien-phan-vi-sinh-phan-huu-co-510x383.webp 510w, https:\/\/congtybinhminh.com\/wp-content\/uploads\/2023\/03\/Ep-vien-phan-vi-sinh-phan-huu-co-533x400.webp 533w, https:\/\/congtybinhminh.com\/wp-content\/uploads\/2023\/03\/Ep-vien-phan-vi-sinh-phan-huu-co-768x576.webp 768w\" sizes=\"auto, (max-width: 800px) 100vw, 800px\" \/><figcaption id=\"caption-attachment-7582\" class=\"wp-caption-text\">\u00c9p vi\u00ean ph\u00e2n vi sinh, ph\u00e2n h\u1eefu c\u01a1<\/figcaption><\/figure>\n<h2>Nh\u1eefng l\u01b0u \u00fd khi s\u1eed d\u1ee5ng:<\/h2>\n<ul>\n<li>L\u1eafp \u0111\u1eb7t m\u00e1y \u1edf n\u01a1i b\u1eb1ng ph\u1eb3ng, kh\u00f4 r\u00e1o, g\u1ea7n ngu\u1ed3n \u0111i\u1ec7n \u1ed5n \u0111\u1ecbnh.<\/li>\n<li>\u0110\u1ea3m b\u1ea3o l\u1eafp \u0111\u00fang chi\u1ec1u quay c\u1ee7a \u0111\u1ed9ng c\u01a1 theo chi\u1ec1u m\u0169i t\u00ean d\u00e1n tr\u00ean m\u00e1y. Nguy\u00ean li\u1ec7u ph\u1ed1i tr\u1ed9n \u0111\u1ea3m b\u1ea3o \u0111\u1ed9 \u1ea9m t\u1eeb 10 \u2013 20%.<\/li>\n<li>Th\u01b0\u1eddng xuy\u00ean ki\u1ec3m tra v\u00e0 b\u1ed5 sung d\u1ea7u v\u00e0o h\u1ed9p s\u1ed1 (2 \u2013 3 l\u1ea7n m\u1ed7i th\u00e1ng) \u0111\u1ec3 \u0111\u1ea3m b\u1ea3o qu\u00e1 tr\u00ecnh v\u1eadn h\u00e0nh m\u00e1y \u1ed5n \u0111\u1ecbnh v\u00e0 k\u00e9o d\u00e0i tu\u1ed5i th\u1ecd.<\/li>\n<li>Th\u01b0\u1eddng xuy\u00ean nh\u1ecf d\u1ea7u v\u00e0o l\u1ed7 khoan \u1edf tr\u00ean th\u00e2n m\u00e1y 1 l\u1ea7n\/ng\u00e0y ho\u1eb7c m\u1ed7i l\u1ea7n s\u1eed d\u1ee5ng ph\u1ea3i nh\u1ecf d\u1ea7u lo\u00e3ng 1 l\u1ea7n.<\/li>\n<li>V\u1ec7 sinh kh\u00f4 c\u00e1c b\u1ed9 ph\u1eadn c\u1ee7a m\u00e1y tr\u01b0\u1edbc v\u00e0 sau khi s\u1eed d\u1ee5ng, tr\u00e1nh \u0111\u1ec3 qu\u1ea3 l\u00f4 tr\u1ef1c ti\u1ebfp v\u00e0o n\u01b0\u1edbc s\u1ebd l\u00e0m h\u1ecfng v\u00f2ng bi.<\/li>\n<\/ul>\n<h2>L\u00e0m sao \u0111\u1ec3 \u0111\u1eb7t mua h\u00e0ng ch\u00ednh h\u00e3ng c\u1ee7a c\u00f4ng ty B\u00ecnh Minh?<\/h2>\n<p>\u0110\u1ec3 \u0111\u1eb7t mua h\u00e0ng ch\u00ednh h\u00e3ng, b\u00e0 con c\u00f3 th\u1ec3 l\u00e0m c\u00e1c c\u00e1ch sau:<\/p>\n<ul>\n<li>\u0110\u1ebfn tr\u1ef1c ti\u1ebfp x\u01b0\u1edfng s\u1ea3n xu\u1ea5t: B\u00e0 con c\u00f3 th\u1ec3 \u0111\u1ebfn c\u00f4ng ty t\u1ea1i<strong><em>\u00a0S\u1ed1 249 L\u00ea L\u1ee3i, Ph\u01b0\u1eddng L\u00ea L\u1ee3i ,Th\u1ecb x\u00e3, S\u01a1n T\u00e2y, H\u00e0 N\u1ed9i\u00a0<\/em><\/strong>\u0111\u1ec3 tham quan, xem m\u00e1y tr\u1ef1c ti\u1ebfp v\u00e0 c\u00f3 c\u01a1 h\u1ed9i tr\u1ea3i nghi\u1ec7m v\u1eadn h\u00e0nh m\u00e1y d\u01b0\u1edbi s\u1ef1 h\u01b0\u1edbng d\u1eabn c\u1ee7a \u0111\u1ed9i ng\u0169 k\u1ef9 thu\u1eadt khi mua h\u00e0ng<\/li>\n<li>\u0110\u1eb7t mua h\u00e0ng Online: \u0111\u1ec3 l\u1ea1i l\u1eddi nh\u1eafn d\u01b0\u1edbi ph\u1ea7n \u201d B\u00ecnh lu\u1eadn\u201d ho\u1eb7c li\u00ean h\u1ec7 theo s\u1ed1 \u0111i\u1ec7n tho\u1ea1i tr\u00ean website \u0111\u1ec3 \u0111\u01b0\u1ee3c \u0111\u1ed9i nh\u00e2n vi\u00ean li\u00ean h\u1ec7 t\u01b0 v\u1ea5n mi\u1ec5n ph\u00ed.<\/li>\n<\/ul>\n<figure id=\"attachment_7575\" class=\"wp-caption aligncenter\" aria-describedby=\"caption-attachment-7575\"><img loading=\"lazy\" decoding=\"async\" class=\"size-full wp-image-7575\" src=\"https:\/\/congtybinhminh.com\/wp-content\/uploads\/2023\/03\/giao-hang-toan-quoc.webp\" alt=\"giao h\u00e0ng to\u00e0n qu\u1ed1c\" width=\"800\" height=\"600\" srcset=\"https:\/\/congtybinhminh.com\/wp-content\/uploads\/2023\/03\/giao-hang-toan-quoc.webp 800w, https:\/\/congtybinhminh.com\/wp-content\/uploads\/2023\/03\/giao-hang-toan-quoc-510x383.webp 510w, https:\/\/congtybinhminh.com\/wp-content\/uploads\/2023\/03\/giao-hang-toan-quoc-533x400.webp 533w, https:\/\/congtybinhminh.com\/wp-content\/uploads\/2023\/03\/giao-hang-toan-quoc-768x576.webp 768w\" sizes=\"auto, (max-width: 800px) 100vw, 800px\" \/><figcaption id=\"caption-attachment-7575\" class=\"wp-caption-text\">giao h\u00e0ng to\u00e0n qu\u1ed1c<\/figcaption><\/figure>\n<p><span class=\"x1xsqp64 xiy17q3 x1o6pynw x19co3pv xdj266r xcwd3tp xat24cr x39eecv x2b8uid\" data-testid=\"emoji\"><span class=\"xexx8yu xn5pp95 x18d9i69 x2fxd7x x1yqt14a x1bhl96m\">\ud83d\ude9b\u00a0<\/span><\/span>H\u00ecnh th\u1ee9c giao h\u00e0ng \u2013 v\u1eadn chuy\u1ec3n<\/p>\n<p>Giao h\u00e0ng v\u1eadn chuy\u1ec3n to\u00e0n qu\u1ed1c th\u00f4ng qua h\u1ec7 th\u1ed1ng xe kh\u00e1ch li\u00ean t\u1ec9nh ho\u1eb7c b\u00e0 con c\u00f3 th\u1ec3 nh\u1eadn h\u00e0ng t\u1ea1i nh\u00e0 qua d\u1ecbch v\u1ee5 chuy\u1ec3n ph\u00e1t b\u01b0u \u0111i\u1ec7n v\u00e0 Viettel post.<\/p>\n","protected":false},"excerpt":{"rendered":"<ul>\n<li><strong>H\u00e3ng s\u1ea3n xu\u1ea5t :<\/strong> c\u00f4ng ty B\u00ecnh Minh<\/li>\n<li><strong>Ngu\u1ed3n \u0111i\u1ec7n:<\/strong>\u00a0220V \u2013 380V<\/li>\n<li><strong>N\u0103ng su\u1ea5t:<\/strong> 100 \u2013 600 kg\/gi\u1edd<\/li>\n<li><strong>B\u1ea3o h\u00e0nh :<\/strong>\u00a006 th\u00e1ng<\/li>\n<li><strong>Giao h\u00e0ng :<\/strong>\u00a0Giao h\u00e0ng v\u1eadn chuy\u1ec3n to\u00e0n qu\u1ed1c<\/li>\n<li><strong>T\u00ednh n\u0103ng: <\/strong>Chuy\u00ean <strong>Nghi\u1ec1n \u2013 \u00c9p<\/strong> c\u00e1c lo\u1ea1i b\u1ed9t c\u00e1m, ng\u0169 c\u1ed1c nguy\u00ean h\u1ea1t v\u00e0 rau, cua, c\u00e1 nh\u1ecf l\u00e0m c\u00e1m vi\u00ean cho gia s\u00fac, gia c\u1ea7m.<\/li>\n<\/ul>\n","protected":false},"featured_media":7578,"comment_status":"closed","ping_status":"closed","template":"","meta":[],"product_brand":[],"product_cat":[64],"product_tag":[],"class_list":{"0":"post-7576","1":"product","2":"type-product","3":"status-publish","4":"has-post-thumbnail","6":"product_cat-may-ep-cam","8":"first","9":"instock","10":"shipping-taxable","11":"product-type-simple"},"_links":{"self":[{"href":"https:\/\/congtybinhminh.com\/index.php?rest_route=\/wp\/v2\/product\/7576","targetHints":{"allow":["GET"]}}],"collection":[{"href":"https:\/\/congtybinhminh.com\/index.php?rest_route=\/wp\/v2\/product"}],"about":[{"href":"https:\/\/congtybinhminh.com\/index.php?rest_route=\/wp\/v2\/types\/product"}],"replies":[{"embeddable":true,"href":"https:\/\/congtybinhminh.com\/index.php?rest_route=%2Fwp%2Fv2%2Fcomments&post=7576"}],"wp:featuredmedia":[{"embeddable":true,"href":"https:\/\/congtybinhminh.com\/index.php?rest_route=\/wp\/v2\/media\/7578"}],"wp:attachment":[{"href":"https:\/\/congtybinhminh.com\/index.php?rest_route=%2Fwp%2Fv2%2Fmedia&parent=7576"}],"wp:term":[{"taxonomy":"product_brand","embeddable":true,"href":"https:\/\/congtybinhminh.com\/index.php?rest_route=%2Fwp%2Fv2%2Fproduct_brand&post=7576"},{"taxonomy":"product_cat","embeddable":true,"href":"https:\/\/congtybinhminh.com\/index.php?rest_route=%2Fwp%2Fv2%2Fproduct_cat&post=7576"},{"taxonomy":"product_tag","embeddable":true,"href":"https:\/\/congtybinhminh.com\/index.php?rest_route=%2Fwp%2Fv2%2Fproduct_tag&post=7576"}],"curies":[{"name":"wp","href":"https:\/\/api.w.org\/{rel}","templated":true}]}}