{"id":7540,"date":"2023-03-15T13:55:14","date_gmt":"2023-03-15T06:55:14","guid":{"rendered":"https:\/\/congtybinhminh.com\/?post_type=product&#038;p=7540"},"modified":"2026-03-02T15:05:43","modified_gmt":"2026-03-02T08:05:43","slug":"7540","status":"publish","type":"product","link":"https:\/\/congtybinhminh.com\/?product=7540","title":{"rendered":"M\u00e1y b\u0103m nghi\u1ec1n c\u1ecf"},"content":{"rendered":"<h2><strong>Video ho\u1ea1t \u0111\u1ed9ng m\u00e1y b\u0103m nghi\u1ec1n c\u1ecf<\/strong><\/h2>\n<p><iframe loading=\"lazy\" title=\"B\u00e0n Giao Tr\u1ef1c Ti\u1ebfp M\u00e1y B\u0103m Nghi\u1ec1n C\u1ecf 5 T\u1ea1 M\u1ed7i Gi\u1edd B\u00ecnh Minh\" width=\"1020\" height=\"574\" src=\"https:\/\/www.youtube.com\/embed\/d-h0OUmcTEA?feature=oembed\" frameborder=\"0\" allow=\"accelerometer; autoplay; clipboard-write; encrypted-media; gyroscope; picture-in-picture; web-share\" referrerpolicy=\"strict-origin-when-cross-origin\" allowfullscreen><\/iframe><\/p>\n<h2><span style=\"color: #000000\"><b>Gi\u1edbi thi\u1ec7u m\u00e1y b\u0103m nghi\u1ec1n c\u1ecf<\/b><\/span><\/h2>\n<p><span style=\"color: #000000\"><img loading=\"lazy\" decoding=\"async\" class=\"aligncenter wp-image-18697 size-full lazy-load-active\" src=\"https:\/\/sieuthimaybinhminh.com\/wp-content\/uploads\/2022\/12\/may-bam-nghien-co-binh-minh_result222-1.webp\" alt=\"may-bam-nghien-co-binh-minh_result222\" width=\"800\" height=\"556\" data-src=\"https:\/\/sieuthimaybinhminh.com\/wp-content\/uploads\/2022\/12\/may-bam-nghien-co-binh-minh_result222-1.webp\" data-srcset=\"https:\/\/sieuthimaybinhminh.com\/wp-content\/uploads\/2022\/12\/may-bam-nghien-co-binh-minh_result222-1.webp 800w, https:\/\/sieuthimaybinhminh.com\/wp-content\/uploads\/2022\/12\/may-bam-nghien-co-binh-minh_result222-1-300x209.webp 300w, https:\/\/sieuthimaybinhminh.com\/wp-content\/uploads\/2022\/12\/may-bam-nghien-co-binh-minh_result222-1-768x534.webp 768w, https:\/\/sieuthimaybinhminh.com\/wp-content\/uploads\/2022\/12\/may-bam-nghien-co-binh-minh_result222-1-450x313.webp 450w\" \/><\/span><\/p>\n<ul>\n<li><span style=\"color: #000000\">Thi\u1ebft k\u1ebf nh\u1ecf g\u1ecdn, kh\u00f4ng chi\u1ebfm nhi\u1ec1u di\u1ec7n t\u00edch m\u00e1y c\u00f3 kh\u1ea3 n\u0103ng b\u0103m \u0111a d\u1ea1ng c\u00e1c lo\u1ea1i c\u1ecf nh\u01b0 c\u1ecf voi, c\u1ecf s\u1ea3, th\u00e2n c\u00e2y ng\u00f4\u2026 l\u00e0m th\u1ee9c \u0103n cho gia s\u00fac<\/span><\/li>\n<li><span style=\"color: #000000\">Th\u00e0nh ph\u1ea9m sau khi b\u0103m c\u00f3 th\u1ec3 cho v\u1eadt nu\u00f4i d\u00f9ng ngay ho\u1eb7c \u1ee7 chua d\u00f9ng d\u1ea7n<\/span><\/li>\n<li><span style=\"color: #000000\">Thi\u1ebft k\u1ebf c\u00f3 b\u00e1nh xe thu\u1eadn ti\u1ec7n di chuy\u1ec3n v\u1ecb tr\u00ed \u0111\u1eb7t m\u00e1y<\/span><\/li>\n<li><span style=\"color: #000000\">T\u1ea5m ch\u1eafn c\u1eeda x\u1ea3 gi\u00fap ng\u01b0\u1eddi d\u00f9ng c\u00f3 th\u1ec3 t\u1ef1 \u0111i\u1ec1u ch\u1ec9nh h\u01b0\u1edbng phun c\u1ecf \u0111\u1ebfn v\u1ecb tr\u00ed mong mu\u1ed1n m\u00e0 kh\u00f4ng m\u1ea5t nhi\u1ec1u th\u1eddi gian thu gom nguy\u00ean li\u1ec7u<\/span><\/li>\n<\/ul>\n<h2><span style=\"color: #000000\"><strong>C\u1ea5u t\u1ea1o m\u00e1y b\u0103m nghi\u1ec1n c\u1ecf<\/strong><\/span><\/h2>\n<h3><span style=\"color: #000000\"><strong>Khung m\u00e1y ch\u1eafc ch\u1eafn<\/strong><\/span><\/h3>\n<p><span style=\"color: #000000\">Thi\u1ebft k\u1ebf hi\u1ec7n \u0111\u1ea1i kh\u00f4ng chi\u1ebfm nhi\u1ec1u di\u1ec7n t\u00edch, ph\u1ea7n khung \u0111\u1ee1 m\u00e1y \u0111\u01b0\u1ee3c h\u00e0n g\u1eafn ch\u1eafc ch\u1eafn kh\u00f4ng g\u00e2y rung l\u1eafc trong qu\u00e1 tr\u00ecnh v\u1eadn h\u00e0nh. M\u00e1y \u0111\u01b0\u1ee3c k\u1ebft h\u1ee3p v\u1edbi 4 b\u00e1nh xe thu\u1eadn ti\u1ec7n di chuy\u1ec3n v\u1ecb tr\u00ed \u0111\u1eb7t m\u00e1y.<\/span><\/p>\n<p><span style=\"color: #000000\"><img loading=\"lazy\" decoding=\"async\" class=\"aligncenter wp-image-18690 size-full lazy-load-active\" src=\"https:\/\/sieuthimaybinhminh.com\/wp-content\/uploads\/2022\/12\/cau-tao-may-bam-nghien-co_result222.webp\" alt=\"cau-tao-may-bam-nghien-co_result222\" width=\"800\" height=\"600\" data-src=\"https:\/\/sieuthimaybinhminh.com\/wp-content\/uploads\/2022\/12\/cau-tao-may-bam-nghien-co_result222.webp\" data-srcset=\"https:\/\/sieuthimaybinhminh.com\/wp-content\/uploads\/2022\/12\/cau-tao-may-bam-nghien-co_result222.webp 800w, https:\/\/sieuthimaybinhminh.com\/wp-content\/uploads\/2022\/12\/cau-tao-may-bam-nghien-co_result222-300x225.webp 300w, https:\/\/sieuthimaybinhminh.com\/wp-content\/uploads\/2022\/12\/cau-tao-may-bam-nghien-co_result222-768x576.webp 768w, https:\/\/sieuthimaybinhminh.com\/wp-content\/uploads\/2022\/12\/cau-tao-may-bam-nghien-co_result222-450x338.webp 450w\" \/><\/span><\/p>\n<h3><span style=\"color: #000000\"><strong>Toa n\u1ea1p v\u00e0 c\u1eeda x\u1ea3 c\u1ed1 \u0111\u1ecbnh<\/strong><\/span><\/h3>\n<p><span style=\"color: #000000\">Ph\u1ea7n toa n\u1ea1p \u0111\u01b0\u1ee3c thi\u1ebft k\u1ebf n\u1eb1m ngang v\u1edbi \u0111\u1ed9 cao v\u1eeba t\u1ea7m v\u1edbi ng\u01b0\u1eddi d\u00f9ng an to\u00e0n khi s\u1eed d\u1ee5ng.<\/span><\/p>\n<p><span style=\"color: #000000\">Ph\u00eda trong toa n\u1ea1p \u0111\u01b0\u1ee3c thi\u1ebft k\u1ebf qu\u1ea3 l\u00f4 k\u1eb9p k\u00e9o nguy\u00ean li\u1ec7u t\u1ef1 \u0111\u1ed9ng, \u0111\u1ea3m b\u1ea3o cho ng\u01b0\u1eddi s\u1eed d\u1ee5ng kh\u00f4ng ph\u1ea3i \u0111\u01b0a nguy\u00ean li\u1ec7u v\u00e0o qu\u00e1 s\u00e2u.<\/span><\/p>\n<p><span style=\"color: #000000\"><img loading=\"lazy\" decoding=\"async\" class=\"aligncenter wp-image-18692 size-full lazy-load-active\" src=\"https:\/\/sieuthimaybinhminh.com\/wp-content\/uploads\/2022\/12\/toa-nap-bam-co_result222.webp\" alt=\"toa-nap-bam-co_result222\" width=\"800\" height=\"600\" data-src=\"https:\/\/sieuthimaybinhminh.com\/wp-content\/uploads\/2022\/12\/toa-nap-bam-co_result222.webp\" data-srcset=\"https:\/\/sieuthimaybinhminh.com\/wp-content\/uploads\/2022\/12\/toa-nap-bam-co_result222.webp 800w, https:\/\/sieuthimaybinhminh.com\/wp-content\/uploads\/2022\/12\/toa-nap-bam-co_result222-300x225.webp 300w, https:\/\/sieuthimaybinhminh.com\/wp-content\/uploads\/2022\/12\/toa-nap-bam-co_result222-768x576.webp 768w, https:\/\/sieuthimaybinhminh.com\/wp-content\/uploads\/2022\/12\/toa-nap-bam-co_result222-450x338.webp 450w\" \/><\/span><\/p>\n<p><span style=\"color: #000000\">H\u1ec7 th\u1ed1ng qu\u1ea3 l\u00f4 k\u1eb9p kh\u00e9o \u0111\u01b0\u1ee3c k\u00e9o t\u1ea3i b\u1eb1ng m\u1ed9t h\u1ed9p s\u1ed1 gi\u1ea3m t\u1ed1c v\u00e0 th\u00f4ng qua b\u1ed9 ph\u1eadn nh\u00f4ng x\u00edch \u0111\u1ec3 ho\u1ea1t \u0111\u1ed9ng<\/span><\/p>\n<p><span style=\"color: #000000\">Ph\u1ea7n c\u1eeda x\u1ea3 c\u00f3 t\u1ea5m ch\u1eafn \u0111i\u1ec1u ch\u1ec9nh, ng\u01b0\u1eddi d\u00f9ng c\u00f3 th\u1ec3 \u0111i\u1ec1u ch\u1ec9nh h\u01b0\u1edbng phun th\u00e0nh ph\u1ea9m sau khi b\u0103m:<\/span><\/p>\n<p><span style=\"color: #000000\"><img loading=\"lazy\" decoding=\"async\" class=\"aligncenter wp-image-18693 size-full lazy-load-active\" src=\"https:\/\/sieuthimaybinhminh.com\/wp-content\/uploads\/2022\/12\/cua-xa-thanh-pham_result222.webp\" alt=\"cua-xa-thanh-pham_result222\" width=\"800\" height=\"600\" data-src=\"https:\/\/sieuthimaybinhminh.com\/wp-content\/uploads\/2022\/12\/cua-xa-thanh-pham_result222.webp\" data-srcset=\"https:\/\/sieuthimaybinhminh.com\/wp-content\/uploads\/2022\/12\/cua-xa-thanh-pham_result222.webp 800w, https:\/\/sieuthimaybinhminh.com\/wp-content\/uploads\/2022\/12\/cua-xa-thanh-pham_result222-300x225.webp 300w, https:\/\/sieuthimaybinhminh.com\/wp-content\/uploads\/2022\/12\/cua-xa-thanh-pham_result222-768x576.webp 768w, https:\/\/sieuthimaybinhminh.com\/wp-content\/uploads\/2022\/12\/cua-xa-thanh-pham_result222-450x338.webp 450w\" \/><\/span><\/p>\n<ul>\n<li><span style=\"color: #000000\">G\u1eadp t\u1ea5m ch\u1eafn xu\u1ed1ng : n\u1ebfu mu\u1ed1n th\u00e0nh ph\u1ea9m phun g\u1ea7n<\/span><\/li>\n<li><span style=\"color: #000000\">N\u00e2ng t\u1ea5m ch\u1eafn l\u00ean : n\u1ebfu mu\u1ed3n th\u00e0nh ph\u1ea9m phun xa<\/span><\/li>\n<\/ul>\n<h3><span style=\"color: #000000\"><strong>H\u1ec7 th\u1ed1ng dao b\u0103m ch\u1eafc kh\u1ecfe<\/strong><\/span><\/h3>\n<p><span style=\"color: #000000\">M\u00e1y b\u0103m nghi\u1ec1n c\u1ecf \u0111\u01b0\u1ee3c trang b\u1ecb h\u1ec7 th\u1ed1ng dao b\u0103m g\u1ed3m 4 l\u01b0\u1ee1i dao b\u0103m ch\u00ednh d\u00e0y v\u00e0 ch\u1eafc kh\u1ecfe, \u0111\u01b0\u1ee3c l\u1eafp c\u1ed1 \u0111\u1ecbnh tr\u00ean 1 \u0111\u0129a b\u00e1nh \u0111\u00e0. Ngo\u00e0i ra, m\u00e1y \u0111\u01b0\u1ee3c trang b\u1ecb th\u00eam 16 b\u00faa \u0111\u1eadp v\u00e0 16 dao con gi\u00fap t\u0103ng kh\u1ea3 n\u0103ng \u0111\u1eadp \u2013 nghi\u1ec1n.<\/span><\/p>\n<p><span style=\"color: #000000\"><img loading=\"lazy\" decoding=\"async\" class=\"aligncenter wp-image-18694 size-full lazy-load-active\" src=\"https:\/\/sieuthimaybinhminh.com\/wp-content\/uploads\/2022\/12\/dao-bam-co_result222.webp\" alt=\"dao-bam-co_result222\" width=\"800\" height=\"600\" data-src=\"https:\/\/sieuthimaybinhminh.com\/wp-content\/uploads\/2022\/12\/dao-bam-co_result222.webp\" data-srcset=\"https:\/\/sieuthimaybinhminh.com\/wp-content\/uploads\/2022\/12\/dao-bam-co_result222.webp 800w, https:\/\/sieuthimaybinhminh.com\/wp-content\/uploads\/2022\/12\/dao-bam-co_result222-300x225.webp 300w, https:\/\/sieuthimaybinhminh.com\/wp-content\/uploads\/2022\/12\/dao-bam-co_result222-768x576.webp 768w, https:\/\/sieuthimaybinhminh.com\/wp-content\/uploads\/2022\/12\/dao-bam-co_result222-450x338.webp 450w\" \/><\/span><\/p>\n<p><span style=\"color: #000000\">Tr\u00ean b\u00e1nh \u0111\u00e0 c\u00f2n \u0111\u01b0\u1ee3c thi\u1ebft k\u1ebf th\u00eam 4 c\u00e1nh \u0111\u1ea9y, h\u1ed7 tr\u1ee3 cho vi\u1ec7c \u0111\u1ea9y th\u00e0nh ph\u1ea9m ra c\u1eeda x\u1ea3 d\u1ec5 d\u00e0ng h\u01a1n.<\/span><\/p>\n<h3><span style=\"color: #000000\"><strong>N\u0103ng su\u1ea5t cao h\u01a1n<\/strong><\/span><\/h3>\n<p><span style=\"color: #000000\">S\u1eed d\u1ee5ng \u0111\u1ed9ng c\u01a1 15kw d\u00f9ng \u0111i\u1ec7n 3 pha 380V \u2013 motor l\u00f5i d\u00e2y \u0111\u1ed3ng 10)% cho n\u0103ng su\u1ea5t \u0111\u1ea1t kho\u1ea3ng 300 \u2013 400 kg\/gi\u1edd<\/span><\/p>\n<p><span style=\"color: #000000\">Ngo\u00e0i ra, m\u00e1y \u0111\u01b0\u1ee3c trang b\u1ecb h\u1ed9p ch\u1eafn b\u1ea3o v\u1ec7 d\u00e2y curoa \u0111\u1ea3m b\u1ea3o an to\u00e0n cho ng\u01b0\u1eddi d\u00f9ng trong qu\u00e1 tr\u00ecnh v\u1eadn h\u00e0nh.<\/span><\/p>\n<h2><span style=\"color: #000000\"><strong>Th\u00f4ng s\u1ed1 k\u1ef9 thu\u1eadt<\/strong><\/span><\/h2>\n<table border=\"1\" width=\"704\" cellspacing=\"1\" cellpadding=\"1\">\n<tbody>\n<tr>\n<td colspan=\"1\" rowspan=\"3\"><span style=\"color: #000000\">\u0110\u1ed9ng c\u01a1<\/span><\/td>\n<td><span style=\"color: #000000\">C\u00f4ng su\u1ea5t \u0111\u1ed9ng c\u01a1<\/span><\/td>\n<td><span style=\"color: #000000\">\u00a0 15 kw<\/span><\/td>\n<\/tr>\n<tr>\n<td><span style=\"color: #000000\">Ngu\u1ed3n \u0111i\u1ec7n<\/span><\/td>\n<td><span style=\"color: #000000\">380 (V)<\/span><\/td>\n<\/tr>\n<tr>\n<td><span style=\"color: #000000\">T\u1ed1c \u0111\u1ed9<\/span><\/td>\n<td><span style=\"color: #000000\">1450 (V\/P)<\/span><\/td>\n<\/tr>\n<tr>\n<td colspan=\"1\" rowspan=\"2\"><span style=\"color: #000000\">Tr\u1ecdng l\u01b0\u1ee3ng m\u00e1y<\/span><\/td>\n<td><span style=\"color: #000000\">Nguy\u00ean b\u1ed9<\/span><\/td>\n<td><span style=\"color: #000000\">\u00a0358 kg<\/span><\/td>\n<\/tr>\n<tr>\n<td><span style=\"color: #000000\">Kh\u00f4ng \u0111\u1ed9ng c\u01a1<\/span><\/td>\n<td><span style=\"color: #000000\">\u00a0 kg<\/span><\/td>\n<\/tr>\n<tr>\n<td colspan=\"1\" rowspan=\"2\"><span style=\"color: #000000\">B\u1ea3o h\u00e0nh<\/span><\/td>\n<td><span style=\"color: #000000\">K\u1ef9 thu\u1eadt<\/span><\/td>\n<td><span style=\"color: #000000\">06 th\u00e1ng<\/span><\/td>\n<\/tr>\n<tr>\n<td><span style=\"color: #000000\">\u0110\u1ed9ng c\u01a1<\/span><\/td>\n<td><span style=\"color: #000000\">Theo t\u1eebng h\u00e3ng s\u1ea3n xu\u1ea5t<\/span><\/td>\n<\/tr>\n<tr>\n<td><span style=\"color: #000000\">N\u0103ng su\u1ea5t<\/span><\/td>\n<td colspan=\"2\" rowspan=\"1\"><span style=\"color: #000000\">300 \u2013 400 kg\/gi\u1edd<\/span><\/td>\n<\/tr>\n<tr>\n<td><span style=\"color: #000000\">K\u00edch th\u01b0\u1edbc (D*C*R)<\/span><\/td>\n<td colspan=\"2\" rowspan=\"1\"><span style=\"color: #000000\">148*109*141 cm<\/span><\/td>\n<\/tr>\n<tr>\n<td><span style=\"color: #000000\">H\u00ecnh th\u1ee9c thanh to\u00e1n<\/span><\/td>\n<td colspan=\"2\" rowspan=\"1\"><span style=\"color: #000000\">Ti\u1ec1n m\u1eb7t ho\u1eb7c chuy\u1ec3n kho\u1ea3n<\/span><\/td>\n<\/tr>\n<\/tbody>\n<\/table>\n","protected":false},"excerpt":{"rendered":"<ul>\n<li><strong>H\u00e3ng s\u1ea3n xu\u1ea5t :<\/strong>\u00a0B\u00ecnh Minh<\/li>\n<li><strong>C\u00f4ng su\u1ea5t \u0111\u1ed9ng c\u01a1 :<\/strong>\u00a015kw<\/li>\n<li><strong>T\u1ed1c \u0111\u1ed9 :<\/strong>\u00a01450 v\/p<\/li>\n<li><strong>Ngu\u1ed3n \u0111i\u1ec7n :<\/strong>\u00a0380V<\/li>\n<li><strong>N\u0103ng su\u1ea5t :<\/strong>\u00a0300 \u2013 400 kg\/gi\u1edd<\/li>\n<li><strong>Tr\u1ecdng l\u01b0\u1ee3ng :<\/strong>\u00a0358 kg( nguy\u00ean b\u1ed9)<\/li>\n<li><strong>K\u00edch th\u01b0\u1edbc (d*c*r):<\/strong>\u00a0148*109*141 cm<\/li>\n<li><strong>T\u00ednh n\u0103ng :<\/strong>\u00a0M\u00e1y chuy\u00ean d\u00f9ng b\u0103m \u2013 nghi\u1ec1n nh\u1ecf nguy\u00ean li\u1ec7u c\u1ecf : c\u1ecf voi, th\u00e2n c\u00e2y ng\u00f4,\u2026 ph\u1ee5c v\u1ee5 trong ch\u0103n nu\u00f4i<\/li>\n<\/ul>\n","protected":false},"featured_media":7541,"comment_status":"closed","ping_status":"closed","template":"","meta":[],"product_brand":[],"product_cat":[40],"product_tag":[184,79,183],"class_list":{"0":"post-7540","1":"product","2":"type-product","3":"status-publish","4":"has-post-thumbnail","6":"product_cat-may-bam-co","7":"product_tag-bam-nghien-co","8":"product_tag-may-bam-co","9":"product_tag-may-nghien-co","11":"first","12":"instock","13":"shipping-taxable","14":"product-type-simple"},"_links":{"self":[{"href":"https:\/\/congtybinhminh.com\/index.php?rest_route=\/wp\/v2\/product\/7540","targetHints":{"allow":["GET"]}}],"collection":[{"href":"https:\/\/congtybinhminh.com\/index.php?rest_route=\/wp\/v2\/product"}],"about":[{"href":"https:\/\/congtybinhminh.com\/index.php?rest_route=\/wp\/v2\/types\/product"}],"replies":[{"embeddable":true,"href":"https:\/\/congtybinhminh.com\/index.php?rest_route=%2Fwp%2Fv2%2Fcomments&post=7540"}],"wp:featuredmedia":[{"embeddable":true,"href":"https:\/\/congtybinhminh.com\/index.php?rest_route=\/wp\/v2\/media\/7541"}],"wp:attachment":[{"href":"https:\/\/congtybinhminh.com\/index.php?rest_route=%2Fwp%2Fv2%2Fmedia&parent=7540"}],"wp:term":[{"taxonomy":"product_brand","embeddable":true,"href":"https:\/\/congtybinhminh.com\/index.php?rest_route=%2Fwp%2Fv2%2Fproduct_brand&post=7540"},{"taxonomy":"product_cat","embeddable":true,"href":"https:\/\/congtybinhminh.com\/index.php?rest_route=%2Fwp%2Fv2%2Fproduct_cat&post=7540"},{"taxonomy":"product_tag","embeddable":true,"href":"https:\/\/congtybinhminh.com\/index.php?rest_route=%2Fwp%2Fv2%2Fproduct_tag&post=7540"}],"curies":[{"name":"wp","href":"https:\/\/api.w.org\/{rel}","templated":true}]}}