{"id":7534,"date":"2023-03-15T13:45:11","date_gmt":"2023-03-15T06:45:11","guid":{"rendered":"https:\/\/congtybinhminh.com\/?post_type=product&#038;p=7534"},"modified":"2024-02-20T10:28:50","modified_gmt":"2024-02-20T03:28:50","slug":"may-bam-canh-bq400-be-keo","status":"publish","type":"product","link":"https:\/\/congtybinhminh.com\/?product=may-bam-canh-bq400-be-keo","title":{"rendered":"M\u00e1y b\u0103m c\u00e0nh BQ400 b\u1ec7 k\u00e9o"},"content":{"rendered":"<h2><span style=\"color: #000000\"><strong>Video ho\u1ea1t \u0111\u1ed9ng m\u00e1y b\u0103m c\u00e0nh BQ400 b\u1ec7 k\u00e9o<\/strong><\/span><\/h2>\n<p><iframe loading=\"lazy\" title=\"M\u00e1y B\u0103m C\u00e0nh C\u00e2y Di \u0110\u1ed9ng BQ400 N\u0103ng Su\u1ea5t 2 T\u1ea5n M\u1ed7i Gi\u1edd Kh\u00f4ng C\u1ea7n \u0110i\u1ec7n\" width=\"1020\" height=\"574\" src=\"https:\/\/www.youtube.com\/embed\/g3yp4cF8yoo?feature=oembed\" frameborder=\"0\" allow=\"accelerometer; autoplay; clipboard-write; encrypted-media; gyroscope; picture-in-picture; web-share\" allowfullscreen><\/iframe><\/p>\n<h2><span style=\"color: #000000\"><strong>\u01afu \u0111i\u1ec3m khi s\u1eed d\u1ee5ng m\u00e1y b\u0103m c\u00e0nh BQ400 b\u1ec7 k\u00e9o<\/strong><\/span><\/h2>\n<ul>\n<li><span style=\"color: #000000\">T\u00ednh \u0111a n\u0103ng c\u00f3 th\u1ec3 b\u0103m \u0111a d\u1ea1ng nguy\u00ean li\u1ec7u : g\u1ed7 c\u00f4ng nghi\u1ec7p, v\u00e1n b\u00f3c, th\u00e2n g\u1ed7, c\u00e0nh c\u00e2y\u2026 s\u1ed1 l\u01b0\u1ee3ng l\u1edbn<\/span><\/li>\n<li><span style=\"color: #000000\">T\u00e1i s\u1eed d\u1ee5ng g\u1ed7 th\u1ea3i mang l\u1ea1i l\u1ee3i nhu\u1eadn cao cho c\u00e1c c\u01a1 s\u1edf s\u1ea3n xu\u1ea5t<\/span><\/li>\n<\/ul>\n<p><span style=\"color: #000000\"><img loading=\"lazy\" decoding=\"async\" class=\"aligncenter wp-image-18711 size-full lazy-load-active\" src=\"https:\/\/sieuthimaybinhminh.com\/wp-content\/uploads\/2022\/12\/may-bam-canh-be-keo_result222.webp\" alt=\"may-bam-canh-be-keo_result222\" width=\"800\" height=\"554\" data-src=\"https:\/\/sieuthimaybinhminh.com\/wp-content\/uploads\/2022\/12\/may-bam-canh-be-keo_result222.webp\" data-srcset=\"https:\/\/sieuthimaybinhminh.com\/wp-content\/uploads\/2022\/12\/may-bam-canh-be-keo_result222.webp 800w, https:\/\/sieuthimaybinhminh.com\/wp-content\/uploads\/2022\/12\/may-bam-canh-be-keo_result222-300x208.webp 300w, https:\/\/sieuthimaybinhminh.com\/wp-content\/uploads\/2022\/12\/may-bam-canh-be-keo_result222-768x532.webp 768w, https:\/\/sieuthimaybinhminh.com\/wp-content\/uploads\/2022\/12\/may-bam-canh-be-keo_result222-450x312.webp 450w\" \/><\/span><\/p>\n<ul>\n<li><span style=\"color: #000000\">C\u00f3 th\u1ec3 m\u00f3c xe k\u00e9o di chuy\u1ec3n v\u1ecb tr\u00ed \u0111\u1eb7t m\u00e1y \u0111\u1ec3 v\u1eadn h\u00e0nh<\/span><\/li>\n<li><span style=\"color: #000000\">S\u1ee7 d\u1ee5ng \u0111\u01a1n gi\u1ea3n ch\u1ec9 v\u01a1i 1 \u2013 2 nh\u00e2n c\u00f4ng v\u1eadn h\u00e0nh m\u00e1y, ti\u1ebft ki\u1ec7m th\u1eddi gian v\u00e0 chi ph\u00ed<\/span><\/li>\n<\/ul>\n<p><span style=\"color: #000000\">T\u00f9y thu\u1ed9c v\u00e0o y\u00eau c\u1ea7u s\u1ea3n ph\u1ea9m v\u00e0 k\u00edch th\u01b0\u1edbc nguy\u00ean li\u1ec7u \u0111\u1ea7u v\u00e0o m\u00e0 m\u00e1y b\u0103m g\u1ed7 c\u00f3 s\u1ef1 kh\u00e1c bi\u1ec7t v\u1ec1 h\u00ecnh d\u00e1ng, k\u1ebft c\u1ea5u.<\/span><\/p>\n<p><span style=\"color: #000000\"><strong style=\"font-size: 23.04px\">Gi\u1edbi thi\u1ec7u m\u00e1y b\u0103m c\u00e0nh BQ400 b\u1ec7 k\u00e9o<\/strong><\/span><\/p>\n<p><span style=\"color: #000000\">M\u00e1y m\u00f3c ng\u00e0y m\u1ed9t hi\u1ec7n \u0111\u1ea1i, thay v\u00ec s\u1eed d\u1ee5ng nh\u1eefng d\u00f2ng b\u0103m c\u0169 ph\u1ea3i c\u1ed1 \u0111\u1ecbnh v\u1ecb tr\u00ed v\u00e0 \u0111\u1ed9ng c\u01a1 khi b\u0103m g\u00e2y b\u1ea5t ti\u1ec7n trong qu\u00e1 tr\u00ecnh s\u1eed d\u1ee5ng, th\u00ec gi\u1edd \u0111\u00e2y ng\u01b0\u1eddi d\u00f9ng c\u00f3 th\u1ec3 s\u1eed d\u1ee5ng d\u00f2ng m\u00e1y b\u0103m c\u00e0nh\u1ed7 BQ400 c\u00f3 b\u1ec7 k\u00e9o thu\u1eadn ti\u1ec7n di chuy\u1ec3n k\u1ebft h\u1ee3p s\u1eed d\u1ee5ng \u0111\u1ea7u n\u1ed5 ch\u1ea1y m\u00e1y kh\u00f4ng lo \u0111i\u1ec7n y\u1ebfu, v\u1edbi nh\u1eefng l\u1ee3i \u00edch:<\/span><\/p>\n<p><span style=\"color: #000000\"><img loading=\"lazy\" decoding=\"async\" class=\"aligncenter wp-image-18705 size-full lazy-load-active\" src=\"https:\/\/sieuthimaybinhminh.com\/wp-content\/uploads\/2022\/12\/may-bam-canh-bq-400-binh-minh_result222.webp\" alt=\"may-bam-canh-bq-400-binh-minh_result222\" width=\"800\" height=\"600\" data-src=\"https:\/\/sieuthimaybinhminh.com\/wp-content\/uploads\/2022\/12\/may-bam-canh-bq-400-binh-minh_result222.webp\" data-srcset=\"https:\/\/sieuthimaybinhminh.com\/wp-content\/uploads\/2022\/12\/may-bam-canh-bq-400-binh-minh_result222.webp 800w, https:\/\/sieuthimaybinhminh.com\/wp-content\/uploads\/2022\/12\/may-bam-canh-bq-400-binh-minh_result222-300x225.webp 300w, https:\/\/sieuthimaybinhminh.com\/wp-content\/uploads\/2022\/12\/may-bam-canh-bq-400-binh-minh_result222-768x576.webp 768w, https:\/\/sieuthimaybinhminh.com\/wp-content\/uploads\/2022\/12\/may-bam-canh-bq-400-binh-minh_result222-450x338.webp 450w\" \/><\/span><\/p>\n<ul>\n<li><span style=\"color: #000000\">Thi\u1ebft k\u1ebf hi\u1ec7n \u0111\u1ea1i, v\u1edbi k\u1ebft c\u1ea5u ch\u1eafc ch\u1eafn \u0111\u1ea3m b\u1ea3o an to\u00e0n cho ng\u01b0\u1eddi d\u00f9ng<\/span><\/li>\n<li><span style=\"color: #000000\">L\u1eafp \u0111\u1eb7t b\u00e1nh xe l\u1edbn c\u00f9ng b\u1ec7 k\u00e9o thu\u1eadn ti\u1ec7n di chuy\u1ec3n v\u1ecb tr\u00ed \u0111\u1eb7t m\u00e1y<\/span><\/li>\n<li><span style=\"color: #000000\">S\u1eed d\u1ee5ng \u0111\u1ea7u n\u1ed5 ch\u1ea1y m\u00e1y kh\u00f4ng lo \u0111i\u1ec7n gia \u0111\u00ecnh y\u1ebfu hay \u0111i\u1ec7n kh\u00f4ng \u0111\u1ee7 t\u1ea3i<\/span><\/li>\n<li><span style=\"color: #000000\">M\u00e1y kh\u00f4ng ch\u1ec9 b\u0103m \u0111\u01b0\u1ee3c th\u00e2n g\u1ed7, kh\u00fac g\u1ed7.. m\u00e0 c\u00f2n c\u00f3 th\u1ec3 b\u0103m \u0111\u01b0\u1ee3c c\u00e0nh c\u00e2y..<\/span><\/li>\n<li><span style=\"color: #000000\">Cho n\u0103ng su\u1ea5t cao, th\u00e0nh ph\u1ea9m sau khi b\u0103m c\u00f3 th\u1ec3 \u0111em t\u00e1i ch\u1ebf<\/span><\/li>\n<\/ul>\n<p><span style=\"color: #000000\"><img loading=\"lazy\" decoding=\"async\" class=\"aligncenter wp-image-18715 size-full lazy-load-active\" src=\"https:\/\/sieuthimaybinhminh.com\/wp-content\/uploads\/2022\/12\/manh-go_result222.webp\" alt=\"manh-go_result222\" width=\"800\" height=\"577\" data-src=\"https:\/\/sieuthimaybinhminh.com\/wp-content\/uploads\/2022\/12\/manh-go_result222.webp\" data-srcset=\"https:\/\/sieuthimaybinhminh.com\/wp-content\/uploads\/2022\/12\/manh-go_result222.webp 800w, https:\/\/sieuthimaybinhminh.com\/wp-content\/uploads\/2022\/12\/manh-go_result222-300x216.webp 300w, https:\/\/sieuthimaybinhminh.com\/wp-content\/uploads\/2022\/12\/manh-go_result222-768x554.webp 768w, https:\/\/sieuthimaybinhminh.com\/wp-content\/uploads\/2022\/12\/manh-go_result222-450x325.webp 450w\" \/><\/span><\/p>\n<h2><span style=\"color: #000000\"><strong>C\u1ea5u t\u1ea1o m\u00e1y b\u0103m c\u00e0nh BQ400 b\u1ec7 k\u00e9o<\/strong><\/span><\/h2>\n<p><span style=\"color: #000000\">Thu\u1ed9c d\u00f2ng m\u00e1y c\u00f4ng nghi\u1ec7p, m\u00e1y \u0111\u01b0\u1ee3c thi\u1ebft k\u1ebf hi\u1ec7n \u0111\u1ea1i v\u1edbi ph\u1ea7n khung m\u00e1y \u0111\u01b0\u1ee3c h\u00e0n g\u1eafn ch\u1eafc ch\u1eafn, kh\u00f4ng g\u00e2y rung l\u1eafc trong qu\u00e1 tr\u00ecnh v\u1eadn h\u00e0nh. L\u1eafp \u0111\u1eb7t 2 ch\u00e2n tr\u1ee5 v\u00e0 2 b\u00e1nh xe l\u1edbn thu\u1eadn ti\u1ec7n di chuy\u1ec3n v\u1ecb tr\u00ed \u0111\u1eb7t m\u00e1y.<\/span><\/p>\n<p><span style=\"color: #000000\"><img loading=\"lazy\" decoding=\"async\" class=\"aligncenter wp-image-18706 size-full lazy-load-active\" src=\"https:\/\/sieuthimaybinhminh.com\/wp-content\/uploads\/2022\/12\/cau-tao-may-bam-canh-bq-400_result222.webp\" alt=\"cau-tao-may-bam-canh-bq-400_result222\" width=\"800\" height=\"620\" data-src=\"https:\/\/sieuthimaybinhminh.com\/wp-content\/uploads\/2022\/12\/cau-tao-may-bam-canh-bq-400_result222.webp\" data-srcset=\"https:\/\/sieuthimaybinhminh.com\/wp-content\/uploads\/2022\/12\/cau-tao-may-bam-canh-bq-400_result222.webp 800w, https:\/\/sieuthimaybinhminh.com\/wp-content\/uploads\/2022\/12\/cau-tao-may-bam-canh-bq-400_result222-300x233.webp 300w, https:\/\/sieuthimaybinhminh.com\/wp-content\/uploads\/2022\/12\/cau-tao-may-bam-canh-bq-400_result222-768x595.webp 768w, https:\/\/sieuthimaybinhminh.com\/wp-content\/uploads\/2022\/12\/cau-tao-may-bam-canh-bq-400_result222-450x349.webp 450w\" \/><\/span><\/p>\n<h3><span style=\"color: #000000\"><strong>Toa n\u1ea1p v\u00e0 qu\u1ea3 l\u00f4<\/strong><\/span><\/h3>\n<p><span style=\"color: #000000\">L\u00e0 b\u1ed9 ph\u1eadn ch\u1ee9a c\u00e1c nguy\u00ean li\u1ec7u \u0111\u1ea7u v\u00e0o c\u1ea7n b\u0103m, mi\u1ec7ng ph\u1ec5u n\u1ea1p m\u00e1y BQ400 \u0111\u01b0\u1ee3c thi\u1ebft k\u1ebf l\u1edbn c\u00f3 s\u1ee9c ch\u1ee9a \u0111\u01b0\u1ee3c nhi\u1ec1u nguy\u00ean li\u1ec7u h\u01a1n. G\u1ed7 khi \u0111\u01b0\u1ee3c \u0111\u01b0a v\u00e0o ph\u1ec5u s\u1ebd \u0111\u01b0\u1ee3c c\u00e1c l\u01b0\u1ee1i b\u00e1nh r\u0103ng tr\u00ean qu\u1ea3 l\u00f4 \u00e9p v\u00e0 \u0111\u01b0a xu\u1ed1ng bu\u1ed3ng b\u0103m.<\/span><\/p>\n<p><span style=\"color: #000000\"><img loading=\"lazy\" decoding=\"async\" class=\"aligncenter wp-image-18707 size-full lazy-load-active\" src=\"https:\/\/sieuthimaybinhminh.com\/wp-content\/uploads\/2022\/12\/toa-nap-may-bam-canh_result222.webp\" alt=\"toa-nap-may-bam-canh_result222\" width=\"800\" height=\"600\" data-src=\"https:\/\/sieuthimaybinhminh.com\/wp-content\/uploads\/2022\/12\/toa-nap-may-bam-canh_result222.webp\" data-srcset=\"https:\/\/sieuthimaybinhminh.com\/wp-content\/uploads\/2022\/12\/toa-nap-may-bam-canh_result222.webp 800w, https:\/\/sieuthimaybinhminh.com\/wp-content\/uploads\/2022\/12\/toa-nap-may-bam-canh_result222-300x225.webp 300w, https:\/\/sieuthimaybinhminh.com\/wp-content\/uploads\/2022\/12\/toa-nap-may-bam-canh_result222-768x576.webp 768w, https:\/\/sieuthimaybinhminh.com\/wp-content\/uploads\/2022\/12\/toa-nap-may-bam-canh_result222-450x338.webp 450w\" \/><\/span><\/p>\n<p><span style=\"color: #000000\">Qu\u1ea3 l\u00f4 k\u1eb9p k\u00e9o \u0111\u01b0\u1ee3c \u0111i\u1ec1u khi\u1ec3n qua c\u1ea7n g\u1ea1t \u0111i\u1ec1u ch\u1ec9nh, c\u00f3 3 n\u1ea5c \u0111i\u1ec1u ch\u1ec9nh:<\/span><\/p>\n<p><span style=\"color: #000000\">\u2013 G\u1ea1t xu\u1ed1ng th\u00ec qu\u1ea3 l\u00f4 s\u1ebd cu\u1ed1n nguy\u00ean li\u1ec7u \u0111i v\u00e0o trong bu\u1ed3ng b\u0103m.<\/span><\/p>\n<p><span style=\"color: #000000\">\u2013 M\u1ee9c \u1edf gi\u1eefa l\u00e0 \u0111\u1ec3 d\u1eebng qu\u1ea3 l\u00f4.<\/span><\/p>\n<p><span style=\"color: #000000\">\u2013 G\u1ea1t l\u00ean th\u00ec qu\u1ea3 l\u00f4 s\u1ebd quay ng\u01b0\u1ee3c l\u1ea1i \u0111\u1ec3 \u0111\u1ea9y nguy\u00ean li\u1ec7u ra ngo\u00e0i.<\/span><\/p>\n<p><span style=\"color: #000000\">H\u01a1n n\u1eefa, m\u00e1y c\u00f2n s\u1eed d\u1ee5ng d\u1ea7u th\u1ee7y l\u1ef1c \u0111\u1ec3 v\u1eadn h\u00e0nh qu\u1ea3 l\u00f4 v\u1eeba c\u00f3 t\u00e1c d\u1ee5ng b\u00f4i tr\u01a1n, v\u1eeba gi\u00fap t\u0103ng tu\u1ed5i th\u1ecd c\u1ee7a thi\u1ebft b\u1ecb<\/span><\/p>\n<p><span style=\"color: #000000\"><img loading=\"lazy\" decoding=\"async\" class=\"aligncenter wp-image-18708 size-full lazy-load-active\" src=\"https:\/\/sieuthimaybinhminh.com\/wp-content\/uploads\/2022\/12\/nap-chan_result222.webp\" alt=\"nap-chan_result222\" width=\"800\" height=\"600\" data-src=\"https:\/\/sieuthimaybinhminh.com\/wp-content\/uploads\/2022\/12\/nap-chan_result222.webp\" data-srcset=\"https:\/\/sieuthimaybinhminh.com\/wp-content\/uploads\/2022\/12\/nap-chan_result222.webp 800w, https:\/\/sieuthimaybinhminh.com\/wp-content\/uploads\/2022\/12\/nap-chan_result222-300x225.webp 300w, https:\/\/sieuthimaybinhminh.com\/wp-content\/uploads\/2022\/12\/nap-chan_result222-768x576.webp 768w, https:\/\/sieuthimaybinhminh.com\/wp-content\/uploads\/2022\/12\/nap-chan_result222-450x338.webp 450w\" \/><\/span><\/p>\n<p><span style=\"color: #000000\">B\u00ean ngo\u00e0i ph\u1ea7n toa n\u1ea1p c\u00f3 n\u1eafp \u0111\u00f3ng ch\u1eafn v\u1eeba c\u00f3 th\u1ec3 g\u1eadp g\u1ecdn v\u1eeba c\u00f3 t\u00e1c d\u1ee5ng ch\u1eafn nh\u1eefng t\u00e1c \u0111\u1ed9ng b\u00ean ngo\u00e0i hay c\u00e1c v\u1eadt s\u1eafc nh\u1ecdn \u1ed1c v\u00edt, vi\u00ean \u0111\u00e1\u2026 r\u01a1i v\u00e0o m\u00e1y \u1ea3nh h\u01b0\u1edfng \u0111\u1ebfn b\u00ean trong m\u00e1y.<\/span><\/p>\n<h3><span style=\"color: #000000\"><strong>C\u1eeda x\u1ea3 linh ho\u1ea1t\u00a0<\/strong><\/span><\/h3>\n<p><span style=\"color: #000000\">C\u1eeda x\u1ea3 \u0111\u01b0\u1ee3c thi\u1ebft k\u1ebf d\u1ea1ng v\u00f2i cao, th\u00e0nh ph\u1ea9m sau khi b\u0103m c\u00f3 th\u1ec3 phun tr\u1ef1c ti\u1ebfp v\u00e0o th\u00f9ng phi l\u1edbn hay xe ch\u1ee9a thu\u1eadn ti\u1ec7n thu gom nguy\u00ean li\u1ec7u. H\u01a1n n\u1eefa, tr\u01b0\u1edbc c\u1eeda x\u1ea3 c\u00f3 n\u1eafp ch\u1eafn gi\u00fap \u0111i\u1ec1u ch\u1ec9nh h\u01b0\u1edbng phun:<\/span><\/p>\n<p><span style=\"color: #000000\"><img loading=\"lazy\" decoding=\"async\" class=\"aligncenter wp-image-18712 size-full lazy-load-active\" src=\"https:\/\/sieuthimaybinhminh.com\/wp-content\/uploads\/2022\/12\/cua-xa-may-bam_result222.webp\" alt=\"cua-xa-may-bam_result222\" width=\"800\" height=\"584\" data-src=\"https:\/\/sieuthimaybinhminh.com\/wp-content\/uploads\/2022\/12\/cua-xa-may-bam_result222.webp\" data-srcset=\"https:\/\/sieuthimaybinhminh.com\/wp-content\/uploads\/2022\/12\/cua-xa-may-bam_result222.webp 800w, https:\/\/sieuthimaybinhminh.com\/wp-content\/uploads\/2022\/12\/cua-xa-may-bam_result222-300x219.webp 300w, https:\/\/sieuthimaybinhminh.com\/wp-content\/uploads\/2022\/12\/cua-xa-may-bam_result222-768x561.webp 768w, https:\/\/sieuthimaybinhminh.com\/wp-content\/uploads\/2022\/12\/cua-xa-may-bam_result222-450x329.webp 450w\" \/><\/span><\/p>\n<ul>\n<li><span style=\"color: #000000\">N\u00e2ng n\u1eafp ch\u1eafn : N\u1ebfu mu\u1ed1n th\u00e0nh ph\u1ea9m phun xa<\/span><\/li>\n<li><span style=\"color: #000000\">H\u1ea1 n\u1ea5p ch\u0103n : N\u1ebfu mu\u1ed1n th\u00e0nh ph\u1ea9m phun g\u1ea7n<\/span><\/li>\n<\/ul>\n<p><span style=\"color: #000000\">Ph\u1ea7n \u1ed1ng c\u1eeda x\u1ea3 c\u1ee7a m\u00e1y c\u00f3 th\u1ec3 quay 360 \u0111\u1ed9 thu\u1eadn ti\u1ec7n cho ng\u01b0\u1eddi d\u00f9ng c\u00f3 th\u1ec3 \u0111i\u1ec1u ch\u1ec9nh h\u01b0\u1edbng phun thay v\u00ec ph\u1ea3i c\u1ed1 \u0111\u1ecbnh m\u1ed9t ch\u1ed7 nh\u01b0 c\u00e1c m\u00e1y truy\u1ec1n th\u1ed1ng tr\u01b0\u1edbc \u0111\u00e2y.<\/span><\/p>\n<h3><span style=\"color: #000000\"><strong>Bu\u1ed3ng l\u00e0m vi\u1ec7c<\/strong><\/span><\/h3>\n<p><span style=\"color: #000000\">Bu\u1ed3ng l\u00e0m vi\u1ec7c c\u1ee7a m\u00e1y g\u1ed3m 4 l\u01b0\u1ee1i dao d\u00e0y l\u00e0m t\u1eeb h\u1ee3p kim 9XC \u0111\u01b0\u1ee3c r\u00e8n s\u1eafc b\u00e9n v\u00e0 \u0111\u01b0\u1ee3c l\u1eafp tr\u00ean qu\u1ea3 l\u00f4 trong bu\u1ed3ng b\u0103m. Khi m\u00e1y ho\u1ea1t \u0111\u1ed9ng, qu\u1ea3 l\u00f4 xoay tr\u00f2n t\u1ea1o ra m\u1ed9t l\u1ef1c b\u0103m m\u1ea1nh, l\u00fac n\u00e0y l\u01b0\u1ee1i dao s\u1ebd b\u0103m \u2013 nghi\u1ec1n nguy\u00ean li\u1ec7u th\u00e0nh c\u00e1c m\u1ea3nh nh\u1ecf<\/span><\/p>\n<p><span style=\"color: #000000\"><img loading=\"lazy\" decoding=\"async\" class=\"aligncenter wp-image-18709 size-full lazy-load-active\" src=\"https:\/\/sieuthimaybinhminh.com\/wp-content\/uploads\/2022\/12\/dao-bam-canh_result222.webp\" alt=\"dao-bam-canh_result222\" width=\"800\" height=\"554\" data-src=\"https:\/\/sieuthimaybinhminh.com\/wp-content\/uploads\/2022\/12\/dao-bam-canh_result222.webp\" data-srcset=\"https:\/\/sieuthimaybinhminh.com\/wp-content\/uploads\/2022\/12\/dao-bam-canh_result222.webp 800w, https:\/\/sieuthimaybinhminh.com\/wp-content\/uploads\/2022\/12\/dao-bam-canh_result222-300x208.webp 300w, https:\/\/sieuthimaybinhminh.com\/wp-content\/uploads\/2022\/12\/dao-bam-canh_result222-768x532.webp 768w, https:\/\/sieuthimaybinhminh.com\/wp-content\/uploads\/2022\/12\/dao-bam-canh_result222-450x312.webp 450w\" \/><\/span><\/p>\n<h3><span style=\"color: #000000\"><strong>N\u0103ng su\u1ea5t cao<\/strong><\/span><\/h3>\n<p><span style=\"color: #000000\">M\u00e1y s\u1eed d\u1ee5ng \u0111\u1ea7u n\u1ed5 D40,\u00a0 ng\u01b0\u1eddi d\u00f9ng c\u00f3 th\u1ec3 ch\u1ee7 \u0111\u1ed9ng v\u1eadn h\u00e0nh m\u00e1y \u1edf m\u1ecdi n\u01a1i kh\u00f4ng ph\u1ee5 thu\u1ed9c v\u00e0o ngu\u1ed3n \u0111i\u1ec7n hay lo \u0111i\u1ec7n y\u1ebfu, \u0111i\u1ec7n kh\u00f4ng \u0111\u1ee7 t\u1ea3i.<\/span><\/p>\n<h2><span style=\"color: #000000\"><strong>Th\u00f4ng s\u1ed1 k\u1ef9 thu\u1eadt\u00a0<\/strong><\/span><\/h2>\n<table border=\"1\" cellspacing=\"1\" cellpadding=\"1\">\n<tbody>\n<tr>\n<td colspan=\"1\" rowspan=\"3\"><span style=\"color: #000000\">\u0110\u1ed9ng c\u01a1<\/span><\/td>\n<td><span style=\"color: #000000\">C\u00f4ng su\u1ea5t \u0111\u1ed9ng c\u01a1<\/span><\/td>\n<td><span style=\"color: #000000\">\u0110\u1ea7u n\u1ed5 D 40<\/span><\/td>\n<\/tr>\n<tr>\n<td><span style=\"color: #000000\">Ngu\u1ed3n \u0111i\u1ec7n<\/span><\/td>\n<td><span style=\"color: #000000\">\u00a0(V)<\/span><\/td>\n<\/tr>\n<tr>\n<td><span style=\"color: #000000\">T\u1ed1c \u0111\u1ed9<\/span><\/td>\n<td><span style=\"color: #000000\">(v\/p)<\/span><\/td>\n<\/tr>\n<tr>\n<td colspan=\"1\" rowspan=\"2\"><span style=\"color: #000000\">Tr\u1ecdng l\u01b0\u1ee3ng m\u00e1y<\/span><\/td>\n<td><span style=\"color: #000000\">Nguy\u00ean b\u1ed9<\/span><\/td>\n<td><span style=\"color: #000000\">\u00a0896 (kg)<\/span><\/td>\n<\/tr>\n<tr>\n<td><span style=\"color: #000000\">Kh\u00f4ng \u0111\u1ed9ng c\u01a1<\/span><\/td>\n<td><span style=\"color: #000000\">\u00a0666 (kg)<\/span><\/td>\n<\/tr>\n<tr>\n<td colspan=\"1\" rowspan=\"2\"><span style=\"color: #000000\">B\u1ea3o h\u00e0nh<\/span><\/td>\n<td><span style=\"color: #000000\">K\u1ef9 thu\u1eadt<\/span><\/td>\n<td><span style=\"color: #000000\">06 th\u00e1ng<\/span><\/td>\n<\/tr>\n<tr>\n<td><span style=\"color: #000000\">\u0110\u1ed9ng c\u01a1<\/span><\/td>\n<td><span style=\"color: #000000\">Theo t\u1eebng h\u00e3ng s\u1ea3n xu\u1ea5t<\/span><\/td>\n<\/tr>\n<tr>\n<td><span style=\"color: #000000\">N\u0103ng su\u1ea5t<\/span><\/td>\n<td colspan=\"2\" rowspan=\"1\"><span style=\"color: #000000\">1000 \u2013 1500kg \/gi\u1edd<\/span><\/td>\n<\/tr>\n<tr>\n<td><span style=\"color: #000000\">K\u00edch th\u01b0\u1edbc (D*C*R)<\/span><\/td>\n<td colspan=\"2\" rowspan=\"1\"><span style=\"color: #000000\">340*186*130 cm<\/span><\/td>\n<\/tr>\n<tr>\n<td><span style=\"color: #000000\">H\u00ecnh th\u1ee9c thanh to\u00e1n<\/span><\/td>\n<td colspan=\"2\" rowspan=\"1\"><span style=\"color: #000000\">Ti\u1ec1n m\u0103t ho\u1eb7c chuy\u1ec3n kho\u1ea3n<\/span><\/td>\n<\/tr>\n<\/tbody>\n<\/table>\n","protected":false},"excerpt":{"rendered":"<p>H\u00e3ng s\u1ea3n xu\u1ea5t : B\u00ecnh Minh<br \/>\nC\u00f4ng su\u1ea5t \u0111\u1ea7u n\u1ed5 : D40<br \/>\nN\u0103ng su\u1ea5t : 1000 \u2013 1500kg\/gi\u1edd<br \/>\nTr\u1ecdng l\u01b0\u1ee3ng : 896 kg<br \/>\nK\u00edch th\u01b0\u1edbc (d*c*r) : 340*186*130 cm<br \/>\nT\u00ednh n\u0103ng : M\u00e1y chuy\u00ean d\u00f9ng b\u0103m nh\u1ecf th\u00e2n g\u1ed7, c\u00e0nh c\u00e2y\u2026 v\u1edbi n\u0103ng su\u1ea5t cao<\/p>\n","protected":false},"featured_media":7535,"comment_status":"closed","ping_status":"closed","template":"","meta":[],"product_brand":[],"product_cat":[41],"product_tag":[91,173,87,182],"class_list":{"0":"post-7534","1":"product","2":"type-product","3":"status-publish","4":"has-post-thumbnail","6":"product_cat-may-bam-go","7":"product_tag-may-bam-canh","8":"product_tag-may-bam-dam","9":"product_tag-may-bam-go","10":"product_tag-may-bam-go-bang-truyen","12":"first","13":"instock","14":"shipping-taxable","15":"product-type-simple"},"_links":{"self":[{"href":"https:\/\/congtybinhminh.com\/index.php?rest_route=\/wp\/v2\/product\/7534","targetHints":{"allow":["GET"]}}],"collection":[{"href":"https:\/\/congtybinhminh.com\/index.php?rest_route=\/wp\/v2\/product"}],"about":[{"href":"https:\/\/congtybinhminh.com\/index.php?rest_route=\/wp\/v2\/types\/product"}],"replies":[{"embeddable":true,"href":"https:\/\/congtybinhminh.com\/index.php?rest_route=%2Fwp%2Fv2%2Fcomments&post=7534"}],"wp:featuredmedia":[{"embeddable":true,"href":"https:\/\/congtybinhminh.com\/index.php?rest_route=\/wp\/v2\/media\/7535"}],"wp:attachment":[{"href":"https:\/\/congtybinhminh.com\/index.php?rest_route=%2Fwp%2Fv2%2Fmedia&parent=7534"}],"wp:term":[{"taxonomy":"product_brand","embeddable":true,"href":"https:\/\/congtybinhminh.com\/index.php?rest_route=%2Fwp%2Fv2%2Fproduct_brand&post=7534"},{"taxonomy":"product_cat","embeddable":true,"href":"https:\/\/congtybinhminh.com\/index.php?rest_route=%2Fwp%2Fv2%2Fproduct_cat&post=7534"},{"taxonomy":"product_tag","embeddable":true,"href":"https:\/\/congtybinhminh.com\/index.php?rest_route=%2Fwp%2Fv2%2Fproduct_tag&post=7534"}],"curies":[{"name":"wp","href":"https:\/\/api.w.org\/{rel}","templated":true}]}}