{"id":7510,"date":"2022-12-14T10:17:37","date_gmt":"2022-12-14T03:17:37","guid":{"rendered":"https:\/\/congtybinhminh.com\/?post_type=product&#038;p=7510"},"modified":"2024-05-31T09:11:43","modified_gmt":"2024-05-31T02:11:43","slug":"may-bam-rom-xo-dua-1-pha","status":"publish","type":"product","link":"https:\/\/congtybinhminh.com\/?product=may-bam-rom-xo-dua-1-pha","title":{"rendered":"M\u00e1y b\u0103m r\u01a1m x\u01a1 d\u1eeba 1 pha"},"content":{"rendered":"<h2><span style=\"color: #000000\"><strong>Video ho\u1ea1t \u0111\u1ed9ng m\u00e1y\u00a0<\/strong><\/span><\/h2>\n<p><iframe loading=\"lazy\" title=\"M\u00e1y B\u0103m R\u01a1m Kh\u00f4 - X\u01a1 D\u1eeba Gi\u00e1 R\u1ebb Ch\u1ec9 T\u1ea7m 7 Tri\u1ec7u Gi\u00e0nh Cho M\u1ecdi H\u1ed9 Gia \u0110\u00ecnh\" width=\"1020\" height=\"574\" src=\"https:\/\/www.youtube.com\/embed\/lmZxfJ_jeo8?feature=oembed\" frameborder=\"0\" allow=\"accelerometer; autoplay; clipboard-write; encrypted-media; gyroscope; picture-in-picture; web-share\" referrerpolicy=\"strict-origin-when-cross-origin\" allowfullscreen><\/iframe><\/p>\n<p><span style=\"color: #000000\">Hi\u1ec7n nay tr\u00ean th\u1ecb tr\u01b0\u1eddng h\u1ea7u h\u1ebft c\u00e1c d\u00f2ng m\u00e1y xay x\u01a1 d\u1eeba h\u1ea7u h\u1ebft \u0111\u1ec1u ch\u1ea1y b\u1eb1ng ngu\u1ed3n \u0111i\u1ec7n 3pha 380v \u0111i\u1ec1u n\u00e0y s\u1ebd g\u00e2y ra kh\u00f3 kh\u0103n \u0111\u1ed1i v\u1edbi nh\u1eefng khu v\u1ef1c kh\u00f4ng c\u00f3 \u0111i\u1ec7n 3pha ho\u1eb7c ngu\u1ed3n \u0111i\u1ec7n y\u1ebfu.\u00a0<\/span><\/p>\n<p><img loading=\"lazy\" decoding=\"async\" class=\"size-full wp-image-7511 aligncenter\" src=\"https:\/\/congtybinhminh.com\/wp-content\/uploads\/2022\/12\/AnyConv.com__may-bam-rom-dua-2.webp\" alt=\"rom-dua-1pha\" width=\"800\" height=\"600\" srcset=\"https:\/\/congtybinhminh.com\/wp-content\/uploads\/2022\/12\/AnyConv.com__may-bam-rom-dua-2.webp 800w, https:\/\/congtybinhminh.com\/wp-content\/uploads\/2022\/12\/AnyConv.com__may-bam-rom-dua-2-510x383.webp 510w, https:\/\/congtybinhminh.com\/wp-content\/uploads\/2022\/12\/AnyConv.com__may-bam-rom-dua-2-533x400.webp 533w, https:\/\/congtybinhminh.com\/wp-content\/uploads\/2022\/12\/AnyConv.com__may-bam-rom-dua-2-768x576.webp 768w\" sizes=\"auto, (max-width: 800px) 100vw, 800px\" \/><\/p>\n<p><span style=\"color: #000000\">Hi\u1ec3u \u0111\u01b0\u1ee3c \u0111i\u1ec1u \u0111\u00f3, \u0111\u1ed9i ng\u0169 k\u1ef9 s\u01b0 c\u1ee7a c\u00f4ng ty B\u00ecnh Minh \u0111\u00e3 kh\u00f4ng ng\u1eebng n\u1ed7 l\u1ef1c nghi\u00ean c\u1ee9u c\u1ea3i ti\u1ebfn, v\u00e0 ng\u00e0y h\u00f4m nay c\u00f4ng ty B\u00ecnh Minh xin ra m\u1eaft t\u1ea5t c\u1ea3 qu\u00fd v\u1ecb d\u00f2ng s\u1ea3n ph\u1ea9m m\u00e1y b\u0103m x\u01a1 d\u1eeba ch\u1ea1y b\u1eb1ng \u0111i\u1ec7n 1 pha 220v-1 chi\u1ebfc m\u00e1y c\u00f3 th\u1ec3 s\u1eed d\u1ee5ng \u1edf h\u1ea7u h\u1ebft c\u00e1c h\u1ed9 kinh doanh s\u1ea3n xu\u1ea5t ch\u1ebf bi\u1ebfn nh\u1ecf l\u1ebb gia \u0111\u00ecnh<\/span><\/p>\n<h2><span style=\"color: #000000\"><strong>C\u1ea5u t\u1ea1o c\u1ee7a m\u00e1y b\u0103m r\u01a1m d\u1eeba 1 pha<\/strong><\/span><\/h2>\n<p><span style=\"color: #000000\">M\u00e1y b\u0103m r\u01a1m d\u1eeba 1 pha \u0111\u01b0\u1ee3c gia c\u00f4ng s\u1ea3n xu\u1ea5t ch\u1eafc ch\u1eafn, khung m\u00e1y nh\u1ecf g\u1ecdn kh\u00f4ng chi\u1ebfm qu\u00e1 nhi\u1ec1u kh\u00f4ng gian s\u1eed d\u1ee5ng.<\/span><\/p>\n<p><span style=\"color: #000000\">M\u00e1y c\u00f2n \u0111\u01b0\u1ee3c thi\u1ebft k\u1ebf tay \u0111\u1ea9y k\u1ebft h\u1ee3p v\u1edbi b\u00e1nh xe gi\u00fap b\u00e0 con c\u00f3 th\u1ec3 d\u1ec5 d\u00e0ng di chuy\u1ec3n m\u00e1y \u0111\u1ebfn b\u1ea5t c\u1ee9 \u0111\u1ecba \u0111i\u1ec3m n\u00e0o.<\/span><\/p>\n<p><img loading=\"lazy\" decoding=\"async\" class=\"size-full wp-image-7512 aligncenter\" src=\"https:\/\/congtybinhminh.com\/wp-content\/uploads\/2022\/12\/AnyConv.com__may-bam-rom-dua-1-2.webp\" alt=\"\" width=\"800\" height=\"600\" srcset=\"https:\/\/congtybinhminh.com\/wp-content\/uploads\/2022\/12\/AnyConv.com__may-bam-rom-dua-1-2.webp 800w, https:\/\/congtybinhminh.com\/wp-content\/uploads\/2022\/12\/AnyConv.com__may-bam-rom-dua-1-2-510x383.webp 510w, https:\/\/congtybinhminh.com\/wp-content\/uploads\/2022\/12\/AnyConv.com__may-bam-rom-dua-1-2-533x400.webp 533w, https:\/\/congtybinhminh.com\/wp-content\/uploads\/2022\/12\/AnyConv.com__may-bam-rom-dua-1-2-768x576.webp 768w\" sizes=\"auto, (max-width: 800px) 100vw, 800px\" \/><\/p>\n<h3><span style=\"color: #000000\"><strong>C\u1eeda n\u1ea1p &amp; c\u1eeda x\u1ea3<\/strong><\/span><\/h3>\n<p><span style=\"color: #000000\">\u2013 \u0110\u01b0\u1eddng k\u00ednh 19cm c\u1ee7a c\u1eeda n\u1ea1p gi\u00fap ng\u01b0\u1eddi s\u1eed d\u1ee5ng c\u00f3 th\u1ec3 d\u1ec5 d\u00e0ng \u0111\u01b0a v\u00e0o m\u1ed9t l\u01b0\u1ee3ng l\u1edbn nguy\u00ean li\u1ec7u hay cho c\u1ea3 qu\u1ea3 d\u1eeba v\u00e0o b\u0103m m\u00e0 kh\u00f4ng c\u1ea7n b\u1ed5 nh\u1ecf ra m\u1ed9t c\u00e1ch d\u1ec5 d\u00e0ng. Xung quanh c\u1eeda n\u1ea1p c\u00f3 t\u1ea5m ch\u1eafn gi\u00fap nguy\u00ean li\u1ec7u kh\u00f4ng b\u1ecb b\u1eafn ra kh\u1ecfi bu\u1ed3ng l\u00e0m vi\u1ec7c khi m\u00e1y \u0111ang ch\u1ea1y.<\/span><\/p>\n<p><img loading=\"lazy\" decoding=\"async\" class=\"size-full wp-image-7513 aligncenter\" src=\"https:\/\/congtybinhminh.com\/wp-content\/uploads\/2022\/12\/AnyConv.com__may-bam-rom-dua-3-1.webp\" alt=\"\" width=\"800\" height=\"600\" srcset=\"https:\/\/congtybinhminh.com\/wp-content\/uploads\/2022\/12\/AnyConv.com__may-bam-rom-dua-3-1.webp 800w, https:\/\/congtybinhminh.com\/wp-content\/uploads\/2022\/12\/AnyConv.com__may-bam-rom-dua-3-1-510x383.webp 510w, https:\/\/congtybinhminh.com\/wp-content\/uploads\/2022\/12\/AnyConv.com__may-bam-rom-dua-3-1-533x400.webp 533w, https:\/\/congtybinhminh.com\/wp-content\/uploads\/2022\/12\/AnyConv.com__may-bam-rom-dua-3-1-768x576.webp 768w\" sizes=\"auto, (max-width: 800px) 100vw, 800px\" \/><\/p>\n<p><span style=\"color: #000000\">\u2013 R\u01a1m v\u00e0 x\u01a1 m\u00f9n d\u1eeba sau khi b\u0103m s\u1ebd \u0111\u01b0\u1ee3c c\u00e1nh qu\u1ea1t trong bu\u1ed3ng l\u00e0m vi\u1ec7c th\u1ed5i bay ra ngo\u00e0i theo c\u1eeda x\u1ea3. \u0110\u1eb7c bi\u1ec7t, \u1edf \u0111\u00e2y c\u00f3 m\u1ed9t con \u1ed1c v\u1eb7n g\u1eadp c\u1eeda x\u1ea3 l\u00ean \u2013 xu\u1ed1ng, gi\u00fap b\u00e0 con c\u00f3 th\u1ec3 d\u1ec5 d\u00e0ng \u0111i\u1ec1u ch\u1ec9nh kho\u1ea3ng c\u00e1ch phun th\u00e0nh ph\u1ea9m ra xa hay g\u1ea7n theo \u00fd mu\u1ed1n.<\/span><\/p>\n<h3><span style=\"color: #000000\"><strong>Bu\u1ed3ng b\u0103m<\/strong><\/span><\/h3>\n<p><span style=\"color: #000000\">G\u1ed3m 2 con dao th\u00e9p 2 l\u01b0\u1ee1i, 2 c\u00e1nh \u0111\u1ea3o v\u00e0 qu\u1ea1t. Khi v\u1eadn h\u00e0nh m\u00e1y, c\u00e1nh \u0111\u1ea3o s\u1ebd quay \u0111\u1ec1u nguy\u00ean li\u1ec7u trong bu\u1ed3ng b\u0103m gi\u00fap nguy\u00ean li\u1ec7u \u0111\u01b0\u1ee3c b\u0103m \u0111\u1ec1u v\u00e0 nh\u1ecf m\u1ed9t c\u00e1ch nhanh ch\u00f3ng.<\/span><\/p>\n<p><img loading=\"lazy\" decoding=\"async\" class=\"aligncenter wp-image-7859 size-full\" src=\"https:\/\/congtybinhminh.com\/wp-content\/uploads\/2022\/12\/Buong-lam-viec-may-bam-rom-xo-dua-1-pha.webp\" alt=\"\" width=\"800\" height=\"600\" srcset=\"https:\/\/congtybinhminh.com\/wp-content\/uploads\/2022\/12\/Buong-lam-viec-may-bam-rom-xo-dua-1-pha.webp 800w, https:\/\/congtybinhminh.com\/wp-content\/uploads\/2022\/12\/Buong-lam-viec-may-bam-rom-xo-dua-1-pha-510x383.webp 510w, https:\/\/congtybinhminh.com\/wp-content\/uploads\/2022\/12\/Buong-lam-viec-may-bam-rom-xo-dua-1-pha-533x400.webp 533w, https:\/\/congtybinhminh.com\/wp-content\/uploads\/2022\/12\/Buong-lam-viec-may-bam-rom-xo-dua-1-pha-768x576.webp 768w\" sizes=\"auto, (max-width: 800px) 100vw, 800px\" \/><\/p>\n<h2><span style=\"color: #000000\"><strong>\u01afu \u0111i\u1ec3m c\u1ee7a m\u00e1y b\u0103m r\u01a1m d\u1eeba 1 pha<\/strong><\/span><\/h2>\n<p><span style=\"color: #000000\">\u2013 M\u00e1y l\u1eafp \u0111\u1ed9ng c\u01a1 3,5kW, s\u1eed d\u1ee5ng \u0111i\u1ec7n gia \u0111\u00ecnh 1 pha ph\u00f9 h\u1ee3p v\u1edbi m\u1ecdi gia \u0111\u00ecnh.<\/span><\/p>\n<p><span style=\"color: #000000\">\u2013 C\u00e1ch v\u1eadn h\u00e0nh m\u00e1y \u0111\u01a1n gi\u1ea3n. N\u0103ng su\u1ea5t l\u00ean t\u1edbi <strong>200 \u2013 300kg\/gi\u1edd<\/strong>\u00a0(b\u0103m d\u1eeba), b\u0103m r\u01a1m kho\u1ea3ng 150 kg\/gi\u1edd.<\/span><\/p>\n<p><span style=\"color: #000000\">\u2013 B\u0103m \u0111\u01b0\u1ee3c c\u1ea3 c\u00e1c nguy\u00ean li\u1ec7u kh\u00f3 nh\u1eb1n nh\u01b0 v\u1ecf d\u1eeba, r\u01a1m r\u1ea1,\u2026<\/span><\/p>\n<p><span style=\"color: #000000\">\u2013 M\u00e1y \u0111\u01b0\u1ee3c thi\u1ebft k\u1ebf d\u1ea1ng h\u00ecnh tr\u1ee5 \u0111\u1ee9ng v\u1eefng ch\u1eafc, gi\u1ea3m ti\u1ebfng \u1ed3n v\u00e0 rung l\u1eafc khi m\u00e1y v\u1eadn h\u00e0nh. \u0110\u1ea3m b\u1ea3o an to\u00e0n cho ng\u01b0\u1eddi s\u1eed d\u1ee5ng.<\/span><\/p>\n<p><img loading=\"lazy\" decoding=\"async\" class=\"size-full wp-image-7515 aligncenter\" src=\"https:\/\/congtybinhminh.com\/wp-content\/uploads\/2022\/12\/AnyConv.com__may-bam-rom-dua4.webp\" alt=\"\" width=\"800\" height=\"600\" srcset=\"https:\/\/congtybinhminh.com\/wp-content\/uploads\/2022\/12\/AnyConv.com__may-bam-rom-dua4.webp 800w, https:\/\/congtybinhminh.com\/wp-content\/uploads\/2022\/12\/AnyConv.com__may-bam-rom-dua4-510x383.webp 510w, https:\/\/congtybinhminh.com\/wp-content\/uploads\/2022\/12\/AnyConv.com__may-bam-rom-dua4-533x400.webp 533w, https:\/\/congtybinhminh.com\/wp-content\/uploads\/2022\/12\/AnyConv.com__may-bam-rom-dua4-768x576.webp 768w\" sizes=\"auto, (max-width: 800px) 100vw, 800px\" \/><\/p>\n<h2><span style=\"color: #000000\"><strong>L\u01b0u \u00fd khi s\u1eed d\u1ee5ng v\u00e0 v\u1ec7 sinh m\u00e1y b\u0103m r\u01a1m x\u01a1 d\u1eeba 1 pha<\/strong><\/span><\/h2>\n<p><span style=\"color: #000000\">L\u1eafp \u0111\u1eb7t \u1edf n\u01a1i b\u1eb1ng ph\u1eb3ng , kh\u00f4 r\u00e1o v\u00e0 ngu\u1ed3n \u0111i\u1ec7n \u1ed5n \u0111\u1ecbnh 220V<\/span><\/p>\n<p><span style=\"color: #000000\">\u00a0Ki\u1ec3m tra k\u1ef9 thu\u1eadt bu\u1ed3ng b\u0103m , tr\u00e1nh d\u1ecb v\u1eadt c\u1ee9ng nh\u01b0 kim lo\u1ea1i r\u01a1i v\u00e0o m\u00e1y s\u1ebd l\u00e0m h\u1ecfng h\u1ec7 th\u1ed1ng dao b\u0103m<\/span><\/p>\n<p><span style=\"color: #000000\">K\u1ebft n\u1ed1i ngu\u1ed3n \u0111i\u1ec7n \u0111\u1ec3 m\u00e1y ch\u1ea1y kh\u00f4ng t\u1ea3i kho\u1ea3ng 10s , sau khi m\u00e1y ho\u1ea1t \u0111\u1ed9ng \u1ed5n \u0111\u1ecbnh r\u1ed3i cho nguy\u00ean li\u1ec7u v\u00e0o b\u0103m<\/span><\/p>\n<p><span style=\"color: #000000\">\u00a0Sau khi k\u1ebft th\u00fac qu\u00e1 tr\u00ecnh v\u1eadn h\u00e0nh m\u00e1y, \u0111\u1ec3 m\u00e1y ho\u1ea1t \u0111\u1ed9ng th\u00eam 30s \u0111\u1ec3 cho th\u00e0nh ph\u1ea9m \u0111\u01b0\u1ee3c \u0111\u1ea9y h\u1ebft ra ngo\u00e0i<\/span><\/p>\n<p><span style=\"color: #000000\">C\u00f3 th\u1ec3 x\u1ecbt n\u01b0\u1edbc tr\u1ef1c ti\u1ebfp v\u00e0o bu\u1ed3ng b\u0103m v\u1ec7 sinh , tr\u00e1nh \u0111\u1ed9ng c\u01a1 ti\u1ebfp x\u00fac tr\u1ef1c ti\u1ebfp v\u1edbi n\u01b0\u1edbc l\u00e0m h\u01b0 h\u1ecfng \u0111\u1ed9ng c\u01a1<\/span><\/p>\n<p><span style=\"color: #000000\">\u00a0Ki\u1ec3m tra h\u1ec7 th\u1ed1ng dao b\u0103m sau 1 th\u1eddi gian s\u1eed d\u1ee5ng , si\u1ebft ch\u1eb7t l\u1ea1i \u1ed1c c\u1ed1 \u0111\u1ecbnh dao , n\u1ebfu dao c\u00f9n c\u00f3 th\u1ec3 th\u00e1o ra m\u00e0i<\/span><\/p>\n<p>\u0110\u1eb7c bi\u1ec7t C\u00f4ng ty B\u00ecnh Minh c\u00f2n cho ra m\u1eaft phi\u00ean b\u1ea3n m\u00e1y b\u0103m r\u01a1m x\u01a1 d\u1eeba ch\u1ea1y \u0111i\u1ec7n 3 pha d\u00e0nh cho t\u1ea5t c\u1ea3 c\u00e1c h\u1ed9 d\u00f9ng\u00a0 \u0111i\u1ec7n 380V<\/p>\n<p><img loading=\"lazy\" decoding=\"async\" class=\"aligncenter wp-image-7897 size-full\" src=\"https:\/\/congtybinhminh.com\/wp-content\/uploads\/2022\/12\/may-bam-xo-dua-dung-dien-3pha.webp\" alt=\"\" width=\"800\" height=\"600\" srcset=\"https:\/\/congtybinhminh.com\/wp-content\/uploads\/2022\/12\/may-bam-xo-dua-dung-dien-3pha.webp 800w, https:\/\/congtybinhminh.com\/wp-content\/uploads\/2022\/12\/may-bam-xo-dua-dung-dien-3pha-510x383.webp 510w, https:\/\/congtybinhminh.com\/wp-content\/uploads\/2022\/12\/may-bam-xo-dua-dung-dien-3pha-533x400.webp 533w, https:\/\/congtybinhminh.com\/wp-content\/uploads\/2022\/12\/may-bam-xo-dua-dung-dien-3pha-768x576.webp 768w\" sizes=\"auto, (max-width: 800px) 100vw, 800px\" \/><\/p>\n<p><span style=\"color: #000000\"><strong>Th\u00f4ng s\u1ed1 k\u1ef9 thu\u1eadt\u00a0<\/strong><\/span><\/p>\n<table border=\"1\" width=\"814\" cellspacing=\"1\" cellpadding=\"1\">\n<tbody>\n<tr>\n<td colspan=\"1\" rowspan=\"3\"><span style=\"color: #000000\">\u0110\u1ed9ng c\u01a1<\/span><\/td>\n<td><span style=\"color: #000000\">C\u00f4ng su\u1ea5t \u0111\u1ed9ng c\u01a1<\/span><\/td>\n<td><span style=\"color: #000000\">\u00a0 3,5 kw<\/span><\/td>\n<\/tr>\n<tr>\n<td><span style=\"color: #000000\">Ngu\u1ed3n \u0111i\u1ec7n<\/span><\/td>\n<td><span style=\"color: #000000\">\u00a0 220 (V)<\/span><\/td>\n<\/tr>\n<tr>\n<td><span style=\"color: #000000\">T\u1ed1c \u0111\u1ed9<\/span><\/td>\n<td><span style=\"color: #000000\">\u00a0 1450 (v\/p)<\/span><\/td>\n<\/tr>\n<tr>\n<td colspan=\"1\" rowspan=\"2\"><span style=\"color: #000000\">Tr\u1ecdng l\u01b0\u1ee3ng m\u00e1y<\/span><\/td>\n<td><span style=\"color: #000000\">Nguy\u00ean b\u1ed9<\/span><\/td>\n<td><span style=\"color: #000000\">\u00a0 75 (kg)<\/span><\/td>\n<\/tr>\n<tr>\n<td><span style=\"color: #000000\">Kh\u00f4ng \u0111\u1ed9ng c\u01a1<\/span><\/td>\n<td><span style=\"color: #000000\">\u00a0 52 (kg)<\/span><\/td>\n<\/tr>\n<tr>\n<td colspan=\"1\" rowspan=\"2\"><span style=\"color: #000000\">B\u1ea3o h\u00e0nh<\/span><\/td>\n<td><span style=\"color: #000000\">K\u1ef9 thu\u1eadt<\/span><\/td>\n<td><span style=\"color: #000000\">\u00a0 06 th\u00e1ng<\/span><\/td>\n<\/tr>\n<tr>\n<td><span style=\"color: #000000\">\u0110\u1ed9ng c\u01a1<\/span><\/td>\n<td><span style=\"color: #000000\">Theo t\u1eebng h\u00e3ng s\u1ea3n xu\u1ea5t<\/span><\/td>\n<\/tr>\n<tr>\n<td><span style=\"color: #000000\">N\u0103ng su\u1ea5t<\/span><\/td>\n<td colspan=\"2\" rowspan=\"1\"><span style=\"color: #000000\">b\u0103m d\u1eeba: 200 \u2013 300 kg\/gi\u1edd, <\/span><span style=\"color: #000000\">b\u0103m r\u01a1m: 100-150kg\/gi\u1edd<\/span><\/td>\n<\/tr>\n<tr>\n<td><span style=\"color: #000000\">K\u00edch th\u01b0\u1edbc (d*c*r)<\/span><\/td>\n<td colspan=\"2\" rowspan=\"1\"><span style=\"color: #000000\">95 x 91 x 48 cm<\/span><\/td>\n<\/tr>\n<tr>\n<td><span style=\"color: #000000\">H\u00ecnh th\u1ee9c thanh to\u00e1n<\/span><\/td>\n<td colspan=\"2\" rowspan=\"1\"><span style=\"color: #000000\">Ti\u1ec1n m\u1eb7t ho\u1eb7c chuy\u1ec3n kho\u1ea3n<\/span><\/td>\n<\/tr>\n<\/tbody>\n<\/table>\n","protected":false},"excerpt":{"rendered":"<ul>\n<li><span style=\"color: #ed1c24\"><strong>H\u00e3ng s\u1ea3n xu\u1ea5t<\/strong><\/span>: B\u00ecnh Minh<\/li>\n<li><strong><span style=\"color: #ed1c24\">T\u1ed1c \u0111\u1ed9<\/span><\/strong>:\u00a0 1450 v\/p<\/li>\n<li><strong><span style=\"color: #ed1c24\">\u0110\u1ed9ng c\u01a1<\/span><\/strong>: 3,5 kW<\/li>\n<li><strong><span style=\"color: #ed1c24\">\u0110i\u1ec7n n\u0103ng<\/span><\/strong>: 220V<\/li>\n<li><strong><span style=\"color: #ed1c24\">N\u0103ng su\u1ea5t<\/span><\/strong>: 200 \u2013 300 kg\/gi\u1edd (b\u0103m d\u1eeba), 100-150 kg\/gi\u1edd (b\u0103m r\u01a1m)<\/li>\n<li><strong><span style=\"color: #ed1c24\">Tr\u1ecdng l\u01b0\u1ee3ng tr\u1ecdn b\u1ed9<\/span><\/strong>: 75 kg<\/li>\n<li><strong><span style=\"color: #ed1c24\">T\u00ednh n\u0103ng<\/span><\/strong>: M\u00e1y chuy\u00ean b\u0103m nh\u1ecf c\u00e1c nguy\u00ean li\u1ec7u kh\u00f3 nh\u1eb1n nh\u01b0 r\u01a1m r\u1ea1, v\u1ecf d\u1eeba,\u2026<\/li>\n<\/ul>\n","protected":false},"featured_media":7862,"comment_status":"closed","ping_status":"closed","template":"","meta":[],"product_brand":[],"product_cat":[197],"product_tag":[],"class_list":{"0":"post-7510","1":"product","2":"type-product","3":"status-publish","4":"has-post-thumbnail","6":"product_cat-may-bam-xo-dua-2","8":"first","9":"instock","10":"shipping-taxable","11":"product-type-simple"},"_links":{"self":[{"href":"https:\/\/congtybinhminh.com\/index.php?rest_route=\/wp\/v2\/product\/7510","targetHints":{"allow":["GET"]}}],"collection":[{"href":"https:\/\/congtybinhminh.com\/index.php?rest_route=\/wp\/v2\/product"}],"about":[{"href":"https:\/\/congtybinhminh.com\/index.php?rest_route=\/wp\/v2\/types\/product"}],"replies":[{"embeddable":true,"href":"https:\/\/congtybinhminh.com\/index.php?rest_route=%2Fwp%2Fv2%2Fcomments&post=7510"}],"wp:featuredmedia":[{"embeddable":true,"href":"https:\/\/congtybinhminh.com\/index.php?rest_route=\/wp\/v2\/media\/7862"}],"wp:attachment":[{"href":"https:\/\/congtybinhminh.com\/index.php?rest_route=%2Fwp%2Fv2%2Fmedia&parent=7510"}],"wp:term":[{"taxonomy":"product_brand","embeddable":true,"href":"https:\/\/congtybinhminh.com\/index.php?rest_route=%2Fwp%2Fv2%2Fproduct_brand&post=7510"},{"taxonomy":"product_cat","embeddable":true,"href":"https:\/\/congtybinhminh.com\/index.php?rest_route=%2Fwp%2Fv2%2Fproduct_cat&post=7510"},{"taxonomy":"product_tag","embeddable":true,"href":"https:\/\/congtybinhminh.com\/index.php?rest_route=%2Fwp%2Fv2%2Fproduct_tag&post=7510"}],"curies":[{"name":"wp","href":"https:\/\/api.w.org\/{rel}","templated":true}]}}