{"id":7498,"date":"2022-12-14T09:53:49","date_gmt":"2022-12-14T02:53:49","guid":{"rendered":"https:\/\/congtybinhminh.com\/?post_type=product&#038;p=7498"},"modified":"2023-04-05T13:40:56","modified_gmt":"2023-04-05T06:40:56","slug":"may-bam-co-mc-6tasp","status":"publish","type":"product","link":"https:\/\/congtybinhminh.com\/?product=may-bam-co-mc-6tasp","title":{"rendered":"M\u00e1y b\u0103m c\u1ecf MC-6TASP"},"content":{"rendered":"<h2><strong>Video ho\u1ea1t \u0111\u1ed9ng c\u1ee7a m\u00e1y b\u0103m c\u1ecf MC-6TASP<\/strong><\/h2>\n<p><iframe loading=\"lazy\" title=\"M\u00e1y B\u0103m C\u1ecf 6TA SP Th\u1ebf H\u1ec7 M\u1edbi B\u0103m Nh\u1ecf H\u1ebft T\u1ea5t C\u1ea3 B\u00ecnh Minh\" width=\"1020\" height=\"574\" src=\"https:\/\/www.youtube.com\/embed\/AtIJJQKX4pY?start=144&#038;feature=oembed\" frameborder=\"0\" allow=\"accelerometer; autoplay; clipboard-write; encrypted-media; gyroscope; picture-in-picture; web-share\" allowfullscreen><\/iframe><\/p>\n<p><span style=\"color: #000000\">M\u00e1y b\u0103m c\u1ecf 6TA-SP l\u00e0 d\u00f2ng m\u00e1y m\u1edbi nh\u1ea5t \u0111\u01b0\u1ee3c c\u00f4ng ty B\u00ecnh Minh tr\u1ef1c ti\u1ebfp s\u00e1ng ch\u1ebf v\u00e0 s\u1ea3n xu\u1ea5t. Phi\u00ean b\u1ea3n m\u1edbi SP c\u00f3 c\u00e1c t\u00ednh n\u0103ng \u01b0u vi\u1ec7t kh\u1eafc ph\u1ee5c m\u1ecdi nh\u01b0\u1ee3c \u0111i\u1ec3m c\u1ee7a c\u00e1c d\u00f2ng m\u00e1y c\u0169<\/span><\/p>\n<p><span style=\"color: #000000\">M\u00e1y chuy\u00ean b\u0103m nh\u1ecf, b\u0103m nhanh c\u00e1c nguy\u00ean li\u1ec7u nh\u01b0: c\u1ecf voi, th\u00e2n c\u00e2y ng\u00f4, c\u00e2y m\u00eda, l\u00e1 s\u1eafn, rau b\u00e8o,\u2026 \u0111\u1ec3 l\u00e0m th\u1ee9c \u0103n xanh cho gia s\u00fac, gia c\u1ea7m.<\/span><\/p>\n<p><img loading=\"lazy\" decoding=\"async\" class=\"size-full wp-image-7503 aligncenter\" src=\"https:\/\/congtybinhminh.com\/wp-content\/uploads\/2022\/12\/z3947875790847_179a76380b7578c7fb060647e61aa6cb.jpg\" alt=\"bam-co-6ta\" width=\"800\" height=\"450\" srcset=\"https:\/\/congtybinhminh.com\/wp-content\/uploads\/2022\/12\/z3947875790847_179a76380b7578c7fb060647e61aa6cb.jpg 800w, https:\/\/congtybinhminh.com\/wp-content\/uploads\/2022\/12\/z3947875790847_179a76380b7578c7fb060647e61aa6cb-510x287.jpg 510w, https:\/\/congtybinhminh.com\/wp-content\/uploads\/2022\/12\/z3947875790847_179a76380b7578c7fb060647e61aa6cb-711x400.jpg 711w, https:\/\/congtybinhminh.com\/wp-content\/uploads\/2022\/12\/z3947875790847_179a76380b7578c7fb060647e61aa6cb-768x432.jpg 768w\" sizes=\"auto, (max-width: 800px) 100vw, 800px\" \/><\/p>\n<h2><span style=\"color: #000000\"><strong>Gi\u1edbi thi\u1ec7u\u00a0<\/strong><strong>m\u00e1y b\u0103m c\u1ecf MC-6TASP<\/strong><\/span><\/h2>\n<p><span style=\"color: #000000\">Thi\u1ebft b\u1ecb m\u00e1y m\u00f3c h\u1ed7 tr\u1ee3 gi\u00fap b\u00e0 con c\u00e1c h\u1ed9 gia \u0111\u00ecnh ch\u0103n nu\u00f4i, g\u00f3p ph\u1ea7n n\u00e2ng cao ch\u1ea5t l\u01b0\u1ee3ng v\u00e0 hi\u1ec7u qu\u1ea3 kinh t\u1ebf.<\/span><\/p>\n<p><span style=\"color: #000000\">M\u1ed9t trong nh\u1eefng s\u1ea3n ph\u1ea9m \u0111\u00f3 ph\u1ea3i k\u1ec3 \u0111\u1ebfn m\u00e1y b\u0103m c\u1ecf 6TASP c\u00e1nh tay \u0111\u1eafc l\u1ef1c h\u1ed7 tr\u1ee3 b\u00e0 con b\u0103m c\u1ecf l\u00e0m th\u1ee9c \u0103n cho gia s\u00fac \u2013 gia c\u1ea7m<\/span><\/p>\n<p><img loading=\"lazy\" decoding=\"async\" class=\"size-full wp-image-7504 aligncenter\" src=\"https:\/\/congtybinhminh.com\/wp-content\/uploads\/2022\/12\/may-bam-co-mc6tasp_result222.webp\" alt=\"may-bam-co-mc6tasp_result222\" width=\"800\" height=\"600\" srcset=\"https:\/\/congtybinhminh.com\/wp-content\/uploads\/2022\/12\/may-bam-co-mc6tasp_result222.webp 800w, https:\/\/congtybinhminh.com\/wp-content\/uploads\/2022\/12\/may-bam-co-mc6tasp_result222-510x383.webp 510w, https:\/\/congtybinhminh.com\/wp-content\/uploads\/2022\/12\/may-bam-co-mc6tasp_result222-533x400.webp 533w, https:\/\/congtybinhminh.com\/wp-content\/uploads\/2022\/12\/may-bam-co-mc6tasp_result222-768x576.webp 768w\" sizes=\"auto, (max-width: 800px) 100vw, 800px\" \/><\/p>\n<h2><span style=\"color: #000000\"><strong>Nh\u1eefng t\u00ednh n\u0103ng m\u00e1y b\u0103m c\u1ecf MC-6TASP<\/strong><strong>\u00a0<\/strong><strong>mang l\u1ea1i\u00a0<\/strong><\/span><\/h2>\n<p><span style=\"color: #000000\">Vi\u1ec7c s\u1eed d\u1ee5ng m\u00e1y b\u0103m c\u1ecf MC \u2013 6TASP \u0111\u1ec3 b\u0103m nh\u1ecf c\u1ecf, gi\u00fap ng\u01b0\u1eddi d\u00f9ng c\u00f3 th\u1ec3 t\u1eadn d\u1ee5ng ch\u00fang \u0111\u1ec3 mang l\u1ea1i l\u1ee3i nhu\u1eadn cao v\u00e0 \u1ed5n \u0111\u1ecbnh:<\/span><\/p>\n<ul>\n<li><span style=\"color: #000000\">Th\u00e0nh ph\u1ea9m sau khi b\u0103m c\u00f3 th\u1ec3 cho v\u1eadt nu\u00f4i d\u00f9ng ngay ho\u1eb7c \u1ee7 chua d\u00f9ng d\u1ea7n<\/span><\/li>\n<li><span style=\"color: #000000\">L\u00e0m \u0111\u1ec7m l\u00f3t chu\u1ed3ng<\/span><\/li>\n<li><span style=\"color: #000000\">L\u00e0m nguy\u00ean li\u1ec7u \u0111\u1ed1t<\/span><\/li>\n<li><span style=\"color: #000000\">L\u00e0m ph\u00e2n b\u00f3n<\/span><\/li>\n<li><span style=\"color: #000000\">\u2026.<\/span><\/li>\n<\/ul>\n<p><img loading=\"lazy\" decoding=\"async\" class=\"size-full wp-image-7505 aligncenter\" src=\"https:\/\/congtybinhminh.com\/wp-content\/uploads\/2022\/12\/z3947875576188_1355c3982ac62990d25cf825bf1fbe0d.jpg\" alt=\"thanh-pham-6ta-sp\" width=\"800\" height=\"912\" srcset=\"https:\/\/congtybinhminh.com\/wp-content\/uploads\/2022\/12\/z3947875576188_1355c3982ac62990d25cf825bf1fbe0d.jpg 800w, https:\/\/congtybinhminh.com\/wp-content\/uploads\/2022\/12\/z3947875576188_1355c3982ac62990d25cf825bf1fbe0d-510x581.jpg 510w, https:\/\/congtybinhminh.com\/wp-content\/uploads\/2022\/12\/z3947875576188_1355c3982ac62990d25cf825bf1fbe0d-351x400.jpg 351w, https:\/\/congtybinhminh.com\/wp-content\/uploads\/2022\/12\/z3947875576188_1355c3982ac62990d25cf825bf1fbe0d-702x800.jpg 702w, https:\/\/congtybinhminh.com\/wp-content\/uploads\/2022\/12\/z3947875576188_1355c3982ac62990d25cf825bf1fbe0d-768x876.jpg 768w\" sizes=\"auto, (max-width: 800px) 100vw, 800px\" \/><\/p>\n<h2><span style=\"color: #000000\"><strong>C\u1ea5u t\u1ea1o m\u00e1y b\u0103m c\u1ecf MC-6TASP<\/strong><\/span><\/h2>\n<p><span style=\"color: #000000\">M\u00e1y b\u0103m c\u1ecf 6TA-SP \u0111\u01b0\u1ee3c thi\u1ebft k\u1ebf khung m\u00e1y nh\u1ecf g\u1ecdn, ki\u1ec3u d\u00e1ng hi\u1ec7n \u0111\u1ea1i kh\u00f4ng chi\u1ec1u qu\u00e1 nhi\u1ec1u kh\u00f4ng gian l\u1eafp \u0111\u1eb7t . Thi\u1ebft l\u1ebf 4 b\u00e1nh xe d\u1ec5 d\u00e0ng di chuy\u1ec3n khi c\u1ea7n thi\u1ebft<\/span><\/p>\n<h3><strong><span style=\"color: #000000\">Toa n\u1ea1p<\/span><\/strong><\/h3>\n<p><img loading=\"lazy\" decoding=\"async\" class=\"size-full wp-image-7506 aligncenter\" src=\"https:\/\/congtybinhminh.com\/wp-content\/uploads\/2022\/12\/6TA-SP9.jpg\" alt=\"\" width=\"600\" height=\"800\" srcset=\"https:\/\/congtybinhminh.com\/wp-content\/uploads\/2022\/12\/6TA-SP9.jpg 600w, https:\/\/congtybinhminh.com\/wp-content\/uploads\/2022\/12\/6TA-SP9-510x680.jpg 510w, https:\/\/congtybinhminh.com\/wp-content\/uploads\/2022\/12\/6TA-SP9-300x400.jpg 300w\" sizes=\"auto, (max-width: 600px) 100vw, 600px\" \/><\/p>\n<p><span style=\"color: #000000\">Toa n\u1ea1p nguy\u00ean li\u1ec7u \u0111\u01b0\u1ee3c thi\u1ebft k\u1ebf d\u1ea1ng d\u1ed1c xu\u1ed1ng d\u01b0\u1edbi gi\u00fap nguy\u00ean li\u1ec7u d\u1ec5 d\u00e0ng di chuy\u1ec3n v\u00e0o bu\u1ed3ng b\u0103m , d\u1ea3m b\u1ea3o an to\u00e0n cho ng\u01b0\u1eddi s\u1eed d\u1ee5ng .<\/span><\/p>\n<p><span style=\"color: #000000\">Toa n\u1ea1p \u0111\u01b0\u1ee3c thi\u1ebft k\u1ebf r\u1ed9ng r\u00e3i v\u1edbi k\u00edch th\u01b0\u1edbc chi\u1ec1u d\u00e0i 37cm , chi\u1ec1u r\u1ed9ng 23cm , chi\u1ec1u s\u00e2u 65cm<\/span><\/p>\n<h3><span style=\"color: #000000\"><span id=\"Buong_lam_viec\" class=\"ez-toc-section\"><\/span><strong>Bu\u1ed3ng l\u00e0m vi\u1ec7c<\/strong><\/span><\/h3>\n<p><img loading=\"lazy\" decoding=\"async\" class=\"size-full wp-image-7507 aligncenter\" src=\"https:\/\/congtybinhminh.com\/wp-content\/uploads\/2022\/12\/dao-bam-co_result222.webp\" alt=\"buong-lam-viec\" width=\"800\" height=\"600\" srcset=\"https:\/\/congtybinhminh.com\/wp-content\/uploads\/2022\/12\/dao-bam-co_result222.webp 800w, https:\/\/congtybinhminh.com\/wp-content\/uploads\/2022\/12\/dao-bam-co_result222-510x383.webp 510w, https:\/\/congtybinhminh.com\/wp-content\/uploads\/2022\/12\/dao-bam-co_result222-533x400.webp 533w, https:\/\/congtybinhminh.com\/wp-content\/uploads\/2022\/12\/dao-bam-co_result222-768x576.webp 768w\" sizes=\"auto, (max-width: 800px) 100vw, 800px\" \/><\/p>\n<p><span style=\"color: #000000\">Bu\u1ed3ng l\u00e0m vi\u1ec7c \u0111\u01b0\u1ee3c trang b\u1ecb 2 con dao b\u0103m 2 l\u01b0\u1ee1i \u0111\u01b0\u1ee3c l\u00e0m t\u1eeb ch\u1ea5t li\u1ec7u th\u00e9p SKD d\u00e0y 6ly . H\u1ec7 th\u1ed1ng dao \u0111\u01b0\u1ee3c l\u1eafp c\u1ed1 \u0111\u1ecbnh tr\u00ean m\u1ed9t tr\u1ee5c qu\u1ea3 l\u00f4 , c\u00f3 nhi\u1ec7m v\u1ee5 b\u0103m nh\u1ecf nguy\u00ean li\u1ec7u nhanh ch\u00f3ng<\/span><\/p>\n<h3><strong><span style=\"color: #000000\">C\u1eeda x\u1ea3 th\u00e0nh ph\u1ea9m<\/span><\/strong><\/h3>\n<p><img loading=\"lazy\" decoding=\"async\" class=\"size-full wp-image-7508 aligncenter\" src=\"https:\/\/congtybinhminh.com\/wp-content\/uploads\/2022\/12\/6TA-SP4.jpg\" alt=\"6TA-SP4\" width=\"800\" height=\"600\" srcset=\"https:\/\/congtybinhminh.com\/wp-content\/uploads\/2022\/12\/6TA-SP4.jpg 800w, https:\/\/congtybinhminh.com\/wp-content\/uploads\/2022\/12\/6TA-SP4-510x383.jpg 510w, https:\/\/congtybinhminh.com\/wp-content\/uploads\/2022\/12\/6TA-SP4-533x400.jpg 533w, https:\/\/congtybinhminh.com\/wp-content\/uploads\/2022\/12\/6TA-SP4-768x576.jpg 768w\" sizes=\"auto, (max-width: 800px) 100vw, 800px\" \/><\/p>\n<p><span style=\"color: #000000\">C\u1eeda x\u1ea3 th\u1ebft k\u1ebf tr\u1ecdng t\u00e2m h\u1ea1 th\u1ea5p. k\u1ebft n\u1ed1i song song v\u1edbi bu\u1ed3ng b\u0103m . \u0110\u1eb7c bi\u1ec7t c\u00f2n \u0111\u01b0\u1ee3c trang b\u1ecb th\u00eam t\u1ea5m ch\u1eafn , gi\u00fap ng\u01b0\u1eddi s\u1eed d\u1ee5ng \u0111i\u1ec1u ch\u1ec9nh h\u01b0\u1edbng th\u00e0nh ph\u1ea9m ra xa , g\u1ea7n ti\u1ec7n l\u1ee3i cho vi\u1ec7c thu gom th\u00e0nh ph\u1ea9m<\/span><\/p>\n<h2><span style=\"color: #000000\"><strong>Nh\u1eefng \u01b0u \u0111i\u1ec3m khi s\u1eed d\u1ee5ng m\u00e1y b\u0103m c\u1ecf MC-6TASP<\/strong><\/span><\/h2>\n<ul>\n<li><span style=\"color: #000000\">\u0110\u00e1p \u1ee9ng nhu c\u1ea7u s\u1eed d\u1ee5ng th\u00e0nh ph\u1ea9m b\u0103m<\/span><\/li>\n<li><span style=\"color: #000000\">Cho n\u0103ng su\u1ea5t cao m\u00e0 kh\u00f4ng m\u1ea5t nhi\u1ec1u th\u1eddi gian v\u00e0 c\u00f4ng s\u1ee9c<\/span><\/li>\n<li><span style=\"color: #000000\">B\u0103m \u0111\u01b0\u1ee3c t\u1ed1i \u0111a nguy\u00ean li\u1ec7u kh\u00f4ng g\u00e2y l\u00e3ng ph\u00ed th\u1ee9c \u0103n<\/span><\/li>\n<li><span style=\"color: #000000\">Thi\u1ebft k\u1ebf b\u00e1nh xe thu\u1eadn ti\u1ec7n di chuy\u1ec3n v\u1ecb tr\u00ed \u0111\u1eb7t m\u00e1y<\/span><\/li>\n<li><span style=\"color: #000000\">D\u1ec5 d\u00e0ng s\u1eed d\u1ee5ng, ch\u1ec9 v\u1edbi 1 \u2013 2 ng\u01b0\u1eddi v\u1eadn h\u00e0nh m\u00e1y kh\u00f4ng ch\u1ec9 ti\u1ebft ki\u1ec7m th\u1eddi gian m\u00e0 c\u00f2n \u0111\u1ea3m b\u1ea3o n\u0103ng su\u1ea5t<\/span><\/li>\n<\/ul>\n<p><img loading=\"lazy\" decoding=\"async\" class=\"size-full wp-image-7509 aligncenter\" src=\"https:\/\/congtybinhminh.com\/wp-content\/uploads\/2022\/12\/cau-tao-may-bam-co-mc6tasp_result222.webp\" alt=\"\" width=\"800\" height=\"644\" srcset=\"https:\/\/congtybinhminh.com\/wp-content\/uploads\/2022\/12\/cau-tao-may-bam-co-mc6tasp_result222.webp 800w, https:\/\/congtybinhminh.com\/wp-content\/uploads\/2022\/12\/cau-tao-may-bam-co-mc6tasp_result222-510x411.webp 510w, https:\/\/congtybinhminh.com\/wp-content\/uploads\/2022\/12\/cau-tao-may-bam-co-mc6tasp_result222-497x400.webp 497w, https:\/\/congtybinhminh.com\/wp-content\/uploads\/2022\/12\/cau-tao-may-bam-co-mc6tasp_result222-768x618.webp 768w\" sizes=\"auto, (max-width: 800px) 100vw, 800px\" \/><\/p>\n<h2><span style=\"color: #000000\"><strong>Th\u00f4ng s\u1ed1 k\u1ef9 thu\u1eadt\u00a0<\/strong><\/span><\/h2>\n<table border=\"1\" width=\"814\" cellspacing=\"1\" cellpadding=\"1\">\n<tbody>\n<tr>\n<td colspan=\"1\" rowspan=\"3\"><span style=\"color: #000000\">\u0110\u1ed9ng c\u01a1<\/span><\/td>\n<td><span style=\"color: #000000\">C\u00f4ng su\u1ea5t \u0111\u1ed9ng c\u01a1<\/span><\/td>\n<td><span style=\"color: #000000\">\u00a03 kw<\/span><\/td>\n<\/tr>\n<tr>\n<td><span style=\"color: #000000\">Ngu\u1ed3n \u0111i\u1ec7n<\/span><\/td>\n<td><span style=\"color: #000000\">\u00a0220 (V)<\/span><\/td>\n<\/tr>\n<tr>\n<td><span style=\"color: #000000\">T\u1ed1c \u0111\u1ed9<\/span><\/td>\n<td><span style=\"color: #000000\">1450 (v\/p)<\/span><\/td>\n<\/tr>\n<tr>\n<td colspan=\"1\" rowspan=\"2\"><span style=\"color: #000000\">Tr\u1ecdng l\u01b0\u1ee3ng m\u00e1y<\/span><\/td>\n<td><span style=\"color: #000000\">Nguy\u00ean b\u1ed9<\/span><\/td>\n<td><span style=\"color: #000000\">68 (kg)<\/span><\/td>\n<\/tr>\n<tr>\n<td><span style=\"color: #000000\">Kh\u00f4ng \u0111\u1ed9ng c\u01a1<\/span><\/td>\n<td><span style=\"color: #000000\">\u00a0 48 (kg)<\/span><\/td>\n<\/tr>\n<tr>\n<td colspan=\"1\" rowspan=\"2\"><span style=\"color: #000000\">B\u1ea3o h\u00e0nh<\/span><\/td>\n<td><span style=\"color: #000000\">K\u1ef9 thu\u1eadt<\/span><\/td>\n<td><span style=\"color: #000000\">06 th\u00e1ng<\/span><\/td>\n<\/tr>\n<tr>\n<td><span style=\"color: #000000\">\u0110\u1ed9ng c\u01a1<\/span><\/td>\n<td><span style=\"color: #000000\">Theo t\u1eebng h\u00e3ng s\u1ea3n xu\u1ea5t<\/span><\/td>\n<\/tr>\n<tr>\n<td><span style=\"color: #000000\">N\u0103ng su\u1ea5t<\/span><\/td>\n<td colspan=\"2\" rowspan=\"1\"><span style=\"color: #000000\">\u00a0900 \u2013 1000kg\/gi\u1edd<\/span><\/td>\n<\/tr>\n<tr>\n<td><span style=\"color: #000000\">K\u00edch th\u01b0\u1edbc (d*c*r)<\/span><\/td>\n<td colspan=\"2\" rowspan=\"1\"><span style=\"color: #000000\">\u00a0100*85*47 cm<\/span><\/td>\n<\/tr>\n<tr>\n<td><span style=\"color: #000000\">H\u00ecnh th\u1ee9c thanh to\u00e1n<\/span><\/td>\n<td colspan=\"2\" rowspan=\"1\"><span style=\"color: #000000\">Ti\u1ec1n m\u0103t ho\u1eb7c chuy\u1ec3n kho\u1ea3n<\/span><\/td>\n<\/tr>\n<\/tbody>\n<\/table>\n","protected":false},"excerpt":{"rendered":"<ul>\n<li><strong>H\u00e3ng s\u1ea3n xu\u1ea5t :<\/strong>\u00a0B\u00ecnh Minh<\/li>\n<li><strong>\u0110\u1ed9ng c\u01a1 s\u1ea3n xu\u1ea5t<\/strong>\u00a0: 3kw<\/li>\n<li><strong>T\u1ed1c \u0111\u1ed9 :<\/strong>\u00a01450v\/p<\/li>\n<li><strong>Ngu\u1ed3n \u0111i\u1ec7n<\/strong>\u00a0: 220V<\/li>\n<li><strong>N\u0103ng su\u1ea5t<\/strong>\u00a0: 900 \u2013 1000 kg\/gi\u1edd<\/li>\n<li><strong>Tr\u1ecdng l\u01b0\u1ee3ng :<\/strong>\u00a068 kg<\/li>\n<li><strong>K\u00edch th\u01b0\u1edbc (d*c*r) :<\/strong>\u00a0100*85*47 cm<\/li>\n<li><strong>T\u00ednh n\u0103ng :<\/strong>\u00a0m\u00e1y chuy\u00ean d\u00f9ng b\u0103m c\u00e1c nguy\u00ean li\u1ec7u d\u1ea1ng c\u1ecf nh\u01b0 c\u1ecf voi, th\u00e2n c\u00e2y ng\u00f4, ng\u1ecdn m\u00eda\u2026. l\u00e0m th\u1ee9c \u0103n cho gia s\u00fac..<\/li>\n<\/ul>\n","protected":false},"featured_media":7625,"comment_status":"closed","ping_status":"closed","template":"","meta":[],"product_brand":[],"product_cat":[40],"product_tag":[175,44,56,47,143,176],"class_list":{"0":"post-7498","1":"product","2":"type-product","3":"status-publish","4":"has-post-thumbnail","6":"product_cat-may-bam-co","7":"product_tag-may-6ta-sp","8":"product_tag-may-bam-co-6ta","9":"product_tag-may-bam-co-chinh-hang","10":"product_tag-may-bam-co-gia-re","11":"product_tag-may-bam-mia","12":"product_tag-may-bam-rau-cu-qua","14":"first","15":"instock","16":"shipping-taxable","17":"product-type-simple"},"_links":{"self":[{"href":"https:\/\/congtybinhminh.com\/index.php?rest_route=\/wp\/v2\/product\/7498","targetHints":{"allow":["GET"]}}],"collection":[{"href":"https:\/\/congtybinhminh.com\/index.php?rest_route=\/wp\/v2\/product"}],"about":[{"href":"https:\/\/congtybinhminh.com\/index.php?rest_route=\/wp\/v2\/types\/product"}],"replies":[{"embeddable":true,"href":"https:\/\/congtybinhminh.com\/index.php?rest_route=%2Fwp%2Fv2%2Fcomments&post=7498"}],"wp:featuredmedia":[{"embeddable":true,"href":"https:\/\/congtybinhminh.com\/index.php?rest_route=\/wp\/v2\/media\/7625"}],"wp:attachment":[{"href":"https:\/\/congtybinhminh.com\/index.php?rest_route=%2Fwp%2Fv2%2Fmedia&parent=7498"}],"wp:term":[{"taxonomy":"product_brand","embeddable":true,"href":"https:\/\/congtybinhminh.com\/index.php?rest_route=%2Fwp%2Fv2%2Fproduct_brand&post=7498"},{"taxonomy":"product_cat","embeddable":true,"href":"https:\/\/congtybinhminh.com\/index.php?rest_route=%2Fwp%2Fv2%2Fproduct_cat&post=7498"},{"taxonomy":"product_tag","embeddable":true,"href":"https:\/\/congtybinhminh.com\/index.php?rest_route=%2Fwp%2Fv2%2Fproduct_tag&post=7498"}],"curies":[{"name":"wp","href":"https:\/\/api.w.org\/{rel}","templated":true}]}}