{"id":7489,"date":"2022-12-14T09:23:13","date_gmt":"2022-12-14T02:23:13","guid":{"rendered":"https:\/\/congtybinhminh.com\/?post_type=product&#038;p=7489"},"modified":"2023-04-20T15:35:11","modified_gmt":"2023-04-20T08:35:11","slug":"may-xat-rau-cu-qua","status":"publish","type":"product","link":"https:\/\/congtybinhminh.com\/?product=may-xat-rau-cu-qua","title":{"rendered":"M\u00e1y x\u00e1t rau c\u1ee7 qu\u1ea3"},"content":{"rendered":"<h2><strong>Video ho\u1ea1t \u0111\u1ed9ng m\u00e1y <b>x\u00e1t rau c\u1ee7 qu\u1ea3<\/b><\/strong><\/h2>\n<p><iframe loading=\"lazy\" title=\"M\u00e1y Xay X\u00e1t Rau C\u1ee7 Qu\u1ea3 Th\u1ea3i Lo\u1ea1i 1 T\u1ea5n M\u1ed7i Gi\u1edd Phi\u00ean B\u1ea3n 2022\" width=\"1020\" height=\"574\" src=\"https:\/\/www.youtube.com\/embed\/Nj2XT5io8LM?feature=oembed\" frameborder=\"0\" allow=\"accelerometer; autoplay; clipboard-write; encrypted-media; gyroscope; picture-in-picture; web-share\" allowfullscreen><\/iframe><\/p>\n<h2><strong>Gi\u1edbi thi\u1ec7u m\u00e1y x\u00e1t rau c\u1ee7 qu\u1ea3<\/strong><\/h2>\n<p><span style=\"color: #000000\">N\u1eafm b\u1eaft \u0111\u01b0\u1ee3c nhu c\u1ea7u c\u1ee7a th\u1ecb tr\u01b0\u1eddng, C\u00f4ng ty B\u00ecnh Minh \u0111\u00e3 nghi\u00ean c\u1ee9u, ch\u1ebf t\u1ea1o v\u00e0 s\u1ea3n xu\u1ea5t th\u00e0nh c\u00f4ng s\u1ea3n ph\u1ea9m M\u00e1y x\u00e1t rau c\u1ee7 qu\u1ea3, h\u1ed7 tr\u1ee3 b\u00e0 con x\u1eed l\u00fd hi\u1ec7u qu\u1ea3 ngu\u1ed3n ph\u1ebf ph\u1ea9m c\u00e1c lo\u1ea1i rau c\u1ee7 qu\u1ea3 th\u1ea3i lo\u1ea1i nh\u01b0 c\u00e0 r\u1ed1t, rau , b\u00ed \u0111ao, khoai s\u1eafn,\u2026. v\u1edbi n\u0103ng su\u1ea5t v\u00f4 c\u00f9ng \u1ea5n t\u01b0\u1ee3ng<\/span><\/p>\n<p><img loading=\"lazy\" decoding=\"async\" class=\"aligncenter wp-image-7905 size-full\" src=\"https:\/\/congtybinhminh.com\/wp-content\/uploads\/2022\/12\/Gioi-thieu-may-xat-rau-cu-qua.webp\" alt=\"\" width=\"800\" height=\"600\" srcset=\"https:\/\/congtybinhminh.com\/wp-content\/uploads\/2022\/12\/Gioi-thieu-may-xat-rau-cu-qua.webp 800w, https:\/\/congtybinhminh.com\/wp-content\/uploads\/2022\/12\/Gioi-thieu-may-xat-rau-cu-qua-510x383.webp 510w, https:\/\/congtybinhminh.com\/wp-content\/uploads\/2022\/12\/Gioi-thieu-may-xat-rau-cu-qua-533x400.webp 533w, https:\/\/congtybinhminh.com\/wp-content\/uploads\/2022\/12\/Gioi-thieu-may-xat-rau-cu-qua-768x576.webp 768w\" sizes=\"auto, (max-width: 800px) 100vw, 800px\" \/><\/p>\n<h2><span style=\"color: #000000\"><strong>C\u1ea5u t\u1ea1o m\u00e1y x\u00e1t rau c\u1ee7 qu\u1ea3\u00a0<\/strong><\/span><\/h2>\n<h3><span style=\"color: #000000\"><strong>Khung m\u00e1y ch\u1eafc ch\u1eafn<\/strong><\/span><\/h3>\n<p><span style=\"color: #000000\">Thi\u1ebft k\u1ebf hi\u1ec7n \u0111\u1ea1i, v\u1edbi ph\u1ea7n khung m\u00e1y \u0111\u01b0\u1ee3c h\u00e0n g\u1eafn ch\u1eafc ch\u1eafn kh\u00f4ng g\u00e2y rung l\u1eafc trong qu\u00e1 tr\u00ecnh v\u1eadn h\u00e0nh m\u00e1y. Thi\u1ebft k\u1ebf b\u00e1nh xe thu\u1eadn ti\u1ec7n cho qu\u00e1 tr\u00ecnh di chuy\u1ec3n m\u00e1y.\u00a0<\/span><\/p>\n<figure id=\"attachment_7815\" aria-describedby=\"caption-attachment-7815\" style=\"width: 800px\" class=\"wp-caption aligncenter\"><img loading=\"lazy\" decoding=\"async\" class=\"wp-image-7815 size-full\" src=\"https:\/\/congtybinhminh.com\/wp-content\/uploads\/2022\/12\/Cau-tao-may-xay-xat-rau-cu-qua.webp\" alt=\"C\u1ea5u t\u1ea1o m\u00e1y xay x\u00e1t rau c\u1ee7 qu\u1ea3\" width=\"800\" height=\"600\" srcset=\"https:\/\/congtybinhminh.com\/wp-content\/uploads\/2022\/12\/Cau-tao-may-xay-xat-rau-cu-qua.webp 800w, https:\/\/congtybinhminh.com\/wp-content\/uploads\/2022\/12\/Cau-tao-may-xay-xat-rau-cu-qua-510x383.webp 510w, https:\/\/congtybinhminh.com\/wp-content\/uploads\/2022\/12\/Cau-tao-may-xay-xat-rau-cu-qua-533x400.webp 533w, https:\/\/congtybinhminh.com\/wp-content\/uploads\/2022\/12\/Cau-tao-may-xay-xat-rau-cu-qua-768x576.webp 768w\" sizes=\"auto, (max-width: 800px) 100vw, 800px\" \/><figcaption id=\"caption-attachment-7815\" class=\"wp-caption-text\">C\u1ea5u t\u1ea1o m\u00e1y x\u00e1t rau c\u1ee7 qu\u1ea3<\/figcaption><\/figure>\n<h3><span style=\"color: #000000\"><strong>Bu\u1ed3ng l\u00e0m vi\u1ec7c\u00a0<\/strong><\/span><\/h3>\n<p><span style=\"color: #000000\">M\u00e1y \u0111\u01b0\u1ee3c thi\u1ebft k\u1ebf d\u1ea1ng th\u00f9ng, ph\u1ea7n bu\u1ed3ng l\u00e0m vi\u1ec7c c\u1ee7a m\u00e1y d\u1ea1ng \u0111\u0129a xoay \u0111\u01b0\u1ee3c chia l\u00e0m 2 ph\u1ea7n:<\/span><\/p>\n<p><img loading=\"lazy\" decoding=\"async\" class=\"aligncenter wp-image-7812 size-full\" src=\"https:\/\/congtybinhminh.com\/wp-content\/uploads\/2022\/12\/buong-lam-viec-may-xay-xat-rau-cu.webp\" alt=\"\" width=\"800\" height=\"600\" srcset=\"https:\/\/congtybinhminh.com\/wp-content\/uploads\/2022\/12\/buong-lam-viec-may-xay-xat-rau-cu.webp 800w, https:\/\/congtybinhminh.com\/wp-content\/uploads\/2022\/12\/buong-lam-viec-may-xay-xat-rau-cu-510x383.webp 510w, https:\/\/congtybinhminh.com\/wp-content\/uploads\/2022\/12\/buong-lam-viec-may-xay-xat-rau-cu-533x400.webp 533w, https:\/\/congtybinhminh.com\/wp-content\/uploads\/2022\/12\/buong-lam-viec-may-xay-xat-rau-cu-768x576.webp 768w\" sizes=\"auto, (max-width: 800px) 100vw, 800px\" \/><\/p>\n<p><span style=\"color: #000000\">Ph\u1ea7n tr\u00ean g\u1ed3m 2 l\u01b0\u1ee1i dao c\u1eaft<\/span><\/p>\n<p><span style=\"color: #000000\">Ph\u1ea7n d\u01b0\u1edbi \u0111\u01b0\u1ee3c thi\u1ebft k\u1ebf g\u1ed3m 3 thanh g\u1ea1t<\/span><\/p>\n<p><span style=\"color: #000000\">Toa n\u1ea1p thi\u1ebft k\u1ebf r\u1ed9ng, nguy\u00ean li\u1ec7u ngay khi \u0111\u01b0\u1ee3c \u0111\u01b0a v\u00e0o toa n\u1ea1p s\u1ebd \u0111\u01b0\u1ee3c tr\u1ef1c ti\u1ebfp xu\u1ed1ng bu\u1ed3ng b\u0103m. B\u1ed9 ph\u1eadn b\u0103m d\u1ea1ng \u0111\u0129a xoay tr\u00f2n k\u1ebft h\u1ee3p v\u1edbi l\u01b0\u1ee1i dao b\u0103m nh\u1ecf nguy\u00ean li\u1ec7u.<\/span><\/p>\n<p><span style=\"color: #000000\">Th\u00e0nh ph\u1ea9m sau khi \u0111\u01b0\u1ee3c b\u0103m nh\u1ecf, s\u1ebd \u0111\u01b0\u1ee3c thanh g\u1ea1t \u0111\u01b0a ra ngo\u00e0i c\u1eeda x\u1ea3 tho\u00e1t ra ngo\u00e0i.<\/span><\/p>\n<p><img loading=\"lazy\" decoding=\"async\" class=\"aligncenter wp-image-7813 size-full\" src=\"https:\/\/congtybinhminh.com\/wp-content\/uploads\/2022\/12\/cua-xa-nguyen-lieu-may-xay-xat-rau-cu.webp\" alt=\"C\u1eeda x\u1ea3 nguy\u00ean li\u1ec7u \" width=\"800\" height=\"600\" srcset=\"https:\/\/congtybinhminh.com\/wp-content\/uploads\/2022\/12\/cua-xa-nguyen-lieu-may-xay-xat-rau-cu.webp 800w, https:\/\/congtybinhminh.com\/wp-content\/uploads\/2022\/12\/cua-xa-nguyen-lieu-may-xay-xat-rau-cu-510x383.webp 510w, https:\/\/congtybinhminh.com\/wp-content\/uploads\/2022\/12\/cua-xa-nguyen-lieu-may-xay-xat-rau-cu-533x400.webp 533w, https:\/\/congtybinhminh.com\/wp-content\/uploads\/2022\/12\/cua-xa-nguyen-lieu-may-xay-xat-rau-cu-768x576.webp 768w\" sizes=\"auto, (max-width: 800px) 100vw, 800px\" \/><\/p>\n<p><span style=\"color: #000000\">V\u1edbi nh\u1eefng t\u00ednh n\u0103ng v\u01b0\u1ee3t tr\u1ed9i nh\u01b0 tr\u00ean m\u00e1y x\u00e1t rau c\u1ee7 x\u1ee9ng \u0111\u00e1ng l\u00e0 m\u1ed9t l\u1ef1a ch\u1ecdn th\u00f4ng minh v\u00e0 ho\u00e0n h\u1ea3o cho b\u1ea1n<\/span><\/p>\n<h3><span style=\"color: #000000\"><strong>Cho n\u0103ng su\u1ea5t cao\u00a0<\/strong><\/span><\/h3>\n<p><span style=\"color: #000000\">S\u1eed d\u1ee5ng \u0111\u1ed9ng c\u01a1 3kw motor l\u00f5i d\u00e2y \u0111\u1ed3ng 100% cho n\u0103ng su\u1ea5t l\u00ean t\u1edbi kho\u1ea3ng 1000kg\/h<\/span><\/p>\n<p><img loading=\"lazy\" decoding=\"async\" class=\"aligncenter wp-image-7814 size-full\" src=\"https:\/\/congtybinhminh.com\/wp-content\/uploads\/2022\/12\/Dong-co-may-xay-xat-rau-cu.webp\" alt=\"\" width=\"800\" height=\"600\" srcset=\"https:\/\/congtybinhminh.com\/wp-content\/uploads\/2022\/12\/Dong-co-may-xay-xat-rau-cu.webp 800w, https:\/\/congtybinhminh.com\/wp-content\/uploads\/2022\/12\/Dong-co-may-xay-xat-rau-cu-510x383.webp 510w, https:\/\/congtybinhminh.com\/wp-content\/uploads\/2022\/12\/Dong-co-may-xay-xat-rau-cu-533x400.webp 533w, https:\/\/congtybinhminh.com\/wp-content\/uploads\/2022\/12\/Dong-co-may-xay-xat-rau-cu-768x576.webp 768w\" sizes=\"auto, (max-width: 800px) 100vw, 800px\" \/><\/p>\n<h2><span style=\"color: #000000\"><strong>\u01afu \u0111i\u1ec3m c\u1ee7a m\u00e1y x\u00e1t rau c\u1ee7 qu\u1ea3<\/strong><\/span><\/h2>\n<p><span style=\"color: #000000\">M\u00e1y \u0111\u01b0\u1ee3c thi\u1ebft k\u1ebf d\u1ea1ng th\u00f9ng, kh\u00f4ng chi\u1ebfm nhi\u1ec1u di\u1ec7n t\u00edch<\/span><\/p>\n<p><span style=\"color: #000000\">Qu\u00e1 tr\u00ecnh b\u0103m t\u1ef1 \u0111\u1ed9ng, ch\u1ec9 v\u1edbi 1 \u2013 2 nh\u00e2n c\u00f4ng v\u1eadn h\u00e0nh m\u00e1y m\u00e0 v\u1eabn \u0111\u1ea3m b\u1ea3o n\u0103ng su\u1ea5t<\/span><\/p>\n<p><span style=\"color: #000000\">B\u0103m \u0111a d\u1ea1ng nguy\u00ean li\u1ec7u: t\u1eeb rau c\u1ee7 nguy\u00ean tr\u00e1i to \u0111\u1ebfn nh\u1ecf v\u1edbi k\u00edch c\u1ee1 v\u00e0 h\u00ecnh d\u1ea1ng kh\u00e1c nhau. M\u00e1y c\u00f3 th\u1ec3 xay nh\u1ecf m\u1ed9t c\u00e1ch nhanh ch\u00f3ng v\u00e0 d\u1ec5 d\u00e0ng.<\/span><\/p>\n<p><span style=\"color: #000000\">Th\u00e0nh ph\u1ea9m \u0111\u01b0\u1ee3c b\u0103m nh\u1ecf, nhuy\u1ec5n \u0111\u1ea1t ti\u00eau chu\u1ea9n nhu c\u1ea7u c\u1ee7a m\u1ecdi kh\u00e1ch h\u00e0ng.<\/span><\/p>\n<p><img loading=\"lazy\" decoding=\"async\" class=\"size-full wp-image-7493 aligncenter\" src=\"https:\/\/congtybinhminh.com\/wp-content\/uploads\/2022\/12\/rau-cu-qua-xat-nho.jpg\" alt=\"rau-cu-qua-xat-nho\" width=\"800\" height=\"800\" srcset=\"https:\/\/congtybinhminh.com\/wp-content\/uploads\/2022\/12\/rau-cu-qua-xat-nho.jpg 800w, https:\/\/congtybinhminh.com\/wp-content\/uploads\/2022\/12\/rau-cu-qua-xat-nho-247x247.jpg 247w, https:\/\/congtybinhminh.com\/wp-content\/uploads\/2022\/12\/rau-cu-qua-xat-nho-100x100.jpg 100w, https:\/\/congtybinhminh.com\/wp-content\/uploads\/2022\/12\/rau-cu-qua-xat-nho-510x510.jpg 510w, https:\/\/congtybinhminh.com\/wp-content\/uploads\/2022\/12\/rau-cu-qua-xat-nho-400x400.jpg 400w, https:\/\/congtybinhminh.com\/wp-content\/uploads\/2022\/12\/rau-cu-qua-xat-nho-280x280.jpg 280w, https:\/\/congtybinhminh.com\/wp-content\/uploads\/2022\/12\/rau-cu-qua-xat-nho-768x768.jpg 768w\" sizes=\"auto, (max-width: 800px) 100vw, 800px\" \/><\/p>\n<h2><span style=\"color: #000000\"><b>Nh\u1eefng l\u01b0u \u00fd khi v\u1ec7 sinh v\u00e0 b\u1ea3o qu\u1ea3n m\u00e1y x\u00e1t x\u00e1t rau c\u1ee7 qu\u1ea3<\/b><\/span><\/h2>\n<p><span style=\"color: #000000\">K\u1ebft th\u00fac quy tr\u00ecnh b\u0103m, cho m\u00e1y ch\u1ea1y kh\u00f4ng kho\u1ea3ng 10 \u2013 20 gi\u00e2y cho th\u00e0nh ph\u1ea9m x\u1ea3 h\u1ebft ra ngo\u00e0i tr\u00e1nh l\u01b0u l\u1ea1i trong m\u00e1y.<\/span><\/p>\n<p><span style=\"color: #000000\">C\u00f3 th\u1ec3 x\u1ecbt n\u01b0\u1edbc tr\u1ef1c ti\u1ebfp v\u00e0o bu\u1ed3ng b\u0103m \u0111\u1ec3 v\u1ec7 sinh, tr\u00e1nh \u0111\u1ec3 \u0111\u1ed9ng c\u01a1 ti\u1ebfp x\u00fac v\u1edbi n\u01b0\u1edbc l\u00e0m h\u1ecfng \u0111\u1ed9ng c\u01a1.<\/span><\/p>\n<p><span style=\"color: #000000\">Tr\u00e1nh \u0111\u1ec3 kim lo\u1ea1i r\u01a1i v\u00e0o bu\u1ed3ng l\u00e0m vi\u1ec7c s\u1ebd l\u00e0m h\u1ecfng \u0111\u0129a m\u00e2m v\u00e0 bu\u1ed3ng l\u00e0m vi\u1ec7c.<\/span><\/p>\n<h2><span style=\"color: #000000\"><strong>Th\u00f4ng s\u1ed1 k\u1ef9 thu\u1eadt<\/strong><\/span><\/h2>\n<table>\n<tbody>\n<tr>\n<td rowspan=\"3\" width=\"274\"><span style=\"color: #000000\">\u0110\u1ed9ng c\u01a1<\/span><\/td>\n<td width=\"214\"><span style=\"color: #000000\">C\u00f4ng su\u1ea5t \u0111\u1ed9ng c\u01a1<\/span><\/td>\n<td width=\"213\"><span style=\"color: #000000\">3 kw<\/span><\/td>\n<\/tr>\n<tr>\n<td width=\"214\"><span style=\"color: #000000\">Ngu\u1ed3n \u0111i\u1ec7n<\/span><\/td>\n<td width=\"213\"><span style=\"color: #000000\">220( V)<\/span><\/td>\n<\/tr>\n<tr>\n<td width=\"214\"><span style=\"color: #000000\">T\u1ed1c \u0111\u1ed9<\/span><\/td>\n<td width=\"213\"><span style=\"color: #000000\">\u00a01450( v\/p)<\/span><\/td>\n<\/tr>\n<tr>\n<td rowspan=\"2\" width=\"274\"><span style=\"color: #000000\">Tr\u1ecdng l\u01b0\u1ee3ng m\u00e1y<\/span><\/td>\n<td width=\"214\"><span style=\"color: #000000\">Nguy\u00ean b\u1ed9<\/span><\/td>\n<td width=\"213\"><span style=\"color: #000000\">54(kg)<\/span><\/td>\n<\/tr>\n<tr>\n<td width=\"214\"><span style=\"color: #000000\">Kh\u00f4ng \u0111\u1ed9ng c\u01a1<\/span><\/td>\n<td width=\"213\"><span style=\"color: #000000\">34 ( kg)<\/span><\/td>\n<\/tr>\n<tr>\n<td rowspan=\"2\" width=\"274\"><span style=\"color: #000000\">B\u1ea3o h\u00e0nh<\/span><\/td>\n<td width=\"214\"><span style=\"color: #000000\">K\u1ef9 thu\u1eadt<\/span><\/td>\n<td width=\"213\"><span style=\"color: #000000\">6 th\u00e1ng<\/span><\/td>\n<\/tr>\n<tr>\n<td width=\"214\"><span style=\"color: #000000\">\u0110\u1ed9ng c\u01a1<\/span><\/td>\n<td width=\"213\"><span style=\"color: #000000\">Theo t\u1eebng h\u00e3ng s\u1ea3n xu\u1ea5t<\/span><\/td>\n<\/tr>\n<tr>\n<td width=\"274\"><span style=\"color: #000000\">N\u0103ng su\u1ea5t<\/span><\/td>\n<td colspan=\"2\" width=\"427\"><span style=\"color: #000000\">\u00a0500 \u2013 1000 kg\/gi\u1edd<\/span><\/td>\n<\/tr>\n<tr>\n<td width=\"274\"><span style=\"color: #000000\">K\u00edch th\u01b0\u1edbc ( D * C * R )<\/span><\/td>\n<td colspan=\"2\" width=\"427\"><span style=\"color: #000000\">65*78*48cm<\/span><\/td>\n<\/tr>\n<tr>\n<td width=\"274\"><span style=\"color: #000000\">Hinh th\u1ee9c chuy\u1ec3n kho\u1ea3n<\/span><\/td>\n<td colspan=\"2\" width=\"427\"><span style=\"color: #000000\">\u00a0Ti\u1ec1n m\u1eb7t ho\u1eb7c chuy\u1ec3n kho\u1ea3n<\/span><\/td>\n<\/tr>\n<\/tbody>\n<\/table>\n","protected":false},"excerpt":{"rendered":"<p><span style=\"color: #ed1c24\">H\u00e3ng s\u1ea3n xu\u1ea5t<\/span>: B\u00ecnh Minh<br \/>\n<span style=\"color: #ed1c24\">T\u1ed1c \u0111\u1ed9<\/span>: 1450V\/p<br \/>\n<span style=\"color: #ed1c24\">\u0110\u1ed9ng c\u01a1<\/span>: 3kw<br \/>\n<span style=\"color: #ed1c24\">\u0110i\u1ec7n n\u0103ng<\/span>: 220V<br \/>\n<span style=\"color: #ed1c24\">N\u0103ng su\u1ea5t<\/span>: 500 \u2013 1000 kg\/gi\u1edd<br \/>\n<span style=\"color: #ed1c24\">T\u00ednh n\u0103ng<\/span>: Chuy\u00ean b\u0103m \u2013 xay nh\u1ecf c\u1ea3 c\u1ee7 nguy\u00ean kh\u1ed1i c\u00e1c lo\u1ea1i rau c\u1ee7 nh\u01b0 ng\u00f4, b\u00ed \u0111\u1ecf, b\u1ea7u, c\u00e0 r\u1ed1t, d\u01b0a chu\u1ed9t, t\u00e1o, l\u00ea\u2026 v\u1edbi s\u1ed1 l\u01b0\u1ee3ng l\u1edbn m\u00e0 kh\u00f4ng c\u1ea7n ph\u1ea3i b\u1ed5 nh\u1ecf ra.<br \/>\n<span style=\"color: #ed1c24\">Tr\u1ecdng l\u01b0\u1ee3ng m\u00e1y<\/span>: 54Kg (Nguy\u00ean b\u1ed9)<br \/>\n<span style=\"color: #ed1c24\">K\u00edch th\u01b0\u1edbc ( D * C * R )<\/span>: 65*78*48cm<\/p>\n","protected":false},"featured_media":7807,"comment_status":"closed","ping_status":"closed","template":"","meta":[],"product_brand":[],"product_cat":[194],"product_tag":[],"class_list":{"0":"post-7489","1":"product","2":"type-product","3":"status-publish","4":"has-post-thumbnail","6":"product_cat-may-xay-rau-cu","8":"first","9":"instock","10":"shipping-taxable","11":"product-type-simple"},"_links":{"self":[{"href":"https:\/\/congtybinhminh.com\/index.php?rest_route=\/wp\/v2\/product\/7489","targetHints":{"allow":["GET"]}}],"collection":[{"href":"https:\/\/congtybinhminh.com\/index.php?rest_route=\/wp\/v2\/product"}],"about":[{"href":"https:\/\/congtybinhminh.com\/index.php?rest_route=\/wp\/v2\/types\/product"}],"replies":[{"embeddable":true,"href":"https:\/\/congtybinhminh.com\/index.php?rest_route=%2Fwp%2Fv2%2Fcomments&post=7489"}],"wp:featuredmedia":[{"embeddable":true,"href":"https:\/\/congtybinhminh.com\/index.php?rest_route=\/wp\/v2\/media\/7807"}],"wp:attachment":[{"href":"https:\/\/congtybinhminh.com\/index.php?rest_route=%2Fwp%2Fv2%2Fmedia&parent=7489"}],"wp:term":[{"taxonomy":"product_brand","embeddable":true,"href":"https:\/\/congtybinhminh.com\/index.php?rest_route=%2Fwp%2Fv2%2Fproduct_brand&post=7489"},{"taxonomy":"product_cat","embeddable":true,"href":"https:\/\/congtybinhminh.com\/index.php?rest_route=%2Fwp%2Fv2%2Fproduct_cat&post=7489"},{"taxonomy":"product_tag","embeddable":true,"href":"https:\/\/congtybinhminh.com\/index.php?rest_route=%2Fwp%2Fv2%2Fproduct_tag&post=7489"}],"curies":[{"name":"wp","href":"https:\/\/api.w.org\/{rel}","templated":true}]}}