{"id":7458,"date":"2022-10-26T16:47:11","date_gmt":"2022-10-26T09:47:11","guid":{"rendered":"https:\/\/congtybinhminh.com\/?post_type=product&#038;p=7458"},"modified":"2023-05-19T15:14:51","modified_gmt":"2023-05-19T08:14:51","slug":"may-dun-vien-thuc-an-chan-nuoi-40k","status":"publish","type":"product","link":"https:\/\/congtybinhminh.com\/?product=may-dun-vien-thuc-an-chan-nuoi-40k","title":{"rendered":"M\u00e1y \u0111\u00f9n vi\u00ean th\u1ee9c \u0103n ch\u0103n nu\u00f4i 40K"},"content":{"rendered":"<h2><strong>Video ho\u1ea1t \u0111\u1ed9ng m\u00e1y \u0111\u00f9n vi\u00ean th\u1ee9c \u0103n ch\u0103n nu\u00f4i 40K<\/strong><\/h2>\n<p><iframe loading=\"lazy\" title=\"M\u00e1y Ph\u1ea3i L\u00e0m \u0110\u01b0\u1ee3c C\u00e1m N\u1ed5i Anh M\u1edbi L\u1ea5y M\u00e1y Em L\u00e0m \u0110\u01b0\u1ee3c Kh\u00f4ng\" width=\"1020\" height=\"574\" src=\"https:\/\/www.youtube.com\/embed\/za7Om0eur3k?feature=oembed\" frameborder=\"0\" allow=\"accelerometer; autoplay; clipboard-write; encrypted-media; gyroscope; picture-in-picture; web-share\" allowfullscreen><\/iframe><\/p>\n<h2><strong>Gi\u1edbi thi\u1ec7u m\u00e1y \u0111\u00f9n vi\u00ean th\u1ee9c \u0103n ch\u0103n nu\u00f4i 40K\u00a0<\/strong><\/h2>\n<p>Th\u1ee9c \u0103n l\u00e0 m\u1ed9t trong nh\u1eefng y\u1ebfu t\u1ed1 quan tr\u1ecdng \u1ea3nh h\u01b0\u1edfng \u0111\u1ebfn n\u0103ng su\u1ea5t, ch\u1ea5t l\u01b0\u1ee3ng \u0111\u1ebfn n\u0103ng su\u1ea5t, ch\u1ea5t l\u01b0\u1ee3ng s\u1ea3n ph\u1ea9m. \u0110\u1ec3 gi\u00fap b\u00e0 con t\u1ef1 ch\u1ee7 \u0111\u1ed9ng ngu\u1ed3n th\u1ee9c \u0103n nu\u00f4i th\u1ee7y &#8211; h\u1ea3i &#8211; s\u1ea3n hi\u1ec7u qu\u1ea3, c\u00f4ng ty B\u00ecnh Minh \u0111\u00e3 cho ra \u0111\u1eddi m\u00e1y \u0111\u00f9n vi\u00ean th\u1ee9c \u0103n ch\u0103n nu\u00f4i 40K mang l\u1ea1i nh\u1eefng t\u00ednh n\u0103ng \u01b0u vi\u1ec7t.<\/p>\n<p><img loading=\"lazy\" decoding=\"async\" class=\"aligncenter wp-image-7464 size-full\" src=\"https:\/\/congtybinhminh.com\/wp-content\/uploads\/2022\/10\/may-dun-vien-thuc-an-chan-nuoi-40k_result222.webp\" alt=\"may-dun-vien-thuc-an-chan-nuoi-40k_result222\" width=\"800\" height=\"498\" srcset=\"https:\/\/congtybinhminh.com\/wp-content\/uploads\/2022\/10\/may-dun-vien-thuc-an-chan-nuoi-40k_result222.webp 800w, https:\/\/congtybinhminh.com\/wp-content\/uploads\/2022\/10\/may-dun-vien-thuc-an-chan-nuoi-40k_result222-510x317.webp 510w, https:\/\/congtybinhminh.com\/wp-content\/uploads\/2022\/10\/may-dun-vien-thuc-an-chan-nuoi-40k_result222-643x400.webp 643w, https:\/\/congtybinhminh.com\/wp-content\/uploads\/2022\/10\/may-dun-vien-thuc-an-chan-nuoi-40k_result222-768x478.webp 768w\" sizes=\"auto, (max-width: 800px) 100vw, 800px\" \/><\/p>\n<h2><strong>M\u00e1y \u0111\u00f9n vi\u00ean th\u1ee9c \u0103n ch\u0103n nu\u00f4i 40K c\u00f3 nh\u1eefng t\u00ednh n\u0103ng g\u00ec ?\u00a0<\/strong><\/h2>\n<p>M\u00e1y \u0111\u00f9n vi\u00ean 40K hay c\u00f2n g\u1ecdi l\u00e0 m\u00e1y \u00e9p c\u00e1m vi\u00ean n\u1ed5i cho c\u00e1, chuy\u00ean d\u00f9ng \u00e9p c\u00e1c lo\u1ea1i nguy\u00ean li\u1ec7u d\u1ea1ng b\u1ed9t nh\u01b0 b\u1ed9t c\u00e1m, b\u1ed9t ng\u00f4, b\u1ed9t c\u00e1&#8230; t\u1ea1o th\u00e0nh th\u1ee9c \u0103n d\u1ea1ng vi\u00ean cho v\u1eadt nu\u00f4i nh\u01b0:<\/p>\n<ul>\n<li>L\u00e0m c\u00e1m vi\u00ean n\u1ed5i cho c\u00e1<\/li>\n<li>L\u00e0m c\u00e1m nh\u1ecf 1 ly cho t\u00f4m, chim..<\/li>\n<li>C\u00e1m \u0111\u01b0\u1ee3c \u00e9p ch\u00edn c\u00f3 th\u1ec3 cho l\u1ee3n, g\u00e0, v\u1ecbt&#8230; \u0103n tr\u1ef1c ti\u1ebfp<\/li>\n<li>K\u00edch c\u1ee1 vi\u00ean c\u00e1m \u0111a d\u1ea1ng, n\u0103ng su\u1ea5t cao \u0111\u00e1p \u1ee9ng \u0111a d\u1ea1ng v\u1eadt nu\u00f4i<\/li>\n<\/ul>\n<h2><strong>C\u1ea5u t\u1ea1o m\u00e1y \u0111\u00f9n vi\u00ean th\u1ee9c \u0103n ch\u0103n nu\u00f4i 40K\u00a0<\/strong><\/h2>\n<p>M\u00e1y \u0111\u01b0\u1ee3c thi\u1ebft k\u1ebf hi\u1ec7n \u0111\u1ea1i, nh\u1ecf g\u1ecdn kh\u00f4ng chi\u1ebfm nhi\u1ec1u kh\u00f4ng gian ph\u1ea7n khung \u0111\u01b0\u1ee3c h\u00e0n g\u1eafn ch\u1eafc ch\u1eafn kh\u00f4ng g\u00e2y rung l\u1eafc trong qu\u00e1 tr\u00ecnh v\u1eadn h\u00e0nh m\u00e1y.<\/p>\n<p><img loading=\"lazy\" decoding=\"async\" class=\"aligncenter wp-image-7465 size-full\" src=\"https:\/\/congtybinhminh.com\/wp-content\/uploads\/2022\/10\/cau-tao-may-dun-vien-thuc-an-chan-nuoi-40k_result222.webp\" alt=\"cau-tao-may-dun-vien-thuc-an-chan-nuoi-40k_result222\" width=\"800\" height=\"816\" srcset=\"https:\/\/congtybinhminh.com\/wp-content\/uploads\/2022\/10\/cau-tao-may-dun-vien-thuc-an-chan-nuoi-40k_result222.webp 800w, https:\/\/congtybinhminh.com\/wp-content\/uploads\/2022\/10\/cau-tao-may-dun-vien-thuc-an-chan-nuoi-40k_result222-510x520.webp 510w, https:\/\/congtybinhminh.com\/wp-content\/uploads\/2022\/10\/cau-tao-may-dun-vien-thuc-an-chan-nuoi-40k_result222-392x400.webp 392w, https:\/\/congtybinhminh.com\/wp-content\/uploads\/2022\/10\/cau-tao-may-dun-vien-thuc-an-chan-nuoi-40k_result222-784x800.webp 784w, https:\/\/congtybinhminh.com\/wp-content\/uploads\/2022\/10\/cau-tao-may-dun-vien-thuc-an-chan-nuoi-40k_result222-768x783.webp 768w\" sizes=\"auto, (max-width: 800px) 100vw, 800px\" \/><\/p>\n<h3><strong>Bu\u1ed3ng ch\u1ee9a l\u1edbn\u00a0<\/strong><\/h3>\n<p>Nguy\u00ean li\u1ec7u sau khi ph\u1ed1i tr\u1ed9n, s\u1ebd \u0111\u01b0\u1ee3c \u0111\u01b0a v\u00e0o toa ch\u1ee9a. T\u1ea1i \u0111\u00e2y, c\u00e1c c\u00e1nh \u0111\u1ea3o b\u00ean trong s\u1ebd tr\u1ed9n \u0111\u1ec1u r\u1ed3i \u0111\u01b0\u1ee3c \u0111\u01b0a xu\u1ed1ng tr\u1ef1c xo\u1eafn \u00e9p t\u1eeb t\u1eeb b\u00f3n v\u00e0o toa n\u1ea1p.<\/p>\n<p>L\u01b0u \u00fd: N\u00ean cho h\u1ed7n h\u1ee3p b\u1ed9t c\u00e1m v\u00e0o m\u00e1y tr\u1ed9n \u0111\u1ea3o \u0111\u1ec1u tr\u01b0\u1edbc khi \u0111\u01b0a v\u00e0o toa ch\u1ee9a ti\u1ebfn h\u00e0nh \u00e9p vi\u00ean.<\/p>\n<h3><strong>\u1ed0ng gi\u00e1 nhi\u1ec7t l\u00ean nhi\u1ec7t cao\u00a0<\/strong><\/h3>\n<p><img loading=\"lazy\" decoding=\"async\" class=\"aligncenter wp-image-7466 size-full\" src=\"https:\/\/congtybinhminh.com\/wp-content\/uploads\/2022\/10\/ong-gia-nhiet-may-dun-vien_result222.webp\" alt=\"ong-gia-nhiet-may-dun-vien_result222\" width=\"800\" height=\"498\" srcset=\"https:\/\/congtybinhminh.com\/wp-content\/uploads\/2022\/10\/ong-gia-nhiet-may-dun-vien_result222.webp 800w, https:\/\/congtybinhminh.com\/wp-content\/uploads\/2022\/10\/ong-gia-nhiet-may-dun-vien_result222-510x317.webp 510w, https:\/\/congtybinhminh.com\/wp-content\/uploads\/2022\/10\/ong-gia-nhiet-may-dun-vien_result222-643x400.webp 643w, https:\/\/congtybinhminh.com\/wp-content\/uploads\/2022\/10\/ong-gia-nhiet-may-dun-vien_result222-768x478.webp 768w\" sizes=\"auto, (max-width: 800px) 100vw, 800px\" \/><\/p>\n<p>Nguy\u00ean li\u1ec7u \u0111\u01b0\u1ee3c \u0111\u01b0a v\u00e0o toa n\u1ea1p, d\u01b0\u1edbi nhi\u1ec7t \u0111\u1ed9 cao nguy\u00ean li\u1ec7u s\u1ebd \u0111\u01b0\u1ee3c \u1ed1ng gia nhi\u1ec7t l\u00e0m ch\u00edn v\u00e0 x\u1ed1p vi\u00ean c\u00e1m, t\u0103ng kh\u1ea3 n\u0103ng gi\u00fap vi\u00ean c\u00e1m n\u1ed5i tr\u00ean m\u1eb7t n\u01b0\u1edbc v\u00e0 gi\u00fap v\u1eadt nu\u00f4i ti\u00eau h\u00f3a t\u1ed1t h\u01a1n.<\/p>\n<h3><strong>B\u1ed9 ph\u1eadn dao c\u1eaft c\u00e1m linh ho\u1ea1t\u00a0<\/strong><\/h3>\n<p>B\u1ed9 ph\u1eadn dao c\u1eaft c\u00e1m g\u1ed3m 2 l\u01b0\u1ee1i dao ho\u1ea1t \u0111\u1ed9ng b\u1edfi \u0111\u1ed9ng c\u01a1 th\u00f4ng qua b\u1ea3ng \u0111i\u1ec1u khi\u1ec3n bi\u1ebfn t\u1ea7n. Qua \u0111\u00f3, ng\u01b0\u1eddi d\u00f9ng c\u00f3 th\u1ec3 t\u1ef1 \u0111i\u1ec1u ch\u1ec9nh \u0111\u1ed9 d\u00e0i &#8211; ng\u1eafn c\u1ee7a vi\u00ean c\u00e1m trong su\u1ed1t qu\u00e1 tr\u00ecnh m\u00e1y ho\u1ea1t \u0111\u1ed9ng.<\/p>\n<p><img loading=\"lazy\" decoding=\"async\" class=\"aligncenter wp-image-7467 size-full\" src=\"https:\/\/congtybinhminh.com\/wp-content\/uploads\/2022\/10\/dao-cat-cam_result222.webp\" alt=\"dao-cat-cam_result222\" width=\"800\" height=\"498\" srcset=\"https:\/\/congtybinhminh.com\/wp-content\/uploads\/2022\/10\/dao-cat-cam_result222.webp 800w, https:\/\/congtybinhminh.com\/wp-content\/uploads\/2022\/10\/dao-cat-cam_result222-510x317.webp 510w, https:\/\/congtybinhminh.com\/wp-content\/uploads\/2022\/10\/dao-cat-cam_result222-643x400.webp 643w, https:\/\/congtybinhminh.com\/wp-content\/uploads\/2022\/10\/dao-cat-cam_result222-768x478.webp 768w\" sizes=\"auto, (max-width: 800px) 100vw, 800px\" \/><\/p>\n<p>Ngo\u00e0i ra, m\u00e1y \u00e9p\u00a0 \u0111\u01b0\u1ee3c c\u00e1m v\u1edbi k\u00edch th\u01b0\u1edbc l\u1ed7 m\u1eb7t s\u00e0ng kh\u00e1c nhau trong m\u00e1y. cho ra vi\u00ean c\u00e1m ph\u00f9 h\u1ee3p v\u1edbi nhi\u1ec1u lo\u1ea1i v\u1eadt nu\u00f4i v\u00e0 \u0111a d\u1ea1ng, t\u00f9y thu\u1ed9c nhu c\u1ea7u s\u1eed d\u1ee5ng.<\/p>\n<h3><strong>B\u1ea3ng \u0111i\u1ec1u khi\u1ec3n th\u00f4ng minh\u00a0<\/strong><\/h3>\n<p>M\u00e1y \u0111\u00f9n vi\u00ean th\u1ee9c \u0103n ch\u0103n nu\u00f4i 40K \u0111\u01b0\u1ee3c trang b\u1ecb b\u1ea3ng \u0111i\u1ec1u khi\u1ec3n bi\u1ebfn t\u1ea7n g\u1ed3m : \u0110\u1ed3ng h\u1ed3, c\u00f4ng t\u1eafc motor ch\u00ednh; c\u00f4ng t\u1eafc ch\u00ednh t\u1ed1c \u0111\u1ed9 b\u00f3n v\u00e0 dao c\u1eaft; c\u00f4ng t\u1eafc ngu\u1ed3n bi\u1ebfn t\u1ea7n; n\u00fat d\u1eebng kh\u1ea9n c\u1ea5p v\u00e0 \u0111\u00e8n b\u00e1o.<\/p>\n<p><img loading=\"lazy\" decoding=\"async\" class=\"aligncenter wp-image-7469 size-full\" src=\"https:\/\/congtybinhminh.com\/wp-content\/uploads\/2022\/10\/bang-dieu-khien_result222.webp\" alt=\"bang-dieu-khien_result222\" width=\"800\" height=\"572\" srcset=\"https:\/\/congtybinhminh.com\/wp-content\/uploads\/2022\/10\/bang-dieu-khien_result222.webp 800w, https:\/\/congtybinhminh.com\/wp-content\/uploads\/2022\/10\/bang-dieu-khien_result222-510x365.webp 510w, https:\/\/congtybinhminh.com\/wp-content\/uploads\/2022\/10\/bang-dieu-khien_result222-559x400.webp 559w, https:\/\/congtybinhminh.com\/wp-content\/uploads\/2022\/10\/bang-dieu-khien_result222-768x549.webp 768w\" sizes=\"auto, (max-width: 800px) 100vw, 800px\" \/><\/p>\n<p>Vi\u1ec7c trang b\u1ecb t\u1ee7 \u0111i\u1ec7n gi\u00fap ng\u01b0\u1eddi d\u00f9ng v\u1eadn h\u00e0nh m\u00e1y d\u1ec5 d\u00e0ng v\u00e0 an to\u00e0n h\u01a1n \u0111\u1ed3ng th\u1eddi b\u1ea3o v\u1ec7 \u0111\u01b0\u1ee3c m\u00e1y khi c\u00f3 s\u1ef1 c\u1ed1 nh\u01b0 qu\u00e1 t\u1ea3i, ch\u1eadp \u0111i\u1ec7n.<\/p>\n<h2><strong>\u01afu \u0111i\u1ec3m khi d\u00f9ng m\u00e1y \u0111\u00f9n vi\u00ean c\u00e1m c\u00e1 n\u1ed5i 40K<\/strong><\/h2>\n<ul>\n<li>M\u00e1y c\u1ea5p li\u1ec7u b\u00e1n t\u1ef1 \u0111\u1ed9ng gi\u00fap ng\u01b0\u1eddi d\u00f9ng d\u1ec5 d\u00e0ng ki\u1ec3m so\u00e1t nguy\u00ean li\u1ec7u \u0111\u1ea7u \u00e9p, ti\u1ebft ki\u1ec7m th\u1eddi gian v\u00e0 c\u00f4ng s\u1ee9c v\u1eadn h\u00e0nh<\/li>\n<\/ul>\n<p><img loading=\"lazy\" decoding=\"async\" class=\"aligncenter wp-image-7468 size-full\" src=\"https:\/\/congtybinhminh.com\/wp-content\/uploads\/2022\/10\/may-lam-cam-noi-cho-ca_result222.webp\" alt=\"may-lam-cam-noi-cho-ca_result222\" width=\"800\" height=\"498\" srcset=\"https:\/\/congtybinhminh.com\/wp-content\/uploads\/2022\/10\/may-lam-cam-noi-cho-ca_result222.webp 800w, https:\/\/congtybinhminh.com\/wp-content\/uploads\/2022\/10\/may-lam-cam-noi-cho-ca_result222-510x317.webp 510w, https:\/\/congtybinhminh.com\/wp-content\/uploads\/2022\/10\/may-lam-cam-noi-cho-ca_result222-643x400.webp 643w, https:\/\/congtybinhminh.com\/wp-content\/uploads\/2022\/10\/may-lam-cam-noi-cho-ca_result222-768x478.webp 768w\" sizes=\"auto, (max-width: 800px) 100vw, 800px\" \/><\/p>\n<ul>\n<li>K\u00edch th\u01b0\u1edbc l\u1ed7 s\u00e0ng kh\u00e1c nhau t\u1ea1o ra vi\u00ean c\u00e1m \u0111a d\u1ea1ng ph\u00f9 h\u1ee3p v\u1edbi nhi\u1ec1u lo\u1ea1i v\u1eadt nu\u00f4i \u0111\u00e1p \u1ee9ng nhu c\u1ea7u s\u1eed d\u1ee5ng<\/li>\n<li>Vi\u00ean c\u00e1m sau khi \u00e9p \u0111\u01b0\u1ee3c l\u00e0m ch\u00edn c\u00f3 th\u1ec3 n\u1ed5i tr\u00ean m\u1eb7t n\u01b0\u1edbc. H\u01a1n n\u1eefa, h\u1ea1n ch\u1ebf \u0111\u01b0\u1ee3c hi\u1ec7n t\u01b0\u1ee3ng n\u1ea5m m\u1ed1c.<\/li>\n<\/ul>\n<p><strong>Th\u00f4ng s\u1ed1 k\u1ef9 thu\u1eadt\u00a0<\/strong><\/p>\n<table border=\"1\" width=\"1005\">\n<tbody>\n<tr>\n<td>C\u00f4ng su\u1ea5t \u0111\u1ed9ng c\u01a1<\/td>\n<td>\u00a07,5kw<\/td>\n<\/tr>\n<tr>\n<td>\u00a0Ngu\u1ed3n \u0111i\u1ec7n<\/td>\n<td>\u00a0380 (V)<\/td>\n<\/tr>\n<tr>\n<td>\u00a0T\u1ed1c \u0111\u1ed9<\/td>\n<td>\u00a01450 (v\u00f2ng\/ph\u00fat)<\/td>\n<\/tr>\n<tr>\n<td width=\"404\">N\u0103ng su\u1ea5t<\/td>\n<td>\u00a030-40 (kg\/gi\u1edd)<\/td>\n<\/tr>\n<tr>\n<td width=\"404\">K\u00edch th\u01b0\u1edbc (D*C*R)<\/td>\n<td>125*123*124 (cm)<\/td>\n<\/tr>\n<tr>\n<td>Tr\u1ecdng l\u01b0\u1ee3ng<\/td>\n<td>\u00a0312 (kg c\u1ea3 \u0111\u1ed9ng c\u01a1)<\/td>\n<\/tr>\n<tr>\n<td>B\u1ea3o h\u00e0nh<\/td>\n<td>06 th\u00e1ng<\/td>\n<\/tr>\n<\/tbody>\n<\/table>\n","protected":false},"excerpt":{"rendered":"<ul>\n<li><strong>H\u00e3ng s\u1ea3n xu\u1ea5t:<\/strong>\u00a0B\u00ecnh Minh<\/li>\n<li><strong>C\u00f4ng su\u1ea5t \u0111\u1ed9ng c\u01a1:<\/strong>\u00a07,5kw<\/li>\n<li><strong>Ngu\u1ed3n \u0111i\u1ec7n:<\/strong>\u00a0380V<\/li>\n<li><strong>T\u1ed1c \u0111\u1ed9 :<\/strong>\u00a01450 v\/p<\/li>\n<li><strong>N\u0103ng su\u1ea5t:<\/strong>\u00a030 \u2013 40 kg\/gi\u1edd<\/li>\n<li><strong>C\u00e2n n\u1eb7ng:<\/strong>\u00a0312 kg ( c\u1ea3 \u0111\u1ed9ng c\u01a1)<\/li>\n<li><strong>K\u00edch th\u01b0\u1edbc (D*C*R):<\/strong>\u00a0125*123*124 cm<\/li>\n<li><strong>T\u00ednh n\u0103ng:<\/strong>\u00a0M\u00e1y chuy\u00ean d\u00f9ng t\u1ea1o c\u00e1m vi\u00ean ch\u00edn \u2013 n\u1ed5i cho c\u00e1, c\u00e1c lo\u1ea1i th\u1ee7y h\u1ea3i s\u1ea3n v\u00e0 gia s\u00fac \u2013 gia c\u1ea7m th\u00edch h\u1ee3p s\u1eed d\u1ee5ng t\u1ea1i c\u00e1c h\u1ed9 gia \u0111\u00ecnh, trang tr\u1ea1i ch\u0103n nu\u00f4i<\/li>\n<\/ul>\n","protected":false},"featured_media":7459,"comment_status":"closed","ping_status":"closed","template":"","meta":[],"product_brand":[],"product_cat":[42],"product_tag":[],"class_list":{"0":"post-7458","1":"product","2":"type-product","3":"status-publish","4":"has-post-thumbnail","6":"product_cat-may-dun-vien","8":"first","9":"instock","10":"shipping-taxable","11":"product-type-simple"},"_links":{"self":[{"href":"https:\/\/congtybinhminh.com\/index.php?rest_route=\/wp\/v2\/product\/7458","targetHints":{"allow":["GET"]}}],"collection":[{"href":"https:\/\/congtybinhminh.com\/index.php?rest_route=\/wp\/v2\/product"}],"about":[{"href":"https:\/\/congtybinhminh.com\/index.php?rest_route=\/wp\/v2\/types\/product"}],"replies":[{"embeddable":true,"href":"https:\/\/congtybinhminh.com\/index.php?rest_route=%2Fwp%2Fv2%2Fcomments&post=7458"}],"wp:featuredmedia":[{"embeddable":true,"href":"https:\/\/congtybinhminh.com\/index.php?rest_route=\/wp\/v2\/media\/7459"}],"wp:attachment":[{"href":"https:\/\/congtybinhminh.com\/index.php?rest_route=%2Fwp%2Fv2%2Fmedia&parent=7458"}],"wp:term":[{"taxonomy":"product_brand","embeddable":true,"href":"https:\/\/congtybinhminh.com\/index.php?rest_route=%2Fwp%2Fv2%2Fproduct_brand&post=7458"},{"taxonomy":"product_cat","embeddable":true,"href":"https:\/\/congtybinhminh.com\/index.php?rest_route=%2Fwp%2Fv2%2Fproduct_cat&post=7458"},{"taxonomy":"product_tag","embeddable":true,"href":"https:\/\/congtybinhminh.com\/index.php?rest_route=%2Fwp%2Fv2%2Fproduct_tag&post=7458"}],"curies":[{"name":"wp","href":"https:\/\/api.w.org\/{rel}","templated":true}]}}