{"id":7447,"date":"2022-10-26T14:47:42","date_gmt":"2022-10-26T07:47:42","guid":{"rendered":"https:\/\/congtybinhminh.com\/?post_type=product&#038;p=7447"},"modified":"2023-04-05T13:44:13","modified_gmt":"2023-04-05T06:44:13","slug":"may-bam-canh-2t-cai-tien","status":"publish","type":"product","link":"https:\/\/congtybinhminh.com\/?product=may-bam-canh-2t-cai-tien","title":{"rendered":"M\u00e1y b\u0103m c\u00e0nh 2T c\u1ea3i ti\u1ebfn"},"content":{"rendered":"<h2><strong>Video ho\u1ea1t \u0111\u1ed9ng m\u00e1y b\u0103m c\u00e0nh 2T c\u1ea3i ti\u1ebfn<\/strong><\/h2>\n<p><iframe loading=\"lazy\" title=\"M\u00e1y B\u0103m C\u00e0nh 2T B\u1ec7 K\u00e9o \u0110\u1ea7u N\u1ed5 C\u1ea3i Ti\u1ebfn \u0110\u1ec3 Ho\u1ea1t \u0110\u1ed9ng T\u1ed1t H\u01a1n\" width=\"1020\" height=\"574\" src=\"https:\/\/www.youtube.com\/embed\/H9O5p7orA-w?feature=oembed\" frameborder=\"0\" allow=\"accelerometer; autoplay; clipboard-write; encrypted-media; gyroscope; picture-in-picture; web-share\" allowfullscreen><\/iframe><\/p>\n<h2><strong>Gi\u1edbi thi\u1ec7u m\u00e1y b\u0103m c\u00e0nh 2T c\u1ea3i ti\u1ebfn<\/strong><\/h2>\n<p>M\u00e1y b\u0103m c\u00e0nh 2T c\u1ea3i ti\u1ebfn hay c\u00f2n g\u1ecdi l\u00e0 m\u00e1y b\u0103m c\u00e0nh b\u1ec7 k\u00e9o thu\u1ed9c d\u00f2ng m\u00e1y c\u00f4ng nghi\u1ec7p chuy\u00ean d\u00f9ng b\u0103m c\u00e1c lo\u1ea1i nguy\u00ean li\u1ec7u nh\u01b0 c\u00e0nh c\u00e2y, c\u00e0nh l\u00e1.. th\u00e0nh d\u1ea1ng m\u1ea3nh nh\u1ecf.<\/p>\n<p><img loading=\"lazy\" decoding=\"async\" class=\"aligncenter wp-image-7453 size-full\" src=\"https:\/\/congtybinhminh.com\/wp-content\/uploads\/2022\/10\/may-bam-canh-2T-be-keo-2_result222.webp\" alt=\"may-bam-canh-2T-be-keo-2_result222\" width=\"800\" height=\"600\" srcset=\"https:\/\/congtybinhminh.com\/wp-content\/uploads\/2022\/10\/may-bam-canh-2T-be-keo-2_result222.webp 800w, https:\/\/congtybinhminh.com\/wp-content\/uploads\/2022\/10\/may-bam-canh-2T-be-keo-2_result222-510x383.webp 510w, https:\/\/congtybinhminh.com\/wp-content\/uploads\/2022\/10\/may-bam-canh-2T-be-keo-2_result222-533x400.webp 533w, https:\/\/congtybinhminh.com\/wp-content\/uploads\/2022\/10\/may-bam-canh-2T-be-keo-2_result222-768x576.webp 768w\" sizes=\"auto, (max-width: 800px) 100vw, 800px\" \/><\/p>\n<p>S\u1ea3n ph\u1ea9m do c\u00f4ng ty B\u00ecnh Minh c\u1ea3i ti\u1ebfn th\u00edch h\u1ee3p d\u00f9ng cho c\u00e1c c\u01a1 s\u1edf ch\u1ebf bi\u1ebfn, h\u1ed9 kinh doanh quy m\u00f4 v\u1eeba v\u00e0 l\u1edbn.<\/p>\n<h2><strong>M\u00e1y b\u0103m c\u00e0nh 2T c\u1ea3i ti\u1ebfn c\u00f3 nh\u1eefng t\u00ednh n\u0103ng g\u00ec ?<\/strong><\/h2>\n<p>Vi\u1ec7c s\u1eed d\u1ee5ng m\u00e1y b\u0103m c\u00e0nh b\u1ec7 k\u00e9o s\u1ebd gi\u00fap ng\u01b0\u1eddi d\u00f9ng c\u00f3 th\u1ec3 t\u1eadn d\u1ee5ng c\u00e1c ph\u1ee5 ph\u1ea9m n\u00f4ng nghi\u1ec7p, c\u00f4ng nghi\u1ec7p v\u00e0 th\u00e0nh ph\u1ea9m sau khi b\u0103m c\u00f3 th\u1ec3 t\u00e1i s\u1eed d\u1ee5ng \u0111\u1ec3 :<\/p>\n<ul>\n<li>L\u00e0m nguy\u00ean li\u1ec7u l\u00e0m ph\u00e2n vi sinh<\/li>\n<li>L\u00e0m nguy\u00ean li\u1ec7u t\u1ea1o vi\u00ean n\u00e9n<\/li>\n<li>l\u00e0m nguy\u00ean li\u1ec7u \u0111\u1ed1t<\/li>\n<li>L\u00e0m gi\u00e1 th\u1ec3 tr\u1ed3ng c\u00e2y, tr\u1ed3ng n\u1ea5m<\/li>\n<li>&#8230;<\/li>\n<\/ul>\n<h2><strong>C\u1ea5u t\u1ea1o m\u00e1y b\u0103m c\u00e0nh 2T c\u1ea3i ti\u1ebfn<\/strong><\/h2>\n<h3><strong>Khung m\u00e1y ch\u1eafc ch\u1eafn<\/strong><\/h3>\n<p>Thu\u1ed9c d\u00f2ng m\u00e1y c\u00f4ng nghi\u1ec7p, m\u00e1y \u0111\u01b0\u1ee3c thi\u1ebft k\u1ebf hi\u1ec7n \u0111\u1ea1i v\u1edbi ph\u1ea7n khung m\u00e1y \u0111\u01b0\u1ee3c h\u00e0n g\u1eafn ch\u1eafc ch\u1eafn kh\u00f4ng g\u00e2y rung l\u1eafc trong qu\u00e1 tr\u00ecnh v\u1eadn h\u00e0nh. L\u1eafp \u0111\u1eb7t 4 b\u00e1nh xe thu\u1eadn ti\u1ec7n di chuy\u1ec3n v\u1ecb tr\u00ed \u0111\u1eb7t m\u00e1y<\/p>\n<p><img loading=\"lazy\" decoding=\"async\" class=\"aligncenter wp-image-7454 size-full\" src=\"https:\/\/congtybinhminh.com\/wp-content\/uploads\/2022\/10\/cau-tao-may-bam-canh-2t-be-keo_result222.webp\" alt=\"cau-tao-may-bam-canh-2t-be-keo_result222\" width=\"800\" height=\"600\" srcset=\"https:\/\/congtybinhminh.com\/wp-content\/uploads\/2022\/10\/cau-tao-may-bam-canh-2t-be-keo_result222.webp 800w, https:\/\/congtybinhminh.com\/wp-content\/uploads\/2022\/10\/cau-tao-may-bam-canh-2t-be-keo_result222-510x383.webp 510w, https:\/\/congtybinhminh.com\/wp-content\/uploads\/2022\/10\/cau-tao-may-bam-canh-2t-be-keo_result222-533x400.webp 533w, https:\/\/congtybinhminh.com\/wp-content\/uploads\/2022\/10\/cau-tao-may-bam-canh-2t-be-keo_result222-768x576.webp 768w\" sizes=\"auto, (max-width: 800px) 100vw, 800px\" \/><\/p>\n<h3><strong>Toa n\u1ea1p v\u00e0 c\u1eeda x\u1ea3 c\u1ed1 \u0111\u1ecbnh<\/strong><\/h3>\n<p>Toa n\u1ea1p \u0111\u01b0\u1ee3c thi\u1ebft k\u1ebf d\u1ea1ng ph\u1ec5u l\u1edbn, ph\u1ea7n tr\u1ecdng t\u00e2m khung m\u00e1y h\u1ea1 th\u1ea5p t\u1ed1i \u0111a thu\u1eadn ti\u1ec7n khi \u0111\u01b0a nguy\u00ean li\u1ec7u v\u00e0o b\u0103m gi\u00fap gi\u1ea3m \u0111\u1ed9 rung v\u00e0 h\u1ea1n ch\u1ebf l\u00e0m nguy\u00ean li\u1ec7u b\u1eafn ng\u01b0\u1ee3c ra ngo\u00e0i.<\/p>\n<p>C\u1eeda x\u1ea3 \u0111\u01b0\u1ee3c thi\u1ebft k\u1ebf v\u00f2i cao, th\u00e0nh ph\u1ea9m sau khi b\u0103m c\u00f3 th\u1ec3 phun tr\u1ef1c ti\u1ebfp v\u00e0o th\u00f9ng phi l\u1edbn hay xe ch\u1ee9a thu\u1eadn ti\u1ec7n thu gom nguy\u00ean li\u1ec7u. H\u01a1n n\u1eefa, tr\u01b0\u1edbc c\u1eeda x\u1ea3 c\u00f3 n\u1eafp ch\u1eafn gi\u00fap \u0111i\u1ec1u ch\u1ec9nh h\u01b0\u1edbng phun:<\/p>\n<p><img loading=\"lazy\" decoding=\"async\" class=\"aligncenter wp-image-7455 size-full\" src=\"https:\/\/congtybinhminh.com\/wp-content\/uploads\/2022\/10\/bam-canh-cay_result222.webp\" alt=\"bam-canh-cay_result222\" width=\"800\" height=\"442\" srcset=\"https:\/\/congtybinhminh.com\/wp-content\/uploads\/2022\/10\/bam-canh-cay_result222.webp 800w, https:\/\/congtybinhminh.com\/wp-content\/uploads\/2022\/10\/bam-canh-cay_result222-510x282.webp 510w, https:\/\/congtybinhminh.com\/wp-content\/uploads\/2022\/10\/bam-canh-cay_result222-724x400.webp 724w, https:\/\/congtybinhminh.com\/wp-content\/uploads\/2022\/10\/bam-canh-cay_result222-768x424.webp 768w\" sizes=\"auto, (max-width: 800px) 100vw, 800px\" \/><\/p>\n<ul>\n<li>N\u00e2ng n\u1eafp ch\u1eafn n\u1ebfu mu\u1ed1n c\u1ecf phun xa<\/li>\n<li>H\u1ea1n n\u1eafp ch\u1eafn n\u1ebfu mu\u1ed1n c\u00f3 phun g\u1ea7n.<\/li>\n<\/ul>\n<h3><strong>H\u1ec7 th\u1ed1ng dao b\u0103m<\/strong><\/h3>\n<p>M\u00e1y \u0111\u01b0\u1ee3c trang b\u1ecb 3 l\u01b0\u1ee1i dao b\u0103m k\u1ebft h\u1ee3p v\u1edbi 3 c\u00e1nh \u0111\u1ea9y, l\u1eafp tr\u00ean m\u1ed9t \u0111\u0129a \u0111\u00e0 gi\u00fap m\u00e1y t\u1ea1o ra m\u1ed9t l\u1ef1c b\u0103m m\u1ea1nh trong qu\u00e1 tr\u00ecnh ho\u1ea1t \u0111\u1ed9ng<\/p>\n<p><img loading=\"lazy\" decoding=\"async\" class=\"aligncenter wp-image-7456 size-full\" src=\"https:\/\/congtybinhminh.com\/wp-content\/uploads\/2022\/10\/dao-bam-canh_result222.webp\" alt=\"dao-bam-canh_result222\" width=\"800\" height=\"498\" srcset=\"https:\/\/congtybinhminh.com\/wp-content\/uploads\/2022\/10\/dao-bam-canh_result222.webp 800w, https:\/\/congtybinhminh.com\/wp-content\/uploads\/2022\/10\/dao-bam-canh_result222-510x317.webp 510w, https:\/\/congtybinhminh.com\/wp-content\/uploads\/2022\/10\/dao-bam-canh_result222-643x400.webp 643w, https:\/\/congtybinhminh.com\/wp-content\/uploads\/2022\/10\/dao-bam-canh_result222-768x478.webp 768w\" sizes=\"auto, (max-width: 800px) 100vw, 800px\" \/><\/p>\n<p>Ch\u1ed1ng qu\u00e1 t\u1ea3i v\u00e0 duy tr\u00ec \u1ed5n \u0111\u1ecbnh \u0111\u1ed9ng c\u01a1, thanh ch\u1ed1t kh\u00f3a ch\u1eb7t tr\u01b0\u1edbc c\u1eeda bu\u1ed3ng l\u00e0m vi\u1ec7c \u0111\u1ea3m b\u1ea3o an to\u00e0n khi s\u1eed d\u1ee5ng<\/p>\n<h3><strong>S\u1eed d\u1ee5ng \u0111\u1ea7u n\u1ed5 ch\u1ea1y m\u00e1y cho n\u0103ng su\u1ea5t cao<\/strong><\/h3>\n<p>\u0110i\u1ec3m kh\u00e1c bi\u1ec7t c\u1ee7a d\u00f2ng m\u00e1y b\u0103m c\u00e0nh m\u1edbi l\u00e0 ph\u1ea7n b\u1ec7 m\u00e1y c\u00f3 th\u1ec3 d\u00f9ng \u0111\u01b0\u1ee3c c\u1ea3 \u0111\u1ea7u n\u1ed5 D24 v\u00e0 \u0111\u1ed9ng c\u01a1 15 &#8211; 18,5kw \u0111\u1ec3 ch\u1ea1y m\u00e1y.<\/p>\n<p>M\u00e1y m\u00f3c thay th\u1ebf s\u1ee9c ng\u01b0\u1eddi, qua \u0111\u00f3 chi\u1ebfc m\u00e1y g\u00f3p ph\u1ea7n ti\u1ebft ki\u1ec7m th\u1eddi gian v\u00e0 c\u00f4ng s\u1ee9c, ch\u1ec9 c\u1ea7n 1 &#8211; 2 ng\u01b0\u1eddi v\u1eadn h\u00e0nh m\u00e1y m\u00e0 v\u1eabn \u0111\u1ea3m b\u1ea3o n\u0103ng su\u1ea5t.<\/p>\n<h2><strong>\u01afu \u0111i\u1ec3m khi d\u00f9ng m\u00e1y b\u0103m c\u00e0nh 2T c\u1ea3i ti\u1ebfn<\/strong><\/h2>\n<p><img loading=\"lazy\" decoding=\"async\" class=\"aligncenter wp-image-7457 size-full\" src=\"https:\/\/congtybinhminh.com\/wp-content\/uploads\/2022\/10\/co-bam_result222.webp\" alt=\"co-bam_result222\" width=\"800\" height=\"498\" srcset=\"https:\/\/congtybinhminh.com\/wp-content\/uploads\/2022\/10\/co-bam_result222.webp 800w, https:\/\/congtybinhminh.com\/wp-content\/uploads\/2022\/10\/co-bam_result222-510x317.webp 510w, https:\/\/congtybinhminh.com\/wp-content\/uploads\/2022\/10\/co-bam_result222-643x400.webp 643w, https:\/\/congtybinhminh.com\/wp-content\/uploads\/2022\/10\/co-bam_result222-768x478.webp 768w\" sizes=\"auto, (max-width: 800px) 100vw, 800px\" \/><\/p>\n<ul>\n<li>M\u00e1y s\u1eed d\u1ee5ng \u0111\u01b0\u1ee3c c\u1ea3 \u0111\u1ed9ng c\u01a1 v\u00e0 \u0111\u1ea7u n\u1ed5 \u0111\u1ec3 ch\u1ea1y m\u00e1y<\/li>\n<li>Nguy\u00ean li\u1ec7u \u0111\u01b0\u1ee3c b\u0103m nghi\u1ec1n theo k\u00edch c\u1ee1 ph\u00f9 h\u1ee3p<\/li>\n<li>Th\u00e0nh ph\u1ea9m sau khi b\u0103m c\u00f3 th\u1ec3 d\u00f9ng l\u00e0m nguy\u00ean li\u1ec7u v\u1edbi nhi\u1ec1u m\u1ee5c \u0111\u00edch kh\u00e1c nhau nh\u01b0 : l\u00e0m \u0111\u1ec7m l\u00f3t chu\u1ed3ng, ch\u1ea5t \u0111\u1ed1t, ph\u00e2n b\u00f3n h\u1eefu c\u01a1..<\/li>\n<\/ul>\n<p><strong>Th\u00f4ng s\u1ed1 k\u1ef9 thu\u1eadt\u00a0<\/strong><\/p>\n<table border=\"1\" cellspacing=\"1\" cellpadding=\"1\">\n<tbody>\n<tr>\n<td colspan=\"1\" rowspan=\"3\">\u0110\u1ed9ng c\u01a1<\/td>\n<td>C\u00f4ng su\u1ea5t \u0111\u1ea7u n\u1ed5<\/td>\n<td>\u00a0D24<\/td>\n<\/tr>\n<tr>\n<td>Ngu\u1ed3n \u0111i\u1ec7n<\/td>\n<td>V<\/td>\n<\/tr>\n<tr>\n<td>T\u1ed1c \u0111\u1ed9 m\u00e1y<\/td>\n<td>v\/p<\/td>\n<\/tr>\n<tr>\n<td colspan=\"1\" rowspan=\"2\">\u00a0Tr\u1ecdng l\u01b0\u1ee3ng m\u00e1y<\/td>\n<td>Nguy\u00ean b\u1ed9<\/td>\n<td>\u00a0502 kg<\/td>\n<\/tr>\n<tr>\n<td>Kh\u00f4ng \u0111\u1ea7u n\u1ed5<\/td>\n<td>\u00a0307 kg<\/td>\n<\/tr>\n<tr>\n<td colspan=\"1\" rowspan=\"2\">\u00a0B\u1ea3o h\u00e0nh<\/td>\n<td>\u00a0K\u1ef9 thu\u1eadt<\/td>\n<td>\u00a006 th\u00e1ng<\/td>\n<\/tr>\n<tr>\n<td>\u00a0\u0110\u1ed9ng c\u01a1<\/td>\n<td>\u00a0Theo t\u1eebng h\u00e3ng s\u1ea3n xu\u1ea5t<\/td>\n<\/tr>\n<tr>\n<td>N\u0103ng su\u1ea5t<\/td>\n<td colspan=\"2\" rowspan=\"1\">\u00a01 t\u1ea5n\/gi\u1edd<\/td>\n<\/tr>\n<tr>\n<td>K\u00edch th\u01b0\u1edbc (D*C*R)<\/td>\n<td colspan=\"2\" rowspan=\"1\">\u00a0 212*190*90 cm<\/td>\n<\/tr>\n<tr>\n<td>\u00a0H\u00ecnh th\u1ee9c thanh to\u00e1n<\/td>\n<td colspan=\"2\" rowspan=\"1\">\u00a0Ti\u1ec1n m\u1eb7t ho\u1eb7c chuy\u1ec3n kho\u1ea3n<\/td>\n<\/tr>\n<\/tbody>\n<\/table>\n","protected":false},"excerpt":{"rendered":"<ul>\n<li><strong>H\u00e3ng s\u1ea3n xu\u1ea5t :<\/strong>\u00a0B\u00ecnh Minh<\/li>\n<li><strong>C\u00f4ng su\u1ea5t \u0111\u1ea7u n\u1ed5 :<\/strong>\u00a0D24<\/li>\n<li><strong>N\u0103ng su\u1ea5t :<\/strong> 1 t\u1ea5n\/gi\u1edd<\/li>\n<li><strong>Tr\u1ecdng l\u01b0\u1ee3ng :<\/strong>\u00a0502 kg ( c\u1ea3 \u0111\u1ea7u n\u1ed5)<\/li>\n<li><strong>K\u00edch th\u01b0\u1edbc (d*c*r) :<\/strong>\u00a0212*190*90 cm<\/li>\n<li><strong>T\u00ednh n\u0103ng :<\/strong>\u00a0M\u00e1y chuy\u00ean d\u00f9ng b\u0103m nh\u1ecf c\u00e0nh c\u00e2y, c\u00e0nh l\u00e1\u2026 l\u00e0m ch\u1ea5t \u0111\u1ed1t, \u0111\u1ec7m l\u00f3t sinh h\u1ecdc\u2026<\/li>\n<\/ul>\n","protected":false},"featured_media":7448,"comment_status":"closed","ping_status":"closed","template":"","meta":[],"product_brand":[],"product_cat":[41],"product_tag":[],"class_list":{"0":"post-7447","1":"product","2":"type-product","3":"status-publish","4":"has-post-thumbnail","6":"product_cat-may-bam-go","8":"first","9":"instock","10":"shipping-taxable","11":"product-type-simple"},"_links":{"self":[{"href":"https:\/\/congtybinhminh.com\/index.php?rest_route=\/wp\/v2\/product\/7447","targetHints":{"allow":["GET"]}}],"collection":[{"href":"https:\/\/congtybinhminh.com\/index.php?rest_route=\/wp\/v2\/product"}],"about":[{"href":"https:\/\/congtybinhminh.com\/index.php?rest_route=\/wp\/v2\/types\/product"}],"replies":[{"embeddable":true,"href":"https:\/\/congtybinhminh.com\/index.php?rest_route=%2Fwp%2Fv2%2Fcomments&post=7447"}],"wp:featuredmedia":[{"embeddable":true,"href":"https:\/\/congtybinhminh.com\/index.php?rest_route=\/wp\/v2\/media\/7448"}],"wp:attachment":[{"href":"https:\/\/congtybinhminh.com\/index.php?rest_route=%2Fwp%2Fv2%2Fmedia&parent=7447"}],"wp:term":[{"taxonomy":"product_brand","embeddable":true,"href":"https:\/\/congtybinhminh.com\/index.php?rest_route=%2Fwp%2Fv2%2Fproduct_brand&post=7447"},{"taxonomy":"product_cat","embeddable":true,"href":"https:\/\/congtybinhminh.com\/index.php?rest_route=%2Fwp%2Fv2%2Fproduct_cat&post=7447"},{"taxonomy":"product_tag","embeddable":true,"href":"https:\/\/congtybinhminh.com\/index.php?rest_route=%2Fwp%2Fv2%2Fproduct_tag&post=7447"}],"curies":[{"name":"wp","href":"https:\/\/api.w.org\/{rel}","templated":true}]}}