{"id":7416,"date":"2022-10-25T15:58:00","date_gmt":"2022-10-25T08:58:00","guid":{"rendered":"https:\/\/congtybinhminh.com\/?post_type=product&#038;p=7416"},"modified":"2023-04-14T15:09:06","modified_gmt":"2023-04-14T08:09:06","slug":"may-nghien-xo-dua-b1200","status":"publish","type":"product","link":"https:\/\/congtybinhminh.com\/?product=may-nghien-xo-dua-b1200","title":{"rendered":"M\u00e1y nghi\u1ec1n x\u01a1 d\u1eeba B1200"},"content":{"rendered":"<p><strong>Xem video tr\u1ef1c ti\u1ebfp t\u1ea1i \u0111\u00e2y:<\/strong><\/p>\n<p><iframe loading=\"lazy\" title=\"M\u00e1y Xay X\u01a1 D\u1eeba B1200 T\u00e1ch R\u1eddi X\u01a1 V\u00e0 M\u00f9n \u0110\u1ebfn 1 T\u1ea5n M\u1ed7i Gi\u1edd.\" width=\"1020\" height=\"574\" src=\"https:\/\/www.youtube.com\/embed\/FY-ksX949dM?feature=oembed\" frameborder=\"0\" allow=\"accelerometer; autoplay; clipboard-write; encrypted-media; gyroscope; picture-in-picture; web-share\" allowfullscreen><\/iframe><\/p>\n<h2><strong>Gi\u1edbi thi\u1ec7u m\u00e1y nghi\u1ec1n x\u01a1 d\u1eeba B1200\u00a0<\/strong><\/h2>\n<p>N\u0103m 2022 l\u00e0 1 n\u0103m h\u1ebft s\u1ee9c \u0111\u00e1ng nh\u1edb v\u1edbi c\u00f4ng ty B\u00ecnh Minh. Khi li\u00ean t\u1ee5c cho ra \u0111\u1eddi nh\u1eefng d\u00f2ng m\u00e1y m\u1edbi \u0111\u1ec3 \u0111\u00e1p \u1ee9ng nhu c\u1ea7u c\u1ee7a b\u00e0 con. M\u00e1y nghi\u1ec1n x\u01a1 d\u1eeba B1200 ch\u00ednh l\u00e0 thi\u1ebft b\u1ecb chuy\u00ean h\u1ed7 tr\u1ee3 cho c\u00e1c c\u01a1 s\u1edf ch\u1ebf bi\u1ebfn t\u00e1i ph\u1ee5 ph\u1ea9m n\u00f4ng nghi\u1ec7p b\u0103m v\u1ecf d\u1eeba t\u01b0\u01a1i, v\u1ecf d\u1eeba kh\u00f4 hay b\u1ecb m\u1ee7n d\u1eeba th\u00e0nh d\u1ea1ng m\u00f9n, d\u1ea1ng s\u1ee3i c\u00f3 th\u1ec3 l\u00e0m ph\u00e2n xanh, \u1ee7 l\u00e0m th\u1ee9c \u0103n cho gia s\u00fac, gia c\u1ea7m, l\u00e0m nguy\u00ean li\u1ec7u tr\u1ed3ng n\u1ea5m, gi\u00e1 th\u1ec3 tr\u1ed3ng c\u00e2y, \u0111\u1ec7m l\u00f3t chu\u1ed3ng sinh h\u1ecdc,\u2026<\/p>\n<p><img loading=\"lazy\" decoding=\"async\" class=\"aligncenter wp-image-7422 size-full\" src=\"https:\/\/congtybinhminh.com\/wp-content\/uploads\/2022\/10\/may-nghien-xo-dua-b1200-binh-minh-1_result222.webp\" alt=\"may-nghien-xo-dua-b1200-binh-minh-1_result222\" width=\"800\" height=\"575\" srcset=\"https:\/\/congtybinhminh.com\/wp-content\/uploads\/2022\/10\/may-nghien-xo-dua-b1200-binh-minh-1_result222.webp 800w, https:\/\/congtybinhminh.com\/wp-content\/uploads\/2022\/10\/may-nghien-xo-dua-b1200-binh-minh-1_result222-510x367.webp 510w, https:\/\/congtybinhminh.com\/wp-content\/uploads\/2022\/10\/may-nghien-xo-dua-b1200-binh-minh-1_result222-557x400.webp 557w, https:\/\/congtybinhminh.com\/wp-content\/uploads\/2022\/10\/may-nghien-xo-dua-b1200-binh-minh-1_result222-768x552.webp 768w\" sizes=\"auto, (max-width: 800px) 100vw, 800px\" \/><\/p>\n<h2><strong>\u01afu \u0111i\u1ec3m m\u00e1y nghi\u1ec1n x\u01a1 d\u1eeba B1200\u00a0<\/strong><\/h2>\n<ul>\n<li>Th\u00e0nh ph\u1ea9m sau khi b\u0103m nghi\u1ec1n c\u00f3 \u0111\u1ed9 t\u01a1i x\u1ed1p cho ra d\u1ea1ng m\u1ea3nh v\u00e0 d\u1ea1ng s\u1ee3i t\u01b0\u01a1ng \u1ee9ng 2 c\u1eeda x\u1ea3 ri\u00eang bi\u1ec7t, thu\u1eadn ti\u1ec7n khi t\u00e1i ch\u1ebf.<\/li>\n<li>Th\u00e0nh ph\u1ea9m \u0111\u01b0\u1ee3c b\u0103m nh\u1ecf, \u0111\u1ed3ng \u0111\u1ec1u ph\u00f9 h\u1ee3p l\u00e0m gi\u00e1 th\u1ec3 tr\u1ed3ng c\u00e2y, tr\u1ed3ng n\u1ea5m, \u1ee7 l\u00e0m ph\u00e2n b\u00f3n h\u1eefu c\u01a1. C\u00e1c ch\u1ee7 qu\u00e1n n\u01b0\u1edbc hay h\u1ed9 kinh danh c\u00f3 th\u1ec3 t\u1eadn thu c\u00e1c nguy\u00ean li\u1ec7u gi\u00e1 r\u1ebb n\u00e0y \u0111\u01b0a v\u00e0o s\u1ea3n xu\u1ea5t ki\u1ebfm th\u00eam thu nh\u1eadp<\/li>\n<\/ul>\n<p><img loading=\"lazy\" decoding=\"async\" class=\"size-full wp-image-7197 aligncenter\" src=\"https:\/\/congtybinhminh.com\/wp-content\/uploads\/2022\/07\/may-nghien-qua-dua.jpg\" alt=\"may-nghien-qua-dua\" width=\"800\" height=\"600\" srcset=\"https:\/\/congtybinhminh.com\/wp-content\/uploads\/2022\/07\/may-nghien-qua-dua.jpg 800w, https:\/\/congtybinhminh.com\/wp-content\/uploads\/2022\/07\/may-nghien-qua-dua-510x383.jpg 510w, https:\/\/congtybinhminh.com\/wp-content\/uploads\/2022\/07\/may-nghien-qua-dua-533x400.jpg 533w, https:\/\/congtybinhminh.com\/wp-content\/uploads\/2022\/07\/may-nghien-qua-dua-768x576.jpg 768w\" sizes=\"auto, (max-width: 800px) 100vw, 800px\" \/><\/p>\n<ul>\n<li>Gi\u1ea3i quy\u1ebft tri\u1ec7t \u0111\u1ec3 b\u00e0i to\u00e1n ph\u1ebf ph\u1ea9m trong c\u00f4ng nghi\u1ec7p ch\u1ebf bi\u1ebfn g\u1ed7 v\u00e0 s\u1ea3n xu\u1ea5t c\u00e1c s\u1ea3n ph\u1ea3m t\u1eeb v\u1ecf d\u1eeba t\u0103ng th\u00eam gi\u00e1 tr\u1ecb kinh t\u1ebf<\/li>\n<li>D\u1ec5 d\u00e0ng \u0111\u00e1p \u1ee9ng n\u1ebfu m\u1edf r\u1ed9ng quy m\u00f4 s\u1ea3n xu\u1ea5t<\/li>\n<li>Ti\u1ebft ki\u1ec7m t\u1ed1i \u0111a nh\u00e2n c\u00f4ng, c\u00f4ng s\u1ee9c th\u1ef1c hi\u1ec7n<\/li>\n<\/ul>\n<h2><strong>C\u1ea5u t\u1ea1o m\u00e1y b\u0103m nghi\u1ec1n x\u01a1 d\u1eeba<\/strong><\/h2>\n<p>Thi\u1ebft k\u1ebf hi\u1ec7n \u0111\u1ea1i, khung m\u00e1y \u0111\u01b0\u1ee3c l\u1eafp \u0111\u1eb7t ch\u1eafc ch\u1eafn ph\u1ea7n b\u1ec1 m\u1eb7t ti\u1ebfp x\u00fac v\u1edbi \u0111\u1ea5t \u0111\u1ee7 l\u1edbn gi\u1ea3m thi\u1ec3u rung l\u1eafc v\u00e0 ti\u1ebfng \u1ed3n g\u00e2y ra khi v\u1eadn h\u00e0nh m\u00e1y.<\/p>\n<p>Ph\u1ea7n toa n\u1ea1p \u0111\u01b0\u1ee3c thi\u1ebft k\u1ebf \u0111\u1ee9ng d\u1ea1ng ph\u1ec5u v\u1edbi ph\u1ea7n mi\u1ec7ng toa r\u1ed9ng g\u00f3p ph\u1ea7n ch\u1ee9a \u0111\u01b0\u1ee3c nhi\u1ec1u nguy\u00ean li\u1ec7u h\u01a1n so v\u1edbi c\u00e1c d\u00f2ng m\u00e1y c\u0169.<\/p>\n<p><img loading=\"lazy\" decoding=\"async\" class=\"size-full wp-image-7198 aligncenter\" src=\"https:\/\/congtybinhminh.com\/wp-content\/uploads\/2022\/07\/cau-tao-may-nghien-xo-dua.jpg\" alt=\"cau-tao-may-nghien-xo-dua\" width=\"800\" height=\"682\" srcset=\"https:\/\/congtybinhminh.com\/wp-content\/uploads\/2022\/07\/cau-tao-may-nghien-xo-dua.jpg 800w, https:\/\/congtybinhminh.com\/wp-content\/uploads\/2022\/07\/cau-tao-may-nghien-xo-dua-510x435.jpg 510w, https:\/\/congtybinhminh.com\/wp-content\/uploads\/2022\/07\/cau-tao-may-nghien-xo-dua-469x400.jpg 469w, https:\/\/congtybinhminh.com\/wp-content\/uploads\/2022\/07\/cau-tao-may-nghien-xo-dua-768x655.jpg 768w\" sizes=\"auto, (max-width: 800px) 100vw, 800px\" \/><\/p>\n<p>Ph\u1ea7n c\u1eeda x\u1ea3 \u0111\u01b0\u1ee3c thi\u1ebft k\u1ebf t\u00e1ch bi\u1ec7t v\u1edbi 2 c\u1eeda :<\/p>\n<ul>\n<li>1 c\u1eeda cho ra th\u00e0nh ph\u1ea9m d\u00e0ng m\u00f9n<\/li>\n<li>1 c\u1eeda cho ra th\u00e0nh ph\u1ea3m d\u1ea1ng x\u01a1<\/li>\n<\/ul>\n<p><img loading=\"lazy\" decoding=\"async\" class=\"size-full wp-image-7201 aligncenter\" src=\"https:\/\/congtybinhminh.com\/wp-content\/uploads\/2022\/07\/xo-dua.jpg\" alt=\"xo-dua\" width=\"800\" height=\"554\" srcset=\"https:\/\/congtybinhminh.com\/wp-content\/uploads\/2022\/07\/xo-dua.jpg 800w, https:\/\/congtybinhminh.com\/wp-content\/uploads\/2022\/07\/xo-dua-510x353.jpg 510w, https:\/\/congtybinhminh.com\/wp-content\/uploads\/2022\/07\/xo-dua-578x400.jpg 578w, https:\/\/congtybinhminh.com\/wp-content\/uploads\/2022\/07\/xo-dua-768x532.jpg 768w\" sizes=\"auto, (max-width: 800px) 100vw, 800px\" \/><\/p>\n<p>H\u1ec7 th\u1ed1ng bu\u1ed3ng b\u0103m nghi\u1ec1n g\u1ed3m 54 b\u00faa tr\u00ean tr\u1ee5c xoay ch\u00ednh, 2 thanh b\u00faa g\u1eafn c\u1ed1 \u0111\u1ecbnh g\u1ed3m 14 b\u00faa d\u00e0y 7ly c\u00f9ng 3 \u0111\u0129a \u0111\u00e0 chuy\u00ean d\u1ee5ng, \u0111\u1ea3m b\u1ea3o b\u0103m nghi\u1ec1n nh\u1ecf nguy\u00ean li\u1ec7u.<\/p>\n<p>K\u1ebft h\u1ee3p v\u1edbi m\u1eb7t s\u00e0ng \u0111\u01b0\u1ee3c g\u1eafn ph\u00eda tr\u01b0\u1edbc c\u1eeda x\u1ea3 gi\u00fap s\u00e0ng l\u1ecdc v\u00e0 ch\u1ec9 cho ph\u00e9p c\u00e1c m\u1ea9u v\u1ee5n c\u00f3 k\u00edch th\u01b0\u1edbc nh\u1ecf t\u01b0\u01a1ng \u1ee9ng \u0111i qua, cho th\u00e0nh ph\u1ea9m c\u00f3 \u0111\u1ed9 \u0111\u1ed3ng \u0111\u1ec1u.<\/p>\n<p><img loading=\"lazy\" decoding=\"async\" class=\"size-full wp-image-7355 aligncenter\" src=\"https:\/\/congtybinhminh.com\/wp-content\/uploads\/2022\/07\/xay-xo-dua-phien-ban-moi.jpg\" alt=\"xay-xo-dua-phien-ban-moi\" width=\"800\" height=\"450\" srcset=\"https:\/\/congtybinhminh.com\/wp-content\/uploads\/2022\/07\/xay-xo-dua-phien-ban-moi.jpg 800w, https:\/\/congtybinhminh.com\/wp-content\/uploads\/2022\/07\/xay-xo-dua-phien-ban-moi-510x287.jpg 510w, https:\/\/congtybinhminh.com\/wp-content\/uploads\/2022\/07\/xay-xo-dua-phien-ban-moi-711x400.jpg 711w, https:\/\/congtybinhminh.com\/wp-content\/uploads\/2022\/07\/xay-xo-dua-phien-ban-moi-768x432.jpg 768w\" sizes=\"auto, (max-width: 800px) 100vw, 800px\" \/><\/p>\n<p>Thu\u1ed9c d\u00f2ng m\u00e1y c\u00f4ng nghi\u1ec7p, m\u00e1y nghi\u1ec1n x\u01a1 d\u1eeba s\u1eed d\u1ee5ng ngu\u1ed3n \u0111i\u1ec7n 3 pha 380V, \u0111\u1ed9ng c\u01a1 kh\u1ecfe 18,5kw motor l\u00f5i d\u00e2y \u0111\u1ed3ng 100% gi\u00fap cho qu\u00e1 tr\u00ecnh b\u0103m x\u01a1 d\u1eeba \u0111\u1ea1t c\u00f4ng su\u1ea5t l\u1edbn. Duy tr\u00ec kh\u1ea3 n\u0103ng v\u1eadn h\u00e0nh, th\u00edch h\u1ee3p s\u1eed d\u1ee5ng v\u1edbi quy m\u00f4 s\u1ea3n xu\u1ea5t v\u1eeba v\u00e0 l\u1edbn.<\/p>\n<h2><strong>Th\u00f4ng s\u1ed1 k\u1ef9 thu\u1eadt<\/strong><\/h2>\n<p><img loading=\"lazy\" decoding=\"async\" class=\"size-full wp-image-7200 aligncenter\" src=\"https:\/\/congtybinhminh.com\/wp-content\/uploads\/2022\/07\/2022-07-10_14-18-03.jpg\" alt=\"thong-so-ky-thuat\" width=\"838\" height=\"499\" srcset=\"https:\/\/congtybinhminh.com\/wp-content\/uploads\/2022\/07\/2022-07-10_14-18-03.jpg 838w, https:\/\/congtybinhminh.com\/wp-content\/uploads\/2022\/07\/2022-07-10_14-18-03-510x304.jpg 510w, https:\/\/congtybinhminh.com\/wp-content\/uploads\/2022\/07\/2022-07-10_14-18-03-672x400.jpg 672w, https:\/\/congtybinhminh.com\/wp-content\/uploads\/2022\/07\/2022-07-10_14-18-03-768x457.jpg 768w\" sizes=\"auto, (max-width: 838px) 100vw, 838px\" \/><\/p>\n<p>M\u00e1y b\u0103m x\u01a1 d\u1eeba kh\u00f4ng c\u00f3 ch\u1ee9c n\u0103ng b\u0103m g\u1ed7 hay c\u00e0nh c\u00e2y. V\u00ec v\u1eady n\u1ebfu b\u00e0 con c\u00f3 nhu c\u1ea7u b\u0103m th\u00e2n c\u00e2y g\u1ed7 c\u00f3 th\u1ec3 tham kh\u1ea3o 2 d\u00f2ng m\u00e1y kh\u00e1c c\u1ee7a c\u00f4ng ty B\u00ecnh Minh. L\u00e0\u00a0<strong><a href=\"https:\/\/congtybinhminh.com\/sp\/may-bam-go-da-nang-2t\/\">m\u00e1y b\u0103m g\u1ed7 2T<\/a><\/strong>\u00a0v\u00e0\u00a0<strong><a href=\"https:\/\/congtybinhminh.com\/sp\/may-bam-go-5t\/\">m\u00e1y b\u0103m g\u1ed7 5T<\/a><\/strong><\/p>\n<p>&nbsp;<\/p>\n","protected":false},"excerpt":{"rendered":"<ul>\n<li><strong>H\u00e3ng s\u1ea3n xu\u1ea5t:<\/strong>\u00a0B\u00ecnh Minh<\/li>\n<li><strong>C\u00f4ng su\u1ea5t \u0111\u1ed9ng c\u01a1:<\/strong>\u00a018,5 kw<\/li>\n<li><strong>Ngu\u1ed3n \u0111i\u1ec7n:<\/strong>\u00a0380V<\/li>\n<li><strong>T\u1ed1c \u0111\u1ed9:<\/strong>\u00a01450 v\/p<\/li>\n<li><strong>N\u0103ng su\u1ea5t:<\/strong>\u00a0900 \u2013 1000 kg\/gi\u1edd<\/li>\n<li><strong>Tr\u1ecdng l\u01b0\u1ee3ng:<\/strong>\u00a0399 Kg ( c\u1ea3 \u0111\u1ed9ng c\u01a1)<\/li>\n<li><strong>K\u00edch th\u01b0\u1edbc (D*C*R)\u00a0:\u00a0<\/strong>\u00a0140*145*110 cm<\/li>\n<li><strong>T\u00ednh n\u0103ng:<\/strong>\u00a0M\u00e1y chuy\u00ean d\u00f9ng b\u0103m nghi\u1ec1n v\u1ecf d\u1eeba t\u01b0\u01a1i\/kh\u00f4 th\u00e0nh d\u1ea1ng s\u01a1, d\u1ea1ng m\u00f9n\u2026 l\u00e0m ph\u00e2n b\u00f3n, \u0111\u1ec7m l\u00f3t chu\u1ed3ng\u2026<\/li>\n<\/ul>\n","protected":false},"featured_media":7417,"comment_status":"closed","ping_status":"closed","template":"","meta":[],"product_brand":[],"product_cat":[197],"product_tag":[],"class_list":{"0":"post-7416","1":"product","2":"type-product","3":"status-publish","4":"has-post-thumbnail","6":"product_cat-may-bam-xo-dua-2","8":"first","9":"instock","10":"shipping-taxable","11":"product-type-simple"},"_links":{"self":[{"href":"https:\/\/congtybinhminh.com\/index.php?rest_route=\/wp\/v2\/product\/7416","targetHints":{"allow":["GET"]}}],"collection":[{"href":"https:\/\/congtybinhminh.com\/index.php?rest_route=\/wp\/v2\/product"}],"about":[{"href":"https:\/\/congtybinhminh.com\/index.php?rest_route=\/wp\/v2\/types\/product"}],"replies":[{"embeddable":true,"href":"https:\/\/congtybinhminh.com\/index.php?rest_route=%2Fwp%2Fv2%2Fcomments&post=7416"}],"wp:featuredmedia":[{"embeddable":true,"href":"https:\/\/congtybinhminh.com\/index.php?rest_route=\/wp\/v2\/media\/7417"}],"wp:attachment":[{"href":"https:\/\/congtybinhminh.com\/index.php?rest_route=%2Fwp%2Fv2%2Fmedia&parent=7416"}],"wp:term":[{"taxonomy":"product_brand","embeddable":true,"href":"https:\/\/congtybinhminh.com\/index.php?rest_route=%2Fwp%2Fv2%2Fproduct_brand&post=7416"},{"taxonomy":"product_cat","embeddable":true,"href":"https:\/\/congtybinhminh.com\/index.php?rest_route=%2Fwp%2Fv2%2Fproduct_cat&post=7416"},{"taxonomy":"product_tag","embeddable":true,"href":"https:\/\/congtybinhminh.com\/index.php?rest_route=%2Fwp%2Fv2%2Fproduct_tag&post=7416"}],"curies":[{"name":"wp","href":"https:\/\/api.w.org\/{rel}","templated":true}]}}