{"id":7360,"date":"2022-09-15T08:17:37","date_gmt":"2022-09-15T01:17:37","guid":{"rendered":"https:\/\/congtybinhminh.com\/?post_type=product&#038;p=7360"},"modified":"2024-04-03T16:29:50","modified_gmt":"2024-04-03T09:29:50","slug":"may-bam-go-manh-2t","status":"publish","type":"product","link":"https:\/\/congtybinhminh.com\/?product=may-bam-go-manh-2t","title":{"rendered":"M\u00e1y b\u0103m g\u1ed7 m\u1ea3nh 2T"},"content":{"rendered":"<h2><span style=\"color: #000000\"><strong>Video ho\u1ea1t \u0111\u1ed9ng m\u00e1y b\u0103m g\u1ed7 m\u1ea3nh 2T<\/strong><\/span><\/h2>\n<p><iframe loading=\"lazy\" title=\"M\u00e1y B\u0103m G\u1ed7 M\u1ea3nh 2T B\u00ecnh Minh M\u00e1y M\u1edbi \u0110\u01b0\u1ee3c Thi\u1ebft K\u1ebf N\u0103m 2022\" width=\"1020\" height=\"574\" src=\"https:\/\/www.youtube.com\/embed\/_uXteQrJtHk?feature=oembed\" frameborder=\"0\" allow=\"accelerometer; autoplay; clipboard-write; encrypted-media; gyroscope; picture-in-picture; web-share\" referrerpolicy=\"strict-origin-when-cross-origin\" allowfullscreen><\/iframe><\/p>\n<h2><strong>Gi\u1edbi thi\u1ec7u m\u00e1y b\u0103m g\u1ed7 m\u1ea3nh 2T<\/strong><\/h2>\n<p><span style=\"color: #000000\">T\u1ea1i c\u00e1c x\u01b0\u1edfng ch\u1ebf bi\u1ebfn g\u1ed7, l\u01b0\u1ee3ng g\u1ed7 th\u1ea3i, \u0111\u1ea7u m\u1ea7u g\u1ed7 chi\u1ebfm s\u1ed1 l\u01b0\u1ee3ng kh\u00f4ng nh\u1ecf. Vi\u1ec7c s\u1eed d\u1ee5ng m\u00e1y b\u0103m g\u1ed7 m\u1ea3nh 2T \u0111\u1ec3 b\u0103m l\u1ea5y d\u0103m, ng\u01b0\u1eddi d\u00f9ng c\u00f3 th\u1ec3 t\u1eadn d\u1ee5ng ch\u00fang \u0111\u1ec3 mang l\u1ea1i ngu\u1ed3n l\u1ee3i nhu\u1eadn cao v\u00e0 \u1ed5n \u0111\u1ecbnh<\/span><\/p>\n<p><img loading=\"lazy\" decoding=\"async\" class=\"size-full wp-image-7361 aligncenter\" src=\"https:\/\/congtybinhminh.com\/wp-content\/uploads\/2022\/09\/go-manh.jpg\" alt=\"go-manh\" width=\"800\" height=\"600\" srcset=\"https:\/\/congtybinhminh.com\/wp-content\/uploads\/2022\/09\/go-manh.jpg 800w, https:\/\/congtybinhminh.com\/wp-content\/uploads\/2022\/09\/go-manh-510x383.jpg 510w, https:\/\/congtybinhminh.com\/wp-content\/uploads\/2022\/09\/go-manh-533x400.jpg 533w, https:\/\/congtybinhminh.com\/wp-content\/uploads\/2022\/09\/go-manh-768x576.jpg 768w\" sizes=\"auto, (max-width: 800px) 100vw, 800px\" \/><\/p>\n<h2><span style=\"color: #000000\"><strong>\u01afu \u0111i\u1ec3m c\u1ee7a m\u00e1y b\u0103m g\u1ed7 m\u1ea3nh 2T\u00a0<\/strong><\/span><\/h2>\n<ul>\n<li><span style=\"color: #000000\">\u0110\u00e1p \u1ee9ng nhu c\u1ea7u s\u1eed d\u1ee5ng th\u00e0nh ph\u1ea9m b\u0103m d\u1ea1ng m\u1ea3nh<\/span><\/li>\n<li><span style=\"color: #000000\">T\u00e1i s\u1eed d\u1ee5ng g\u1ed7 th\u1ea3i mang l\u1ea1i l\u1ee3i nhu\u1eadn cao cho c\u00e1c c\u01a1 s\u1edf s\u1ea3n xu\u1ea5t<\/span><\/li>\n<li><span style=\"color: #000000\">S\u1eed d\u1ee5ng \u0111\u01a1n gi\u1ea3n ch\u1ec9 v\u1edbi 1 \u2013 2 nh\u00e2n c\u00f4ng v\u1eadn h\u00e0nh m\u00e1y kh\u00f4ng ch\u1ec9 ti\u1ebft ki\u1ec7m th\u1eddi gian<\/span><\/li>\n<\/ul>\n<p><img loading=\"lazy\" decoding=\"async\" class=\"size-full wp-image-7362 aligncenter\" src=\"https:\/\/congtybinhminh.com\/wp-content\/uploads\/2022\/09\/mau-go.jpg\" alt=\"mau-go\" width=\"800\" height=\"530\" srcset=\"https:\/\/congtybinhminh.com\/wp-content\/uploads\/2022\/09\/mau-go.jpg 800w, https:\/\/congtybinhminh.com\/wp-content\/uploads\/2022\/09\/mau-go-510x338.jpg 510w, https:\/\/congtybinhminh.com\/wp-content\/uploads\/2022\/09\/mau-go-604x400.jpg 604w, https:\/\/congtybinhminh.com\/wp-content\/uploads\/2022\/09\/mau-go-768x509.jpg 768w\" sizes=\"auto, (max-width: 800px) 100vw, 800px\" \/><\/p>\n<h2><span style=\"color: #000000\"><strong>C\u1ea5u t\u1ea1o m\u00e1y b\u0103m g\u1ed7 m\u1ea3nh 2T<\/strong><\/span><\/h2>\n<p><span style=\"color: #000000\">Thi\u1ebft k\u1ebf hi\u1ec7n \u0111\u1ea1i, v\u1edbi ph\u1ea7n khung m\u00e1y \u0111\u01b0\u1ee3c h\u00e0n g\u1eafn ch\u1eafc ch\u1eafn kh\u00f4ng g\u00e2y rung l\u1eafc trong qu\u00e1 tr\u00ecnh b\u0103m. L\u1eafp \u0111\u1eb7t 4 b\u00e1nh xe thu\u1eadn ti\u1ec7n di chuy\u1ec3n v\u1ecb tr\u00ed \u0111\u1eb7t m\u00e1y<\/span><\/p>\n<p><span style=\"color: #000000\">C\u1eeda n\u1ea1p c\u1ee7a m\u00e1y \u0111\u01b0\u1ee3c thi\u1ebft k\u1ebf g\u00f3c nghi\u00eang gi\u00fap gi\u1ea3m t\u1ea3i khi \u0111\u01b0a nguy\u00ean li\u1ec7u v\u00e0o bu\u1ed3ng b\u0103m. H\u01a1n n\u1eefa, ph\u1ea7n toa c\u00f3 chi\u1ec1u cao v\u1eeba t\u1ea7m ng\u01b0\u1eddi d\u00f9ng d\u1ec5 d\u00e0ng th\u1ef1c hi\u1ec7n.<\/span><\/p>\n<p><img loading=\"lazy\" decoding=\"async\" class=\"size-full wp-image-7363 aligncenter\" src=\"https:\/\/congtybinhminh.com\/wp-content\/uploads\/2022\/09\/toa-nap-cua-xa.jpg\" alt=\"toa-nap-cua-xa\" width=\"800\" height=\"561\" srcset=\"https:\/\/congtybinhminh.com\/wp-content\/uploads\/2022\/09\/toa-nap-cua-xa.jpg 800w, https:\/\/congtybinhminh.com\/wp-content\/uploads\/2022\/09\/toa-nap-cua-xa-510x358.jpg 510w, https:\/\/congtybinhminh.com\/wp-content\/uploads\/2022\/09\/toa-nap-cua-xa-570x400.jpg 570w, https:\/\/congtybinhminh.com\/wp-content\/uploads\/2022\/09\/toa-nap-cua-xa-768x539.jpg 768w\" sizes=\"auto, (max-width: 800px) 100vw, 800px\" \/><\/p>\n<p><span style=\"color: #000000\">Th\u00e0nh ph\u1ea9m sau khi b\u0103m \u0111\u01b0\u1ee3c \u0111\u01b0a l\u00ean c\u1eeda x\u1ea3 tho\u00e1t ra ngo\u00e0i.<\/span><\/p>\n<p><span style=\"color: #000000\">M\u00e1y b\u0103m g\u1ed7 th\u00e0nh d\u1ea1ng\u00a0 m\u1ea3nh \u0111\u01b0\u1ee3c trang b\u1ecb\u00a0 4 dao b\u0103m ch\u00ednh c\u00f9ng 4 c\u00e1nh\u00a0 \u0111\u1ea9y l\u1eafp tr\u00ean \u0111\u0129a \u0111\u00e0, khi\u1ebfn m\u00e1y t\u1ea1o ra m\u1ed9t l\u1ef1c b\u0103m m\u1ea1nh trong qu\u00e1 tr\u00ecnh ho\u1ea1t \u0111\u1ed9ng.<\/span><\/p>\n<p><img loading=\"lazy\" decoding=\"async\" class=\"size-full wp-image-7364 aligncenter\" src=\"https:\/\/congtybinhminh.com\/wp-content\/uploads\/2022\/09\/dao-bam-go.jpg\" alt=\"dao-bam-go\" width=\"800\" height=\"561\" srcset=\"https:\/\/congtybinhminh.com\/wp-content\/uploads\/2022\/09\/dao-bam-go.jpg 800w, https:\/\/congtybinhminh.com\/wp-content\/uploads\/2022\/09\/dao-bam-go-510x358.jpg 510w, https:\/\/congtybinhminh.com\/wp-content\/uploads\/2022\/09\/dao-bam-go-570x400.jpg 570w, https:\/\/congtybinhminh.com\/wp-content\/uploads\/2022\/09\/dao-bam-go-768x539.jpg 768w\" sizes=\"auto, (max-width: 800px) 100vw, 800px\" \/><\/p>\n<p><span style=\"color: #000000\">M\u00e1y s\u1eed d\u1ee5ng \u0111\u1ed9ng c\u01a1 11kw motor l\u00f5i d\u00e2y \u0111\u1ed3ng 100% s\u1eed d\u1ee5ng \u0111i\u1ec7n 3 pha 380V\u00a0 cho n\u0103ng su\u1ea5t cao<\/span><\/p>\n<p><span style=\"color: #000000\">M\u00e1y \u0111\u01b0\u1ee3c thi\u1ebft k\u1ebf\u00a0 nh\u1ecf g\u1ecdn, kh\u00f4ng chi\u1ebfm nhi\u1ec1u di\u1ec7n t\u00edch kh\u00f4ng gian th\u00edch h\u1ee3p s\u1eed d\u1ee5ng t\u1ea1i c\u00e1c x\u01b0\u1edfng ch\u1ebf bi\u1ebfn g\u1ed7 quy m\u00f4 v\u1eeba v\u00e0 nh\u1ecf. Ng\u01b0\u1eddi s\u1eed d\u1ee5ng d\u1ec5 d\u00e0ng v\u1eadn chuy\u1ec3n v\u00e0 l\u1eafp \u0111\u1eb7t nhi\u1ec1u v\u1ecb tr\u00ed kh\u00e1c nhau.<\/span><\/p>\n<p><img loading=\"lazy\" decoding=\"async\" class=\"size-full wp-image-7365 aligncenter\" src=\"https:\/\/congtybinhminh.com\/wp-content\/uploads\/2022\/09\/cau-tao-may-bam-go-manh-2t.jpg\" alt=\"cau-tao-may-bam-go-manh-2t\" width=\"800\" height=\"600\" srcset=\"https:\/\/congtybinhminh.com\/wp-content\/uploads\/2022\/09\/cau-tao-may-bam-go-manh-2t.jpg 800w, https:\/\/congtybinhminh.com\/wp-content\/uploads\/2022\/09\/cau-tao-may-bam-go-manh-2t-510x383.jpg 510w, https:\/\/congtybinhminh.com\/wp-content\/uploads\/2022\/09\/cau-tao-may-bam-go-manh-2t-533x400.jpg 533w, https:\/\/congtybinhminh.com\/wp-content\/uploads\/2022\/09\/cau-tao-may-bam-go-manh-2t-768x576.jpg 768w\" sizes=\"auto, (max-width: 800px) 100vw, 800px\" \/><\/p>\n<h2><span style=\"color: #000000\"><strong>Th\u00f4ng s\u1ed1 k\u1ef9 thu\u1eadt<\/strong><\/span><\/h2>\n<table border=\"1\" width=\"814\" cellspacing=\"1\" cellpadding=\"1\">\n<tbody>\n<tr>\n<td colspan=\"1\" rowspan=\"3\"><span style=\"color: #000000\">\u0110\u1ed9ng c\u01a1<\/span><\/td>\n<td><span style=\"color: #000000\">C\u00f4ng su\u1ea5t \u0111\u1ed9ng c\u01a1<\/span><\/td>\n<td><span style=\"color: #000000\">\u00a011kw<\/span><\/td>\n<\/tr>\n<tr>\n<td><span style=\"color: #000000\">Ngu\u1ed3n \u0111i\u1ec7n<\/span><\/td>\n<td><span style=\"color: #000000\">\u00a0380 (V)<\/span><\/td>\n<\/tr>\n<tr>\n<td><span style=\"color: #000000\">T\u1ed1c \u0111\u1ed9<\/span><\/td>\n<td><span style=\"color: #000000\">1450 (v\/p)<\/span><\/td>\n<\/tr>\n<tr>\n<td colspan=\"1\" rowspan=\"2\"><span style=\"color: #000000\">Tr\u1ecdng l\u01b0\u1ee3ng m\u00e1y<\/span><\/td>\n<td><span style=\"color: #000000\">Nguy\u00ean b\u1ed9<\/span><\/td>\n<td><span style=\"color: #000000\">288 (kg)<\/span><\/td>\n<\/tr>\n<tr>\n<td><span style=\"color: #000000\">Kh\u00f4ng \u0111\u1ed9ng c\u01a1<\/span><\/td>\n<td><span style=\"color: #000000\">192 (kg)<\/span><\/td>\n<\/tr>\n<tr>\n<td colspan=\"1\" rowspan=\"2\"><span style=\"color: #000000\">B\u1ea3o h\u00e0nh<\/span><\/td>\n<td><span style=\"color: #000000\">K\u1ef9 thu\u1eadt<\/span><\/td>\n<td><span style=\"color: #000000\">06 th\u00e1ng<\/span><\/td>\n<\/tr>\n<tr>\n<td><span style=\"color: #000000\">\u0110\u1ed9ng c\u01a1<\/span><\/td>\n<td><span style=\"color: #000000\">Theo t\u1eebng h\u00e3ng s\u1ea3n xu\u1ea5t<\/span><\/td>\n<\/tr>\n<tr>\n<td><span style=\"color: #000000\">N\u0103ng su\u1ea5t<\/span><\/td>\n<td colspan=\"2\" rowspan=\"1\"><span style=\"color: #000000\">1000 \u2013 1500 kg\/gi\u1edd<\/span><\/td>\n<\/tr>\n<tr>\n<td><span style=\"color: #000000\">K\u00edch th\u01b0\u1edbc (D*C*R)<\/span><\/td>\n<td colspan=\"2\" rowspan=\"1\"><span style=\"color: #000000\">175*134*64 cm<\/span><\/td>\n<\/tr>\n<tr>\n<td><span style=\"color: #000000\">H\u00ecnh th\u1ee9c thanh to\u00e1n<\/span><\/td>\n<td colspan=\"2\" rowspan=\"1\"><span style=\"color: #000000\">Ti\u1ec1n m\u0103t ho\u1eb7c chuy\u1ec3n kho\u1ea3n<\/span><\/td>\n<\/tr>\n<\/tbody>\n<\/table>\n","protected":false},"excerpt":{"rendered":"<ul>\n<li><span style=\"color: #000000\"><strong><span style=\"color: #ed1c24\">H\u00e3ng s\u1ea3n xu\u1ea5t<\/span> :<\/strong>\u00a0B\u00ecnh Minh<\/span><\/li>\n<li><span style=\"color: #000000\"><strong><span style=\"color: #ed1c24\">C\u00f4ng su\u1ea5t \u0111\u1ed9ng c\u01a1<\/span> :<\/strong>\u00a011kw<\/span><\/li>\n<li><span style=\"color: #000000\"><strong><span style=\"color: #ed1c24\">Ngu\u1ed3n \u0111i\u1ec7n<\/span> :<\/strong>\u00a0380 V<\/span><\/li>\n<li><span style=\"color: #000000\"><strong><span style=\"color: #ed1c24\">T\u1ed1c \u0111\u1ed9<\/span> :<\/strong>\u00a01450 v\u00f2ng\/ph\u00fat<\/span><\/li>\n<li><span style=\"color: #000000\"><strong><span style=\"color: #ed1c24\">N\u0103ng su\u1ea5t<\/span> :<\/strong>\u00a01000 \u2013 1500 kg\/gi\u1edd<\/span><\/li>\n<li><span style=\"color: #000000\"><strong><span style=\"color: #ed1c24\">Tr\u1ecdng l\u01b0\u1ee3ng<\/span> :<\/strong>\u00a0288 kg ( c\u00f3 \u0111\u1ed9ng c\u01a1)<\/span><\/li>\n<li><span style=\"color: #000000\"><strong><span style=\"color: #ed1c24\">K\u00edch th\u01b0\u1edbc (d*c*r)<\/span> :<\/strong>\u00a0175*134*64 cm<\/span><\/li>\n<li><span style=\"color: #000000\"><strong><span style=\"color: #ed1c24\">T\u00ednh n\u0103ng<\/span> :<\/strong> M\u00e1y chuy\u00ean b\u0103m g\u1ed7 m\u1ea9u, g\u1ed7 th\u1ea3i,\u2026 th\u00e0nh d\u1ea1ng m\u1ea3nh<\/span><\/li>\n<\/ul>\n","protected":false},"featured_media":9564,"comment_status":"closed","ping_status":"closed","template":"","meta":[],"product_brand":[],"product_cat":[41],"product_tag":[173,87,172,174],"class_list":{"0":"post-7360","1":"product","2":"type-product","3":"status-publish","4":"has-post-thumbnail","6":"product_cat-may-bam-go","7":"product_tag-may-bam-dam","8":"product_tag-may-bam-go","9":"product_tag-may-bam-go-manh","10":"product_tag-may-bam-go-vun","12":"first","13":"instock","14":"shipping-taxable","15":"product-type-simple"},"_links":{"self":[{"href":"https:\/\/congtybinhminh.com\/index.php?rest_route=\/wp\/v2\/product\/7360","targetHints":{"allow":["GET"]}}],"collection":[{"href":"https:\/\/congtybinhminh.com\/index.php?rest_route=\/wp\/v2\/product"}],"about":[{"href":"https:\/\/congtybinhminh.com\/index.php?rest_route=\/wp\/v2\/types\/product"}],"replies":[{"embeddable":true,"href":"https:\/\/congtybinhminh.com\/index.php?rest_route=%2Fwp%2Fv2%2Fcomments&post=7360"}],"wp:featuredmedia":[{"embeddable":true,"href":"https:\/\/congtybinhminh.com\/index.php?rest_route=\/wp\/v2\/media\/9564"}],"wp:attachment":[{"href":"https:\/\/congtybinhminh.com\/index.php?rest_route=%2Fwp%2Fv2%2Fmedia&parent=7360"}],"wp:term":[{"taxonomy":"product_brand","embeddable":true,"href":"https:\/\/congtybinhminh.com\/index.php?rest_route=%2Fwp%2Fv2%2Fproduct_brand&post=7360"},{"taxonomy":"product_cat","embeddable":true,"href":"https:\/\/congtybinhminh.com\/index.php?rest_route=%2Fwp%2Fv2%2Fproduct_cat&post=7360"},{"taxonomy":"product_tag","embeddable":true,"href":"https:\/\/congtybinhminh.com\/index.php?rest_route=%2Fwp%2Fv2%2Fproduct_tag&post=7360"}],"curies":[{"name":"wp","href":"https:\/\/api.w.org\/{rel}","templated":true}]}}