{"id":7329,"date":"2022-09-05T15:59:47","date_gmt":"2022-09-05T08:59:47","guid":{"rendered":"https:\/\/congtybinhminh.com\/?post_type=product&#038;p=7329"},"modified":"2024-09-20T08:25:57","modified_gmt":"2024-09-20T01:25:57","slug":"may-bam-co-7ta-dau-no","status":"publish","type":"product","link":"https:\/\/congtybinhminh.com\/?product=may-bam-co-7ta-dau-no","title":{"rendered":"M\u00e1y b\u0103m c\u1ecf 7TA \u0111\u1ea7u n\u1ed5"},"content":{"rendered":"<h2><strong>Video ho\u1ea1t \u0111\u1ed9ng c\u1ee7a m\u00e1y<\/strong><\/h2>\n<p><iframe loading=\"lazy\" title=\"B\u00e0n Giao M\u00e1y B\u0103m C\u1ecf 7TA \u0110\u1ea7u N\u1ed5 5,5HP Cho Trang Tr\u1ea1i 30 Con B\u00f2\" width=\"1020\" height=\"574\" src=\"https:\/\/www.youtube.com\/embed\/eZ-mvTyIxfA?feature=oembed\" frameborder=\"0\" allow=\"accelerometer; autoplay; clipboard-write; encrypted-media; gyroscope; picture-in-picture; web-share\" referrerpolicy=\"strict-origin-when-cross-origin\" allowfullscreen><\/iframe><\/p>\n<p><span style=\"color: #000000\">M\u00e1y b\u0103m c\u1ecf 7TA l\u00e0 s\u1ea3n ph\u1ea9m gi\u00fap c\u00f4ng vi\u1ec7c ch\u1ebf bi\u1ebfn th\u1ee9c \u0103n cho v\u1eadt nu\u00f4i tr\u1edf n\u00ean d\u1ec5 d\u00e0ng v\u00e0 nhanh ch\u00f3ng. \u0110\u1eb7c bi\u1ec7t, m\u00e1y \u0111\u01b0\u1ee3c c\u1ea3i ti\u1ebfn t\u1eeb \u0111\u1ed9ng c\u01a1 sang \u0111\u1ea7u n\u1ed5, gi\u00fap b\u00e0 con thu\u1eadn ti\u1ec7n s\u1eed d\u1ee5ng \u1edf m\u1ecdi n\u01a1i m\u00e0 kh\u00f4ng c\u1ea7n lo l\u1eafng v\u1ec1 ngu\u1ed3n \u0111i\u1ec7n.<\/span><\/p>\n<p><img loading=\"lazy\" decoding=\"async\" class=\"size-full wp-image-7334 aligncenter\" src=\"https:\/\/congtybinhminh.com\/wp-content\/uploads\/2022\/09\/dai-dien.jpg\" alt=\"dai-dien\" width=\"800\" height=\"450\" srcset=\"https:\/\/congtybinhminh.com\/wp-content\/uploads\/2022\/09\/dai-dien.jpg 800w, https:\/\/congtybinhminh.com\/wp-content\/uploads\/2022\/09\/dai-dien-510x287.jpg 510w, https:\/\/congtybinhminh.com\/wp-content\/uploads\/2022\/09\/dai-dien-711x400.jpg 711w, https:\/\/congtybinhminh.com\/wp-content\/uploads\/2022\/09\/dai-dien-768x432.jpg 768w\" sizes=\"auto, (max-width: 800px) 100vw, 800px\" \/><\/p>\n<h2><span style=\"color: #000000\"><strong>\u01afu \u0111i\u1ec3m m\u00e1y b\u0103m c\u1ecf 7TA d\u00f9ng \u0111\u1ea7u n\u1ed5\u00a0<\/strong><\/span><\/h2>\n<ul>\n<li><span style=\"color: #000000\">M\u00e1y c\u00f3 kh\u1ea3 n\u0103ng b\u0103m \u0111a d\u1ea1ng c\u00e1c lo\u1ea1i c\u1ecf nh\u01b0 c\u1ecf voi, c\u1ecf s\u1ea3, th\u00e2n c\u00e2y ng\u00f4.. l\u00e0m th\u1ee9c ch\u0103n cho gia s\u00fac. Ngo\u00e0i ra, m\u00e1y c\u00f3 th\u1ec3 h\u1ed7 tr\u1ee3 b\u0103m nh\u1ecf r\u01a1m l\u00e0m nguy\u00ean li\u1ec7u l\u00e0m gi\u00e1 th\u1ec3 tr\u1ed3ng n\u1ea5m, \u0111\u1ec7m l\u00f3t sinh h\u1ecdc\u2026<\/span><\/li>\n<li><span style=\"color: #000000\">Cho n\u0103ng su\u1ea5t cao, gi\u00fap b\u00e0 con ti\u1ebft ki\u1ec7m th\u1eddi gian, c\u00f4ng s\u1ee9c trong vi\u1ec7c ch\u1ebf bi\u1ebfn th\u1ee9c \u0103n cho \u0111\u00e0n gia s\u00fac<\/span><\/li>\n<li><span style=\"color: #000000\">B\u0103m \u0111\u01b0\u1ee3c t\u1ed1i \u0111a nguy\u00ean li\u1ec7u kh\u00f4ng g\u00e2y l\u00e3ng ph\u00ed th\u1ee9c \u0103n<\/span><\/li>\n<\/ul>\n<p><img loading=\"lazy\" decoding=\"async\" class=\"size-full wp-image-7335 aligncenter\" src=\"https:\/\/congtybinhminh.com\/wp-content\/uploads\/2022\/09\/may-bam-co-bam-rom.jpg\" alt=\"may-bam-co-bam-rom\" width=\"800\" height=\"602\" srcset=\"https:\/\/congtybinhminh.com\/wp-content\/uploads\/2022\/09\/may-bam-co-bam-rom.jpg 800w, https:\/\/congtybinhminh.com\/wp-content\/uploads\/2022\/09\/may-bam-co-bam-rom-510x384.jpg 510w, https:\/\/congtybinhminh.com\/wp-content\/uploads\/2022\/09\/may-bam-co-bam-rom-532x400.jpg 532w, https:\/\/congtybinhminh.com\/wp-content\/uploads\/2022\/09\/may-bam-co-bam-rom-768x578.jpg 768w\" sizes=\"auto, (max-width: 800px) 100vw, 800px\" \/><\/p>\n<ul>\n<li><span style=\"color: #000000\">\u00a0T\u1ea5m ch\u1eafn c\u1eeda x\u1ea3 gi\u00fap ng\u01b0\u1eddi d\u00f9ng c\u00f3 th\u1ec3 t\u1ef1 \u0111i\u1ec1u ch\u1ec9nh h\u01b0\u1edbng phun c\u1ecf \u0111\u1ebfn v\u1ecb tr\u00ed mong mu\u1ed1n m\u00e0 kh\u00f4ng m\u1ea5t nhi\u1ec1u th\u1eddi gian thu gom nguy\u00ean li\u1ec7u.<\/span><\/li>\n<li><span style=\"color: #000000\">Th\u00e0nh ph\u1ea9m sau khi b\u0103m c\u00f3 th\u1ec3 cho v\u1eadt nu\u00f4i d\u00f9ng ngay ho\u1eb7c \u1ee7 chua d\u00f9ng d\u1ea7n<\/span><\/li>\n<li><span style=\"color: #000000\">\u00a0Thi\u1ebft k\u1ebf c\u00f3 b\u00e1nh xe thu\u1eadn ti\u1ec7n di chuy\u1ec3n v\u1ecb tr\u00ed \u0111\u1eb7t m\u00e1y<\/span><\/li>\n<\/ul>\n<h2><span style=\"color: #000000\"><strong>C\u1ea5u t\u1ea1o m\u00e1y b\u0103m c\u1ecf 7TA d\u00f9ng \u0111\u1ea7u n\u1ed5<\/strong><\/span><\/h2>\n<p><span style=\"color: #000000\">Thi\u1ebft k\u1ebf nh\u1ecf g\u1ecdn kh\u00f4ng chi\u1ebfm nhi\u1ec1u di\u1ec7n t\u00edch, ph\u1ea7n khung \u0111\u1ee1 m\u00e1y ch\u1eafc ch\u1eafn kh\u00f4ng g\u00e2y rung l\u1eafc trong qu\u00e1 tr\u00ecnh v\u1eadn h\u00e0nh. M\u00e1y \u0111\u01b0\u1ee3c k\u1ebft h\u1ee3p v\u1edbi 4 b\u00e1nh xe thu\u1eadn ti\u1ec7n di chuy\u1ec3n v\u1ecb tr\u00ed \u0111\u1eb7t m\u00e1y.<\/span><\/p>\n<p><img loading=\"lazy\" decoding=\"async\" class=\"size-full wp-image-7336 aligncenter\" src=\"https:\/\/congtybinhminh.com\/wp-content\/uploads\/2022\/09\/cau-tao-may-bam-co-7ta-dau-no.jpg\" alt=\"cau-tao-may-bam-co-7ta-dau-no\" width=\"800\" height=\"600\" srcset=\"https:\/\/congtybinhminh.com\/wp-content\/uploads\/2022\/09\/cau-tao-may-bam-co-7ta-dau-no.jpg 800w, https:\/\/congtybinhminh.com\/wp-content\/uploads\/2022\/09\/cau-tao-may-bam-co-7ta-dau-no-510x383.jpg 510w, https:\/\/congtybinhminh.com\/wp-content\/uploads\/2022\/09\/cau-tao-may-bam-co-7ta-dau-no-533x400.jpg 533w, https:\/\/congtybinhminh.com\/wp-content\/uploads\/2022\/09\/cau-tao-may-bam-co-7ta-dau-no-768x576.jpg 768w\" sizes=\"auto, (max-width: 800px) 100vw, 800px\" \/><\/p>\n<p><span style=\"color: #000000\">Toa n\u1ea1p m\u00e1y \u0111\u01b0\u1ee3c thi\u1ebft k\u1ebf n\u1eb1m ngang v\u1edbi \u0111\u1ed9 cao v\u1eeba t\u1ea7m v\u1edbi ng\u01b0\u1eddi d\u00f9ng an to\u00e0n khi s\u1eed d\u1ee5ng.<\/span><\/p>\n<p><span style=\"color: #000000\">Ph\u1ea7n c\u1eeda x\u1ea3 c\u00f3 t\u1ea5m ch\u1eafn \u0111i\u1ec1u h\u01b0\u1edbng, ng\u01b0\u1eddi d\u00f9ng c\u00f3 th\u1ec3 \u0111i\u1ec1u ch\u1ec9nh h\u01b0\u01a1ng phun c\u1ecf.<\/span><\/p>\n<p><img loading=\"lazy\" decoding=\"async\" class=\"size-full wp-image-7337 aligncenter\" src=\"https:\/\/congtybinhminh.com\/wp-content\/uploads\/2022\/09\/toa-nap-cua-xa-1.jpg\" alt=\"toa-nap-cua-xa-1\" width=\"800\" height=\"600\" srcset=\"https:\/\/congtybinhminh.com\/wp-content\/uploads\/2022\/09\/toa-nap-cua-xa-1.jpg 800w, https:\/\/congtybinhminh.com\/wp-content\/uploads\/2022\/09\/toa-nap-cua-xa-1-510x383.jpg 510w, https:\/\/congtybinhminh.com\/wp-content\/uploads\/2022\/09\/toa-nap-cua-xa-1-533x400.jpg 533w, https:\/\/congtybinhminh.com\/wp-content\/uploads\/2022\/09\/toa-nap-cua-xa-1-768x576.jpg 768w\" sizes=\"auto, (max-width: 800px) 100vw, 800px\" \/><\/p>\n<ul>\n<li><span style=\"color: #000000\">G\u1eadp t\u1ea5m ch\u1eafn xu\u1ed1ng n\u1ebfu mu\u1ed1n c\u1ecf phun g\u1ea7n<\/span><\/li>\n<li><span style=\"color: #000000\">N\u00e2ng t\u1ea5m ch\u1eafn l\u00ean n\u1ebfu mu\u1ed1n c\u1ecf phun xa<\/span><\/li>\n<\/ul>\n<p><span style=\"color: #000000\">M\u00e1y b\u0103m c\u1ecf 7TA\u00a01 \u0111\u01b0\u1ee3c trang b\u1ecb v\u1edbi h\u1ec7 th\u1ed1ng dao g\u1ed3m 8 dao b\u0103m ch\u00ednh 2 l\u01b0\u1ee1i r\u00e8n s\u1eafc b\u00e9n, b\u0103m nh\u1ecf \u0111\u1ea9y th\u00e0nh ph\u1ea9m phun ra c\u1eeda x\u1ea3.<\/span><\/p>\n<p><img loading=\"lazy\" decoding=\"async\" class=\"size-full wp-image-7338 aligncenter\" src=\"https:\/\/congtybinhminh.com\/wp-content\/uploads\/2022\/09\/dao-bam-co.jpg\" alt=\"dao-bam-co\" width=\"800\" height=\"495\" srcset=\"https:\/\/congtybinhminh.com\/wp-content\/uploads\/2022\/09\/dao-bam-co.jpg 800w, https:\/\/congtybinhminh.com\/wp-content\/uploads\/2022\/09\/dao-bam-co-510x316.jpg 510w, https:\/\/congtybinhminh.com\/wp-content\/uploads\/2022\/09\/dao-bam-co-646x400.jpg 646w, https:\/\/congtybinhminh.com\/wp-content\/uploads\/2022\/09\/dao-bam-co-768x475.jpg 768w\" sizes=\"auto, (max-width: 800px) 100vw, 800px\" \/><\/p>\n<p><span style=\"color: #000000\">Kh\u00e1c v\u1edbi c\u00e1c d\u00f2ng m\u00e1y b\u0103m c\u1ecf ph\u1ed5 th\u00f4ng, m\u00e1y \u0111\u01b0\u1ee3c c\u1ea3i ti\u1ebfn l\u00f4 cu\u1ed1n l\u01b0\u1ee1i b\u00e1nh r\u0103ng g\u1ed3m 3 b\u00e1nh r\u0103ng v\u00e0 3 b\u00e1nh th\u01b0\u1eddng. Qu\u00e1 \u0111\u00f3, c\u00f3 th\u1ec3 h\u1ed7 tr\u1ee3 ng\u01b0\u1eddi d\u00f9ng x\u1eed l\u00fd b\u0103m nh\u1ecf r\u01a1m l\u00e0m gi\u00e1 th\u1ec3 tr\u1ed3ng n\u1ea5m, l\u00e0m \u0111\u1ec7m l\u00f3t sinh h\u1ecdc..<\/span><\/p>\n<p><span style=\"color: #000000\">S\u1eed d\u1ee5ng \u0111\u1ea7u n\u1ed5 5,5Hp ch\u1ea1y m\u00e1y thu\u1eadn ti\u1ec7n trong vi\u1ec7c di chuy\u1ec3n m\u00e1y m\u00e0 kh\u00f4ng lo \u0111i\u1ec7n\u00a0 khu v\u1ef1c y\u1ebfu, \u0111i\u1ec7n kh\u00f4ng \u0111\u1ee7 t\u1ea3i m\u00e0 v\u1eabn \u0111\u1ea3m b\u1ea3o n\u0103ng su\u1ea5t.<\/span><\/p>\n<p><span style=\"color: #000000\">Ngo\u00e0i ra, m\u00e1y \u0111\u01b0\u1ee3c trang b\u1ecb h\u1ed9p ch\u1eafn b\u1ea3o v\u1ec7 d\u00e2y curoa \u0111\u1ea3m b\u1ea3o an to\u00e0n cho ng\u01b0\u1eddi d\u00f9ng trong qu\u00e1 tr\u00ecnh v\u1eadn h\u00e0nh.<\/span><\/p>\n<p><strong><span style=\"color: #000000\">Th\u00f4ng s\u1ed1 k\u1ef9 thu\u1eadt<\/span><\/strong><\/p>\n<table border=\"1\" cellspacing=\"1\" cellpadding=\"1\">\n<tbody>\n<tr>\n<td colspan=\"1\" rowspan=\"3\">\u0110\u1ed9ng c\u01a1<\/td>\n<td>C\u00f4ng su\u1ea5t<\/p>\n<p>\u0111\u1ea7u n\u1ed5<\/td>\n<td>5,5 Hp<\/td>\n<\/tr>\n<tr>\n<td>Ngu\u1ed3n \u0111i\u1ec7n<\/td>\n<td>\u00a0(V)<\/td>\n<\/tr>\n<tr>\n<td>T\u1ed1c \u0111\u1ed9<\/td>\n<td>(v\/p)<\/td>\n<\/tr>\n<tr>\n<td colspan=\"1\" rowspan=\"2\">\u00a0Tr\u1ecdng l\u01b0\u1ee3ng m\u00e1y<\/td>\n<td>Nguy\u00ean b\u1ed9<\/td>\n<td>(kg)<\/td>\n<\/tr>\n<tr>\n<td>Kh\u00f4ng \u0111\u1ed9ng c\u01a1<\/td>\n<td>67 (kg)<\/td>\n<\/tr>\n<tr>\n<td colspan=\"1\" rowspan=\"2\">B\u1ea3o h\u00e0nh<\/td>\n<td>\u00a0K\u1ef9 thu\u1eadt<\/td>\n<td>\u00a006 th\u00e1ng<\/td>\n<\/tr>\n<tr>\n<td>\u00a0\u0110\u1ed9ng c\u01a1<\/td>\n<td>Theo t\u1eebng h\u00e3ng s\u1ea3n xu\u1ea5t<\/td>\n<\/tr>\n<tr>\n<td>N\u0103ng su\u1ea5t<\/td>\n<td colspan=\"2\" rowspan=\"1\">800 &#8211; 1000 kg\/gi\u1edd<\/td>\n<\/tr>\n<tr>\n<td>K\u00edch th\u01b0\u1edbc (d*c*r)<\/td>\n<td colspan=\"2\" rowspan=\"1\">\u00a0120*81*50 cm<\/td>\n<\/tr>\n<tr>\n<td>H\u00ecnh th\u1ee9c thanh to\u00e1n<\/td>\n<td colspan=\"2\" rowspan=\"1\">Ti\u1ec1n m\u1eb7t ho\u1eb7c chuy\u1ec3n kho\u1ea3n<\/td>\n<\/tr>\n<\/tbody>\n<\/table>\n","protected":false},"excerpt":{"rendered":"<ul>\n<li><strong><span style=\"color: #ed1c24\">H\u00e3ng s\u1ea3n xu\u1ea5t<\/span>:<\/strong>\u00a0<span style=\"color: #000000\">B\u00ecnh Minh<\/span><\/li>\n<li><strong><span style=\"color: #ed1c24\">C\u00f4ng su\u1ea5t \u0111\u1ea7u n\u1ed5<\/span>:<\/strong>\u00a0<span style=\"color: #000000\">5,5Hp<\/span><\/li>\n<li><strong><span style=\"color: #ed1c24\">N\u0103ng su\u1ea5t<\/span>:<\/strong>\u00a0<span style=\"color: #000000\">800 \u2013 1000 kg\/gi\u1edd<\/span><\/li>\n<li><strong><span style=\"color: #ed1c24\">Tr\u1ecdng l\u01b0\u1ee3ng<\/span>:<\/strong>\u00a0<span style=\"color: #000000\">67 kg ( kh\u00f4ng \u0111\u1ea7u n\u1ed5)<\/span><\/li>\n<li><strong><span style=\"color: #ed1c24\">K\u00edch th\u01b0\u1edbc<\/span> <span style=\"color: #000000\">:<\/span><\/strong><span style=\"color: #000000\">\u00a0120*81*50cm<\/span><\/li>\n<li><span style=\"color: #ed1c24\"><strong>T\u00ednh n\u0103ng<\/strong><\/span>\u00a0: <span style=\"color: #000000\">Chuy\u00ean d\u00f9ng b\u0103m c\u00e1c nguy\u00ean li\u1ec7u d\u1ea1ng c\u1ecf nh\u01b0 c\u1ecf voi, th\u00e2n c\u00e2y ng\u00f4, r\u01a1m.. l\u00e0m th\u1ee9c \u0103n cho gia s\u00fac \u2013 gia c\u1ea7m<\/span><\/li>\n<\/ul>\n","protected":false},"featured_media":10093,"comment_status":"closed","ping_status":"closed","template":"","meta":[],"product_brand":[],"product_cat":[40],"product_tag":[83,79,157,171,89,158],"class_list":{"0":"post-7329","1":"product","2":"type-product","3":"status-publish","4":"has-post-thumbnail","6":"product_cat-may-bam-co","7":"product_tag-may-bam-cay-mia","8":"product_tag-may-bam-co","9":"product_tag-may-bam-co-7ta","10":"product_tag-may-bam-co-khong-dung-dien","11":"product_tag-may-bam-rom","12":"product_tag-may-bam-rom-gia-re","14":"first","15":"instock","16":"shipping-taxable","17":"product-type-simple"},"_links":{"self":[{"href":"https:\/\/congtybinhminh.com\/index.php?rest_route=\/wp\/v2\/product\/7329","targetHints":{"allow":["GET"]}}],"collection":[{"href":"https:\/\/congtybinhminh.com\/index.php?rest_route=\/wp\/v2\/product"}],"about":[{"href":"https:\/\/congtybinhminh.com\/index.php?rest_route=\/wp\/v2\/types\/product"}],"replies":[{"embeddable":true,"href":"https:\/\/congtybinhminh.com\/index.php?rest_route=%2Fwp%2Fv2%2Fcomments&post=7329"}],"wp:featuredmedia":[{"embeddable":true,"href":"https:\/\/congtybinhminh.com\/index.php?rest_route=\/wp\/v2\/media\/10093"}],"wp:attachment":[{"href":"https:\/\/congtybinhminh.com\/index.php?rest_route=%2Fwp%2Fv2%2Fmedia&parent=7329"}],"wp:term":[{"taxonomy":"product_brand","embeddable":true,"href":"https:\/\/congtybinhminh.com\/index.php?rest_route=%2Fwp%2Fv2%2Fproduct_brand&post=7329"},{"taxonomy":"product_cat","embeddable":true,"href":"https:\/\/congtybinhminh.com\/index.php?rest_route=%2Fwp%2Fv2%2Fproduct_cat&post=7329"},{"taxonomy":"product_tag","embeddable":true,"href":"https:\/\/congtybinhminh.com\/index.php?rest_route=%2Fwp%2Fv2%2Fproduct_tag&post=7329"}],"curies":[{"name":"wp","href":"https:\/\/api.w.org\/{rel}","templated":true}]}}