{"id":7254,"date":"2022-08-12T15:41:58","date_gmt":"2022-08-12T08:41:58","guid":{"rendered":"https:\/\/congtybinhminh.com\/?post_type=product&#038;p=7254"},"modified":"2025-12-08T08:45:03","modified_gmt":"2025-12-08T01:45:03","slug":"may-bam-canh-2t-be-keo","status":"publish","type":"product","link":"https:\/\/congtybinhminh.com\/?product=may-bam-canh-2t-be-keo","title":{"rendered":"M\u00e1y b\u0103m c\u00e0nh 2T b\u1ec7 k\u00e9o"},"content":{"rendered":"<h2><span style=\"color: #000000\">Xem video tr\u1ef1c ti\u1ebfp t\u1ea1i \u0111\u00e2y<\/span><\/h2>\n<p><iframe loading=\"lazy\" title=\"\ud83c\udf33 M\u00e1y B\u0103m C\u00e0nh 2T B\u1ec7 K\u00e9o \u0110\u1ea7u N\u1ed5 24HP \ud83d\udca5 B\u0103m 1.5 T\u1ea5n\/Gi\u1edd \u2013 Kh\u00f4ng C\u1ea7n \u0110i\u1ec7n, Linh Ho\u1ea1t M\u1ecdi N\u01a1i!\" width=\"1020\" height=\"574\" src=\"https:\/\/www.youtube.com\/embed\/nhGaZUtVnCY?feature=oembed\" frameborder=\"0\" allow=\"accelerometer; autoplay; clipboard-write; encrypted-media; gyroscope; picture-in-picture; web-share\" referrerpolicy=\"strict-origin-when-cross-origin\" allowfullscreen><\/iframe><\/p>\n<h2>Gi\u1edbi thi\u1ec7u m\u00e1y b\u0103m c\u00e0nh 2T b\u1ec7 k\u00e9o<\/h2>\n<p><span style=\"color: #000000\">M\u00e1y b\u0103m c\u00e0nh 2T b\u1ec7 k\u00e9o do c\u00f4ng ty B\u00ecnh Qu\u00e2n s\u1ea3n xu\u1ea5t &#8211; thi\u1ebft b\u1ecb h\u1ed7 tr\u1ee3 b\u00e0 con b\u0103m nh\u1ecf c\u00e0nh c\u00e2y, c\u00e0nh l\u00e1,\u2026 th\u00e0nh d\u1ea1ng m\u1ea3nh nh\u1ecf. G\u00f3p ph\u1ea7n t\u00e1i s\u1eed d\u1ee5ng c\u00e1c lo\u1ea1i ph\u1ee5 ph\u1ea9m c\u00f4ng n\u00f4ng nghi\u1ec7p, \u0111em l\u1ea1i gi\u00e1 tr\u1ecb cao cho ng\u01b0\u1eddi d\u00f9ng.<\/span><\/p>\n<p><img loading=\"lazy\" decoding=\"async\" class=\"aligncenter wp-image-11102 size-full\" src=\"https:\/\/congtybinhminh.com\/wp-content\/uploads\/2022\/08\/may-bam-canh-2t-be-keo-dau-no_result.webp\" alt=\"may-bam-canh-2t-be-keo-dau-no_result\" width=\"800\" height=\"1035\" srcset=\"https:\/\/congtybinhminh.com\/wp-content\/uploads\/2022\/08\/may-bam-canh-2t-be-keo-dau-no_result.webp 800w, https:\/\/congtybinhminh.com\/wp-content\/uploads\/2022\/08\/may-bam-canh-2t-be-keo-dau-no_result-309x400.webp 309w, https:\/\/congtybinhminh.com\/wp-content\/uploads\/2022\/08\/may-bam-canh-2t-be-keo-dau-no_result-618x800.webp 618w, https:\/\/congtybinhminh.com\/wp-content\/uploads\/2022\/08\/may-bam-canh-2t-be-keo-dau-no_result-768x994.webp 768w, https:\/\/congtybinhminh.com\/wp-content\/uploads\/2022\/08\/may-bam-canh-2t-be-keo-dau-no_result-510x660.webp 510w\" sizes=\"auto, (max-width: 800px) 100vw, 800px\" \/><\/p>\n<h2><span style=\"color: #000000\">\u01afu \u0111i\u1ec3m c\u1ee7a m\u00e1y b\u0103m c\u00e0nh 2T b\u1ec7 k\u00e9o<\/span><\/h2>\n<p><span style=\"color: #000000\">M\u00e1y b\u0103m c\u00e0nh thi\u1ebft k\u1ebf b\u1ec7 k\u00e9o c\u00f3 tay c\u1ea7m s\u1eed d\u1ee5ng \u0111\u1ea7u n\u1ed5 \u0111\u1ec3 ch\u1ea1y m\u00e1y, chuy\u00ean d\u00f9ng b\u0103m c\u00e0nh c\u00e2y, c\u00e0nh l\u00e1 k\u00edch th\u01b0\u1edbc d\u00e0i \u2013 ng\u1eafn\u2026 th\u00e0nh d\u1ea1ng m\u1ea3nh nh\u1ecf \u0111\u01b0\u1ee3c s\u1eed d\u1ee5ng \u0111\u1ec3 :<\/span><\/p>\n<ul>\n<li><span style=\"color: #000000\">K\u1ebft h\u1ee3p, m\u1edf r\u1ed9ng s\u1ea3n xu\u1ea5t t\u0103ng l\u1ee3i nhu\u1eadn t\u1eeb vi\u1ec7c l\u00e0m vi\u00ean\u00a0 n\u00e9n<\/span><\/li>\n<li><span style=\"color: #000000\">L\u00e0m nguy\u00ean li\u1ec7u\u00a0 \u0111\u1ed1t hay \u0111\u1ec7m l\u00f3t trong ch\u0103n nu\u00f4i<\/span><\/li>\n<\/ul>\n<p><img loading=\"lazy\" decoding=\"async\" class=\"aligncenter wp-image-11103 size-full\" src=\"https:\/\/congtybinhminh.com\/wp-content\/uploads\/2022\/08\/may-bam-canh-cay-2t-be-keo-cong-ty-binh-minh_result.webp\" alt=\"may-bam-canh-cay-2t-be-keo-cong-ty-binh-minh_result\" width=\"800\" height=\"600\" srcset=\"https:\/\/congtybinhminh.com\/wp-content\/uploads\/2022\/08\/may-bam-canh-cay-2t-be-keo-cong-ty-binh-minh_result.webp 800w, https:\/\/congtybinhminh.com\/wp-content\/uploads\/2022\/08\/may-bam-canh-cay-2t-be-keo-cong-ty-binh-minh_result-533x400.webp 533w, https:\/\/congtybinhminh.com\/wp-content\/uploads\/2022\/08\/may-bam-canh-cay-2t-be-keo-cong-ty-binh-minh_result-768x576.webp 768w, https:\/\/congtybinhminh.com\/wp-content\/uploads\/2022\/08\/may-bam-canh-cay-2t-be-keo-cong-ty-binh-minh_result-510x383.webp 510w\" sizes=\"auto, (max-width: 800px) 100vw, 800px\" \/><\/p>\n<p><span style=\"color: #000000\">Th\u00e0nh ph\u1ea9m sau khi b\u0103m c\u00f3 th\u1ec3 d\u00f9ng l\u00e0m ch\u1ea5t \u0111\u1ed1t, l\u00e0m \u0111\u1eb9p l\u00f3t chu\u1ed3ng, ..<\/span><\/p>\n<p><span style=\"color: #000000\">Thi\u1ebft k\u1ebf \u0111\u1ed9t ph\u00e1 v\u1edbi \u0111\u1ed9ng c\u01a1 ch\u1ea1y b\u1eb1ng \u0111\u1ea7u n\u1ed5 kh\u00f4ng ph\u1ee5 thu\u1ed9c v\u00e0o ngu\u1ed3n \u0111i\u1ec7n. B\u1ea1n c\u00f3 th\u1ec3 s\u1eed d\u1ee5ng \u1edf b\u1ea5t c\u1ee9 \u0111\u1ecba \u0111i\u1ec3m n\u00e0o, b\u1ea5t c\u1ee9 n\u01a1i \u0111\u00e2u.<\/span><\/p>\n<h2><span style=\"color: #000000\">C\u1ea5u t\u1ea1o m\u00e1y b\u0103m c\u00e0nh 2T b\u1ec7 k\u00e9o<\/span><\/h2>\n<h3><span style=\"color: #000000\">Khung m\u00e1y ch\u1eafc ch\u1eafn<\/span><\/h3>\n<p>Thu\u1ed9c d\u00f2ng m\u00e1y c\u00f4ng nghi\u1ec7p, m\u00e1y \u0111\u01b0\u1ee3c thi\u1ebft k\u1ebf hi\u1ec7n \u0111\u1ea1i v\u1edbi ph\u1ea7n khung m\u00e1y \u0111\u01b0\u1ee3c h\u00e0n g\u1eafn ch\u1eafc ch\u1eafn kh\u00f4ng g\u00e2y rung l\u1eafc trong qu\u00e1 tr\u00ecnh v\u1eadn h\u00e0nh.<\/p>\n<p><img loading=\"lazy\" decoding=\"async\" class=\"aligncenter wp-image-11104 size-full\" src=\"https:\/\/congtybinhminh.com\/wp-content\/uploads\/2022\/08\/cau-tao-may-bam-canh-2t-be-keo-binh-minh_result.webp\" alt=\"cau-tao-may-bam-canh-2t-be-keo-binh-minh_result\" width=\"800\" height=\"660\" srcset=\"https:\/\/congtybinhminh.com\/wp-content\/uploads\/2022\/08\/cau-tao-may-bam-canh-2t-be-keo-binh-minh_result.webp 800w, https:\/\/congtybinhminh.com\/wp-content\/uploads\/2022\/08\/cau-tao-may-bam-canh-2t-be-keo-binh-minh_result-485x400.webp 485w, https:\/\/congtybinhminh.com\/wp-content\/uploads\/2022\/08\/cau-tao-may-bam-canh-2t-be-keo-binh-minh_result-768x634.webp 768w, https:\/\/congtybinhminh.com\/wp-content\/uploads\/2022\/08\/cau-tao-may-bam-canh-2t-be-keo-binh-minh_result-510x421.webp 510w\" sizes=\"auto, (max-width: 800px) 100vw, 800px\" \/><\/p>\n<p>Ph\u00eda d\u01b0\u1edbi ch\u00e2n m\u00e1y l\u1eafp \u0111\u1eb7t 4 b\u00e1nh xe thu\u1eadn ti\u1ec7n di chuy\u1ec3n v\u1ecb tr\u00ed \u0111\u1eb7t m\u00e1y<\/p>\n<h3>Toa n\u1ea1p v\u00e0 c\u1eeda x\u1ea3 c\u1ed1 \u0111\u1ecbnh<\/h3>\n<p>Toa n\u1ea1p \u0111\u01b0\u1ee3c thi\u1ebft k\u1ebf d\u1ea1ng ph\u1ec5u l\u1edbn, ph\u1ea7n tr\u1ecdng t\u00e2m khung m\u00e1y h\u1ea1 th\u1ea5p t\u1ed1i \u0111a thu\u1eadn ti\u1ec7n \u0111\u01b0a nguy\u00ean li\u1ec7u v\u00e0o b\u0103m gi\u00fap gi\u1ea3m \u0111\u1ed9 rung v\u00e0 h\u1ea1n ch\u1ebf l\u00e0m nguy\u00ean li\u1ec7u b\u1eafn ng\u01b0\u1ee3c ra ngo\u00e0i<\/p>\n<p><img loading=\"lazy\" decoding=\"async\" class=\"aligncenter wp-image-11107 size-full\" src=\"https:\/\/congtybinhminh.com\/wp-content\/uploads\/2022\/08\/may-bam-canh-cay-kho.jpg\" alt=\"may-bam-canh-cay-kho\" width=\"800\" height=\"660\" srcset=\"https:\/\/congtybinhminh.com\/wp-content\/uploads\/2022\/08\/may-bam-canh-cay-kho.jpg 800w, https:\/\/congtybinhminh.com\/wp-content\/uploads\/2022\/08\/may-bam-canh-cay-kho-485x400.jpg 485w, https:\/\/congtybinhminh.com\/wp-content\/uploads\/2022\/08\/may-bam-canh-cay-kho-768x634.jpg 768w, https:\/\/congtybinhminh.com\/wp-content\/uploads\/2022\/08\/may-bam-canh-cay-kho-510x421.jpg 510w\" sizes=\"auto, (max-width: 800px) 100vw, 800px\" \/><\/p>\n<p>C\u1eeda x\u1ea3 \u0111\u01b0\u1ee3c thi\u1ebft k\u1ebf d\u1ea1ng v\u00f2i cao, th\u00e0nh ph\u1ea9m sau khi b\u0103m c\u00f3 th\u1ec3 phun tr\u1ef1c ti\u1ebfp v\u00e0o th\u00f9ng phi l\u1edbn hay xe ch\u1ee9a thu\u1eadn ti\u1ec7n thu gom nguy\u00ean li\u1ec7u. H\u01a1n n\u1eefa, tr\u01b0\u1edbc c\u1eeda x\u1ea3 c\u00f3 n\u1eafp ch\u1eafn gi\u00fap ng\u01b0\u1eddi d\u00f9ng \u0111i\u1ec1u ch\u1ec9nh h\u01b0\u1edbng phun:<\/p>\n<ul>\n<li>N\u00e2ng n\u1eafp ch\u1eafn n\u1ebfu mu\u1ed1n th\u00e0nh ph\u1ea9m phun xa<\/li>\n<li>H\u1ea1 n\u1eafp ch\u1eafn n\u1ebfu mu\u1ed1n th\u00e0nh ph\u1ea9m phun g\u1ea7n<\/li>\n<\/ul>\n<h3>H\u1ec7 th\u1ed1ng dao b\u0103m<\/h3>\n<p>M\u00e1y \u0111\u01b0\u1ee3c trang b\u1ecb 3 l\u01b0\u1ee1i dao b\u0103m k\u1ebft h\u1ee3p v\u1edbi 3 c\u00e1nh \u0111\u1ea9y, l\u1eafp tr\u00ean m\u1ed9t \u0111\u0129a \u0111\u00e0 gi\u00fap m\u00e1y t\u1ea1o ra m\u1ed9t l\u1ef1c b\u0103m m\u1ea1nh trong qu\u00e1 tr\u00ecnh ho\u1ea1t \u0111\u1ed9ng<\/p>\n<p><img loading=\"lazy\" decoding=\"async\" class=\"aligncenter wp-image-11105 size-full\" src=\"https:\/\/congtybinhminh.com\/wp-content\/uploads\/2022\/08\/luoi-dao-bam-canh_result.webp\" alt=\"luoi-dao-bam-canh_result\" width=\"800\" height=\"600\" srcset=\"https:\/\/congtybinhminh.com\/wp-content\/uploads\/2022\/08\/luoi-dao-bam-canh_result.webp 800w, https:\/\/congtybinhminh.com\/wp-content\/uploads\/2022\/08\/luoi-dao-bam-canh_result-533x400.webp 533w, https:\/\/congtybinhminh.com\/wp-content\/uploads\/2022\/08\/luoi-dao-bam-canh_result-768x576.webp 768w, https:\/\/congtybinhminh.com\/wp-content\/uploads\/2022\/08\/luoi-dao-bam-canh_result-510x383.webp 510w\" sizes=\"auto, (max-width: 800px) 100vw, 800px\" \/><\/p>\n<p>Ch\u1ed1ng qu\u00e1 t\u1ea3i v\u00e0 duy tr\u00ec \u1ed5n \u0111\u1ecbnh \u0111\u1ed9ng c\u01a1, bu\u1ed3ng l\u00e0m vi\u1ec7c \u0111\u01b0\u1ee3c \u0111\u00f3ng ch\u1eb7t nh\u1edd thanh ch\u1ed1t kho\u00e1 b\u00ean h\u00f4ng \u0111\u1ea3m b\u1ea3o an to\u00e0n khi s\u1eed d\u1ee5ng<\/p>\n<h3>N\u0103ng su\u1ea5t cao<\/h3>\n<p>M\u00e1y b\u0103m c\u00e0nh 2T b\u1ec7 k\u00e9o s\u1eed d\u1ee5ng \u0111\u1ed9ng c\u01a1 11kw &#8211; 3 pha d\u00f9ng \u0111i\u1ec7n 380V motor l\u00f5i d\u00e2y \u0111\u1ed3ng 100%<\/p>\n<p><img loading=\"lazy\" decoding=\"async\" class=\"aligncenter wp-image-11106 size-full\" src=\"https:\/\/congtybinhminh.com\/wp-content\/uploads\/2022\/08\/manh-go_result.webp\" alt=\"manh-go_result\" width=\"800\" height=\"600\" srcset=\"https:\/\/congtybinhminh.com\/wp-content\/uploads\/2022\/08\/manh-go_result.webp 800w, https:\/\/congtybinhminh.com\/wp-content\/uploads\/2022\/08\/manh-go_result-533x400.webp 533w, https:\/\/congtybinhminh.com\/wp-content\/uploads\/2022\/08\/manh-go_result-768x576.webp 768w, https:\/\/congtybinhminh.com\/wp-content\/uploads\/2022\/08\/manh-go_result-510x383.webp 510w\" sizes=\"auto, (max-width: 800px) 100vw, 800px\" \/><\/p>\n<p>Ngo\u00e0i ra, \u0111\u1ed1i v\u1edbi nh\u1eefng h\u1ed9 \u0111i\u1ec7n y\u1ebfu &#8211; \u0111i\u1ec7n kh\u00f4ng \u0111\u1ee7 t\u1ea3i c\u00f3 th\u1ec3 d\u00f9ng \u0111\u1ea7u n\u1ed5 ch\u1ea1y m\u00e1y m\u00e0 v\u1eabn \u0111\u1ea3m b\u1ea3o n\u0103ng su\u1ea5t<\/p>\n<h2>Nh\u1eefng l\u01b0u \u00fd khi v\u1ec7 sinh v\u00e0 b\u1ea3o qu\u1ea3n m\u00e1y<\/h2>\n<ul>\n<li>K\u1ebft th\u00fac qu\u00e1 tr\u00ecnh b\u0103m, cho m\u00e1y ch\u1ea1y kh\u00f4ng t\u1ea3i kho\u1ea3ng 10 &#8211; 20 gi\u00e2y cho th\u00e0nh ph\u1ea9m x\u1ea3 h\u1ebft ra ngo\u00e0i tr\u00e1nh l\u01b0u l\u1ea1i trong m\u00e1y<\/li>\n<li>Kh\u00f4ng b\u0103m nh\u1eefng nguy\u00ean li\u1ec7u c\u1ee9ng kh\u00f4ng ph\u00f9 h\u1ee3p ho\u1eb7c \u0111\u1ec3 kinh lo\u1ea1i r\u01a1i v\u00e0 bu\u1ed3ng l\u00e0m vi\u1ec7c l\u00e0m h\u1ecfng dao<\/li>\n<li>V\u1ec7 sinh bu\u1ed3ng b\u0103m tr\u01b0\u1edbc v\u00e0 sau khi s\u1eed d\u1ee5ng<\/li>\n<\/ul>\n<p><span style=\"color: #000000\">Th\u00f4ng s\u1ed1 k\u1ef9 thu\u1eadt<\/span><\/p>\n<table border=\"1\" cellspacing=\"1\" cellpadding=\"1\">\n<tbody>\n<tr>\n<td colspan=\"1\" rowspan=\"3\">\u00a0\u0110\u1ed9ng c\u01a1<\/td>\n<td>C\u00f4ng su\u1ea5t \u0111\u1ea7u n\u1ed5<\/td>\n<td>\u00a011kw ho\u1eb7c D24<\/td>\n<\/tr>\n<tr>\n<td>Ngu\u1ed3n \u0111i\u1ec7n<\/td>\n<td>380V<\/td>\n<\/tr>\n<tr>\n<td>T\u1ed1c \u0111\u1ed9 m\u00e1y<\/td>\n<td>v\/p<\/td>\n<\/tr>\n<tr>\n<td colspan=\"1\" rowspan=\"2\">\u00a0Tr\u1ecdng l\u01b0\u1ee3ng m\u00e1y<\/td>\n<td>Nguy\u00ean b\u1ed9<\/td>\n<td>\u00a0516 kg<\/td>\n<\/tr>\n<tr>\n<td>Kh\u00f4ng \u0111\u1ea7u n\u1ed5<\/td>\n<td>\u00a0330 kg<\/td>\n<\/tr>\n<tr>\n<td colspan=\"1\" rowspan=\"2\">\u00a0B\u1ea3o h\u00e0nh<\/td>\n<td>\u00a0K\u1ef9 thu\u1eadt<\/td>\n<td>\u00a006 th\u00e1ng<\/td>\n<\/tr>\n<tr>\n<td>\u00a0\u0110\u1ed9ng c\u01a1<\/td>\n<td>\u00a0Theo t\u1eebng h\u00e3ng s\u1ea3n xu\u1ea5t<\/td>\n<\/tr>\n<tr>\n<td>N\u0103ng su\u1ea5t<\/td>\n<td colspan=\"2\" rowspan=\"1\">\u00a0t\u1ea5n\/gi\u1edd<\/td>\n<\/tr>\n<tr>\n<td>K\u00edch th\u01b0\u1edbc (D*C*R)<\/td>\n<td colspan=\"2\" rowspan=\"1\">\u00a0 270*190*105 cm<\/td>\n<\/tr>\n<tr>\n<td>\u00a0H\u00ecnh th\u1ee9c thanh to\u00e1n<\/td>\n<td colspan=\"2\" rowspan=\"1\">\u00a0Ti\u1ec1n m\u1eb7t ho\u1eb7c chuy\u1ec3n kho\u1ea3n<\/td>\n<\/tr>\n<\/tbody>\n<\/table>\n<p>&nbsp;<\/p>\n","protected":false},"excerpt":{"rendered":"<ul>\n<li><strong>H\u00e3ng s\u1ea3n xu\u1ea5t :<\/strong>\u00a0B\u00ecnh Minh<\/li>\n<li><strong>C\u00f4ng su\u1ea5t \u0111\u1ea7u n\u1ed5 :<\/strong>\u00a011kw ho\u1eb7c D24<\/li>\n<li><strong>N\u0103ng su\u1ea5t :<\/strong>\u00a0(kg)<\/li>\n<li><strong>Tr\u1ecdng l\u01b0\u1ee3ng :<\/strong>\u00a0516 kg<\/li>\n<li><strong>K\u00edch th\u01b0\u1edbc (d*c*r) :<\/strong>\u00a0270*190*105 cm<\/li>\n<li><strong>T\u00ednh n\u0103ng :<\/strong>\u00a0M\u00e1y chuy\u00ean d\u00f9ng b\u0103m nh\u1ecf c\u00e0nh c\u00e2y, c\u00e0nh l\u00e1\u2026 l\u00e0m ch\u1ea5t \u0111\u1ed1t, \u0111\u1ec7m l\u00f3t sinh h\u1ecdc\u2026<\/li>\n<\/ul>\n","protected":false},"featured_media":11098,"comment_status":"closed","ping_status":"closed","template":"","meta":[],"product_brand":[],"product_cat":[41],"product_tag":[91,160,161,117,116],"class_list":{"0":"post-7254","1":"product","2":"type-product","3":"status-publish","4":"has-post-thumbnail","6":"product_cat-may-bam-go","7":"product_tag-may-bam-canh","8":"product_tag-may-bam-canh-dau-no","9":"product_tag-may-bam-go-2t","10":"product_tag-may-bam-go-binh-minh","11":"product_tag-may-bam-go-dau-no","13":"first","14":"instock","15":"shipping-taxable","16":"product-type-simple"},"_links":{"self":[{"href":"https:\/\/congtybinhminh.com\/index.php?rest_route=\/wp\/v2\/product\/7254","targetHints":{"allow":["GET"]}}],"collection":[{"href":"https:\/\/congtybinhminh.com\/index.php?rest_route=\/wp\/v2\/product"}],"about":[{"href":"https:\/\/congtybinhminh.com\/index.php?rest_route=\/wp\/v2\/types\/product"}],"replies":[{"embeddable":true,"href":"https:\/\/congtybinhminh.com\/index.php?rest_route=%2Fwp%2Fv2%2Fcomments&post=7254"}],"wp:featuredmedia":[{"embeddable":true,"href":"https:\/\/congtybinhminh.com\/index.php?rest_route=\/wp\/v2\/media\/11098"}],"wp:attachment":[{"href":"https:\/\/congtybinhminh.com\/index.php?rest_route=%2Fwp%2Fv2%2Fmedia&parent=7254"}],"wp:term":[{"taxonomy":"product_brand","embeddable":true,"href":"https:\/\/congtybinhminh.com\/index.php?rest_route=%2Fwp%2Fv2%2Fproduct_brand&post=7254"},{"taxonomy":"product_cat","embeddable":true,"href":"https:\/\/congtybinhminh.com\/index.php?rest_route=%2Fwp%2Fv2%2Fproduct_cat&post=7254"},{"taxonomy":"product_tag","embeddable":true,"href":"https:\/\/congtybinhminh.com\/index.php?rest_route=%2Fwp%2Fv2%2Fproduct_tag&post=7254"}],"curies":[{"name":"wp","href":"https:\/\/api.w.org\/{rel}","templated":true}]}}