{"id":7227,"date":"2022-07-27T15:22:15","date_gmt":"2022-07-27T08:22:15","guid":{"rendered":"https:\/\/congtybinhminh.com\/?post_type=product&#038;p=7227"},"modified":"2024-02-19T15:18:51","modified_gmt":"2024-02-19T08:18:51","slug":"may-bam-co-7ta","status":"publish","type":"product","link":"https:\/\/congtybinhminh.com\/?product=may-bam-co-7ta","title":{"rendered":"M\u00e1y b\u0103m c\u1ecf 7TA"},"content":{"rendered":"<p><span style=\"color: #000000\"><strong>Xem video tr\u1ef1c ti\u1ebfp t\u1ea1i \u0111\u00e2y:<\/strong><\/span><\/p>\n<p><iframe loading=\"lazy\" title=\"M\u00e1y B\u0103m C\u1ecf 7TA D\u00f9ng \u0110i\u1ec7n Gia \u0110\u00ecnh B\u0103m \u0110\u1ebfn 8 T\u1ea1 C\u1ecf M\u1ed7i Gi\u1edd\" width=\"1020\" height=\"574\" src=\"https:\/\/www.youtube.com\/embed\/R_xL1dWS5wU?start=15&#038;feature=oembed\" frameborder=\"0\" allow=\"accelerometer; autoplay; clipboard-write; encrypted-media; gyroscope; picture-in-picture; web-share\" allowfullscreen><\/iframe><\/p>\n<p><span style=\"color: #000000\">M\u00e1y b\u0103m c\u1ecf 7TA l\u00e0 s\u1ea3n ph\u1ea9m m\u1edbi do c\u00f4ng ty B\u00ecnh Minh nghi\u00ean c\u1ee9u v\u00e0 s\u1ea3n xu\u1ea5t. M\u00e1y c\u00f3 th\u1ec3 b\u0103m \u0111a d\u1ea1ng c\u00e1c nguy\u00ean li\u1ec7u nh\u01b0 c\u1ecf voi, th\u00e2n c\u00e2y ng\u00f4, c\u1ecf x\u1ea3, ng\u1ecdn m\u00eda,&#8230; V\u1edbi phi\u00ean b\u1ea3n m\u1edbi nh\u1ea5t s\u1ebd \u0111\u01b0\u1ee3c thi\u1ebft k\u1ebf \u0111\u1eb7c bi\u1ec7t \u0111\u1ec3 c\u00f3 th\u1ec3 b\u0103m \u0111\u01b0\u1ee3c r\u01a1m<\/span><\/p>\n<p><img loading=\"lazy\" decoding=\"async\" class=\"size-full wp-image-7228 aligncenter\" src=\"https:\/\/congtybinhminh.com\/wp-content\/uploads\/2022\/07\/z3569066027799_582f66ed4f557e26aff8fa49c1c99a66.jpg\" alt=\"7ta-\" width=\"800\" height=\"450\" srcset=\"https:\/\/congtybinhminh.com\/wp-content\/uploads\/2022\/07\/z3569066027799_582f66ed4f557e26aff8fa49c1c99a66.jpg 800w, https:\/\/congtybinhminh.com\/wp-content\/uploads\/2022\/07\/z3569066027799_582f66ed4f557e26aff8fa49c1c99a66-510x287.jpg 510w, https:\/\/congtybinhminh.com\/wp-content\/uploads\/2022\/07\/z3569066027799_582f66ed4f557e26aff8fa49c1c99a66-711x400.jpg 711w, https:\/\/congtybinhminh.com\/wp-content\/uploads\/2022\/07\/z3569066027799_582f66ed4f557e26aff8fa49c1c99a66-768x432.jpg 768w\" sizes=\"auto, (max-width: 800px) 100vw, 800px\" \/><\/p>\n<h2><span style=\"color: #000000\"><strong>\u01afu \u0111i\u1ec3m m\u00e1y b\u0103m c\u1ecf 7TA<\/strong><\/span><\/h2>\n<ul>\n<li><span style=\"color: #000000\">Cho n\u0103ng su\u1ea5t cao, gi\u00fap b\u00e0 con ti\u1ebft ki\u1ec7m th\u1eddi gian, c\u00f4ng s\u1ee9c trong vi\u1ec7c ch\u1ebf bi\u1ebfn th\u1ee9c \u0103n cho \u0111\u00e0n gia s\u00fac<\/span><\/li>\n<li><span style=\"color: #000000\">B\u0103m \u0111\u01b0\u1ee3c t\u1ed1i \u0111a nguy\u00ean li\u1ec7u kh\u00f4ng g\u00e2y l\u00e3ng ph\u00ed th\u1ee9c \u0103n<\/span><\/li>\n<li><span style=\"color: #000000\">\u00a0T\u1ea5m ch\u1eafn c\u1eeda x\u1ea3 gi\u00fap ng\u01b0\u1eddi d\u00f9ng c\u00f3 th\u1ec3 t\u1ef1 \u0111i\u1ec1u ch\u1ec9nh h\u01b0\u1edbng phun c\u1ecf \u0111\u1ebfn v\u1ecb tr\u00ed mong mu\u1ed1n m\u00e0 kh\u00f4ng m\u1ea5t nhi\u1ec1u th\u1eddi gian thu gom nguy\u00ean li\u1ec7u.<\/span><\/li>\n<li><span style=\"color: #000000\">Th\u00e0nh ph\u1ea9m sau khi b\u0103m c\u00f3 th\u1ec3 cho v\u1eadt nu\u00f4i d\u00f9ng ngay ho\u1eb7c \u1ee7 chua d\u00f9ng d\u1ea7n<\/span><\/li>\n<\/ul>\n<p><img loading=\"lazy\" decoding=\"async\" class=\"size-full wp-image-7229 aligncenter\" src=\"https:\/\/congtybinhminh.com\/wp-content\/uploads\/2022\/07\/may-bam-rom.jpg\" alt=\"may-bam-rom\" width=\"800\" height=\"537\" srcset=\"https:\/\/congtybinhminh.com\/wp-content\/uploads\/2022\/07\/may-bam-rom.jpg 800w, https:\/\/congtybinhminh.com\/wp-content\/uploads\/2022\/07\/may-bam-rom-510x342.jpg 510w, https:\/\/congtybinhminh.com\/wp-content\/uploads\/2022\/07\/may-bam-rom-596x400.jpg 596w, https:\/\/congtybinhminh.com\/wp-content\/uploads\/2022\/07\/may-bam-rom-768x516.jpg 768w\" sizes=\"auto, (max-width: 800px) 100vw, 800px\" \/><\/p>\n<ul>\n<li><span style=\"color: #000000\">\u00a0Thi\u1ebft k\u1ebf c\u00f3 b\u00e1nh xe thu\u1eadn ti\u1ec7n di chuy\u1ec3n v\u1ecb tr\u00ed \u0111\u1eb7t m\u00e1y<\/span><\/li>\n<li><span style=\"color: #000000\">M\u00e1y c\u00f3 kh\u1ea3 n\u0103ng b\u0103m \u0111a d\u1ea1ng c\u00e1c lo\u1ea1i c\u1ecf nh\u01b0 c\u1ecf voi, c\u1ecf s\u1ea3, th\u00e2n c\u00e2y ng\u00f4.. l\u00e0m th\u1ee9c ch\u0103n cho gia s\u00fac. Ngo\u00e0i ra, m\u00e1y c\u00f3 th\u1ec3 h\u1ed7 tr\u1ee3 b\u0103m nh\u1ecf r\u01a1m l\u00e0m nguy\u00ean li\u1ec7u l\u00e0m gi\u00e1 th\u1ec3 tr\u1ed3ng n\u1ea5m, \u0111\u1ec7m l\u00f3t sinh h\u1ecdc\u2026<\/span><\/li>\n<li><span style=\"color: #000000\">Ngo\u00e0i ra \u1edf\u00a0c\u00e1c h\u1ed9 gia \u0111\u00ecnh hay trang tr\u1ea1i ch\u0103n nu\u00f4i \u1edf v\u00f9ng s\u00e2u, v\u00f9ng xa kh\u00f4ng c\u00f3 \u0111i\u1ec7n, hay \u0111i\u1ec7n nh\u00e0 y\u1ebfu kh\u00f4ng \u0111\u1ee7 t\u1ea3i \u0111\u1ec3 ch\u1ea1y m\u00e1y c\u00f3 th\u1ec3 d\u00f9ng \u0111\u1ea7u n\u1ed5 5,5Hp \u0111\u1ec3 ch\u1ea1y m\u00e1y b\u0103m c\u1ecf 7TA<\/span><\/li>\n<\/ul>\n<p><img loading=\"lazy\" decoding=\"async\" class=\"size-full wp-image-7230 aligncenter\" src=\"https:\/\/congtybinhminh.com\/wp-content\/uploads\/2022\/07\/cau-tao-may-bam-co-7ta.jpg\" alt=\"cau-tao-may-bam-co-7ta\" width=\"800\" height=\"600\" srcset=\"https:\/\/congtybinhminh.com\/wp-content\/uploads\/2022\/07\/cau-tao-may-bam-co-7ta.jpg 800w, https:\/\/congtybinhminh.com\/wp-content\/uploads\/2022\/07\/cau-tao-may-bam-co-7ta-510x383.jpg 510w, https:\/\/congtybinhminh.com\/wp-content\/uploads\/2022\/07\/cau-tao-may-bam-co-7ta-533x400.jpg 533w, https:\/\/congtybinhminh.com\/wp-content\/uploads\/2022\/07\/cau-tao-may-bam-co-7ta-768x576.jpg 768w\" sizes=\"auto, (max-width: 800px) 100vw, 800px\" \/><\/p>\n<h2><span style=\"color: #000000\"><strong>C\u1ea5u t\u1ea1o m\u00e1y b\u0103m c\u1ecf 7TA<\/strong><\/span><\/h2>\n<p><span style=\"color: #000000\">Thi\u1ebft k\u1ebf nh\u1ecf g\u1ecdn kh\u00f4ng chi\u1ebfm nhi\u1ec1u di\u1ec7n t\u00edch, ph\u1ea7n khung g\u00e2y rung l\u1eafc trong qu\u00e1 tr\u00ecnh v\u1eadn h\u00e0nh. M\u00e1y \u0111\u01b0\u1ee3c k\u1ebft h\u1ee3p v\u1edbi 4 b\u00e1nh xe thu\u1eadn ti\u1ec7n di chuy\u1ec3n v\u1ecb tr\u00ed \u0111\u1ea1t m\u00e1y.<\/span><\/p>\n<p><span style=\"color: #000000\">Toa n\u1ea1p \u0111\u01b0\u1ee3c thi\u1ebft k\u1ebf n\u1eb1m ngang v\u1edbi \u0111\u1ed9 cao v\u1eeba t\u1ea7m v\u1edbi ng\u01b0\u1eddi d\u00f9ng an to\u00e0n khi s\u1eed d\u1ee5ng<\/span><\/p>\n<p><img loading=\"lazy\" decoding=\"async\" class=\"size-full wp-image-7231 aligncenter\" src=\"https:\/\/congtybinhminh.com\/wp-content\/uploads\/2022\/07\/toa-nap-may-bam-co.jpg\" alt=\"toa-nap-may-bam-co\" width=\"800\" height=\"600\" srcset=\"https:\/\/congtybinhminh.com\/wp-content\/uploads\/2022\/07\/toa-nap-may-bam-co.jpg 800w, https:\/\/congtybinhminh.com\/wp-content\/uploads\/2022\/07\/toa-nap-may-bam-co-510x383.jpg 510w, https:\/\/congtybinhminh.com\/wp-content\/uploads\/2022\/07\/toa-nap-may-bam-co-533x400.jpg 533w, https:\/\/congtybinhminh.com\/wp-content\/uploads\/2022\/07\/toa-nap-may-bam-co-768x576.jpg 768w\" sizes=\"auto, (max-width: 800px) 100vw, 800px\" \/><\/p>\n<p><span style=\"color: #000000\">Ph\u1ea7n c\u1eeda x\u1ea3 c\u00f3 t\u1ea5m ch\u1eafn \u0111i\u1ec1u h\u01b0\u1edbng, ng\u01b0\u1eddi d\u00f9ng c\u00f3 th\u1ec3 \u0111i\u1ec1u ch\u1ec9nh h\u01b0\u1edbng phun c\u1ecf. N\u00e2ng t\u1ea5m ch\u1eafn n\u1ebfu mu\u1ed1n c\u1ecf phun xa v\u00e0 ng\u01b0\u1ee3c l\u1ea1i<\/span><\/p>\n<p><span style=\"color: #000000\">M\u00e1y \u0111\u01b0\u1ee3c trang b\u1ecb h\u1ec7 th\u1ed1ng dao g\u1ed3m 8 dao b\u0103m 2 l\u01b0\u1ee1i r\u00e8n s\u1eafc b\u00e9n, b\u0103m nh\u1ecf \u0111\u1ea7y th\u00e0nh ph\u1ea7m phun ra c\u1eeda x\u1ea3.<\/span><\/p>\n<p><span style=\"color: #000000\">Ngo\u00e0i ra, m\u00e1y \u0111\u01b0\u1ee3c c\u1ea3i ti\u1ebfn l\u00f4 cu\u1ed1n l\u01b0\u1ee1i b\u00e1nh r\u0103ng g\u1ed3m 3 b\u00e1nh r\u0103ng v\u00e0 3 b\u00e1nh th\u01b0\u1eddng. Qua \u0111\u00f3, c\u00f3 th\u1ec3 h\u1ed7 tr\u1ee3 ng\u01b0\u1eddi d\u00f9ng x\u1eed l\u00fd b\u0103m nh\u1ecf r\u01a1m l\u00e0m gi\u00e1 th\u1ec3 tr\u1ed3ng n\u1ea5m, l\u00e0m \u0111\u1ec7m l\u00f3t sinh h\u1ecdc.<\/span><\/p>\n<p><img loading=\"lazy\" decoding=\"async\" class=\"size-full wp-image-7232 aligncenter\" src=\"https:\/\/congtybinhminh.com\/wp-content\/uploads\/2022\/07\/buong-dao-bam-co.jpg\" alt=\"buong-dao-bam-co\" width=\"800\" height=\"628\" srcset=\"https:\/\/congtybinhminh.com\/wp-content\/uploads\/2022\/07\/buong-dao-bam-co.jpg 800w, https:\/\/congtybinhminh.com\/wp-content\/uploads\/2022\/07\/buong-dao-bam-co-510x400.jpg 510w, https:\/\/congtybinhminh.com\/wp-content\/uploads\/2022\/07\/buong-dao-bam-co-768x603.jpg 768w\" sizes=\"auto, (max-width: 800px) 100vw, 800px\" \/><\/p>\n<p><span style=\"color: #000000\">S\u1eed d\u1ee5ng \u0111\u1ed9ng c\u01a1 3,5 kw d\u00f9ng \u0111i\u1ec7n gia \u0111\u00ecnh 220V motor l\u00f5i d\u00e2y \u0111\u1ed3ng 100% cho n\u0103ng su\u1ea5t cao \u0111\u1ea1t kho\u1ea3ng 800 \u2013 1000 kg\/gi\u1edd<\/span><\/p>\n<p><span style=\"color: #000000\">Ngo\u00e0i ra, m\u00e1y \u0111\u01b0\u1ee3c trang b\u1ecb h\u1ed9p ch\u1eafn b\u1ea3o v\u1ec7 d\u00e2y curoa \u0111\u1ea3m b\u1ea3o an to\u00e0n cho ng\u01b0\u1eddi d\u00f9ng trong qu\u00e1 tr\u00ecnh v\u1eadn h\u00e0nh<\/span><\/p>\n<h2><strong><span style=\"color: #000000\">Th\u00f4ng s\u1ed1 k\u1ef9 thu\u1eadt<\/span><\/strong><\/h2>\n<p><img loading=\"lazy\" decoding=\"async\" class=\"size-full wp-image-7233 aligncenter\" src=\"https:\/\/congtybinhminh.com\/wp-content\/uploads\/2022\/07\/2022-07-26_16-56-04.jpg\" alt=\"thong-so-7ta\" width=\"800\" height=\"479\" srcset=\"https:\/\/congtybinhminh.com\/wp-content\/uploads\/2022\/07\/2022-07-26_16-56-04.jpg 800w, https:\/\/congtybinhminh.com\/wp-content\/uploads\/2022\/07\/2022-07-26_16-56-04-510x305.jpg 510w, https:\/\/congtybinhminh.com\/wp-content\/uploads\/2022\/07\/2022-07-26_16-56-04-668x400.jpg 668w, https:\/\/congtybinhminh.com\/wp-content\/uploads\/2022\/07\/2022-07-26_16-56-04-768x460.jpg 768w\" sizes=\"auto, (max-width: 800px) 100vw, 800px\" \/><\/p>\n<p><span style=\"color: #000000\">B\u00e0 con c\u0169ng c\u00f3 th\u1ec3 tham kh\u1ea3o d\u00f2ng m\u00e1y b\u0103m c\u1ecf kh\u00e1c c\u1ee7a c\u00f4ng ty s\u1ea3n xu\u1ea5t nh\u01b0: <strong><a href=\"https:\/\/congtybinhminh.com\/sp\/may-bam-co-nam-g250\/\">M\u00e1y b\u0103m c\u1ecf G250<\/a><\/strong>, <strong><a href=\"https:\/\/congtybinhminh.com\/sp\/may-bam-co-mc-5ta\/\">M\u00e1y b\u0103m c\u1ecf 5TA<\/a><\/strong>,&#8230;<\/span><\/p>\n","protected":false},"excerpt":{"rendered":"<ul>\n<li><span style=\"color: #ed1c24\"><strong>H\u00e3ng s\u1ea3n xu\u1ea5t:<\/strong>\u00a0<span style=\"color: #000000\">B\u00ecnh Minh<\/span><\/span><\/li>\n<li><strong><span style=\"color: #ed1c24\">C\u00f4ng su\u1ea5t \u0111\u1ed9ng c\u01a1<\/span>:<\/strong>\u00a03,5 kw<\/li>\n<li><strong><span style=\"color: #ed1c24\">T\u1ed1c \u0111\u1ed9<\/span>:<\/strong>\u00a01450 v\/p<\/li>\n<li><strong><span style=\"color: #ed1c24\">Ngu\u1ed3n \u0111i\u1ec7n<\/span>:<\/strong>\u00a0220V<\/li>\n<li><strong><span style=\"color: #ed1c24\">N\u0103ng su\u1ea5t<\/span>:<\/strong>\u00a0800 \u2013 1000 kg\/gi\u1edd<\/li>\n<li><strong><span style=\"color: #ed1c24\">Tr\u1ecdng l\u01b0\u1ee3ng<\/span>:<\/strong>\u00a092 kg ( nguy\u00ean b\u1ed9)<\/li>\n<li><strong><span style=\"color: #ed1c24\">K\u00edch th\u01b0\u1edbc<\/span> :<\/strong>\u00a0120*81*50 cm<\/li>\n<\/ul>\n","protected":false},"featured_media":9357,"comment_status":"closed","ping_status":"closed","template":"","meta":[],"product_brand":[],"product_cat":[40],"product_tag":[79,157,45,47,143,89,158],"class_list":{"0":"post-7227","1":"product","2":"type-product","3":"status-publish","4":"has-post-thumbnail","6":"product_cat-may-bam-co","7":"product_tag-may-bam-co","8":"product_tag-may-bam-co-7ta","9":"product_tag-may-bam-co-binh-minh","10":"product_tag-may-bam-co-gia-re","11":"product_tag-may-bam-mia","12":"product_tag-may-bam-rom","13":"product_tag-may-bam-rom-gia-re","15":"first","16":"instock","17":"shipping-taxable","18":"product-type-simple"},"_links":{"self":[{"href":"https:\/\/congtybinhminh.com\/index.php?rest_route=\/wp\/v2\/product\/7227","targetHints":{"allow":["GET"]}}],"collection":[{"href":"https:\/\/congtybinhminh.com\/index.php?rest_route=\/wp\/v2\/product"}],"about":[{"href":"https:\/\/congtybinhminh.com\/index.php?rest_route=\/wp\/v2\/types\/product"}],"replies":[{"embeddable":true,"href":"https:\/\/congtybinhminh.com\/index.php?rest_route=%2Fwp%2Fv2%2Fcomments&post=7227"}],"wp:featuredmedia":[{"embeddable":true,"href":"https:\/\/congtybinhminh.com\/index.php?rest_route=\/wp\/v2\/media\/9357"}],"wp:attachment":[{"href":"https:\/\/congtybinhminh.com\/index.php?rest_route=%2Fwp%2Fv2%2Fmedia&parent=7227"}],"wp:term":[{"taxonomy":"product_brand","embeddable":true,"href":"https:\/\/congtybinhminh.com\/index.php?rest_route=%2Fwp%2Fv2%2Fproduct_brand&post=7227"},{"taxonomy":"product_cat","embeddable":true,"href":"https:\/\/congtybinhminh.com\/index.php?rest_route=%2Fwp%2Fv2%2Fproduct_cat&post=7227"},{"taxonomy":"product_tag","embeddable":true,"href":"https:\/\/congtybinhminh.com\/index.php?rest_route=%2Fwp%2Fv2%2Fproduct_tag&post=7227"}],"curies":[{"name":"wp","href":"https:\/\/api.w.org\/{rel}","templated":true}]}}