{"id":7019,"date":"2022-06-30T10:52:22","date_gmt":"2022-06-30T03:52:22","guid":{"rendered":"https:\/\/congtybinhminh.com\/?post_type=product&#038;p=7019"},"modified":"2022-06-30T10:58:35","modified_gmt":"2022-06-30T03:58:35","slug":"may-bam-co-cong-nghiep-6t-dau-no","status":"publish","type":"product","link":"https:\/\/congtybinhminh.com\/?product=may-bam-co-cong-nghiep-6t-dau-no","title":{"rendered":"M\u00e1y B\u0103m C\u1ecf C\u00f4ng Nghi\u1ec7p 6T + \u0110\u1ea7u n\u1ed5"},"content":{"rendered":"<p><span style=\"color: #000000;\"><strong>Xem video tr\u1ef1c ti\u1ebfp t\u1ea1i \u0111\u00e2y:<\/strong><\/span><br \/>\n<iframe loading=\"lazy\" title=\"YouTube video player\" src=\"https:\/\/www.youtube.com\/embed\/K7_HD6f1vfk\" width=\"100%\" height=\"480px\" frameborder=\"0\" allowfullscreen=\"allowfullscreen\"><span data-mce-type=\"bookmark\" style=\"display: inline-block; width: 0px; overflow: hidden; line-height: 0;\" class=\"mce_SELRES_start\">\ufeff<\/span><\/iframe><\/p>\n<p><span style=\"color: #000000;\">\u0110\u1ec3 \u0111\u00e1p \u1ee9ng nhu c\u1ea7u\u00a0 b\u0103m c\u1ecf voi, c\u1ecf s\u1ea3, th\u00e2n c\u00e2y ng\u00f4, .. v\u00e0 c\u00e1c ph\u1ee5 ph\u1ea9m n\u00f4ng nghi\u1ec7p kh\u00e1c v\u1edbi n\u0103ng su\u1ea5t cao m\u00e0 l\u1ea1i kh\u00f4ng c\u00f3 ngu\u1ed3n \u0111i\u1ec7n 3 pha. C\u00f4ng ty B\u00ecnh Minh \u0111\u00e3 thi\u1ebft k\u1ebf d\u00f2ng s\u1ea3n ph\u1ea9m m\u00e1y b\u0103m c\u1ecf c\u00f4ng nghi\u1ec7p 6T k\u1ebft h\u1ee3p v\u1edbi h\u1ec7 th\u1ed1ng \u0111\u1ea7u n\u1ed5 30Hp r\u1ea5t ph\u00f9 h\u1ee3p v\u1edbi c\u00e1c trang tr\u1ea1i r\u1ed9ng l\u1edbn ho\u1eb7c mu\u1ed1n b\u0103m tr\u1ef1c ti\u1ebfp tr\u00ean \u0111\u1ed3ng lu\u00f4n<\/span><\/p>\n<p><img loading=\"lazy\" decoding=\"async\" class=\"size-full wp-image-7021 aligncenter\" src=\"https:\/\/congtybinhminh.com\/wp-content\/uploads\/2022\/06\/Presentation3.jpg\" alt=\"may-bam-co-6t\" width=\"800\" height=\"600\" srcset=\"https:\/\/congtybinhminh.com\/wp-content\/uploads\/2022\/06\/Presentation3.jpg 800w, https:\/\/congtybinhminh.com\/wp-content\/uploads\/2022\/06\/Presentation3-510x383.jpg 510w, https:\/\/congtybinhminh.com\/wp-content\/uploads\/2022\/06\/Presentation3-533x400.jpg 533w, https:\/\/congtybinhminh.com\/wp-content\/uploads\/2022\/06\/Presentation3-768x576.jpg 768w\" sizes=\"auto, (max-width: 800px) 100vw, 800px\" \/><\/p>\n<h2><strong><span style=\"color: #000000;\">\u01afu \u0111i\u1ec3m m\u00e1y b\u0103m c\u1ecf c\u00f4ng nghi\u1ec7p 6T \u0111\u1ea7u n\u1ed5<\/span><\/strong><\/h2>\n<ul>\n<li><span style=\"color: #000000;\">Th\u00e0nh ph\u1ea9m sau khi b\u0103m c\u00f3 th\u1ec3 cho v\u1eadt nu\u00f4i d\u00f9ng ngay ho\u1eb7c \u1ee7 chua d\u00f9ng d\u1ea7n<\/span><\/li>\n<li><span style=\"color: #000000;\">K\u00edch th\u01b0\u1edbc b\u0103m \u0111\u1ed3ng \u0111\u1ec1u gi\u00fap v\u1eadt nu\u00f4i d\u1ec5 \u0103n, d\u1ec5 h\u1ea5p thu d\u01b0\u1ee1ng ch\u1ea5t<\/span><\/li>\n<li><span style=\"color: #000000;\">S\u1eed d\u1ee5ng \u0111\u1ea7u n\u1ed5 ch\u1ea1y m\u00e1y, thu\u1eadn ti\u1ec7n trong qu\u00e1 tr\u00ecnh s\u1eed d\u1ee5ng kh\u00f4ng ph\u1ea3i lo v\u1ea5n \u0111\u1ec1 \u0111i\u1ec7n y\u1ebfu, \u0111i\u1ec7n kh\u00f4ng \u0111\u1ee7 t\u1ea3i ho\u1eb7c s\u1eed d\u1ee5ng ngo\u00e0i c\u00e1nh \u0111\u1ed3ng<\/span><\/li>\n<\/ul>\n<p><img loading=\"lazy\" decoding=\"async\" class=\"size-full wp-image-7022 aligncenter\" src=\"https:\/\/congtybinhminh.com\/wp-content\/uploads\/2022\/06\/z3311596669941_4dea041cf0336fb375a1e105da8c4f97.jpg\" alt=\"6T-dau-no\" width=\"800\" height=\"600\" srcset=\"https:\/\/congtybinhminh.com\/wp-content\/uploads\/2022\/06\/z3311596669941_4dea041cf0336fb375a1e105da8c4f97.jpg 800w, https:\/\/congtybinhminh.com\/wp-content\/uploads\/2022\/06\/z3311596669941_4dea041cf0336fb375a1e105da8c4f97-510x383.jpg 510w, https:\/\/congtybinhminh.com\/wp-content\/uploads\/2022\/06\/z3311596669941_4dea041cf0336fb375a1e105da8c4f97-533x400.jpg 533w, https:\/\/congtybinhminh.com\/wp-content\/uploads\/2022\/06\/z3311596669941_4dea041cf0336fb375a1e105da8c4f97-768x576.jpg 768w\" sizes=\"auto, (max-width: 800px) 100vw, 800px\" \/><\/p>\n<h2><strong><span style=\"color: #000000;\">C\u1ea5u t\u1ea1o c\u1ee7a m\u00e1y b\u0103m c\u1ecf c\u00f4ng nghi\u1ec7p 6T<\/span><\/strong><\/h2>\n<ul>\n<li><span style=\"color: #000000;\">Thu\u1ed9c d\u00f2ng m\u00e1y c\u00f4ng nghi\u1ec7p, m\u00e1y b\u0103m c\u1ecf 6T \u0111\u01b0\u1ee3c thi\u1ebft k\u1ebf l\u1edbn v\u1edbi khung m\u00e1y ch\u1eafc ch\u1eafn, l\u1eafp \u0111\u1eb7t b\u00e1nh xe l\u1edbn k\u1ebft h\u1ee3p tay k\u00e9o thu\u1eadn ti\u1ec7n di chuy\u1ec3n v\u1ecb tr\u00ed \u0111\u1eb7t m\u00e1y.<\/span><\/li>\n<li><span style=\"color: #000000;\">S\u1eed d\u1ee5ng \u0111\u1ea7u n\u1ed5 ch\u1ea1y m\u00e1y thu\u1eadn ti\u1ec7n cho qu\u00e1 tr\u00ecnh s\u1eed d\u1ee5ng th\u00edch h\u1ee3p cho c\u00e1c trang tr\u1ea1i ch\u0103n nu\u00f4i quy m\u00f4 v\u1eeba v\u00e0 l\u1edbn<\/span><\/li>\n<\/ul>\n<p><img loading=\"lazy\" decoding=\"async\" class=\"size-full wp-image-7023 aligncenter\" src=\"https:\/\/congtybinhminh.com\/wp-content\/uploads\/2022\/06\/dau-no.jpg\" alt=\"dau-no\" width=\"800\" height=\"600\" srcset=\"https:\/\/congtybinhminh.com\/wp-content\/uploads\/2022\/06\/dau-no.jpg 800w, https:\/\/congtybinhminh.com\/wp-content\/uploads\/2022\/06\/dau-no-510x383.jpg 510w, https:\/\/congtybinhminh.com\/wp-content\/uploads\/2022\/06\/dau-no-533x400.jpg 533w, https:\/\/congtybinhminh.com\/wp-content\/uploads\/2022\/06\/dau-no-768x576.jpg 768w\" sizes=\"auto, (max-width: 800px) 100vw, 800px\" \/><\/p>\n<ul>\n<li><span style=\"color: #000000;\">M\u00e1y b\u0103m c\u1ecf c\u00f4ng nghi\u1ec7p 6T \u0111\u1ea7u n\u1ed5 thi\u1ebft k\u1ebf h\u1ec7 th\u1ed1ng b\u0103ng t\u1ea3i t\u1ef1 \u0111\u1ed9ng \u0111\u01b0a nguy\u00ean li\u1ec7u v\u00e0o bu\u1ed3ng b\u0103m m\u00e0 ng\u01b0\u1eddi d\u00f9ng kh\u00f4ng ph\u1ea3i d\u00f9ng tay \u0111\u1ec3 \u0111\u01b0a tr\u1ef1c ti\u1ebfp nguy\u00ean li\u1ec7u v\u00e0o toa<\/span><\/li>\n<li><span style=\"color: #000000;\">B\u0103ng t\u1ea3i \u0111\u01b0\u1ee3c thi\u1ebft k\u1ebf n\u1eb1m ngang, \u0111\u1ed9 cao v\u1eeba t\u1ea7m v\u1edbi ng\u01b0\u1eddi d\u00f9ng an to\u00e0n khi s\u1eed d\u1ee5ng.<\/span><\/li>\n<\/ul>\n<p><img loading=\"lazy\" decoding=\"async\" class=\"size-full wp-image-7024 aligncenter\" src=\"https:\/\/congtybinhminh.com\/wp-content\/uploads\/2022\/06\/may-bam-co-co-bang-tai.jpg\" alt=\"may-bam-co-co-bang-tai\" width=\"800\" height=\"592\" srcset=\"https:\/\/congtybinhminh.com\/wp-content\/uploads\/2022\/06\/may-bam-co-co-bang-tai.jpg 800w, https:\/\/congtybinhminh.com\/wp-content\/uploads\/2022\/06\/may-bam-co-co-bang-tai-510x377.jpg 510w, https:\/\/congtybinhminh.com\/wp-content\/uploads\/2022\/06\/may-bam-co-co-bang-tai-541x400.jpg 541w, https:\/\/congtybinhminh.com\/wp-content\/uploads\/2022\/06\/may-bam-co-co-bang-tai-768x568.jpg 768w\" sizes=\"auto, (max-width: 800px) 100vw, 800px\" \/><\/p>\n<ul>\n<li><span style=\"color: #000000;\">Th\u00e0nh ph\u1ea9m sau khi b\u0103m \u0111\u01b0\u1ee3c \u0111\u01b0a l\u00ean c\u1eeda x\u1ea3 tr\u00ean, \u0111\u1ed9 phun xa l\u00ean t\u1eddi 1 \u2013 3m c\u00f3 th\u1ec3 x\u1ea3 v\u00e0o th\u00f9ng ch\u1ee9a m\u1ed9t c\u00e1ch thu\u1eadn ti\u1ec7n<\/span><\/li>\n<li><span style=\"color: #000000;\">H\u1ec7 th\u1ed1ng bu\u1ed3ng dao b\u0103m g\u1ed3m: 4 dao to d\u1ea7y d\u1eb7n s\u1eafc b\u00e9n v\u00e0 16 b\u00faa nghi\u1ec1n k\u1ebft h\u1ee3p v\u1edbi b\u1ed9 l\u00f4 cu\u1ed1n h\u00fat nguy\u00ean li\u1ec7u r\u1ed3i b\u0103m nh\u1ecf ch\u00fang. Th\u00e0nh ph\u1ea9m sau khi b\u0103m s\u1ebd \u0111\u01b0\u1ee3c phun ra ngo\u00e0i c\u1eeda x\u1ea3.<\/span><\/li>\n<\/ul>\n<p><img loading=\"lazy\" decoding=\"async\" class=\"size-full wp-image-7026 aligncenter\" src=\"https:\/\/congtybinhminh.com\/wp-content\/uploads\/2022\/06\/buong-dao-bam.jpg\" alt=\"buong-dao-bam\" width=\"800\" height=\"600\" srcset=\"https:\/\/congtybinhminh.com\/wp-content\/uploads\/2022\/06\/buong-dao-bam.jpg 800w, https:\/\/congtybinhminh.com\/wp-content\/uploads\/2022\/06\/buong-dao-bam-510x383.jpg 510w, https:\/\/congtybinhminh.com\/wp-content\/uploads\/2022\/06\/buong-dao-bam-533x400.jpg 533w, https:\/\/congtybinhminh.com\/wp-content\/uploads\/2022\/06\/buong-dao-bam-768x576.jpg 768w\" sizes=\"auto, (max-width: 800px) 100vw, 800px\" \/><\/p>\n<ul>\n<li><span style=\"color: #000000;\">Tr\u00ean th\u00e2n m\u00e1y \u0111\u01b0\u1ee3c thi\u1ebft k\u1ebf v\u1edbi h\u1ed9p s\u1ed1 tinh ch\u1ec9nh t\u1ed1c \u0111\u1ed9 nhanh\/ ch\u1eadm c\u1ee7a l\u00f4 cu\u1ed1n v\u00e0 b\u0103ng t\u1ea3i.<\/span><\/li>\n<li><span style=\"color: #000000;\">Nh\u1edd \u0111\u00f3 cho ra th\u00e0nh ph\u1ea9m to hay nh\u1ecf v\u1edbi k\u00edch th\u01b0\u1edbc t\u1eeb 1 \u2013 3 cm. \u0110\u1eb7c bi\u1ec7t, b\u0103ng t\u1ea3i c\u00f3 th\u1ec3 \u0111i\u1ec1u ch\u1ec9nh cu\u1ed1n theo chi\u1ec1u ng\u01b0\u1ee3c l\u1ea1i gi\u00fap \u0111\u01b0a nguy\u00ean li\u1ec7u ra ngo\u00e0i n\u1ebfu qu\u1ea3 l\u00f4 b\u1ecb k\u1eb9t.<\/span><\/li>\n<\/ul>\n<p><img loading=\"lazy\" decoding=\"async\" class=\"size-full wp-image-7025 aligncenter\" src=\"https:\/\/congtybinhminh.com\/wp-content\/uploads\/2022\/06\/cau-tao-may-bam-co-6T-dau-no.jpg\" alt=\"cau-tao-may-bam-co-6T-dau-no\" width=\"800\" height=\"566\" srcset=\"https:\/\/congtybinhminh.com\/wp-content\/uploads\/2022\/06\/cau-tao-may-bam-co-6T-dau-no.jpg 800w, https:\/\/congtybinhminh.com\/wp-content\/uploads\/2022\/06\/cau-tao-may-bam-co-6T-dau-no-510x361.jpg 510w, https:\/\/congtybinhminh.com\/wp-content\/uploads\/2022\/06\/cau-tao-may-bam-co-6T-dau-no-565x400.jpg 565w, https:\/\/congtybinhminh.com\/wp-content\/uploads\/2022\/06\/cau-tao-may-bam-co-6T-dau-no-768x543.jpg 768w\" sizes=\"auto, (max-width: 800px) 100vw, 800px\" \/><\/p>\n<h2><strong><span style=\"color: #000000;\">Th\u00f4ng s\u1ed1 k\u1ef9 thu\u1eadt c\u1ee7a m\u00e1y<\/span><\/strong><\/h2>\n<p><img loading=\"lazy\" decoding=\"async\" class=\"size-full wp-image-7020 aligncenter\" src=\"https:\/\/congtybinhminh.com\/wp-content\/uploads\/2022\/06\/2022-06-30_10-05-45.jpg\" alt=\"thong-so\" width=\"800\" height=\"478\" srcset=\"https:\/\/congtybinhminh.com\/wp-content\/uploads\/2022\/06\/2022-06-30_10-05-45.jpg 800w, https:\/\/congtybinhminh.com\/wp-content\/uploads\/2022\/06\/2022-06-30_10-05-45-510x305.jpg 510w, https:\/\/congtybinhminh.com\/wp-content\/uploads\/2022\/06\/2022-06-30_10-05-45-669x400.jpg 669w, https:\/\/congtybinhminh.com\/wp-content\/uploads\/2022\/06\/2022-06-30_10-05-45-768x459.jpg 768w\" sizes=\"auto, (max-width: 800px) 100vw, 800px\" \/><\/p>\n<p><span style=\"color: #000000;\">Ngo\u00e0i ra c\u00f4ng ty c\u00f2n ch\u1ebf t\u1ea1o c\u00e1c d\u00f2ng m\u00e1y b\u0103m c\u1ecf v\u1edbi n\u0103ng su\u1ea5t kh\u00e1c nhau. M\u1eddi b\u00e0 con tham kh\u1ea3o <strong><a href=\"https:\/\/congtybinhminh.com\/sp\/tong-hop-cac-dong-may-bam-co-cong-nghiep-duoc-ua-chuong-nhat\/\"><span style=\"color: #0000ff;\">T\u1ed5ng h\u1ee3p c\u00e1c d\u00f2ng m\u00e1y b\u0103m c\u1ecf c\u00f4ng nghi\u1ec7p<\/span><\/a><\/strong> c\u1ee7a c\u00f4ng ty B\u00ecnh Minh<\/span><\/p>\n<p>&nbsp;<\/p>\n","protected":false},"excerpt":{"rendered":"<ul>\n<li><span style=\"color: #ed1c24;\"><strong>H\u00e3ng s\u1ea3n xu\u1ea5t:<\/strong><\/span>\u00a0B\u00ecnh Minh<\/li>\n<li><strong><span style=\"color: #ed1c24;\">C\u00f4ng su\u1ea5t \u0111\u1ea7u n\u1ed5<\/span>:<\/strong>\u00a0D30<\/li>\n<li><span style=\"color: #ed1c24;\"><strong>N\u0103ng su\u1ea5t:<\/strong><\/span> 4 \u2013 6 t\u1ea5n\/gi\u1edd<\/li>\n<li><strong><span style=\"color: #ed1c24;\">Tr\u1ecdng l\u01b0\u1ee3ng<\/span>:\u00a0<\/strong>840 kg ( kh\u00f4ng \u0111\u1ea7u n\u1ed5)<\/li>\n<li><strong><span style=\"color: #ed1c24;\">K\u00edch th\u01b0\u1edbc (D*C*R<\/span>):<\/strong>\u00a0264*333*230cm<\/li>\n<li><strong><span style=\"color: #ed1c24;\">T\u00ednh n\u0103ng<\/span>:<\/strong>\u00a0M\u00e1y chuy\u00ean d\u00f9ng b\u0103m c\u1ecf voi, c\u1ecf s\u1ea3, th\u00e2n c\u00e2y ng\u00f4, .. v\u00e0 c\u00e1c ph\u1ee5 ph\u1ea9m n\u00f4ng nghi\u1ec7p kh\u00e1c ph\u1ee5c v\u1ee5 c\u00e1c trang tr\u1ea1i ch\u0103n nu\u00f4i v\u00e0 c\u01a1 s\u1edf ch\u1ebf bi\u1ebfn v\u1eeba v\u00e0 l\u1edbn<\/li>\n<\/ul>\n","protected":false},"featured_media":7027,"comment_status":"closed","ping_status":"closed","template":"","meta":[],"product_brand":[],"product_cat":[40],"product_tag":[150,48,81,45,56,144,108],"class_list":{"0":"post-7019","1":"product","2":"type-product","3":"status-publish","4":"has-post-thumbnail","6":"product_cat-may-bam-co","7":"product_tag-may-6t","8":"product_tag-may-bam-cay-ngo","9":"product_tag-may-bam-co-6t","10":"product_tag-may-bam-co-binh-minh","11":"product_tag-may-bam-co-chinh-hang","12":"product_tag-may-bam-co-dau-no","13":"product_tag-may-bam-co-nang-suat-cao","15":"first","16":"instock","17":"shipping-taxable","18":"product-type-simple"},"_links":{"self":[{"href":"https:\/\/congtybinhminh.com\/index.php?rest_route=\/wp\/v2\/product\/7019","targetHints":{"allow":["GET"]}}],"collection":[{"href":"https:\/\/congtybinhminh.com\/index.php?rest_route=\/wp\/v2\/product"}],"about":[{"href":"https:\/\/congtybinhminh.com\/index.php?rest_route=\/wp\/v2\/types\/product"}],"replies":[{"embeddable":true,"href":"https:\/\/congtybinhminh.com\/index.php?rest_route=%2Fwp%2Fv2%2Fcomments&post=7019"}],"wp:featuredmedia":[{"embeddable":true,"href":"https:\/\/congtybinhminh.com\/index.php?rest_route=\/wp\/v2\/media\/7027"}],"wp:attachment":[{"href":"https:\/\/congtybinhminh.com\/index.php?rest_route=%2Fwp%2Fv2%2Fmedia&parent=7019"}],"wp:term":[{"taxonomy":"product_brand","embeddable":true,"href":"https:\/\/congtybinhminh.com\/index.php?rest_route=%2Fwp%2Fv2%2Fproduct_brand&post=7019"},{"taxonomy":"product_cat","embeddable":true,"href":"https:\/\/congtybinhminh.com\/index.php?rest_route=%2Fwp%2Fv2%2Fproduct_cat&post=7019"},{"taxonomy":"product_tag","embeddable":true,"href":"https:\/\/congtybinhminh.com\/index.php?rest_route=%2Fwp%2Fv2%2Fproduct_tag&post=7019"}],"curies":[{"name":"wp","href":"https:\/\/api.w.org\/{rel}","templated":true}]}}