{"id":696,"date":"2019-11-05T09:49:34","date_gmt":"2019-11-05T02:49:34","guid":{"rendered":"https:\/\/congtybinhminh.com\/?post_type=product&#038;p=696"},"modified":"2022-09-06T14:47:26","modified_gmt":"2022-09-06T07:47:26","slug":"may-nghien-10-gia-dinh-buong-thang","status":"publish","type":"product","link":"https:\/\/congtybinhminh.com\/?product=may-nghien-10-gia-dinh-buong-thang","title":{"rendered":"M\u00e1y Nghi\u1ec1n 10 Gia \u0110\u00ecnh Bu\u1ed3ng Th\u1eb3ng"},"content":{"rendered":"<p><strong>Xem video tr\u1ef1c ti\u1ebfp t\u1ea1i \u0111\u00e2y:<\/strong><\/p>\n<p><iframe loading=\"lazy\" title=\"YouTube video player\" src=\"https:\/\/www.youtube.com\/embed\/Y0Y3G8Spfdg\" width=\"100%\" height=\"480px\" frameborder=\"0\" allowfullscreen=\"allowfullscreen\"><span data-mce-type=\"bookmark\" style=\"display: inline-block; width: 0px; overflow: hidden; line-height: 0;\" class=\"mce_SELRES_start\">\ufeff<\/span><\/iframe><\/p>\n<p><span style=\"color: #000000;\">Nhu c\u1ea7u th\u1ee9c \u0103n ch\u0103n nu\u00f4i hi\u1ec7n nay \u0111ang \u0111\u01b0\u1ee3c b\u00e0 con ch\u0103n nu\u00f4i v\u00f4 c\u00f9ng quan t\u00e2m \u0111\u1ebfn. V\u00ec v\u1eady, \u0111\u1ec3 c\u00f3 th\u1ec3 t\u1eadn d\u1ee5ng ngu\u1ed3n nguy\u00ean li\u1ec7u c\u00f3 s\u1eb5n t\u1ea1i gia \u0111\u00ecnh nh\u01b0: khoai, s\u1eafn (c\u1ee7 m\u00ec), ng\u00f4, th\u00f3c,\u2026 v\u00e0 nhi\u1ec1u d\u1ea1ng h\u1ea1t kh\u00f4 kh\u00e1c nghi\u1ec1n th\u00e0nh b\u1ed9t c\u00e1m ph\u1ee5c v\u1ee5 cho ng\u00e0nh ch\u0103n nu\u00f4i gia s\u00fac, gia c\u1ea7m.<\/span><\/p>\n<p><img loading=\"lazy\" decoding=\"async\" class=\"size-full wp-image-698 aligncenter\" src=\"https:\/\/congtybinhminh.com\/wp-content\/uploads\/2019\/11\/may-nghien-10-33.jpg\" alt=\"may-nghien-10-33\" width=\"800\" height=\"600\" srcset=\"https:\/\/congtybinhminh.com\/wp-content\/uploads\/2019\/11\/may-nghien-10-33.jpg 800w, https:\/\/congtybinhminh.com\/wp-content\/uploads\/2019\/11\/may-nghien-10-33-510x383.jpg 510w, https:\/\/congtybinhminh.com\/wp-content\/uploads\/2019\/11\/may-nghien-10-33-533x400.jpg 533w, https:\/\/congtybinhminh.com\/wp-content\/uploads\/2019\/11\/may-nghien-10-33-768x576.jpg 768w\" sizes=\"auto, (max-width: 800px) 100vw, 800px\" \/><\/p>\n<p><span style=\"color: #000000;\">Bi\u1ebft \u0111\u01b0\u1ee3c nhu c\u1ea7u \u0111\u00f3, C\u00f4ng Ty B\u00ecnh Minh \u0111\u00e3 s\u00e1ng ch\u1ebf ra d\u00f2ng m\u00e1y nghi\u1ec1n 10 gia \u0111\u00ecnh ph\u1ee5c v\u1ee5 cho c\u00e1c m\u00f4 h\u00ecnh ch\u0103n nu\u00f4i nh\u1ecf v\u00e0 v\u1eeba.\u00a0C\u1ea5u t\u1ea1o v\u1ec1 nguy\u00ean l\u00fd ho\u1ea1t \u0111\u1ed9ng c\u1ee7a m\u00e1y nghi\u1ec1n 10 gia \u0111\u00ecnh bao g\u1ed3m: toa \u0111\u1ef1ng nguy\u00ean li\u1ec7u \u0111\u1ea7u v\u00e0o k\u00edch th\u01b0\u1edbc \u0111\u01b0\u1eddng k\u00ednh (34cm), nguy\u00ean li\u1ec7u s\u1ebd \u0111i xu\u1ed1ng bu\u1ed3ng l\u00e0m vi\u1ec7c.<\/span><\/p>\n<p><span style=\"color: #000000;\">T\u1ea1i \u0111\u00e2y bu\u1ed3ng l\u00e0m vi\u1ec7c bao g\u1ed3m h\u1ec7 th\u1ed1ng 15 b\u00faa nghi\u1ec1n s\u1ebd c\u00f3 nhi\u1ec7m v\u1ee5 nghi\u1ec1n nh\u1ecf m\u1ecdi lo\u1ea1i nguy\u00ean li\u1ec7u, khi nguy\u00ean li\u1ec7u \u0111\u00e3 \u0111\u01b0\u1ee3c nghi\u1ec1n nh\u1ecf s\u1ebd \u0111i qua m\u1eb7t s\u00e0ng \u0111\u1ec3 s\u00e0ng l\u1ecdc v\u00e0 cho ra th\u00e0nh ph\u1ea9m b\u1ed9t c\u00e1m theo \u0111\u00fang nhu c\u1ea7u c\u1ee7a c\u00e1c h\u1ed9 ch\u0103n nu\u00f4i. Th\u00e0nh ph\u1ea9m s\u1ebd \u0111i qua c\u1eeda x\u1ea3 v\u00e0 con c\u00f3 th\u1ec3 s\u1eed d\u1ee5ng ngay ho\u1eb7c \u0111\u00f3ng bao \u0111\u1ec3 c\u1ea5t tr\u1eef.<\/span><\/p>\n<p><img loading=\"lazy\" decoding=\"async\" class=\"size-full wp-image-699 aligncenter\" src=\"https:\/\/congtybinhminh.com\/wp-content\/uploads\/2019\/11\/may-nghien-10-11.jpg\" alt=\"may-nghien-10-11\" width=\"800\" height=\"600\" srcset=\"https:\/\/congtybinhminh.com\/wp-content\/uploads\/2019\/11\/may-nghien-10-11.jpg 800w, https:\/\/congtybinhminh.com\/wp-content\/uploads\/2019\/11\/may-nghien-10-11-510x383.jpg 510w, https:\/\/congtybinhminh.com\/wp-content\/uploads\/2019\/11\/may-nghien-10-11-533x400.jpg 533w, https:\/\/congtybinhminh.com\/wp-content\/uploads\/2019\/11\/may-nghien-10-11-768x576.jpg 768w\" sizes=\"auto, (max-width: 800px) 100vw, 800px\" \/><\/p>\n<h2><span id=\"Uu_diem_cua_may_nghien_10_gia_dinh_buong_thang\" class=\"ez-toc-section\" style=\"color: #000000;\"><strong>\u01afu \u0111i\u1ec3m c\u1ee7a m\u00e1y nghi\u1ec1n 10 gia \u0111\u00ecnh bu\u1ed3ng th\u1eb3ng<\/strong>:<\/span><\/h2>\n<ul>\n<li><span style=\"color: #000000;\">M\u00e1y s\u1eed d\u1ee5ng \u0111\u1ed9ng c\u01a1 3kw, ch\u1ea1y \u0111i\u1ec7n 220V, t\u1ed1c \u0111\u1ed9 \u0111\u1ed9ng c\u01a1 2900 v\u00f2ng\/ph\u00fat.<\/span><\/li>\n<li><span style=\"color: #000000;\">H\u1ec7 th\u1ed1ng b\u00faa nghi\u1ec1n bao g\u1ed3m: 18 b\u00faa nghi\u1ec1n v\u00e0 m\u1eb7t s\u00e0ng 2,5mm.<\/span><\/li>\n<li><span style=\"color: #000000;\">M\u00e1y c\u00f3 th\u1ec3 nghi\u1ec1n \u0111\u01b0\u1ee3c c\u00e1c nguy\u00ean li\u1ec7u: ng\u00f4, khoai, s\u1eafn,.. th\u00e0nh b\u1ed9t c\u00e1m gi\u00fap ti\u1ebft ki\u1ec7m th\u1eddi gian, c\u00f4ng s\u1ee9c, chi ph\u00ed.<\/span><\/li>\n<li><span style=\"color: #000000;\">M\u00e1y cho n\u0103ng su\u1ea5t t\u1eeb 80-100kg\/gi\u1edd.<\/span><\/li>\n<li><span style=\"color: #000000;\">Thi\u1ebft k\u1ebf m\u00e1y g\u1ecdn, nh\u1eb9, an to\u00e0n, d\u1ec5 s\u1eed d\u1ee5ng.<\/span><\/li>\n<li><span style=\"color: #000000;\">D\u00f9ng ngu\u1ed3n \u0111i\u1ec7n d\u00e2n d\u1ee5ng 1 pha ph\u00f9 h\u1ee3p v\u1edbi m\u1ecdi gia \u0111\u00ecnh.<\/span><\/li>\n<\/ul>\n<p><img loading=\"lazy\" decoding=\"async\" class=\"size-full wp-image-700 aligncenter\" src=\"https:\/\/congtybinhminh.com\/wp-content\/uploads\/2019\/11\/67947906_154737922373238_7212363482946076672_o.jpg\" alt=\"may-nghien-10-44\" width=\"800\" height=\"450\" srcset=\"https:\/\/congtybinhminh.com\/wp-content\/uploads\/2019\/11\/67947906_154737922373238_7212363482946076672_o.jpg 800w, https:\/\/congtybinhminh.com\/wp-content\/uploads\/2019\/11\/67947906_154737922373238_7212363482946076672_o-510x287.jpg 510w, https:\/\/congtybinhminh.com\/wp-content\/uploads\/2019\/11\/67947906_154737922373238_7212363482946076672_o-711x400.jpg 711w, https:\/\/congtybinhminh.com\/wp-content\/uploads\/2019\/11\/67947906_154737922373238_7212363482946076672_o-768x432.jpg 768w\" sizes=\"auto, (max-width: 800px) 100vw, 800px\" \/><\/p>\n<p><strong style=\"font-size: 23.04px;\"><span id=\"Cau_tao_may_nghien_10_gia_dinh_buong_thang\" class=\"ez-toc-section\" style=\"color: #000000;\">C\u1ea5u t\u1ea1o m\u00e1y nghi\u1ec1n 10 gia \u0111\u00ecnh bu\u1ed3ng th\u1eb3ng:<\/span><\/strong><\/p>\n<h3><strong><span id=\"Cau_tao\" class=\"ez-toc-section\" style=\"color: #000000;\"><i>C\u1ea5u t\u1ea1o:<\/i><\/span><\/strong><\/h3>\n<ul>\n<li><span style=\"color: #000000;\">Toa n\u1ea1p nguy\u00ean li\u1ec7u thi\u1ebft k\u1ebf d\u1ea1ng ph\u1ec5u gi\u00fap ch\u1ee9a \u0111\u01b0\u1ee3c nhi\u1ec1u nguy\u00ean li\u1ec7u.<\/span><\/li>\n<li><span style=\"color: #000000;\">M\u00e1y \u0111\u01b0\u1ee3c thi\u1ebft k\u1ebf c\u1eeda ng\u0103n c\u00f3 nhi\u1ec7m v\u1ee5 kh\u00f3a v\u00e0 m\u1edf nguy\u00ean li\u1ec7u \u0111\u1ec3 \u0111i\u1ec1u ch\u1ec9nh nguy\u00ean li\u1ec7u \u0111i xu\u1ed1ng bu\u1ed3ng l\u00e0m vi\u1ec7c.<\/span><\/li>\n<\/ul>\n<p><img loading=\"lazy\" decoding=\"async\" class=\"size-full wp-image-701 aligncenter\" src=\"https:\/\/congtybinhminh.com\/wp-content\/uploads\/2019\/11\/may-nghien-10-00.jpg\" alt=\"may-nghien-10-99\" width=\"800\" height=\"600\" srcset=\"https:\/\/congtybinhminh.com\/wp-content\/uploads\/2019\/11\/may-nghien-10-00.jpg 800w, https:\/\/congtybinhminh.com\/wp-content\/uploads\/2019\/11\/may-nghien-10-00-510x383.jpg 510w, https:\/\/congtybinhminh.com\/wp-content\/uploads\/2019\/11\/may-nghien-10-00-533x400.jpg 533w, https:\/\/congtybinhminh.com\/wp-content\/uploads\/2019\/11\/may-nghien-10-00-768x576.jpg 768w\" sizes=\"auto, (max-width: 800px) 100vw, 800px\" \/><\/p>\n<ul>\n<li><span style=\"color: #000000;\">Bu\u1ed3ng l\u00e0m vi\u1ec7c c\u1ee7a m\u00e1y bao g\u1ed3m: 18 b\u00faa trong m\u00e1y c\u00f3 t\u00e1c d\u1ee5ng nghi\u1ec1n v\u1ee1 nguy\u00ean li\u1ec7u. Sau \u0111\u00f3, nguy\u00ean li\u1ec7u \u0111i xu\u1ed1ng m\u1eb7t s\u00e0ng 2,5mm \u0111\u1ec3 cho ra b\u1ed9t c\u00e1m m\u1ecbn.<\/span><\/li>\n<li><span style=\"color: #000000;\">C\u1eeda x\u1ea3 \u0111\u01b0\u1ee3c thi\u1ebft k\u1ebf d\u1ed1c \u0111\u1ec3 th\u00e0nh ph\u1ea9m \u0111\u01b0\u1ee3c ra nhanh h\u01a1n.<\/span><\/li>\n<\/ul>\n<h3><strong><span id=\"Thong_so_ky_thuat\" class=\"ez-toc-section\" style=\"color: #000000;\"><em>Th\u00f4ng s\u1ed1 k\u1ef9 thu\u1eadt:<\/em><\/span><\/strong><\/h3>\n<p><img loading=\"lazy\" decoding=\"async\" class=\"size-full wp-image-697 aligncenter\" src=\"https:\/\/congtybinhminh.com\/wp-content\/uploads\/2019\/11\/nghien-10.jpg\" alt=\"nghien-10\" width=\"725\" height=\"495\" srcset=\"https:\/\/congtybinhminh.com\/wp-content\/uploads\/2019\/11\/nghien-10.jpg 725w, https:\/\/congtybinhminh.com\/wp-content\/uploads\/2019\/11\/nghien-10-510x348.jpg 510w, https:\/\/congtybinhminh.com\/wp-content\/uploads\/2019\/11\/nghien-10-586x400.jpg 586w\" sizes=\"auto, (max-width: 725px) 100vw, 725px\" \/><\/p>\n<h2><span id=\"Cam_ket_ve_gia_va_Chinh_sach_bao_hanh\" class=\"ez-toc-section\" style=\"color: #000000;\"><strong>Cam k\u1ebft v\u1ec1 gi\u00e1 v\u00e0 Ch\u00ednh s\u00e1ch b\u1ea3o h\u00e0nh<\/strong><\/span><\/h2>\n<ul>\n<li><span style=\"color: #000000;\">M\u00e1y do c\u00f4ng ty tr\u1ef1c ti\u1ebfp ch\u1ebf t\u1ea1o v\u00e0 s\u1ea3n xu\u1ea5t t\u1ea1i x\u01b0\u1edfng, kh\u00f4ng qua trung gian, \u0111\u1ea3m b\u1ea3o gi\u00e1 r\u1ebb nh\u1ea5t, ch\u1ea5t l\u01b0\u1ee3ng t\u1ed1t nh\u1ea5t, b\u1ea3o h\u00e0nh thu\u1eadn ti\u1ec7n nh\u1ea5t.<\/span><\/li>\n<li><span style=\"color: #000000;\">\u0110\u1ed9i ng\u0169 k\u1ef9 thu\u1eadt c\u00f3 tr\u00ecnh \u0111\u1ed9 chuy\u00ean m\u00f4n cao, s\u1eb5n s\u00e0ng h\u1ed7 tr\u1ee3 k\u1ef9 thu\u1eadt t\u1eadn t\u00ecnh v\u00e0 tr\u1ecdn \u0111\u1eddi.<\/span><\/li>\n<li><span style=\"color: #000000;\">B\u1ea3o h\u00e0nh t\u1ea1i c\u00f4ng ty 6 th\u00e1ng cho tr\u01b0\u1eddng h\u1ee3p m\u00e1y l\u1ed7i k\u1ef9 thu\u1eadt do c\u00f4ng ty s\u1ea3n xu\u1ea5t. H\u1ebft th\u1eddi gian n\u00e0y t\u01b0 v\u1ea5n k\u1ef9 thu\u1eadt tr\u1ecdn \u0111\u1eddi s\u1ea3n ph\u1ea9m.<\/span><\/li>\n<\/ul>\n<h2><span id=\"Huong_dan_mua_hang\" class=\"ez-toc-section\" style=\"color: #000000;\"><strong>H\u01b0\u1edbng d\u1eabn mua h\u00e0ng<\/strong><\/span><\/h2>\n<p><span style=\"color: #000000;\">Kh\u00e1ch h\u00e0ng \u0111\u1ebfn c\u00f4ng ty mua m\u00e1y v\u00e0 thanh to\u00e1n tr\u1ef1c ti\u1ebfp b\u1eb1ng ti\u1ec1n m\u1eb7t.<\/span><\/p>\n<p><span style=\"color: #000000;\">\u0110\u1ed1i v\u1edbi nh\u1eefng kh\u00e1ch h\u00e0ng \u1edf xa, C\u00f4ng ty s\u1ebd h\u01b0\u1edbng d\u1eabn mua h\u00e0ng v\u00e0 h\u1ed7 tr\u1ee3 giao h\u00e0ng to\u00e0n qu\u1ed1c. Qu\u00fd kh\u00e1ch vui l\u00f2ng chuy\u1ec3n kho\u1ea3n \u0111\u1eb7t c\u1ecdc, s\u1ed1 ti\u1ec1n m\u00e1y c\u00f2n l\u1ea1i s\u1ebd thanh to\u00e1n tr\u1ef1c ti\u1ebfp cho \u0111\u01a1n v\u1ecb v\u1eadn chuy\u1ec3n.<\/span><\/p>\n<p><span style=\"color: #000000;\">\u0110\u1ec3 \u0111\u01b0\u1ee3c cung c\u1ea5p th\u00eam th\u00f4ng tin v\u1ec1 c\u00e1c d\u00f2ng s\u1ea3n ph\u1ea9m c\u1ee7a c\u00f4ng ty B\u00ecnh Minh, k\u00ednh m\u1eddi Qu\u00fd kh\u00e1ch li\u00ean h\u1ec7:<\/span><\/p>\n<p><span style=\"color: #000000;\"><strong>C\u00d4NG TY TNHH D\u1ecaCH V\u1ee4 V\u00c0 S\u1ea2N XU\u1ea4T TH\u01af\u01a0NG M\u1ea0I XU\u1ea4T NH\u1eacP KH\u1ea8U B\u00ccNH MINH<\/strong><\/span><\/p>\n<p><span style=\"color: #000000;\"><strong>\u0110\u1ecba ch\u1ec9:<\/strong> S\u1ed1 249, Ph\u1ed1 L\u00ea L\u1ee3i \u2013 Ph\u01b0\u1eddng L\u00ea L\u1ee3i \u2013 Th\u1ecb x\u00e3 S\u01a1n T\u00e2y \u2013 Th\u00e0nh ph\u1ed1 H\u00e0 N\u1ed9i<\/span><\/p>\n<p>&nbsp;<\/p>\n","protected":false},"excerpt":{"rendered":"<ul>\n<li><span style=\"color: #000000;\"><span style=\"color: #ed1c24;\"><strong>C\u00f4ng su\u1ea5t<\/strong><\/span>: 3 kw\u00a0<\/span><\/li>\n<li><span style=\"color: #000000;\"><span style=\"color: #ed1c24;\"><strong>T\u1ed1c \u0111\u1ed9<\/strong><\/span>: 2900 (v\/p)<\/span><\/li>\n<li><span style=\"color: #000000;\"><span style=\"color: #ed1c24;\"><strong>\u0110i\u1ec7n n\u0103ng<\/strong><\/span>: 220V<\/span><\/li>\n<li><span style=\"color: #000000;\"><span style=\"color: #ed1c24;\"><strong>Tr\u1ecdng l\u01b0\u1ee3ng<\/strong><\/span>: 56 kg\u00a0<\/span><\/li>\n<li><span style=\"color: #000000;\"><span style=\"color: #ed1c24;\"><strong>T\u00ednh n\u0103ng<\/strong><\/span>: M\u00e1y nghi\u1ec1n c\u00e1c lo\u1ea1i nguy\u00ean li\u1ec7u th\u00e0nh b\u1ed9t c\u00e1m ph\u1ee5c v\u1ee5 s\u1ea3n xu\u1ea5t th\u1ee9c \u0103n ch\u0103n nu\u00f4i.<\/span><\/li>\n<\/ul>\n","protected":false},"featured_media":702,"comment_status":"closed","ping_status":"closed","template":"","meta":[],"product_brand":[],"product_cat":[32],"product_tag":[],"class_list":{"0":"post-696","1":"product","2":"type-product","3":"status-publish","4":"has-post-thumbnail","6":"product_cat-may-nghien","8":"first","9":"instock","10":"shipping-taxable","11":"product-type-simple"},"_links":{"self":[{"href":"https:\/\/congtybinhminh.com\/index.php?rest_route=\/wp\/v2\/product\/696","targetHints":{"allow":["GET"]}}],"collection":[{"href":"https:\/\/congtybinhminh.com\/index.php?rest_route=\/wp\/v2\/product"}],"about":[{"href":"https:\/\/congtybinhminh.com\/index.php?rest_route=\/wp\/v2\/types\/product"}],"replies":[{"embeddable":true,"href":"https:\/\/congtybinhminh.com\/index.php?rest_route=%2Fwp%2Fv2%2Fcomments&post=696"}],"wp:featuredmedia":[{"embeddable":true,"href":"https:\/\/congtybinhminh.com\/index.php?rest_route=\/wp\/v2\/media\/702"}],"wp:attachment":[{"href":"https:\/\/congtybinhminh.com\/index.php?rest_route=%2Fwp%2Fv2%2Fmedia&parent=696"}],"wp:term":[{"taxonomy":"product_brand","embeddable":true,"href":"https:\/\/congtybinhminh.com\/index.php?rest_route=%2Fwp%2Fv2%2Fproduct_brand&post=696"},{"taxonomy":"product_cat","embeddable":true,"href":"https:\/\/congtybinhminh.com\/index.php?rest_route=%2Fwp%2Fv2%2Fproduct_cat&post=696"},{"taxonomy":"product_tag","embeddable":true,"href":"https:\/\/congtybinhminh.com\/index.php?rest_route=%2Fwp%2Fv2%2Fproduct_tag&post=696"}],"curies":[{"name":"wp","href":"https:\/\/api.w.org\/{rel}","templated":true}]}}