{"id":6922,"date":"2022-06-19T08:30:32","date_gmt":"2022-06-19T01:30:32","guid":{"rendered":"https:\/\/congtybinhminh.com\/?post_type=product&#038;p=6922"},"modified":"2022-06-19T08:30:32","modified_gmt":"2022-06-19T01:30:32","slug":"may-nghien-thuc-an-chan-nuoi-b24","status":"publish","type":"product","link":"https:\/\/congtybinhminh.com\/?product=may-nghien-thuc-an-chan-nuoi-b24","title":{"rendered":"M\u00e1y nghi\u1ec1n th\u1ee9c \u0103n ch\u0103n nu\u00f4i B24"},"content":{"rendered":"<p><strong><span style=\"color: #000000;\">Xem video m\u00e1y tr\u1ef1c ti\u1ebfp t\u1ea1i \u0111\u00e2y:\u00a0<\/span><\/strong><\/p>\n<p><iframe loading=\"lazy\" title=\"YouTube video player\" src=\"https:\/\/www.youtube.com\/embed\/kgFVwKJ48fM\" width=\"100%\" height=\"480px\" frameborder=\"0\" allowfullscreen=\"allowfullscreen\"><span data-mce-type=\"bookmark\" style=\"display: inline-block; width: 0px; overflow: hidden; line-height: 0;\" class=\"mce_SELRES_start\">\ufeff<\/span><\/iframe><\/p>\n<p><span style=\"color: #000000;\">D\u00f2ng m\u00e1y nghi\u1ec1n B24 ra \u0111\u1eddi s\u1ebd h\u1ed7 tr\u1ee3 cho vi\u1ec7c nghi\u1ec1n n\u00f4ng ph\u1ea9m kh\u00f4 th\u00e0nh b\u1ed9t c\u00e1m l\u00e0m th\u1ee9c \u0103n cho gia s\u00fac \u2013 gia c\u1ea7m. \u0110\u1ec3 c\u00f3 \u0111\u01b0\u1ee3c nh\u1eefng s\u1ea3n ph\u1ea9m s\u1ea1ch cung c\u1ea5p cho th\u1ecb tr\u01b0\u1eddng th\u00ec ngu\u1ed3n th\u1ee9c \u0103n ch\u0103n nu\u00f4i \u0111\u01b0\u1ee3c s\u1eed d\u1ee5ng trong c\u00e1c trang tr\u1ea1i \u0111\u00f3ng vai tr\u00f2 quy\u1ebft \u0111\u1ecbnh.<\/span><\/p>\n<p><img loading=\"lazy\" decoding=\"async\" class=\"size-full wp-image-6926 aligncenter\" src=\"https:\/\/congtybinhminh.com\/wp-content\/uploads\/2022\/06\/cua-xa-thanh-pham.jpg\" alt=\"cua-xa-thanh-pham\" width=\"800\" height=\"574\" srcset=\"https:\/\/congtybinhminh.com\/wp-content\/uploads\/2022\/06\/cua-xa-thanh-pham.jpg 800w, https:\/\/congtybinhminh.com\/wp-content\/uploads\/2022\/06\/cua-xa-thanh-pham-510x366.jpg 510w, https:\/\/congtybinhminh.com\/wp-content\/uploads\/2022\/06\/cua-xa-thanh-pham-557x400.jpg 557w, https:\/\/congtybinhminh.com\/wp-content\/uploads\/2022\/06\/cua-xa-thanh-pham-768x551.jpg 768w\" sizes=\"auto, (max-width: 800px) 100vw, 800px\" \/><\/p>\n<h2><strong><span style=\"color: #000000;\">\u01afu \u0111i\u1ec3m c\u1ee7a m\u00e1y nghi\u1ec1n th\u1ee9c \u0103n ch\u0103n nu\u00f4i B24<\/span><\/strong><\/h2>\n<ul>\n<li><span style=\"color: #000000;\">Thao t\u00e1c s\u1eed d\u1ee5ng \u0111\u01a1n gi\u1ea3n, ti\u1ec7n l\u1ee3i ch\u1ec9 c\u1ea7n 1 ng\u01b0\u1eddi v\u1eadn h\u00e0nh m\u00e1y<\/span><\/li>\n<li><span style=\"color: #000000;\">\u0110\u01b0\u1ee3c l\u00e0m b\u1eb1ng th\u00e9p ch\u1ea5t l\u01b0\u1ee3ng cao gi\u00fap m\u00e1y v\u1eadn h\u00e0nh b\u1ec1n b\u1ec9, ch\u1eafc kh\u1ecfe<\/span><\/li>\n<\/ul>\n<p><img loading=\"lazy\" decoding=\"async\" class=\"size-full wp-image-6927 aligncenter\" src=\"https:\/\/congtybinhminh.com\/wp-content\/uploads\/2022\/06\/cau-tao-may-nghien-b24.jpg\" alt=\"cau-tao-may-nghien-b24\" width=\"800\" height=\"700\" srcset=\"https:\/\/congtybinhminh.com\/wp-content\/uploads\/2022\/06\/cau-tao-may-nghien-b24.jpg 800w, https:\/\/congtybinhminh.com\/wp-content\/uploads\/2022\/06\/cau-tao-may-nghien-b24-510x446.jpg 510w, https:\/\/congtybinhminh.com\/wp-content\/uploads\/2022\/06\/cau-tao-may-nghien-b24-457x400.jpg 457w, https:\/\/congtybinhminh.com\/wp-content\/uploads\/2022\/06\/cau-tao-may-nghien-b24-768x672.jpg 768w\" sizes=\"auto, (max-width: 800px) 100vw, 800px\" \/><\/p>\n<ul>\n<li><span style=\"color: #000000;\">M\u00e1y nghi\u1ec1n n\u0103ng su\u1ea5t l\u1edbn, nghi\u1ec1n nhanh gi\u00fap ti\u1ebft ki\u1ec7m th\u1eddi gian, n\u00e2ng cao n\u0103ng su\u1ea5t<\/span><\/li>\n<li><span style=\"color: #000000;\">Thi\u1ebft k\u1ebf hi\u1ec7n \u0111\u1ea1i c\u00f9ng b\u1ea7u h\u00fat gi\u00f3 h\u1ea1n ch\u1ebf t\u1ed1i \u0111a vi\u1ec7c b\u1ee5i khi nghi\u1ec1n<\/span><\/li>\n<\/ul>\n<h2><strong><span style=\"color: #000000;\">C\u1ea5u t\u1ea1o c\u1ee7a m\u00e1y nghi\u1ec1n th\u1ee9c \u0103n ch\u0103n nu\u00f4i B24<\/span><\/strong><\/h2>\n<p><span style=\"color: #000000;\">M\u00e1y \u0111\u01b0\u1ee3c thi\u1ebft k\u1ebf hi\u1ec7n \u0111\u1ea1i, nh\u1ecf g\u1ecdn kh\u00f4ng chi\u1ebfm nhi\u1ec1u di\u1ec7n t\u00edch. C\u1ea5u t\u1ea1o c\u1ee7a m\u00e1y g\u1ed3m 5 b\u1ed9 ph\u1eadn ch\u00ednh g\u1ed3m ph\u1ea7n khung m\u00e1y \u0111\u01b0\u1ee3c h\u00e0n ch\u1eafc ch\u1eafn, \u0111\u1ed9ng c\u01a1 , 1 ph\u1ec5u n\u1ea1p nguy\u00ean li\u1ec7u, \u1ed1ng n\u1ed1i\u00a0 silo b\u1ea7u h\u00fat gi\u00f3 v\u00e0 bu\u1ed3ng nghi\u1ec1n.<\/span><\/p>\n<p><span style=\"color: #000000;\">Ph\u1ea7n toa n\u1ea1p m\u00e1y nghi\u1ec1n B24 \u0111\u01b0\u1ee3c thi\u1ebft k\u1ebf d\u1ea1ng ph\u1ec5u l\u1edbn c\u00f3 th\u1ec3 ch\u1ee9a \u0111\u01b0\u1ee3c nhi\u1ec1u nguy\u00ean li\u1ec7u h\u01a1n, \u0111i k\u00e8m l\u00e0 t\u1ea5m ng\u0103n gi\u00fap ng\u01b0\u1eddi d\u00f9ng \u0111i\u1ec1u ch\u1ec9nh l\u01b0\u1ee3ng nguy\u00ean li\u1ec7u v\u1eeba \u0111\u1ee7 \u0111i xu\u1ed1ng bu\u1ed3ng nghi\u1ec1n.Tr\u00e1nh \u0111\u1ec3 nguy\u00ean li\u1ec7u r\u01a1i xu\u1ed1ng qu\u00e1 nhi\u1ec1u l\u00e0m ngh\u1eb9n m\u00e1y.<\/span><\/p>\n<p><img loading=\"lazy\" decoding=\"async\" class=\"size-full wp-image-6930 aligncenter\" src=\"https:\/\/congtybinhminh.com\/wp-content\/uploads\/2022\/06\/cua-xa-thanh-pham-1.jpg\" alt=\"cua-xa-thanh-pham\" width=\"800\" height=\"574\" srcset=\"https:\/\/congtybinhminh.com\/wp-content\/uploads\/2022\/06\/cua-xa-thanh-pham-1.jpg 800w, https:\/\/congtybinhminh.com\/wp-content\/uploads\/2022\/06\/cua-xa-thanh-pham-1-510x366.jpg 510w, https:\/\/congtybinhminh.com\/wp-content\/uploads\/2022\/06\/cua-xa-thanh-pham-1-557x400.jpg 557w, https:\/\/congtybinhminh.com\/wp-content\/uploads\/2022\/06\/cua-xa-thanh-pham-1-768x551.jpg 768w\" sizes=\"auto, (max-width: 800px) 100vw, 800px\" \/><\/p>\n<p><span style=\"color: #000000;\">Th\u00e0nh ph\u1ea9m sau khi nghi\u1ec1n th\u00e1nh b\u1ed9t s\u1ebd \u0111\u01b0\u1ee3c h\u00fat sang b\u1ea7u h\u00fat gi\u00f3 r\u1ed3i tho\u00e1t ra ngo\u00e0i. L\u01b0u \u00fd: ng\u01b0\u1eddi d\u00f9ng c\u1ea7n bu\u1ed9c t\u00fai v\u1ea3i s\u1ea1ch v\u00e0o b\u1ea7u h\u00fat gi\u00f3 tr\u01b0\u1edbc khi nghi\u1ec1n.<\/span><\/p>\n<p><span style=\"color: #000000;\">B\u00ean trong bu\u1ed3ng nghi\u1ec1n c\u1ee7a m\u00e1y \u0111\u01b0\u1ee3c thi\u1ebft k\u1ebf 24 b\u00faa nghi\u1ec1n chuy\u1ec3n \u0111\u1ed9ng k\u1ebft h\u1ee3p v\u1edbi 4 \u0111\u0129a \u0111\u00e0 v\u00e0 9 b\u00faa c\u1ed1 \u0111\u1ecbnh ch\u1eafc ch\u1eafn, l\u00e0m nhi\u1ec7m v\u1ee5 \u0111\u1eadp v\u1ee1 v\u00e0 nghi\u1ec1n m\u1ecbn nguy\u00ean li\u1ec7u v\u1edbi m\u1eb7t s\u00e0ng.<\/span><\/p>\n<p><img loading=\"lazy\" decoding=\"async\" class=\"size-full wp-image-6931 aligncenter\" src=\"https:\/\/congtybinhminh.com\/wp-content\/uploads\/2022\/06\/buong-nghien-b24.jpg\" alt=\"buong-nghien-b24\" width=\"800\" height=\"574\" srcset=\"https:\/\/congtybinhminh.com\/wp-content\/uploads\/2022\/06\/buong-nghien-b24.jpg 800w, https:\/\/congtybinhminh.com\/wp-content\/uploads\/2022\/06\/buong-nghien-b24-510x366.jpg 510w, https:\/\/congtybinhminh.com\/wp-content\/uploads\/2022\/06\/buong-nghien-b24-557x400.jpg 557w, https:\/\/congtybinhminh.com\/wp-content\/uploads\/2022\/06\/buong-nghien-b24-768x551.jpg 768w\" sizes=\"auto, (max-width: 800px) 100vw, 800px\" \/><\/p>\n<p><span style=\"color: #000000;\">Ng\u01b0\u1eddi d\u00f9ng c\u00f3 th\u1ec3 \u0111i\u1ec1u ch\u1ec9nh \u0111\u1ed9 m\u1ecbn c\u1ee7a th\u00e0nh ph\u1ea9m b\u1eb1ng c\u00e1ch l\u1ef1a ch\u1ecdn m\u1eb7t s\u00e0ng l\u1eafp trong m\u00e1y.<\/span><\/p>\n<p><span style=\"color: #000000;\">M\u00e1y nghi\u1ec1n thi\u1ebft k\u1ebf c\u00f4ng t\u1eafc b\u00ean khung m\u00e1y,khi b\u1eaft \u0111\u1ea7u ch\u1ea1y m\u00e1y ng\u01b0\u1eddi d\u00f9ng ch\u1ec9 c\u1ea7n b\u1eadt aptpmat l\u00e0 c\u00f3 th\u1ec3 kh\u1edfi \u0111\u1ed9ng. T\u1eaft\u00a0 khi mu\u1ed1n d\u1eebng m\u00e1y ho\u1eb7c x\u1ea3y ra b\u1ea5t k\u1ef3 s\u1ef1 c\u1ed1 n\u00e0o x\u1ea3y ra.<\/span><\/p>\n<p><img loading=\"lazy\" decoding=\"async\" class=\"size-full wp-image-6928 aligncenter\" src=\"https:\/\/congtybinhminh.com\/wp-content\/uploads\/2022\/06\/aptomat-may-nghien-1.jpg\" alt=\"aptomat-may-nghien-1\" width=\"800\" height=\"528\" srcset=\"https:\/\/congtybinhminh.com\/wp-content\/uploads\/2022\/06\/aptomat-may-nghien-1.jpg 800w, https:\/\/congtybinhminh.com\/wp-content\/uploads\/2022\/06\/aptomat-may-nghien-1-510x337.jpg 510w, https:\/\/congtybinhminh.com\/wp-content\/uploads\/2022\/06\/aptomat-may-nghien-1-606x400.jpg 606w, https:\/\/congtybinhminh.com\/wp-content\/uploads\/2022\/06\/aptomat-may-nghien-1-768x507.jpg 768w\" sizes=\"auto, (max-width: 800px) 100vw, 800px\" \/><\/p>\n<h2><strong><span style=\"color: #000000;\">Th\u00f4ng s\u1ed1 k\u1ef9 thu\u1eadt c\u1ee7a m\u00e1y<\/span><\/strong><\/h2>\n<p><img loading=\"lazy\" decoding=\"async\" class=\"size-full wp-image-6929 aligncenter\" src=\"https:\/\/congtybinhminh.com\/wp-content\/uploads\/2022\/06\/2022-06-19_8-11-29-2.jpg\" alt=\"thong-so\" width=\"800\" height=\"475\" srcset=\"https:\/\/congtybinhminh.com\/wp-content\/uploads\/2022\/06\/2022-06-19_8-11-29-2.jpg 800w, https:\/\/congtybinhminh.com\/wp-content\/uploads\/2022\/06\/2022-06-19_8-11-29-2-510x303.jpg 510w, https:\/\/congtybinhminh.com\/wp-content\/uploads\/2022\/06\/2022-06-19_8-11-29-2-674x400.jpg 674w, https:\/\/congtybinhminh.com\/wp-content\/uploads\/2022\/06\/2022-06-19_8-11-29-2-768x456.jpg 768w\" sizes=\"auto, (max-width: 800px) 100vw, 800px\" \/><\/p>\n<p><span style=\"color: #000000;\">Ngo\u00e0i ra c\u00f4ng ty c\u00f2n s\u1ea3n xu\u1ea5t r\u1ea5t nhi\u1ec1u nh\u1eefng d\u00f2ng m\u00e1y nghi\u1ec1n v\u1edbi n\u0103ng su\u1ea5t kh\u00e1c nhau. B\u00e0 con c\u00f3 th\u1ec3 tham kh\u1ea3o d\u00f2ng <span style=\"color: #ff0000;\"><a style=\"color: #ff0000;\" href=\"https:\/\/congtybinhminh.com\/sp\/may-nghien-hut-gd150\/\">m\u00e1y nghi\u1ec1n h\u00fat t\u1ef1 \u0111\u1ed9ng GD 150<\/a><\/span> v\u1edbi h\u1ec7 th\u1ed1ng t\u1ef1 h\u00fat r\u1ea5t hi\u1ec7n \u0111\u1ea1i<\/span><\/p>\n","protected":false},"excerpt":{"rendered":"<ul>\n<li><span style=\"color: #000000;\"><strong><span style=\"color: #0000ff;\">H\u00e3ng s\u1ea3n xu\u1ea5t<\/span>:<\/strong>\u00a0B\u00ecnh Minh<\/span><\/li>\n<li><span style=\"color: #000000;\"><strong><span style=\"color: #0000ff;\">C\u00f4ng su\u1ea5t \u0111\u1ed9ng c\u01a1<\/span>:<\/strong>\u00a03,5kw<\/span><\/li>\n<li><span style=\"color: #000000;\"><strong><span style=\"color: #0000ff;\">Ngu\u1ed3n \u0111i\u1ec7n<\/span>:<\/strong>\u00a0220V<\/span><\/li>\n<li><span style=\"color: #000000;\"><strong><span style=\"color: #0000ff;\">T\u1ed1c \u0111\u1ed9<\/span>:<\/strong> 2900V\/P<\/span><\/li>\n<li><span style=\"color: #000000;\"><strong><span style=\"color: #0000ff;\">M\u1eb7t s\u00e0ng<\/span>:<\/strong>\u00a01ly; 2ly; 3ly; 4ly<\/span><\/li>\n<li><span style=\"color: #000000;\"><strong><span style=\"color: #0000ff;\">N\u0103ng su\u1ea5t<\/span>:<\/strong>\u00a0200-300 kg\/gi\u1edd<\/span><\/li>\n<li><span style=\"color: #000000;\"><strong><span style=\"color: #0000ff;\">C\u00e2n n\u1eb7ng<\/span>:<\/strong>\u00a092 kg<\/span><\/li>\n<li><span style=\"color: #000000;\"><strong><span style=\"color: #0000ff;\">K\u00edch th\u01b0\u1edbc (D*C*R)<\/span>:<\/strong>\u00a0105*130*76cm<\/span><\/li>\n<li><span style=\"color: #000000;\"><strong><span style=\"color: #0000ff;\">T\u00ednh n\u0103ng<\/span>:<\/strong>\u00a0m\u00e1y chuy\u00ean d\u00f9ng nghi\u1ec1n c\u00e1c lo\u1ea1i n\u00f4ng ph\u1ea9m kh\u00f4 nh\u01b0 ng\u00f4 h\u1ea1t, th\u00f3c, tr\u1ea5u\u2026 th\u00e0nh b\u1ed9t m\u1ecbn l\u00e0m th\u1ee9c \u0103n cho gia s\u00fac \u2013 gia c\u1ea7m<\/span><\/li>\n<\/ul>\n","protected":false},"featured_media":6923,"comment_status":"closed","ping_status":"closed","template":"","meta":[],"product_brand":[],"product_cat":[32],"product_tag":[139,97,149,126,145,123],"class_list":{"0":"post-6922","1":"product","2":"type-product","3":"status-publish","4":"has-post-thumbnail","6":"product_cat-may-nghien","7":"product_tag-may-nghien-bau-gio","8":"product_tag-may-nghien-binh-minh","9":"product_tag-may-nghien-bua","10":"product_tag-may-nghien-chinh-hang","11":"product_tag-may-nghien-lua","12":"product_tag-may-nghien-ngo","14":"first","15":"instock","16":"shipping-taxable","17":"product-type-simple"},"_links":{"self":[{"href":"https:\/\/congtybinhminh.com\/index.php?rest_route=\/wp\/v2\/product\/6922","targetHints":{"allow":["GET"]}}],"collection":[{"href":"https:\/\/congtybinhminh.com\/index.php?rest_route=\/wp\/v2\/product"}],"about":[{"href":"https:\/\/congtybinhminh.com\/index.php?rest_route=\/wp\/v2\/types\/product"}],"replies":[{"embeddable":true,"href":"https:\/\/congtybinhminh.com\/index.php?rest_route=%2Fwp%2Fv2%2Fcomments&post=6922"}],"wp:featuredmedia":[{"embeddable":true,"href":"https:\/\/congtybinhminh.com\/index.php?rest_route=\/wp\/v2\/media\/6923"}],"wp:attachment":[{"href":"https:\/\/congtybinhminh.com\/index.php?rest_route=%2Fwp%2Fv2%2Fmedia&parent=6922"}],"wp:term":[{"taxonomy":"product_brand","embeddable":true,"href":"https:\/\/congtybinhminh.com\/index.php?rest_route=%2Fwp%2Fv2%2Fproduct_brand&post=6922"},{"taxonomy":"product_cat","embeddable":true,"href":"https:\/\/congtybinhminh.com\/index.php?rest_route=%2Fwp%2Fv2%2Fproduct_cat&post=6922"},{"taxonomy":"product_tag","embeddable":true,"href":"https:\/\/congtybinhminh.com\/index.php?rest_route=%2Fwp%2Fv2%2Fproduct_tag&post=6922"}],"curies":[{"name":"wp","href":"https:\/\/api.w.org\/{rel}","templated":true}]}}