{"id":6847,"date":"2022-06-16T09:35:30","date_gmt":"2022-06-16T02:35:30","guid":{"rendered":"https:\/\/congtybinhminh.com\/?post_type=product&#038;p=6847"},"modified":"2024-10-31T16:50:56","modified_gmt":"2024-10-31T09:50:56","slug":"may-dun-vien-thuc-an-chan-nuoi-40k-dau-no","status":"publish","type":"product","link":"https:\/\/congtybinhminh.com\/?product=may-dun-vien-thuc-an-chan-nuoi-40k-dau-no","title":{"rendered":"M\u00e1y \u0111\u00f9n vi\u00ean th\u1ee9c \u0103n ch\u0103n nu\u00f4i 40K \u0111\u1ea7u n\u1ed5"},"content":{"rendered":"<p><strong><span style=\"color: #000000\">Xem video m\u00e1y tr\u1ef1c ti\u1ebfp t\u1ea1i \u0111\u00e2y:<\/span><\/strong><\/p>\n<p><span style=\"color: #000000\">M\u00e1y \u0111\u00f9n vi\u00ean th\u1ee9c \u0103n 40K \u0111\u1ea7u n\u1ed5 do c\u00f4ng ty B\u00ecnh Minh tr\u1ef1c ti\u1ebfp s\u1ea3n xu\u1ea5t chuy\u00ean d\u00f9ng l\u00e0m c\u00e1m vi\u00ean cho c\u00e1 n\u00f3i chung v\u00e0 cho th\u1ee7y h\u1ea3i s\u1ea3n n\u00f3i ri\u00eang.G\u00f3p ph\u1ea7n gi\u00fap b\u00e0 con kh\u00f4ng ch\u1ec9 ch\u1ee7 \u0111\u1ed9ng ngu\u1ed3n th\u1ee9c \u0103n s\u1ea1ch cho v\u1eadt nu\u00f4i m\u00e0 c\u00f2n ti\u1ebft ki\u1ec7m m\u1ed9t kho\u1ea3n chi ph\u00ed kh\u00e1 l\u1edbn<\/span><\/p>\n<p><img loading=\"lazy\" decoding=\"async\" class=\"size-full wp-image-6852 aligncenter\" src=\"https:\/\/congtybinhminh.com\/wp-content\/uploads\/2022\/06\/z3435944778338_040a061178041a8812657271d73d686c.jpg\" alt=\"dun-vien\" width=\"800\" height=\"450\" srcset=\"https:\/\/congtybinhminh.com\/wp-content\/uploads\/2022\/06\/z3435944778338_040a061178041a8812657271d73d686c.jpg 800w, https:\/\/congtybinhminh.com\/wp-content\/uploads\/2022\/06\/z3435944778338_040a061178041a8812657271d73d686c-510x287.jpg 510w, https:\/\/congtybinhminh.com\/wp-content\/uploads\/2022\/06\/z3435944778338_040a061178041a8812657271d73d686c-711x400.jpg 711w, https:\/\/congtybinhminh.com\/wp-content\/uploads\/2022\/06\/z3435944778338_040a061178041a8812657271d73d686c-768x432.jpg 768w\" sizes=\"auto, (max-width: 800px) 100vw, 800px\" \/><\/p>\n<h2><span style=\"color: #000000\"><strong>\u01afu \u0111i\u1ec3m c\u1ee7a m\u00e1y \u0111\u00f9n vi\u00ean TACN 40K \u2013 \u0111\u1ea7u n\u1ed5\u00a0<\/strong><\/span><\/h2>\n<ul>\n<li><span style=\"color: #000000\">Vi\u00ean c\u00e1m n\u1ed5i \u0111\u01b0\u1ee3c l\u00e0m ch\u00edn h\u1ea1n ch\u1ebf m\u1ea7m b\u1ec7nh<\/span><\/li>\n<li><span style=\"color: #000000\">M\u00e1y \u0111\u01b0\u1ee3c trang b\u1ecb t\u1ee7 \u0111i\u1ec7n an to\u00e0n khi s\u1eed d\u1ee5ng, tr\u00e1nh s\u1ef1 c\u1ed1 qu\u00e1 t\u1ea3i, ch\u1eadp \u0111i\u1ec7n<\/span><\/li>\n<\/ul>\n<p><img loading=\"lazy\" decoding=\"async\" class=\"size-full wp-image-6858 aligncenter\" src=\"https:\/\/congtybinhminh.com\/wp-content\/uploads\/2022\/06\/may-dun-vien-thuc-an-chan-nuoi-40k-dau-no-binh-minh.jpg\" alt=\"may-dun-vien-thuc-an-chan-nuoi-40k-dau-no-binh-minh\" width=\"800\" height=\"600\" srcset=\"https:\/\/congtybinhminh.com\/wp-content\/uploads\/2022\/06\/may-dun-vien-thuc-an-chan-nuoi-40k-dau-no-binh-minh.jpg 800w, https:\/\/congtybinhminh.com\/wp-content\/uploads\/2022\/06\/may-dun-vien-thuc-an-chan-nuoi-40k-dau-no-binh-minh-510x383.jpg 510w, https:\/\/congtybinhminh.com\/wp-content\/uploads\/2022\/06\/may-dun-vien-thuc-an-chan-nuoi-40k-dau-no-binh-minh-533x400.jpg 533w, https:\/\/congtybinhminh.com\/wp-content\/uploads\/2022\/06\/may-dun-vien-thuc-an-chan-nuoi-40k-dau-no-binh-minh-768x576.jpg 768w\" sizes=\"auto, (max-width: 800px) 100vw, 800px\" \/><\/p>\n<ul>\n<li><span style=\"color: #000000\">T\u1ef1 t\u1ea1o \u0111\u01b0\u1ee3c th\u1ee9c \u0103n vi\u00ean cho c\u00e1 v\u00e0 c\u00e1c lo\u1ea1i th\u1ee7y h\u1ea3i s\u1ea3n, ti\u1ebft ki\u1ec7m chi ph\u00ed \u0111\u1ea3m b\u1ea3o ch\u1ea5t l\u01b0\u1ee3ng<\/span><\/li>\n<li><span style=\"color: #000000\">Ng\u01b0\u1eddi nu\u00f4i kh\u00f4ng c\u00f2n lo thi\u1ebfu ho\u1eb7c th\u1eeba th\u1ee9c \u0103n trong khi nu\u00f4i c\u00e1 v\u00e0 c\u00e1c lo\u1ea1i th\u1ee7y h\u1ea3i s\u1ea3n<\/span><\/li>\n<\/ul>\n<h2><span style=\"color: #000000\"><strong>C\u1ea5u t\u1ea1o m\u00e1y \u0111\u00f9n vi\u00ean th\u1ee9c \u0103n ch\u0103n nu\u00f4i 40k \u0111\u1ea7u n\u1ed5<\/strong><\/span><\/h2>\n<p><span style=\"color: #000000\">M\u00e1y \u0111\u00f9n vi\u00ean c\u00e1m c\u00e1 40K s\u1eed d\u1ee5ng \u0111\u1ea7u n\u1ed5 D15 \u0111\u01b0\u1ee3c thi\u1ebft k\u1ebf nh\u1ecf g\u1ecdn, ti\u1ec7n d\u1ee5ng cho c\u00e1c h\u1ed9 ch\u0103n nu\u00f4i v\u1eeba v\u00e0 nh\u1ecf .H\u1ec7 th\u1ed1ng \u0111\u1ea7u n\u1ed5 t\u1eeb D15\u00a0 s\u1ebd k\u00e9o t\u1ea3i qua d\u00e2y curoa v\u00e0 truy\u1ec1n l\u1ef1c tr\u1ef1c ti\u1ebfp t\u1edbi tr\u1ee5c \u00e9p.<\/span><\/p>\n<p><img loading=\"lazy\" decoding=\"async\" class=\"size-full wp-image-6853 aligncenter\" src=\"https:\/\/congtybinhminh.com\/wp-content\/uploads\/2022\/06\/cau-tao-may-dun-vien-tacn-40k-dau-no.jpg\" alt=\"cau-tao-may-dun-vien-tacn-40k-dau-no\" width=\"800\" height=\"668\" srcset=\"https:\/\/congtybinhminh.com\/wp-content\/uploads\/2022\/06\/cau-tao-may-dun-vien-tacn-40k-dau-no.jpg 800w, https:\/\/congtybinhminh.com\/wp-content\/uploads\/2022\/06\/cau-tao-may-dun-vien-tacn-40k-dau-no-510x426.jpg 510w, https:\/\/congtybinhminh.com\/wp-content\/uploads\/2022\/06\/cau-tao-may-dun-vien-tacn-40k-dau-no-479x400.jpg 479w, https:\/\/congtybinhminh.com\/wp-content\/uploads\/2022\/06\/cau-tao-may-dun-vien-tacn-40k-dau-no-768x641.jpg 768w\" sizes=\"auto, (max-width: 800px) 100vw, 800px\" \/><\/p>\n<p><span style=\"color: #000000\">Ngo\u00e0i ra , m\u00e1y \u0111\u01b0\u1ee3c trang b\u1ecb b\u1ea3ng \u0111i\u1ec1u khi\u1ec3n bi\u1ebfn t\u1ea7n, gi\u00fap ng\u01b0\u1eddi d\u00f9ng v\u1eadn h\u00e0nh d\u1ec5 d\u00e0ng v\u00e0 an to\u00e0n \u0111\u1ed3ng th\u1eddi b\u1ea3o v\u1ec7 \u0111\u01b0\u1ee3c m\u00e1y khi c\u00f3 s\u1ef1 c\u1ed1 nh\u01b0 qu\u00e1 t\u1ea3i, ch\u1eadp \u0111i\u1ec7n. H\u1ec7 th\u1ed1ng t\u1ee7 \u0111i\u1ec7n s\u1eed d\u1ee5ng \u0111i\u1ec7n 220V v\u1eadn h\u00e0nh b\u1ed9 ph\u1eadn ra nhi\u1ec7t l\u00e0m ch\u00edn vi\u00ean c\u00e1m v\u00e0 k\u00e9o t\u1ea3i 2 \u0111\u1ed9ng c\u01a1<\/span><\/p>\n<p><span style=\"color: #000000\">M\u00e1y c\u00f3 ph\u1ec5u c\u1ea5p li\u1ec7u b\u00e1n t\u1ef1 \u0111\u1ed9ng , nguy\u00ean li\u1ec7u ngay khi \u0111\u01b0\u1ee3c \u0111\u01b0a v\u00e0o toa l\u00e0m vi\u1ec7c, c\u00e1c c\u00e1nh \u0111\u1ea3o l\u00e0m nhi\u1ec7m v\u1ee5 tr\u1ed9n \u0111\u1ec1u r\u1ed3i \u0111\u01b0a xu\u1ed1ng \u0111\u1ea7u b\u00f3n. \u0110\u1ed9ng c\u01a1 k\u00e9o t\u1ea3i ri\u00eang bi\u1ec7t b\u1eb1ng \u0111i\u1ec7n 220V \u2013 \u0111i\u1ec7n d\u00e2n d\u1ee5ng, t\u00e1ch bi\u1ec7t v\u1edbi \u0111\u1ea7u n\u1ed5<\/span><\/p>\n<p><img loading=\"lazy\" decoding=\"async\" class=\"size-full wp-image-6854 aligncenter\" src=\"https:\/\/congtybinhminh.com\/wp-content\/uploads\/2022\/06\/buong-tron-nguyen-lieu-1.jpg\" alt=\"buong-tron-nguyen-lieu-1\" width=\"800\" height=\"582\" srcset=\"https:\/\/congtybinhminh.com\/wp-content\/uploads\/2022\/06\/buong-tron-nguyen-lieu-1.jpg 800w, https:\/\/congtybinhminh.com\/wp-content\/uploads\/2022\/06\/buong-tron-nguyen-lieu-1-510x371.jpg 510w, https:\/\/congtybinhminh.com\/wp-content\/uploads\/2022\/06\/buong-tron-nguyen-lieu-1-550x400.jpg 550w, https:\/\/congtybinhminh.com\/wp-content\/uploads\/2022\/06\/buong-tron-nguyen-lieu-1-768x559.jpg 768w\" sizes=\"auto, (max-width: 800px) 100vw, 800px\" \/><\/p>\n<p><span style=\"color: #000000\">\u0110\u1ec3 c\u00e1c nguy\u00ean li\u1ec7u \u0111\u01b0\u1ee3c ph\u1ed1i tr\u1ed9n \u0111\u1ec1u h\u01a1n , Q\u00fay kh\u00e1ch h\u00e0ng c\u00f3 th\u1ec3 s\u1eed d\u1ee5ng th\u00eam <a href=\"https:\/\/congtybinhminh.com\/sp\/may-tron-dung-75kw\/\"><span style=\"color: #e14d43\">m\u00e1y tr\u1ed9n b\u1ed9t<\/span><\/a><\/span><\/p>\n<p><span style=\"color: #000000\">Nguy\u00ean li\u1ec7u sau khi \u0111\u01b0\u1ee3c \u0111\u01b0a v\u00e0o tr\u1ee5c xo\u1eafn, d\u01b0\u1edbi nhi\u1ec7t \u0111\u1ed9 cao khi c\u00e0i \u0111\u1eb7t, nguy\u00ean li\u1ec7u trong ph\u1ec5u n\u1ea1p s\u1ebd \u0111\u01b0\u1ee3c b\u1ed9 ph\u1eadn gia nhi\u1ec7t l\u00e0m ch\u00edn v\u00e0 x\u1ed1p vi\u00ean c\u00e1m t\u0103ng kh\u1ea3 n\u0103ng n\u1ed5i tr\u00ean m\u1eb7t n\u01b0\u1edbc v\u00e0 gi\u00fap v\u1eadt nu\u00f4i ti\u00eau h\u00f3a t\u1ed1t h\u01a1n.<\/span><\/p>\n<p><img loading=\"lazy\" decoding=\"async\" class=\"size-full wp-image-6856 aligncenter\" src=\"https:\/\/congtybinhminh.com\/wp-content\/uploads\/2022\/06\/tu-dien-1.jpg\" alt=\"tu-dien-1\" width=\"800\" height=\"727\" srcset=\"https:\/\/congtybinhminh.com\/wp-content\/uploads\/2022\/06\/tu-dien-1.jpg 800w, https:\/\/congtybinhminh.com\/wp-content\/uploads\/2022\/06\/tu-dien-1-510x463.jpg 510w, https:\/\/congtybinhminh.com\/wp-content\/uploads\/2022\/06\/tu-dien-1-440x400.jpg 440w, https:\/\/congtybinhminh.com\/wp-content\/uploads\/2022\/06\/tu-dien-1-768x698.jpg 768w\" sizes=\"auto, (max-width: 800px) 100vw, 800px\" \/><\/p>\n<p><span style=\"color: #000000\"><em>M\u1eb9o nh\u1ecf:<\/em> N\u00ean cho h\u1ed7n h\u1ee3p b\u1ed9t c\u00e1m v\u00e0o <a href=\"https:\/\/congtybinhminh.com\/sp\/may-tron-dung-75kw\/\"><span style=\"color: #e14d43\">m\u00e1y tr\u1ed9n<\/span><\/a> \u0111\u1ea3o \u0111\u1ec1u tr\u01b0\u1edbc khi \u0111\u01b0a nguy\u00ean li\u1ec7u v\u00e0o ph\u1ec5u ch\u1ee9a<\/span><\/p>\n<p><span style=\"color: #000000\">D\u01b0\u1edbi nhi\u1ec7t \u0111\u1ed9 cao, nguy\u00ean li\u1ec7u trong ph\u1ec5u n\u1ea1p s\u1ebd \u0111\u01b0\u1ee3c b\u1ed9 ph\u1eadn gia nhi\u1ec7t l\u00e0m ch\u00edn v\u00e0 x\u1ed1p vi\u00ean c\u00e1m t\u0103ng kh\u1ea3 n\u0103ng n\u1ed5i tr\u00ean m\u1eb7t n\u01b0\u1edbc v\u00e0 gi\u00fap v\u1eadt nu\u00f4i ti\u00eau h\u00f3a t\u1ed1t h\u01a1n.<\/span><\/p>\n<p><span style=\"color: #000000\">B\u1ed9 ph\u1eadn dao c\u1eaft g\u1ed3m 2 l\u01b0\u1ee1i dao v\u1edbi h\u1ec7 th\u1ed1ng \u0111\u1ed9ng c\u01a1 ri\u00eang, th\u00f4ng qua b\u1ea3ng \u0111i\u1ec1u khi\u1ec3n bi\u1ebfn t\u1ea7n ng\u01b0\u1eddi d\u00f9ng c\u00f3 th\u1ec3 t\u1ef1 \u0111i\u1ec1u ch\u1ec9nh trong su\u1ed1t qu\u00e1 tr\u00ecnh m\u00e1y ho\u1ea1t \u0111\u1ed9ng.M\u00e1y c\u00f3 th\u1ec3 \u00e9p \u0111\u01b0\u1ee3c v\u1edbi k\u00edch c\u1ee1\u00a0 vi\u00ean c\u00e1m kh\u00e1c nhau\u00a0 ph\u00f9 h\u1ee3p v\u1edbi \u0111a d\u1ea1ng nhi\u1ec1u lo\u1ea1i v\u1eadt nu\u00f4i c\u0169ng nh\u01b0 nhu c\u1ea7u s\u1eed d\u1ee5ng<\/span><\/p>\n<p><img loading=\"lazy\" decoding=\"async\" class=\"size-full wp-image-6855 aligncenter\" src=\"https:\/\/congtybinhminh.com\/wp-content\/uploads\/2022\/06\/thanh-pham-cam-vien-40k.jpg\" alt=\"thanh-pham-cam-vien-40k\" width=\"800\" height=\"600\" srcset=\"https:\/\/congtybinhminh.com\/wp-content\/uploads\/2022\/06\/thanh-pham-cam-vien-40k.jpg 800w, https:\/\/congtybinhminh.com\/wp-content\/uploads\/2022\/06\/thanh-pham-cam-vien-40k-510x383.jpg 510w, https:\/\/congtybinhminh.com\/wp-content\/uploads\/2022\/06\/thanh-pham-cam-vien-40k-533x400.jpg 533w, https:\/\/congtybinhminh.com\/wp-content\/uploads\/2022\/06\/thanh-pham-cam-vien-40k-768x576.jpg 768w\" sizes=\"auto, (max-width: 800px) 100vw, 800px\" \/><\/p>\n<p><span style=\"color: #000000\">Ngo\u00e0i ra c\u00f4ng ty c\u00f2n s\u1ea3n xu\u1ea5t r\u1ea5t nhi\u1ec1u c\u00e1c d\u00f2ng m\u00e1y \u0111\u00f9n vi\u00ean th\u1ee9c \u0103n ch\u0103n nu\u00f4i kh\u00e1c nhau nh\u01b0<\/span> <span style=\"color: #0000ff\"><a style=\"color: #0000ff\" href=\"https:\/\/congtybinhminh.com\/sp\/may-dun-vien-thuc-an-chan-nuoi-80k-dau-no-binh-minh\/\">M\u00e1y \u0111\u00f9n vi\u00ean th\u1ee9c \u0103n ch\u0103n nu\u00f4i 80K<\/a> <span style=\"color: #000000\">hay <span style=\"color: #0000ff\"><a style=\"color: #0000ff\" href=\"https:\/\/congtybinhminh.com\/sp\/may-dun-vien\/\">m\u00e1y \u0111\u00f9n vi\u00ean th\u1ee9c \u0103n ch\u0103n nu\u00f4i 100K<\/a><\/span> ho\u1eb7c <a href=\"https:\/\/congtybinhminh.com\/sp\/may-dun-vien-thuc-an-chan-nuoi-150k\/\"><span style=\"color: #0000ff\">m\u00e1y \u0111\u00f9n vi\u00ean th\u1ee9c \u0103n ch\u0103n nu\u00f4i 150K<\/span><\/a><\/span><\/span><\/p>\n<h2><strong><span style=\"color: #000000\">Th\u00f4ng s\u1ed1 k\u1ef9 thu\u1eadt c\u1ee7a m\u00e1y<\/span><\/strong><\/h2>\n<p><img loading=\"lazy\" decoding=\"async\" class=\"size-full wp-image-6857 aligncenter\" src=\"https:\/\/congtybinhminh.com\/wp-content\/uploads\/2022\/06\/2022-06-16_9-17-25.jpg\" alt=\"thong-so\" width=\"800\" height=\"477\" srcset=\"https:\/\/congtybinhminh.com\/wp-content\/uploads\/2022\/06\/2022-06-16_9-17-25.jpg 800w, https:\/\/congtybinhminh.com\/wp-content\/uploads\/2022\/06\/2022-06-16_9-17-25-510x304.jpg 510w, https:\/\/congtybinhminh.com\/wp-content\/uploads\/2022\/06\/2022-06-16_9-17-25-671x400.jpg 671w, https:\/\/congtybinhminh.com\/wp-content\/uploads\/2022\/06\/2022-06-16_9-17-25-768x458.jpg 768w\" sizes=\"auto, (max-width: 800px) 100vw, 800px\" \/><\/p>\n","protected":false},"excerpt":{"rendered":"<ul>\n<li><span style=\"color: #000000\"><strong><span style=\"color: #ed1c24\">H\u00e3ng s\u1ea3n xu\u1ea5t<\/span>:<\/strong>\u00a0B\u00ecnh Minh<\/span><\/li>\n<li><span style=\"color: #000000\"><strong><span style=\"color: #ed1c24\">C\u00f4ng su\u1ea5t \u0111\u1ea7u n\u1ed5<\/span>:<\/strong>\u00a0D15<\/span><\/li>\n<li><span style=\"color: #000000\"><strong><span style=\"color: #ed1c24\">C\u00e2ng n\u1eb7ng<\/span>:<\/strong>\u00a0247 ( kh\u00f4ng \u0111\u1ea7u n\u1ed5)<\/span><\/li>\n<li><span style=\"color: #000000\"><strong><span style=\"color: #ed1c24\">T\u00ednh n\u0103ng<\/span>:<\/strong>\u00a030 \u2013 50kg\/gi\u1edd<\/span><\/li>\n<li><span style=\"color: #000000\"><strong><span style=\"color: #ed1c24\">K\u00edch th\u01b0\u1edbc (D*C*R)<\/span>:\u00a0<\/strong>125*123*124(cm)<\/span><\/li>\n<li><span style=\"color: #000000\"><strong><span style=\"color: #ed1c24\">T\u00ednh n\u0103ng<\/span>:<\/strong>\u00a0M\u00e1y chuy\u00ean d\u00f9ng \u0111\u00f9n \u2013 \u00e9p t\u1ea1o th\u1ee9c \u0103n d\u1ea1ng vi\u00ean c\u00e1m n\u1ed5i cho c\u00e1, th\u1ee7y h\u1ea3i s\u1ea3n\u2026 vi\u00ean c\u00e1m sau khi \u00e9p ch\u00edn c\u00f3 th\u1ec3 l\u00e0m th\u1ee9c \u0103n cho g\u00e0, v\u1ecbt, l\u1ee3n \u2026<\/span><\/li>\n<\/ul>\n","protected":false},"featured_media":10316,"comment_status":"closed","ping_status":"closed","template":"","meta":[],"product_brand":[],"product_cat":[42],"product_tag":[136,66,67,135,148,68],"class_list":{"0":"post-6847","1":"product","2":"type-product","3":"status-publish","4":"has-post-thumbnail","6":"product_cat-may-dun-vien","7":"product_tag-may-dun-vien","8":"product_tag-may-lam-cam-ca-noi","9":"product_tag-may-lam-cam-chim","10":"product_tag-may-lam-cam-chin","11":"product_tag-may-lam-cam-noi","12":"product_tag-may-lam-cam-tom","14":"first","15":"instock","16":"shipping-taxable","17":"product-type-simple"},"_links":{"self":[{"href":"https:\/\/congtybinhminh.com\/index.php?rest_route=\/wp\/v2\/product\/6847","targetHints":{"allow":["GET"]}}],"collection":[{"href":"https:\/\/congtybinhminh.com\/index.php?rest_route=\/wp\/v2\/product"}],"about":[{"href":"https:\/\/congtybinhminh.com\/index.php?rest_route=\/wp\/v2\/types\/product"}],"replies":[{"embeddable":true,"href":"https:\/\/congtybinhminh.com\/index.php?rest_route=%2Fwp%2Fv2%2Fcomments&post=6847"}],"wp:featuredmedia":[{"embeddable":true,"href":"https:\/\/congtybinhminh.com\/index.php?rest_route=\/wp\/v2\/media\/10316"}],"wp:attachment":[{"href":"https:\/\/congtybinhminh.com\/index.php?rest_route=%2Fwp%2Fv2%2Fmedia&parent=6847"}],"wp:term":[{"taxonomy":"product_brand","embeddable":true,"href":"https:\/\/congtybinhminh.com\/index.php?rest_route=%2Fwp%2Fv2%2Fproduct_brand&post=6847"},{"taxonomy":"product_cat","embeddable":true,"href":"https:\/\/congtybinhminh.com\/index.php?rest_route=%2Fwp%2Fv2%2Fproduct_cat&post=6847"},{"taxonomy":"product_tag","embeddable":true,"href":"https:\/\/congtybinhminh.com\/index.php?rest_route=%2Fwp%2Fv2%2Fproduct_tag&post=6847"}],"curies":[{"name":"wp","href":"https:\/\/api.w.org\/{rel}","templated":true}]}}