{"id":6835,"date":"2022-06-16T08:49:07","date_gmt":"2022-06-16T01:49:07","guid":{"rendered":"https:\/\/congtybinhminh.com\/?post_type=product&#038;p=6835"},"modified":"2025-03-23T15:59:23","modified_gmt":"2025-03-23T08:59:23","slug":"may-nghien-thuc-an-chan-nuoi-b12-buong-thang","status":"publish","type":"product","link":"https:\/\/congtybinhminh.com\/?product=may-nghien-thuc-an-chan-nuoi-b12-buong-thang","title":{"rendered":"M\u00e1y nghi\u1ec1n th\u1ee9c \u0103n ch\u0103n nu\u00f4i B12 bu\u00f4ng th\u1eb3ng"},"content":{"rendered":"<p><span style=\"color: #000000\"><strong>Xem video m\u00e1y tr\u1ef1c ti\u1ebfp t\u1ea1i \u0111\u00e2y:<\/strong><\/span><\/p>\n<p><iframe loading=\"lazy\" title=\"C\u00e1ch D\u00f9ng M\u00e1y Nghi\u1ec1n BT12 An To\u00e0n V\u00e0 Hi\u1ec7u Qu\u1ea3 B\u00ecnh Minh\" width=\"1020\" height=\"574\" src=\"https:\/\/www.youtube.com\/embed\/7gYQRoFl_Yw?feature=oembed\" frameborder=\"0\" allow=\"accelerometer; autoplay; clipboard-write; encrypted-media; gyroscope; picture-in-picture; web-share\" referrerpolicy=\"strict-origin-when-cross-origin\" allowfullscreen><\/iframe><\/p>\n<p><span style=\"color: #000000\">M\u00e1y nghi\u1ec1n th\u1ee9c \u0103n ch\u0103n nu\u00f4i B12 bu\u00f4ng th\u1eb3ng thu\u1ed9c top nh\u1eefng d\u00f2ng s\u1ea3n ph\u1ea9m m\u00e1y nghi\u1ec1n m\u1edbi nh\u1ea5t \u0111\u01b0\u1ee3c c\u00f4ng ty B\u00ecnh Minh cho ra th\u1ecb tr\u01b0\u1eddng v\u00e0o gi\u1eefa n\u0103m 2022. M\u00e1y c\u00f3 nh\u1eefng t\u00ednh n\u0103ng \u01b0u vi\u1ec7t v\u00e0 \u0111em l\u1ea1i hi\u1ec7u qu\u1ea3 kinh t\u1ebf cao. Chuy\u00ean d\u00f9ng nghi\u1ec1n ng\u00f4, th\u00f3c, g\u1ea1o\u2026.. th\u00e0nh b\u1ed9t c\u00e1m cho gia s\u00fac \u2013 gia c\u1ea7m ph\u1ee5c v\u1ee5 c\u00e1c h\u1ed9 ch\u0103n nu\u00f4i<\/span><\/p>\n<p><img loading=\"lazy\" decoding=\"async\" class=\"size-full wp-image-6840 aligncenter\" src=\"https:\/\/congtybinhminh.com\/wp-content\/uploads\/2022\/06\/b12.jpg\" alt=\"b12\" width=\"800\" height=\"600\" srcset=\"https:\/\/congtybinhminh.com\/wp-content\/uploads\/2022\/06\/b12.jpg 800w, https:\/\/congtybinhminh.com\/wp-content\/uploads\/2022\/06\/b12-510x383.jpg 510w, https:\/\/congtybinhminh.com\/wp-content\/uploads\/2022\/06\/b12-533x400.jpg 533w, https:\/\/congtybinhminh.com\/wp-content\/uploads\/2022\/06\/b12-768x576.jpg 768w\" sizes=\"auto, (max-width: 800px) 100vw, 800px\" \/><\/p>\n<h2><strong><span style=\"color: #000000\">\u01afu \u0111i\u1ec3m c\u1ee7a m\u00e1y nghi\u1ec1n B12 bu\u00f4ng th\u1eb1ng<\/span><\/strong><\/h2>\n<ul>\n<li><span style=\"color: #000000\">Ti\u1ebft ki\u1ec7m m\u1ed9t kho\u1ea3n chi ph\u00ed kha kh\u00e1 so v\u1edbi mua th\u1ee9c \u0103n ngo\u00e0i<\/span><\/li>\n<li><span style=\"color: #000000\">D\u1ec5 d\u00e0ng ch\u1ee7 \u0111\u1ed9ng ngu\u1ed3n th\u1ee9c \u0103n cho v\u1eadt nu\u00f4i \u1edf b\u1ea5t c\u1ee9 th\u1eddi \u0111i\u1ec3m n\u00e0o<\/span><\/li>\n<\/ul>\n<p><img loading=\"lazy\" decoding=\"async\" class=\"size-full wp-image-6841 aligncenter\" src=\"https:\/\/congtybinhminh.com\/wp-content\/uploads\/2022\/06\/cau-tao-may-nghien-thuc-an-chan-nuoi-b12-1.jpg\" alt=\"cau-tao-may-nghien-thuc-an-chan-nuoi-b12-1\" width=\"800\" height=\"658\" srcset=\"https:\/\/congtybinhminh.com\/wp-content\/uploads\/2022\/06\/cau-tao-may-nghien-thuc-an-chan-nuoi-b12-1.jpg 800w, https:\/\/congtybinhminh.com\/wp-content\/uploads\/2022\/06\/cau-tao-may-nghien-thuc-an-chan-nuoi-b12-1-510x419.jpg 510w, https:\/\/congtybinhminh.com\/wp-content\/uploads\/2022\/06\/cau-tao-may-nghien-thuc-an-chan-nuoi-b12-1-486x400.jpg 486w, https:\/\/congtybinhminh.com\/wp-content\/uploads\/2022\/06\/cau-tao-may-nghien-thuc-an-chan-nuoi-b12-1-768x632.jpg 768w\" sizes=\"auto, (max-width: 800px) 100vw, 800px\" \/><\/p>\n<ul>\n<li><span style=\"color: #000000\">\u0110\u1ea3m b\u1ea3o th\u1ee9c \u0103n \u2013 \u0111\u1ea3m b\u1ea3o ch\u1ea5t l\u01b0\u1ee3ng v\u00e0 dinh d\u01b0\u1ee1ng cho v\u1eadt nu\u00f4i<\/span><\/li>\n<li><span style=\"color: #000000\">Th\u00e0nh ph\u1ea9m sau khi nghi\u1ec1n c\u00f3 th\u1ec3 cho v\u1eadt nu\u00f4i d\u00f9ng ngay ho\u1eb7c cho v\u00e0o m\u00e1y \u00e9p c\u00e1m vi\u00ean\u00a0t\u1ea1o th\u00e0nh th\u1ee9c \u0103n d\u1ea1ng vi\u00ean cho v\u1eadt nu\u00f4i d\u00f9ng d\u1ea7n<\/span><\/li>\n<\/ul>\n<h2><strong><span style=\"color: #000000\">C\u1ea5u t\u1ea1o c\u1ee7a m\u00e1y nghi\u1ec1n B12 bu\u00f4ng th\u1eb1ng<\/span><\/strong><\/h2>\n<ul>\n<li><span style=\"color: #000000\">Thi\u1ebft k\u1ebf hi\u1ec7n \u0111\u1ea1i, nh\u1ecf g\u1ecdn kh\u00f4ng chi\u1ebfm nhi\u1ec1u di\u1ec7n t\u00edch, c\u1ea5u t\u1ea1o c\u1ee7a m\u00e1y g\u1ed3m 4 ph\u1ea7n ch\u00ednh: khung m\u00e1y; 1 ph\u1ec5u n\u1ea1p; 1 c\u1eeda x\u1ea3; \u0111\u1ed9ng c\u01a1 v\u00e0 bu\u1ed3ng nghi\u1ec1n<\/span><\/li>\n<li><span style=\"color: #000000\">M\u00e1y nghi\u1ec1n B12 s\u1eed d\u1ee5ng \u0111\u1ed9ng c\u01a1 3,5kw \u0111i\u1ec7n gia \u0111\u00ecnh 1 pha 220V motor l\u00f5i d\u00e2y \u0111\u1ed3ng 100%. V\u1edbi t\u1ed1c \u0111\u1ed9 quay 2900 v\u00f2ng\/ph\u00fat ch\u1ec9 trong gi\u1edd c\u00f3 th\u1ec3 nghi\u1ec1n v\u1edbi n\u0103ng su\u1ea5t 100 \u2013 200 kg\/gi\u1edd.<\/span><\/li>\n<\/ul>\n<p><img loading=\"lazy\" decoding=\"async\" class=\"size-full wp-image-6842 aligncenter\" src=\"https:\/\/congtybinhminh.com\/wp-content\/uploads\/2022\/06\/pheu-nap-may-nghien.jpg\" alt=\"pheu-nap-may-nghien\" width=\"800\" height=\"600\" srcset=\"https:\/\/congtybinhminh.com\/wp-content\/uploads\/2022\/06\/pheu-nap-may-nghien.jpg 800w, https:\/\/congtybinhminh.com\/wp-content\/uploads\/2022\/06\/pheu-nap-may-nghien-510x383.jpg 510w, https:\/\/congtybinhminh.com\/wp-content\/uploads\/2022\/06\/pheu-nap-may-nghien-533x400.jpg 533w, https:\/\/congtybinhminh.com\/wp-content\/uploads\/2022\/06\/pheu-nap-may-nghien-768x576.jpg 768w\" sizes=\"auto, (max-width: 800px) 100vw, 800px\" \/><\/p>\n<ul>\n<li><span style=\"color: #000000\">V\u1edbi l\u01b0\u1ee3ng th\u1ee9c \u0103n l\u1edbn \u0111\u01b0\u1ee3c s\u1ea3n xu\u1ea5t trong th\u1eddi gian ng\u1eafn, b\u00e0 con c\u00f3 th\u1ec3 ti\u1ebft ki\u1ec7m nhi\u1ec1u th\u1eddi gian m\u00e0 ch\u1ec9 c\u1ea7n 1 ng\u01b0\u1eddi th\u1ef1c hi\u1ec7n.<\/span><\/li>\n<li><span style=\"color: #000000\">B\u00ean trong bu\u1ed3ng nghi\u1ec1n c\u1ee7a m\u00e1y \u0111\u01b0\u1ee3c thi\u1ebft k\u1ebf 18 b\u00faa nghi\u1ec1n chuy\u1ec3n \u0111\u1ed9ng k\u1ebft h\u1ee3p v\u1edbi 6 \u0111\u0129a \u0111\u00e0 v\u00e0 6 b\u00faa c\u1ed1 \u0111\u1ecbnh ch\u1eafc ch\u1eafn l\u00e0m nhi\u1ec7m v\u1ee5 \u0111\u1ea1p v\u1ee1 v\u00e0 nghi\u1ec1n nguy\u00ean li\u1ec7u v\u1edbi m\u1eb7t s\u00e0ng.<\/span><\/li>\n<li><span style=\"color: #000000\">Ng\u01b0\u1eddi d\u00f9ng c\u00f3 th\u1ec3 \u0111i\u1ec1u ch\u1ec9nh \u0111\u1ed9 m\u1ecbn c\u1ee7a th\u00e0nh ph\u1ea9m b\u1eb1ng c\u00e1ch l\u1ef1a ch\u1ecdn th\u00e1o l\u1eafp m\u1eb7t s\u00e0ng trong m\u00e1y<\/span><\/li>\n<\/ul>\n<p>&nbsp;<\/p>\n<p><img loading=\"lazy\" decoding=\"async\" class=\"size-full wp-image-6843 aligncenter\" src=\"https:\/\/congtybinhminh.com\/wp-content\/uploads\/2022\/06\/cau-tao-may-nghien-b12.jpg\" alt=\"cau-tao-may-nghien-b12\" width=\"800\" height=\"599\" srcset=\"https:\/\/congtybinhminh.com\/wp-content\/uploads\/2022\/06\/cau-tao-may-nghien-b12.jpg 800w, https:\/\/congtybinhminh.com\/wp-content\/uploads\/2022\/06\/cau-tao-may-nghien-b12-510x382.jpg 510w, https:\/\/congtybinhminh.com\/wp-content\/uploads\/2022\/06\/cau-tao-may-nghien-b12-534x400.jpg 534w, https:\/\/congtybinhminh.com\/wp-content\/uploads\/2022\/06\/cau-tao-may-nghien-b12-768x575.jpg 768w\" sizes=\"auto, (max-width: 800px) 100vw, 800px\" \/><\/p>\n<ul>\n<li><span style=\"color: #000000\">Ph\u1ea7n toa n\u1ea1p c\u1ee7a m\u00e1y nghi\u1ec1n B12 bu\u00f4ng th\u1eb3ng \u0111\u01b0\u1ee3c thi\u1ebft k\u1ebf d\u1ea1ng ph\u1ec5u l\u1edbn c\u00f3 th\u1ec3 ch\u1ee9a \u0111\u01b0\u1ee3c nhi\u1ec1u nguy\u00ean li\u1ec7u h\u01a1n, b\u00ean d\u01b0\u1edbi l\u00e0 t\u1ea5m ng\u0103n gi\u00fap ng\u01b0\u1eddi d\u00f9ng \u0111i\u1ec1u ch\u1ec9nh l\u01b0\u1ee3ng nguy\u00ean li\u1ec7u v\u1eeba \u0111\u1ee7 \u0111i xu\u1ed1ng bu\u1ed3ng nghi\u1ec1n. H\u1ea1n ch\u1ebf hi\u1ec7n t\u01b0\u1ee3ng t\u1eafc hay ngh\u1eb9n m\u00e1y.<\/span><\/li>\n<li><span style=\"color: #000000\">Th\u00e0nh ph\u1ea9m sau khi nghi\u1ec1n s\u1ebd \u0111\u01b0\u1ee3c \u0111\u01b0a th\u1eb3ng xu\u1ed1ng c\u1eeda x\u1ea3 . \u0110\u1ec3 tr\u00e1nh th\u1ea5t tho\u00e1t l\u01b0\u1ee3ng b\u1ed9t sau khi nghi\u1ec1n, ng\u01b0\u1eddi d\u00f9ng n\u00ean bu\u1ed9c t\u00fai v\u1ea3i s\u1ea1ch tr\u01b0\u1edbc c\u1eeda toa n\u1ea1p tr\u01b0\u1edbc khi nghi\u1ec1n.<\/span><\/li>\n<\/ul>\n<p><img loading=\"lazy\" decoding=\"async\" class=\"size-full wp-image-6845 aligncenter\" src=\"https:\/\/congtybinhminh.com\/wp-content\/uploads\/2022\/06\/cua-xa-thanh-pham-nghien.jpg\" alt=\"cua-xa-thanh-pham-nghien\" width=\"800\" height=\"600\" srcset=\"https:\/\/congtybinhminh.com\/wp-content\/uploads\/2022\/06\/cua-xa-thanh-pham-nghien.jpg 800w, https:\/\/congtybinhminh.com\/wp-content\/uploads\/2022\/06\/cua-xa-thanh-pham-nghien-510x383.jpg 510w, https:\/\/congtybinhminh.com\/wp-content\/uploads\/2022\/06\/cua-xa-thanh-pham-nghien-533x400.jpg 533w, https:\/\/congtybinhminh.com\/wp-content\/uploads\/2022\/06\/cua-xa-thanh-pham-nghien-768x576.jpg 768w\" sizes=\"auto, (max-width: 800px) 100vw, 800px\" \/><\/p>\n<ul>\n<li><span style=\"color: #000000\">Tr\u00ean khung m\u00e1y nghi\u1ec1n B12 \u0111\u01b0\u1ee3c thi\u1ebft k\u1ebf aptomat, khi b\u1eaft \u0111\u1ea7u ch\u1ea1y m\u00e1y ng\u01b0\u1eddi d\u00f9ng ch\u1ec9 c\u1ea7n b\u1eadt aptomat l\u00e0 c\u00f3 th\u1ec3 kh\u1edfi \u0111\u1ed9ng ho\u1eb7c t\u1eaft khi d\u1eebng m\u00e1y m\u1ed9t c\u00e1ch d\u1ec5 d\u00e0ng. Ng\u1eaft\u00a0 ngay aptomat n\u1ebfu s\u1ea3y ra b\u1ea5t k\u1ef3 s\u1ef1 c\u1ed1 n\u00e0o \u0111\u1ec3 \u0111\u1ea3m b\u1ea3o d\u1eef m\u00e1y.<\/span><\/li>\n<\/ul>\n<p><img loading=\"lazy\" decoding=\"async\" class=\"size-full wp-image-6844 aligncenter\" src=\"https:\/\/congtybinhminh.com\/wp-content\/uploads\/2022\/06\/aptomat-may-bam-co.jpg\" alt=\"aptomat-may-bam-co\" width=\"800\" height=\"568\" srcset=\"https:\/\/congtybinhminh.com\/wp-content\/uploads\/2022\/06\/aptomat-may-bam-co.jpg 800w, https:\/\/congtybinhminh.com\/wp-content\/uploads\/2022\/06\/aptomat-may-bam-co-510x362.jpg 510w, https:\/\/congtybinhminh.com\/wp-content\/uploads\/2022\/06\/aptomat-may-bam-co-563x400.jpg 563w, https:\/\/congtybinhminh.com\/wp-content\/uploads\/2022\/06\/aptomat-may-bam-co-768x545.jpg 768w\" sizes=\"auto, (max-width: 800px) 100vw, 800px\" \/><\/p>\n<h2><strong><span style=\"color: #000000\">Th\u00f4ng s\u1ed1 k\u1ef9 thu\u1eadt c\u1ee7a m\u00e1y<\/span><\/strong><\/h2>\n<p><img loading=\"lazy\" decoding=\"async\" class=\"size-full wp-image-6846 aligncenter\" src=\"https:\/\/congtybinhminh.com\/wp-content\/uploads\/2022\/06\/thong-so.jpg\" alt=\"thong-so\" width=\"800\" height=\"544\" srcset=\"https:\/\/congtybinhminh.com\/wp-content\/uploads\/2022\/06\/thong-so.jpg 800w, https:\/\/congtybinhminh.com\/wp-content\/uploads\/2022\/06\/thong-so-510x347.jpg 510w, https:\/\/congtybinhminh.com\/wp-content\/uploads\/2022\/06\/thong-so-588x400.jpg 588w, https:\/\/congtybinhminh.com\/wp-content\/uploads\/2022\/06\/thong-so-768x522.jpg 768w\" sizes=\"auto, (max-width: 800px) 100vw, 800px\" \/><\/p>\n<p><span style=\"color: #000000\">Ngo\u00e0i ra, b\u00e0 con c\u00f3 th\u1ec3 tham kh\u1ea3o d\u00f2ng m\u00e1y nghi\u1ec1n kh\u00e1c do c\u00f4ng ty s\u1ea3n xu\u1ea5t nh\u01b0<\/span>: <span style=\"color: #0000ff\"><strong><a style=\"color: #0000ff\" href=\"https:\/\/congtybinhminh.com\/sp\/may-nghien-10-gia-dinh-buong-thang\/\">m\u00e1y nghi\u1ec1n 10 gia \u0111\u00ecnh bu\u00f4ng th\u1eb3ng<\/a><\/strong><\/span><\/p>\n<p>&nbsp;<\/p>\n","protected":false},"excerpt":{"rendered":"<ul>\n<li><span style=\"color: #000000\"><strong><span style=\"color: #ed1c24\">H\u00e3ng s\u1ea3n xu\u1ea5t<\/span>:<\/strong>\u00a0B\u00ecnh Minh<\/span><\/li>\n<li><span style=\"color: #000000\"><strong><span style=\"color: #ed1c24\">C\u00f4ng su\u1ea5t \u0111\u1ed9ng c\u01a1<\/span>:<\/strong>\u00a03 \u2013 3,5kw<\/span><\/li>\n<li><span style=\"color: #000000\"><strong><span style=\"color: #ed1c24\">T\u1ed1c \u0111\u1ed9<\/span>:<\/strong>\u00a02900 v\/p<\/span><\/li>\n<li><span style=\"color: #000000\"><strong><span style=\"color: #ed1c24\">Ngu\u1ed3n \u0111i\u1ec7n<\/span>:<\/strong>\u00a0220V<\/span><\/li>\n<li><span style=\"color: #000000\"><strong><span style=\"color: #ed1c24\">M\u1eb7t s\u00e0ng<\/span>:\u00a0<\/strong>s\u00e0ng l\u1ed7 1ly; 2ly; 3ly; 4ly<\/span><\/li>\n<li><span style=\"color: #000000\"><strong><span style=\"color: #ed1c24\">N\u0103ng su\u1ea5t<\/span>:<\/strong>\u00a0100 \u2013 200 kg\/gi\u1edd<\/span><\/li>\n<li><span style=\"color: #000000\"><strong><span style=\"color: #ed1c24\">C\u00e2n n\u1eb7ng<\/span>:<\/strong>\u00a066 kg<\/span><\/li>\n<li><span style=\"color: #000000\"><strong><span style=\"color: #ed1c24\">K\u00edch th\u01b0\u1edbc (D*C*R)<\/span>:<\/strong>\u00a056*116*44 cm<\/span><\/li>\n<li><span style=\"color: #000000\"><strong><span style=\"color: #ed1c24\">T\u00ednh n\u0103ng<\/span>:<\/strong>\u00a0M\u00e1y chuy\u00ean d\u00f9ng nghi\u1ec1n ng\u00f4, th\u00f3c, g\u1ea1o\u2026.. th\u00e0nh b\u1ed9t c\u00e1m cho gia s\u00fac \u2013 gia c\u1ea7m ph\u1ee5c v\u1ee5 c\u00e1c h\u1ed9 ch\u0103n nu\u00f4i<\/span><\/li>\n<\/ul>\n","protected":false},"featured_media":9577,"comment_status":"closed","ping_status":"closed","template":"","meta":[],"product_brand":[],"product_cat":[32],"product_tag":[126,147,140,145,123,95,146],"class_list":{"0":"post-6835","1":"product","2":"type-product","3":"status-publish","4":"has-post-thumbnail","6":"product_cat-may-nghien","7":"product_tag-may-nghien-chinh-hang","8":"product_tag-may-nghien-da-nang","9":"product_tag-may-nghien-gia-re","10":"product_tag-may-nghien-lua","11":"product_tag-may-nghien-ngo","12":"product_tag-may-nghien-ngu-coc","13":"product_tag-may-nghien-nong-san","15":"first","16":"instock","17":"shipping-taxable","18":"product-type-simple"},"_links":{"self":[{"href":"https:\/\/congtybinhminh.com\/index.php?rest_route=\/wp\/v2\/product\/6835","targetHints":{"allow":["GET"]}}],"collection":[{"href":"https:\/\/congtybinhminh.com\/index.php?rest_route=\/wp\/v2\/product"}],"about":[{"href":"https:\/\/congtybinhminh.com\/index.php?rest_route=\/wp\/v2\/types\/product"}],"replies":[{"embeddable":true,"href":"https:\/\/congtybinhminh.com\/index.php?rest_route=%2Fwp%2Fv2%2Fcomments&post=6835"}],"wp:featuredmedia":[{"embeddable":true,"href":"https:\/\/congtybinhminh.com\/index.php?rest_route=\/wp\/v2\/media\/9577"}],"wp:attachment":[{"href":"https:\/\/congtybinhminh.com\/index.php?rest_route=%2Fwp%2Fv2%2Fmedia&parent=6835"}],"wp:term":[{"taxonomy":"product_brand","embeddable":true,"href":"https:\/\/congtybinhminh.com\/index.php?rest_route=%2Fwp%2Fv2%2Fproduct_brand&post=6835"},{"taxonomy":"product_cat","embeddable":true,"href":"https:\/\/congtybinhminh.com\/index.php?rest_route=%2Fwp%2Fv2%2Fproduct_cat&post=6835"},{"taxonomy":"product_tag","embeddable":true,"href":"https:\/\/congtybinhminh.com\/index.php?rest_route=%2Fwp%2Fv2%2Fproduct_tag&post=6835"}],"curies":[{"name":"wp","href":"https:\/\/api.w.org\/{rel}","templated":true}]}}