{"id":6817,"date":"2022-05-30T08:41:38","date_gmt":"2022-05-30T01:41:38","guid":{"rendered":"https:\/\/congtybinhminh.com\/?post_type=product&#038;p=6817"},"modified":"2024-02-19T16:19:43","modified_gmt":"2024-02-19T09:19:43","slug":"may-bam-co-g250-dau-no","status":"publish","type":"product","link":"https:\/\/congtybinhminh.com\/?product=may-bam-co-g250-dau-no","title":{"rendered":"M\u00e1y b\u0103m c\u1ecf G250 &#8211; \u0110\u1ea7u n\u1ed5"},"content":{"rendered":"<p><span style=\"color: #000000\"><strong>Xem video tr\u1ef1c ti\u1ebfp t\u1ea1i \u0111\u00e2y<\/strong><\/span><\/p>\n<p><iframe loading=\"lazy\" title=\"M\u00e1y M\u1edbi M\u00e1y B\u0103m C\u1ecf G250 B\u00ecnh Minh B\u1ea5t Ch\u1ea5p M\u1ecdi N\u01a1i.\" width=\"1020\" height=\"574\" src=\"https:\/\/www.youtube.com\/embed\/Ydi53FeOahI?feature=oembed\" frameborder=\"0\" allow=\"accelerometer; autoplay; clipboard-write; encrypted-media; gyroscope; picture-in-picture; web-share\" allowfullscreen><\/iframe><\/p>\n<p><span style=\"color: #000000\">\u0110\u1ed9t ph\u00e1 m\u1edbi trong ng\u00e0nh ch\u0103n nu\u00f4i, M\u00e1y b\u0103m c\u1ecf G250 &#8211; Thi\u1ebft k\u1ebf \u0111\u1eb7c bi\u1ec7t s\u1eed d\u1ee5ng \u0111\u1ea7u n\u1ed5 \u0111\u1ec3 c\u00f3 th\u1ec3 ti\u1ec7n di chuy\u1ec3n m\u1ecdi v\u1ecb tr\u00ed, k\u1ec3 c\u1ea3 nh\u1eefng khu v\u1ef1c kh\u00f4ng c\u00f3 ngu\u1ed3n \u0111i\u1ec7n<\/span><\/p>\n<p><img loading=\"lazy\" decoding=\"async\" class=\"size-full wp-image-6818 aligncenter\" src=\"https:\/\/congtybinhminh.com\/wp-content\/uploads\/2022\/05\/may-bam-co-g250-dau-no-binh-minh.jpg\" alt=\"may-bam-co-g250-dau-no-binh-minh\" width=\"800\" height=\"600\" srcset=\"https:\/\/congtybinhminh.com\/wp-content\/uploads\/2022\/05\/may-bam-co-g250-dau-no-binh-minh.jpg 800w, https:\/\/congtybinhminh.com\/wp-content\/uploads\/2022\/05\/may-bam-co-g250-dau-no-binh-minh-510x383.jpg 510w, https:\/\/congtybinhminh.com\/wp-content\/uploads\/2022\/05\/may-bam-co-g250-dau-no-binh-minh-533x400.jpg 533w, https:\/\/congtybinhminh.com\/wp-content\/uploads\/2022\/05\/may-bam-co-g250-dau-no-binh-minh-768x576.jpg 768w\" sizes=\"auto, (max-width: 800px) 100vw, 800px\" \/><\/p>\n<h2><strong><span style=\"color: #000000\">\u01afu \u0111i\u1ec3m c\u1ee7a m\u00e1y b\u0103m c\u1ecf G250 \u0111\u1ea7u n\u1ed5<\/span><\/strong><\/h2>\n<ul>\n<li><span style=\"color: #000000\">Cho n\u0103ng su\u1ea5t cao m\u00e0 kh\u00f4ng m\u1ea5t nhi\u1ec1u th\u1eddi gian v\u00e0 c\u00f4ng s\u1ee9c<\/span><\/li>\n<li><span style=\"color: #000000\">Th\u00e0nh ph\u1ea9m sau khi b\u0103m c\u00f3 th\u1ec3 cho v\u1eadt nu\u00f4i d\u00f9ng ngay ho\u1eb7c \u1ee7 chua d\u00f9ng d\u1ea7n<\/span><\/li>\n<li><span style=\"color: #000000\">T\u1ea5m ch\u1eafn c\u1eeda x\u1ea3 gi\u00fap ng\u01b0\u1eddi d\u00f9ng c\u00f3 th\u1ec3 t\u1ef1 \u0111i\u1ec1u ch\u1ec9nh h\u01b0\u1edbng phun c\u1ecf \u0111\u1ebfn v\u1ecb tr\u00ed mong mu\u1ed1n m\u00e0 kh\u00f4ng m\u1ea5t nhi\u1ec1u th\u1eddi gian thu gom nguy\u00ean li\u1ec7u.<\/span><\/li>\n<\/ul>\n<p><img loading=\"lazy\" decoding=\"async\" class=\"size-full wp-image-6819 aligncenter\" src=\"https:\/\/congtybinhminh.com\/wp-content\/uploads\/2022\/05\/may-bam-co-voi-dung-dau-no.jpg\" alt=\"may-bam-co-voi-dung-dau-no\" width=\"800\" height=\"600\" srcset=\"https:\/\/congtybinhminh.com\/wp-content\/uploads\/2022\/05\/may-bam-co-voi-dung-dau-no.jpg 800w, https:\/\/congtybinhminh.com\/wp-content\/uploads\/2022\/05\/may-bam-co-voi-dung-dau-no-510x383.jpg 510w, https:\/\/congtybinhminh.com\/wp-content\/uploads\/2022\/05\/may-bam-co-voi-dung-dau-no-533x400.jpg 533w, https:\/\/congtybinhminh.com\/wp-content\/uploads\/2022\/05\/may-bam-co-voi-dung-dau-no-768x576.jpg 768w\" sizes=\"auto, (max-width: 800px) 100vw, 800px\" \/><\/p>\n<ul>\n<li><span style=\"color: #000000\">B\u0103m \u0111\u01b0\u1ee3c t\u1ed1i \u0111a nguy\u00ean li\u1ec7u kh\u00f4ng g\u00e2y l\u00e3ng ph\u00ed th\u1ee9c \u0103n<\/span><\/li>\n<li><span style=\"color: #000000\">Thi\u1ebft k\u1ebf c\u00f3 b\u00e1nh xe thu\u1eadn ti\u1ec7n di chuy\u1ec3n v\u1ecb tr\u00ed \u0111\u1eb7t m\u00e1y<\/span><\/li>\n<\/ul>\n<h2><strong><span style=\"color: #000000\">C\u1ea5u t\u1ea1o c\u1ee7a m\u00e1y b\u0103m c\u1ecf G250 \u0111\u1ea7u n\u1ed5<\/span><\/strong><\/h2>\n<p><span style=\"color: #000000\">Thi\u1ebft k\u1ebf hi\u1ec7n \u0111\u1ea1i m\u00e1y \u0111\u01b0\u1ee3c l\u00e0m b\u1eb1ng th\u00e9p d\u00e0y d\u1eb7n. C\u00e1c m\u1ed7i h\u00e0n \u0111\u01b0\u1ee3c g\u1eafn t\u1ec9 m\u1ec9 t\u1ea1o b\u1ed9 khung ch\u1eafc ch\u1eafn, tr\u00e1nh cho m\u00e1y b\u1ecb rung l\u1eafc trong qu\u00e1 tr\u00ecnh v\u1eadn h\u00e0nh. L\u1eafp \u0111\u1eb7t 4 b\u00e1nh xe thu\u1eadn ti\u1ec7n qu\u00e1 tr\u00ecnh di chuy\u1ec3n v\u1ecb tr\u00ed \u0111\u1eb7t m\u00e1y<\/span><\/p>\n<p><img loading=\"lazy\" decoding=\"async\" class=\"size-full wp-image-6820 aligncenter\" src=\"https:\/\/congtybinhminh.com\/wp-content\/uploads\/2022\/05\/cau-tao-may-bam-co-g250-dau-no.jpg\" alt=\"cau-tao-may-bam-co-g250-dau-no\" width=\"800\" height=\"686\" srcset=\"https:\/\/congtybinhminh.com\/wp-content\/uploads\/2022\/05\/cau-tao-may-bam-co-g250-dau-no.jpg 800w, https:\/\/congtybinhminh.com\/wp-content\/uploads\/2022\/05\/cau-tao-may-bam-co-g250-dau-no-510x437.jpg 510w, https:\/\/congtybinhminh.com\/wp-content\/uploads\/2022\/05\/cau-tao-may-bam-co-g250-dau-no-466x400.jpg 466w, https:\/\/congtybinhminh.com\/wp-content\/uploads\/2022\/05\/cau-tao-may-bam-co-g250-dau-no-768x659.jpg 768w\" sizes=\"auto, (max-width: 800px) 100vw, 800px\" \/><\/p>\n<p><span style=\"color: #000000\">S\u1eed d\u1ee5ng \u0111\u1ea7u n\u1ed5 ch\u1ea1y x\u0103ng 5,5 Hp cho n\u0103ng su\u1ea5t \u0111\u1ea1t \u0111\u1ea1t kho\u1ea3ng 1-2 T\u1ea5n\/Gi\u1edd. H\u01a1n n\u1eefa, thu\u1eadn ti\u1ec7n cho b\u00e0 con di chuy\u1ec3n v\u1ecb tr\u00ed \u0111\u1eb7t m\u00e1y kh\u00f4ng lo \u0111i\u1ec7n y\u1ebfu hay \u0111i\u1ec7n kh\u00f4ng \u0111\u1ee7 t\u1ea3i \u0111\u1ec3 ch\u1ea1y m\u00e1y.<\/span><\/p>\n<p><img loading=\"lazy\" decoding=\"async\" class=\"size-full wp-image-6830 aligncenter\" src=\"https:\/\/congtybinhminh.com\/wp-content\/uploads\/2022\/05\/may-bam-co-chay-xang.jpg\" alt=\"\" width=\"800\" height=\"600\" srcset=\"https:\/\/congtybinhminh.com\/wp-content\/uploads\/2022\/05\/may-bam-co-chay-xang.jpg 800w, https:\/\/congtybinhminh.com\/wp-content\/uploads\/2022\/05\/may-bam-co-chay-xang-510x383.jpg 510w, https:\/\/congtybinhminh.com\/wp-content\/uploads\/2022\/05\/may-bam-co-chay-xang-533x400.jpg 533w, https:\/\/congtybinhminh.com\/wp-content\/uploads\/2022\/05\/may-bam-co-chay-xang-768x576.jpg 768w\" sizes=\"auto, (max-width: 800px) 100vw, 800px\" \/><\/p>\n<p><span style=\"color: #000000\">M\u00e1y \u0111\u01b0\u1ee3c c\u1ea3i ti\u1ebfn t\u1eeb c\u00e1c d\u00f2ng m\u00e1y b\u0103m c\u1ecf ph\u1ed5 th\u00f4ng, m\u00e1y \u0111\u01b0\u1ee3c thi\u1ebft k\u1ebf v\u1edbi 2 bu\u1ed3ng l\u00e0m vi\u1ec7c:<\/span><\/p>\n<ul>\n<li><span style=\"color: #000000\">1 bu\u1ed3ng chuy\u00ean b\u0103m ch\u00ednh\u00a0 g\u1ed3m 5 dao to 2 l\u01b0\u1ee1i \u0111\u01b0\u1ee3c r\u00e8n s\u1eafc b\u00e9n<\/span><\/li>\n<li><span style=\"color: #000000\">1 bu\u1ed3ng b\u0103m ph\u1ee5 \u0111\u01b0\u1ee3c thi\u1ebft k\u1ebf g\u1ed3m 15 l\u01b0\u1ee1i dao h\u00ecnh tam gi\u00e1c n\u1eb1m tr\u00ean tr\u1ee5c ngang tr\u01b0\u1edbc c\u1eeda x\u1ea3. Ngo\u00e0i ra, k\u1ebft h\u1ee3p v\u1edbi 2 thanh dao c\u1ed1 \u0111\u1ecbnh \u0111\u01b0\u1ee3c g\u1eafn 12 l\u01b0\u1ee1i dao tr\u01b0\u1edbc c\u1eeda x\u1ea3<\/span><\/li>\n<\/ul>\n<p><img loading=\"lazy\" decoding=\"async\" class=\"size-full wp-image-6821 aligncenter\" src=\"https:\/\/congtybinhminh.com\/wp-content\/uploads\/2022\/05\/dao-bam-may-bam-co.jpg\" alt=\"dao-bam-may-bam-co\" width=\"800\" height=\"734\" srcset=\"https:\/\/congtybinhminh.com\/wp-content\/uploads\/2022\/05\/dao-bam-may-bam-co.jpg 800w, https:\/\/congtybinhminh.com\/wp-content\/uploads\/2022\/05\/dao-bam-may-bam-co-510x468.jpg 510w, https:\/\/congtybinhminh.com\/wp-content\/uploads\/2022\/05\/dao-bam-may-bam-co-436x400.jpg 436w, https:\/\/congtybinhminh.com\/wp-content\/uploads\/2022\/05\/dao-bam-may-bam-co-768x705.jpg 768w\" sizes=\"auto, (max-width: 800px) 100vw, 800px\" \/><\/p>\n<p><span style=\"color: #000000\">Qua \u0111\u00f3, s\u1ea3n ph\u1ea9m \u0111\u1ea7u ra kh\u00f4ng ch\u1ec9 \u0111\u01b0\u1ee3c b\u0103m nh\u1ecf \u0111\u1ed3ng \u0111\u1ec1u k\u00edch th\u01b0\u1edbc m\u00e0 c\u00f2n t\u1eadn d\u1ee5ng t\u1ed1i \u0111a ngay c\u1ea3 ph\u1ea7n th\u00e2n c\u1ee9ng gi\u00fap v\u1eadt nu\u00f4i d\u1ec5 \u0103n v\u00e0 ti\u00eau h\u00f3a t\u1ed1t h\u01a1n<\/span><\/p>\n<p><span style=\"color: #000000\">\u0110\u1eb7c bi\u1ec7t, m\u00e1y \u0111\u01b0\u1ee3c trang b\u1ecb c\u1ea7n g\u1ea1t \u0111i\u1ec1u ch\u1ec9nh gi\u00fap ng\u01b0\u1eddi d\u00f9ng c\u00f3 th\u1ec3 t\u1ef1 \u0111i\u1ec1u ch\u1ec9nh t\u1ed1c k\u00edch th\u01b0\u1edbc to nh\u1ecf c\u1ee7a th\u00e0nh ph\u1ea9m.<\/span><\/p>\n<p><img loading=\"lazy\" decoding=\"async\" class=\"size-full wp-image-6822 aligncenter\" src=\"https:\/\/congtybinhminh.com\/wp-content\/uploads\/2022\/05\/can-gat-may-bam-co.jpg\" alt=\"can-gat-may-bam-co\" width=\"800\" height=\"600\" srcset=\"https:\/\/congtybinhminh.com\/wp-content\/uploads\/2022\/05\/can-gat-may-bam-co.jpg 800w, https:\/\/congtybinhminh.com\/wp-content\/uploads\/2022\/05\/can-gat-may-bam-co-510x383.jpg 510w, https:\/\/congtybinhminh.com\/wp-content\/uploads\/2022\/05\/can-gat-may-bam-co-533x400.jpg 533w, https:\/\/congtybinhminh.com\/wp-content\/uploads\/2022\/05\/can-gat-may-bam-co-768x576.jpg 768w\" sizes=\"auto, (max-width: 800px) 100vw, 800px\" \/><\/p>\n<ul>\n<li><span style=\"color: #000000\">G\u1ea1t c\u1ea7n b\u00ean trong: T\u1ed1c \u0111\u1ed9 l\u00f4 cu\u1ed1n b\u0103m nhanh \u2013 cho ra th\u00e0nh ph\u1ea9m to<\/span><\/li>\n<li><span style=\"color: #000000\">G\u1ea1t c\u1ea7n b\u00ean ngo\u00e0i: T\u1ed1c \u0111\u1ed9 l\u00f4 cu\u1ed1n b\u0103m ch\u1eadm \u2013 cho ra th\u00e0nh ph\u1ea9m nh\u1ecf<\/span><\/li>\n<li><span style=\"color: #000000\">G\u1ea1t c\u1ea7n gi\u1eefa: D\u1eebng m\u00e1y<\/span><\/li>\n<\/ul>\n<p><span style=\"color: #000000\">Ngo\u00e0i ra, m\u00e1y c\u00f2n \u0111\u01b0\u1ee3c trang b\u1ecb b\u0103ng t\u1ea3i c\u1ea5p nguy\u00ean li\u1ec7u gi\u00fap d\u1ec5 d\u00e0ng \u0111\u01b0a nguy\u00ean li\u1ec7u v\u00e0o bu\u1ed3ng b\u0103m m\u00e0 v\u1eabn an to\u00e0n cho ng\u01b0\u1eddi s\u1eed d\u1ee5ng<\/span><\/p>\n<p><img loading=\"lazy\" decoding=\"async\" class=\"size-full wp-image-6824 aligncenter\" src=\"https:\/\/congtybinhminh.com\/wp-content\/uploads\/2022\/05\/he-thong-bang-tai-may-bam-co.jpg\" alt=\"he-thong-bang-tai-may-bam-co\" width=\"800\" height=\"728\" srcset=\"https:\/\/congtybinhminh.com\/wp-content\/uploads\/2022\/05\/he-thong-bang-tai-may-bam-co.jpg 800w, https:\/\/congtybinhminh.com\/wp-content\/uploads\/2022\/05\/he-thong-bang-tai-may-bam-co-510x464.jpg 510w, https:\/\/congtybinhminh.com\/wp-content\/uploads\/2022\/05\/he-thong-bang-tai-may-bam-co-440x400.jpg 440w, https:\/\/congtybinhminh.com\/wp-content\/uploads\/2022\/05\/he-thong-bang-tai-may-bam-co-768x699.jpg 768w\" sizes=\"auto, (max-width: 800px) 100vw, 800px\" \/><\/p>\n<h2><strong><span style=\"color: #000000\">Th\u00f4ng s\u1ed1 k\u1ef9 thu\u1eadt c\u1ee7a m\u00e1y<\/span><\/strong><\/h2>\n<p><img loading=\"lazy\" decoding=\"async\" class=\"size-full wp-image-6823 aligncenter\" src=\"https:\/\/congtybinhminh.com\/wp-content\/uploads\/2022\/05\/2022-05-30_8-11-33.jpg\" alt=\"thong-so\" width=\"800\" height=\"478\" srcset=\"https:\/\/congtybinhminh.com\/wp-content\/uploads\/2022\/05\/2022-05-30_8-11-33.jpg 800w, https:\/\/congtybinhminh.com\/wp-content\/uploads\/2022\/05\/2022-05-30_8-11-33-510x305.jpg 510w, https:\/\/congtybinhminh.com\/wp-content\/uploads\/2022\/05\/2022-05-30_8-11-33-669x400.jpg 669w, https:\/\/congtybinhminh.com\/wp-content\/uploads\/2022\/05\/2022-05-30_8-11-33-768x459.jpg 768w\" sizes=\"auto, (max-width: 800px) 100vw, 800px\" \/><\/p>\n<p><span style=\"color: #000000\">Ngo\u00e0i ra, b\u00e0 con c\u00f3 th\u1ec3 tham kh\u1ea3o c\u00e1c d\u00f2ng m\u00e1y b\u0103m c\u1ecf kh\u00e1c c\u1ee7a c\u00f4ng ty s\u1ea3n xu\u1ea5t nh\u01b0 <strong><span style=\"color: #f99b1c\"><a style=\"color: #f99b1c\" href=\"https:\/\/congtybinhminh.com\/sp\/may-bam-co-1t-phien-ban-2021\/\">m\u00e1y b\u0103m c\u1ecf 1T<\/a><\/span><\/strong> v\u1edbi thi\u1ebft k\u1ebf c\u1ed5 cao c\u00f3 th\u1ec3 phun th\u1eb3ng v\u00e0o th\u00f9ng xe ho\u1eb7c bao t\u1ea3i<\/span><\/p>\n<p><img loading=\"lazy\" decoding=\"async\" class=\"size-full wp-image-6743 aligncenter\" src=\"https:\/\/congtybinhminh.com\/wp-content\/uploads\/2021\/12\/tong-hop-1.jpg\" alt=\"tong-hop\" width=\"800\" height=\"600\" srcset=\"https:\/\/congtybinhminh.com\/wp-content\/uploads\/2021\/12\/tong-hop-1.jpg 800w, https:\/\/congtybinhminh.com\/wp-content\/uploads\/2021\/12\/tong-hop-1-510x383.jpg 510w, https:\/\/congtybinhminh.com\/wp-content\/uploads\/2021\/12\/tong-hop-1-533x400.jpg 533w, https:\/\/congtybinhminh.com\/wp-content\/uploads\/2021\/12\/tong-hop-1-768x576.jpg 768w\" sizes=\"auto, (max-width: 800px) 100vw, 800px\" \/><\/p>\n<p>&nbsp;<\/p>\n","protected":false},"excerpt":{"rendered":"<p><span style=\"color: #000000\"><strong><span style=\"color: #ed1c24\">H\u00e3ng s\u1ea3n xu\u1ea5t<\/span>:<\/strong>\u00a0B\u00ecnh Minh<\/span><\/p>\n<p><span style=\"color: #000000\"><strong><span style=\"color: #ed1c24\">C\u00f4ng su\u1ea5t \u0111\u1ea7u n\u1ed5<\/span>:<\/strong>\u00a05,5Hp<\/span><\/p>\n<p><span style=\"color: #000000\"><strong><span style=\"color: #ed1c24\">N\u0103ng su\u1ea5t<\/span>:<\/strong>\u00a01-2 t\u1ea5n\/gi\u1edd<\/span><\/p>\n<p><span style=\"color: #000000\"><strong><span style=\"color: #ed1c24\">C\u00e2n n\u1eb7ng<\/span>:<\/strong>\u00a098 kg<\/span><\/p>\n<p><span style=\"color: #000000\"><strong><span style=\"color: #ed1c24\">K\u00edch th\u01b0\u1edbc (D*C*R)<\/span>:<\/strong>\u00a0130*80*51 cm<\/span><\/p>\n<p><span style=\"color: #000000\"><strong><span style=\"color: #ed1c24\">T\u00ednh n\u0103ng<\/span>:<\/strong>\u00a0Chuy\u00ean d\u00f9ng b\u0103m nguy\u00ean li\u1ec7u c\u1ecf: c\u1ecf voi, th\u00e2n c\u00e2y ng\u00f4, .. l\u00e0m th\u1ee9c \u0103n cho tr\u00e2u, b\u00f2, d\u00ea\u2026 \u1ee7 chua.. th\u00edch h\u1ee3p d\u00f9ng t\u1ea1i c\u00f3 h\u1ed9 gia \u0111\u00ecnh, trang tr\u1ea1i ch\u0103n nu\u00f4i<\/span><\/p>\n","protected":false},"featured_media":9355,"comment_status":"closed","ping_status":"closed","template":"","meta":[],"product_brand":[],"product_cat":[40],"product_tag":[83,45,144,141,47,108,49,142],"class_list":{"0":"post-6817","1":"product","2":"type-product","3":"status-publish","4":"has-post-thumbnail","6":"product_cat-may-bam-co","7":"product_tag-may-bam-cay-mia","8":"product_tag-may-bam-co-binh-minh","9":"product_tag-may-bam-co-dau-no","10":"product_tag-may-bam-co-g250","11":"product_tag-may-bam-co-gia-re","12":"product_tag-may-bam-co-nang-suat-cao","13":"product_tag-may-bam-co-voi","14":"product_tag-may-bam-than-ngo","16":"first","17":"instock","18":"shipping-taxable","19":"product-type-simple"},"_links":{"self":[{"href":"https:\/\/congtybinhminh.com\/index.php?rest_route=\/wp\/v2\/product\/6817","targetHints":{"allow":["GET"]}}],"collection":[{"href":"https:\/\/congtybinhminh.com\/index.php?rest_route=\/wp\/v2\/product"}],"about":[{"href":"https:\/\/congtybinhminh.com\/index.php?rest_route=\/wp\/v2\/types\/product"}],"replies":[{"embeddable":true,"href":"https:\/\/congtybinhminh.com\/index.php?rest_route=%2Fwp%2Fv2%2Fcomments&post=6817"}],"wp:featuredmedia":[{"embeddable":true,"href":"https:\/\/congtybinhminh.com\/index.php?rest_route=\/wp\/v2\/media\/9355"}],"wp:attachment":[{"href":"https:\/\/congtybinhminh.com\/index.php?rest_route=%2Fwp%2Fv2%2Fmedia&parent=6817"}],"wp:term":[{"taxonomy":"product_brand","embeddable":true,"href":"https:\/\/congtybinhminh.com\/index.php?rest_route=%2Fwp%2Fv2%2Fproduct_brand&post=6817"},{"taxonomy":"product_cat","embeddable":true,"href":"https:\/\/congtybinhminh.com\/index.php?rest_route=%2Fwp%2Fv2%2Fproduct_cat&post=6817"},{"taxonomy":"product_tag","embeddable":true,"href":"https:\/\/congtybinhminh.com\/index.php?rest_route=%2Fwp%2Fv2%2Fproduct_tag&post=6817"}],"curies":[{"name":"wp","href":"https:\/\/api.w.org\/{rel}","templated":true}]}}