{"id":6802,"date":"2022-05-24T08:37:18","date_gmt":"2022-05-24T01:37:18","guid":{"rendered":"https:\/\/congtybinhminh.com\/?post_type=product&#038;p=6802"},"modified":"2024-02-19T16:19:12","modified_gmt":"2024-02-19T09:19:12","slug":"may-bam-co-nam-g250","status":"publish","type":"product","link":"https:\/\/congtybinhminh.com\/?product=may-bam-co-nam-g250","title":{"rendered":"M\u00e1y b\u0103m c\u1ecf n\u1eb1m G250"},"content":{"rendered":"<p><span style=\"color: #000000\"><strong>Xem video tr\u1ef1c ti\u1ebfp t\u1ea1i \u0111\u00e2y<\/strong><\/span><\/p>\n<p><iframe loading=\"lazy\" title=\"M\u00e1y B\u0103m C\u1ecf G250 B\u00ecnh Minh S\u1eed D\u1ee5ng \u0110\u1ed9ng C\u01a1 \u0110i\u1ec7n Gia \u0110\u00ecnh 3.5kw\" width=\"1020\" height=\"574\" src=\"https:\/\/www.youtube.com\/embed\/FM6GE_9QsXQ?feature=oembed\" frameborder=\"0\" allow=\"accelerometer; autoplay; clipboard-write; encrypted-media; gyroscope; picture-in-picture; web-share\" allowfullscreen><\/iframe><\/p>\n<p><span style=\"color: #000000\">\u0110\u1ec3 \u0111\u00e1p \u1ee9ng nhu c\u1ea7u t\u00ecm ki\u1ebfm 1 d\u00f2ng m\u00e1y b\u0103m c\u1ecf ch\u1ea1y \u0111i\u1ec7n gia \u0111\u00ecnh nh\u01b0ng l\u1ea1i c\u00f3 b\u0103ng t\u1ea3i c\u1ea5p nguy\u00ean li\u1ec7u, c\u00f4ng ty B\u00ecnh Minh \u0111\u00e3 nghi\u00ean c\u1ee9u, ch\u1ebf t\u1ea1o v\u00e0 cho ra \u0111\u1eddi d\u00f2ng m\u00e1y b\u0103m c\u1ecf G250 v\u1edbi nh\u1eefng t\u00ednh n\u0103ng \u01b0u vi\u1ec7t. Ch\u1eafc ch\u1eafn qu\u00fd kh\u00e1ch h\u00e0ng s\u1ebd ho\u00e0n to\u00e0n b\u1ecb thuy\u1ebft ph\u1ee5c b\u1edfi nh\u1eefng t\u00ednh n\u0103ng \u01b0u vi\u1ec7t c\u1ee7a m\u00e1y<\/span><\/p>\n<p><img loading=\"lazy\" decoding=\"async\" class=\"size-full wp-image-6809 aligncenter\" src=\"https:\/\/congtybinhminh.com\/wp-content\/uploads\/2022\/05\/may-cam-co-gia-dinh.jpg\" alt=\"may-cam-co-gia-dinh\" width=\"800\" height=\"578\" srcset=\"https:\/\/congtybinhminh.com\/wp-content\/uploads\/2022\/05\/may-cam-co-gia-dinh.jpg 800w, https:\/\/congtybinhminh.com\/wp-content\/uploads\/2022\/05\/may-cam-co-gia-dinh-510x368.jpg 510w, https:\/\/congtybinhminh.com\/wp-content\/uploads\/2022\/05\/may-cam-co-gia-dinh-554x400.jpg 554w, https:\/\/congtybinhminh.com\/wp-content\/uploads\/2022\/05\/may-cam-co-gia-dinh-768x555.jpg 768w\" sizes=\"auto, (max-width: 800px) 100vw, 800px\" \/><\/p>\n<h2><strong><span style=\"color: #000000\">\u01afu \u0111i\u1ec3m c\u1ee7a m\u00e1y b\u0103m c\u1ecf G250<\/span><\/strong><\/h2>\n<ul>\n<li><span style=\"color: #000000\">Cho n\u0103ng su\u1ea5t cao m\u00e0 kh\u00f4ng m\u1ea5t nhi\u1ec1u th\u1eddi gian v\u00e0 c\u00f4ng s\u1ee9c<\/span><\/li>\n<li><span style=\"color: #000000\">Th\u00e0nh ph\u1ea9m sau khi b\u0103m c\u00f3 th\u1ec3 cho v\u1eadt nu\u00f4i d\u00f9ng ngay ho\u1eb7c \u1ee7 chua d\u00f9ng d\u1ea7n<\/span><\/li>\n<li><span style=\"color: #000000\">T\u1ea5m ch\u1eafn c\u1eeda x\u1ea3 gi\u00fap ng\u01b0\u1eddi d\u00f9ng c\u00f3 th\u1ec3 t\u1ef1 \u0111i\u1ec1u ch\u1ec9nh h\u01b0\u1edbng phun c\u1ecf \u0111\u1ebfn v\u1ecb tr\u00ed mong mu\u1ed1n m\u00e0 kh\u00f4ng m\u1ea5t nhi\u1ec1u th\u1eddi gian thu gom nguy\u00ean li\u1ec7u.<\/span><\/li>\n<\/ul>\n<p><img loading=\"lazy\" decoding=\"async\" class=\"size-full wp-image-6810 aligncenter\" src=\"https:\/\/congtybinhminh.com\/wp-content\/uploads\/2022\/05\/may-bam-co-g250-binh-minh.jpg\" alt=\"may-bam-co-g250-binh-minh\" width=\"800\" height=\"600\" srcset=\"https:\/\/congtybinhminh.com\/wp-content\/uploads\/2022\/05\/may-bam-co-g250-binh-minh.jpg 800w, https:\/\/congtybinhminh.com\/wp-content\/uploads\/2022\/05\/may-bam-co-g250-binh-minh-510x383.jpg 510w, https:\/\/congtybinhminh.com\/wp-content\/uploads\/2022\/05\/may-bam-co-g250-binh-minh-533x400.jpg 533w, https:\/\/congtybinhminh.com\/wp-content\/uploads\/2022\/05\/may-bam-co-g250-binh-minh-768x576.jpg 768w\" sizes=\"auto, (max-width: 800px) 100vw, 800px\" \/><\/p>\n<ul>\n<li><span style=\"color: #000000\">B\u0103m \u0111\u01b0\u1ee3c t\u1ed1i \u0111a nguy\u00ean li\u1ec7u kh\u00f4ng g\u00e2y l\u00e3ng ph\u00ed th\u1ee9c \u0103n<\/span><\/li>\n<li><span style=\"color: #000000\">Thi\u1ebft k\u1ebf c\u00f3 b\u00e1nh xe thu\u1eadn ti\u1ec7n di chuy\u1ec3n v\u1ecb tr\u00ed \u0111\u1eb7t m\u00e1y<\/span><\/li>\n<\/ul>\n<h2><strong><span style=\"color: #000000\">C\u1ea5u t\u1ea1o c\u1ee7a m\u00e1y b\u0103m c\u1ecf G250<\/span><\/strong><\/h2>\n<p><span style=\"color: #000000\">M\u00e1y b\u0103m c\u1ecf G250 ph\u1ea7n toa n\u1ea1p \u0111\u01b0\u1ee3c thi\u1ebft k\u1ebf d\u1ea1ng b\u0103ng t\u1ea3i t\u1ef1 \u0111\u1ed9ng \u0111\u01b0a nguy\u00ean li\u1ec7u v\u00e0o bu\u1ed3ng b\u0103m m\u00e0 ng\u01b0\u1eddi d\u00f9ng kh\u00f4ng ph\u1ea3i d\u00f9ng tay \u0111\u01b0a tr\u1ef1c ti\u1ebfp nguy\u00ean li\u1ec7u v\u00e0o toa.<\/span><\/p>\n<p><span style=\"color: #000000\">B\u0103ng t\u1ea3i \u0111\u01b0\u1ee3c thi\u1ebft k\u1ebf n\u1eb1m ngang \u0111\u1ed9 cao v\u1eeba t\u1ea7m v\u1edbi ng\u01b0\u1eddi d\u00f9ng an to\u00e0n khi s\u1eed d\u1ee5ng.<\/span><\/p>\n<p><img loading=\"lazy\" decoding=\"async\" class=\"size-full wp-image-6811 aligncenter\" src=\"https:\/\/congtybinhminh.com\/wp-content\/uploads\/2022\/05\/he-thong-bang-tai.jpg\" alt=\"he-thong-bang-tai\" width=\"800\" height=\"600\" srcset=\"https:\/\/congtybinhminh.com\/wp-content\/uploads\/2022\/05\/he-thong-bang-tai.jpg 800w, https:\/\/congtybinhminh.com\/wp-content\/uploads\/2022\/05\/he-thong-bang-tai-510x383.jpg 510w, https:\/\/congtybinhminh.com\/wp-content\/uploads\/2022\/05\/he-thong-bang-tai-533x400.jpg 533w, https:\/\/congtybinhminh.com\/wp-content\/uploads\/2022\/05\/he-thong-bang-tai-768x576.jpg 768w\" sizes=\"auto, (max-width: 800px) 100vw, 800px\" \/><\/p>\n<p><span style=\"color: #000000\">\u0110\u01b0\u1ee3c thi\u1ebft k\u1ebf t\u1eeb c\u00e1c d\u00f2ng m\u00e1y b\u0103m c\u1ecf ph\u1ed5 th\u00f4ng, m\u00e1y b\u0103m c\u1ecf G250 \u0111\u01b0\u1ee3c thi\u1ebft k\u1ebf v\u1edbi 2 bu\u1ed3ng l\u00e0m vi\u1ec7c:<\/span><\/p>\n<ul>\n<li><span style=\"color: #000000\">1 bu\u1ed3ng chuy\u00ean b\u0103m ch\u00ednh\u00a0 g\u1ed3m 5 dao to 2 l\u01b0\u1ee1i \u0111\u01b0\u1ee3c r\u00e8n s\u1eafc b\u00e9n<\/span><\/li>\n<li><span style=\"color: #000000\">1 bu\u1ed3ng b\u0103m ph\u1ee5 \u0111\u01b0\u1ee3c thi\u1ebft k\u1ebf g\u1ed3m 15 l\u01b0\u1ee1i dao h\u00ecnh tam gi\u00e1c n\u1eb1m tr\u00ean tr\u1ee5c ngang tr\u01b0\u1edbc c\u1eeda x\u1ea3. Ngo\u00e0i ra, k\u1ebft h\u1ee3p v\u1edbi 2 thanh dao ch\u1ebft tr\u01b0\u1edbc c\u1eeda x\u1ea3<\/span><\/li>\n<\/ul>\n<p><img loading=\"lazy\" decoding=\"async\" class=\"size-full wp-image-6813 aligncenter\" src=\"https:\/\/congtybinhminh.com\/wp-content\/uploads\/2022\/05\/buong-dao-bam-may-bam-co-g250.jpg\" alt=\"\" width=\"800\" height=\"626\" srcset=\"https:\/\/congtybinhminh.com\/wp-content\/uploads\/2022\/05\/buong-dao-bam-may-bam-co-g250.jpg 800w, https:\/\/congtybinhminh.com\/wp-content\/uploads\/2022\/05\/buong-dao-bam-may-bam-co-g250-510x399.jpg 510w, https:\/\/congtybinhminh.com\/wp-content\/uploads\/2022\/05\/buong-dao-bam-may-bam-co-g250-511x400.jpg 511w, https:\/\/congtybinhminh.com\/wp-content\/uploads\/2022\/05\/buong-dao-bam-may-bam-co-g250-768x601.jpg 768w\" sizes=\"auto, (max-width: 800px) 100vw, 800px\" \/><\/p>\n<p><span style=\"color: #000000\">Qua \u0111\u00f3, s\u1ea3n ph\u1ea9m \u0111\u1ea7u ra kh\u00f4ng ch\u1ec9 \u0111\u01b0\u1ee3c b\u0103m nh\u1ecf \u0111\u1ed3ng \u0111\u1ec1u k\u00edch th\u01b0\u1edbc m\u00e0 c\u00f2n\u00a0 t\u1eadn d\u1ee5ng t\u1ed1i \u0111a ngay c\u1ea3 ph\u1ea7n th\u00e2n c\u1ee9ng gi\u00fap v\u1eadt nu\u00f4i d\u1ec5 \u0103n v\u00e0 ti\u00eau h\u00f3a t\u1ed1t h\u01a1n.<\/span><\/p>\n<p><span style=\"color: #000000\">\u0110\u1eb7c bi\u1ec7t, m\u00e1y \u0111\u01b0\u1ee3c trang b\u1ecb c\u1ea7n g\u1ea1t \u0111i\u1ec1u ch\u1ec9nh gi\u00fap\u00a0 ng\u01b0\u1eddi d\u00f9ng c\u00f3 th\u1ec3 t\u1ef1 \u0111i\u1ec1u ch\u1ec9nh t\u1ed1c \u0111\u1ed9 b\u0103m nhanh hay ch\u1eadm.<\/span><\/p>\n<p><img loading=\"lazy\" decoding=\"async\" class=\"size-full wp-image-6814 aligncenter\" src=\"https:\/\/congtybinhminh.com\/wp-content\/uploads\/2022\/05\/can-gat-dieu-chinh.jpg\" alt=\"can-gat-dieu-chinh\" width=\"800\" height=\"578\" srcset=\"https:\/\/congtybinhminh.com\/wp-content\/uploads\/2022\/05\/can-gat-dieu-chinh.jpg 800w, https:\/\/congtybinhminh.com\/wp-content\/uploads\/2022\/05\/can-gat-dieu-chinh-510x368.jpg 510w, https:\/\/congtybinhminh.com\/wp-content\/uploads\/2022\/05\/can-gat-dieu-chinh-554x400.jpg 554w, https:\/\/congtybinhminh.com\/wp-content\/uploads\/2022\/05\/can-gat-dieu-chinh-768x555.jpg 768w\" sizes=\"auto, (max-width: 800px) 100vw, 800px\" \/><\/p>\n<p><span style=\"color: #000000\">S\u1eed d\u1ee5ng \u0111\u1ed9ng c\u01a1 3kw d\u00f9ng \u0111i\u1ec7n gia \u0111\u00ecnh 220V motor l\u00f5i d\u00e2y \u0111\u1ed3ng 100% cho n\u0103ng su\u1ea5t cao \u0111\u1ea1t kho\u1ea3ng 1-2 T\u1ea5n\/Gi\u1edd<\/span><\/p>\n<p><span style=\"color: #000000\">Ngo\u00e0i ra, m\u00e1y \u0111\u01b0\u1ee3c trang b\u1ecb h\u1ed9p ch\u1eafn b\u1ea3o v\u1ec7 d\u00e2y curoa \u0111\u1ea3m b\u1ea3o an to\u00e0n cho ng\u01b0\u1eddi d\u00f9ng trong qu\u00e1 tr\u00ecnh v\u1eadn h\u00e0nh.<\/span><\/p>\n<p><img loading=\"lazy\" decoding=\"async\" class=\"size-full wp-image-6812 aligncenter\" src=\"https:\/\/congtybinhminh.com\/wp-content\/uploads\/2022\/05\/cau-tao-bam-bam-co-g250.jpg\" alt=\"cau-tao-bam-bam-co-g250\" width=\"800\" height=\"694\" srcset=\"https:\/\/congtybinhminh.com\/wp-content\/uploads\/2022\/05\/cau-tao-bam-bam-co-g250.jpg 800w, https:\/\/congtybinhminh.com\/wp-content\/uploads\/2022\/05\/cau-tao-bam-bam-co-g250-510x442.jpg 510w, https:\/\/congtybinhminh.com\/wp-content\/uploads\/2022\/05\/cau-tao-bam-bam-co-g250-461x400.jpg 461w, https:\/\/congtybinhminh.com\/wp-content\/uploads\/2022\/05\/cau-tao-bam-bam-co-g250-768x666.jpg 768w\" sizes=\"auto, (max-width: 800px) 100vw, 800px\" \/><\/p>\n<p><span style=\"color: #000000\">B\u00ean c\u00f4ng ty \u0111\u00e3 thi\u1ebft k\u1ebf r\u1ea5t nhi\u1ec1u c\u00e1c d\u00f2ng m\u00e1y b\u0103m c\u1ecf kh\u00e1c nhau. B\u00e0 con c\u00f3 th\u1ec3 tham kh\u1ea3o th\u00eam<span style=\"color: #0000ff\"> <a style=\"color: #0000ff\" href=\"https:\/\/congtybinhminh.com\/sp\/tong-hop-cac-dong-may-bam-co-cong-nghiep-duoc-ua-chuong-nhat\/\">t\u1ed5ng h\u1ee3p c\u00e1c d\u00f2ng m\u00e1y b\u0103m c\u1ecf<\/a><\/span><\/span><\/p>\n<h2><strong>Th\u00f4ng s\u1ed1 k\u1ef9 thu\u1eadt\u00a0<\/strong><\/h2>\n<p><img loading=\"lazy\" decoding=\"async\" class=\"size-full wp-image-6815 aligncenter\" src=\"https:\/\/congtybinhminh.com\/wp-content\/uploads\/2022\/05\/2022-05-23_17-18-41.jpg\" alt=\"\" width=\"800\" height=\"477\" srcset=\"https:\/\/congtybinhminh.com\/wp-content\/uploads\/2022\/05\/2022-05-23_17-18-41.jpg 800w, https:\/\/congtybinhminh.com\/wp-content\/uploads\/2022\/05\/2022-05-23_17-18-41-510x304.jpg 510w, https:\/\/congtybinhminh.com\/wp-content\/uploads\/2022\/05\/2022-05-23_17-18-41-671x400.jpg 671w, https:\/\/congtybinhminh.com\/wp-content\/uploads\/2022\/05\/2022-05-23_17-18-41-768x458.jpg 768w\" sizes=\"auto, (max-width: 800px) 100vw, 800px\" \/><\/p>\n<p>&nbsp;<\/p>\n","protected":false},"excerpt":{"rendered":"<p><span style=\"color: #000000\"><span style=\"color: #ff0000\">H\u00e3ng s\u1ea3n xu\u1ea5t<\/span>: B\u00ecnh Minh<\/span><\/p>\n<p><span style=\"color: #000000\"><span style=\"color: #ff0000\">C\u00f4ng su\u1ea5t \u0111\u1ed9ng c\u01a1<\/span>: 3kw<\/span><\/p>\n<p><span style=\"color: #000000\"><span style=\"color: #ff0000\">T\u00f3c \u0111\u1ed9<\/span>: 1450 v\/p<\/span><\/p>\n<p><span style=\"color: #000000\"><span style=\"color: #ff0000\">Ngu\u1ed3n \u0111i\u1ec7n<\/span>: 220V<\/span><\/p>\n<p><span style=\"color: #000000\"><span style=\"color: #ff0000\">T\u00ednh n\u0103ng<\/span>: Chuy\u00ean d\u00f9ng b\u0103m c\u1ecf voi, th\u00e2n c\u00e2y ng\u00f4, \u2026 l\u00e0m th\u1ee9c \u0103n cho tr\u00e2u, b\u00f2, d\u00ea\u2026 th\u00edch h\u1ee3p s\u1eed d\u1ee5ng t\u1ea1i c\u00e1c h\u1ed9 ch\u0103n nu\u00f4i, trang tr\u1ea1i v\u1eeba<\/span><\/p>\n<p><span style=\"color: #000000\"><span style=\"color: #ff0000\">Tr\u1ecdng l\u01b0\u1ee3ng<\/span>: 104kg (ch\u01b0a bao g\u1ed3m \u0111\u1ed9ng c\u01a1)<\/span><\/p>\n<p><span style=\"color: #000000\"><span style=\"color: #ff0000\">K\u00edch th\u01b0\u1edbc (D*C*R<\/span>): 130*80*51 (cm)<\/span><\/p>\n","protected":false},"featured_media":9356,"comment_status":"closed","ping_status":"closed","template":"","meta":[],"product_brand":[],"product_cat":[40],"product_tag":[45,56,60,141,143,142],"class_list":{"0":"post-6802","1":"product","2":"type-product","3":"status-publish","4":"has-post-thumbnail","6":"product_cat-may-bam-co","7":"product_tag-may-bam-co-binh-minh","8":"product_tag-may-bam-co-chinh-hang","9":"product_tag-may-bam-co-co-bang-tai","10":"product_tag-may-bam-co-g250","11":"product_tag-may-bam-mia","12":"product_tag-may-bam-than-ngo","14":"first","15":"instock","16":"shipping-taxable","17":"product-type-simple"},"_links":{"self":[{"href":"https:\/\/congtybinhminh.com\/index.php?rest_route=\/wp\/v2\/product\/6802","targetHints":{"allow":["GET"]}}],"collection":[{"href":"https:\/\/congtybinhminh.com\/index.php?rest_route=\/wp\/v2\/product"}],"about":[{"href":"https:\/\/congtybinhminh.com\/index.php?rest_route=\/wp\/v2\/types\/product"}],"replies":[{"embeddable":true,"href":"https:\/\/congtybinhminh.com\/index.php?rest_route=%2Fwp%2Fv2%2Fcomments&post=6802"}],"wp:featuredmedia":[{"embeddable":true,"href":"https:\/\/congtybinhminh.com\/index.php?rest_route=\/wp\/v2\/media\/9356"}],"wp:attachment":[{"href":"https:\/\/congtybinhminh.com\/index.php?rest_route=%2Fwp%2Fv2%2Fmedia&parent=6802"}],"wp:term":[{"taxonomy":"product_brand","embeddable":true,"href":"https:\/\/congtybinhminh.com\/index.php?rest_route=%2Fwp%2Fv2%2Fproduct_brand&post=6802"},{"taxonomy":"product_cat","embeddable":true,"href":"https:\/\/congtybinhminh.com\/index.php?rest_route=%2Fwp%2Fv2%2Fproduct_cat&post=6802"},{"taxonomy":"product_tag","embeddable":true,"href":"https:\/\/congtybinhminh.com\/index.php?rest_route=%2Fwp%2Fv2%2Fproduct_tag&post=6802"}],"curies":[{"name":"wp","href":"https:\/\/api.w.org\/{rel}","templated":true}]}}