{"id":6786,"date":"2022-05-09T16:01:01","date_gmt":"2022-05-09T09:01:01","guid":{"rendered":"https:\/\/congtybinhminh.com\/?post_type=product&#038;p=6786"},"modified":"2025-03-23T15:59:56","modified_gmt":"2025-03-23T08:59:56","slug":"may-nghien-hut-gd150","status":"publish","type":"product","link":"https:\/\/congtybinhminh.com\/?product=may-nghien-hut-gd150","title":{"rendered":"M\u00e1y nghi\u1ec1n h\u00fat GD150"},"content":{"rendered":"<p><strong><span style=\"color: #000000\">Xem video tr\u1ef1c ti\u1ebfp t\u1ea1i \u0111\u00e2y:<\/span><\/strong><\/p>\n<p><iframe loading=\"lazy\" title=\"M\u00e1y Nghi\u1ec1n H\u00fat T\u1ef1 \u0110\u1ed9ng G\u0110150 Nghi\u1ec1n Ng\u00f4 Th\u00e0nh B\u1ed9t C\u00e1m Gi\u00e1 R\u1ebb Ngay T\u1ea1i Nh\u00e0\" width=\"1020\" height=\"574\" src=\"https:\/\/www.youtube.com\/embed\/fw5mp-aDhrk?feature=oembed\" frameborder=\"0\" allow=\"accelerometer; autoplay; clipboard-write; encrypted-media; gyroscope; picture-in-picture; web-share\" referrerpolicy=\"strict-origin-when-cross-origin\" allowfullscreen><\/iframe><\/p>\n<p><span style=\"color: #000000\">Li\u00ean ti\u1ebfp nh\u1eefng d\u00f2ng s\u1ea3n ph\u1ea9m m\u1edbi ra m\u1eaft \u0111\u1ec3 c\u00f3 th\u1ec3 h\u1ed7 tr\u1ee3 t\u1ed1t nh\u1ea5t cho b\u00e0 con ch\u0103n nu\u00f4i. M\u00e1y nghi\u1ec1n h\u00fat GD150 ti\u1ebfp t\u1ee5c tr\u00ecnh l\u00e0ng v\u1edbi nh\u1eefng t\u00ednh n\u0103ng v\u01b0\u1ee3t tr\u1ed9i ch\u1eafc ch\u1eafn s\u1ebd l\u00e0m h\u00e0i l\u00f2ng qu\u00fd kh\u00e1ch<\/span><\/p>\n<p><img loading=\"lazy\" decoding=\"async\" class=\"size-full wp-image-6791 aligncenter\" src=\"https:\/\/congtybinhminh.com\/wp-content\/uploads\/2022\/05\/gd150.jpg\" alt=\"gd150\" width=\"800\" height=\"601\" srcset=\"https:\/\/congtybinhminh.com\/wp-content\/uploads\/2022\/05\/gd150.jpg 800w, https:\/\/congtybinhminh.com\/wp-content\/uploads\/2022\/05\/gd150-510x383.jpg 510w, https:\/\/congtybinhminh.com\/wp-content\/uploads\/2022\/05\/gd150-532x400.jpg 532w, https:\/\/congtybinhminh.com\/wp-content\/uploads\/2022\/05\/gd150-768x577.jpg 768w\" sizes=\"auto, (max-width: 800px) 100vw, 800px\" \/><\/p>\n<h2><strong><span style=\"color: #000000\">\u01afu \u0111i\u1ec3m c\u1ee7a m\u00e1y nghi\u1ec1n h\u00fat GD150<\/span><\/strong><\/h2>\n<p><span style=\"color: #000000\">T\u00ednh n\u0103ng t\u1ef1 h\u00fat nghi\u1ec1n t\u1ef1 \u0111\u1ed9ng cho n\u0103ng su\u1ea5t cao m\u00e0 kh\u00f4ng m\u1ea5t nhi\u1ec1u c\u00f4ng s\u1ee9c<\/span><\/p>\n<p><span style=\"color: #000000\">Ch\u1ee7 \u0111\u1ed9ng ngu\u1ed3n th\u1ee9c \u0103n ph\u00f9 h\u1ee3p v\u1edbi t\u1eebng lo\u1ea1i v\u1eadt nu\u00f4i hay t\u1eebng giai \u0111o\u1ea1n ph\u00e1t tri\u1ec3n c\u1ee7a ch\u00fang m\u1ed9t c\u00e1ch d\u1ec5 d\u00e0ng<\/span><\/p>\n<p><span style=\"color: #000000\">Th\u00e0nh ph\u1ea9m sau khi nghi\u1ec1n c\u00f3 th\u1ec3 cho v\u1eadt nu\u00f4i d\u00f9ng ngay ho\u1eb7c cho v\u00e0o m\u00e1y \u00e9p c\u00e1m vi\u00ean\u00a0t\u1ea1o th\u00e0nh th\u1ee9c \u0103n d\u1ea1ng vi\u00ean cho v\u1eadt nu\u00f4i d\u00f9ng d\u1ea7n<\/span><\/p>\n<p><img loading=\"lazy\" decoding=\"async\" class=\"size-full wp-image-6792 aligncenter\" src=\"https:\/\/congtybinhminh.com\/wp-content\/uploads\/2022\/05\/nghien-ngo.jpg\" alt=\"\" width=\"800\" height=\"600\" srcset=\"https:\/\/congtybinhminh.com\/wp-content\/uploads\/2022\/05\/nghien-ngo.jpg 800w, https:\/\/congtybinhminh.com\/wp-content\/uploads\/2022\/05\/nghien-ngo-510x383.jpg 510w, https:\/\/congtybinhminh.com\/wp-content\/uploads\/2022\/05\/nghien-ngo-533x400.jpg 533w, https:\/\/congtybinhminh.com\/wp-content\/uploads\/2022\/05\/nghien-ngo-768x576.jpg 768w\" sizes=\"auto, (max-width: 800px) 100vw, 800px\" \/><\/p>\n<p><span style=\"color: #000000\">Thi\u1ebft k\u1ebf c\u00f3 c\u00f4ng t\u1eafc \u00e1t t\u1eaft m\u1edf an to\u00e0n cho ng\u01b0\u1eddi d\u00f9ng khi s\u1eed d\u1ee5ng<\/span><\/p>\n<p><span style=\"color: #000000\">S\u1eed d\u1ee5ng \u0111i\u1ec7n gia \u0111\u00ecnh ph\u00f9 h\u1ee3p v\u1edbi \u0111a d\u1ea1ng h\u1ed9 gia \u0111\u00ecnh, trang tr\u1ea1i ch\u0103n nu\u00f4i quy m\u00f4 v\u1eeba v\u00e0 nh\u1ecf<\/span><\/p>\n<h2><strong><span style=\"color: #000000\">C\u1ea5u t\u1ea1o c\u1ee7a m\u00e1y nghi\u1ec1n h\u00fat GD150<\/span><\/strong><\/h2>\n<p><span style=\"color: #000000\">M\u00e1y nghi\u1ec1n h\u00fat GD150 v\u1edbi thi\u1ebft k\u1ebf nh\u1ecf g\u1ecdn \u0111\u01b0\u1ee3c \u0111\u00e1nh gi\u00e1 l\u00e0 m\u1ed9t trong nh\u1eefng d\u00f3ng m\u00e1y th\u00f4ng minh theo c\u01a1 ch\u1ebf t\u1ef1 h\u00fat.<\/span><\/p>\n<p><span style=\"color: #000000\">Khung m\u00e1y \u0111\u01b0\u1ee3c gia c\u00f4ng ch\u1eafc ch\u1eafn, ph\u1ea7n tr\u1ecdng l\u1ef1c c\u00e2n \u0111\u1ed1i h\u1ea1n ch\u1ebf t\u00ecnh tr\u1ea1ng m\u00e1y rung khi ho\u1ea1t \u0111\u1ed9ng. Gi\u00fap h\u1ea1n ch\u1ebf ti\u1ebfng \u1ed3n trong qu\u00e1 tr\u00ecnh m\u00e1y v\u1eadn h\u00e0nh.<\/span><\/p>\n<p><span style=\"color: #000000\">Thay v\u00ec ph\u1ea3i \u0111\u1ee9ng cung c\u1ea5p nguy\u00ean li\u1ec7u nh\u01b0 tr\u01b0\u1edbc \u0111\u00e2y, m\u00e1y \u0111\u01b0\u1ee3c thi\u1ebft k\u1ebf th\u00eam v\u00f2i h\u00fat t\u1ef1 \u0111\u1ed9ng v\u00e0 b\u1ea7u qu\u1ea1t gi\u00f3 gi\u00fap m\u00e1y h\u00fat nguy\u00ean li\u1ec7u thu\u1eadn ti\u1ec7n. Ph\u1ea7n c\u1eeda v\u00e0o nguy\u00ean li\u1ec7u \u0111\u01b0\u1ee3c thi\u1ebft k\u1ebf c\u00f3 t\u1ea5m ch\u1eafn \u0111\u1ec3 \u0111i\u1ec1u ch\u1ec9nh l\u01b0\u1ee3ng nguy\u00ean li\u1ec7u v\u00e0o nhi\u1ec1u \u00edt c\u1ee7a nguy\u00ean li\u1ec7u.<\/span><\/p>\n<p><img loading=\"lazy\" decoding=\"async\" class=\"size-full wp-image-6794 aligncenter\" src=\"https:\/\/congtybinhminh.com\/wp-content\/uploads\/2022\/05\/voi-hut-nghien.jpg\" alt=\"voi-hut-nghien\" width=\"800\" height=\"602\" srcset=\"https:\/\/congtybinhminh.com\/wp-content\/uploads\/2022\/05\/voi-hut-nghien.jpg 800w, https:\/\/congtybinhminh.com\/wp-content\/uploads\/2022\/05\/voi-hut-nghien-510x384.jpg 510w, https:\/\/congtybinhminh.com\/wp-content\/uploads\/2022\/05\/voi-hut-nghien-532x400.jpg 532w, https:\/\/congtybinhminh.com\/wp-content\/uploads\/2022\/05\/voi-hut-nghien-768x578.jpg 768w\" sizes=\"auto, (max-width: 800px) 100vw, 800px\" \/><\/p>\n<p><span style=\"color: #000000\">B\u00ean trong bu\u1ed3ng nghi\u1ec1n c\u1ee7a m\u00e1y \u0111\u01b0\u1ee3c thi\u1ebft k\u1ebf 8 b\u00faa nghi\u1ec1n chuy\u1ec3n \u0111\u1ed9ng tr\u00ean \u0111\u0129a xoay v\u00e0 6 b\u00faa nghi\u1ec1n c\u1ed1 \u0111\u1ecbnh l\u1eafp tr\u00ean c\u00e1nh c\u1eeda l\u00e0m b\u1eb1ng gang ch\u1eafc ch\u1eafn, l\u00e0m nhi\u1ec7m v\u1ee5 \u0111\u1eadp v\u1ee1 v\u00e0 nghi\u1ec1n m\u1ecbn nguy\u00ean li\u1ec7u v\u1edbi m\u1eb7t s\u00e0ng.<\/span><\/p>\n<p><img loading=\"lazy\" decoding=\"async\" class=\"size-full wp-image-6793 aligncenter\" src=\"https:\/\/congtybinhminh.com\/wp-content\/uploads\/2022\/05\/z3395218558689_6d202fbf9640e55407fd6506d6777881.jpg\" alt=\"buanghien\" width=\"800\" height=\"601\" srcset=\"https:\/\/congtybinhminh.com\/wp-content\/uploads\/2022\/05\/z3395218558689_6d202fbf9640e55407fd6506d6777881.jpg 800w, https:\/\/congtybinhminh.com\/wp-content\/uploads\/2022\/05\/z3395218558689_6d202fbf9640e55407fd6506d6777881-510x383.jpg 510w, https:\/\/congtybinhminh.com\/wp-content\/uploads\/2022\/05\/z3395218558689_6d202fbf9640e55407fd6506d6777881-532x400.jpg 532w, https:\/\/congtybinhminh.com\/wp-content\/uploads\/2022\/05\/z3395218558689_6d202fbf9640e55407fd6506d6777881-768x577.jpg 768w\" sizes=\"auto, (max-width: 800px) 100vw, 800px\" \/><\/p>\n<p><span style=\"color: #000000\">Ng\u01b0\u1eddi d\u00f9ng c\u00f3 th\u1ec3 \u0111i\u1ec1u ch\u1ec9nh \u0111\u1ed9 m\u1ecbn c\u1ee7a th\u00e0nh ph\u1ea9m b\u1eb1ng c\u00e1ch l\u1ef1a ch\u1ecdn m\u1eb7t s\u00e0ng l\u1eafp trong m\u00e1y ( m\u00e1y s\u1eed d\u1ee5ng m\u1eb7t s\u00e0ng 2ly, 3ly, 4ly)<\/span><\/p>\n<p><span style=\"color: #000000\">M\u00e1y nghi\u1ec1n h\u00fat GD150 thi\u1ebft k\u1ebf c\u00f4ng t\u1eafc b\u00ean khung m\u00e1y, b\u00e0 con ch\u1ec9 c\u1ea7n g\u1ea1t c\u00f4ng t\u1eafc l\u00e0 c\u00f3 th\u1ec3 kh\u1edfi \u0111\u1ed9ng ho\u1eb7c t\u1eaft m\u00e1y d\u1ec5 d\u00e0ng. H\u01a1n n\u1eefa, trong qu\u00e1 tr\u00ecnh xay nghi\u1ec1n n\u1ebfu m\u1eb7t b\u1ea5t k\u1ef3 s\u1ef1 c\u1ed1 n\u00e0o b\u1ea1n c\u1ea7n ng\u1eaft ngay c\u00f4ng t\u1eafc m\u00e1y.<\/span><\/p>\n<p><img loading=\"lazy\" decoding=\"async\" class=\"size-full wp-image-6795 aligncenter\" src=\"https:\/\/congtybinhminh.com\/wp-content\/uploads\/2022\/05\/cau-tao-may-nghien-hut-gd150.jpg\" alt=\"\" width=\"800\" height=\"700\" srcset=\"https:\/\/congtybinhminh.com\/wp-content\/uploads\/2022\/05\/cau-tao-may-nghien-hut-gd150.jpg 800w, https:\/\/congtybinhminh.com\/wp-content\/uploads\/2022\/05\/cau-tao-may-nghien-hut-gd150-510x446.jpg 510w, https:\/\/congtybinhminh.com\/wp-content\/uploads\/2022\/05\/cau-tao-may-nghien-hut-gd150-457x400.jpg 457w, https:\/\/congtybinhminh.com\/wp-content\/uploads\/2022\/05\/cau-tao-may-nghien-hut-gd150-768x672.jpg 768w\" sizes=\"auto, (max-width: 800px) 100vw, 800px\" \/><\/p>\n<p><span style=\"color: #000000\">M\u00e1y \u0111\u01b0\u1ee3c trang b\u1ecb \u0111\u1ed9ng c\u01a1 c\u00f4ng su\u1ea5t 2,2 \u2013 3,5kw s\u1eed d\u1ee5ng ngu\u1ed3n \u0111i\u1ec7n 220V v\u1edbi t\u1ed1c \u0111\u1ed9 quay 2900 v\u00f2ng\/ph\u00fat motor l\u00f5i d\u00e2y \u0111\u1ed3ng 100%. N\u0103ng su\u1ea5t m\u00e1y \u0111\u1ea1t kho\u1ea3ng 200 \u2013 300 kg\/gi\u1edd th\u00edch h\u1ee3p s\u1eed d\u1ee5ng t\u1ea1i c\u00e1c h\u1ed9 gia \u0111\u00ecnh, trang tr\u1ea1i ch\u0103n nu\u00f4i quy m\u00f4 v\u1eeba v\u00e0 nh\u1ecf.<\/span><\/p>\n<h2><strong><span style=\"color: #000000\">Th\u00f4ng s\u1ed1 k\u1ef9 thu\u1eadt<\/span><\/strong><\/h2>\n<p><img loading=\"lazy\" decoding=\"async\" class=\"size-full wp-image-6796 aligncenter\" src=\"https:\/\/congtybinhminh.com\/wp-content\/uploads\/2022\/05\/2022-05-09_15-48-31.jpg\" alt=\"\" width=\"800\" height=\"474\" srcset=\"https:\/\/congtybinhminh.com\/wp-content\/uploads\/2022\/05\/2022-05-09_15-48-31.jpg 800w, https:\/\/congtybinhminh.com\/wp-content\/uploads\/2022\/05\/2022-05-09_15-48-31-510x302.jpg 510w, https:\/\/congtybinhminh.com\/wp-content\/uploads\/2022\/05\/2022-05-09_15-48-31-675x400.jpg 675w, https:\/\/congtybinhminh.com\/wp-content\/uploads\/2022\/05\/2022-05-09_15-48-31-768x455.jpg 768w\" sizes=\"auto, (max-width: 800px) 100vw, 800px\" \/><\/p>\n<p><span style=\"color: #000000\">Ngo\u00e0i ra, qu\u00fd kh\u00e1ch c\u00f3 th\u1ec3 tham kh\u1ea3o <a href=\"https:\/\/congtybinhminh.com\/sp\/may-bam-co-nghien-g250\/\"><span style=\"color: #0000ff\"><strong>m\u00e1y b\u0103m c\u1ecf nghi\u1ec1n G250<\/strong><\/span><\/a> v\u1eeba gi\u00fap b\u0103m c\u1ecf n\u0103ng su\u1ea5t cao v\u00e0 c\u00f3 th\u1ec3 nghi\u1ec1n th\u00eam nh\u1eefng nguy\u00ean li\u1ec7u kh\u00f4<\/span><\/p>\n<p><img loading=\"lazy\" decoding=\"async\" class=\"size-full wp-image-6797 aligncenter\" src=\"https:\/\/congtybinhminh.com\/wp-content\/uploads\/2022\/05\/mayg250-1.jpg\" alt=\"\" width=\"800\" height=\"600\" srcset=\"https:\/\/congtybinhminh.com\/wp-content\/uploads\/2022\/05\/mayg250-1.jpg 800w, https:\/\/congtybinhminh.com\/wp-content\/uploads\/2022\/05\/mayg250-1-510x383.jpg 510w, https:\/\/congtybinhminh.com\/wp-content\/uploads\/2022\/05\/mayg250-1-533x400.jpg 533w, https:\/\/congtybinhminh.com\/wp-content\/uploads\/2022\/05\/mayg250-1-768x576.jpg 768w\" sizes=\"auto, (max-width: 800px) 100vw, 800px\" \/><\/p>\n","protected":false},"excerpt":{"rendered":"<p><span style=\"color: #000000\"><strong><span style=\"color: #ed1c24\">H\u00e3ng s\u1ea3n xu\u1ea5t<\/span><\/strong>: B\u00ecnh Minh<\/span><\/p>\n<p><span style=\"color: #000000\"><strong><span style=\"color: #ed1c24\">\u0110\u1ed9ng c\u01a1 c\u00f4ng su\u1ea5t<\/span><\/strong>: 2,2 \u2013 3,5kw<\/span><\/p>\n<p><span style=\"color: #000000\"><strong><span style=\"color: #ed1c24\">Ngu\u1ed3n \u0111i\u1ec7n<\/span><\/strong>: 220V<\/span><\/p>\n<p><span style=\"color: #000000\"><strong><span style=\"color: #ed1c24\">T\u1ed1c \u0111\u1ed9<\/span><\/strong>: 2900V<\/span><\/p>\n<p><span style=\"color: #000000\"><strong><span style=\"color: #ed1c24\">T\u00ednh n\u0103ng<\/span><\/strong>: M\u00e1y chuy\u00ean d\u00f9ng nghi\u1ec1n ng\u00f4 h\u1ea1t, th\u00f3c, tr\u1ea5u,.. th\u00e0nh b\u1ed9t c\u00e1m l\u00e0m th\u1ee9c \u0103n cho gia s\u00fac \u2013 gia c\u1ea7m<\/span><\/p>\n<p><span style=\"color: #000000\"><strong><span style=\"color: #ed1c24\">Tr\u1ecdng l\u01b0\u1ee3ng<\/span><\/strong>: 69kg (Nguy\u00ean b\u1ed9)<\/span><\/p>\n<p><span style=\"color: #000000\"><strong><span style=\"color: #ed1c24\">K\u00edch th\u01b0\u1edbc (D*C*R)<\/span><\/strong>: 57*115*76<\/span><\/p>\n","protected":false},"featured_media":9578,"comment_status":"closed","ping_status":"closed","template":"","meta":[],"product_brand":[],"product_cat":[32],"product_tag":[139,97,140,137,138,123],"class_list":{"0":"post-6786","1":"product","2":"type-product","3":"status-publish","4":"has-post-thumbnail","6":"product_cat-may-nghien","7":"product_tag-may-nghien-bau-gio","8":"product_tag-may-nghien-binh-minh","9":"product_tag-may-nghien-gia-re","10":"product_tag-may-nghien-hut","11":"product_tag-may-nghien-luc","12":"product_tag-may-nghien-ngo","14":"first","15":"instock","16":"shipping-taxable","17":"product-type-simple"},"_links":{"self":[{"href":"https:\/\/congtybinhminh.com\/index.php?rest_route=\/wp\/v2\/product\/6786","targetHints":{"allow":["GET"]}}],"collection":[{"href":"https:\/\/congtybinhminh.com\/index.php?rest_route=\/wp\/v2\/product"}],"about":[{"href":"https:\/\/congtybinhminh.com\/index.php?rest_route=\/wp\/v2\/types\/product"}],"replies":[{"embeddable":true,"href":"https:\/\/congtybinhminh.com\/index.php?rest_route=%2Fwp%2Fv2%2Fcomments&post=6786"}],"wp:featuredmedia":[{"embeddable":true,"href":"https:\/\/congtybinhminh.com\/index.php?rest_route=\/wp\/v2\/media\/9578"}],"wp:attachment":[{"href":"https:\/\/congtybinhminh.com\/index.php?rest_route=%2Fwp%2Fv2%2Fmedia&parent=6786"}],"wp:term":[{"taxonomy":"product_brand","embeddable":true,"href":"https:\/\/congtybinhminh.com\/index.php?rest_route=%2Fwp%2Fv2%2Fproduct_brand&post=6786"},{"taxonomy":"product_cat","embeddable":true,"href":"https:\/\/congtybinhminh.com\/index.php?rest_route=%2Fwp%2Fv2%2Fproduct_cat&post=6786"},{"taxonomy":"product_tag","embeddable":true,"href":"https:\/\/congtybinhminh.com\/index.php?rest_route=%2Fwp%2Fv2%2Fproduct_tag&post=6786"}],"curies":[{"name":"wp","href":"https:\/\/api.w.org\/{rel}","templated":true}]}}