{"id":6729,"date":"2022-04-11T15:58:05","date_gmt":"2022-04-11T08:58:05","guid":{"rendered":"https:\/\/congtybinhminh.com\/?post_type=product&#038;p=6729"},"modified":"2023-08-04T13:45:16","modified_gmt":"2023-08-04T06:45:16","slug":"may-bam-co-nghien-g250","status":"publish","type":"product","link":"https:\/\/congtybinhminh.com\/?product=may-bam-co-nghien-g250","title":{"rendered":"M\u00e1y b\u0103m c\u1ecf nghi\u1ec1n G250"},"content":{"rendered":"<p><strong><span style=\"color: #000000\">Xem video tr\u1ef1c ti\u1ebfp t\u1ea1i \u0111\u00e2y:\u00a0<\/span><\/strong><\/p>\n<p><iframe loading=\"lazy\" title=\"M\u00e1y B\u0103m C\u1ecf Nghi\u1ec1n G250 V\u1eeba B\u0103m C\u1ecf V\u1eeba Nghi\u1ec1n Tr\u00ean C\u00f9ng M\u1ed9t M\u00e1y\" width=\"1020\" height=\"574\" src=\"https:\/\/www.youtube.com\/embed\/zKjzvHci784?feature=oembed\" frameborder=\"0\" allow=\"accelerometer; autoplay; clipboard-write; encrypted-media; gyroscope; picture-in-picture; web-share\" allowfullscreen><\/iframe><\/p>\n<p><span style=\"color: #000000\">M\u00e1y b\u0103m c\u1ecf nghi\u1ec1n G250 l\u00e0 1 trong nh\u1eefng d\u00f2ng m\u00e1y m\u1edbi nh\u1ea5t \u0111\u01b0\u1ee3c c\u00f4ng ty B\u00ecnh Minh tung ra th\u1ecb tr\u01b0\u1eddng v\u00e0o gi\u1eefa n\u0103m 2022. D\u00f2ng m\u00e1y n\u00e0y nhanh ch\u00f3ng nh\u1eadn \u0111\u01b0\u1ee3c s\u1ef1 quan t\u00e2m v\u00e0 t\u00ecm ki\u1ebfm c\u1ee7a b\u00e0 con v\u00ec nh\u1eefng t\u00ednh n\u0103ng \u01b0u vi\u1ec7t c\u1ee7a m\u00e1y.<\/span><\/p>\n<p><span style=\"color: #000000\">M\u00e1y c\u00f3 th\u1ec3 b\u0103m nguy\u00ean li\u1ec7u c\u1ecf t\u01b0\u01a1i v\u00e0 c\u1ecf kh\u00f4 ( kh\u00f4ng qu\u00e1 \u01b0\u1edbt) nh\u01b0 c\u1ecf voi, c\u1ecf x\u1ea3, c\u00e2y ng\u00f4,&#8230; Nghi\u1ec1n ng\u00f4 h\u1ea1t, th\u00f3c l\u00faa, l\u00e1t khoai s\u1eafn&#8230;<\/span><\/p>\n<p><img loading=\"lazy\" decoding=\"async\" class=\"size-full wp-image-6733 aligncenter\" src=\"https:\/\/congtybinhminh.com\/wp-content\/uploads\/2022\/04\/Slide2.jpg\" alt=\"g250\" width=\"800\" height=\"600\" srcset=\"https:\/\/congtybinhminh.com\/wp-content\/uploads\/2022\/04\/Slide2.jpg 800w, https:\/\/congtybinhminh.com\/wp-content\/uploads\/2022\/04\/Slide2-510x383.jpg 510w, https:\/\/congtybinhminh.com\/wp-content\/uploads\/2022\/04\/Slide2-533x400.jpg 533w, https:\/\/congtybinhminh.com\/wp-content\/uploads\/2022\/04\/Slide2-768x576.jpg 768w\" sizes=\"auto, (max-width: 800px) 100vw, 800px\" \/><\/p>\n<h2><strong><span style=\"color: #000000\">C\u1ea5u t\u1ea1o c\u1ee7a m\u00e1y b\u0103m c\u1ecf nghi\u1ec1n G250<\/span><\/strong><\/h2>\n<p><span style=\"color: #000000\">Bu\u1ed3ng l\u00e0m vi\u1ec7c g\u1ed3m 5 dao to 2 l\u01b0\u1ee1i (bu\u1ed3ng b\u0103m), 30 dao nh\u1ecf, 24 b\u00faa nghi\u1ec1n, 5 \u0111\u0129a xoay v\u00e0 2 qu\u1ea3 l\u00f4 (bu\u1ed3ng nghi\u1ec1n)<\/span><\/p>\n<p><span style=\"color: #000000\">Toa n\u1ea1p bao g\u1ed3m 2 c\u1eeda. 1 c\u1eeda b\u0103m c\u00f3 b\u0103ng t\u1ea3i v\u00e0 1 c\u1eeda nghi\u1ec1n d\u1ea1ng ph\u1ec5u<\/span><\/p>\n<p><span style=\"color: #000000\">M\u00e1y \u0111\u01b0\u1ee3c chia ra l\u00e0m 3 c\u1eeda x\u1ea3. 1 c\u1eeda x\u1ea3 th\u00e0nh ph\u1ea9m b\u0103m, 1 c\u1eeda x\u1ea3 th\u00e0nh ph\u1ea9m nghi\u1ec1n, v\u00e0 1 m\u00e1ng x\u1ea3 ph\u1ee5 b\u00ean d\u01b0\u1edbi bu\u1ed3ng dao b\u0103m<\/span><\/p>\n<p><img loading=\"lazy\" decoding=\"async\" class=\"size-full wp-image-6734 aligncenter\" src=\"https:\/\/congtybinhminh.com\/wp-content\/uploads\/2022\/04\/w.jpg\" alt=\"cau-tao-g250\" width=\"800\" height=\"448\" srcset=\"https:\/\/congtybinhminh.com\/wp-content\/uploads\/2022\/04\/w.jpg 800w, https:\/\/congtybinhminh.com\/wp-content\/uploads\/2022\/04\/w-510x286.jpg 510w, https:\/\/congtybinhminh.com\/wp-content\/uploads\/2022\/04\/w-714x400.jpg 714w, https:\/\/congtybinhminh.com\/wp-content\/uploads\/2022\/04\/w-768x430.jpg 768w\" sizes=\"auto, (max-width: 800px) 100vw, 800px\" \/><\/p>\n<p><span style=\"color: #000000\">Thi\u1ebft k\u1ebf hi\u1ec7n \u0111\u1ea1i th\u00eam b\u1ea7u gi\u00f3 c\u00f9ng c\u1ed5 n\u1ed1i b\u1ea7u gi\u00f3 gi\u00fap \u0111\u01b0a th\u00e0nh ph\u1ea9m nghi\u1ec1n xu\u1ed1ng d\u1ec5 d\u00e0ng<\/span><\/p>\n<p><span style=\"color: #000000\">M\u00e1y c\u00f3 3 s\u00e0ng g\u1ed3m 1 s\u00e0ng k\u00edn v\u00e0 2 s\u00e0ng l\u1ed7 gi\u00fap thay \u0111\u1ed5i k\u00edch c\u1ee1 th\u00e0nh ph\u1ea9m nghi\u1ec1n<\/span><\/p>\n<p><img loading=\"lazy\" decoding=\"async\" class=\"size-full wp-image-6736 aligncenter\" src=\"https:\/\/congtybinhminh.com\/wp-content\/uploads\/2022\/04\/Slide3.jpg\" alt=\"g250-6\" width=\"800\" height=\"600\" srcset=\"https:\/\/congtybinhminh.com\/wp-content\/uploads\/2022\/04\/Slide3.jpg 800w, https:\/\/congtybinhminh.com\/wp-content\/uploads\/2022\/04\/Slide3-510x383.jpg 510w, https:\/\/congtybinhminh.com\/wp-content\/uploads\/2022\/04\/Slide3-533x400.jpg 533w, https:\/\/congtybinhminh.com\/wp-content\/uploads\/2022\/04\/Slide3-768x576.jpg 768w\" sizes=\"auto, (max-width: 800px) 100vw, 800px\" \/><\/p>\n<h2><strong><span style=\"color: #000000\">\u01afu \u0111i\u1ec3m\u00a0 c\u1ee7a m\u00e1y b\u0103m c\u1ecf nghi\u1ec1n G250<\/span><\/strong><\/h2>\n<p><span style=\"color: #000000\">Khung \u0111\u1ee1 m\u00e1y ch\u1eafc ch\u1eafn c\u00f9ng th\u00e0nh m\u00e1y d\u00e0y d\u1eb7n<\/span><\/p>\n<p><span style=\"color: #000000\">S\u1eed d\u1ee5ng ngu\u1ed3n \u0111i\u1ec7n 220v, ph\u00f9 h\u1ee3p v\u1edbi nhi\u1ec1u h\u1ed9 gia \u0111\u00ecnh ch\u01b0a c\u00f3 \u0111i\u1ec7n 3 pha<\/span><\/p>\n<p><span style=\"color: #000000\">M\u00e1y b\u0103m c\u1ecf G250 \u0111\u01b0\u1ee3c t\u00ednh h\u1ee3p 2 t\u00ednh n\u0103ng B\u0103m &#8211; nghi\u1ec1n:<\/span><\/p>\n<ul>\n<li><span style=\"color: #000000\">B\u0103m c\u00e1c lo\u1ea1i nguy\u00ean li\u1ec7u d\u1ea1ng c\u1ecf nh\u01b0: c\u1ecf voi, th\u00e2n c\u00e2y ng\u00f4, rau b\u00e8o&#8230;.th\u00e0nh ph\u1ea9m sau khi \u0111\u01b0\u1ee3c b\u0103m nh\u1ecf ph\u00f9 h\u1ee3p v\u1edbi c\u00e1c lo\u1ea1i v\u1eadt nu\u00f4i nh\u01b0 tr\u00e2u, b\u00f2, d\u00ea&#8230;Ngo\u00e0i ra, s\u1ea3n ph\u1ea9m c\u00f2n c\u00f3 th\u1ec3 d\u00f9ng \u0111\u1ec3 \u1ee7 chua l\u00e0m th\u1ee9c \u0103n d\u1ef1 tr\u1eef ho\u1eb7c d\u00f9ng \u0111\u1ec3 \u1ee7 l\u00e0m ph\u00e2n h\u1eefu c\u01a1.\u00a0<\/span><\/li>\n<li><span style=\"color: #000000\">Nghi\u1ec1n c\u00e1c lo\u1ea1i h\u1ea1t n\u00f4ng ph\u1ea9m kh\u00f4: ng\u00f4 h\u1ea1t, th\u00f3c, tr\u1ea5u, khoai s\u1eafn l\u00e1t&#8230; th\u00e0nh d\u1ea1ng b\u1ed9t c\u00e1m. Th\u00e0nh ph\u1ea9m sau khi nghi\u1ec1n c\u00f3 th\u1ec3 ph\u1ed1i tr\u1ed9n t\u0103ng ch\u1ea5t l\u01b0\u1ee3ng dinh d\u01b0\u1ee1ng cho ngu\u1ed3n th\u1ee9c \u0103n ho\u1eb7c \u0111em \u00e9p th\u00e0nh c\u00e1m vi\u00ean cho v\u1eadt nu\u00f4i d\u00f9ng d\u1ea7n.\u00a0<\/span><\/li>\n<\/ul>\n<p><img loading=\"lazy\" decoding=\"async\" class=\"size-full wp-image-6735 aligncenter\" src=\"https:\/\/congtybinhminh.com\/wp-content\/uploads\/2022\/04\/Slide1.jpg\" alt=\"g250-4\" width=\"800\" height=\"600\" srcset=\"https:\/\/congtybinhminh.com\/wp-content\/uploads\/2022\/04\/Slide1.jpg 800w, https:\/\/congtybinhminh.com\/wp-content\/uploads\/2022\/04\/Slide1-510x383.jpg 510w, https:\/\/congtybinhminh.com\/wp-content\/uploads\/2022\/04\/Slide1-533x400.jpg 533w, https:\/\/congtybinhminh.com\/wp-content\/uploads\/2022\/04\/Slide1-768x576.jpg 768w\" sizes=\"auto, (max-width: 800px) 100vw, 800px\" \/><\/p>\n<ul>\n<li><span style=\"color: #000000\">N\u0103ng su\u1ea5t b\u0103m c\u1ecf \u0111\u1ea1t t\u1eeb 1-1,2 T\u1ea5n\/Gi\u1edd<\/span><\/li>\n<li><span style=\"color: #000000\">N\u1eafng su\u1ea5t nghi\u1ec1n \u0111\u1ea1t t\u1eeb 100-200kg\/ Gi\u1edd<\/span><\/li>\n<\/ul>\n<p><span style=\"color: #000000\">\u0110\u01b0\u1ee3c trang b\u1ecb h\u1ed9p s\u1ed1 \u0111i\u1ec1u ch\u1ec9nh t\u1ed1c \u0111\u1ed9 b\u0103m nhanh ch\u1eadm.\u00a0<\/span><\/p>\n<p><span style=\"color: #000000\">M\u00e1y b\u0103m c\u1ecf G250 thi\u1ebft k\u1ebf h\u1ec7 th\u1ed1ng b\u0103ng t\u1ea3i t\u1ef1 \u0111\u1ed9ng \u0111\u01b0a nguy\u00ean li\u1ec7u v\u00e0o bu\u1ed3ng b\u0103m m\u00e0 ng\u01b0\u1eddi d\u00f9ng kh\u00f4ng ph\u1ea3i d\u00f9ng tay \u0111\u01b0a tr\u1ef1c ti\u1ebfp nguy\u00ean li\u1ec7u v\u00e0o toa.\u00a0<\/span><\/p>\n<p><span style=\"color: #000000\">B\u0103ng t\u1ea3i \u0111\u01b0\u1ee3c thi\u1ebft k\u1ebf n\u1eb1m ngang, \u0111\u1ed9 cao v\u1eeba t\u1ea7m v\u1edbi ng\u01b0\u1eddi d\u00f9ng an to\u00e0n khi s\u1eed d\u1ee5ng.\u00a0<\/span><\/p>\n<h2><span style=\"color: #000000\"><strong>Th\u00f4ng s\u1ed1 k\u1ef9 thu\u1eadt<\/strong><\/span><\/h2>\n<p><img loading=\"lazy\" decoding=\"async\" class=\"size-full wp-image-6760 aligncenter\" src=\"https:\/\/congtybinhminh.com\/wp-content\/uploads\/2022\/04\/g250.jpg\" alt=\"g250\" width=\"800\" height=\"540\" srcset=\"https:\/\/congtybinhminh.com\/wp-content\/uploads\/2022\/04\/g250.jpg 800w, https:\/\/congtybinhminh.com\/wp-content\/uploads\/2022\/04\/g250-510x344.jpg 510w, https:\/\/congtybinhminh.com\/wp-content\/uploads\/2022\/04\/g250-593x400.jpg 593w, https:\/\/congtybinhminh.com\/wp-content\/uploads\/2022\/04\/g250-768x518.jpg 768w\" sizes=\"auto, (max-width: 800px) 100vw, 800px\" \/><\/p>\n<p>&nbsp;<\/p>\n<p><span style=\"color: #000000\">Ngo\u00e0i ra b\u00e0 con c\u00f3 th\u1ec3 tham kh\u1ea3o d\u00f2ng <a href=\"https:\/\/congtybinhminh.com\/sp\/may-bam-nghien-da-nang-co-cao\/\"><strong><span style=\"color: #0000ff\">m\u00e1y b\u0103m nghi\u1ec1n \u0111a n\u0103ng c\u1ed5 cao<\/span><\/strong><\/a>. Gi\u00fap b\u0103m \u0111a d\u1ea1ng c\u1ecf voi, th\u00e2n ng\u00f4, s\u01a1 d\u1eeba, b\u00e3 m\u00eda v\u00e0 nghi\u1ec1n \u0111\u01b0\u1ee3c ng\u00f4 khoai s\u1eafn,..<\/span><\/p>\n<p><img loading=\"lazy\" decoding=\"async\" class=\"size-full wp-image-6745 aligncenter\" src=\"https:\/\/congtybinhminh.com\/wp-content\/uploads\/2022\/04\/277471277_751647975824868_6324392779362207360_n.jpg\" alt=\"bam-nghien-co-cao\" width=\"800\" height=\"600\" srcset=\"https:\/\/congtybinhminh.com\/wp-content\/uploads\/2022\/04\/277471277_751647975824868_6324392779362207360_n.jpg 800w, https:\/\/congtybinhminh.com\/wp-content\/uploads\/2022\/04\/277471277_751647975824868_6324392779362207360_n-510x383.jpg 510w, https:\/\/congtybinhminh.com\/wp-content\/uploads\/2022\/04\/277471277_751647975824868_6324392779362207360_n-533x400.jpg 533w, https:\/\/congtybinhminh.com\/wp-content\/uploads\/2022\/04\/277471277_751647975824868_6324392779362207360_n-768x576.jpg 768w\" sizes=\"auto, (max-width: 800px) 100vw, 800px\" \/><\/p>\n","protected":false},"excerpt":{"rendered":"<p><span style=\"color: #000000\"><strong><span style=\"color: #ed1c24\">\u0110\u1ed9ng c\u01a1<\/span><\/strong>: 3,5kW<\/span><\/p>\n<p><span style=\"color: #000000\"><strong><span style=\"color: #ed1c24\">T\u1ed1c \u0111\u1ed9<\/span><\/strong>: 1450V\/P<\/span><\/p>\n<p><span style=\"color: #000000\"><strong><span style=\"color: #ed1c24\">Ngu\u1ed3n \u0111i\u1ec7n<\/span><\/strong>: 220V &#8211; 380V<\/span><\/p>\n<p><span style=\"color: #000000\"><strong><span style=\"color: #ed1c24\">N\u0103ng su\u1ea5t<\/span><\/strong>: B\u0103m 1-1,2 T\u1ea5n\/Gi\u1edd. Nghi\u1ec1n 100-200Kg\/Gi\u1edd<\/span><\/p>\n<p><span style=\"color: #000000\"><strong><span style=\"color: #ed1c24\">T\u00ednh n\u0103ng<\/span><\/strong>: b\u0103m nguy\u00ean li\u1ec7u c\u1ecf t\u01b0\u01a1i v\u00e0 c\u1ecf kh\u00f4 ( kh\u00f4ng qu\u00e1 \u01b0\u1edbt) nh\u01b0 c\u1ecf voi, c\u1ecf x\u1ea3, c\u00e2y ng\u00f4,&#8230; Nghi\u1ec1n ng\u00f4 h\u1ea1t, th\u00f3c l\u00faa, l\u00e1t khoai s\u1eafn&#8230;<\/span><\/p>\n<p><span style=\"color: #000000\"><span style=\"color: #ed1c24\"><strong>Tr\u1ecdng l\u01b0\u1ee3ng<\/strong><\/span>: 162Kg (Nguy\u00ean b\u1ed9)<\/span><\/p>\n<p><span style=\"color: #000000\"><strong><span style=\"color: #ed1c24\">K\u00edch th\u01b0\u1edbc (D*C*R<\/span><\/strong>): 190*146*85<\/span><\/p>\n","protected":false},"featured_media":6730,"comment_status":"closed","ping_status":"closed","template":"","meta":[],"product_brand":[],"product_cat":[40],"product_tag":[48,104,133,134,132],"class_list":{"0":"post-6729","1":"product","2":"type-product","3":"status-publish","4":"has-post-thumbnail","6":"product_cat-may-bam-co","7":"product_tag-may-bam-cay-ngo","8":"product_tag-may-bam-nghien","9":"product_tag-may-bam-nghien-g250","10":"product_tag-may-g250","11":"product_tag-may-nghien-ngo-lua","13":"first","14":"instock","15":"shipping-taxable","16":"product-type-simple"},"_links":{"self":[{"href":"https:\/\/congtybinhminh.com\/index.php?rest_route=\/wp\/v2\/product\/6729","targetHints":{"allow":["GET"]}}],"collection":[{"href":"https:\/\/congtybinhminh.com\/index.php?rest_route=\/wp\/v2\/product"}],"about":[{"href":"https:\/\/congtybinhminh.com\/index.php?rest_route=\/wp\/v2\/types\/product"}],"replies":[{"embeddable":true,"href":"https:\/\/congtybinhminh.com\/index.php?rest_route=%2Fwp%2Fv2%2Fcomments&post=6729"}],"wp:featuredmedia":[{"embeddable":true,"href":"https:\/\/congtybinhminh.com\/index.php?rest_route=\/wp\/v2\/media\/6730"}],"wp:attachment":[{"href":"https:\/\/congtybinhminh.com\/index.php?rest_route=%2Fwp%2Fv2%2Fmedia&parent=6729"}],"wp:term":[{"taxonomy":"product_brand","embeddable":true,"href":"https:\/\/congtybinhminh.com\/index.php?rest_route=%2Fwp%2Fv2%2Fproduct_brand&post=6729"},{"taxonomy":"product_cat","embeddable":true,"href":"https:\/\/congtybinhminh.com\/index.php?rest_route=%2Fwp%2Fv2%2Fproduct_cat&post=6729"},{"taxonomy":"product_tag","embeddable":true,"href":"https:\/\/congtybinhminh.com\/index.php?rest_route=%2Fwp%2Fv2%2Fproduct_tag&post=6729"}],"curies":[{"name":"wp","href":"https:\/\/api.w.org\/{rel}","templated":true}]}}