{"id":6678,"date":"2022-02-17T10:18:17","date_gmt":"2022-02-17T03:18:17","guid":{"rendered":"https:\/\/congtybinhminh.com\/?post_type=product&#038;p=6678"},"modified":"2024-02-20T10:30:32","modified_gmt":"2024-02-20T03:30:32","slug":"may-bam-chuoi-inox-201-phien-ban-2022","status":"publish","type":"product","link":"https:\/\/congtybinhminh.com\/?product=may-bam-chuoi-inox-201-phien-ban-2022","title":{"rendered":"M\u00e1y b\u0103m chu\u1ed1i inox 201 &#8211; Phi\u00ean b\u1ea3n 2022"},"content":{"rendered":"<h2><span style=\"color: #000000\">Video ho\u1ea1t \u0111\u1ed9ng m\u00e1y b\u0103m chu\u1ed1i inox<\/span><\/h2>\n<p><iframe loading=\"lazy\" title=\"M\u00e1y B\u0103m Chu\u1ed1i Inox B\u00ecnh Minh B\u0103m C\u1ecf Chu\u1ed1i Cho C\u00e1 \u0102n Lu\u00f4n\" width=\"1020\" height=\"574\" src=\"https:\/\/www.youtube.com\/embed\/NbeSYKJEkRU?feature=oembed\" frameborder=\"0\" allow=\"accelerometer; autoplay; clipboard-write; encrypted-media; gyroscope; picture-in-picture; web-share\" allowfullscreen><\/iframe><\/p>\n<h2>Gi\u1edbi thi\u1ec7u m\u00e1y b\u0103m chu\u1ed1i inox<\/h2>\n<p><span style=\"color: #000000\">M\u00e1y b\u0103m chu\u1ed1i inox phi\u00ean b\u1ea3n m\u1edbi do c\u00f4ng ty B\u00ecnh Minh s\u1ea3n xu\u1ea5t, v\u1edbi thi\u1ebft k\u1ebf \u0111\u01b0\u1ee3c l\u00e0m b\u1eb1ng inox cao c\u1ea5p ch\u1ed1ng g\u1ec9 v\u1edbi \u0111\u1ed9 b\u1ec1n cao t\u0103ng tu\u1ed5i th\u1ecd c\u1ee7a m\u00e1y<\/span><\/p>\n<p><img loading=\"lazy\" decoding=\"async\" class=\"aligncenter wp-image-9384 size-full\" src=\"https:\/\/congtybinhminh.com\/wp-content\/uploads\/2022\/02\/may-bam-chuoi-inox-binh-minh_result222.webp\" alt=\"may-bam-chuoi-inox-binh-minh_result222\" width=\"800\" height=\"1078\" srcset=\"https:\/\/congtybinhminh.com\/wp-content\/uploads\/2022\/02\/may-bam-chuoi-inox-binh-minh_result222.webp 800w, https:\/\/congtybinhminh.com\/wp-content\/uploads\/2022\/02\/may-bam-chuoi-inox-binh-minh_result222-510x687.webp 510w, https:\/\/congtybinhminh.com\/wp-content\/uploads\/2022\/02\/may-bam-chuoi-inox-binh-minh_result222-297x400.webp 297w, https:\/\/congtybinhminh.com\/wp-content\/uploads\/2022\/02\/may-bam-chuoi-inox-binh-minh_result222-594x800.webp 594w, https:\/\/congtybinhminh.com\/wp-content\/uploads\/2022\/02\/may-bam-chuoi-inox-binh-minh_result222-768x1035.webp 768w\" sizes=\"auto, (max-width: 800px) 100vw, 800px\" \/><\/p>\n<p><span style=\"color: #000000\">Thi\u1ebft b\u1ecb \u0111\u01b0\u1ee3c s\u1eed d\u1ee5ng \u0111\u1ec3 b\u0103m th\u00e2n c\u00e2y chu\u1ed1i, c\u1ecf voi, th\u00e2n c\u00e2y ng\u00f4, rau b\u00e8o.. th\u00e0nh c\u00e1c m\u1ea3nh nh\u1ecf ph\u1ee5c l\u00e0m th\u1ee9c \u0103n cho gia gia s\u00fac &#8211; gia c\u1ea7m v\u1edbi n\u0103ng su\u1ea5t cao<\/span><\/p>\n<h2>Nh\u1eefng \u01b0u \u0111i\u1ec3m m\u00e1y b\u0103m chu\u1ed1i inox<\/h2>\n<p>Qu\u00e1 tr\u00ecnh b\u0103m t\u1ef1 \u0111\u1ed9ng, vi\u1ec7c \u1ee9ng d\u1ee5ng m\u00e1y m\u00f3c v\u00e0o ch\u0103n nu\u00f4i gi\u00fap ti\u1ebft ki\u1ec7m th\u1eddi gian v\u00e0 c\u00f4ng s\u1ee9c thay v\u00ec m\u1ea5t h\u00e0ng gi\u1edd ng\u1ed3i b\u0103m th\u1ee7 c\u00f4ng<\/p>\n<p><img loading=\"lazy\" decoding=\"async\" class=\"aligncenter wp-image-9385 size-full\" src=\"https:\/\/congtybinhminh.com\/wp-content\/uploads\/2022\/02\/may-thai-cay-chuoi_result222.webp\" alt=\"may-thai-cay-chuoi_result222\" width=\"800\" height=\"1437\" srcset=\"https:\/\/congtybinhminh.com\/wp-content\/uploads\/2022\/02\/may-thai-cay-chuoi_result222.webp 800w, https:\/\/congtybinhminh.com\/wp-content\/uploads\/2022\/02\/may-thai-cay-chuoi_result222-510x916.webp 510w, https:\/\/congtybinhminh.com\/wp-content\/uploads\/2022\/02\/may-thai-cay-chuoi_result222-223x400.webp 223w, https:\/\/congtybinhminh.com\/wp-content\/uploads\/2022\/02\/may-thai-cay-chuoi_result222-445x800.webp 445w, https:\/\/congtybinhminh.com\/wp-content\/uploads\/2022\/02\/may-thai-cay-chuoi_result222-768x1380.webp 768w\" sizes=\"auto, (max-width: 800px) 100vw, 800px\" \/><\/p>\n<ul>\n<li>M\u00e1y b\u0103m nguy\u00ean c\u00e2y chu\u1ed1i c\u00f3 \u0111\u01b0\u1eddng k\u00ednh 16 cm tr\u1edf l\u1ea1i m\u00e0 kh\u00f4ng ph\u1ea3i b\u0103m nh\u1ecf tr\u01b0\u1edbc<\/li>\n<li>M\u00e1y b\u0103m \u0111a d\u1ea1ng nguy\u00ean li\u1ec7u: c\u1ecf voi; th\u00e2n c\u00e2y ng\u00f4; c\u00e1c lo\u1ea1i rau xanh..<\/li>\n<li>L\u01b0\u1ee1i dao \u0111\u01b0\u1ee3c r\u00e8n s\u1eafc b\u00e9n v\u00e0 ch\u1eafc ch\u1eafn b\u0103m nh\u1ecf nguy\u00ean li\u1ec7u trong 1 l\u1ea7n b\u0103m<\/li>\n<\/ul>\n<h2><span style=\"color: #000000\">C\u1ea5u t\u1ea1o m\u00e1y b\u0103m chu\u1ed1i inox\u00a0<\/span><\/h2>\n<p>Thi\u1ebft k\u1ebf hi\u1ec7n \u0111\u1ea1i, ph\u1ea7n khung m\u00e1y v\u1edbi k\u1ebft c\u1ea5u \u0111\u01b0\u1ee3c h\u00e0n g\u1eafn v\u1eefng ch\u1eafc kh\u00f4ng g\u00e2y rung l\u1eafc trong qu\u00e1 tr\u00ecnh b\u0103m. Th\u00edch h\u1ee3p s\u1eed d\u1ee5ng t\u1ea1i c\u00e1c gia \u0111\u00ecnh, trang tr\u1ea1i ch\u0103n nu\u00f4i v\u1edbi n\u0103ng su\u1ea5t cao<\/p>\n<p><img loading=\"lazy\" decoding=\"async\" class=\"aligncenter wp-image-9389 size-full\" src=\"https:\/\/congtybinhminh.com\/wp-content\/uploads\/2022\/02\/cau-tao-may-bam-chuoi-inox_result222-1.webp\" alt=\"cau-tao-may-bam-chuoi-inox_result222\" width=\"800\" height=\"654\" srcset=\"https:\/\/congtybinhminh.com\/wp-content\/uploads\/2022\/02\/cau-tao-may-bam-chuoi-inox_result222-1.webp 800w, https:\/\/congtybinhminh.com\/wp-content\/uploads\/2022\/02\/cau-tao-may-bam-chuoi-inox_result222-1-510x417.webp 510w, https:\/\/congtybinhminh.com\/wp-content\/uploads\/2022\/02\/cau-tao-may-bam-chuoi-inox_result222-1-489x400.webp 489w, https:\/\/congtybinhminh.com\/wp-content\/uploads\/2022\/02\/cau-tao-may-bam-chuoi-inox_result222-1-768x628.webp 768w\" sizes=\"auto, (max-width: 800px) 100vw, 800px\" \/><\/p>\n<p>Toa n\u1ea1p thi\u1ebft k\u1ebf d\u1ea1ng \u0111\u1ee9ng, ph\u1ec5u tr\u00f2n r\u1ed9ng c\u00f3 th\u1ec3 ch\u1ee9a nhi\u1ec1u nguy\u00ean li\u1ec7u<\/p>\n<p><img loading=\"lazy\" decoding=\"async\" class=\"aligncenter wp-image-9390 size-full\" src=\"https:\/\/congtybinhminh.com\/wp-content\/uploads\/2022\/02\/may-bam-chuoi-dung_result222.webp\" alt=\"may-bam-chuoi-dung_result222\" width=\"800\" height=\"552\" srcset=\"https:\/\/congtybinhminh.com\/wp-content\/uploads\/2022\/02\/may-bam-chuoi-dung_result222.webp 800w, https:\/\/congtybinhminh.com\/wp-content\/uploads\/2022\/02\/may-bam-chuoi-dung_result222-510x352.webp 510w, https:\/\/congtybinhminh.com\/wp-content\/uploads\/2022\/02\/may-bam-chuoi-dung_result222-580x400.webp 580w, https:\/\/congtybinhminh.com\/wp-content\/uploads\/2022\/02\/may-bam-chuoi-dung_result222-768x530.webp 768w\" sizes=\"auto, (max-width: 800px) 100vw, 800px\" \/><\/p>\n<p>Bu\u1ed3ng b\u0103m c\u1ee7a m\u00e1y \u0111\u01b0\u1ee3c b\u1ed1 tr\u00ed g\u1ed3m 1 dao th\u00e9p to 2 l\u01b0\u1ee1i \u0111\u01b0\u1ee3c r\u00e8n b\u1eb1ng tay v\u00e0 14 dao inox nh\u1ecf \u0111\u01b0\u1ee3c x\u1ebfp 2 t\u1ea7ng b\u0103m linh ho\u1ea1t gi\u00fap x\u1eed l\u00fd b\u0103m nh\u1ecf nguy\u00ean li\u1ec7u m\u1ed9t c\u00e1ch nhanh ch\u00f3ng<\/p>\n<p><img loading=\"lazy\" decoding=\"async\" class=\"aligncenter wp-image-9391 size-full\" src=\"https:\/\/congtybinhminh.com\/wp-content\/uploads\/2022\/02\/dao-bam-chuoi-inox_result222.webp\" alt=\"dao-bam-chuoi-inox_result222\" width=\"800\" height=\"512\" srcset=\"https:\/\/congtybinhminh.com\/wp-content\/uploads\/2022\/02\/dao-bam-chuoi-inox_result222.webp 800w, https:\/\/congtybinhminh.com\/wp-content\/uploads\/2022\/02\/dao-bam-chuoi-inox_result222-510x326.webp 510w, https:\/\/congtybinhminh.com\/wp-content\/uploads\/2022\/02\/dao-bam-chuoi-inox_result222-625x400.webp 625w, https:\/\/congtybinhminh.com\/wp-content\/uploads\/2022\/02\/dao-bam-chuoi-inox_result222-768x492.webp 768w\" sizes=\"auto, (max-width: 800px) 100vw, 800px\" \/><\/p>\n<p>M\u00e1y b\u0103m chu\u1ed1i gia \u0111\u00ecnh \u0111i\u1ec7n 1 pha s\u1eed d\u1ee5ng \u0111\u1ed9ng c\u01a1 3kw motor l\u00f5i d\u00e2y \u0111\u1ed3ng 100% t\u1ed1c \u0111\u1ed9 b\u0103m 1450 v\u00f2ng\/ph\u00fat. Ch\u1ec9 trong 1 ph\u00fat m\u00e1y c\u00f3 th\u1ebb b\u0103m 2-3 c\u00e2y chu\u1ed1i, t\u00ednh ra qu\u00e1 tr\u00ecnh b\u0103m t\u1ef1 \u0111\u1ed9ng ch\u1ec9 m\u1ea5t kho\u1ea3ng 20 &#8211; 30 gi\u00e2y<\/p>\n<p><img loading=\"lazy\" decoding=\"async\" class=\"aligncenter wp-image-9392 size-full\" src=\"https:\/\/congtybinhminh.com\/wp-content\/uploads\/2022\/02\/may-bam-chuoi_result222.webp\" alt=\"may-bam-chuoi_result222\" width=\"800\" height=\"552\" srcset=\"https:\/\/congtybinhminh.com\/wp-content\/uploads\/2022\/02\/may-bam-chuoi_result222.webp 800w, https:\/\/congtybinhminh.com\/wp-content\/uploads\/2022\/02\/may-bam-chuoi_result222-510x352.webp 510w, https:\/\/congtybinhminh.com\/wp-content\/uploads\/2022\/02\/may-bam-chuoi_result222-580x400.webp 580w, https:\/\/congtybinhminh.com\/wp-content\/uploads\/2022\/02\/may-bam-chuoi_result222-768x530.webp 768w\" sizes=\"auto, (max-width: 800px) 100vw, 800px\" \/><\/p>\n<p>Th\u00e0nh ph\u1ea9m sau khi b\u0103m \u0111\u01b0\u1ee3c than g\u1ea1t ra ngo\u00e0i c\u1eeda x\u1ea3. Ph\u00eda tr\u01b0\u1edbc c\u1eeda x\u1ea3 c\u00f3 n\u1eafp ch\u1eafn thu\u1eadn ti\u1ec7n cho b\u00e0 con \u0111i\u1ec1u ch\u1ec9nh h\u01b0\u1edbng phun:<\/p>\n<ul>\n<li>N\u00e2ng n\u1eafp ch\u1eafn: n\u1ebfu mu\u1ed1n c\u1ecf phun xa<\/li>\n<li>H\u1ea1 n\u1eafp ch\u1eafn: n\u1ebfu mu\u1ed1n c\u1ecf phun g\u1ea7n<\/li>\n<\/ul>\n<p>Th\u00e0nh ph\u1ea9m sau khi b\u0103m c\u00f3 th\u1ec3 cho v\u1eadt nu\u00f4i d\u00f9ng ngay ho\u1eb7c \u1ee7 chua d\u00f9ng d\u1ea7n. M\u00e1y b\u0103m chu\u1ed1i t\u1ef1 \u0111\u1ed9ng s\u1ebd l\u00e0 gi\u1ea3i ph\u00e1p hi\u1ec7u qu\u1ea3 cho b\u00e0 con:<\/p>\n<p><img loading=\"lazy\" decoding=\"async\" class=\"aligncenter wp-image-9387 size-full\" src=\"https:\/\/congtybinhminh.com\/wp-content\/uploads\/2022\/02\/may-bam-chuoi-bam-co-cho-bo_result222.webp\" alt=\"may-bam-chuoi-bam-co-cho-bo_result222\" width=\"800\" height=\"608\" srcset=\"https:\/\/congtybinhminh.com\/wp-content\/uploads\/2022\/02\/may-bam-chuoi-bam-co-cho-bo_result222.webp 800w, https:\/\/congtybinhminh.com\/wp-content\/uploads\/2022\/02\/may-bam-chuoi-bam-co-cho-bo_result222-510x388.webp 510w, https:\/\/congtybinhminh.com\/wp-content\/uploads\/2022\/02\/may-bam-chuoi-bam-co-cho-bo_result222-526x400.webp 526w, https:\/\/congtybinhminh.com\/wp-content\/uploads\/2022\/02\/may-bam-chuoi-bam-co-cho-bo_result222-768x584.webp 768w\" sizes=\"auto, (max-width: 800px) 100vw, 800px\" \/><\/p>\n<ul>\n<li>N\u1ebfu b\u1ea1n l\u00e0 ng\u01b0\u1eddi b\u1eadn r\u1ed9n kh\u00f4ng c\u00f3 nhi\u1ec1u th\u1eddi gian ho\u1eb7c s\u1ee9c kh\u1ecfe h\u1ea1n ch\u1ebf<\/li>\n<li>\u00cdt nh\u00e2n c\u00f4ng &#8211; kh\u00f4ng ch\u0103m s\u00f3c \u0111\u01b0\u1ee3c trang tr\u1ea1i<\/li>\n<li>Hay b\u1ea1n mu\u1ed1n m\u1edf r\u1ed9ng quy m\u00f4 trang tr\u1ea1i &#8211; n\u0103ng su\u1ea5t l\u00e0m vi\u1ec7c \u0111\u00f2i h\u1ecfi cao h\u01a1n \u0111\u1ec3 \u0111\u00e1p \u1ee9ng k\u1ecbp l\u01b0\u1ee3ng th\u1ee9c \u0103n cho v\u1eadt nu\u00f4i h\u1eb1ng ngay<\/li>\n<\/ul>\n<p><span style=\"color: #0000ff\"><em><strong>L\u01b0u \u00fd<\/strong>: Khi \u0111\u1eb7t mua m\u00e1y b\u0103m chu\u1ed1i \u0111a n\u0103ng inox 201 B\u00ecnh Minh, kh\u00e1ch h\u00e0ng s\u1ebd \u0111\u01b0\u1ee3c t\u1eb7ng k\u00e8m th\u00eam 1 con dao b\u1eb1ng th\u00e9p r\u00e8n s\u1eafc b\u00e9n chuy\u00ean d\u00f9ng khi b\u0103m chu\u1ed1i.<\/em><\/span><\/p>\n<p><img loading=\"lazy\" decoding=\"async\" class=\"aligncenter wp-image-9386 size-full\" src=\"https:\/\/congtybinhminh.com\/wp-content\/uploads\/2022\/02\/may-bam-chuoi-da-nang_result222.webp\" alt=\"may-bam-chuoi-da-nang_result222\" width=\"800\" height=\"411\" srcset=\"https:\/\/congtybinhminh.com\/wp-content\/uploads\/2022\/02\/may-bam-chuoi-da-nang_result222.webp 800w, https:\/\/congtybinhminh.com\/wp-content\/uploads\/2022\/02\/may-bam-chuoi-da-nang_result222-510x262.webp 510w, https:\/\/congtybinhminh.com\/wp-content\/uploads\/2022\/02\/may-bam-chuoi-da-nang_result222-779x400.webp 779w, https:\/\/congtybinhminh.com\/wp-content\/uploads\/2022\/02\/may-bam-chuoi-da-nang_result222-768x395.webp 768w\" sizes=\"auto, (max-width: 800px) 100vw, 800px\" \/><\/p>\n<h2>\u0110\u1ecba ch\u1ec9 mua m\u00e1y b\u0103m chu\u1ed1i gi\u00e1 t\u1ed1t ch\u00ednh h\u00e3ng<\/h2>\n<p>C\u00f4ng ty B\u00ecnh Minh t\u1ef1 h\u00e0o l\u00e0 \u0111\u1ecba ch\u1ec9 s\u1ea3n xu\u1ea5t v\u00e0 cung c\u1ea5p m\u00e1y \u00e9p c\u00e1m vi\u00ean UY T\u00cdN &#8211; CH\u1ea4T L\u01af\u1ee2NG T\u1ed0T NH\u1ea4T tr\u00ean th\u1ecb tr\u01b0\u1eddng, \u0111\u01b0\u1ee3c nhi\u1ec1u kh\u00e1ch h\u00e0ng tin t\u01b0\u1edfng<\/p>\n<ul>\n<li>M\u00e1y m\u00f3c \u0111\u01b0\u1ee3c s\u1ea3n xu\u1ea5t tr\u1ef1c ti\u1ebfp t\u1ea1i x\u01b0\u1edfng kh\u00f4ng qua \u0111\u1ea1i l\u00fd trung gian<\/li>\n<li>\u0110\u1ed9i ng\u0169 k\u1ef9 thu\u1eadt lu\u00f4n t\u1eadn t\u00e2m h\u1ed7 tr\u1ee3 v\u00e0 ph\u1ee5c c\u1ee5 b\u00e0 con m\u1ecdi l\u00fac &#8211; m\u1ecdi n\u01a1i<\/li>\n<li>T\u1ea5t c\u1ea3 c\u00e1c m\u00e1y m\u00f3c \u0111\u1ec1u c\u00f3 s\u1eb5n linh ki\u1ec7n thay th\u1ebf thu\u1eadn ti\u1ec7n trong qu\u00e1 tr\u00ecnh b\u1ea3o h\u00e0nh v\u00e0 s\u1eeda ch\u1eefa<\/li>\n<\/ul>\n<p><img loading=\"lazy\" decoding=\"async\" class=\"aligncenter wp-image-9393 size-full\" src=\"https:\/\/congtybinhminh.com\/wp-content\/uploads\/2022\/02\/dia-chi-may-bam-chuoi_result222.webp\" alt=\"dia-chi-may-bam-chuoi_result222\" width=\"800\" height=\"1016\" srcset=\"https:\/\/congtybinhminh.com\/wp-content\/uploads\/2022\/02\/dia-chi-may-bam-chuoi_result222.webp 800w, https:\/\/congtybinhminh.com\/wp-content\/uploads\/2022\/02\/dia-chi-may-bam-chuoi_result222-510x648.webp 510w, https:\/\/congtybinhminh.com\/wp-content\/uploads\/2022\/02\/dia-chi-may-bam-chuoi_result222-315x400.webp 315w, https:\/\/congtybinhminh.com\/wp-content\/uploads\/2022\/02\/dia-chi-may-bam-chuoi_result222-630x800.webp 630w, https:\/\/congtybinhminh.com\/wp-content\/uploads\/2022\/02\/dia-chi-may-bam-chuoi_result222-768x975.webp 768w\" sizes=\"auto, (max-width: 800px) 100vw, 800px\" \/><\/p>\n<p>\u0110\u1ec3 \u0111\u1eb7t mua h\u00e0ng ch\u00ednh h\u00e3ng, b\u00e0 con c\u00f3 th\u1ec3 \u0111\u1ebfn tr\u1ee5 s\u1edf g\u1ea7n nh\u1ea5t c\u1ee7a c\u00f4ng ty \u0111\u1ec3 xem v\u00e0 \u0111\u1eb7t mua h\u00e0ng:<\/p>\n<ul>\n<li>Tr\u1ee5 s\u1edf ch\u00ednh: P. L\u00ea L\u1ee3i &#8211; Tx S\u01a1n T\u00e2y &#8211; H\u00e0 N\u1ed9i<\/li>\n<li>Chi nh\u00e1nh 1; kv 11 &#8211; P. H\u01b0ng Ph\u00fa &#8211; Q. C\u00e1i R\u0103ng &#8211; Tp C\u1ea7n Th\u01a1<\/li>\n<li>Chi nh\u00e1nh 2: x\u00e3 T\u00e2n Ki\u00ean &#8211; H. B\u00ecnh Ch\u00e1nh &#8211; Tp H\u1ed3 Ch\u00ed Minh<\/li>\n<\/ul>\n<p>Khi \u0111\u1ebfn \u0111\u00e2y, b\u00e0 con c\u00f3 th\u1ec3 th\u1eed nghi\u1ec7m v\u1eadn h\u00e0nh m\u00e1y d\u01b0\u1edbi s\u1ef1 h\u01b0\u1edbng d\u1eabn c\u1ee7a \u0111\u1ed9i ng\u0169 k\u1ef9 thu\u1eadt<\/p>\n<p><img loading=\"lazy\" decoding=\"async\" class=\"aligncenter wp-image-9388 size-full\" src=\"https:\/\/congtybinhminh.com\/wp-content\/uploads\/2022\/02\/dia-chi-mua-may-bam-chuoi_result222.webp\" alt=\"dia-chi-mua-may-bam-chuoi_result222\" width=\"800\" height=\"512\" srcset=\"https:\/\/congtybinhminh.com\/wp-content\/uploads\/2022\/02\/dia-chi-mua-may-bam-chuoi_result222.webp 800w, https:\/\/congtybinhminh.com\/wp-content\/uploads\/2022\/02\/dia-chi-mua-may-bam-chuoi_result222-510x326.webp 510w, https:\/\/congtybinhminh.com\/wp-content\/uploads\/2022\/02\/dia-chi-mua-may-bam-chuoi_result222-625x400.webp 625w, https:\/\/congtybinhminh.com\/wp-content\/uploads\/2022\/02\/dia-chi-mua-may-bam-chuoi_result222-768x492.webp 768w\" sizes=\"auto, (max-width: 800px) 100vw, 800px\" \/><\/p>\n<p>\u0110\u1ed1i v\u1edbi b\u00e0 con \u1edf xa c\u00f3 th\u1ec3 li\u00ean h\u1ec7 t\u1edbi s\u1ed1 \u0111i\u1ec7n tho\u1ea1i Hotline tr\u00ean website ho\u1eb7c \u0111\u1ec3 l\u1ea1i l\u1eddi nh\u1eafn, \u0111\u1ed9i ng\u0169 t\u01b0 v\u1ea5n s\u1ebd li\u00ean h\u1ec7 t\u1edbi b\u00e0 con trong th\u1eddi gian s\u1edbm nh\u1ea5t<\/p>\n<p><strong>Th\u00f4ng s\u1ed1 k\u1ef9 thu\u1eadt<\/strong><\/p>\n<table>\n<tbody>\n<tr>\n<td rowspan=\"3\" width=\"274\">\u0110\u1ed9ng c\u01a1<\/td>\n<td width=\"214\">C\u00f4ng su\u1ea5t \u0111\u1ed9ng c\u01a1<\/td>\n<td width=\"213\">3kw<\/td>\n<\/tr>\n<tr>\n<td width=\"214\">Ngu\u1ed3n \u0111i\u1ec7n<\/td>\n<td width=\"213\">220( V)<\/td>\n<\/tr>\n<tr>\n<td width=\"214\">T\u1ed1c \u0111\u1ed9 m\u00e1y<\/td>\n<td width=\"213\">1450( v\/p)<\/td>\n<\/tr>\n<tr>\n<td rowspan=\"2\" width=\"274\">Tr\u1ecdng l\u01b0\u1ee3ng m\u00e1y<\/td>\n<td width=\"214\">Nguy\u00ean b\u1ed9<\/td>\n<td width=\"213\">65 ( kg)<\/td>\n<\/tr>\n<tr>\n<td width=\"214\">Kh\u00f4ng \u0111\u1ed9ng \u00a0c\u01a1<\/td>\n<td width=\"213\">45 ( kg)<\/td>\n<\/tr>\n<tr>\n<td rowspan=\"2\" width=\"274\">B\u1ea3o h\u00e0nh<\/td>\n<td width=\"214\">K\u1ef9 thu\u1eadt<\/td>\n<td width=\"213\">06\u00a0th\u00e1ng<\/td>\n<\/tr>\n<tr>\n<td width=\"214\">\u0110\u1ed9ng c\u01a1<\/td>\n<td width=\"213\">Theo t\u1eebng h\u00e3ng s\u1ea3n xu\u1ea5t<\/td>\n<\/tr>\n<tr>\n<td width=\"274\">N\u0103ng su\u1ea5t<\/td>\n<td colspan=\"2\" width=\"427\">20 gi\u00e2y b\u0103m nhuy\u1ec5n th\u00e2n c\u00e2y chu\u1ed1i<\/td>\n<\/tr>\n<tr>\n<td width=\"274\">K\u00edch th\u01b0\u1edbc\u00a0 ( D * C * R )<\/td>\n<td colspan=\"2\" width=\"427\">81cm x 78cm x 45 cm<\/td>\n<\/tr>\n<tr>\n<td width=\"274\">H\u00ecnh th\u1ee9c thanh to\u00e1n<\/td>\n<td colspan=\"2\" width=\"427\">\u00a0Ti\u1ec1n m\u1eb7t ho\u1eb7c chuy\u1ec3n kho\u1ea3n<\/td>\n<\/tr>\n<\/tbody>\n<\/table>\n","protected":false},"excerpt":{"rendered":"<ul>\n<li><strong>H\u00e3ng s\u1ea3n xu\u1ea5t:<\/strong> B\u00ecnh Minh<\/li>\n<li><strong>\u0110\u1ed9ng c\u01a1 c\u00f4ng su\u1ea5t:<\/strong>\u00a03kw<\/li>\n<li><strong>Ngu\u1ed3n \u0111i\u1ec7n:<\/strong>\u00a0220V<\/li>\n<li><strong>T\u1ed1c \u0111\u1ed9:<\/strong>\u00a01450v\/p<\/li>\n<li><strong>Ch\u1ea5t li\u1ec7u:<\/strong>\u00a0inox<\/li>\n<li><strong>T\u00ednh n\u0103ng:<\/strong>\u00a0M\u00e1y chuy\u00ean d\u00f9ng b\u0103m nh\u1ecf c\u00e2y chu\u1ed1i, c\u1ecf voi, th\u00e2n c\u00e2y ng\u00f4, \u2026 l\u00e0m th\u1ee9c \u0103n cho gia s\u00fac \u2013 gia c\u1ea7m<\/li>\n<\/ul>\n","protected":false},"featured_media":9336,"comment_status":"closed","ping_status":"closed","template":"","meta":[],"product_brand":[],"product_cat":[33],"product_tag":[48,113,115,114,106],"class_list":{"0":"post-6678","1":"product","2":"type-product","3":"status-publish","4":"has-post-thumbnail","6":"product_cat-may-bam-chuoi-da-nang","7":"product_tag-may-bam-cay-ngo","8":"product_tag-may-bam-chuoi","9":"product_tag-may-bam-chuoi-binh-minh","10":"product_tag-may-bam-chuoi-inox","11":"product_tag-may-bam-da-nang","13":"first","14":"instock","15":"shipping-taxable","16":"product-type-simple"},"_links":{"self":[{"href":"https:\/\/congtybinhminh.com\/index.php?rest_route=\/wp\/v2\/product\/6678","targetHints":{"allow":["GET"]}}],"collection":[{"href":"https:\/\/congtybinhminh.com\/index.php?rest_route=\/wp\/v2\/product"}],"about":[{"href":"https:\/\/congtybinhminh.com\/index.php?rest_route=\/wp\/v2\/types\/product"}],"replies":[{"embeddable":true,"href":"https:\/\/congtybinhminh.com\/index.php?rest_route=%2Fwp%2Fv2%2Fcomments&post=6678"}],"wp:featuredmedia":[{"embeddable":true,"href":"https:\/\/congtybinhminh.com\/index.php?rest_route=\/wp\/v2\/media\/9336"}],"wp:attachment":[{"href":"https:\/\/congtybinhminh.com\/index.php?rest_route=%2Fwp%2Fv2%2Fmedia&parent=6678"}],"wp:term":[{"taxonomy":"product_brand","embeddable":true,"href":"https:\/\/congtybinhminh.com\/index.php?rest_route=%2Fwp%2Fv2%2Fproduct_brand&post=6678"},{"taxonomy":"product_cat","embeddable":true,"href":"https:\/\/congtybinhminh.com\/index.php?rest_route=%2Fwp%2Fv2%2Fproduct_cat&post=6678"},{"taxonomy":"product_tag","embeddable":true,"href":"https:\/\/congtybinhminh.com\/index.php?rest_route=%2Fwp%2Fv2%2Fproduct_tag&post=6678"}],"curies":[{"name":"wp","href":"https:\/\/api.w.org\/{rel}","templated":true}]}}