{"id":6671,"date":"2022-02-12T08:49:50","date_gmt":"2022-02-12T01:49:50","guid":{"rendered":"https:\/\/congtybinhminh.com\/?post_type=product&#038;p=6671"},"modified":"2024-04-03T16:31:45","modified_gmt":"2024-04-03T09:31:45","slug":"may-bam-go-2t-be-keo","status":"publish","type":"product","link":"https:\/\/congtybinhminh.com\/?product=may-bam-go-2t-be-keo","title":{"rendered":"M\u00e1y b\u0103m g\u1ed7 2T b\u1ec7 k\u00e9o"},"content":{"rendered":"<p><strong>Xem video tr\u1ef1c ti\u1ebfp t\u1ea1i \u0111\u00e2y:<\/strong><\/p>\n<p><span style=\"color: #000000\">N\u1ebfu qu\u00fd v\u1ecb \u0111ang t\u00ecm ki\u1ebfm 1 d\u00f2ng m\u00e1y b\u0103m \u0111a d\u1ea1ng c\u00e1c nguy\u00ean li\u1ec7u nh\u01b0 g\u1ed7 c\u00f4ng nghi\u1ec7p, v\u00e1n b\u00f3c, c\u00e0nh c\u00e2y, \u0111\u1ea9u m\u1ea9u g\u1ed7, c\u00e2y g\u1ed7 th\u1ea3i,&#8230;th\u00ec kh\u00f4ng th\u1ec3 b\u1ecf qua s\u1ea3n ph\u1ea9m n\u00e0y.<\/span><\/p>\n<p><img loading=\"lazy\" decoding=\"async\" class=\"size-full wp-image-6672 aligncenter\" src=\"https:\/\/congtybinhminh.com\/wp-content\/uploads\/2022\/02\/z3060839080499_3f0950dbbf4bc132c20c204f5b9caef5.jpg\" alt=\"dau-no-2t\" width=\"800\" height=\"600\" srcset=\"https:\/\/congtybinhminh.com\/wp-content\/uploads\/2022\/02\/z3060839080499_3f0950dbbf4bc132c20c204f5b9caef5.jpg 800w, https:\/\/congtybinhminh.com\/wp-content\/uploads\/2022\/02\/z3060839080499_3f0950dbbf4bc132c20c204f5b9caef5-510x383.jpg 510w, https:\/\/congtybinhminh.com\/wp-content\/uploads\/2022\/02\/z3060839080499_3f0950dbbf4bc132c20c204f5b9caef5-533x400.jpg 533w, https:\/\/congtybinhminh.com\/wp-content\/uploads\/2022\/02\/z3060839080499_3f0950dbbf4bc132c20c204f5b9caef5-768x576.jpg 768w\" sizes=\"auto, (max-width: 800px) 100vw, 800px\" \/><\/p>\n<p><span style=\"color: #000000\">Tr\u00ean th\u1ecb tr\u01b0\u1eddng hi\u1ec7n nay nhu c\u1ea7u s\u1eed d\u1ee5ng m\u00e1y b\u0103m g\u1ed7 \u0111a n\u0103ng \u0111\u1ec3 b\u0103m c\u00e1c lo\u1ea1i ph\u1ee5 ph\u1ea9m nh\u01b0 th\u00e2n c\u00e2y c\u00e0nh c\u00e2y ngay t\u1ea1i v\u01b0\u1eddn ng\u00e0y c\u00e0ng cao. Tuy nhi\u00ean n\u1ebfu g\u1ea7m m\u00e1y qu\u00e1 th\u1ea5p s\u1ebd r\u1ea5t kh\u00f3 trong vi\u1ec7c di chuy\u1ec3n nh\u1ea5t l\u00e0 nh\u1eefng khu nh\u01b0 v\u01b0\u1eddn c\u00e2y, \u0111\u1ed3i n\u00fai,\u2026B\u1edfi v\u1eady, c\u00e1c k\u1ef9 s\u01b0 c\u1ee7a c\u00f4ng ty TNHH B\u00ecnh Minh \u0111\u00e3 thi\u1ebft k\u1ebf v\u00e0 ch\u1ebf t\u1ea1o M\u00e1y b\u0103m g\u1ed7 \u0111a n\u0103ng 2T b\u1ec7 k\u00e9o v\u1edbi b\u1ec7 m\u00e1y cao v\u00e0 b\u00e1nh xe l\u1edbn gi\u00fap qu\u00fd kh\u00e1ch d\u1ec5 d\u00e0ng s\u1eed d\u1ee5ng v\u00e0 di chuy\u1ec3n \u0111i m\u1ecdi n\u01a1i.<\/span><\/p>\n<h2><span style=\"color: #000000\"><strong>C\u1ea5u t\u1ea1o m\u00e1y b\u0103m g\u1ed7 2T b\u1ec7 k\u00e9o\u00a0<\/strong><\/span><\/h2>\n<h3><span style=\"color: #000000\"><strong>* Toa n\u1ea1p nguy\u00ean li\u1ec7u\u00a0<\/strong><\/span><\/h3>\n<p><span style=\"color: #000000\">&#8211; M\u00e1y b\u0103m g\u1ed7 2T b\u1ec7 k\u00e9o \u0111\u01b0\u1ee3c thi\u1ebft k\u1ebf v\u1edbi 2 c\u1eeda \u0111\u1ed9c l\u1eadp:\u00a0<\/span><\/p>\n<p><span style=\"color: #000000\">+ 1 C\u1eeda chuy\u00ean b\u0103m th\u00e2n c\u00e2y g\u1ed7, g\u1ed7 c\u00f4ng nghi\u1ec7p, m\u1ea9u g\u1ed7&#8230;.\u00a0<\/span><\/p>\n<p><span style=\"color: #000000\">+ 1 C\u1eeda chuy\u00ean b\u0103m c\u00e0nh c\u00e2y, v\u00e1n b\u00f3c, tre, n\u1ee9a&#8230;<\/span><\/p>\n<p><span style=\"color: #000000\">&#8211; Ph\u1ea7n toa n\u1ea1p r\u1ed9ng, \u0111\u01b0\u1ee3c thi\u1ebft k\u1ebf v\u1edbi g\u00f3c nghi\u00ean 45 \u0111\u1ed9 gi\u00fap gi\u1ea3m t\u1ea3i khi \u0111\u01b0a nguy\u00ean li\u1ec7u v\u00e0o bu\u1ed3ng b\u0103m.<\/span><\/p>\n<p><span style=\"color: #000000\">&#8211; \u0110\u1ed3ng th\u1eddi, chi\u1ec1u cao c\u1eeda n\u1ea1p v\u1eeba t\u1ea7m ng\u01b0\u1eddi\u00a0d\u00f9ng \u0111\u1ea3m b\u1ea3o an to\u00e0n cho khi s\u1eed d\u1ee5ng.\u00a0<\/span><\/p>\n<p><img loading=\"lazy\" decoding=\"async\" class=\"size-full wp-image-6673 aligncenter\" src=\"https:\/\/congtybinhminh.com\/wp-content\/uploads\/2022\/02\/may-bam-go-2t-banh-xe-5.jpg\" alt=\"may-bam-go-2t-banh-xe-5\" width=\"800\" height=\"600\" srcset=\"https:\/\/congtybinhminh.com\/wp-content\/uploads\/2022\/02\/may-bam-go-2t-banh-xe-5.jpg 800w, https:\/\/congtybinhminh.com\/wp-content\/uploads\/2022\/02\/may-bam-go-2t-banh-xe-5-510x383.jpg 510w, https:\/\/congtybinhminh.com\/wp-content\/uploads\/2022\/02\/may-bam-go-2t-banh-xe-5-533x400.jpg 533w, https:\/\/congtybinhminh.com\/wp-content\/uploads\/2022\/02\/may-bam-go-2t-banh-xe-5-768x576.jpg 768w\" sizes=\"auto, (max-width: 800px) 100vw, 800px\" \/><\/p>\n<h3><span style=\"color: #000000\"><strong>* H\u1ec7 th\u1ed1ng dao b\u0103m\u00a0<\/strong><\/span><\/h3>\n<p><span style=\"color: #000000\">&#8211; H\u1ec7 th\u1ed1ng dao b\u0103m bu\u1ed3ng l\u00e0m vi\u1ec7c c\u1ee7a m\u00e1y g\u1ed3m 4 dao b\u0103m g\u1ed7, 3 dao b\u0103m c\u00e0nh, 12 b\u00faa nghi\u1ec1n v\u00e0 1 b\u00e1nh \u0111\u00e0 c\u00f9ng m\u1eb7t s\u00e0ng l\u1eafp trong m\u00e1y. T\u1ea1o m\u1ed9t l\u1ef1c b\u0103m m\u1ea1nh trong qu\u00e1 tr\u00ecnh ho\u1ea1t \u0111\u1ed9ng.\u00a0<\/span><\/p>\n<p><span style=\"color: #000000\">&#8211; S\u1eed d\u1ee5ng \u0111\u1ea7u n\u1ed5 v\u1edbi c\u00f4ng su\u1ea5t D24 v\u1eadn h\u00e0nh m\u00e1y. Qua \u0111\u00f3, ng\u01b0\u1eddi d\u00f9ng c\u00f3 th\u1ec3 ch\u1ee7 \u0111\u1ed9ng v\u1eadn h\u00e0nh m\u00e1y \u1edf m\u1ecdi n\u01a1i kh\u00f4ng ph\u1ea3i ph\u1ee5 thu\u1ed9c v\u00e0o ngu\u1ed3n \u0111i\u1ec7n, hay lo \u0111i\u1ec7n y\u1ebfu kh\u00f4ng \u0111\u1ee7 t\u1ea3i.\u00a0<\/span><\/p>\n<h3><span style=\"color: #000000\"><strong>* Khung b\u1ec7 \u0111\u1ee1 m\u00e1y\u00a0<\/strong><\/span><\/h3>\n<p><span style=\"color: #000000\">&#8211; Ph\u1ea7n khung \u0111\u01b0\u1ee3c gia c\u00f4ng h\u00e0n ch\u1eb7t t\u1ea1o k\u1ebft c\u1ea5u ch\u1eafc ch\u1eafn\u00a0v\u1edbi ph\u1ea7n b\u1ec7 h\u00ecnh h\u1ed9p d\u00e0y 4ly t\u0103ng \u0111\u1ed9 b\u00ean v\u00e0 k\u00e9o d\u00e0i tu\u1ed5i th\u1ecd c\u1ee7a m\u00e1y.\u00a0<\/span><\/p>\n<p><span style=\"color: #000000\">&#8211; Ngo\u00e0i ra, m\u00e1y c\u00f2n \u0111\u01b0\u1ee3c l\u1eafp \u0111\u1eb7t b\u00e1nh xe v\u00e0 tay k\u00e9p thu\u1eadn ti\u1ec7n vi\u1ec7c di chuy\u1ec3n v\u1ecb tr\u00ed \u0111\u1eb7t m\u00e1y.\u00a0<\/span><\/p>\n<p><span style=\"color: #000000\">&#8211; B\u00e1nh xe l\u1edbn \u0111\u01b0\u1eddng k\u00ednh 55 cm, \u1ed1p b\u00e1nh xe d\u00e0y 1 ly<\/span><\/p>\n<h2><span style=\"color: #000000\"><strong>\u01afu \u0111i\u1ec3m<\/strong><\/span><\/h2>\n<p><span style=\"color: #000000\">M\u00e1y b\u0103m \u0111\u01b0\u1ee3c \u0111a d\u1ea1ng c\u00e1c lo\u1ea1i nguy\u00ean li\u1ec7u nh\u01b0:<\/span><\/p>\n<ul>\n<li><span style=\"color: #000000\">Th\u00e2n c\u00e2y g\u1ed7, c\u00e0nh c\u00e2y, v\u00e1n b\u00f3c, \u0111\u1ea7u m\u1ea9u, palet, v\u00e1n \u00e9p,\u2026.<\/span><\/li>\n<li><span style=\"color: #000000\">V\u1ecf d\u1eeba, b\u00e3 m\u00eda, tre, r\u01a1m, m\u00eda,\u2026<\/span><\/li>\n<li><span style=\"color: #000000\">D\u01b0\u1ee3c li\u1ec7u, qu\u1ebf, n\u1ea5m, ng\u00f4, th\u00f3c,<\/span><\/li>\n<\/ul>\n<h2><span style=\"color: #000000\"><strong>Th\u00f4ng s\u1ed1 k\u1ef9 thu\u1eadt<\/strong><\/span><\/h2>\n<p><img loading=\"lazy\" decoding=\"async\" class=\"size-full wp-image-6674 aligncenter\" src=\"https:\/\/congtybinhminh.com\/wp-content\/uploads\/2022\/02\/2022-02-12_8-23-45.jpg\" alt=\"thong-so-2t\" width=\"800\" height=\"365\" srcset=\"https:\/\/congtybinhminh.com\/wp-content\/uploads\/2022\/02\/2022-02-12_8-23-45.jpg 800w, https:\/\/congtybinhminh.com\/wp-content\/uploads\/2022\/02\/2022-02-12_8-23-45-510x233.jpg 510w, https:\/\/congtybinhminh.com\/wp-content\/uploads\/2022\/02\/2022-02-12_8-23-45-768x350.jpg 768w\" sizes=\"auto, (max-width: 800px) 100vw, 800px\" \/><\/p>\n","protected":false},"excerpt":{"rendered":"<ul>\n<li><strong><span style=\"color: #ed1c24\">C\u00f4ng su\u1ea5t \u0111\u1ed3ng c\u01a1<\/span>:<\/strong>\u00a0\u0110\u1ea7u n\u1ed5 D24<\/li>\n<li><strong><span style=\"color: #ed1c24\">Tr\u1ecdng l\u01b0\u1ee3ng<\/span>:<\/strong>\u00a0474 kg<\/li>\n<li><strong><span style=\"color: #ed1c24\">K\u00edch th\u01b0\u1edbc (D*C*R)<\/span>:<\/strong>\u00a0245*118*124 cm<\/li>\n<li><strong><span style=\"color: #ed1c24\">T\u00ednh n\u0103ng<\/span>:<\/strong>\u00a0Chuy\u00ean d\u00f9ng b\u0103m nh\u1ecf c\u00e1c lo\u1ea1i g\u1ed7 c\u00f4ng nghi\u1ec7p, g\u1ed7 th\u1ea3i<span style=\"color: #000000\">, v\u00e1n b\u00f3c, c\u00e0n<\/span>h c\u00e2y..<\/li>\n<\/ul>\n","protected":false},"featured_media":9567,"comment_status":"closed","ping_status":"closed","template":"","meta":[],"product_brand":[],"product_cat":[41],"product_tag":[106,87,117,116],"class_list":{"0":"post-6671","1":"product","2":"type-product","3":"status-publish","4":"has-post-thumbnail","6":"product_cat-may-bam-go","7":"product_tag-may-bam-da-nang","8":"product_tag-may-bam-go","9":"product_tag-may-bam-go-binh-minh","10":"product_tag-may-bam-go-dau-no","12":"first","13":"instock","14":"shipping-taxable","15":"product-type-simple"},"_links":{"self":[{"href":"https:\/\/congtybinhminh.com\/index.php?rest_route=\/wp\/v2\/product\/6671","targetHints":{"allow":["GET"]}}],"collection":[{"href":"https:\/\/congtybinhminh.com\/index.php?rest_route=\/wp\/v2\/product"}],"about":[{"href":"https:\/\/congtybinhminh.com\/index.php?rest_route=\/wp\/v2\/types\/product"}],"replies":[{"embeddable":true,"href":"https:\/\/congtybinhminh.com\/index.php?rest_route=%2Fwp%2Fv2%2Fcomments&post=6671"}],"wp:featuredmedia":[{"embeddable":true,"href":"https:\/\/congtybinhminh.com\/index.php?rest_route=\/wp\/v2\/media\/9567"}],"wp:attachment":[{"href":"https:\/\/congtybinhminh.com\/index.php?rest_route=%2Fwp%2Fv2%2Fmedia&parent=6671"}],"wp:term":[{"taxonomy":"product_brand","embeddable":true,"href":"https:\/\/congtybinhminh.com\/index.php?rest_route=%2Fwp%2Fv2%2Fproduct_brand&post=6671"},{"taxonomy":"product_cat","embeddable":true,"href":"https:\/\/congtybinhminh.com\/index.php?rest_route=%2Fwp%2Fv2%2Fproduct_cat&post=6671"},{"taxonomy":"product_tag","embeddable":true,"href":"https:\/\/congtybinhminh.com\/index.php?rest_route=%2Fwp%2Fv2%2Fproduct_tag&post=6671"}],"curies":[{"name":"wp","href":"https:\/\/api.w.org\/{rel}","templated":true}]}}