{"id":6647,"date":"2022-01-02T09:20:32","date_gmt":"2022-01-02T02:20:32","guid":{"rendered":"https:\/\/congtybinhminh.com\/?post_type=product&#038;p=6647"},"modified":"2024-04-29T10:53:42","modified_gmt":"2024-04-29T03:53:42","slug":"may-tron-thuc-an-chan-nuoi-mt300","status":"publish","type":"product","link":"https:\/\/congtybinhminh.com\/?product=may-tron-thuc-an-chan-nuoi-mt300","title":{"rendered":"M\u00e1y tr\u1ed9n th\u1ee9c \u0103n ch\u0103n nu\u00f4i MT300"},"content":{"rendered":"<p><span style=\"color: #000000\"><strong>Xem video tr\u1ef1c ti\u1ebfp t\u1ea1i \u0111\u00e2y:<\/strong><\/span><\/p>\n<p><iframe loading=\"lazy\" title=\"M\u00e1y B\u0103m C\u1ecf 6T K\u1ebft H\u1ee3p M\u00e1y Tr\u1ed9n Ph\u1ee5c V\u1ee5 Cho Trang Tr\u1ea1i Nu\u00f4i B\u00f2\" width=\"1020\" height=\"574\" src=\"https:\/\/www.youtube.com\/embed\/lF1-S9mBX4A?feature=oembed\" frameborder=\"0\" allow=\"accelerometer; autoplay; clipboard-write; encrypted-media; gyroscope; picture-in-picture; web-share\" referrerpolicy=\"strict-origin-when-cross-origin\" allowfullscreen><\/iframe><\/p>\n<p><span style=\"color: #000000\">Ng\u00e0y nay nhu c\u1ea7u t\u1ef1 ch\u1ebf bi\u1ebfn th\u1ee9c \u0103n ch\u0103n nu\u00f4i ng\u00e0y c\u00e0ng cao nh\u1ea5t l\u00e0 \u0111\u1ed1i v\u1edbi c\u00e1c trang tr\u1ea1i l\u1edbn. Trong \u0111\u00f3 vi\u1ec7c ph\u1ed1i tr\u1ed9n \u0111\u1ec1u h\u00e0ng t\u1ea7n nguy\u00ean li\u1ec7u m\u1ed7i ng\u00e0y l\u00e0 c\u00f4ng vi\u1ec7c ti\u00eau t\u1ed1n nhi\u1ec1u th\u1eddi gian v\u00e0 c\u00f4ng s\u1ee9c, b\u1edfi v\u1eady c\u00f4ng ty TNHH B\u00ecnh Minh \u0111\u00e3 cho ra m\u1eaft s\u1ea3n ph\u1ea9m m\u00e1y tr\u1ed9n n\u0103ng su\u1ea5t cao, \u0111\u00f3 l\u00e0 M\u00e1y Tr\u1ed9n Nguy\u00ean li\u1ec7u 300 kg\/m\u1ebb.<\/span><\/p>\n<p><img loading=\"lazy\" decoding=\"async\" class=\"aligncenter wp-image-9678 size-full\" src=\"https:\/\/congtybinhminh.com\/wp-content\/uploads\/2022\/01\/may-tron-bot-cong-nghiep-MT300-binh-minh_result222.webp\" alt=\"may-tron-bot-cong-nghiep-MT300-binh-minh_result222\" width=\"800\" height=\"600\" srcset=\"https:\/\/congtybinhminh.com\/wp-content\/uploads\/2022\/01\/may-tron-bot-cong-nghiep-MT300-binh-minh_result222.webp 800w, https:\/\/congtybinhminh.com\/wp-content\/uploads\/2022\/01\/may-tron-bot-cong-nghiep-MT300-binh-minh_result222-533x400.webp 533w, https:\/\/congtybinhminh.com\/wp-content\/uploads\/2022\/01\/may-tron-bot-cong-nghiep-MT300-binh-minh_result222-768x576.webp 768w, https:\/\/congtybinhminh.com\/wp-content\/uploads\/2022\/01\/may-tron-bot-cong-nghiep-MT300-binh-minh_result222-510x383.webp 510w\" sizes=\"auto, (max-width: 800px) 100vw, 800px\" \/><\/p>\n<p><span style=\"color: #000000\">V\u1edbi n\u0103ng su\u1ea5t c\u1ef1c kh\u1ee7ng n\u00e0y m\u00e1y ph\u00f9 h\u1ee3p v\u1edbi c\u00e1c trang tr\u1ea1i ch\u0103n nu\u00f4i l\u1edbn ho\u1eb7c c\u00e1c c\u01a1 s\u1edf kinh doanh th\u1ee9c \u0103n ch\u0103n nu\u00f4i. <\/span><span style=\"color: #000000\">M\u00e1y gi\u00fap tr\u1ed9n \u0111\u1ec1u \u0111a dang c\u00e1c lo\u1ea1i nguy\u00ean li\u1ec7u nh\u01b0:<\/span><\/p>\n<p><img loading=\"lazy\" decoding=\"async\" class=\"aligncenter wp-image-9674 size-full\" src=\"https:\/\/congtybinhminh.com\/wp-content\/uploads\/2022\/01\/dao-bot-cam_result222.webp\" alt=\"dao-bot-cam_result222\" width=\"800\" height=\"656\" srcset=\"https:\/\/congtybinhminh.com\/wp-content\/uploads\/2022\/01\/dao-bot-cam_result222.webp 800w, https:\/\/congtybinhminh.com\/wp-content\/uploads\/2022\/01\/dao-bot-cam_result222-488x400.webp 488w, https:\/\/congtybinhminh.com\/wp-content\/uploads\/2022\/01\/dao-bot-cam_result222-768x630.webp 768w, https:\/\/congtybinhminh.com\/wp-content\/uploads\/2022\/01\/dao-bot-cam_result222-510x418.webp 510w\" sizes=\"auto, (max-width: 800px) 100vw, 800px\" \/><\/p>\n<ul>\n<li><span style=\"color: #000000\">Tr\u1ed9n th\u1ef1c ph\u1ea9m: b\u1ed9t m\u1ef3, b\u1ed9t g\u1ea1o, ng\u0169 c\u1ed1c, h\u01b0\u01a1ng li\u1ec7u, ph\u1ee5 gia, gia v\u1ecb,\u2026(n\u00ean s\u1eed d\u1ee5ng m\u00e1y l\u00e0m b\u1eb1ng inox \u0111\u1ec3 \u0111\u1ea3m b\u1ea3o an to\u00e1n v\u1ec7 sinh th\u1ef1c ph\u1ea9m)<\/span><\/li>\n<li><span style=\"color: #000000\">Tr\u1ed9n th\u1ee9c \u0103n ch\u0103n nu\u00f4i: c\u00e1m g\u1ea1o, ng\u00f4, \u0111\u1ed7 t\u01b0\u01a1ng, rau, c\u00e1, \u1ed1c,\u2026<\/span><\/li>\n<\/ul>\n<h2>C\u1ea5u t\u1ea1o m\u00e1y tr\u1ed9n th\u1ee9c \u0103n ch\u0103n nu\u00f4i MT300<\/h2>\n<p><span style=\"color: #000000\">M\u00e1y tr\u1ed9n tr\u1ef1c nn\u1eb1m ngang gi\u00fap ng\u01b0\u1eddi d\u00f9ng c\u00f3 th\u1ec3 d\u1ec5 d\u00e0ng c\u1ea5p nguy\u00ean li\u1ec7u v\u00e0o bu\u1ed3ng l\u00e0m vi\u1ec7c\u00a0 l\u1eafp \u0111\u1eb7t \u1edf c\u1ea3 nh\u1eefng nh\u00e0 x\u01b0\u1edfng kh\u00f4ng c\u00f3 m\u00e1i cao.<\/span><\/p>\n<p><img loading=\"lazy\" decoding=\"async\" class=\"aligncenter wp-image-9675 size-full\" src=\"https:\/\/congtybinhminh.com\/wp-content\/uploads\/2022\/01\/cau-tao-may-tron-thuc-an-chan-nuoi-mt300-copy_result222.webp\" alt=\"cau-tao-may-tron-thuc-an-chan-nuoi-mt300 copy_result222\" width=\"800\" height=\"644\" srcset=\"https:\/\/congtybinhminh.com\/wp-content\/uploads\/2022\/01\/cau-tao-may-tron-thuc-an-chan-nuoi-mt300-copy_result222.webp 800w, https:\/\/congtybinhminh.com\/wp-content\/uploads\/2022\/01\/cau-tao-may-tron-thuc-an-chan-nuoi-mt300-copy_result222-497x400.webp 497w, https:\/\/congtybinhminh.com\/wp-content\/uploads\/2022\/01\/cau-tao-may-tron-thuc-an-chan-nuoi-mt300-copy_result222-768x618.webp 768w, https:\/\/congtybinhminh.com\/wp-content\/uploads\/2022\/01\/cau-tao-may-tron-thuc-an-chan-nuoi-mt300-copy_result222-510x411.webp 510w\" sizes=\"auto, (max-width: 800px) 100vw, 800px\" \/><\/p>\n<p><span style=\"color: #000000\">M\u00e1y s\u1eed d\u1ee5ng 1 \u0111\u1ed9ng c\u01a1 7.5kw \u0111i\u1ec7n 380v 3 pha, truy\u1ec1n l\u1ef1c qua h\u1ed9p s\u1ed1 gi\u1ea3m t\u1ed1c t\u0103ng kh\u1ea3 n\u0103ng k\u00e9o kh\u1ecfe h\u01a1n r\u1ea5t nhi\u1ec1u so v\u1edbi g\u1eafn m\u00f4 t\u01a1 tr\u1ef1c ti\u1ebfp, \u0111\u1eb7c bi\u1ec7t tr\u00e1nh \u0111\u01b0\u1ee3c t\u00ecnh tr\u1ea1ng ch\u00e1y m\u00f4 t\u01a1 khi qu\u00e1 t\u1ea3i tr\u1ecdng, \u0111\u1ea1t s\u1ed1 v\u00f2ng tr\u1ed9n theo y\u00eau c\u1ea7u.<\/span><\/p>\n<p><img loading=\"lazy\" decoding=\"async\" class=\"aligncenter wp-image-9677 size-full\" src=\"https:\/\/congtybinhminh.com\/wp-content\/uploads\/2022\/01\/canh-dao-tron_result222.webp\" alt=\"canh-dao-tron_result222\" width=\"800\" height=\"600\" srcset=\"https:\/\/congtybinhminh.com\/wp-content\/uploads\/2022\/01\/canh-dao-tron_result222.webp 800w, https:\/\/congtybinhminh.com\/wp-content\/uploads\/2022\/01\/canh-dao-tron_result222-533x400.webp 533w, https:\/\/congtybinhminh.com\/wp-content\/uploads\/2022\/01\/canh-dao-tron_result222-768x576.webp 768w, https:\/\/congtybinhminh.com\/wp-content\/uploads\/2022\/01\/canh-dao-tron_result222-510x383.webp 510w\" sizes=\"auto, (max-width: 800px) 100vw, 800px\" \/><\/p>\n<p><span style=\"color: #000000\">Khi v\u1eadn h\u00e0nh h\u1ec7 th\u1ed1ng c\u00e1nh \u0111\u1ea3o quay tr\u00f2n\u00a0 gi\u00fap m\u00e1y \u0111\u1ea3o v\u00e0 tr\u1ed9n \u0111\u1ec1u c\u00e1c nguy\u00ean li\u1ec7u trong bu\u1ed3ng tr\u1ed9n. Bu\u1ed3ng tr\u1ed9n to r\u1ed9ng c\u00f3 k\u00edch th\u1ee9c chi\u1ec1u d\u00e0i l\u00e0 160 cm, chi\u1ec1u r\u1ed9ng 90cm v\u00e0 chi\u1ec1u s\u00e2u l\u00e0 110cm.<\/span><\/p>\n<p><span style=\"color: #000000\">V\u1edbi th\u1ec3 t\u00edch to r\u1ed9ng m\u00e1y cho n\u0103ng su\u1ea5t h\u00e0ng t\u1ea5n\/gi\u1edd, v\u1eeba ti\u1ebft ki\u1ec7m th\u1eddi gian, v\u1eeba ti\u1ebft ki\u1ec7m nh\u1eadn c\u00f4ng.<\/span><\/p>\n<p><img loading=\"lazy\" decoding=\"async\" class=\"aligncenter wp-image-9676 size-full\" src=\"https:\/\/congtybinhminh.com\/wp-content\/uploads\/2022\/01\/cua-xa_result222.webp\" alt=\"cua-xa_result222\" width=\"800\" height=\"600\" srcset=\"https:\/\/congtybinhminh.com\/wp-content\/uploads\/2022\/01\/cua-xa_result222.webp 800w, https:\/\/congtybinhminh.com\/wp-content\/uploads\/2022\/01\/cua-xa_result222-533x400.webp 533w, https:\/\/congtybinhminh.com\/wp-content\/uploads\/2022\/01\/cua-xa_result222-768x576.webp 768w, https:\/\/congtybinhminh.com\/wp-content\/uploads\/2022\/01\/cua-xa_result222-510x383.webp 510w\" sizes=\"auto, (max-width: 800px) 100vw, 800px\" \/><\/p>\n<p><span style=\"color: #000000\">C\u1eeda x\u1ea3 th\u00e0nh ph\u1ea9m d\u01b0\u1edbi \u0111\u00e0y bu\u1ed3ng tr\u1ed9n \u0111\u01b0\u1ee3c thi\u1ebft k\u1ebf th\u00eam thanh ch\u1eafn, vi\u1ec7c x\u1ea3 th\u00e0nh ph\u1ea9m ra c\u1ef1c k\u1ef3 d\u1ec5 d\u00e0ng ch\u1ec9 c\u1ea7n k\u00e9o thanh ch\u1eafn,l\u00e0 nguy\u00ean li\u1ec7u s\u1ebd t\u1ef1 \u0111\u1ed9ng r\u01a1i ra ngo\u00e0i.<\/span><\/p>\n<h2><strong><span style=\"color: #000000\">Th\u00f4ng s\u1ed1 k\u1ef9 thu\u1eadt<\/span><\/strong><\/h2>\n<table border=\"1\">\n<tbody>\n<tr>\n<td><span style=\"color: #000000\">C\u00f4ng su\u1ea5t<\/span><\/td>\n<td><span style=\"color: #000000\">7.5kW<\/span><\/td>\n<\/tr>\n<tr>\n<td><span style=\"color: #000000\">Ngu\u1ed3n \u0111i\u1ec7n<\/span><\/td>\n<td><span style=\"color: #000000\">380V<\/span><\/td>\n<\/tr>\n<tr>\n<td><span style=\"color: #000000\">N\u0103ng su\u1ea5t<\/span><\/td>\n<td><span style=\"color: #000000\">1200 kg\/h<\/span><\/td>\n<\/tr>\n<tr>\n<td><span style=\"color: #000000\">Tr\u1ecdng l\u01b0\u1ee3ng nguy\u00ean b\u1ed9<\/span><\/td>\n<td><span style=\"color: #000000\">628 kg<\/span><\/td>\n<\/tr>\n<tr>\n<td><span style=\"color: #000000\">K\u00edch th\u01b0\u1edbc (D*C*R)<\/span><\/td>\n<td><span style=\"color: #000000\">210*180*99 cm<\/span><\/td>\n<\/tr>\n<tr>\n<td><span style=\"color: #000000\">K\u00edch th\u01b0\u1edbc bu\u1ed3ng (D*R*S)<\/span><\/td>\n<td><span style=\"color: #000000\">160*90*110 cm<\/span><\/td>\n<\/tr>\n<\/tbody>\n<\/table>\n<p>&nbsp;<\/p>\n","protected":false},"excerpt":{"rendered":"<ul>\n<li><strong>H\u00e3ng s\u1ea3n xu\u1ea5t :<\/strong>\u00a0B\u00ecnh Minh<\/li>\n<li><strong>C\u00f4ng su\u1ea5t \u0111\u1ed9ng c\u01a1<\/strong>\u00a0: 7,5kw<\/li>\n<li><strong>Ngu\u1ed3n \u0111i\u1ec7n<\/strong>\u00a0: 380V<\/li>\n<li><strong>N\u0103ng su\u1ea5t :<\/strong>\u00a03 t\u1ea1\/gi\u1edd<\/li>\n<li><strong>K\u00edch th\u01b0\u1edbc :<\/strong>\u00a0210*180*99 cm<\/li>\n<li><strong>T\u00ednh n\u0103ng :<\/strong>\u00a0M\u00e1y chuy\u00ean d\u00f9ng tr\u1ed9n c\u00e1c lo\u1ea1i nguy\u00ean li\u1ec7u s\u1ed1 l\u01b0\u1ee3ng l\u1edbn<\/li>\n<\/ul>\n","protected":false},"featured_media":9671,"comment_status":"closed","ping_status":"closed","template":"","meta":[],"product_brand":[],"product_cat":[98],"product_tag":[110,112,111,109,99],"class_list":{"0":"post-6647","1":"product","2":"type-product","3":"status-publish","4":"has-post-thumbnail","6":"product_cat-may-tron","7":"product_tag-may-tron-binh-minh","8":"product_tag-may-tron-chinh-hang","9":"product_tag-may-tron-nang-suat-cao","10":"product_tag-may-tron-ngang","11":"product_tag-may-tron-nguyen-lieu","13":"first","14":"instock","15":"shipping-taxable","16":"product-type-simple"},"_links":{"self":[{"href":"https:\/\/congtybinhminh.com\/index.php?rest_route=\/wp\/v2\/product\/6647","targetHints":{"allow":["GET"]}}],"collection":[{"href":"https:\/\/congtybinhminh.com\/index.php?rest_route=\/wp\/v2\/product"}],"about":[{"href":"https:\/\/congtybinhminh.com\/index.php?rest_route=\/wp\/v2\/types\/product"}],"replies":[{"embeddable":true,"href":"https:\/\/congtybinhminh.com\/index.php?rest_route=%2Fwp%2Fv2%2Fcomments&post=6647"}],"wp:featuredmedia":[{"embeddable":true,"href":"https:\/\/congtybinhminh.com\/index.php?rest_route=\/wp\/v2\/media\/9671"}],"wp:attachment":[{"href":"https:\/\/congtybinhminh.com\/index.php?rest_route=%2Fwp%2Fv2%2Fmedia&parent=6647"}],"wp:term":[{"taxonomy":"product_brand","embeddable":true,"href":"https:\/\/congtybinhminh.com\/index.php?rest_route=%2Fwp%2Fv2%2Fproduct_brand&post=6647"},{"taxonomy":"product_cat","embeddable":true,"href":"https:\/\/congtybinhminh.com\/index.php?rest_route=%2Fwp%2Fv2%2Fproduct_cat&post=6647"},{"taxonomy":"product_tag","embeddable":true,"href":"https:\/\/congtybinhminh.com\/index.php?rest_route=%2Fwp%2Fv2%2Fproduct_tag&post=6647"}],"curies":[{"name":"wp","href":"https:\/\/api.w.org\/{rel}","templated":true}]}}