{"id":6632,"date":"2021-12-28T15:22:01","date_gmt":"2021-12-28T08:22:01","guid":{"rendered":"https:\/\/congtybinhminh.com\/?post_type=product&#038;p=6632"},"modified":"2024-02-19T16:24:03","modified_gmt":"2024-02-19T09:24:03","slug":"may-bam-co-g400","status":"publish","type":"product","link":"https:\/\/congtybinhminh.com\/?product=may-bam-co-g400","title":{"rendered":"M\u00e1y b\u0103m c\u1ecf n\u1eb1m G400"},"content":{"rendered":"<h2><strong><span style=\"color: #000000\">Video ho\u1ea1t \u0111\u1ed9ng c\u1ee7a m\u00e1y\u00a0<\/span><\/strong><\/h2>\n<p><iframe loading=\"lazy\" title=\"C\u00f4ng Ty B\u00ecnh Minh: M\u00e1y B\u0103m C\u1ecf Voi G400 B\u0103m \u0110\u1ebfn 3 T\u1ea5n Gi\u1edd\" width=\"1020\" height=\"574\" src=\"https:\/\/www.youtube.com\/embed\/vNP0qIUijTE?feature=oembed\" frameborder=\"0\" allow=\"accelerometer; autoplay; clipboard-write; encrypted-media; gyroscope; picture-in-picture; web-share\" allowfullscreen><\/iframe><\/p>\n<h2><strong><span style=\"color: #000000\">Gi\u1edbi thi\u1ec7u m\u00e1y b\u0103m c\u1ecf n\u1eb1m G400\u00a0<\/span><\/strong><\/h2>\n<p><span style=\"color: #000000\">M\u00e1y b\u0103m c\u1ecf n\u1eb1m G400 l\u00e0 1 trong nh\u1eefng d\u00f2ng m\u00e1y b\u0103m c\u1ecf m\u1edbi nh\u1ea5t \u0111\u01b0\u1ee3c c\u00f4ng ty B\u00ecnh Minh nghi\u00ean c\u1ee9u v\u00e0 cho ra \u0111\u1eddi.<\/span><\/p>\n<p><span style=\"color: #000000\"> M\u00e1y c\u00f3 th\u1ec3 b\u0103m nh\u1ecf c\u1ecf voi, th\u00e2n ng\u00f4,ng\u1ecdn m\u00eda, \u2026l\u00e0m th\u1ee9c \u0103n xanh d\u00e0nh cho c\u00e1c v\u1eadt nu\u00f4i nh\u01b0 tr\u00e2u, b\u00f2, d\u00ea, ng\u1ef1a,\u2026<\/span><\/p>\n<p><img loading=\"lazy\" decoding=\"async\" class=\"size-full wp-image-6747 aligncenter\" src=\"https:\/\/congtybinhminh.com\/wp-content\/uploads\/2021\/12\/may-bam-co-g400-1.jpg\" alt=\"may-bam-co-g400\" width=\"800\" height=\"600\" srcset=\"https:\/\/congtybinhminh.com\/wp-content\/uploads\/2021\/12\/may-bam-co-g400-1.jpg 800w, https:\/\/congtybinhminh.com\/wp-content\/uploads\/2021\/12\/may-bam-co-g400-1-510x383.jpg 510w, https:\/\/congtybinhminh.com\/wp-content\/uploads\/2021\/12\/may-bam-co-g400-1-533x400.jpg 533w, https:\/\/congtybinhminh.com\/wp-content\/uploads\/2021\/12\/may-bam-co-g400-1-768x576.jpg 768w\" sizes=\"auto, (max-width: 800px) 100vw, 800px\" \/><\/p>\n<p>M\u00e1y b\u0103m c\u1ecf 3 pha d\u00f9ng \u0111\u1ed9ng c\u01a1 11kw cho n\u0103ng su\u1ea5t \u0111\u1ea1t kho\u1ea3ng 3 &#8211; 4 t\u1ea5n\/gi\u1edd th\u00edch h\u1ee3p s\u1eed d\u1ee5ng t\u1ea1i c\u00e1c h\u1ed9 gia \u0111\u00ecnh hay trang tr\u1ea1i ch\u0103n nu\u00f4i quy m\u00f4 v\u1eeba v\u00e0 l\u1edbn<\/p>\n<p><img loading=\"lazy\" decoding=\"async\" class=\"aligncenter wp-image-9219 size-full\" src=\"https:\/\/congtybinhminh.com\/wp-content\/uploads\/2021\/12\/bam-co-cho-bo_result222.webp\" alt=\"bam-co-cho-bo_result222\" width=\"800\" height=\"748\" srcset=\"https:\/\/congtybinhminh.com\/wp-content\/uploads\/2021\/12\/bam-co-cho-bo_result222.webp 800w, https:\/\/congtybinhminh.com\/wp-content\/uploads\/2021\/12\/bam-co-cho-bo_result222-510x477.webp 510w, https:\/\/congtybinhminh.com\/wp-content\/uploads\/2021\/12\/bam-co-cho-bo_result222-428x400.webp 428w, https:\/\/congtybinhminh.com\/wp-content\/uploads\/2021\/12\/bam-co-cho-bo_result222-768x718.webp 768w\" sizes=\"auto, (max-width: 800px) 100vw, 800px\" \/><\/p>\n<p>Th\u00e0nh ph\u1ea9m sau khi b\u0103m c\u00f3 th\u1ec3 cho v\u1eadt nu\u00f4i \u0103n ngay ho\u1eb7c \u1ee7 chua d\u00f9ng d\u1ea7n<\/p>\n<p><img loading=\"lazy\" decoding=\"async\" class=\"aligncenter wp-image-9220 size-full\" src=\"https:\/\/congtybinhminh.com\/wp-content\/uploads\/2021\/12\/may-bam-mia_result222.webp\" alt=\"may-bam-mia_result222\" width=\"800\" height=\"748\" srcset=\"https:\/\/congtybinhminh.com\/wp-content\/uploads\/2021\/12\/may-bam-mia_result222.webp 800w, https:\/\/congtybinhminh.com\/wp-content\/uploads\/2021\/12\/may-bam-mia_result222-510x477.webp 510w, https:\/\/congtybinhminh.com\/wp-content\/uploads\/2021\/12\/may-bam-mia_result222-428x400.webp 428w, https:\/\/congtybinhminh.com\/wp-content\/uploads\/2021\/12\/may-bam-mia_result222-768x718.webp 768w\" sizes=\"auto, (max-width: 800px) 100vw, 800px\" \/><\/p>\n<p>Chi\u1ebfc m\u00e1y \u0111a n\u0103ng b\u0103m \u0111\u01b0\u1ee3c \u0111a d\u1ea1ng nguy\u00ean li\u1ec7u kh\u00f4ng ch\u1ec9 g\u00f3p ph\u1ea7n ti\u1ebft ki\u1ec7m chi ph\u00ed m\u00e0 c\u00f2n g\u00f3p ph\u1ea7n h\u1ed7 tr\u1ee3 b\u00e0 con ch\u0103n nu\u00f4i hi\u1ec7u qu\u1ea3<\/p>\n<h2><strong><span style=\"color: #000000\">C\u1ea5u t\u1ea1o c\u1ee7a m\u00e1y b\u0103m c\u1ecf G400<\/span><\/strong><\/h2>\n<p><span style=\"color: #000000\">Khung m\u00e1y ch\u1eafc ch\u1eafn, \u0111\u01b0\u1ee3c thi\u1ebft k\u1ebf 4 b\u00e1nh xe thu\u1eadn ti\u1ec7n cho qu\u00e1 tr\u00ecnh di chuy\u1ec3n v\u1ecb tr\u00ed \u0111\u1eb7t m\u00e1y\u00a0<\/span><\/p>\n<p><img loading=\"lazy\" decoding=\"async\" class=\"size-full wp-image-6750 aligncenter\" src=\"https:\/\/congtybinhminh.com\/wp-content\/uploads\/2021\/12\/CAU-TAO-MAY-BAM-CO-G400.jpg\" alt=\"CAU-TAO-MAY-BAM-CO-G400\" width=\"800\" height=\"620\" srcset=\"https:\/\/congtybinhminh.com\/wp-content\/uploads\/2021\/12\/CAU-TAO-MAY-BAM-CO-G400.jpg 800w, https:\/\/congtybinhminh.com\/wp-content\/uploads\/2021\/12\/CAU-TAO-MAY-BAM-CO-G400-510x395.jpg 510w, https:\/\/congtybinhminh.com\/wp-content\/uploads\/2021\/12\/CAU-TAO-MAY-BAM-CO-G400-516x400.jpg 516w, https:\/\/congtybinhminh.com\/wp-content\/uploads\/2021\/12\/CAU-TAO-MAY-BAM-CO-G400-768x595.jpg 768w\" sizes=\"auto, (max-width: 800px) 100vw, 800px\" \/><\/p>\n<p><span style=\"color: #000000\">M\u00e1y b\u0103m c\u1ecf n\u1eb1m G400 thi\u1ebft k\u1ebf h\u1ec7 th\u1ed1ng b\u0103ng t\u1ea3i, t\u1ef1 \u0111\u1ed9ng \u0111\u01b0a nguy\u00ean li\u1ec7u v\u00e0o bu\u1ed3ng b\u0103m m\u00e0 ng\u01b0\u1eddi d\u00f9ng kh\u00f4ng ph\u1ea3i d\u00f9ng tay \u0111\u1ec3 \u0111\u01b0a tr\u1ef1c ti\u1ebfp nguy\u00ean li\u1ec7u v\u00e0o toa<\/span><\/p>\n<p><img loading=\"lazy\" decoding=\"async\" class=\"aligncenter wp-image-9223 size-full\" src=\"https:\/\/congtybinhminh.com\/wp-content\/uploads\/2021\/12\/may-bam-co-co-bang-tai_result222.webp\" alt=\"may-bam-co-co-bang-tai_result222\" width=\"800\" height=\"614\" srcset=\"https:\/\/congtybinhminh.com\/wp-content\/uploads\/2021\/12\/may-bam-co-co-bang-tai_result222.webp 800w, https:\/\/congtybinhminh.com\/wp-content\/uploads\/2021\/12\/may-bam-co-co-bang-tai_result222-510x391.webp 510w, https:\/\/congtybinhminh.com\/wp-content\/uploads\/2021\/12\/may-bam-co-co-bang-tai_result222-521x400.webp 521w, https:\/\/congtybinhminh.com\/wp-content\/uploads\/2021\/12\/may-bam-co-co-bang-tai_result222-768x589.webp 768w\" sizes=\"auto, (max-width: 800px) 100vw, 800px\" \/><\/p>\n<p><span style=\"color: #000000\">B\u0103ng t\u1ea3i \u0111\u01b0\u1ee3c thi\u1ebft k\u1ebf n\u1eb1m ngang, \u0111\u1ed9 cao v\u1eeba t\u1ea7m v\u1edbi ng\u01b0\u1eddi d\u00f9ng an to\u00e0n cho ng\u01b0\u1eddi d\u00f9ng<\/span><\/p>\n<p><span style=\"color: #000000\">C\u1eeda x\u1ea3 c\u00f3 t\u1ea5m ch\u1eafn \u0111i\u1ec1u h\u01b0\u1edbng, ng\u01b0\u1eddi d\u00f9ng c\u00f3 th\u1ec3 \u0111i\u1ec1u ch\u1ec9nh h\u01b0\u1edbng phun c\u1ecf. G\u1eadp t\u1ea5m ch\u1eafn xu\u1ed1ng n\u1ebfu mu\u1ed1n c\u1ecf phun g\u1ea7n v\u00e0 ng\u01b0\u1ee3c l\u1ea1i<\/span><\/p>\n<p><img loading=\"lazy\" decoding=\"async\" class=\"aligncenter wp-image-9222 size-full\" src=\"https:\/\/congtybinhminh.com\/wp-content\/uploads\/2021\/12\/cua-xa-thanh-pham_result222.webp\" alt=\"cua-xa-thanh-pham_result222\" width=\"800\" height=\"438\" srcset=\"https:\/\/congtybinhminh.com\/wp-content\/uploads\/2021\/12\/cua-xa-thanh-pham_result222.webp 800w, https:\/\/congtybinhminh.com\/wp-content\/uploads\/2021\/12\/cua-xa-thanh-pham_result222-510x279.webp 510w, https:\/\/congtybinhminh.com\/wp-content\/uploads\/2021\/12\/cua-xa-thanh-pham_result222-731x400.webp 731w, https:\/\/congtybinhminh.com\/wp-content\/uploads\/2021\/12\/cua-xa-thanh-pham_result222-768x420.webp 768w\" sizes=\"auto, (max-width: 800px) 100vw, 800px\" \/><\/p>\n<p><span style=\"color: #000000\">Ngo\u00e0i c\u1eeda x\u1ea3 ch\u00ednh, m\u00e1y c\u00f2n \u0111\u01b0\u1ee3c trang b\u1ecb th\u00eam c\u1eeda tho\u00e1t nguy\u00ean li\u1ec7u th\u1eeba<\/span><\/p>\n<p><span style=\"color: #000000\">\u0110\u01b0\u1ee3c c\u1ea3i ti\u1ebfn t\u1eeb c\u00e1c d\u00f2ng m\u00e1y b\u0103m c\u1ecf ph\u1ed5 th\u00f4ng tr\u01b0\u1edbc \u0111\u00e2y, m\u00e1y b\u0103m c\u1ecf n\u1eb1m G400 \u0111\u01b0\u1ee3c thi\u1ebft k\u1ebf v\u1edbi 2 bu\u1ed3ng l\u00e0m vi\u1ec7c:\u00a0<\/span><\/p>\n<p><img loading=\"lazy\" decoding=\"async\" class=\"aligncenter wp-image-9224 size-full\" src=\"https:\/\/congtybinhminh.com\/wp-content\/uploads\/2021\/12\/dao-may-bam-co-g400_result222-1.webp\" alt=\"dao-may-bam-co-g400_result222\" width=\"800\" height=\"600\" srcset=\"https:\/\/congtybinhminh.com\/wp-content\/uploads\/2021\/12\/dao-may-bam-co-g400_result222-1.webp 800w, https:\/\/congtybinhminh.com\/wp-content\/uploads\/2021\/12\/dao-may-bam-co-g400_result222-1-510x383.webp 510w, https:\/\/congtybinhminh.com\/wp-content\/uploads\/2021\/12\/dao-may-bam-co-g400_result222-1-533x400.webp 533w, https:\/\/congtybinhminh.com\/wp-content\/uploads\/2021\/12\/dao-may-bam-co-g400_result222-1-768x576.webp 768w\" sizes=\"auto, (max-width: 800px) 100vw, 800px\" \/><\/p>\n<ul>\n<li><span style=\"color: #000000\">1 bu\u1ed3ng chuy\u00ean b\u0103m nh\u1ecf\u00a0c\u1ecf g\u1ed3m 4 dao to 2 l\u01b0\u1ee1i \u0111\u01b0\u1ee3c r\u00e8n s\u1eafc b\u00e9n.\u00a0<\/span><\/li>\n<li><span style=\"color: #000000\">1 bu\u1ed3ng chuy\u00ean d\u00f9ng \u0111\u1eadp d\u1eadp c\u1ecf g\u1ed3m 40 dao tam gi\u00e1c + 40 dao b\u0103m lo\u1ea1i cong<\/span><\/li>\n<\/ul>\n<p><img loading=\"lazy\" decoding=\"async\" class=\"aligncenter wp-image-9221 size-full\" src=\"https:\/\/congtybinhminh.com\/wp-content\/uploads\/2021\/12\/dao-may-bam-co-g400_result222.webp\" alt=\"dao-may-bam-co-g400_result222\" width=\"800\" height=\"450\" srcset=\"https:\/\/congtybinhminh.com\/wp-content\/uploads\/2021\/12\/dao-may-bam-co-g400_result222.webp 800w, https:\/\/congtybinhminh.com\/wp-content\/uploads\/2021\/12\/dao-may-bam-co-g400_result222-510x287.webp 510w, https:\/\/congtybinhminh.com\/wp-content\/uploads\/2021\/12\/dao-may-bam-co-g400_result222-711x400.webp 711w, https:\/\/congtybinhminh.com\/wp-content\/uploads\/2021\/12\/dao-may-bam-co-g400_result222-768x432.webp 768w\" sizes=\"auto, (max-width: 800px) 100vw, 800px\" \/><\/p>\n<p><span style=\"color: #000000\">Qua \u0111\u00f3, s\u1ea3n ph\u1ea9m \u0111\u1ea7u ra kh\u00f4ng ch\u1ec9 m\u1ec1m h\u01a1n m\u00e0 c\u00f2n cho k\u00edch th\u01b0\u1edbc t\u01b0\u01a1ng \u0111\u1ed3ng.<\/span><\/p>\n<p><span style=\"color: #000000\">Gi\u00fap v\u1eadt nu\u00f4i d\u1ec5 \u0103n v\u00e0 ti\u00eau h\u00f3a. T\u1eadn d\u1ee5ng t\u1ed1i \u0111a ngay c\u1ea3 ph\u1ea7n th\u00e2n c\u1ee9ng.\u00a0<\/span><\/p>\n<p><img loading=\"lazy\" decoding=\"async\" class=\"size-full wp-image-7354 aligncenter\" src=\"https:\/\/congtybinhminh.com\/wp-content\/uploads\/2021\/12\/00-G400-sosanh-thanhpham.jpg\" alt=\"\" width=\"800\" height=\"450\" srcset=\"https:\/\/congtybinhminh.com\/wp-content\/uploads\/2021\/12\/00-G400-sosanh-thanhpham.jpg 800w, https:\/\/congtybinhminh.com\/wp-content\/uploads\/2021\/12\/00-G400-sosanh-thanhpham-510x287.jpg 510w, https:\/\/congtybinhminh.com\/wp-content\/uploads\/2021\/12\/00-G400-sosanh-thanhpham-711x400.jpg 711w, https:\/\/congtybinhminh.com\/wp-content\/uploads\/2021\/12\/00-G400-sosanh-thanhpham-768x432.jpg 768w\" sizes=\"auto, (max-width: 800px) 100vw, 800px\" \/><\/p>\n<h2><span style=\"color: #000000\"><strong>M\u00e1y b\u0103m c\u1ecf n\u1eb1m G400 mang l\u1ea1i cho b\u1ea1n nh\u1eefng l\u1ee3i \u00edch g\u00ec ?\u00a0<\/strong><\/span><\/h2>\n<ul>\n<li><span style=\"color: #000000\">Cho n\u0103ng su\u1ea5t cao m\u00e0 kh\u00f4ng m\u1ea5t nhi\u1ec1u th\u1eddi gian v\u00e0 c\u00f4ng s\u1ee9c\u00a0<\/span><\/li>\n<li><span style=\"color: #000000\">Th\u00e0nh ph\u1ea9m sau khi b\u0103m c\u00f3 th\u1ec3 cho v\u1eadt nu\u00f4i d\u00f9ng ngay ho\u1eb7c \u1ee7 chua d\u00f9ng d\u1ea7n\u00a0<\/span><\/li>\n<li><span style=\"color: #000000\">T\u1ea5m ch\u1eafn c\u1eeda x\u1ea3 gi\u00fap ng\u01b0\u1eddi d\u00f9ng c\u00f3 th\u1ec3 t\u1ef1 \u0111i\u1ec1u ch\u1ec9nh h\u01b0\u1edbng phun c\u1ecf \u0111\u1ebfn v\u1ecb tr\u00ed mong mu\u1ed1n m\u00e0 kh\u00f4ng m\u1ea5t nhi\u1ec1u th\u1eddi gian thu gom nguy\u00ean li\u1ec7u.\u00a0<\/span><\/li>\n<\/ul>\n<p><img loading=\"lazy\" decoding=\"async\" class=\"size-full wp-image-6751 aligncenter\" src=\"https:\/\/congtybinhminh.com\/wp-content\/uploads\/2021\/12\/may-bam-co-g400-2.jpg\" alt=\"may-bam-co-g400\" width=\"800\" height=\"600\" srcset=\"https:\/\/congtybinhminh.com\/wp-content\/uploads\/2021\/12\/may-bam-co-g400-2.jpg 800w, https:\/\/congtybinhminh.com\/wp-content\/uploads\/2021\/12\/may-bam-co-g400-2-510x383.jpg 510w, https:\/\/congtybinhminh.com\/wp-content\/uploads\/2021\/12\/may-bam-co-g400-2-533x400.jpg 533w, https:\/\/congtybinhminh.com\/wp-content\/uploads\/2021\/12\/may-bam-co-g400-2-768x576.jpg 768w\" sizes=\"auto, (max-width: 800px) 100vw, 800px\" \/><\/p>\n<ul>\n<li><span style=\"color: #000000\">B\u0103m \u0111\u01b0\u1ee3c t\u1ed1i \u0111a nguy\u00ean li\u1ec7u kh\u00f4ng g\u00e2y l\u00e3ng ph\u00ed th\u1ee9c \u0103n\u00a0<\/span><\/li>\n<li><span style=\"color: #000000\">Thi\u1ebft k\u1ebf c\u00f3 b\u00e1nh xe thu\u1eadn ti\u1ec7n di chuy\u1ec3n v\u1ecb tr\u00ed \u0111\u1eb7t m\u00e1y\u00a0<\/span><\/li>\n<\/ul>\n<p><img loading=\"lazy\" decoding=\"async\" class=\"aligncenter wp-image-9226 size-full\" src=\"https:\/\/congtybinhminh.com\/wp-content\/uploads\/2021\/12\/may-bam-co-cong-nghiep_result222.webp\" alt=\"may-bam-co-cong-nghiep_result222\" width=\"800\" height=\"876\" srcset=\"https:\/\/congtybinhminh.com\/wp-content\/uploads\/2021\/12\/may-bam-co-cong-nghiep_result222.webp 800w, https:\/\/congtybinhminh.com\/wp-content\/uploads\/2021\/12\/may-bam-co-cong-nghiep_result222-510x558.webp 510w, https:\/\/congtybinhminh.com\/wp-content\/uploads\/2021\/12\/may-bam-co-cong-nghiep_result222-365x400.webp 365w, https:\/\/congtybinhminh.com\/wp-content\/uploads\/2021\/12\/may-bam-co-cong-nghiep_result222-731x800.webp 731w, https:\/\/congtybinhminh.com\/wp-content\/uploads\/2021\/12\/may-bam-co-cong-nghiep_result222-768x841.webp 768w\" sizes=\"auto, (max-width: 800px) 100vw, 800px\" \/><\/p>\n<p><span style=\"color: #000000\">B\u00ean c\u1ea1nh d\u00f2ng m\u00e1y G400 m\u1edbi th\u00ec c\u00f4ng ty B\u00ecnh Minh c\u00f2n c\u00f3 d\u00f2ng <\/span><span style=\"color: #0000ff\"><strong><a style=\"color: #0000ff\" href=\"https:\/\/congtybinhminh.com\/sp\/may-bam-co-cong-nghiep-4t\/\">m\u00e1y b\u0103m c\u1ecf c\u00f4ng nghi\u1ec7p 4T <\/a><\/strong><\/span><span style=\"color: #000000\">\u00a0\u0111\u01b0\u1ee3c thi\u1ebft k\u1ebf b\u0103ng t\u1ea3i hi\u1ec7n \u0111\u1ea1i c\u00f9ng c\u1ed5 cao, \u0111\u00e1p \u1ee9ng nhu c\u1ea7u phun th\u1eb3ng nguy\u00ean li\u1ec7u b\u0103m v\u00e0o th\u00f9ng ch\u1ee9a c\u1ee7a nhi\u1ec1u kh\u00e1ch h\u00e0ng<\/span><\/p>\n<h2>\u0110\u1ecba ch\u1ec9 mua m\u00e1y b\u0103m c\u1ecf ch\u00ednh h\u00e3ng<\/h2>\n<p>C\u00f4ng ty B\u00ecnh Minh &#8211; \u0111\u01a1n v\u1ecb tr\u1ef1c ti\u1ebfp ch\u1ebf t\u1ea1o m\u00e1y b\u0103m c\u1ecf t\u1ea1i H\u00e0 N\u1ed9i v\u1edbi cam k\u1ebft h\u00e0ng m\u1edbi ch\u00ednh h\u00e3ng 100% &#8211; kh\u00f4ng qua \u0111\u1ea1i l\u00fd trung gian<\/p>\n<p><img loading=\"lazy\" decoding=\"async\" class=\"aligncenter wp-image-9225 size-full\" src=\"https:\/\/congtybinhminh.com\/wp-content\/uploads\/2021\/12\/mua-may-bam-co-cho-bo_result222.webp\" alt=\"mua-may-bam-co-cho-bo_result222\" width=\"800\" height=\"734\" srcset=\"https:\/\/congtybinhminh.com\/wp-content\/uploads\/2021\/12\/mua-may-bam-co-cho-bo_result222.webp 800w, https:\/\/congtybinhminh.com\/wp-content\/uploads\/2021\/12\/mua-may-bam-co-cho-bo_result222-510x468.webp 510w, https:\/\/congtybinhminh.com\/wp-content\/uploads\/2021\/12\/mua-may-bam-co-cho-bo_result222-436x400.webp 436w, https:\/\/congtybinhminh.com\/wp-content\/uploads\/2021\/12\/mua-may-bam-co-cho-bo_result222-768x705.webp 768w\" sizes=\"auto, (max-width: 800px) 100vw, 800px\" \/><\/p>\n<p>\u0110\u1ec3 \u0111\u1eb7t mua h\u00e0ng ch\u00ednh h\u00e3ng, b\u00e0 con c\u00f3 th\u1ec3 \u0111\u1ebfn tr\u1ee5 s\u1edf g\u1ea7n nh\u1ea5t c\u1ee7a c\u00f4ng ty \u0111\u1ec3 xem v\u00e0 \u0111\u1eb7t mua h\u00e0ng:<\/p>\n<ul>\n<li>Tr\u1ee5 s\u1edf ch\u00ednh: L\u00ea L\u1ee3i &#8211; Tx S\u01a1n T\u00e2y &#8211; H\u00e0 N\u1ed9i<\/li>\n<li>Chi nh\u00e1nh 1: kv 11 &#8211; P. H\u01b0ng Ph\u00fa &#8211; Q. C\u00e1i R\u0103ng &#8211; Tp C\u1ea7n Th\u01a1<\/li>\n<li>Chi nh\u00e1nh 2: x\u00e3 T\u00e2n Ki\u00ean &#8211; H. B\u00ecnh Ch\u00e1nh &#8211; TP H\u1ed3 Ch\u00ed Minh<\/li>\n<\/ul>\n<p>Khi \u0111\u1ebfn \u0111\u00e2y, b\u00e0 con c\u00f3 th\u1ec3 tr\u1ea3i nghi\u1ec7m v\u1eadn h\u00e0nh m\u00e1y d\u01b0\u1edbi s\u1ef1 h\u01b0\u1edbng d\u1eabn c\u1ee7a \u0111\u1ed9i ng\u0169 k\u1ef9 thu\u1eadt<\/p>\n<p>\u0110\u1ed1i v\u1edbi b\u00e0 con \u1edf xa, c\u00f3 th\u1ec3 li\u00ean h\u1ec7 t\u1edbi s\u1ed1 \u0111i\u1ec7n tho\u1ea1i Hotline tr\u00ean website ho\u1eb7c \u0111\u1ec3 l\u1ea1i l\u1eddi nh\u1eafn ph\u1ea7n \u0111\u1ed9i ng\u0169 t\u01b0 v\u1ea5n s\u1ebd li\u00ean h\u1ec7 t\u1edbi b\u00e0 con trong th\u1eddi gian s\u1edbm nh\u1ea5t<\/p>\n<p><strong><span style=\"color: #000000\">Th\u00f4ng s\u1ed1 k\u1ef9 thu\u1eadt<\/span><\/strong><\/p>\n<table border=\"1\" cellspacing=\"1\" cellpadding=\"1\">\n<tbody>\n<tr>\n<td colspan=\"1\" rowspan=\"3\">\u0110\u1ed9ng c\u01a1<\/td>\n<td>C\u00f4ng su\u1ea5t \u0111\u1ed9ng c\u01a1<\/td>\n<td>11 kw<\/td>\n<\/tr>\n<tr>\n<td>Ngu\u1ed3n \u0111i\u1ec7n<\/td>\n<td>380 (V)<\/td>\n<\/tr>\n<tr>\n<td>T\u1ed1c \u0111\u1ed9<\/td>\n<td>1450 (V\/P)<\/td>\n<\/tr>\n<tr>\n<td colspan=\"1\" rowspan=\"2\">Tr\u1ecdng l\u01b0\u1ee3ng m\u00e1y<\/td>\n<td>Nguy\u00ean b\u1ed9<\/td>\n<td>kg<\/td>\n<\/tr>\n<tr>\n<td>Kh\u00f4ng \u0111\u1ed9ng c\u01a1<\/td>\n<td>186 kg<\/td>\n<\/tr>\n<tr>\n<td colspan=\"1\" rowspan=\"2\">B\u1ea3o h\u00e0nh<\/td>\n<td>K\u1ef9 thu\u1eadt<\/td>\n<td>06 th\u00e1ng<\/td>\n<\/tr>\n<tr>\n<td>\u0110\u1ed9ng c\u01a1<\/td>\n<td>Theo t\u1eebng h\u00e3ng s\u1ea3n xu\u1ea5t<\/td>\n<\/tr>\n<tr>\n<td>N\u0103ng su\u1ea5t<\/td>\n<td colspan=\"2\" rowspan=\"1\">3 &#8211; 4 t\u1ea5n\/gi\u1edd<\/td>\n<\/tr>\n<tr>\n<td>K\u00edch th\u01b0\u1edbc (D*C*R)<\/td>\n<td colspan=\"2\" rowspan=\"1\">220*100*67 cm<\/td>\n<\/tr>\n<tr>\n<td>H\u00ecnh th\u1ee9c thanh to\u00e1n<\/td>\n<td colspan=\"2\" rowspan=\"1\">Ti\u1ec1n m\u1eb7t ho\u1eb7c chuy\u1ec3n kho\u1ea3n<\/td>\n<\/tr>\n<\/tbody>\n<\/table>\n","protected":false},"excerpt":{"rendered":"<ul>\n<li><strong><span style=\"color: #ff0000\">C\u00f4ng su\u1ea5t \u0111\u1ed9ng c\u01a1<\/span>: <\/strong>7,5kW &#8211; 11kw<\/li>\n<li><strong><span style=\"color: #ff0000\">T\u1ed1c \u0111\u1ed9<\/span>:<\/strong>\u00a01450 v\/p<\/li>\n<li><strong><span style=\"color: #ff0000\">Ngu\u1ed3n \u0111i\u1ec7n<\/span>:<\/strong>\u00a0380V<\/li>\n<li><strong><span style=\"color: #ff0000\">N\u0103ng su\u1ea5t<\/span>:<\/strong> 3 \u2013 4 T\u1ea5n\/gi\u1edd<\/li>\n<li><strong><span style=\"color: #ff0000\">T\u00ednh n\u0103ng<\/span>:<\/strong>\u00a0Chuy\u00ean d\u00f9ng b\u0103m nh\u1ecf c\u00e1c lo\u1ea1i c\u1ecf l\u00e0m th\u1ee9c \u0103n cho gia s\u00fac \u2013 gia c<span style=\"color: #000000\">\u1ea7m nh\u01b0: c\u1ecf voi, c\u1ecf s\u1ea3, th\u00e2n c\u00e2y ng<\/span>\u00f4\u2026<\/li>\n<li><span style=\"color: #000000\"><strong><span style=\"color: #ed1c24\">Tr\u1ecdng l\u01b0\u1ee3ng<\/span><\/strong>: 186kg (Kh\u00f4ng \u0111\u1ed9ng c\u01a1)<\/span><\/li>\n<li><span style=\"color: #000000\"><strong><span style=\"color: #ed1c24\">K\u00edch th\u01b0\u1edbc (D*C*R)<\/span><\/strong>: 220*100*67 cm<\/span><\/li>\n<\/ul>\n","protected":false},"featured_media":9365,"comment_status":"closed","ping_status":"closed","template":"","meta":[],"product_brand":[],"product_cat":[40],"product_tag":[79,45,60,107,108],"class_list":{"0":"post-6632","1":"product","2":"type-product","3":"status-publish","4":"has-post-thumbnail","6":"product_cat-may-bam-co","7":"product_tag-may-bam-co","8":"product_tag-may-bam-co-binh-minh","9":"product_tag-may-bam-co-co-bang-tai","10":"product_tag-may-bam-co-nam-ngang","11":"product_tag-may-bam-co-nang-suat-cao","13":"first","14":"instock","15":"shipping-taxable","16":"product-type-simple"},"_links":{"self":[{"href":"https:\/\/congtybinhminh.com\/index.php?rest_route=\/wp\/v2\/product\/6632","targetHints":{"allow":["GET"]}}],"collection":[{"href":"https:\/\/congtybinhminh.com\/index.php?rest_route=\/wp\/v2\/product"}],"about":[{"href":"https:\/\/congtybinhminh.com\/index.php?rest_route=\/wp\/v2\/types\/product"}],"replies":[{"embeddable":true,"href":"https:\/\/congtybinhminh.com\/index.php?rest_route=%2Fwp%2Fv2%2Fcomments&post=6632"}],"wp:featuredmedia":[{"embeddable":true,"href":"https:\/\/congtybinhminh.com\/index.php?rest_route=\/wp\/v2\/media\/9365"}],"wp:attachment":[{"href":"https:\/\/congtybinhminh.com\/index.php?rest_route=%2Fwp%2Fv2%2Fmedia&parent=6632"}],"wp:term":[{"taxonomy":"product_brand","embeddable":true,"href":"https:\/\/congtybinhminh.com\/index.php?rest_route=%2Fwp%2Fv2%2Fproduct_brand&post=6632"},{"taxonomy":"product_cat","embeddable":true,"href":"https:\/\/congtybinhminh.com\/index.php?rest_route=%2Fwp%2Fv2%2Fproduct_cat&post=6632"},{"taxonomy":"product_tag","embeddable":true,"href":"https:\/\/congtybinhminh.com\/index.php?rest_route=%2Fwp%2Fv2%2Fproduct_tag&post=6632"}],"curies":[{"name":"wp","href":"https:\/\/api.w.org\/{rel}","templated":true}]}}