{"id":6621,"date":"2021-12-15T16:18:30","date_gmt":"2021-12-15T09:18:30","guid":{"rendered":"https:\/\/congtybinhminh.com\/?post_type=product&#038;p=6621"},"modified":"2024-02-19T14:52:47","modified_gmt":"2024-02-19T07:52:47","slug":"may-bam-co-nghien-1t","status":"publish","type":"product","link":"https:\/\/congtybinhminh.com\/?product=may-bam-co-nghien-1t","title":{"rendered":"M\u00e1y b\u0103m c\u1ecf nghi\u1ec1n 1T"},"content":{"rendered":"<h2><strong><span style=\"color: #000000\">Video ho\u1ea1t \u0111\u1ed9ng c\u1ee7a m\u00e1y\u00a0<\/span><\/strong><\/h2>\n<p><iframe loading=\"lazy\" title=\"Gi\u1edbi Thi\u1ec7u M\u00e1y B\u0103m C\u1ecf Nghi\u1ec1n 1T Phi\u00ean B\u1ea3n M\u1edbi 2022\" width=\"1020\" height=\"574\" src=\"https:\/\/www.youtube.com\/embed\/CHY97LMZWuw?feature=oembed\" frameborder=\"0\" allow=\"accelerometer; autoplay; clipboard-write; encrypted-media; gyroscope; picture-in-picture; web-share\" allowfullscreen><\/iframe><\/p>\n<h2><strong>Gi\u1edbi thi\u1ec7u m\u00e1y b\u0103m c\u1ecf nghi\u1ec1n 1T<\/strong><\/h2>\n<p><span style=\"color: #000000\">Nhu c\u1ea7u t\u00ecm ki\u1ebfm c\u00e1c d\u00f2ng m\u00e1y ch\u0103n nu\u00f4i hi\u1ec7n \u0111\u1ea1i c\u1ee7a b\u00e0 con ng\u00e0y c\u00e0ng nhi\u1ec1u. Th\u1ea5u hi\u1ec3u \u0111\u01b0\u1ee3c \u0111i\u1ec1u \u0111\u00f3, C\u00f4ng ty B\u00ecnh Minh \u0111\u00e3 kh\u00f4ng ng\u1eebng nghi\u00ean c\u1ee9u, ch\u1ebf t\u1ea1o v\u00e0 cho ra \u0111\u1eddi c\u00e1c d\u00f2ng m\u00e1y kh\u00e1c nhau. Ph\u1ee5c v\u1ee5 \u0111\u01b0\u1ee3c nhi\u1ec1u mong mu\u1ed1n c\u1ee7a t\u1eebng qu\u00fd kh\u00e1ch h\u00e0ng<\/span><\/p>\n<p><span style=\"color: #000000\">Cu\u1ed1i n\u0103m 2021, c\u00f4ng ty \u0111\u00e3 cho ra m\u1eaft s\u1ea3n ph\u1ea9m m\u00e1y b\u0103m nghi\u1ec1n 1T. M\u00e1y kh\u00f4ng ch\u1ec9 gi\u00fap b\u0103m c\u00e1c lo\u1ea1i c\u1ecf voi, c\u00e2y ng\u00f4, c\u00e2y s\u1eafn,,\u2026 l\u00e0m th\u1ee9c \u0103n t\u01b0\u01a1i ho\u1eb7c \u1ee7 chua d\u1ef1 tr\u1eef m\u00e0 c\u00f2n c\u00f3 th\u1ec3 nghi\u1ec1n c\u00e1c lo\u1ea1i ng\u00f4, th\u00f3c, khoai, s\u1eafn,\u2026gi\u00fap b\u00e0 con b\u1ed5 sung th\u00eam tinh b\u1ed9t v\u00e0 c\u00e1c ch\u1ea5t dinh d\u01b0\u1ee1ng kh\u00e1c cho v\u1eadt nu\u00f4i.<\/span><\/p>\n<p><img loading=\"lazy\" decoding=\"async\" class=\"size-full wp-image-6622 aligncenter\" src=\"https:\/\/congtybinhminh.com\/wp-content\/uploads\/2021\/12\/may-bam-co-nghien-1t-4.jpg\" alt=\"may-bam-co-nghien-1t-4\" width=\"800\" height=\"600\" srcset=\"https:\/\/congtybinhminh.com\/wp-content\/uploads\/2021\/12\/may-bam-co-nghien-1t-4.jpg 800w, https:\/\/congtybinhminh.com\/wp-content\/uploads\/2021\/12\/may-bam-co-nghien-1t-4-510x383.jpg 510w, https:\/\/congtybinhminh.com\/wp-content\/uploads\/2021\/12\/may-bam-co-nghien-1t-4-533x400.jpg 533w, https:\/\/congtybinhminh.com\/wp-content\/uploads\/2021\/12\/may-bam-co-nghien-1t-4-768x576.jpg 768w\" sizes=\"auto, (max-width: 800px) 100vw, 800px\" \/><\/p>\n<div class=\"block-inner\">\n<div class=\"tab-container\">\n<div id=\"tab-1\" class=\"tab-panel active\">\n<h2><span style=\"color: #000000\"><strong>C\u1ea5u t\u1ea1o c\u1ee7a m\u00e1y b\u0103m c\u1ecf nghi\u1ec1n 1T<\/strong><\/span><\/h2>\n<p><span style=\"color: #000000\">M\u00e1y b\u0103m c\u1ecf nghi\u00ean 1T \u0111\u01b0\u1ee3c thi\u1ebft k\u1ebf v\u1edbi 2 c\u1eeda n\u1ea1p v\u1edbi t\u00ednh n\u0103ng b\u0103m &#8211; nghi\u1ec1n ri\u00eang bi\u1ec7t:\u00a0<\/span><\/p>\n<ul>\n<li><span style=\"color: #000000\">C\u1eeda n\u1ea1p d\u1ea1ng ph\u1ec5u h\u00ecnh vu\u00f4ng: \u0111\u01b0\u1ee3c d\u00f9ng \u0111\u1ec3 nghi\u1ec1n c\u00e1c lo\u1ea1i n\u00f4ng ph\u1ea9m kh\u00f4 nh\u01b0 ng\u00f4 h\u1ea1t, l\u00e1t khoai, s\u1eafn, th\u00f3c, tr\u1ea5u.. Th\u00e0nh ph\u1ea9m sau khi nghi\u1ec1n ra b\u1ed9t c\u00e1m \u0111\u1ed3ng \u0111\u1ec1u, kh\u00f4ng b\u1ecb b\u1ebft d\u00ednh.\u00a0<\/span><\/li>\n<li><span style=\"color: #000000\">C\u1eeda n\u1ea1p ngang: \u0110\u01b0\u1ee3c d\u00f9ng \u0111\u1ec3 b\u0103m c\u00e1c lo\u1ea1i c\u1ecf nh\u01b0: c\u1ecf voi, c\u1ecf x\u1ea3, th\u00e2n c\u00e2y ng\u00f4&#8230; th\u00e0nh ph\u1ea9m sau khi b\u0103m c\u00f3 th\u1ec3 cho v\u1eadt nu\u00f4i d\u00f9ng ngay ho\u1eb7c \u1ee7 chua d\u00f9ng d\u1ea7n.\u00a0<\/span><\/li>\n<\/ul>\n<p><span style=\"color: #000000\">Ph\u1ea7n c\u1eeda x\u1ea3 c\u00faa m\u00e1y \u0111\u01b0\u1ee3c thi\u1ebft k\u1ebf 3 c\u1eeda \u0111\u1ed9c l\u1eadp<\/span><\/p>\n<p><img loading=\"lazy\" decoding=\"async\" class=\"size-full wp-image-6623 aligncenter\" src=\"https:\/\/congtybinhminh.com\/wp-content\/uploads\/2021\/12\/cau-tao-1t.jpg\" alt=\"cau-tao-1t\" width=\"800\" height=\"600\" srcset=\"https:\/\/congtybinhminh.com\/wp-content\/uploads\/2021\/12\/cau-tao-1t.jpg 800w, https:\/\/congtybinhminh.com\/wp-content\/uploads\/2021\/12\/cau-tao-1t-510x383.jpg 510w, https:\/\/congtybinhminh.com\/wp-content\/uploads\/2021\/12\/cau-tao-1t-533x400.jpg 533w, https:\/\/congtybinhminh.com\/wp-content\/uploads\/2021\/12\/cau-tao-1t-768x576.jpg 768w\" sizes=\"auto, (max-width: 800px) 100vw, 800px\" \/><\/p>\n<ul>\n<li><span style=\"color: #000000\">1 c\u1eeda x\u1ea3 tr\u00ean \u0111\u01b0\u1ee3c thi\u1ebft k\u1ebf d\u1ea1ng v\u00f2m chuy\u00ean d\u00f9ng \u0111\u1ec3 x\u1ea3 th\u00e0nh ph\u1ea9m c\u1ecf sau khi b\u0103m, \u0111\u1eb7c bi\u1ebft c\u00f3 th\u1ec3 phun c\u1ecf l\u00ean cao ti\u1ec7n l\u1ee3i cho ng\u01b0\u1eddi d\u00f9ng.\u00a0<\/span><\/li>\n<li><span style=\"color: #000000\">1 c\u1eeda x\u1ea3 d\u01b0\u1edbi \u0111\u1ec3 x\u1ea3 th\u00e0nh ph\u1ea9m d\u1ea1ng b\u1ed9t ( ho\u1eb7c c\u1ecf) b\u00e0 con c\u00f3 th\u1ebb \u0111\u1ea1t ch\u1eadu (x\u00f4) d\u01b0\u1edbi c\u1eeda x\u1ea3 \u0111\u1ec3 thu gom th\u00e0nh ph\u1ea9m tr\u1ef1c ti\u1ebfp.\u00a0<\/span><\/li>\n<li><span style=\"color: #000000\">Ngo\u00e0i ra, m\u00e1y c\u00f2n \u0111\u01b0\u1ee3c thi\u1ebft k\u1ebf th\u00eam 1 c\u1eeda x\u1ea3 ngang c\u00f3 n\u1eafp \u0111\u1eady, c\u00f3 th\u1ec3 th\u00e0nh ph\u1ea9m c\u00f2n s\u00f3t l\u1ea1i trong m\u00e1y.\u00a0<\/span><\/li>\n<\/ul>\n<p><span style=\"color: #000000\">Bu\u1ed3ng dao b\u0103m:<\/span><\/p>\n<ul>\n<li><span style=\"color: #000000\">B\u00ean trong h\u1ec7 th\u1ed1ng bu\u1ed3ng dao b\u0103m g\u1ed3m 6 dao b\u0103m ch\u00ednh, 16 b\u00faa \u0111\u1eadp, 3 \u0111\u0129a \u0111\u00e0 c\u00f9ng m\u1eb7t s\u00e0ng l\u1eafp trong m\u00e1y ho\u1ea1t \u0111\u1ed9ng b\u0103m &#8211; nghi\u1ec1n nh\u1ecf nguy\u00ean li\u1ec7u.\u00a0<\/span><\/li>\n<li><span style=\"color: #000000\">Ngo\u00e0i ra, m\u00e1y c\u00f2n c\u00f3 2 thanh g\u1ea1t gi\u00fap l\u1ea5y to\u00e0n b\u1ed9 th\u00e0nh ph\u1ea9m c\u00f2n s\u00f3t l\u1ea1i trong m\u00e1y d\u1ec5 d\u00e0ng.\u00a0<\/span><\/li>\n<\/ul>\n<p><img loading=\"lazy\" decoding=\"async\" class=\"size-full wp-image-6765 aligncenter\" src=\"https:\/\/congtybinhminh.com\/wp-content\/uploads\/2021\/12\/z3339108388138_0de2202ed207bbd13d6f76efea1b5892.jpg\" alt=\"bam-co-nghien-1t\" width=\"800\" height=\"450\" srcset=\"https:\/\/congtybinhminh.com\/wp-content\/uploads\/2021\/12\/z3339108388138_0de2202ed207bbd13d6f76efea1b5892.jpg 800w, https:\/\/congtybinhminh.com\/wp-content\/uploads\/2021\/12\/z3339108388138_0de2202ed207bbd13d6f76efea1b5892-510x287.jpg 510w, https:\/\/congtybinhminh.com\/wp-content\/uploads\/2021\/12\/z3339108388138_0de2202ed207bbd13d6f76efea1b5892-711x400.jpg 711w, https:\/\/congtybinhminh.com\/wp-content\/uploads\/2021\/12\/z3339108388138_0de2202ed207bbd13d6f76efea1b5892-768x432.jpg 768w\" sizes=\"auto, (max-width: 800px) 100vw, 800px\" \/><\/p>\n<p><strong style=\"font-size: 23.04px;color: #333333\"><span style=\"color: #000000\">\u01afu \u0111i\u1ec3m c\u1ee7a m\u00e1y b\u0103m c\u1ecf nghi\u1ec1n 1T<\/span><\/strong><\/p>\n<\/div>\n<\/div>\n<\/div>\n<p><span style=\"color: #000000\">M\u00e1y \u0111\u01b0\u1ee3c thi\u1ebft k\u1ebf nh\u1ecf g\u1ecdn, ph\u00f9 h\u1ee3p v\u1edbi c\u00e1c h\u1ed9 ch\u0103n nu\u00f4i v\u1eeba v\u00e0 nh\u1ecf.<\/span><\/p>\n<p><span style=\"color: #000000\">Kh\u1ea3 n\u0103ng b\u0103m nghi\u1ec1n \u0111a n\u0103ng gi\u00fap b\u00e0 con ti\u1ebft ki\u1ec7m \u0111\u01b0\u1ee3c nhi\u1ec1u th\u1eddi gian v\u00e0 chi ph\u00ed \u0111\u1ea7u t\u01b0 c\u00e1c lo\u1ea1i m\u00e1y m\u00f3c b\u0103m, nghi\u1ec1n kh\u00e1c nhau.<\/span><\/p>\n<p><span style=\"color: #000000\">\u0110\u1eb7c bi\u1ec7t khi mua m\u00e1y qu\u00fd kh\u00e1ch s\u1ebd \u0111\u01b0\u1ee3c t\u1eb7ng k\u00e8m 3 s\u00e0ng s\u1eed d\u1ee5ng cho c\u00e1c nguy\u00ean li\u1ec7u kh\u00e1c nhau. 1 s\u00e0ng l\u1ed7 4 ly, 1 s\u00e0ng 50 ly v\u00e0 1 s\u00e0ng k\u00edn<\/span><\/p>\n<p><img loading=\"lazy\" decoding=\"async\" class=\"size-full wp-image-6624 aligncenter\" src=\"https:\/\/congtybinhminh.com\/wp-content\/uploads\/2021\/12\/nguyen-lieu-1t.jpg\" alt=\"nguyen-lieu-1t\" width=\"800\" height=\"600\" srcset=\"https:\/\/congtybinhminh.com\/wp-content\/uploads\/2021\/12\/nguyen-lieu-1t.jpg 800w, https:\/\/congtybinhminh.com\/wp-content\/uploads\/2021\/12\/nguyen-lieu-1t-510x383.jpg 510w, https:\/\/congtybinhminh.com\/wp-content\/uploads\/2021\/12\/nguyen-lieu-1t-533x400.jpg 533w, https:\/\/congtybinhminh.com\/wp-content\/uploads\/2021\/12\/nguyen-lieu-1t-768x576.jpg 768w\" sizes=\"auto, (max-width: 800px) 100vw, 800px\" \/><\/p>\n<p><span style=\"color: #000000\">M\u00e1y s\u1eed d\u1ee5ng \u0111\u1ed9ng c\u01a1 l\u00f5i \u0111\u1ed3ng 3.5kW m\u1ea1nh m\u1ebd \u0111\u1ea3m b\u1ea3o m\u00e1y ho\u1ea1t \u0111\u1ed9ng t\u1ed1t, b\u1ec1n b\u1ec9.<\/span><\/p>\n<p><span style=\"color: #000000\">S\u1ea3n ph\u1ea9m b\u0103m, nghi\u1ec1n nh\u1ecf gi\u00fap cho h\u1ec7 ti\u00eau h\u00f3a c\u1ee7a v\u1eadt nu\u00f4i d\u1ec5 d\u00e0ng h\u1ea5p th\u1ee5 ngu\u1ed3n dinh d\u01b0\u1ee1ng trong th\u1ee9c \u0103n, t\u0103ng kh\u1ea3 n\u0103ng mi\u1ec5n d\u1ecbch, gia s\u00fac, gia c\u1ea7m s\u1ebd nhanh l\u1edbn, ch\u1ea5t l\u01b0\u1ee3ng th\u1ecbt \u0111\u01b0\u1ee3c n\u00e2ng cao. Ngo\u00e0i ra, nguy\u00ean li\u1ec7u \u0111\u01b0\u1ee3c b\u0103m, nghi\u1ec1n nh\u1ecf ra c\u00f3 th\u1ec3 \u1ee7 l\u00e0m ph\u00e2n b\u00f3n cho c\u00e2y tr\u1ed3ng.<\/span><\/p>\n<p><strong><span style=\"color: #000000\">Th\u00f4ng s\u1ed1 k\u1ef9 thu\u1eadt<\/span><\/strong><\/p>\n<table border=\"1\" cellspacing=\"1\" cellpadding=\"1\">\n<tbody>\n<tr>\n<td colspan=\"1\" rowspan=\"3\">\u0110\u1ed9ng c\u01a1<\/td>\n<td>C\u00f4ng su\u1ea5t \u0111\u1ed9ng c\u01a1<\/td>\n<td>3.5kw<\/td>\n<\/tr>\n<tr>\n<td>Ngu\u1ed3n \u0111i\u1ec7n<\/td>\n<td>220 V<\/td>\n<\/tr>\n<tr>\n<td>T\u1ed1c \u0111\u1ed9<\/td>\n<td>2900 v\/p<\/td>\n<\/tr>\n<tr>\n<td colspan=\"1\" rowspan=\"2\">Tr\u1ecdng l\u01b0\u1ee3ng m\u00e1y<\/td>\n<td>Nguy\u00ean b\u1ed9<\/td>\n<td>\u00a0Kg<\/td>\n<\/tr>\n<tr>\n<td>Kh\u00f4ng \u0111\u1ed9ng c\u01a1<\/td>\n<td>82 Kg<\/td>\n<\/tr>\n<tr>\n<td colspan=\"1\" rowspan=\"2\">B\u1ea3o h\u00e0nh<\/td>\n<td>K\u1ef9 thu\u1eadt<\/td>\n<td>\u00a006 th\u00e1ng<\/td>\n<\/tr>\n<tr>\n<td>\u0110\u1ed9ng c\u01a1<\/td>\n<td>Theo h\u00e3ng s\u1ea3n xu\u1ea5t<\/td>\n<\/tr>\n<tr>\n<td>N\u0103ng su\u1ea5t<\/td>\n<td colspan=\"2\" rowspan=\"1\">B\u0103m: 500 &#8211; 700 (kg\/gi\u1edd)<\/p>\n<p>Nghi\u1ec1n: 100 &#8211; 150 (kg\/gi\u1edd)<\/td>\n<\/tr>\n<tr>\n<td>K\u00edch th\u01b0\u1edbc (D*C*R)<\/td>\n<td colspan=\"2\" rowspan=\"1\">87*172*90 cm<\/td>\n<\/tr>\n<tr>\n<td>H\u00ecnh th\u1ee9c thanh to\u00e1n<\/td>\n<td colspan=\"2\" rowspan=\"1\">Ti\u1ec1n m\u1eb7t ho\u1eb7c chuy\u1ec3n kho\u1ea3n<\/td>\n<\/tr>\n<\/tbody>\n<\/table>\n<p><span style=\"color: #000000\">Ngo\u00e0i ra, b\u00e0 con c\u00f2n c\u00f3 th\u1ec3 tham kh\u1ea3o <a href=\"https:\/\/congtybinhminh.com\/sp\/may-bam-co-nghien-g250\/\"><strong><span style=\"color: #0000ff\">m\u00e1y b\u0103m c\u1ecf nghi\u1ec1n G250<\/span><\/strong><\/a>, d\u00f2ng s\u1ea3n ph\u1ea9m m\u1edbi nh\u1ea5t c\u1ee7a c\u00f4ng ty B\u00ecnh Minh. Gi\u00fap b\u0103m c\u1ecf v\u1edbi h\u1ec7 th\u1ed1ng b\u0103ng t\u1ea3i v\u00e0 nghi\u1ec1n ng\u00f4 c\u00f3 b\u1ea7u h\u00fat r\u1ea5t hi\u1ec7n \u0111\u1ea1i<\/span><\/p>\n<p><img loading=\"lazy\" decoding=\"async\" class=\"size-full wp-image-6733 aligncenter\" src=\"https:\/\/congtybinhminh.com\/wp-content\/uploads\/2022\/04\/Slide2.jpg\" alt=\"g250\" width=\"800\" height=\"600\" srcset=\"https:\/\/congtybinhminh.com\/wp-content\/uploads\/2022\/04\/Slide2.jpg 800w, https:\/\/congtybinhminh.com\/wp-content\/uploads\/2022\/04\/Slide2-510x383.jpg 510w, https:\/\/congtybinhminh.com\/wp-content\/uploads\/2022\/04\/Slide2-533x400.jpg 533w, https:\/\/congtybinhminh.com\/wp-content\/uploads\/2022\/04\/Slide2-768x576.jpg 768w\" sizes=\"auto, (max-width: 800px) 100vw, 800px\" \/><\/p>\n<p>&nbsp;<\/p>\n","protected":false},"excerpt":{"rendered":"<ul>\n<li><span style=\"color: #000000\"><strong><span style=\"color: #ed1c24\">Th\u01b0\u01a1ng hi\u1ec7u<\/span><\/strong>: B\u00ecnh Minh<\/span><\/li>\n<li><span style=\"color: #000000\"><strong><span style=\"color: #ed1c24\">C\u00f4ng su\u1ea5t \u0111\u1ed9ng c\u01a1<\/span><\/strong>: 3.5kW<\/span><\/li>\n<li><span style=\"color: #000000\"><strong><span style=\"color: #ed1c24\">\u0110i\u1ec7n n\u0103ng<\/span><\/strong>: 220V<\/span><\/li>\n<li><span style=\"color: #000000\"><strong><span style=\"color: #ed1c24\">T\u00ednh n\u0103ng<\/span><\/strong>: B\u0103m c\u1ecf voi, th\u00e2n c\u00e2y ng\u00f4, rau b\u00e8o, \u2026 v\u00e0 nghi\u1ec1n ng\u00f4, khoai, s\u1eafn\u2026 th\u00e0nh b\u1ed9t c\u00e1m<\/span><\/li>\n<li><span style=\"color: #000000\"><strong><span style=\"color: #ed1c24\">Tr\u1ecdng l\u01b0\u1ee3ng<\/span><\/strong>: 82Kg (Kh\u00f4ng \u0111\u1ed9ng c\u01a1)<\/span><\/li>\n<li><span style=\"color: #000000\"><strong><span style=\"color: #ed1c24\">K\u00edch th\u01b0\u1edbc (D*C*R)<\/span><\/strong>: 87*172*90 cm<\/span><\/li>\n<\/ul>\n","protected":false},"featured_media":6626,"comment_status":"closed","ping_status":"closed","template":"","meta":[],"product_brand":[],"product_cat":[40],"product_tag":[105,79,106,104,103],"class_list":{"0":"post-6621","1":"product","2":"type-product","3":"status-publish","4":"has-post-thumbnail","6":"product_cat-may-bam-co","7":"product_tag-may-1-t","8":"product_tag-may-bam-co","9":"product_tag-may-bam-da-nang","10":"product_tag-may-bam-nghien","11":"product_tag-may-co-cao","13":"first","14":"instock","15":"shipping-taxable","16":"product-type-simple"},"_links":{"self":[{"href":"https:\/\/congtybinhminh.com\/index.php?rest_route=\/wp\/v2\/product\/6621","targetHints":{"allow":["GET"]}}],"collection":[{"href":"https:\/\/congtybinhminh.com\/index.php?rest_route=\/wp\/v2\/product"}],"about":[{"href":"https:\/\/congtybinhminh.com\/index.php?rest_route=\/wp\/v2\/types\/product"}],"replies":[{"embeddable":true,"href":"https:\/\/congtybinhminh.com\/index.php?rest_route=%2Fwp%2Fv2%2Fcomments&post=6621"}],"wp:featuredmedia":[{"embeddable":true,"href":"https:\/\/congtybinhminh.com\/index.php?rest_route=\/wp\/v2\/media\/6626"}],"wp:attachment":[{"href":"https:\/\/congtybinhminh.com\/index.php?rest_route=%2Fwp%2Fv2%2Fmedia&parent=6621"}],"wp:term":[{"taxonomy":"product_brand","embeddable":true,"href":"https:\/\/congtybinhminh.com\/index.php?rest_route=%2Fwp%2Fv2%2Fproduct_brand&post=6621"},{"taxonomy":"product_cat","embeddable":true,"href":"https:\/\/congtybinhminh.com\/index.php?rest_route=%2Fwp%2Fv2%2Fproduct_cat&post=6621"},{"taxonomy":"product_tag","embeddable":true,"href":"https:\/\/congtybinhminh.com\/index.php?rest_route=%2Fwp%2Fv2%2Fproduct_tag&post=6621"}],"curies":[{"name":"wp","href":"https:\/\/api.w.org\/{rel}","templated":true}]}}