{"id":6600,"date":"2021-12-10T15:10:03","date_gmt":"2021-12-10T08:10:03","guid":{"rendered":"https:\/\/congtybinhminh.com\/?post_type=product&#038;p=6600"},"modified":"2022-07-02T17:13:35","modified_gmt":"2022-07-02T10:13:35","slug":"may-bam-co-1t-phien-ban-2021","status":"publish","type":"product","link":"https:\/\/congtybinhminh.com\/?product=may-bam-co-1t-phien-ban-2021","title":{"rendered":"M\u00e1y b\u0103m c\u1ecf 1T phi\u00ean b\u1ea3n 2021"},"content":{"rendered":"<p><strong>Xem video tr\u1ef1c ti\u1ebfp t\u1ea1i \u0111\u00e2y:<\/strong><\/p>\n<p><iframe loading=\"lazy\" title=\"YouTube video player\" src=\"https:\/\/www.youtube.com\/embed\/H5MwUId3eeQ\" width=\"100%\" height=\"480px\" frameborder=\"0\" allowfullscreen=\"allowfullscreen\"><span data-mce-type=\"bookmark\" style=\"display: inline-block; width: 0px; overflow: hidden; line-height: 0;\" class=\"mce_SELRES_start\">\ufeff<\/span><\/iframe><\/p>\n<p><span style=\"color: #000000;\">\u0110\u01b0\u1ee3c c\u1ea3i ti\u1ebfn t\u1eeb d\u00f2ng m\u00e1y b\u0103m c\u1ecf 1T c\u0169, phi\u00ean b\u1ea3n m\u00e1y b\u0103m c\u1ecf 1T 2021 h\u1ee9a h\u1eb9n s\u1ebd l\u00e0 1 trong nh\u1eefng d\u00f2ng m\u00e1y chi\u1ebfn l\u01b0\u1ee3c v\u00e0 th\u1ef1c s\u1ef1 h\u1eefu \u00edch c\u1ee7a c\u00f4ng ty B\u00ecnh Minh<\/span><\/p>\n<p><span style=\"color: #000000;\">Nhu c\u1ea7u s\u1eed d\u1ee5ng m\u00e1y b\u0103m c\u1ecf c\u1ee7a b\u00e0 con ch\u0103n nu\u00f4i l\u00e0 v\u00f4 c\u00f9ng \u0111a d\u1ea1ng. C\u00f3 nhi\u1ec1u n\u01a1i vi\u1ec7c l\u1eafp \u0111\u1eb7t ngu\u1ed3n \u0111i\u1ec7n 3 pha l\u00e0 kh\u00e1 kh\u00f3 kh\u0103n nh\u01b0ng b\u00e0 con l\u1ea1i v\u1eabn mu\u1ed1n t\u00ecm ki\u1ebfm 1 d\u00f2ng m\u00e1y b\u0103m c\u1ecf cho n\u0103ng su\u1ea5t \u1ed5n \u0111\u1ecbnh. L\u1eafng nghe \u0111\u01b0\u1ee3c nh\u1eefng mong mu\u1ed1n c\u1ee7a b\u00e0 con, c\u00f4ng ty B\u00ecnh Minh \u0111\u00e3 nghi\u00ean c\u1ee9u v\u00e0 ch\u1ebf t\u1ea1o th\u00e0nh c\u00f4ng d\u00f2ng m\u00e1y b\u0103m c\u1ecf 1T phi\u00ean b\u1ea3n 2021 ch\u1ea1y ngu\u1ed3n \u0111i\u1ec7n gia \u0111\u00ecnh 220V nh\u01b0ng v\u1eabn cho n\u0103ng su\u1ea5t \u1ea5n t\u01b0\u1ee3ng l\u00ean \u0111\u1ebfn 700-1000kg\/h \u0111\u00e1p \u1ee9ng \u0111\u01b0\u1ee3c nhi\u1ec1u mong m\u1ecfi c\u1ee7a b\u00e0 con<\/span><\/p>\n<p><img loading=\"lazy\" decoding=\"async\" class=\"size-full wp-image-6601 aligncenter\" src=\"https:\/\/congtybinhminh.com\/wp-content\/uploads\/2021\/12\/web.jpg\" alt=\"web\" width=\"800\" height=\"600\" srcset=\"https:\/\/congtybinhminh.com\/wp-content\/uploads\/2021\/12\/web.jpg 800w, https:\/\/congtybinhminh.com\/wp-content\/uploads\/2021\/12\/web-510x383.jpg 510w, https:\/\/congtybinhminh.com\/wp-content\/uploads\/2021\/12\/web-533x400.jpg 533w, https:\/\/congtybinhminh.com\/wp-content\/uploads\/2021\/12\/web-768x576.jpg 768w\" sizes=\"auto, (max-width: 800px) 100vw, 800px\" \/><\/p>\n<h2><span style=\"color: #000000;\"><strong>C\u1ea5u t\u1ea1o c\u1ee7a m\u00e1y b\u0103m c\u1ecf 1T<\/strong><\/span><\/h2>\n<ul>\n<li><span style=\"color: #000000;\">H\u1ec7 th\u1ed1ng bu\u1ed3ng b\u0103m g\u1ed3m 6 dao b\u0103m 2 l\u01b0\u1ee1i d\u00e0y 7-8ly, chi\u1ec1u d\u00e0i 18cm, chi\u1ec1u r\u1ed9ng 10cm c\u00f9ng 12 b\u00faa \u0111\u1eadp nh\u1ecf, \u0111\u0129a dao d\u00e0y 1cm v\u00e0 c\u00e1nh \u0111\u00e0 6 c\u00e1nh d\u00e0y 8ly<\/span><\/li>\n<li><span style=\"color: #000000;\">Ngo\u00e0i b\u1ed9 ph\u1eadn c\u1eeda x\u1ea3 cao 1m8 , m\u00e1y c\u00f2n c\u00f3 th\u1ec3 x\u1ea3 nguy\u00ean li\u1ec7u xu\u1ed1ng c\u1eeda x\u1ea3 ph\u00eda d\u01b0\u1edbi v\u00e0 c\u1eeda x\u1ea3 ngang, x\u1ea3 tr\u1ef1c ti\u1ebfp v\u00e0o m\u00e1ng \u0103n<\/span><\/li>\n<li><span style=\"color: #000000;\">C\u01a1 ch\u1ebf c\u1ea7u h\u1ed9p s\u1ed1 t\u1ef1 \u0111\u1ed9ng, nguy\u00ean li\u1ec7u s\u1ebd \u0111\u01b0\u1ee3c qu\u1ea3 l\u00f4 k\u1eb9p k\u00e9o, \u0111\u1eadp d\u1eadp r\u1ed3i \u0111i v\u00e0o bu\u1ed3ng b\u0103m<\/span><\/li>\n<li><span style=\"color: #000000;\">M\u00e1y c\u00f3 4 b\u00e1nh xe gi\u00fap di chuy\u1ec3n d\u1ec5 d\u00e0ng<\/span><\/li>\n<\/ul>\n<p><img loading=\"lazy\" decoding=\"async\" class=\"size-full wp-image-6602 aligncenter\" src=\"https:\/\/congtybinhminh.com\/wp-content\/uploads\/2021\/12\/may-bam-co-1t-cau-tao.jpg\" alt=\"may-bam-co-1t-cau-tao\" width=\"800\" height=\"600\" srcset=\"https:\/\/congtybinhminh.com\/wp-content\/uploads\/2021\/12\/may-bam-co-1t-cau-tao.jpg 800w, https:\/\/congtybinhminh.com\/wp-content\/uploads\/2021\/12\/may-bam-co-1t-cau-tao-510x383.jpg 510w, https:\/\/congtybinhminh.com\/wp-content\/uploads\/2021\/12\/may-bam-co-1t-cau-tao-533x400.jpg 533w, https:\/\/congtybinhminh.com\/wp-content\/uploads\/2021\/12\/may-bam-co-1t-cau-tao-768x576.jpg 768w\" sizes=\"auto, (max-width: 800px) 100vw, 800px\" \/><\/p>\n<h2><span style=\"color: #000000;\"><strong>\u01afu \u0111i\u1ec3m v\u01b0\u1ee3t tr\u1ed9i c\u1ee7a m\u00e1y b\u0103m c\u1ecf 1T<\/strong><\/span><\/h2>\n<ul>\n<li><span style=\"color: #000000;\">M\u00e1y s\u1eed d\u1ee5ng ngu\u1ed3n \u0111i\u1ec7n gia \u0111\u00ecnh 220V ph\u00f9 h\u1ee3p v\u1edbi nhi\u1ec1u trang t\u1ea1i v\u00e0 m\u00f4 h\u00ecnh ch\u0103n nu\u00f4i nh\u1ecf v\u1eeba<\/span><\/li>\n<li><span style=\"color: #000000;\">N\u0103ng su\u1ea5t \u1ea5n t\u01b0\u1ee3ng l\u00ean \u0111\u1ebfn 700-800kg\/Gi\u1edd<\/span><\/li>\n<li><span style=\"color: #000000;\">M\u00e1y b\u0103m c\u1ecf 1T\u00a0s\u1ebd c\u00f3 b\u1ed9 ph\u1eadn h\u1ed9p s\u1ed1 c\u00f3 th\u1ec3 \u0111i\u1ec1u ch\u1ec9nh t\u1ed1c \u0111\u1ed9 nhanh, ch\u1eadm ho\u1eb7c k\u00edch th\u01b0\u1edbc ng\u1eafn, d\u00e0i c\u1ee7a c\u1ecf\u00a0v\u00e0\u00a0ph\u1ea7n c\u1eeda x\u1ea3 c\u1eeda m\u00e1y c\u00f3 th\u1ec3 \u0111i\u1ec1u ch\u1ec9nh g\u1eadp l\u00ean xu\u1ed1ng d\u1ec5 d\u00e0ng t\u1ea1o \u0111\u1ed9 phun xa g\u1ea7n.<\/span><\/li>\n<li><span style=\"color: #000000;\">H\u1ec7 th\u1ed1ng \u0111\u01b0a nguy\u00ean li\u1ec7u v\u00e0o g\u1ecdn g\u00e0ng c\u00f9ng \u0111\u00f3 l\u00e0 qu\u1ea3 l\u00f4 cu\u1ed1n kh\u1ecfe kho\u1eafn d\u1eadp n\u00e1t \u0111\u01b0\u1ee3c nguy\u00ean li\u1ec7u c\u1ecf \u0111\u01b0a v\u00e0o m\u00e1y sau \u0111\u00f3 b\u1ed9 dao s\u1eafc b\u00e9n s\u1ebd b\u0103m nh\u1ecf nguy\u00ean li\u1ec7u.<\/span><\/li>\n<li><span style=\"color: #000000;\">C\u1eeda x\u1ea3 c\u00f3 th\u1ec3 phun th\u1eb3ng nguy\u00ean li\u1ec7u sau khi b\u0103m v\u00e0o b\u1ec3 \u1ee7 cao 1 m\u00e9t.<\/span><\/li>\n<li><span style=\"color: #000000;\">Th\u00e0nh ph\u1ea9m \u0111\u1ea7u ra s\u1ebd c\u00f3 k\u00edch th\u01b0\u1edbc t\u1eeb 1 \u2013 3 cm, ph\u00f9 h\u1ee3p cho \u0111\u1ed9ng v\u1eadt nh\u01b0 tr\u00e2u b\u00f2 d\u00ea \u0103n tr\u1ef1c ti\u1ebfp v\u00e0 qu\u00e1 tr\u00ecnh \u1ee7 ph\u00e2n \u0111\u01b0\u1ee3c d\u1ec5 d\u00e0ng h\u01a1n.<\/span><\/li>\n<\/ul>\n<p><img loading=\"lazy\" decoding=\"async\" class=\"size-full wp-image-6603 aligncenter\" src=\"https:\/\/congtybinhminh.com\/wp-content\/uploads\/2021\/12\/may-bam-co-1t-phien-ban-moi-1.jpg\" alt=\"may-bam-co-1t-phien-ban-moi-1\" width=\"800\" height=\"600\" srcset=\"https:\/\/congtybinhminh.com\/wp-content\/uploads\/2021\/12\/may-bam-co-1t-phien-ban-moi-1.jpg 800w, https:\/\/congtybinhminh.com\/wp-content\/uploads\/2021\/12\/may-bam-co-1t-phien-ban-moi-1-510x383.jpg 510w, https:\/\/congtybinhminh.com\/wp-content\/uploads\/2021\/12\/may-bam-co-1t-phien-ban-moi-1-533x400.jpg 533w, https:\/\/congtybinhminh.com\/wp-content\/uploads\/2021\/12\/may-bam-co-1t-phien-ban-moi-1-768x576.jpg 768w\" sizes=\"auto, (max-width: 800px) 100vw, 800px\" \/><\/p>\n<h2><strong><span style=\"color: #000000;\">Th\u00f4ng s\u1ed1 k\u1ef9 thu\u1eadt<\/span><\/strong><\/h2>\n<p><img loading=\"lazy\" decoding=\"async\" class=\"size-full wp-image-6605 aligncenter\" src=\"https:\/\/congtybinhminh.com\/wp-content\/uploads\/2021\/12\/thong-so-1T.jpg\" alt=\"thong-so-1T\" width=\"800\" height=\"490\" srcset=\"https:\/\/congtybinhminh.com\/wp-content\/uploads\/2021\/12\/thong-so-1T.jpg 800w, https:\/\/congtybinhminh.com\/wp-content\/uploads\/2021\/12\/thong-so-1T-510x312.jpg 510w, https:\/\/congtybinhminh.com\/wp-content\/uploads\/2021\/12\/thong-so-1T-653x400.jpg 653w, https:\/\/congtybinhminh.com\/wp-content\/uploads\/2021\/12\/thong-so-1T-768x470.jpg 768w\" sizes=\"auto, (max-width: 800px) 100vw, 800px\" \/><\/p>\n<p><span style=\"color: #000000;\">\u0110\u1ec3 tham kh\u1ea3o th\u00eam v\u1ec1 c\u00e1c d\u00f2ng m\u00e1y b\u0103m c\u1ecf n\u0103ng su\u1ea5t l\u1edbn h\u01a1n c\u1ee7a c\u00f4ng ty B\u00ecnh Minh, m\u1eddi b\u00e0 con t\u00ecm hi\u1ec3u <strong><span style=\"color: #ed1c24;\"><a style=\"color: #ed1c24;\" href=\"https:\/\/congtybinhminh.com\/sp\/tong-hop-cac-dong-may-bam-co-cong-nghiep-duoc-ua-chuong-nhat\/\">T\u1ed5ng h\u1ee3p c\u00e1c m\u1eabu m\u00e1y b\u0103m c\u1ecf \u0111ang \u0111\u01b0\u1ee3c \u01b0a chu\u1ed9ng nh\u1ea5t<\/a><\/span><\/strong><\/span><\/p>\n","protected":false},"excerpt":{"rendered":"<ul>\n<li><span style=\"color: #000000;\"><strong><span style=\"color: #ed1c24;\">T\u1ed1c \u0111\u1ed9<\/span>:<\/strong>\u00a0\u00a01450 v\/p<\/span><\/li>\n<li><span style=\"color: #000000;\"><strong><span style=\"color: #ed1c24;\">\u0110\u1ed9ng c\u01a1<\/span>:\u00a0<\/strong>3kw<\/span><\/li>\n<li><span style=\"color: #000000;\"><strong><span style=\"color: #ed1c24;\">\u0110i\u1ec7n n\u0103ng<\/span>:<\/strong>\u00a0220V<\/span><\/li>\n<li><span style=\"color: #000000;\"><strong><span style=\"color: #ed1c24;\">T\u00ednh n\u0103ng<\/span>:<\/strong>\u00a0M\u00e1y b\u0103m nh\u1ecf c\u00e1c lo\u1ea1i nguy\u00ean li\u1ec7u nh\u01b0 c\u1ecf voi, th\u00e2n c\u00e2y ng\u00f4, c\u1ecf x\u1ea3, ng\u1ecdn m\u00eda, c\u00e2y c\u00e0 gai,\u2026 ph\u1ee5c v\u1ee5 cho ng\u00e0nh ch\u0103n nu\u00f4i.<\/span><\/li>\n<li><span style=\"color: #000000;\"><span style=\"color: #ed1c24;\"><strong>N\u0103ng su\u1ea5t<\/strong><\/span>: 700-1000kg\/Gi\u1edd<\/span><\/li>\n<\/ul>\n","protected":false},"featured_media":6606,"comment_status":"closed","ping_status":"closed","template":"","meta":[],"product_brand":[],"product_cat":[40],"product_tag":[79,55,45,58,80,47,103],"class_list":{"0":"post-6600","1":"product","2":"type-product","3":"status-publish","4":"has-post-thumbnail","6":"product_cat-may-bam-co","7":"product_tag-may-bam-co","8":"product_tag-may-bam-co-1t","9":"product_tag-may-bam-co-binh-minh","10":"product_tag-may-bam-co-co-cao","11":"product_tag-may-bam-co-cong-nghiep","12":"product_tag-may-bam-co-gia-re","13":"product_tag-may-co-cao","15":"first","16":"instock","17":"shipping-taxable","18":"product-type-simple"},"_links":{"self":[{"href":"https:\/\/congtybinhminh.com\/index.php?rest_route=\/wp\/v2\/product\/6600","targetHints":{"allow":["GET"]}}],"collection":[{"href":"https:\/\/congtybinhminh.com\/index.php?rest_route=\/wp\/v2\/product"}],"about":[{"href":"https:\/\/congtybinhminh.com\/index.php?rest_route=\/wp\/v2\/types\/product"}],"replies":[{"embeddable":true,"href":"https:\/\/congtybinhminh.com\/index.php?rest_route=%2Fwp%2Fv2%2Fcomments&post=6600"}],"wp:featuredmedia":[{"embeddable":true,"href":"https:\/\/congtybinhminh.com\/index.php?rest_route=\/wp\/v2\/media\/6606"}],"wp:attachment":[{"href":"https:\/\/congtybinhminh.com\/index.php?rest_route=%2Fwp%2Fv2%2Fmedia&parent=6600"}],"wp:term":[{"taxonomy":"product_brand","embeddable":true,"href":"https:\/\/congtybinhminh.com\/index.php?rest_route=%2Fwp%2Fv2%2Fproduct_brand&post=6600"},{"taxonomy":"product_cat","embeddable":true,"href":"https:\/\/congtybinhminh.com\/index.php?rest_route=%2Fwp%2Fv2%2Fproduct_cat&post=6600"},{"taxonomy":"product_tag","embeddable":true,"href":"https:\/\/congtybinhminh.com\/index.php?rest_route=%2Fwp%2Fv2%2Fproduct_tag&post=6600"}],"curies":[{"name":"wp","href":"https:\/\/api.w.org\/{rel}","templated":true}]}}